{"id":337154,"date":"2026-02-18T13:32:41","date_gmt":"2026-02-18T12:32:41","guid":{"rendered":"https:\/\/www.secondastrada.com\/it\/bermuda-k-way-arancione-tg-l\/"},"modified":"2026-03-02T11:28:57","modified_gmt":"2026-03-02T10:28:57","slug":"bermuda-k-way-arancione-tg-l","status":"publish","type":"product","link":"https:\/\/www.secondastrada.com\/it\/bermuda-k-way-arancione-tg-l\/","title":{"rendered":"Bermuda K-Way Arancione tg.L"},"content":{"rendered":"<p><b>Bermuda K-WAY Arancione da uomo<\/b><br \/>\nIl <b>Bermuda K-WAY<\/b> arancione da uomo \u00e8 pensato per chi ama distinguersi con energia e carattere durante la bella stagione. Questo <b>Bermuda da uomo adatti alla stagione primavera estate<\/b> \u00e8 realizzato in 100% poliamide, un materiale leggero e resistente, ideale per affrontare le giornate dinamiche con comfort e praticit\u00e0.<br \/>\nIl modello presenta <b> tasche, cinturetta nera, bottone e zip<\/b>, dettagli funzionali che donano struttura e personalit\u00e0 al capo. La vestibilit\u00e0 \u00e8 regolare: il modello \u00e8 alto 187 cm e indossa la taglia L. Anche in questo caso parliamo di un pezzo unico di campionario.<br \/>\nPerfetto nel tempo libero di giorno o di sera, puoi abbinarlo a una t-shirt basic o a una felpa leggera per un look sportivo e contemporaneo. Con sneakers pulite completi un outfit equilibrato e versatile.<br \/>\nAcquista in sicurezza su SecondaStrada.com: tutti i prodotti sono originali e accuratamente selezionati. Codice articolo <b>K71436W GI CB<\/b>.<\/p>\n","protected":false},"excerpt":{"rendered":"<p>Bermuda K-WAY Arancione da uomo Il Bermuda K-WAY arancione da uomo \u00e8 pensato per chi ama distinguersi con energia e carattere durante la bella stagione. Questo Bermuda da uomo adatti alla stagione primavera estate \u00e8 realizzato in 100% poliamide, un materiale leggero e resistente, ideale per affrontare le giornate dinamiche con comfort e praticit\u00e0. Il&#8230;<\/p>\n","protected":false},"featured_media":337199,"template":"","meta":{"inline_featured_image":false},"ss_brand":[1291],"ss_promo":[],"ss_season":[2531],"product_cat":[1332,1551,2538,1714],"product_tag":[1953,1993],"class_list":{"0":"post-337154","1":"product","2":"type-product","3":"status-publish","4":"has-post-thumbnail","6":"ss_brand-k-way-uomo","7":"ss_season-pe26","8":"product_cat-abbigliamento-uomo","9":"product_cat-bermuda-da-uomo","10":"product_cat-set-coordinati-da-uomo","11":"product_cat-collezione-uomo","12":"product_tag-campionario","13":"product_tag-nuovi-arrivi-uomo","15":"first","16":"instock","17":"shipping-taxable","18":"purchasable","19":"product-type-variable","20":"has-default-attributes"},"acf":{"ss_brand":[{"term_id":1291,"name":"K-WAY","slug":"k-way-uomo","term_group":0,"term_taxonomy_id":1291,"taxonomy":"ss_brand","description":"Scopri le collezioni di abbigliamento da uomo firmate K-Way disponibili in una pioggia di colori! Risparmia subito con le promozioni e le offerte imbattibili del nostro store online!","parent":1268,"count":75,"filter":"raw"}],"ss_promo":false,"ss_season":[{"term_id":2531,"name":"PE26","slug":"pe26","term_group":0,"term_taxonomy_id":2531,"taxonomy":"ss_season","description":"","parent":0,"count":1148,"filter":"raw"}],"ss_old_price":"110,00","ss_omnibus_price":"0,00","ss_style_advice":"<p><b>Bermuda K-WAY Arancione da uomo<\/b><br \/>\nIl <b>Bermuda K-WAY<\/b> arancione da uomo \u00e8 pensato per chi ama distinguersi con energia e carattere durante la bella stagione. Questo <b>Bermuda da uomo adatti alla stagione primavera estate<\/b> \u00e8 realizzato in 100% poliamide, un materiale leggero e resistente, ideale per affrontare le giornate dinamiche con comfort e praticit\u00e0.<br \/>\nIl modello presenta <b> tasche, cinturetta nera, bottone e zip<\/b>, dettagli funzionali che donano struttura e personalit\u00e0 al capo. La vestibilit\u00e0 \u00e8 regolare: il modello \u00e8 alto 187 cm e indossa la taglia L. Anche in questo caso parliamo di un pezzo unico di campionario.<br \/>\nPerfetto nel tempo libero di giorno o di sera, puoi abbinarlo a una t-shirt basic o a una felpa leggera per un look sportivo e contemporaneo. Con sneakers pulite completi un outfit equilibrato e versatile.<br \/>\nAcquista in sicurezza su SecondaStrada.com: tutti i prodotti sono originali e accuratamente selezionati. Codice articolo <b>K71436W GI CB<\/b>.<\/p>\n","ss_composition":"<p>100% poliamide<\/p>\n","ss_fit":"<p>Il modello \u00e8 alto 187 cm e indossa la taglia L. La vestibilit\u00e0 del capo \u00e8 regolare. Pezzo unico di campionario.<\/p>\n"},"yoast_head":"<!-- This site is optimized with the Yoast SEO plugin v22.3 - https:\/\/yoast.com\/wordpress\/plugins\/seo\/ -->\n<title>Bermuda K-Way Arancione tg.L - Acquista online! - Seconda Strada<\/title>\n<meta name=\"description\" content=\"Bermuda K-Way Arancione tg.L \u27a4 Acquista online su Secondastrada.com Bermuda K-Way Arancione tg.L \u2714\ufe0f Spedizione veloce entro 24h in tutta Italia \u2714\ufe0f Sconto sul tuo primo acquisto\" \/>\n<meta name=\"robots\" content=\"index, follow, max-snippet:-1, max-image-preview:large, max-video-preview:-1\" \/>\n<link rel=\"canonical\" href=\"https:\/\/www.secondastrada.com\/it\/bermuda-k-way-arancione-tg-l\/\" \/>\n<meta property=\"og:locale\" content=\"it_IT\" \/>\n<meta property=\"og:type\" content=\"article\" \/>\n<meta property=\"og:title\" content=\"Bermuda K-Way Arancione tg.L - Acquista online! - Seconda Strada\" \/>\n<meta property=\"og:description\" content=\"Bermuda K-Way Arancione tg.L \u27a4 Acquista online su Secondastrada.com Bermuda K-Way Arancione tg.L \u2714\ufe0f Spedizione veloce entro 24h in tutta Italia \u2714\ufe0f Sconto sul tuo primo acquisto\" \/>\n<meta property=\"og:url\" content=\"https:\/\/www.secondastrada.com\/it\/bermuda-k-way-arancione-tg-l\/\" \/>\n<meta property=\"og:site_name\" content=\"Seconda Strada\" \/>\n<meta property=\"article:modified_time\" content=\"2026-03-02T10:28:57+00:00\" \/>\n<meta property=\"og:image\" content=\"https:\/\/www.secondastrada.com\/wp-content\/uploads\/2026\/02\/K71436W-GI-CB_ARANCIONE_PE26_1.jpg\" \/>\n\t<meta property=\"og:image:width\" content=\"1000\" \/>\n\t<meta property=\"og:image:height\" content=\"1300\" \/>\n\t<meta property=\"og:image:type\" content=\"image\/jpeg\" \/>\n<meta name=\"twitter:card\" content=\"summary_large_image\" \/>\n<meta name=\"twitter:label1\" content=\"Tempo di lettura stimato\" \/>\n\t<meta name=\"twitter:data1\" content=\"1 minuto\" \/>\n<!-- \/ Yoast SEO plugin. -->","yoast_head_json":{"title":"Bermuda K-Way Arancione tg.L - Acquista online! - Seconda Strada","description":"Bermuda K-Way Arancione tg.L \u27a4 Acquista online su Secondastrada.com Bermuda K-Way Arancione tg.L \u2714\ufe0f Spedizione veloce entro 24h in tutta Italia \u2714\ufe0f Sconto sul tuo primo acquisto","robots":{"index":"index","follow":"follow","max-snippet":"max-snippet:-1","max-image-preview":"max-image-preview:large","max-video-preview":"max-video-preview:-1"},"canonical":"https:\/\/www.secondastrada.com\/it\/bermuda-k-way-arancione-tg-l\/","og_locale":"it_IT","og_type":"article","og_title":"Bermuda K-Way Arancione tg.L - Acquista online! - Seconda Strada","og_description":"Bermuda K-Way Arancione tg.L \u27a4 Acquista online su Secondastrada.com Bermuda K-Way Arancione tg.L \u2714\ufe0f Spedizione veloce entro 24h in tutta Italia \u2714\ufe0f Sconto sul tuo primo acquisto","og_url":"https:\/\/www.secondastrada.com\/it\/bermuda-k-way-arancione-tg-l\/","og_site_name":"Seconda Strada","article_modified_time":"2026-03-02T10:28:57+00:00","og_image":[{"width":1000,"height":1300,"url":"https:\/\/www.secondastrada.com\/wp-content\/uploads\/2026\/02\/K71436W-GI-CB_ARANCIONE_PE26_1.jpg","type":"image\/jpeg"}],"twitter_card":"summary_large_image","twitter_misc":{"Tempo di lettura stimato":"1 minuto"},"schema":{"@context":"https:\/\/schema.org","@graph":[{"@type":"WebPage","@id":"https:\/\/www.secondastrada.com\/it\/bermuda-k-way-arancione-tg-l\/","url":"https:\/\/www.secondastrada.com\/it\/bermuda-k-way-arancione-tg-l\/","name":"Bermuda K-Way Arancione tg.L - Acquista online! - Seconda Strada","isPartOf":{"@id":"https:\/\/www.secondastrada.com\/it\/#website"},"primaryImageOfPage":{"@id":"https:\/\/www.secondastrada.com\/it\/bermuda-k-way-arancione-tg-l\/#primaryimage"},"image":{"@id":"https:\/\/www.secondastrada.com\/it\/bermuda-k-way-arancione-tg-l\/#primaryimage"},"thumbnailUrl":"https:\/\/www.secondastrada.com\/wp-content\/uploads\/2026\/02\/K71436W-GI-CB_ARANCIONE_PE26_1.jpg","datePublished":"2026-02-18T12:32:41+00:00","dateModified":"2026-03-02T10:28:57+00:00","description":"Bermuda K-Way Arancione tg.L \u27a4 Acquista online su Secondastrada.com Bermuda K-Way Arancione tg.L \u2714\ufe0f Spedizione veloce entro 24h in tutta Italia \u2714\ufe0f Sconto sul tuo primo acquisto","breadcrumb":{"@id":"https:\/\/www.secondastrada.com\/it\/bermuda-k-way-arancione-tg-l\/#breadcrumb"},"inLanguage":"it-IT","potentialAction":[{"@type":"ReadAction","target":["https:\/\/www.secondastrada.com\/it\/bermuda-k-way-arancione-tg-l\/"]}]},{"@type":"ImageObject","inLanguage":"it-IT","@id":"https:\/\/www.secondastrada.com\/it\/bermuda-k-way-arancione-tg-l\/#primaryimage","url":"https:\/\/www.secondastrada.com\/wp-content\/uploads\/2026\/02\/K71436W-GI-CB_ARANCIONE_PE26_1.jpg","contentUrl":"https:\/\/www.secondastrada.com\/wp-content\/uploads\/2026\/02\/K71436W-GI-CB_ARANCIONE_PE26_1.jpg","width":1000,"height":1300,"caption":"K71436W-GI-CB_ARANCIONE_PE26"},{"@type":"BreadcrumbList","@id":"https:\/\/www.secondastrada.com\/it\/bermuda-k-way-arancione-tg-l\/#breadcrumb","itemListElement":[{"@type":"ListItem","position":1,"name":"Home","item":"https:\/\/www.secondastrada.com\/it\/"},{"@type":"ListItem","position":2,"name":"Shop","item":"https:\/\/www.secondastrada.com\/it\/shop\/"},{"@type":"ListItem","position":3,"name":"Uomo","item":"https:\/\/www.secondastrada.com\/it\/collezione-uomo\/"},{"@type":"ListItem","position":4,"name":"Abbigliamento","item":"https:\/\/www.secondastrada.com\/it\/collezione-uomo\/abbigliamento-uomo\/"},{"@type":"ListItem","position":5,"name":"Bermuda","item":"https:\/\/www.secondastrada.com\/it\/collezione-uomo\/abbigliamento-uomo\/bermuda-da-uomo\/"},{"@type":"ListItem","position":6,"name":"Bermuda K-Way Arancione tg.L"}]},{"@type":"WebSite","@id":"https:\/\/www.secondastrada.com\/it\/#website","url":"https:\/\/www.secondastrada.com\/it\/","name":"Seconda Strada","description":"","publisher":{"@id":"https:\/\/www.secondastrada.com\/it\/#organization"},"potentialAction":[{"@type":"SearchAction","target":{"@type":"EntryPoint","urlTemplate":"https:\/\/www.secondastrada.com\/it\/?s={search_term_string}"},"query-input":"required name=search_term_string"}],"inLanguage":"it-IT"},{"@type":"Organization","@id":"https:\/\/www.secondastrada.com\/it\/#organization","name":"Seconda Strada","url":"https:\/\/www.secondastrada.com\/it\/","logo":{"@type":"ImageObject","inLanguage":"it-IT","@id":"https:\/\/www.secondastrada.com\/it\/#\/schema\/logo\/image\/","url":"https:\/\/www.secondastrada.com\/wp-content\/uploads\/2023\/11\/secondastrada-logo.svg","contentUrl":"https:\/\/www.secondastrada.com\/wp-content\/uploads\/2023\/11\/secondastrada-logo.svg","width":353,"height":47,"caption":"Seconda Strada"},"image":{"@id":"https:\/\/www.secondastrada.com\/it\/#\/schema\/logo\/image\/"}}]}},"df_price":65.99,"df_sale_price":"","df_regular_price":65.99,"df_image_link":"https:\/\/www.secondastrada.com\/wp-content\/uploads\/2026\/02\/K71436W-GI-CB_ARANCIONE_PE26_1-300x300.jpg","_links":{"self":[{"href":"https:\/\/www.secondastrada.com\/it\/wp-json\/wp\/v2\/product\/337154"}],"collection":[{"href":"https:\/\/www.secondastrada.com\/it\/wp-json\/wp\/v2\/product"}],"about":[{"href":"https:\/\/www.secondastrada.com\/it\/wp-json\/wp\/v2\/types\/product"}],"wp:featuredmedia":[{"embeddable":true,"href":"https:\/\/www.secondastrada.com\/it\/wp-json\/wp\/v2\/media\/337199"}],"wp:attachment":[{"href":"https:\/\/www.secondastrada.com\/it\/wp-json\/wp\/v2\/media?parent=337154"}],"wp:term":[{"taxonomy":"ss_brand","embeddable":true,"href":"https:\/\/www.secondastrada.com\/it\/wp-json\/wp\/v2\/ss_brand?post=337154"},{"taxonomy":"ss_promo","embeddable":true,"href":"https:\/\/www.secondastrada.com\/it\/wp-json\/wp\/v2\/ss_promo?post=337154"},{"taxonomy":"ss_season","embeddable":true,"href":"https:\/\/www.secondastrada.com\/it\/wp-json\/wp\/v2\/ss_season?post=337154"},{"taxonomy":"product_cat","embeddable":true,"href":"https:\/\/www.secondastrada.com\/it\/wp-json\/wp\/v2\/product_cat?post=337154"},{"taxonomy":"product_tag","embeddable":true,"href":"https:\/\/www.secondastrada.com\/it\/wp-json\/wp\/v2\/product_tag?post=337154"}],"curies":[{"name":"wp","href":"https:\/\/api.w.org\/{rel}","templated":true}]}}