{"id":337156,"date":"2026-02-18T16:34:31","date_gmt":"2026-02-18T15:34:31","guid":{"rendered":"https:\/\/www.secondastrada.com\/it\/pantaloni-k-way-viola-tg-s\/"},"modified":"2026-02-18T16:34:31","modified_gmt":"2026-02-18T15:34:31","slug":"pantaloni-k-way-viola-tg-s","status":"publish","type":"product","link":"https:\/\/www.secondastrada.com\/it\/pantaloni-k-way-viola-tg-s\/","title":{"rendered":"Pantaloni K-Way Viola tg.S"},"content":{"rendered":"<p><b>Pantaloni K-WAY Viola da donna<\/b><br \/>\nI <b>Pantaloni K-WAY<\/b> viola da donna sono la scelta perfetta se desideri aggiungere un tocco di carattere e femminilit\u00e0 al tuo guardaroba quotidiano. Questo modello, <b>Pantaloni da donna adatti alla stagione primavera estate<\/b>, unisce comfort e stile grazie a una composizione di 65% cotone, 29% poliamide e 6% elastane, che assicura morbidezza, resistenza ed elasticit\u00e0 nei movimenti.<br \/>\nIl design si distingue per il colore intenso <b>in total prugna con tasche, gancino e zip<\/b>, dettagli funzionali che valorizzano la linea e rendono il capo pratico oltre che raffinato. La vestibilit\u00e0 \u00e8 regolare: la modella \u00e8 alta 165 cm e indossa la taglia 40. Si tratta di un pezzo unico di campionario, selezionato con cura.<br \/>\nPuoi indossarli in ufficio con una blusa leggera per un look curato e contemporaneo, oppure nel tempo libero con una t-shirt minimal per uno stile pi\u00f9 rilassato ma sempre ricercato. Per un outfit armonioso prova ad abbinarli a una blusa coordinata o a una t-shirt bianca e sneakers, creando un equilibrio perfetto tra eleganza e comfort.<br \/>\nScegli l\u2019autenticit\u00e0 e la qualit\u00e0 firmata K-WAY su SecondaStrada.com: ogni prodotto \u00e8 originale e attentamente selezionato. Codice articolo <b>K8132ZW GI CB<\/b>.<\/p>\n","protected":false},"excerpt":{"rendered":"<p>Pantaloni K-WAY Viola da donna I Pantaloni K-WAY viola da donna sono la scelta perfetta se desideri aggiungere un tocco di carattere e femminilit\u00e0 al tuo guardaroba quotidiano. Questo modello, Pantaloni da donna adatti alla stagione primavera estate, unisce comfort e stile grazie a una composizione di 65% cotone, 29% poliamide e 6% elastane, che&#8230;<\/p>\n","protected":false},"featured_media":337278,"template":"","meta":{"inline_featured_image":false},"ss_brand":[1225],"ss_promo":[],"ss_season":[2531],"product_cat":[1329,1658,1342,2251],"product_tag":[1953,1995],"class_list":{"0":"post-337156","1":"product","2":"type-product","3":"status-publish","4":"has-post-thumbnail","6":"ss_brand-k-way-donna","7":"ss_season-pe26","8":"product_cat-abbigliamento-donna","9":"product_cat-collezione-donna","10":"product_cat-pantaloni-da-donna","11":"product_cat-pantaloni-stretti-da-donna","12":"product_tag-campionario","13":"product_tag-nuovi-arrivi-donna","15":"first","16":"instock","17":"shipping-taxable","18":"purchasable","19":"product-type-variable","20":"has-default-attributes"},"acf":{"ss_brand":[{"term_id":1225,"name":"K-WAY","slug":"k-way-donna","term_group":0,"term_taxonomy_id":1225,"taxonomy":"ss_brand","description":"Scopri le collezioni di abbigliamento da donna firmate K-Way disponibili in un arcobaleno di colori! Approfitta delle offerte speciali del nostro store online!","parent":1201,"count":68,"filter":"raw"}],"ss_promo":false,"ss_season":[{"term_id":2531,"name":"PE26","slug":"pe26","term_group":0,"term_taxonomy_id":2531,"taxonomy":"ss_season","description":"","parent":0,"count":1148,"filter":"raw"}],"ss_old_price":"150,00","ss_omnibus_price":"0,00","ss_style_advice":"<p><b>Pantaloni K-WAY Viola da donna<\/b><br \/>\nI <b>Pantaloni K-WAY<\/b> viola da donna sono la scelta perfetta se desideri aggiungere un tocco di carattere e femminilit\u00e0 al tuo guardaroba quotidiano. Questo modello, <b>Pantaloni da donna adatti alla stagione primavera estate<\/b>, unisce comfort e stile grazie a una composizione di 65% cotone, 29% poliamide e 6% elastane, che assicura morbidezza, resistenza ed elasticit\u00e0 nei movimenti.<br \/>\nIl design si distingue per il colore intenso <b>in total prugna con tasche, gancino e zip<\/b>, dettagli funzionali che valorizzano la linea e rendono il capo pratico oltre che raffinato. La vestibilit\u00e0 \u00e8 regolare: la modella \u00e8 alta 165 cm e indossa la taglia 40. Si tratta di un pezzo unico di campionario, selezionato con cura.<br \/>\nPuoi indossarli in ufficio con una blusa leggera per un look curato e contemporaneo, oppure nel tempo libero con una t-shirt minimal per uno stile pi\u00f9 rilassato ma sempre ricercato. Per un outfit armonioso prova ad abbinarli a una blusa coordinata o a una t-shirt bianca e sneakers, creando un equilibrio perfetto tra eleganza e comfort.<br \/>\nScegli l\u2019autenticit\u00e0 e la qualit\u00e0 firmata K-WAY su SecondaStrada.com: ogni prodotto \u00e8 originale e attentamente selezionato. Codice articolo <b>K8132ZW GI CB<\/b>.<\/p>\n","ss_composition":"<p>65% cotone 29% poliamide 6% elastane<\/p>\n","ss_fit":"<p>La modella \u00e8 alta 165 cm e indossa la taglia 40. La vestibilit\u00e0 del capo \u00e8 regolare. Pezzo unico di campionario.<\/p>\n"},"yoast_head":"<!-- This site is optimized with the Yoast SEO plugin v22.3 - https:\/\/yoast.com\/wordpress\/plugins\/seo\/ -->\n<title>Pantaloni K-Way Viola tg.S - Acquista online! - Seconda Strada<\/title>\n<meta name=\"description\" content=\"Pantaloni K-Way Viola tg.S \u27a4 Acquista online su Secondastrada.com Pantaloni K-Way Viola tg.S \u2714\ufe0f Spedizione veloce entro 24h in tutta Italia \u2714\ufe0f Sconto sul tuo primo acquisto\" \/>\n<meta name=\"robots\" content=\"index, follow, max-snippet:-1, max-image-preview:large, max-video-preview:-1\" \/>\n<link rel=\"canonical\" href=\"https:\/\/www.secondastrada.com\/it\/pantaloni-k-way-viola-tg-s\/\" \/>\n<meta property=\"og:locale\" content=\"it_IT\" \/>\n<meta property=\"og:type\" content=\"article\" \/>\n<meta property=\"og:title\" content=\"Pantaloni K-Way Viola tg.S - Acquista online! - Seconda Strada\" \/>\n<meta property=\"og:description\" content=\"Pantaloni K-Way Viola tg.S \u27a4 Acquista online su Secondastrada.com Pantaloni K-Way Viola tg.S \u2714\ufe0f Spedizione veloce entro 24h in tutta Italia \u2714\ufe0f Sconto sul tuo primo acquisto\" \/>\n<meta property=\"og:url\" content=\"https:\/\/www.secondastrada.com\/it\/pantaloni-k-way-viola-tg-s\/\" \/>\n<meta property=\"og:site_name\" content=\"Seconda Strada\" \/>\n<meta property=\"og:image\" content=\"https:\/\/www.secondastrada.com\/wp-content\/uploads\/2026\/02\/K8132ZW-GI-CB_BORDEAUX_PE26_1.jpg\" \/>\n\t<meta property=\"og:image:width\" content=\"1000\" \/>\n\t<meta property=\"og:image:height\" content=\"1300\" \/>\n\t<meta property=\"og:image:type\" content=\"image\/jpeg\" \/>\n<meta name=\"twitter:card\" content=\"summary_large_image\" \/>\n<meta name=\"twitter:label1\" content=\"Tempo di lettura stimato\" \/>\n\t<meta name=\"twitter:data1\" content=\"1 minuto\" \/>\n<!-- \/ Yoast SEO plugin. -->","yoast_head_json":{"title":"Pantaloni K-Way Viola tg.S - Acquista online! - Seconda Strada","description":"Pantaloni K-Way Viola tg.S \u27a4 Acquista online su Secondastrada.com Pantaloni K-Way Viola tg.S \u2714\ufe0f Spedizione veloce entro 24h in tutta Italia \u2714\ufe0f Sconto sul tuo primo acquisto","robots":{"index":"index","follow":"follow","max-snippet":"max-snippet:-1","max-image-preview":"max-image-preview:large","max-video-preview":"max-video-preview:-1"},"canonical":"https:\/\/www.secondastrada.com\/it\/pantaloni-k-way-viola-tg-s\/","og_locale":"it_IT","og_type":"article","og_title":"Pantaloni K-Way Viola tg.S - Acquista online! - Seconda Strada","og_description":"Pantaloni K-Way Viola tg.S \u27a4 Acquista online su Secondastrada.com Pantaloni K-Way Viola tg.S \u2714\ufe0f Spedizione veloce entro 24h in tutta Italia \u2714\ufe0f Sconto sul tuo primo acquisto","og_url":"https:\/\/www.secondastrada.com\/it\/pantaloni-k-way-viola-tg-s\/","og_site_name":"Seconda Strada","og_image":[{"width":1000,"height":1300,"url":"https:\/\/www.secondastrada.com\/wp-content\/uploads\/2026\/02\/K8132ZW-GI-CB_BORDEAUX_PE26_1.jpg","type":"image\/jpeg"}],"twitter_card":"summary_large_image","twitter_misc":{"Tempo di lettura stimato":"1 minuto"},"schema":{"@context":"https:\/\/schema.org","@graph":[{"@type":"WebPage","@id":"https:\/\/www.secondastrada.com\/it\/pantaloni-k-way-viola-tg-s\/","url":"https:\/\/www.secondastrada.com\/it\/pantaloni-k-way-viola-tg-s\/","name":"Pantaloni K-Way Viola tg.S - Acquista online! - Seconda Strada","isPartOf":{"@id":"https:\/\/www.secondastrada.com\/it\/#website"},"primaryImageOfPage":{"@id":"https:\/\/www.secondastrada.com\/it\/pantaloni-k-way-viola-tg-s\/#primaryimage"},"image":{"@id":"https:\/\/www.secondastrada.com\/it\/pantaloni-k-way-viola-tg-s\/#primaryimage"},"thumbnailUrl":"https:\/\/www.secondastrada.com\/wp-content\/uploads\/2026\/02\/K8132ZW-GI-CB_BORDEAUX_PE26_1.jpg","datePublished":"2026-02-18T15:34:31+00:00","dateModified":"2026-02-18T15:34:31+00:00","description":"Pantaloni K-Way Viola tg.S \u27a4 Acquista online su Secondastrada.com Pantaloni K-Way Viola tg.S \u2714\ufe0f Spedizione veloce entro 24h in tutta Italia \u2714\ufe0f Sconto sul tuo primo acquisto","breadcrumb":{"@id":"https:\/\/www.secondastrada.com\/it\/pantaloni-k-way-viola-tg-s\/#breadcrumb"},"inLanguage":"it-IT","potentialAction":[{"@type":"ReadAction","target":["https:\/\/www.secondastrada.com\/it\/pantaloni-k-way-viola-tg-s\/"]}]},{"@type":"ImageObject","inLanguage":"it-IT","@id":"https:\/\/www.secondastrada.com\/it\/pantaloni-k-way-viola-tg-s\/#primaryimage","url":"https:\/\/www.secondastrada.com\/wp-content\/uploads\/2026\/02\/K8132ZW-GI-CB_BORDEAUX_PE26_1.jpg","contentUrl":"https:\/\/www.secondastrada.com\/wp-content\/uploads\/2026\/02\/K8132ZW-GI-CB_BORDEAUX_PE26_1.jpg","width":1000,"height":1300,"caption":"K8132ZW-GI-CB_BORDEAUX_PE26"},{"@type":"BreadcrumbList","@id":"https:\/\/www.secondastrada.com\/it\/pantaloni-k-way-viola-tg-s\/#breadcrumb","itemListElement":[{"@type":"ListItem","position":1,"name":"Home","item":"https:\/\/www.secondastrada.com\/it\/"},{"@type":"ListItem","position":2,"name":"Shop","item":"https:\/\/www.secondastrada.com\/it\/shop\/"},{"@type":"ListItem","position":3,"name":"Donna","item":"https:\/\/www.secondastrada.com\/it\/collezione-donna\/"},{"@type":"ListItem","position":4,"name":"Abbigliamento","item":"https:\/\/www.secondastrada.com\/it\/collezione-donna\/abbigliamento-donna\/"},{"@type":"ListItem","position":5,"name":"Pantaloni","item":"https:\/\/www.secondastrada.com\/it\/collezione-donna\/abbigliamento-donna\/pantaloni-da-donna\/"},{"@type":"ListItem","position":6,"name":"Pantaloni stretti","item":"https:\/\/www.secondastrada.com\/it\/collezione-donna\/abbigliamento-donna\/pantaloni-da-donna\/pantaloni-stretti-da-donna\/"},{"@type":"ListItem","position":7,"name":"Pantaloni K-Way Viola tg.S"}]},{"@type":"WebSite","@id":"https:\/\/www.secondastrada.com\/it\/#website","url":"https:\/\/www.secondastrada.com\/it\/","name":"Seconda Strada","description":"","publisher":{"@id":"https:\/\/www.secondastrada.com\/it\/#organization"},"potentialAction":[{"@type":"SearchAction","target":{"@type":"EntryPoint","urlTemplate":"https:\/\/www.secondastrada.com\/it\/?s={search_term_string}"},"query-input":"required name=search_term_string"}],"inLanguage":"it-IT"},{"@type":"Organization","@id":"https:\/\/www.secondastrada.com\/it\/#organization","name":"Seconda Strada","url":"https:\/\/www.secondastrada.com\/it\/","logo":{"@type":"ImageObject","inLanguage":"it-IT","@id":"https:\/\/www.secondastrada.com\/it\/#\/schema\/logo\/image\/","url":"https:\/\/www.secondastrada.com\/wp-content\/uploads\/2023\/11\/secondastrada-logo.svg","contentUrl":"https:\/\/www.secondastrada.com\/wp-content\/uploads\/2023\/11\/secondastrada-logo.svg","width":353,"height":47,"caption":"Seconda Strada"},"image":{"@id":"https:\/\/www.secondastrada.com\/it\/#\/schema\/logo\/image\/"}}]}},"df_price":89.99,"df_sale_price":"","df_regular_price":89.99,"df_image_link":"https:\/\/www.secondastrada.com\/wp-content\/uploads\/2026\/02\/K8132ZW-GI-CB_BORDEAUX_PE26_1-300x300.jpg","_links":{"self":[{"href":"https:\/\/www.secondastrada.com\/it\/wp-json\/wp\/v2\/product\/337156"}],"collection":[{"href":"https:\/\/www.secondastrada.com\/it\/wp-json\/wp\/v2\/product"}],"about":[{"href":"https:\/\/www.secondastrada.com\/it\/wp-json\/wp\/v2\/types\/product"}],"wp:featuredmedia":[{"embeddable":true,"href":"https:\/\/www.secondastrada.com\/it\/wp-json\/wp\/v2\/media\/337278"}],"wp:attachment":[{"href":"https:\/\/www.secondastrada.com\/it\/wp-json\/wp\/v2\/media?parent=337156"}],"wp:term":[{"taxonomy":"ss_brand","embeddable":true,"href":"https:\/\/www.secondastrada.com\/it\/wp-json\/wp\/v2\/ss_brand?post=337156"},{"taxonomy":"ss_promo","embeddable":true,"href":"https:\/\/www.secondastrada.com\/it\/wp-json\/wp\/v2\/ss_promo?post=337156"},{"taxonomy":"ss_season","embeddable":true,"href":"https:\/\/www.secondastrada.com\/it\/wp-json\/wp\/v2\/ss_season?post=337156"},{"taxonomy":"product_cat","embeddable":true,"href":"https:\/\/www.secondastrada.com\/it\/wp-json\/wp\/v2\/product_cat?post=337156"},{"taxonomy":"product_tag","embeddable":true,"href":"https:\/\/www.secondastrada.com\/it\/wp-json\/wp\/v2\/product_tag?post=337156"}],"curies":[{"name":"wp","href":"https:\/\/api.w.org\/{rel}","templated":true}]}}