{"id":337494,"date":"2026-02-20T12:24:05","date_gmt":"2026-02-20T11:24:05","guid":{"rendered":"https:\/\/www.secondastrada.com\/it\/pigiama-emporio-armani-tg-m\/"},"modified":"2026-02-20T14:38:46","modified_gmt":"2026-02-20T13:38:46","slug":"pigiama-emporio-armani-tg-m","status":"publish","type":"product","link":"https:\/\/www.secondastrada.com\/it\/pigiama-emporio-armani-tg-m\/","title":{"rendered":"Pigiama Emporio Armani tg.M"},"content":{"rendered":"<p><b>Pigiama EMPORIO ARMANI<\/b><br \/>\nIl <b>Pigiama EMPORIO ARMANI<\/b> in fantasia da uomo \u00e8 pensato per chi desidera comfort e stile anche nei momenti di relax. Questo <b>Pigiama da uomo adatto alla stagione primavera estate<\/b> si distingue per il design raffinato e contemporaneo, con <b>camicia a maniche lunghe con bottoni e pantaloni con elastico, in fantasia bianco e nera<\/b>, un abbinamento elegante che richiama l\u2019estetica iconica del brand.<br \/>\nRealizzato in 100% cotone, garantisce morbidezza sulla pelle, traspirabilit\u00e0 e una sensazione di leggerezza ideale per le serate primaverili ed estive. La vestibilit\u00e0 \u00e8 regolare: il modello \u00e8 alto 187 cm e indossa la taglia M. Si tratta di un pezzo unico di campionario, selezionato per offrire esclusivit\u00e0 e qualit\u00e0 superiore.<br \/>\nIl <b>Pigiama con camicia a maniche lunghe con bottoni e pantaloni con elastico, in fantasia bianco e nera<\/b> \u00e8 perfetto nel tempo libero di sera, per rilassarti a casa con stile o per accompagnarti nei weekend pi\u00f9 tranquilli. Puoi indossarlo in coordinato per un look armonioso e ricercato, oppure abbinarne il top a una t-shirt basic per un comfort ancora pi\u00f9 informale.<br \/>\nScegli l\u2019eleganza firmata Armani anche nei momenti dedicati a te. Su SecondaStrada.com trovi solo prodotti originali e accuratamente selezionati. Codice articolo <b>EM000615 AF19318 GI CB<\/b>.<\/p>\n","protected":false},"excerpt":{"rendered":"<p>Pigiama EMPORIO ARMANI Il Pigiama EMPORIO ARMANI in fantasia da uomo \u00e8 pensato per chi desidera comfort e stile anche nei momenti di relax. Questo Pigiama da uomo adatto alla stagione primavera estate si distingue per il design raffinato e contemporaneo, con camicia a maniche lunghe con bottoni e pantaloni con elastico, in fantasia bianco&#8230;<\/p>\n","protected":false},"featured_media":337444,"template":"","meta":{"inline_featured_image":false},"ss_brand":[1307],"ss_promo":[],"ss_season":[2531],"product_cat":[2012,2014,1714],"product_tag":[1953,1993],"class_list":{"0":"post-337494","1":"product","2":"type-product","3":"status-publish","4":"has-post-thumbnail","6":"ss_brand-emporio-armani-uomo","7":"ss_season-pe26","8":"product_cat-intimo-da-uomo","9":"product_cat-underwear-da-uomo","10":"product_cat-collezione-uomo","11":"product_tag-campionario","12":"product_tag-nuovi-arrivi-uomo","14":"first","15":"instock","16":"shipping-taxable","17":"purchasable","18":"product-type-variable","19":"has-default-attributes"},"acf":{"ss_brand":[{"term_id":1307,"name":"EMPORIO ARMANI","slug":"emporio-armani-uomo","term_group":0,"term_taxonomy_id":1307,"taxonomy":"ss_brand","description":"Cuore italiano, spirito internazionale. Gli accessori da uomo firmati Emporio Armani al miglior prezzo li trovi qui!\u00a0Acquista online su SecondaStrada.com <strong>abbigliamento da donna EMPORIO ARMANI scontatissimo<\/strong>!","parent":1268,"count":19,"filter":"raw"}],"ss_promo":false,"ss_season":[{"term_id":2531,"name":"PE26","slug":"pe26","term_group":0,"term_taxonomy_id":2531,"taxonomy":"ss_season","description":"","parent":0,"count":1148,"filter":"raw"}],"ss_old_price":"206,00","ss_omnibus_price":"0,00","ss_style_advice":"<p><b>Pigiama EMPORIO ARMANI<\/b><br \/>\nIl <b>Pigiama EMPORIO ARMANI<\/b> in fantasia da uomo \u00e8 pensato per chi desidera comfort e stile anche nei momenti di relax. Questo <b>Pigiama da uomo adatto alla stagione primavera estate<\/b> si distingue per il design raffinato e contemporaneo, con <b>camicia a maniche lunghe con bottoni e pantaloni con elastico, in fantasia bianco e nera<\/b>, un abbinamento elegante che richiama l\u2019estetica iconica del brand.<br \/>\nRealizzato in 100% cotone, garantisce morbidezza sulla pelle, traspirabilit\u00e0 e una sensazione di leggerezza ideale per le serate primaverili ed estive. La vestibilit\u00e0 \u00e8 regolare: il modello \u00e8 alto 187 cm e indossa la taglia M. Si tratta di un pezzo unico di campionario, selezionato per offrire esclusivit\u00e0 e qualit\u00e0 superiore.<br \/>\nIl <b>Pigiama con camicia a maniche lunghe con bottoni e pantaloni con elastico, in fantasia bianco e nera<\/b> \u00e8 perfetto nel tempo libero di sera, per rilassarti a casa con stile o per accompagnarti nei weekend pi\u00f9 tranquilli. Puoi indossarlo in coordinato per un look armonioso e ricercato, oppure abbinarne il top a una t-shirt basic per un comfort ancora pi\u00f9 informale.<br \/>\nScegli l\u2019eleganza firmata Armani anche nei momenti dedicati a te. Su SecondaStrada.com trovi solo prodotti originali e accuratamente selezionati. Codice articolo <b>EM000615 AF19318 GI CB<\/b>.<\/p>\n","ss_composition":"<p>100% cotone<\/p>\n","ss_fit":"<p>Il modello \u00e8 alto 187 cm e indossa la taglia M. La vestibilit\u00e0 del capo \u00e8 regolare. Pezzo unico di campionario.<\/p>\n"},"yoast_head":"<!-- This site is optimized with the Yoast SEO plugin v22.3 - https:\/\/yoast.com\/wordpress\/plugins\/seo\/ -->\n<title>Pigiama Emporio Armani tg.M - Acquista online! - Seconda Strada<\/title>\n<meta name=\"description\" content=\"Pigiama Emporio Armani tg.M \u27a4 Acquista online su Secondastrada.com Pigiama Emporio Armani tg.M \u2714\ufe0f Spedizione veloce entro 24h in tutta Italia \u2714\ufe0f Sconto sul tuo primo acquisto\" \/>\n<meta name=\"robots\" content=\"index, follow, max-snippet:-1, max-image-preview:large, max-video-preview:-1\" \/>\n<link rel=\"canonical\" href=\"https:\/\/www.secondastrada.com\/it\/pigiama-emporio-armani-tg-m\/\" \/>\n<meta property=\"og:locale\" content=\"it_IT\" \/>\n<meta property=\"og:type\" content=\"article\" \/>\n<meta property=\"og:title\" content=\"Pigiama Emporio Armani tg.M - Acquista online! - Seconda Strada\" \/>\n<meta property=\"og:description\" content=\"Pigiama Emporio Armani tg.M \u27a4 Acquista online su Secondastrada.com Pigiama Emporio Armani tg.M \u2714\ufe0f Spedizione veloce entro 24h in tutta Italia \u2714\ufe0f Sconto sul tuo primo acquisto\" \/>\n<meta property=\"og:url\" content=\"https:\/\/www.secondastrada.com\/it\/pigiama-emporio-armani-tg-m\/\" \/>\n<meta property=\"og:site_name\" content=\"Seconda Strada\" \/>\n<meta property=\"article:modified_time\" content=\"2026-02-20T13:38:46+00:00\" \/>\n<meta property=\"og:image\" content=\"https:\/\/www.secondastrada.com\/wp-content\/uploads\/2026\/02\/EM000615-AF19318-GI-CB_NERO_PE26_1.jpg\" \/>\n\t<meta property=\"og:image:width\" content=\"1000\" \/>\n\t<meta property=\"og:image:height\" content=\"1300\" \/>\n\t<meta property=\"og:image:type\" content=\"image\/jpeg\" \/>\n<meta name=\"twitter:card\" content=\"summary_large_image\" \/>\n<meta name=\"twitter:label1\" content=\"Tempo di lettura stimato\" \/>\n\t<meta name=\"twitter:data1\" content=\"1 minuto\" \/>\n<!-- \/ Yoast SEO plugin. -->","yoast_head_json":{"title":"Pigiama Emporio Armani tg.M - Acquista online! - Seconda Strada","description":"Pigiama Emporio Armani tg.M \u27a4 Acquista online su Secondastrada.com Pigiama Emporio Armani tg.M \u2714\ufe0f Spedizione veloce entro 24h in tutta Italia \u2714\ufe0f Sconto sul tuo primo acquisto","robots":{"index":"index","follow":"follow","max-snippet":"max-snippet:-1","max-image-preview":"max-image-preview:large","max-video-preview":"max-video-preview:-1"},"canonical":"https:\/\/www.secondastrada.com\/it\/pigiama-emporio-armani-tg-m\/","og_locale":"it_IT","og_type":"article","og_title":"Pigiama Emporio Armani tg.M - Acquista online! - Seconda Strada","og_description":"Pigiama Emporio Armani tg.M \u27a4 Acquista online su Secondastrada.com Pigiama Emporio Armani tg.M \u2714\ufe0f Spedizione veloce entro 24h in tutta Italia \u2714\ufe0f Sconto sul tuo primo acquisto","og_url":"https:\/\/www.secondastrada.com\/it\/pigiama-emporio-armani-tg-m\/","og_site_name":"Seconda Strada","article_modified_time":"2026-02-20T13:38:46+00:00","og_image":[{"width":1000,"height":1300,"url":"https:\/\/www.secondastrada.com\/wp-content\/uploads\/2026\/02\/EM000615-AF19318-GI-CB_NERO_PE26_1.jpg","type":"image\/jpeg"}],"twitter_card":"summary_large_image","twitter_misc":{"Tempo di lettura stimato":"1 minuto"},"schema":{"@context":"https:\/\/schema.org","@graph":[{"@type":"WebPage","@id":"https:\/\/www.secondastrada.com\/it\/pigiama-emporio-armani-tg-m\/","url":"https:\/\/www.secondastrada.com\/it\/pigiama-emporio-armani-tg-m\/","name":"Pigiama Emporio Armani tg.M - Acquista online! - Seconda Strada","isPartOf":{"@id":"https:\/\/www.secondastrada.com\/it\/#website"},"primaryImageOfPage":{"@id":"https:\/\/www.secondastrada.com\/it\/pigiama-emporio-armani-tg-m\/#primaryimage"},"image":{"@id":"https:\/\/www.secondastrada.com\/it\/pigiama-emporio-armani-tg-m\/#primaryimage"},"thumbnailUrl":"https:\/\/www.secondastrada.com\/wp-content\/uploads\/2026\/02\/EM000615-AF19318-GI-CB_NERO_PE26_1.jpg","datePublished":"2026-02-20T11:24:05+00:00","dateModified":"2026-02-20T13:38:46+00:00","description":"Pigiama Emporio Armani tg.M \u27a4 Acquista online su Secondastrada.com Pigiama Emporio Armani tg.M \u2714\ufe0f Spedizione veloce entro 24h in tutta Italia \u2714\ufe0f Sconto sul tuo primo acquisto","breadcrumb":{"@id":"https:\/\/www.secondastrada.com\/it\/pigiama-emporio-armani-tg-m\/#breadcrumb"},"inLanguage":"it-IT","potentialAction":[{"@type":"ReadAction","target":["https:\/\/www.secondastrada.com\/it\/pigiama-emporio-armani-tg-m\/"]}]},{"@type":"ImageObject","inLanguage":"it-IT","@id":"https:\/\/www.secondastrada.com\/it\/pigiama-emporio-armani-tg-m\/#primaryimage","url":"https:\/\/www.secondastrada.com\/wp-content\/uploads\/2026\/02\/EM000615-AF19318-GI-CB_NERO_PE26_1.jpg","contentUrl":"https:\/\/www.secondastrada.com\/wp-content\/uploads\/2026\/02\/EM000615-AF19318-GI-CB_NERO_PE26_1.jpg","width":1000,"height":1300,"caption":"EM000615-AF19318-GI-CB_NERO_PE26"},{"@type":"BreadcrumbList","@id":"https:\/\/www.secondastrada.com\/it\/pigiama-emporio-armani-tg-m\/#breadcrumb","itemListElement":[{"@type":"ListItem","position":1,"name":"Home","item":"https:\/\/www.secondastrada.com\/it\/"},{"@type":"ListItem","position":2,"name":"Shop","item":"https:\/\/www.secondastrada.com\/it\/shop\/"},{"@type":"ListItem","position":3,"name":"Uomo","item":"https:\/\/www.secondastrada.com\/it\/collezione-uomo\/"},{"@type":"ListItem","position":4,"name":"Abbigliamento","item":"https:\/\/www.secondastrada.com\/it\/collezione-uomo\/abbigliamento-uomo\/"},{"@type":"ListItem","position":5,"name":"Intimo","item":"https:\/\/www.secondastrada.com\/it\/collezione-uomo\/abbigliamento-uomo\/intimo-da-uomo\/"},{"@type":"ListItem","position":6,"name":"Pigiama Emporio Armani tg.M"}]},{"@type":"WebSite","@id":"https:\/\/www.secondastrada.com\/it\/#website","url":"https:\/\/www.secondastrada.com\/it\/","name":"Seconda Strada","description":"","publisher":{"@id":"https:\/\/www.secondastrada.com\/it\/#organization"},"potentialAction":[{"@type":"SearchAction","target":{"@type":"EntryPoint","urlTemplate":"https:\/\/www.secondastrada.com\/it\/?s={search_term_string}"},"query-input":"required name=search_term_string"}],"inLanguage":"it-IT"},{"@type":"Organization","@id":"https:\/\/www.secondastrada.com\/it\/#organization","name":"Seconda Strada","url":"https:\/\/www.secondastrada.com\/it\/","logo":{"@type":"ImageObject","inLanguage":"it-IT","@id":"https:\/\/www.secondastrada.com\/it\/#\/schema\/logo\/image\/","url":"https:\/\/www.secondastrada.com\/wp-content\/uploads\/2023\/11\/secondastrada-logo.svg","contentUrl":"https:\/\/www.secondastrada.com\/wp-content\/uploads\/2023\/11\/secondastrada-logo.svg","width":353,"height":47,"caption":"Seconda Strada"},"image":{"@id":"https:\/\/www.secondastrada.com\/it\/#\/schema\/logo\/image\/"}}]}},"df_price":123.99,"df_sale_price":"","df_regular_price":123.99,"df_image_link":"https:\/\/www.secondastrada.com\/wp-content\/uploads\/2026\/02\/EM000615-AF19318-GI-CB_NERO_PE26_1-300x300.jpg","_links":{"self":[{"href":"https:\/\/www.secondastrada.com\/it\/wp-json\/wp\/v2\/product\/337494"}],"collection":[{"href":"https:\/\/www.secondastrada.com\/it\/wp-json\/wp\/v2\/product"}],"about":[{"href":"https:\/\/www.secondastrada.com\/it\/wp-json\/wp\/v2\/types\/product"}],"wp:featuredmedia":[{"embeddable":true,"href":"https:\/\/www.secondastrada.com\/it\/wp-json\/wp\/v2\/media\/337444"}],"wp:attachment":[{"href":"https:\/\/www.secondastrada.com\/it\/wp-json\/wp\/v2\/media?parent=337494"}],"wp:term":[{"taxonomy":"ss_brand","embeddable":true,"href":"https:\/\/www.secondastrada.com\/it\/wp-json\/wp\/v2\/ss_brand?post=337494"},{"taxonomy":"ss_promo","embeddable":true,"href":"https:\/\/www.secondastrada.com\/it\/wp-json\/wp\/v2\/ss_promo?post=337494"},{"taxonomy":"ss_season","embeddable":true,"href":"https:\/\/www.secondastrada.com\/it\/wp-json\/wp\/v2\/ss_season?post=337494"},{"taxonomy":"product_cat","embeddable":true,"href":"https:\/\/www.secondastrada.com\/it\/wp-json\/wp\/v2\/product_cat?post=337494"},{"taxonomy":"product_tag","embeddable":true,"href":"https:\/\/www.secondastrada.com\/it\/wp-json\/wp\/v2\/product_tag?post=337494"}],"curies":[{"name":"wp","href":"https:\/\/api.w.org\/{rel}","templated":true}]}}