{"id":337498,"date":"2026-02-20T14:41:43","date_gmt":"2026-02-20T13:41:43","guid":{"rendered":"https:\/\/www.secondastrada.com\/it\/pigiama-emporio-armani-marrone-tg-m-2\/"},"modified":"2026-03-02T11:48:11","modified_gmt":"2026-03-02T10:48:11","slug":"pigiama-emporio-armani-marrone-tg-m-2","status":"publish","type":"product","link":"https:\/\/www.secondastrada.com\/it\/pigiama-emporio-armani-marrone-tg-m-2\/","title":{"rendered":"T-shirt pigiama Emporio Armani Marrone tg. M"},"content":{"rendered":"<p><b>Pigiama EMPORIO ARMANI<\/b><br \/>\nIl <b>Pigiama EMPORIO ARMANI<\/b> marrone da uomo interpreta il relax con eleganza e cura sartoriale. Questo <b>Pigiama da uomo adatta alla stagione primavera estate<\/b> si distingue per i dettagli raffinati come il <b>taschino a toppa, bottoni ad asola lungo il fronte, colletto peter pan<\/b>, elementi che richiamano lo stile classico rivisitato in chiave contemporanea.<br \/>\nRealizzato in 97% cotone e 3% elastane, assicura morbidezza, traspirabilit\u00e0 e una leggera elasticit\u00e0 che accompagna i movimenti con naturalezza. La vestibilit\u00e0 \u00e8 regolare: il modello \u00e8 alto 187 cm e indossa la taglia M. Si tratta di un pezzo unico di campionario, selezionato per offrirti esclusivit\u00e0 e qualit\u00e0 firmata Armani.<br \/>\nIl <b>Pigiama con taschino a toppa, bottoni ad asola lungo il fronte, colletto peter pan<\/b> \u00e8 perfetto nel tempo libero di sera, quando desideri rilassarti a casa mantenendo uno stile curato. Puoi indossarlo in coordinato per un look notte elegante e armonioso, oppure abbinarne il top a un bermuda coordinato per una soluzione pi\u00f9 fresca e pratica durante le serate primaverili.<br \/>\nScegli il comfort sofisticato di Armani e valorizza ogni momento dedicato a te. Su SecondaStrada.com trovi solo prodotti originali e accuratamente selezionati. Codice articolo <b>EM000633 AF19062 GI CB<\/b>.<\/p>\n","protected":false},"excerpt":{"rendered":"<p>Pigiama EMPORIO ARMANI Il Pigiama EMPORIO ARMANI marrone da uomo interpreta il relax con eleganza e cura sartoriale. Questo Pigiama da uomo adatta alla stagione primavera estate si distingue per i dettagli raffinati come il taschino a toppa, bottoni ad asola lungo il fronte, colletto peter pan, elementi che richiamano lo stile classico rivisitato in&#8230;<\/p>\n","protected":false},"featured_media":337641,"template":"","meta":{"inline_featured_image":false},"ss_brand":[1307],"ss_promo":[],"ss_season":[2531],"product_cat":[2012,2538,2014,1714],"product_tag":[1953,1993],"class_list":{"0":"post-337498","1":"product","2":"type-product","3":"status-publish","4":"has-post-thumbnail","6":"ss_brand-emporio-armani-uomo","7":"ss_season-pe26","8":"product_cat-intimo-da-uomo","9":"product_cat-set-coordinati-da-uomo","10":"product_cat-underwear-da-uomo","11":"product_cat-collezione-uomo","12":"product_tag-campionario","13":"product_tag-nuovi-arrivi-uomo","15":"first","16":"instock","17":"shipping-taxable","18":"purchasable","19":"product-type-variable","20":"has-default-attributes"},"acf":{"ss_brand":[{"term_id":1307,"name":"EMPORIO ARMANI","slug":"emporio-armani-uomo","term_group":0,"term_taxonomy_id":1307,"taxonomy":"ss_brand","description":"Cuore italiano, spirito internazionale. Gli accessori da uomo firmati Emporio Armani al miglior prezzo li trovi qui!\u00a0Acquista online su SecondaStrada.com <strong>abbigliamento da donna EMPORIO ARMANI scontatissimo<\/strong>!","parent":1268,"count":19,"filter":"raw"}],"ss_promo":false,"ss_season":[{"term_id":2531,"name":"PE26","slug":"pe26","term_group":0,"term_taxonomy_id":2531,"taxonomy":"ss_season","description":"","parent":0,"count":1148,"filter":"raw"}],"ss_old_price":"96,00","ss_omnibus_price":"0,00","ss_style_advice":"<p><b>Pigiama EMPORIO ARMANI<\/b><br \/>\nIl <b>Pigiama EMPORIO ARMANI<\/b> marrone da uomo interpreta il relax con eleganza e cura sartoriale. Questo <b>Pigiama da uomo adatta alla stagione primavera estate<\/b> si distingue per i dettagli raffinati come il <b>taschino a toppa, bottoni ad asola lungo il fronte, colletto peter pan<\/b>, elementi che richiamano lo stile classico rivisitato in chiave contemporanea.<br \/>\nRealizzato in 97% cotone e 3% elastane, assicura morbidezza, traspirabilit\u00e0 e una leggera elasticit\u00e0 che accompagna i movimenti con naturalezza. La vestibilit\u00e0 \u00e8 regolare: il modello \u00e8 alto 187 cm e indossa la taglia M. Si tratta di un pezzo unico di campionario, selezionato per offrirti esclusivit\u00e0 e qualit\u00e0 firmata Armani.<br \/>\nIl <b>Pigiama con taschino a toppa, bottoni ad asola lungo il fronte, colletto peter pan<\/b> \u00e8 perfetto nel tempo libero di sera, quando desideri rilassarti a casa mantenendo uno stile curato. Puoi indossarlo in coordinato per un look notte elegante e armonioso, oppure abbinarne il top a un bermuda coordinato per una soluzione pi\u00f9 fresca e pratica durante le serate primaverili.<br \/>\nScegli il comfort sofisticato di Armani e valorizza ogni momento dedicato a te. Su SecondaStrada.com trovi solo prodotti originali e accuratamente selezionati. Codice articolo <b>EM000633 AF19062 GI CB<\/b>.<\/p>\n","ss_composition":"<p>97% cotone 3% elastane<\/p>\n","ss_fit":"<p>Il modello \u00e8 alto 187 cm e indossa la taglia M. La vestibilit\u00e0 del capo \u00e8 regolare. Pezzo unico di campionario.<\/p>\n","ss_etichetta":""},"yoast_head":"<!-- This site is optimized with the Yoast SEO plugin v22.3 - https:\/\/yoast.com\/wordpress\/plugins\/seo\/ -->\n<title>T-shirt pigiama Emporio Armani Marrone tg. M - Acquista online! - Seconda Strada<\/title>\n<meta name=\"description\" content=\"T-shirt pigiama Emporio Armani Marrone tg. M \u27a4 Acquista online su Secondastrada.com T-shirt pigiama Emporio Armani Marrone tg. M \u2714\ufe0f Spedizione veloce entro 24h in tutta Italia \u2714\ufe0f Sconto sul tuo primo acquisto\" \/>\n<meta name=\"robots\" content=\"index, follow, max-snippet:-1, max-image-preview:large, max-video-preview:-1\" \/>\n<link rel=\"canonical\" href=\"https:\/\/www.secondastrada.com\/it\/pigiama-emporio-armani-marrone-tg-m-2\/\" \/>\n<meta property=\"og:locale\" content=\"it_IT\" \/>\n<meta property=\"og:type\" content=\"article\" \/>\n<meta property=\"og:title\" content=\"T-shirt pigiama Emporio Armani Marrone tg. M - Acquista online! - Seconda Strada\" \/>\n<meta property=\"og:description\" content=\"T-shirt pigiama Emporio Armani Marrone tg. M \u27a4 Acquista online su Secondastrada.com T-shirt pigiama Emporio Armani Marrone tg. M \u2714\ufe0f Spedizione veloce entro 24h in tutta Italia \u2714\ufe0f Sconto sul tuo primo acquisto\" \/>\n<meta property=\"og:url\" content=\"https:\/\/www.secondastrada.com\/it\/pigiama-emporio-armani-marrone-tg-m-2\/\" \/>\n<meta property=\"og:site_name\" content=\"Seconda Strada\" \/>\n<meta property=\"article:modified_time\" content=\"2026-03-02T10:48:11+00:00\" \/>\n<meta property=\"og:image\" content=\"https:\/\/www.secondastrada.com\/wp-content\/uploads\/2026\/02\/EM000633-AF19062-GI-CB_MARRONE_PE26_1.jpg\" \/>\n\t<meta property=\"og:image:width\" content=\"1000\" \/>\n\t<meta property=\"og:image:height\" content=\"1300\" \/>\n\t<meta property=\"og:image:type\" content=\"image\/jpeg\" \/>\n<meta name=\"twitter:card\" content=\"summary_large_image\" \/>\n<meta name=\"twitter:label1\" content=\"Tempo di lettura stimato\" \/>\n\t<meta name=\"twitter:data1\" content=\"2 minuti\" \/>\n<!-- \/ Yoast SEO plugin. -->","yoast_head_json":{"title":"T-shirt pigiama Emporio Armani Marrone tg. M - Acquista online! - Seconda Strada","description":"T-shirt pigiama Emporio Armani Marrone tg. M \u27a4 Acquista online su Secondastrada.com T-shirt pigiama Emporio Armani Marrone tg. M \u2714\ufe0f Spedizione veloce entro 24h in tutta Italia \u2714\ufe0f Sconto sul tuo primo acquisto","robots":{"index":"index","follow":"follow","max-snippet":"max-snippet:-1","max-image-preview":"max-image-preview:large","max-video-preview":"max-video-preview:-1"},"canonical":"https:\/\/www.secondastrada.com\/it\/pigiama-emporio-armani-marrone-tg-m-2\/","og_locale":"it_IT","og_type":"article","og_title":"T-shirt pigiama Emporio Armani Marrone tg. M - Acquista online! - Seconda Strada","og_description":"T-shirt pigiama Emporio Armani Marrone tg. M \u27a4 Acquista online su Secondastrada.com T-shirt pigiama Emporio Armani Marrone tg. M \u2714\ufe0f Spedizione veloce entro 24h in tutta Italia \u2714\ufe0f Sconto sul tuo primo acquisto","og_url":"https:\/\/www.secondastrada.com\/it\/pigiama-emporio-armani-marrone-tg-m-2\/","og_site_name":"Seconda Strada","article_modified_time":"2026-03-02T10:48:11+00:00","og_image":[{"width":1000,"height":1300,"url":"https:\/\/www.secondastrada.com\/wp-content\/uploads\/2026\/02\/EM000633-AF19062-GI-CB_MARRONE_PE26_1.jpg","type":"image\/jpeg"}],"twitter_card":"summary_large_image","twitter_misc":{"Tempo di lettura stimato":"2 minuti"},"schema":{"@context":"https:\/\/schema.org","@graph":[{"@type":"WebPage","@id":"https:\/\/www.secondastrada.com\/it\/pigiama-emporio-armani-marrone-tg-m-2\/","url":"https:\/\/www.secondastrada.com\/it\/pigiama-emporio-armani-marrone-tg-m-2\/","name":"T-shirt pigiama Emporio Armani Marrone tg. M - Acquista online! - Seconda Strada","isPartOf":{"@id":"https:\/\/www.secondastrada.com\/it\/#website"},"primaryImageOfPage":{"@id":"https:\/\/www.secondastrada.com\/it\/pigiama-emporio-armani-marrone-tg-m-2\/#primaryimage"},"image":{"@id":"https:\/\/www.secondastrada.com\/it\/pigiama-emporio-armani-marrone-tg-m-2\/#primaryimage"},"thumbnailUrl":"https:\/\/www.secondastrada.com\/wp-content\/uploads\/2026\/02\/EM000633-AF19062-GI-CB_MARRONE_PE26_1.jpg","datePublished":"2026-02-20T13:41:43+00:00","dateModified":"2026-03-02T10:48:11+00:00","description":"T-shirt pigiama Emporio Armani Marrone tg. M \u27a4 Acquista online su Secondastrada.com T-shirt pigiama Emporio Armani Marrone tg. M \u2714\ufe0f Spedizione veloce entro 24h in tutta Italia \u2714\ufe0f Sconto sul tuo primo acquisto","breadcrumb":{"@id":"https:\/\/www.secondastrada.com\/it\/pigiama-emporio-armani-marrone-tg-m-2\/#breadcrumb"},"inLanguage":"it-IT","potentialAction":[{"@type":"ReadAction","target":["https:\/\/www.secondastrada.com\/it\/pigiama-emporio-armani-marrone-tg-m-2\/"]}]},{"@type":"ImageObject","inLanguage":"it-IT","@id":"https:\/\/www.secondastrada.com\/it\/pigiama-emporio-armani-marrone-tg-m-2\/#primaryimage","url":"https:\/\/www.secondastrada.com\/wp-content\/uploads\/2026\/02\/EM000633-AF19062-GI-CB_MARRONE_PE26_1.jpg","contentUrl":"https:\/\/www.secondastrada.com\/wp-content\/uploads\/2026\/02\/EM000633-AF19062-GI-CB_MARRONE_PE26_1.jpg","width":1000,"height":1300,"caption":"EM000633-AF19062-GI-CB_MARRONE_PE26"},{"@type":"BreadcrumbList","@id":"https:\/\/www.secondastrada.com\/it\/pigiama-emporio-armani-marrone-tg-m-2\/#breadcrumb","itemListElement":[{"@type":"ListItem","position":1,"name":"Home","item":"https:\/\/www.secondastrada.com\/it\/"},{"@type":"ListItem","position":2,"name":"Shop","item":"https:\/\/www.secondastrada.com\/it\/shop\/"},{"@type":"ListItem","position":3,"name":"Uomo","item":"https:\/\/www.secondastrada.com\/it\/collezione-uomo\/"},{"@type":"ListItem","position":4,"name":"Abbigliamento","item":"https:\/\/www.secondastrada.com\/it\/collezione-uomo\/abbigliamento-uomo\/"},{"@type":"ListItem","position":5,"name":"Intimo","item":"https:\/\/www.secondastrada.com\/it\/collezione-uomo\/abbigliamento-uomo\/intimo-da-uomo\/"},{"@type":"ListItem","position":6,"name":"T-shirt pigiama Emporio Armani Marrone tg. M"}]},{"@type":"WebSite","@id":"https:\/\/www.secondastrada.com\/it\/#website","url":"https:\/\/www.secondastrada.com\/it\/","name":"Seconda Strada","description":"","publisher":{"@id":"https:\/\/www.secondastrada.com\/it\/#organization"},"potentialAction":[{"@type":"SearchAction","target":{"@type":"EntryPoint","urlTemplate":"https:\/\/www.secondastrada.com\/it\/?s={search_term_string}"},"query-input":"required name=search_term_string"}],"inLanguage":"it-IT"},{"@type":"Organization","@id":"https:\/\/www.secondastrada.com\/it\/#organization","name":"Seconda Strada","url":"https:\/\/www.secondastrada.com\/it\/","logo":{"@type":"ImageObject","inLanguage":"it-IT","@id":"https:\/\/www.secondastrada.com\/it\/#\/schema\/logo\/image\/","url":"https:\/\/www.secondastrada.com\/wp-content\/uploads\/2023\/11\/secondastrada-logo.svg","contentUrl":"https:\/\/www.secondastrada.com\/wp-content\/uploads\/2023\/11\/secondastrada-logo.svg","width":353,"height":47,"caption":"Seconda Strada"},"image":{"@id":"https:\/\/www.secondastrada.com\/it\/#\/schema\/logo\/image\/"}}]}},"df_price":57.99,"df_sale_price":"","df_regular_price":57.99,"df_image_link":"https:\/\/www.secondastrada.com\/wp-content\/uploads\/2026\/02\/EM000633-AF19062-GI-CB_MARRONE_PE26_1-300x300.jpg","_links":{"self":[{"href":"https:\/\/www.secondastrada.com\/it\/wp-json\/wp\/v2\/product\/337498"}],"collection":[{"href":"https:\/\/www.secondastrada.com\/it\/wp-json\/wp\/v2\/product"}],"about":[{"href":"https:\/\/www.secondastrada.com\/it\/wp-json\/wp\/v2\/types\/product"}],"wp:featuredmedia":[{"embeddable":true,"href":"https:\/\/www.secondastrada.com\/it\/wp-json\/wp\/v2\/media\/337641"}],"wp:attachment":[{"href":"https:\/\/www.secondastrada.com\/it\/wp-json\/wp\/v2\/media?parent=337498"}],"wp:term":[{"taxonomy":"ss_brand","embeddable":true,"href":"https:\/\/www.secondastrada.com\/it\/wp-json\/wp\/v2\/ss_brand?post=337498"},{"taxonomy":"ss_promo","embeddable":true,"href":"https:\/\/www.secondastrada.com\/it\/wp-json\/wp\/v2\/ss_promo?post=337498"},{"taxonomy":"ss_season","embeddable":true,"href":"https:\/\/www.secondastrada.com\/it\/wp-json\/wp\/v2\/ss_season?post=337498"},{"taxonomy":"product_cat","embeddable":true,"href":"https:\/\/www.secondastrada.com\/it\/wp-json\/wp\/v2\/product_cat?post=337498"},{"taxonomy":"product_tag","embeddable":true,"href":"https:\/\/www.secondastrada.com\/it\/wp-json\/wp\/v2\/product_tag?post=337498"}],"curies":[{"name":"wp","href":"https:\/\/api.w.org\/{rel}","templated":true}]}}