{"id":337504,"date":"2026-02-20T12:26:15","date_gmt":"2026-02-20T11:26:15","guid":{"rendered":"https:\/\/www.secondastrada.com\/it\/sottoveste-emporio-armani-bianca-tg-s\/"},"modified":"2026-03-26T12:57:34","modified_gmt":"2026-03-26T11:57:34","slug":"sottoveste-emporio-armani-bianca-tg-s","status":"publish","type":"product","link":"https:\/\/www.secondastrada.com\/it\/sottoveste-emporio-armani-bianca-tg-s\/","title":{"rendered":"Sottoveste Emporio Armani Bianca tg.S"},"content":{"rendered":"<p><b>Sottoveste EMPORIO ARMANI<\/b><br \/>\nL\u2019<b>Intimo EMPORIO ARMANI<\/b> bianco da donna \u00e8 una proposta raffinata e femminile, perfetta per vivere la stagione pi\u00f9 calda con comfort e stile. Questo <b>Intimo da donna adatta alla stagione primavera estate<\/b> si distingue per il design delicato e curato nei dettagli, grazie alla <b>camicia da notte in sangallo, con taschino e bottoni ad asola<\/b> che donano un tocco romantico e ricercato.<br \/>\nRealizzato in 97% cotone e 3% elastane, il tessuto garantisce freschezza, traspirabilit\u00e0 e una leggera elasticit\u00e0 che assicura libert\u00e0 di movimento. Il sangallo aggiunge leggerezza e luminosit\u00e0, mentre il taschino e i bottoni sul fronte completano il capo con un\u2019eleganza discreta. La vestibilit\u00e0 \u00e8 regolare: la modella \u00e8 alta 165 cm e indossa la taglia S. Si tratta di un pezzo unico di campionario, selezionato per offrirti esclusivit\u00e0 e qualit\u00e0 firmata Armani.<br \/>\nL\u2019<b>Intimo con camicia da notte in sangallo, con taschino e bottoni ad asola<\/b> \u00e8 ideale nel tempo libero di sera, per rilassarti con stile dopo una lunga giornata. Puoi abbinarlo a un top coordinato e shorts della stessa linea per creare un completo armonioso e femminile, perfetto anche per momenti di relax durante il weekend.<br \/>\nScegli un capo che unisce comfort, eleganza e identit\u00e0 iconica. Su SecondaStrada.com trovi solo prodotti originali e accuratamente selezionati. Codice articolo <b>EW002737 AF19038 GI CB<\/b>.<\/p>\n","protected":false},"excerpt":{"rendered":"<p>Sottoveste EMPORIO ARMANI L\u2019Intimo EMPORIO ARMANI bianco da donna \u00e8 una proposta raffinata e femminile, perfetta per vivere la stagione pi\u00f9 calda con comfort e stile. Questo Intimo da donna adatta alla stagione primavera estate si distingue per il design delicato e curato nei dettagli, grazie alla camicia da notte in sangallo, con taschino e&#8230;<\/p>\n","protected":false},"featured_media":337463,"template":"","meta":{"inline_featured_image":false},"ss_brand":[1241],"ss_promo":[],"ss_season":[2531],"product_cat":[1658,2009,2537,2015],"product_tag":[1953,2402,1995],"class_list":{"0":"post-337504","1":"product","2":"type-product","3":"status-publish","4":"has-post-thumbnail","6":"ss_brand-emporio-armani-donna","7":"ss_season-pe26","8":"product_cat-collezione-donna","9":"product_cat-intimo-da-donna","10":"product_cat-set-coordinati-da-donna","11":"product_cat-underwear-da-donna","12":"product_tag-campionario","13":"product_tag-look-da-mare-donna","14":"product_tag-nuovi-arrivi-donna","16":"first","17":"instock","18":"shipping-taxable","19":"purchasable","20":"product-type-variable","21":"has-default-attributes"},"acf":{"ss_brand":[{"term_id":1241,"name":"EMPORIO ARMANI","slug":"emporio-armani-donna","term_group":0,"term_taxonomy_id":1241,"taxonomy":"ss_brand","description":"Emporio Armani: il brand made in Italy dall\u2019impronta young amato in tutto il mondo a prezzi super!","parent":1201,"count":20,"filter":"raw"}],"ss_promo":false,"ss_season":[{"term_id":2531,"name":"PE26","slug":"pe26","term_group":0,"term_taxonomy_id":2531,"taxonomy":"ss_season","description":"","parent":0,"count":1152,"filter":"raw"}],"ss_old_price":"124,00","ss_omnibus_price":"0,00","ss_style_advice":"<p><b>Sottoveste EMPORIO ARMANI<\/b><br \/>\nL\u2019<b>Intimo EMPORIO ARMANI<\/b> bianco da donna \u00e8 una proposta raffinata e femminile, perfetta per vivere la stagione pi\u00f9 calda con comfort e stile. Questo <b>Intimo da donna adatta alla stagione primavera estate<\/b> si distingue per il design delicato e curato nei dettagli, grazie alla <b>camicia da notte in sangallo, con taschino e bottoni ad asola<\/b> che donano un tocco romantico e ricercato.<br \/>\nRealizzato in 97% cotone e 3% elastane, il tessuto garantisce freschezza, traspirabilit\u00e0 e una leggera elasticit\u00e0 che assicura libert\u00e0 di movimento. Il sangallo aggiunge leggerezza e luminosit\u00e0, mentre il taschino e i bottoni sul fronte completano il capo con un\u2019eleganza discreta. La vestibilit\u00e0 \u00e8 regolare: la modella \u00e8 alta 165 cm e indossa la taglia S. Si tratta di un pezzo unico di campionario, selezionato per offrirti esclusivit\u00e0 e qualit\u00e0 firmata Armani.<br \/>\nL\u2019<b>Intimo con camicia da notte in sangallo, con taschino e bottoni ad asola<\/b> \u00e8 ideale nel tempo libero di sera, per rilassarti con stile dopo una lunga giornata. Puoi abbinarlo a un top coordinato e shorts della stessa linea per creare un completo armonioso e femminile, perfetto anche per momenti di relax durante il weekend.<br \/>\nScegli un capo che unisce comfort, eleganza e identit\u00e0 iconica. Su SecondaStrada.com trovi solo prodotti originali e accuratamente selezionati. Codice articolo <b>EW002737 AF19038 GI CB<\/b>.<\/p>\n","ss_composition":"<p>97% cotone 3% elastane<\/p>\n","ss_fit":"<p>La modella \u00e8 alta 165 cm e indossa la taglia S. La vestibilit\u00e0 del capo \u00e8 regolare. Pezzo unico di campionario.<\/p>\n"},"yoast_head":"<!-- This site is optimized with the Yoast SEO plugin v22.3 - https:\/\/yoast.com\/wordpress\/plugins\/seo\/ -->\n<title>Sottoveste Emporio Armani Bianca tg.S - Acquista online! - Seconda Strada<\/title>\n<meta name=\"description\" content=\"Sottoveste Emporio Armani Bianca tg.S \u27a4 Acquista online su Secondastrada.com Sottoveste Emporio Armani Bianca tg.S \u2714\ufe0f Spedizione veloce entro 24h in tutta Italia \u2714\ufe0f Sconto sul tuo primo acquisto\" \/>\n<meta name=\"robots\" content=\"index, follow, max-snippet:-1, max-image-preview:large, max-video-preview:-1\" \/>\n<link rel=\"canonical\" href=\"https:\/\/www.secondastrada.com\/it\/sottoveste-emporio-armani-bianca-tg-s\/\" \/>\n<meta property=\"og:locale\" content=\"it_IT\" \/>\n<meta property=\"og:type\" content=\"article\" \/>\n<meta property=\"og:title\" content=\"Sottoveste Emporio Armani Bianca tg.S - Acquista online! - Seconda Strada\" \/>\n<meta property=\"og:description\" content=\"Sottoveste Emporio Armani Bianca tg.S \u27a4 Acquista online su Secondastrada.com Sottoveste Emporio Armani Bianca tg.S \u2714\ufe0f Spedizione veloce entro 24h in tutta Italia \u2714\ufe0f Sconto sul tuo primo acquisto\" \/>\n<meta property=\"og:url\" content=\"https:\/\/www.secondastrada.com\/it\/sottoveste-emporio-armani-bianca-tg-s\/\" \/>\n<meta property=\"og:site_name\" content=\"Seconda Strada\" \/>\n<meta property=\"article:modified_time\" content=\"2026-03-26T11:57:34+00:00\" \/>\n<meta property=\"og:image\" content=\"https:\/\/www.secondastrada.com\/wp-content\/uploads\/2026\/02\/EW002737-AF19038-GI-CB_BIANCO_PE26_1.jpg\" \/>\n\t<meta property=\"og:image:width\" content=\"1000\" \/>\n\t<meta property=\"og:image:height\" content=\"1300\" \/>\n\t<meta property=\"og:image:type\" content=\"image\/jpeg\" \/>\n<meta name=\"twitter:card\" content=\"summary_large_image\" \/>\n<meta name=\"twitter:label1\" content=\"Tempo di lettura stimato\" \/>\n\t<meta name=\"twitter:data1\" content=\"1 minuto\" \/>\n<!-- \/ Yoast SEO plugin. -->","yoast_head_json":{"title":"Sottoveste Emporio Armani Bianca tg.S - Acquista online! - Seconda Strada","description":"Sottoveste Emporio Armani Bianca tg.S \u27a4 Acquista online su Secondastrada.com Sottoveste Emporio Armani Bianca tg.S \u2714\ufe0f Spedizione veloce entro 24h in tutta Italia \u2714\ufe0f Sconto sul tuo primo acquisto","robots":{"index":"index","follow":"follow","max-snippet":"max-snippet:-1","max-image-preview":"max-image-preview:large","max-video-preview":"max-video-preview:-1"},"canonical":"https:\/\/www.secondastrada.com\/it\/sottoveste-emporio-armani-bianca-tg-s\/","og_locale":"it_IT","og_type":"article","og_title":"Sottoveste Emporio Armani Bianca tg.S - Acquista online! - Seconda Strada","og_description":"Sottoveste Emporio Armani Bianca tg.S \u27a4 Acquista online su Secondastrada.com Sottoveste Emporio Armani Bianca tg.S \u2714\ufe0f Spedizione veloce entro 24h in tutta Italia \u2714\ufe0f Sconto sul tuo primo acquisto","og_url":"https:\/\/www.secondastrada.com\/it\/sottoveste-emporio-armani-bianca-tg-s\/","og_site_name":"Seconda Strada","article_modified_time":"2026-03-26T11:57:34+00:00","og_image":[{"width":1000,"height":1300,"url":"https:\/\/www.secondastrada.com\/wp-content\/uploads\/2026\/02\/EW002737-AF19038-GI-CB_BIANCO_PE26_1.jpg","type":"image\/jpeg"}],"twitter_card":"summary_large_image","twitter_misc":{"Tempo di lettura stimato":"1 minuto"},"schema":{"@context":"https:\/\/schema.org","@graph":[{"@type":"WebPage","@id":"https:\/\/www.secondastrada.com\/it\/sottoveste-emporio-armani-bianca-tg-s\/","url":"https:\/\/www.secondastrada.com\/it\/sottoveste-emporio-armani-bianca-tg-s\/","name":"Sottoveste Emporio Armani Bianca tg.S - Acquista online! - Seconda Strada","isPartOf":{"@id":"https:\/\/www.secondastrada.com\/it\/#website"},"primaryImageOfPage":{"@id":"https:\/\/www.secondastrada.com\/it\/sottoveste-emporio-armani-bianca-tg-s\/#primaryimage"},"image":{"@id":"https:\/\/www.secondastrada.com\/it\/sottoveste-emporio-armani-bianca-tg-s\/#primaryimage"},"thumbnailUrl":"https:\/\/www.secondastrada.com\/wp-content\/uploads\/2026\/02\/EW002737-AF19038-GI-CB_BIANCO_PE26_1.jpg","datePublished":"2026-02-20T11:26:15+00:00","dateModified":"2026-03-26T11:57:34+00:00","description":"Sottoveste Emporio Armani Bianca tg.S \u27a4 Acquista online su Secondastrada.com Sottoveste Emporio Armani Bianca tg.S \u2714\ufe0f Spedizione veloce entro 24h in tutta Italia \u2714\ufe0f Sconto sul tuo primo acquisto","breadcrumb":{"@id":"https:\/\/www.secondastrada.com\/it\/sottoveste-emporio-armani-bianca-tg-s\/#breadcrumb"},"inLanguage":"it-IT","potentialAction":[{"@type":"ReadAction","target":["https:\/\/www.secondastrada.com\/it\/sottoveste-emporio-armani-bianca-tg-s\/"]}]},{"@type":"ImageObject","inLanguage":"it-IT","@id":"https:\/\/www.secondastrada.com\/it\/sottoveste-emporio-armani-bianca-tg-s\/#primaryimage","url":"https:\/\/www.secondastrada.com\/wp-content\/uploads\/2026\/02\/EW002737-AF19038-GI-CB_BIANCO_PE26_1.jpg","contentUrl":"https:\/\/www.secondastrada.com\/wp-content\/uploads\/2026\/02\/EW002737-AF19038-GI-CB_BIANCO_PE26_1.jpg","width":1000,"height":1300,"caption":"EW002737-AF19038-GI-CB_BIANCO_PE26"},{"@type":"BreadcrumbList","@id":"https:\/\/www.secondastrada.com\/it\/sottoveste-emporio-armani-bianca-tg-s\/#breadcrumb","itemListElement":[{"@type":"ListItem","position":1,"name":"Home","item":"https:\/\/www.secondastrada.com\/it\/"},{"@type":"ListItem","position":2,"name":"Shop","item":"https:\/\/www.secondastrada.com\/it\/shop\/"},{"@type":"ListItem","position":3,"name":"Donna","item":"https:\/\/www.secondastrada.com\/it\/collezione-donna\/"},{"@type":"ListItem","position":4,"name":"Abbigliamento","item":"https:\/\/www.secondastrada.com\/it\/collezione-donna\/abbigliamento-donna\/"},{"@type":"ListItem","position":5,"name":"Intimo","item":"https:\/\/www.secondastrada.com\/it\/collezione-donna\/abbigliamento-donna\/intimo-da-donna\/"},{"@type":"ListItem","position":6,"name":"Sottoveste Emporio Armani Bianca tg.S"}]},{"@type":"WebSite","@id":"https:\/\/www.secondastrada.com\/it\/#website","url":"https:\/\/www.secondastrada.com\/it\/","name":"Seconda Strada","description":"","publisher":{"@id":"https:\/\/www.secondastrada.com\/it\/#organization"},"potentialAction":[{"@type":"SearchAction","target":{"@type":"EntryPoint","urlTemplate":"https:\/\/www.secondastrada.com\/it\/?s={search_term_string}"},"query-input":"required name=search_term_string"}],"inLanguage":"it-IT"},{"@type":"Organization","@id":"https:\/\/www.secondastrada.com\/it\/#organization","name":"Seconda Strada","url":"https:\/\/www.secondastrada.com\/it\/","logo":{"@type":"ImageObject","inLanguage":"it-IT","@id":"https:\/\/www.secondastrada.com\/it\/#\/schema\/logo\/image\/","url":"https:\/\/www.secondastrada.com\/wp-content\/uploads\/2023\/11\/secondastrada-logo.svg","contentUrl":"https:\/\/www.secondastrada.com\/wp-content\/uploads\/2023\/11\/secondastrada-logo.svg","width":353,"height":47,"caption":"Seconda Strada"},"image":{"@id":"https:\/\/www.secondastrada.com\/it\/#\/schema\/logo\/image\/"}}]}},"df_price":73.99,"df_sale_price":"","df_regular_price":73.99,"df_image_link":"https:\/\/www.secondastrada.com\/wp-content\/uploads\/2026\/02\/EW002737-AF19038-GI-CB_BIANCO_PE26_1-300x300.jpg","_links":{"self":[{"href":"https:\/\/www.secondastrada.com\/it\/wp-json\/wp\/v2\/product\/337504"}],"collection":[{"href":"https:\/\/www.secondastrada.com\/it\/wp-json\/wp\/v2\/product"}],"about":[{"href":"https:\/\/www.secondastrada.com\/it\/wp-json\/wp\/v2\/types\/product"}],"wp:featuredmedia":[{"embeddable":true,"href":"https:\/\/www.secondastrada.com\/it\/wp-json\/wp\/v2\/media\/337463"}],"wp:attachment":[{"href":"https:\/\/www.secondastrada.com\/it\/wp-json\/wp\/v2\/media?parent=337504"}],"wp:term":[{"taxonomy":"ss_brand","embeddable":true,"href":"https:\/\/www.secondastrada.com\/it\/wp-json\/wp\/v2\/ss_brand?post=337504"},{"taxonomy":"ss_promo","embeddable":true,"href":"https:\/\/www.secondastrada.com\/it\/wp-json\/wp\/v2\/ss_promo?post=337504"},{"taxonomy":"ss_season","embeddable":true,"href":"https:\/\/www.secondastrada.com\/it\/wp-json\/wp\/v2\/ss_season?post=337504"},{"taxonomy":"product_cat","embeddable":true,"href":"https:\/\/www.secondastrada.com\/it\/wp-json\/wp\/v2\/product_cat?post=337504"},{"taxonomy":"product_tag","embeddable":true,"href":"https:\/\/www.secondastrada.com\/it\/wp-json\/wp\/v2\/product_tag?post=337504"}],"curies":[{"name":"wp","href":"https:\/\/api.w.org\/{rel}","templated":true}]}}