{"id":337506,"date":"2026-02-20T14:39:49","date_gmt":"2026-02-20T13:39:49","guid":{"rendered":"https:\/\/www.secondastrada.com\/it\/pigiama-emporio-armani-rosa-tg-s\/"},"modified":"2026-03-05T10:11:30","modified_gmt":"2026-03-05T09:11:30","slug":"pigiama-emporio-armani-rosa-tg-s","status":"publish","type":"product","link":"https:\/\/www.secondastrada.com\/it\/pigiama-emporio-armani-rosa-tg-s\/","title":{"rendered":"Pigiama t-shirt Emporio Armani Rosa tg.S"},"content":{"rendered":"<section class=\"l-section wpb_row height_medium\"><div class=\"l-section-h i-cf\"><div class=\"g-cols vc_row via_grid cols_1 laptops-cols_inherit tablets-cols_inherit mobiles-cols_1 valign_top type_default stacking_default\"><div class=\"wpb_column vc_column_container\"><div class=\"vc_column-inner\"><div class=\"wpb_text_column\"><div class=\"wpb_wrapper\"><p><b>Pigiama EMPORIO ARMANI<\/b><br \/>\nla t-shirt del <b>Pigiama EMPORIO ARMANI<\/b> rosa da donna \u00e8 la scelta perfetta per vivere i tuoi momenti di relax con stile e comfort. Questo T-shirt<b> da donna adatta alla stagione primavera estate<\/b> si distingue per il design essenziale e femminile, arricchito da <b>maniche corte, logo brand ricamato<\/b> che aggiunge un dettaglio iconico e discreto.<br \/>\nRealizzato in 100% cotone, garantisce freschezza, traspirabilit\u00e0 e una piacevole sensazione sulla pelle, ideale durante le serate pi\u00f9 miti. Il taglio regolare assicura una vestibilit\u00e0 comoda e naturale, perfetta per accompagnarti nei momenti di riposo senza rinunciare all\u2019eleganza. La modella \u00e8 alta 165 cm e indossa la taglia S. Si tratta di un pezzo unico di campionario, selezionato per offrirti esclusivit\u00e0 e qualit\u00e0 firmata Armani.<br \/>\nIl <b>Pigiama con maniche corte, logo brand ricamato<\/b> \u00e8 ideale nel tempo libero di sera, per rilassarti dopo una lunga giornata o per goderti un weekend all\u2019insegna del comfort. Puoi abbinarlo a pantaloni coordinati e a una felpa leggera della stessa linea per creare un completo homewear armonioso e curato nei dettagli.<br \/>\nScegli un capo che unisce praticit\u00e0, morbidezza e stile senza tempo. Su SecondaStrada.com trovi solo prodotti originali e accuratamente selezionati. Codice articolo <b>EW003044 AF19039 GI CB<\/b>.<\/p>\n<\/div><\/div><\/div><\/div><\/div><\/div><\/section>\n","protected":false},"excerpt":{"rendered":"Pigiama EMPORIO ARMANI la t-shirt del Pigiama EMPORIO ARMANI rosa da donna \u00e8 la scelta perfetta per vivere i tuoi momenti di relax con stile e comfort. Questo T-shirt da donna adatta alla stagione primavera estate si distingue per il design essenziale e femminile, arricchito da maniche corte, logo brand ricamato che aggiunge un dettaglio...","protected":false},"featured_media":337606,"template":"","meta":{"inline_featured_image":false},"ss_brand":[1241],"ss_promo":[],"ss_season":[2531],"product_cat":[1658,2009,2015],"product_tag":[1953,1995],"class_list":{"0":"post-337506","1":"product","2":"type-product","3":"status-publish","4":"has-post-thumbnail","6":"ss_brand-emporio-armani-donna","7":"ss_season-pe26","8":"product_cat-collezione-donna","9":"product_cat-intimo-da-donna","10":"product_cat-underwear-da-donna","11":"product_tag-campionario","12":"product_tag-nuovi-arrivi-donna","14":"first","15":"instock","16":"shipping-taxable","17":"purchasable","18":"product-type-variable","19":"has-default-attributes"},"acf":{"ss_brand":[{"term_id":1241,"name":"EMPORIO ARMANI","slug":"emporio-armani-donna","term_group":0,"term_taxonomy_id":1241,"taxonomy":"ss_brand","description":"Emporio Armani: il brand made in Italy dall\u2019impronta young amato in tutto il mondo a prezzi super!","parent":1201,"count":20,"filter":"raw"}],"ss_promo":false,"ss_season":[{"term_id":2531,"name":"PE26","slug":"pe26","term_group":0,"term_taxonomy_id":2531,"taxonomy":"ss_season","description":"","parent":0,"count":1152,"filter":"raw"}],"ss_old_price":"49,00","ss_omnibus_price":"0,00","ss_style_advice":"<p><b>Pigiama EMPORIO ARMANI<\/b><br \/>\nIl <b>Pigiama EMPORIO ARMANI<\/b> rosa da donna \u00e8 la scelta perfetta per vivere i tuoi momenti di relax con stile e comfort. Questo <b>Pigiama da donna adatto alla stagione primavera estate<\/b> si distingue per il design essenziale e femminile, arricchito da <b>maniche corte, logo brand ricamato<\/b> che aggiunge un dettaglio iconico e discreto.<br \/>\nRealizzato in 100% cotone, garantisce freschezza, traspirabilit\u00e0 e una piacevole sensazione sulla pelle, ideale durante le serate pi\u00f9 miti. Il taglio regolare assicura una vestibilit\u00e0 comoda e naturale, perfetta per accompagnarti nei momenti di riposo senza rinunciare all\u2019eleganza. La modella \u00e8 alta 165 cm e indossa la taglia S. Si tratta di un pezzo unico di campionario, selezionato per offrirti esclusivit\u00e0 e qualit\u00e0 firmata Armani.<br \/>\nIl <b>Pigiama con maniche corte, logo brand ricamato<\/b> \u00e8 ideale nel tempo libero di sera, per rilassarti dopo una lunga giornata o per goderti un weekend all\u2019insegna del comfort. Puoi abbinarlo a pantaloni coordinati e a una felpa leggera della stessa linea per creare un completo homewear armonioso e curato nei dettagli.<br \/>\nScegli un capo che unisce praticit\u00e0, morbidezza e stile senza tempo. Su SecondaStrada.com trovi solo prodotti originali e accuratamente selezionati. Codice articolo <b>EW003044 AF19039 GI CB<\/b>.<\/p>\n","ss_composition":"<p>100% cotone<\/p>\n","ss_fit":"<p>La modella \u00e8 alta 165 cm e indossa la taglia S. La vestibilit\u00e0 del capo \u00e8 regolare. Pezzo unico di campionario.<\/p>\n","ss_etichetta":""},"yoast_head":"<!-- This site is optimized with the Yoast SEO plugin v22.3 - https:\/\/yoast.com\/wordpress\/plugins\/seo\/ -->\n<title>Pigiama t-shirt Emporio Armani Rosa tg.S - Acquista online! - Seconda Strada<\/title>\n<meta name=\"description\" content=\"Pigiama t-shirt Emporio Armani Rosa tg.S \u27a4 Acquista online su Secondastrada.com Pigiama t-shirt Emporio Armani Rosa tg.S \u2714\ufe0f Spedizione veloce entro 24h in tutta Italia \u2714\ufe0f Sconto sul tuo primo acquisto\" \/>\n<meta name=\"robots\" content=\"index, follow, max-snippet:-1, max-image-preview:large, max-video-preview:-1\" \/>\n<link rel=\"canonical\" href=\"https:\/\/www.secondastrada.com\/it\/pigiama-emporio-armani-rosa-tg-s\/\" \/>\n<meta property=\"og:locale\" content=\"it_IT\" \/>\n<meta property=\"og:type\" content=\"article\" \/>\n<meta property=\"og:title\" content=\"Pigiama t-shirt Emporio Armani Rosa tg.S - Acquista online! - Seconda Strada\" \/>\n<meta property=\"og:description\" content=\"Pigiama t-shirt Emporio Armani Rosa tg.S \u27a4 Acquista online su Secondastrada.com Pigiama t-shirt Emporio Armani Rosa tg.S \u2714\ufe0f Spedizione veloce entro 24h in tutta Italia \u2714\ufe0f Sconto sul tuo primo acquisto\" \/>\n<meta property=\"og:url\" content=\"https:\/\/www.secondastrada.com\/it\/pigiama-emporio-armani-rosa-tg-s\/\" \/>\n<meta property=\"og:site_name\" content=\"Seconda Strada\" \/>\n<meta property=\"article:modified_time\" content=\"2026-03-05T09:11:30+00:00\" \/>\n<meta property=\"og:image\" content=\"https:\/\/www.secondastrada.com\/wp-content\/uploads\/2026\/02\/EW003044-AF19039-GI-CB_ROSA_PE26_1.jpg\" \/>\n\t<meta property=\"og:image:width\" content=\"1000\" \/>\n\t<meta property=\"og:image:height\" content=\"1300\" \/>\n\t<meta property=\"og:image:type\" content=\"image\/jpeg\" \/>\n<meta name=\"twitter:card\" content=\"summary_large_image\" \/>\n<meta name=\"twitter:label1\" content=\"Tempo di lettura stimato\" \/>\n\t<meta name=\"twitter:data1\" content=\"2 minuti\" \/>\n<!-- \/ Yoast SEO plugin. -->","yoast_head_json":{"title":"Pigiama t-shirt Emporio Armani Rosa tg.S - Acquista online! - Seconda Strada","description":"Pigiama t-shirt Emporio Armani Rosa tg.S \u27a4 Acquista online su Secondastrada.com Pigiama t-shirt Emporio Armani Rosa tg.S \u2714\ufe0f Spedizione veloce entro 24h in tutta Italia \u2714\ufe0f Sconto sul tuo primo acquisto","robots":{"index":"index","follow":"follow","max-snippet":"max-snippet:-1","max-image-preview":"max-image-preview:large","max-video-preview":"max-video-preview:-1"},"canonical":"https:\/\/www.secondastrada.com\/it\/pigiama-emporio-armani-rosa-tg-s\/","og_locale":"it_IT","og_type":"article","og_title":"Pigiama t-shirt Emporio Armani Rosa tg.S - Acquista online! - Seconda Strada","og_description":"Pigiama t-shirt Emporio Armani Rosa tg.S \u27a4 Acquista online su Secondastrada.com Pigiama t-shirt Emporio Armani Rosa tg.S \u2714\ufe0f Spedizione veloce entro 24h in tutta Italia \u2714\ufe0f Sconto sul tuo primo acquisto","og_url":"https:\/\/www.secondastrada.com\/it\/pigiama-emporio-armani-rosa-tg-s\/","og_site_name":"Seconda Strada","article_modified_time":"2026-03-05T09:11:30+00:00","og_image":[{"width":1000,"height":1300,"url":"https:\/\/www.secondastrada.com\/wp-content\/uploads\/2026\/02\/EW003044-AF19039-GI-CB_ROSA_PE26_1.jpg","type":"image\/jpeg"}],"twitter_card":"summary_large_image","twitter_misc":{"Tempo di lettura stimato":"2 minuti"},"schema":{"@context":"https:\/\/schema.org","@graph":[{"@type":"WebPage","@id":"https:\/\/www.secondastrada.com\/it\/pigiama-emporio-armani-rosa-tg-s\/","url":"https:\/\/www.secondastrada.com\/it\/pigiama-emporio-armani-rosa-tg-s\/","name":"Pigiama t-shirt Emporio Armani Rosa tg.S - Acquista online! - Seconda Strada","isPartOf":{"@id":"https:\/\/www.secondastrada.com\/it\/#website"},"primaryImageOfPage":{"@id":"https:\/\/www.secondastrada.com\/it\/pigiama-emporio-armani-rosa-tg-s\/#primaryimage"},"image":{"@id":"https:\/\/www.secondastrada.com\/it\/pigiama-emporio-armani-rosa-tg-s\/#primaryimage"},"thumbnailUrl":"https:\/\/www.secondastrada.com\/wp-content\/uploads\/2026\/02\/EW003044-AF19039-GI-CB_ROSA_PE26_1.jpg","datePublished":"2026-02-20T13:39:49+00:00","dateModified":"2026-03-05T09:11:30+00:00","description":"Pigiama t-shirt Emporio Armani Rosa tg.S \u27a4 Acquista online su Secondastrada.com Pigiama t-shirt Emporio Armani Rosa tg.S \u2714\ufe0f Spedizione veloce entro 24h in tutta Italia \u2714\ufe0f Sconto sul tuo primo acquisto","breadcrumb":{"@id":"https:\/\/www.secondastrada.com\/it\/pigiama-emporio-armani-rosa-tg-s\/#breadcrumb"},"inLanguage":"it-IT","potentialAction":[{"@type":"ReadAction","target":["https:\/\/www.secondastrada.com\/it\/pigiama-emporio-armani-rosa-tg-s\/"]}]},{"@type":"ImageObject","inLanguage":"it-IT","@id":"https:\/\/www.secondastrada.com\/it\/pigiama-emporio-armani-rosa-tg-s\/#primaryimage","url":"https:\/\/www.secondastrada.com\/wp-content\/uploads\/2026\/02\/EW003044-AF19039-GI-CB_ROSA_PE26_1.jpg","contentUrl":"https:\/\/www.secondastrada.com\/wp-content\/uploads\/2026\/02\/EW003044-AF19039-GI-CB_ROSA_PE26_1.jpg","width":1000,"height":1300,"caption":"EW003044-AF19039-GI-CB_ROSA_PE26"},{"@type":"BreadcrumbList","@id":"https:\/\/www.secondastrada.com\/it\/pigiama-emporio-armani-rosa-tg-s\/#breadcrumb","itemListElement":[{"@type":"ListItem","position":1,"name":"Home","item":"https:\/\/www.secondastrada.com\/it\/"},{"@type":"ListItem","position":2,"name":"Shop","item":"https:\/\/www.secondastrada.com\/it\/shop\/"},{"@type":"ListItem","position":3,"name":"Donna","item":"https:\/\/www.secondastrada.com\/it\/collezione-donna\/"},{"@type":"ListItem","position":4,"name":"Abbigliamento","item":"https:\/\/www.secondastrada.com\/it\/collezione-donna\/abbigliamento-donna\/"},{"@type":"ListItem","position":5,"name":"Intimo","item":"https:\/\/www.secondastrada.com\/it\/collezione-donna\/abbigliamento-donna\/intimo-da-donna\/"},{"@type":"ListItem","position":6,"name":"Pigiama t-shirt Emporio Armani Rosa tg.S"}]},{"@type":"WebSite","@id":"https:\/\/www.secondastrada.com\/it\/#website","url":"https:\/\/www.secondastrada.com\/it\/","name":"Seconda Strada","description":"","publisher":{"@id":"https:\/\/www.secondastrada.com\/it\/#organization"},"potentialAction":[{"@type":"SearchAction","target":{"@type":"EntryPoint","urlTemplate":"https:\/\/www.secondastrada.com\/it\/?s={search_term_string}"},"query-input":"required name=search_term_string"}],"inLanguage":"it-IT"},{"@type":"Organization","@id":"https:\/\/www.secondastrada.com\/it\/#organization","name":"Seconda Strada","url":"https:\/\/www.secondastrada.com\/it\/","logo":{"@type":"ImageObject","inLanguage":"it-IT","@id":"https:\/\/www.secondastrada.com\/it\/#\/schema\/logo\/image\/","url":"https:\/\/www.secondastrada.com\/wp-content\/uploads\/2023\/11\/secondastrada-logo.svg","contentUrl":"https:\/\/www.secondastrada.com\/wp-content\/uploads\/2023\/11\/secondastrada-logo.svg","width":353,"height":47,"caption":"Seconda Strada"},"image":{"@id":"https:\/\/www.secondastrada.com\/it\/#\/schema\/logo\/image\/"}}]}},"df_price":29.99,"df_sale_price":"","df_regular_price":29.99,"df_image_link":"https:\/\/www.secondastrada.com\/wp-content\/uploads\/2026\/02\/EW003044-AF19039-GI-CB_ROSA_PE26_1-300x300.jpg","_links":{"self":[{"href":"https:\/\/www.secondastrada.com\/it\/wp-json\/wp\/v2\/product\/337506"}],"collection":[{"href":"https:\/\/www.secondastrada.com\/it\/wp-json\/wp\/v2\/product"}],"about":[{"href":"https:\/\/www.secondastrada.com\/it\/wp-json\/wp\/v2\/types\/product"}],"wp:featuredmedia":[{"embeddable":true,"href":"https:\/\/www.secondastrada.com\/it\/wp-json\/wp\/v2\/media\/337606"}],"wp:attachment":[{"href":"https:\/\/www.secondastrada.com\/it\/wp-json\/wp\/v2\/media?parent=337506"}],"wp:term":[{"taxonomy":"ss_brand","embeddable":true,"href":"https:\/\/www.secondastrada.com\/it\/wp-json\/wp\/v2\/ss_brand?post=337506"},{"taxonomy":"ss_promo","embeddable":true,"href":"https:\/\/www.secondastrada.com\/it\/wp-json\/wp\/v2\/ss_promo?post=337506"},{"taxonomy":"ss_season","embeddable":true,"href":"https:\/\/www.secondastrada.com\/it\/wp-json\/wp\/v2\/ss_season?post=337506"},{"taxonomy":"product_cat","embeddable":true,"href":"https:\/\/www.secondastrada.com\/it\/wp-json\/wp\/v2\/product_cat?post=337506"},{"taxonomy":"product_tag","embeddable":true,"href":"https:\/\/www.secondastrada.com\/it\/wp-json\/wp\/v2\/product_tag?post=337506"}],"curies":[{"name":"wp","href":"https:\/\/api.w.org\/{rel}","templated":true}]}}