{"id":337508,"date":"2026-02-20T14:39:46","date_gmt":"2026-02-20T13:39:46","guid":{"rendered":"https:\/\/www.secondastrada.com\/it\/pigiama-emporio-armani-rosa-tg-s-2\/"},"modified":"2026-03-04T11:58:08","modified_gmt":"2026-03-04T10:58:08","slug":"pigiama-emporio-armani-rosa-tg-s-2","status":"publish","type":"product","link":"https:\/\/www.secondastrada.com\/it\/pigiama-emporio-armani-rosa-tg-s-2\/","title":{"rendered":"Pantaloni Pigiama Emporio Armani Rosa tg.S"},"content":{"rendered":"<section class=\"l-section wpb_row height_medium\"><div class=\"l-section-h i-cf\"><div class=\"g-cols vc_row via_grid cols_1 laptops-cols_inherit tablets-cols_inherit mobiles-cols_1 valign_top type_default stacking_default\"><div class=\"wpb_column vc_column_container\"><div class=\"vc_column-inner\"><div class=\"wpb_text_column\"><div class=\"wpb_wrapper\"><p><b>Pigiama EMPORIO ARMANI<\/b><br \/>\nI pantaloni del <b>Pigiama EMPORIO ARMANI<\/b> rosa da donna \u00e8 la scelta ideale per vivere i tuoi momenti di relax con comfort e stile contemporaneo. Questo <b>Pigiama da donna adatta alla stagione primavera estate<\/b> \u00e8 pensato per offrirti leggerezza e praticit\u00e0, grazie a dettagli funzionali come <b>tasche, elastico in girovita<\/b> che assicurano una vestibilit\u00e0 comoda e naturale.<br \/>\nRealizzato in 99% cotone e 1% elastane, \u00e8 morbido sulla pelle e leggermente elastico, perfetto per accompagnare i movimenti senza costringere. Il tessuto traspirante lo rende ideale per le serate pi\u00f9 miti, mentre il taglio regolare valorizza la silhouette mantenendo una sensazione di comfort assoluto. La modella \u00e8 alta 165 cm e indossa la taglia S. Si tratta di un pezzo unico di campionario, selezionato per offrirti esclusivit\u00e0 e qualit\u00e0 firmata Armani.<br \/>\nIl pantalone del <b>Pigiama con tasche, elastico in girovita<\/b> \u00e8 perfetto nel tempo libero di sera, per rilassarti dopo una lunga giornata o per un weekend all\u2019insegna del benessere. Puoi abbinarlo a una t-shirt coordinata e a una felpa leggera della stessa linea per creare un completo homewear armonioso e curato nei dettagli.<br \/>\nScegli un capo che unisce funzionalit\u00e0, morbidezza e stile iconico. Su SecondaStrada.com trovi solo prodotti originali e accuratamente selezionati. Codice articolo <b>EW003953 AF19041 GI CB<\/b>.<\/p>\n<\/div><\/div><\/div><\/div><\/div><\/div><\/section>\n","protected":false},"excerpt":{"rendered":"Pigiama EMPORIO ARMANI I pantaloni del Pigiama EMPORIO ARMANI rosa da donna \u00e8 la scelta ideale per vivere i tuoi momenti di relax con comfort e stile contemporaneo. Questo Pigiama da donna adatta alla stagione primavera estate \u00e8 pensato per offrirti leggerezza e praticit\u00e0, grazie a dettagli funzionali come tasche, elastico in girovita che assicurano...","protected":false},"featured_media":337611,"template":"","meta":{"inline_featured_image":false},"ss_brand":[1241],"ss_promo":[],"ss_season":[2531],"product_cat":[1658,2009,2015],"product_tag":[1953,1995],"class_list":{"0":"post-337508","1":"product","2":"type-product","3":"status-publish","4":"has-post-thumbnail","6":"ss_brand-emporio-armani-donna","7":"ss_season-pe26","8":"product_cat-collezione-donna","9":"product_cat-intimo-da-donna","10":"product_cat-underwear-da-donna","11":"product_tag-campionario","12":"product_tag-nuovi-arrivi-donna","14":"first","15":"instock","16":"shipping-taxable","17":"purchasable","18":"product-type-variable","19":"has-default-attributes"},"acf":{"ss_brand":[{"term_id":1241,"name":"EMPORIO ARMANI","slug":"emporio-armani-donna","term_group":0,"term_taxonomy_id":1241,"taxonomy":"ss_brand","description":"Emporio Armani: il brand made in Italy dall\u2019impronta young amato in tutto il mondo a prezzi super!","parent":1201,"count":20,"filter":"raw"}],"ss_promo":false,"ss_season":[{"term_id":2531,"name":"PE26","slug":"pe26","term_group":0,"term_taxonomy_id":2531,"taxonomy":"ss_season","description":"","parent":0,"count":1152,"filter":"raw"}],"ss_old_price":"93,00","ss_omnibus_price":"0,00","ss_style_advice":"<p><b>Pantaloni del Pigiama EMPORIO ARMANI tg.S<\/b><br \/>\nI pantaloni del <b>Pigiama EMPORIO ARMANI<\/b> rosa da donna \u00e8 la scelta ideale per vivere i tuoi momenti di relax con comfort e stile contemporaneo. Questi pantaloni del <b>Pigiama da donna adatti alla stagione primavera estate<\/b> \u00e8 pensato per offrirti leggerezza e praticit\u00e0, grazie a dettagli funzionali come <b>tasche, elastico in girovita<\/b> che assicurano una vestibilit\u00e0 comoda e naturale.<br \/>\nRealizzato in 99% cotone e 1% elastane, \u00e8 morbido sulla pelle e leggermente elastico, perfetto per accompagnare i movimenti senza costringere. Il tessuto traspirante lo rende ideale per le serate pi\u00f9 miti, mentre il taglio regolare valorizza la silhouette mantenendo una sensazione di comfort assoluto. La modella \u00e8 alta 165 cm e indossa la taglia S. Si tratta di un pezzo unico di campionario, selezionato per offrirti esclusivit\u00e0 e qualit\u00e0 firmata Armani.<br \/>\nIl <b>Pigiama con tasche, elastico in girovita<\/b> \u00e8 perfetto nel tempo libero di sera, per rilassarti dopo una lunga giornata o per un weekend all\u2019insegna del benessere. Puoi abbinarlo a una t-shirt coordinata e a una felpa leggera della stessa linea per creare un completo homewear armonioso e curato nei dettagli.<br \/>\nScegli un capo che unisce funzionalit\u00e0, morbidezza e stile iconico. Su SecondaStrada.com trovi solo prodotti originali e accuratamente selezionati. Codice articolo <b>EW003953 AF19041 GI CB<\/b>.<\/p>\n","ss_composition":"<p>99% cotone 1% elastane<\/p>\n","ss_fit":"<p>La modella \u00e8 alta 165 cm e indossa la taglia S. La vestibilit\u00e0 del capo \u00e8 regolare. Pezzo unico di campionario.<\/p>\n","ss_etichetta":""},"yoast_head":"<!-- This site is optimized with the Yoast SEO plugin v22.3 - https:\/\/yoast.com\/wordpress\/plugins\/seo\/ -->\n<title>Pantaloni Pigiama Emporio Armani Rosa tg.S - Acquista online! - Seconda Strada<\/title>\n<meta name=\"description\" content=\"Pantaloni Pigiama Emporio Armani Rosa tg.S \u27a4 Acquista online su Secondastrada.com Pantaloni Pigiama Emporio Armani Rosa tg.S \u2714\ufe0f Spedizione veloce entro 24h in tutta Italia \u2714\ufe0f Sconto sul tuo primo acquisto\" \/>\n<meta name=\"robots\" content=\"index, follow, max-snippet:-1, max-image-preview:large, max-video-preview:-1\" \/>\n<link rel=\"canonical\" href=\"https:\/\/www.secondastrada.com\/it\/pigiama-emporio-armani-rosa-tg-s-2\/\" \/>\n<meta property=\"og:locale\" content=\"it_IT\" \/>\n<meta property=\"og:type\" content=\"article\" \/>\n<meta property=\"og:title\" content=\"Pantaloni Pigiama Emporio Armani Rosa tg.S - Acquista online! - Seconda Strada\" \/>\n<meta property=\"og:description\" content=\"Pantaloni Pigiama Emporio Armani Rosa tg.S \u27a4 Acquista online su Secondastrada.com Pantaloni Pigiama Emporio Armani Rosa tg.S \u2714\ufe0f Spedizione veloce entro 24h in tutta Italia \u2714\ufe0f Sconto sul tuo primo acquisto\" \/>\n<meta property=\"og:url\" content=\"https:\/\/www.secondastrada.com\/it\/pigiama-emporio-armani-rosa-tg-s-2\/\" \/>\n<meta property=\"og:site_name\" content=\"Seconda Strada\" \/>\n<meta property=\"article:modified_time\" content=\"2026-03-04T10:58:08+00:00\" \/>\n<meta property=\"og:image\" content=\"https:\/\/www.secondastrada.com\/wp-content\/uploads\/2026\/02\/EW003953-AF19041-GI-CB_ROSA_PE26_1.jpg\" \/>\n\t<meta property=\"og:image:width\" content=\"1000\" \/>\n\t<meta property=\"og:image:height\" content=\"1300\" \/>\n\t<meta property=\"og:image:type\" content=\"image\/jpeg\" \/>\n<meta name=\"twitter:card\" content=\"summary_large_image\" \/>\n<meta name=\"twitter:label1\" content=\"Tempo di lettura stimato\" \/>\n\t<meta name=\"twitter:data1\" content=\"2 minuti\" \/>\n<!-- \/ Yoast SEO plugin. -->","yoast_head_json":{"title":"Pantaloni Pigiama Emporio Armani Rosa tg.S - Acquista online! - Seconda Strada","description":"Pantaloni Pigiama Emporio Armani Rosa tg.S \u27a4 Acquista online su Secondastrada.com Pantaloni Pigiama Emporio Armani Rosa tg.S \u2714\ufe0f Spedizione veloce entro 24h in tutta Italia \u2714\ufe0f Sconto sul tuo primo acquisto","robots":{"index":"index","follow":"follow","max-snippet":"max-snippet:-1","max-image-preview":"max-image-preview:large","max-video-preview":"max-video-preview:-1"},"canonical":"https:\/\/www.secondastrada.com\/it\/pigiama-emporio-armani-rosa-tg-s-2\/","og_locale":"it_IT","og_type":"article","og_title":"Pantaloni Pigiama Emporio Armani Rosa tg.S - Acquista online! - Seconda Strada","og_description":"Pantaloni Pigiama Emporio Armani Rosa tg.S \u27a4 Acquista online su Secondastrada.com Pantaloni Pigiama Emporio Armani Rosa tg.S \u2714\ufe0f Spedizione veloce entro 24h in tutta Italia \u2714\ufe0f Sconto sul tuo primo acquisto","og_url":"https:\/\/www.secondastrada.com\/it\/pigiama-emporio-armani-rosa-tg-s-2\/","og_site_name":"Seconda Strada","article_modified_time":"2026-03-04T10:58:08+00:00","og_image":[{"width":1000,"height":1300,"url":"https:\/\/www.secondastrada.com\/wp-content\/uploads\/2026\/02\/EW003953-AF19041-GI-CB_ROSA_PE26_1.jpg","type":"image\/jpeg"}],"twitter_card":"summary_large_image","twitter_misc":{"Tempo di lettura stimato":"2 minuti"},"schema":{"@context":"https:\/\/schema.org","@graph":[{"@type":"WebPage","@id":"https:\/\/www.secondastrada.com\/it\/pigiama-emporio-armani-rosa-tg-s-2\/","url":"https:\/\/www.secondastrada.com\/it\/pigiama-emporio-armani-rosa-tg-s-2\/","name":"Pantaloni Pigiama Emporio Armani Rosa tg.S - Acquista online! - Seconda Strada","isPartOf":{"@id":"https:\/\/www.secondastrada.com\/it\/#website"},"primaryImageOfPage":{"@id":"https:\/\/www.secondastrada.com\/it\/pigiama-emporio-armani-rosa-tg-s-2\/#primaryimage"},"image":{"@id":"https:\/\/www.secondastrada.com\/it\/pigiama-emporio-armani-rosa-tg-s-2\/#primaryimage"},"thumbnailUrl":"https:\/\/www.secondastrada.com\/wp-content\/uploads\/2026\/02\/EW003953-AF19041-GI-CB_ROSA_PE26_1.jpg","datePublished":"2026-02-20T13:39:46+00:00","dateModified":"2026-03-04T10:58:08+00:00","description":"Pantaloni Pigiama Emporio Armani Rosa tg.S \u27a4 Acquista online su Secondastrada.com Pantaloni Pigiama Emporio Armani Rosa tg.S \u2714\ufe0f Spedizione veloce entro 24h in tutta Italia \u2714\ufe0f Sconto sul tuo primo acquisto","breadcrumb":{"@id":"https:\/\/www.secondastrada.com\/it\/pigiama-emporio-armani-rosa-tg-s-2\/#breadcrumb"},"inLanguage":"it-IT","potentialAction":[{"@type":"ReadAction","target":["https:\/\/www.secondastrada.com\/it\/pigiama-emporio-armani-rosa-tg-s-2\/"]}]},{"@type":"ImageObject","inLanguage":"it-IT","@id":"https:\/\/www.secondastrada.com\/it\/pigiama-emporio-armani-rosa-tg-s-2\/#primaryimage","url":"https:\/\/www.secondastrada.com\/wp-content\/uploads\/2026\/02\/EW003953-AF19041-GI-CB_ROSA_PE26_1.jpg","contentUrl":"https:\/\/www.secondastrada.com\/wp-content\/uploads\/2026\/02\/EW003953-AF19041-GI-CB_ROSA_PE26_1.jpg","width":1000,"height":1300,"caption":"EW003953-AF19041-GI-CB_ROSA_PE26"},{"@type":"BreadcrumbList","@id":"https:\/\/www.secondastrada.com\/it\/pigiama-emporio-armani-rosa-tg-s-2\/#breadcrumb","itemListElement":[{"@type":"ListItem","position":1,"name":"Home","item":"https:\/\/www.secondastrada.com\/it\/"},{"@type":"ListItem","position":2,"name":"Shop","item":"https:\/\/www.secondastrada.com\/it\/shop\/"},{"@type":"ListItem","position":3,"name":"Donna","item":"https:\/\/www.secondastrada.com\/it\/collezione-donna\/"},{"@type":"ListItem","position":4,"name":"Abbigliamento","item":"https:\/\/www.secondastrada.com\/it\/collezione-donna\/abbigliamento-donna\/"},{"@type":"ListItem","position":5,"name":"Intimo","item":"https:\/\/www.secondastrada.com\/it\/collezione-donna\/abbigliamento-donna\/intimo-da-donna\/"},{"@type":"ListItem","position":6,"name":"Pantaloni Pigiama Emporio Armani Rosa tg.S"}]},{"@type":"WebSite","@id":"https:\/\/www.secondastrada.com\/it\/#website","url":"https:\/\/www.secondastrada.com\/it\/","name":"Seconda Strada","description":"","publisher":{"@id":"https:\/\/www.secondastrada.com\/it\/#organization"},"potentialAction":[{"@type":"SearchAction","target":{"@type":"EntryPoint","urlTemplate":"https:\/\/www.secondastrada.com\/it\/?s={search_term_string}"},"query-input":"required name=search_term_string"}],"inLanguage":"it-IT"},{"@type":"Organization","@id":"https:\/\/www.secondastrada.com\/it\/#organization","name":"Seconda Strada","url":"https:\/\/www.secondastrada.com\/it\/","logo":{"@type":"ImageObject","inLanguage":"it-IT","@id":"https:\/\/www.secondastrada.com\/it\/#\/schema\/logo\/image\/","url":"https:\/\/www.secondastrada.com\/wp-content\/uploads\/2023\/11\/secondastrada-logo.svg","contentUrl":"https:\/\/www.secondastrada.com\/wp-content\/uploads\/2023\/11\/secondastrada-logo.svg","width":353,"height":47,"caption":"Seconda Strada"},"image":{"@id":"https:\/\/www.secondastrada.com\/it\/#\/schema\/logo\/image\/"}}]}},"df_price":55.99,"df_sale_price":"","df_regular_price":55.99,"df_image_link":"https:\/\/www.secondastrada.com\/wp-content\/uploads\/2026\/02\/EW003953-AF19041-GI-CB_ROSA_PE26_1-300x300.jpg","_links":{"self":[{"href":"https:\/\/www.secondastrada.com\/it\/wp-json\/wp\/v2\/product\/337508"}],"collection":[{"href":"https:\/\/www.secondastrada.com\/it\/wp-json\/wp\/v2\/product"}],"about":[{"href":"https:\/\/www.secondastrada.com\/it\/wp-json\/wp\/v2\/types\/product"}],"wp:featuredmedia":[{"embeddable":true,"href":"https:\/\/www.secondastrada.com\/it\/wp-json\/wp\/v2\/media\/337611"}],"wp:attachment":[{"href":"https:\/\/www.secondastrada.com\/it\/wp-json\/wp\/v2\/media?parent=337508"}],"wp:term":[{"taxonomy":"ss_brand","embeddable":true,"href":"https:\/\/www.secondastrada.com\/it\/wp-json\/wp\/v2\/ss_brand?post=337508"},{"taxonomy":"ss_promo","embeddable":true,"href":"https:\/\/www.secondastrada.com\/it\/wp-json\/wp\/v2\/ss_promo?post=337508"},{"taxonomy":"ss_season","embeddable":true,"href":"https:\/\/www.secondastrada.com\/it\/wp-json\/wp\/v2\/ss_season?post=337508"},{"taxonomy":"product_cat","embeddable":true,"href":"https:\/\/www.secondastrada.com\/it\/wp-json\/wp\/v2\/product_cat?post=337508"},{"taxonomy":"product_tag","embeddable":true,"href":"https:\/\/www.secondastrada.com\/it\/wp-json\/wp\/v2\/product_tag?post=337508"}],"curies":[{"name":"wp","href":"https:\/\/api.w.org\/{rel}","templated":true}]}}