{"id":337517,"date":"2026-02-20T14:42:17","date_gmt":"2026-02-20T13:42:17","guid":{"rendered":"https:\/\/www.secondastrada.com\/it\/costume-emporio-armani-verde-tg-m\/"},"modified":"2026-03-02T11:39:45","modified_gmt":"2026-03-02T10:39:45","slug":"costume-emporio-armani-verde-tg-m","status":"publish","type":"product","link":"https:\/\/www.secondastrada.com\/it\/costume-emporio-armani-verde-tg-m\/","title":{"rendered":"Costume Emporio Armani Verde tg.M"},"content":{"rendered":"<p><b>Costume EMPORIO ARMANI<\/b><br \/>\nIl <b>Costume EMPORIO ARMANI<\/b> verde da uomo \u00e8 la scelta perfetta per vivere la stagione pi\u00f9 calda con stile dinamico e personalit\u00e0. Questo <b>Costume da uomo adatto alla stagione primavera estate<\/b> si distingue per il design <b>in fantasia rigata, tasche, coulisse in girovita con cordino in tinta<\/b>, un mix equilibrato tra eleganza sportiva e comfort quotidiano.<br \/>\nRealizzato in 100% poliestere, garantisce leggerezza, asciugatura rapida e praticit\u00e0, qualit\u00e0 ideali per le giornate al mare o in piscina. La vestibilit\u00e0 \u00e8 regolare: il modello \u00e8 alto 187 cm e indossa la taglia M. Si tratta di un pezzo unico di campionario, selezionato con cura per offrirti un capo esclusivo e ricercato.<br \/>\nIl <b>Costume con in fantasia rigata, tasche, coulisse in girovita con cordino in tinta<\/b> \u00e8 perfetto nel tempo libero d\u2019estate, dalle vacanze al mare ai weekend fuori porta. Puoi indossarlo con una t-shirt da spiaggia e infradito per un look rilassato e fresco, oppure abbinarlo a una camicia leggera aperta per un aperitivo vista mare dal gusto contemporaneo.<br \/>\nScegli l\u2019inconfondibile qualit\u00e0 firmata Armani e valorizza il tuo stile anche nei momenti pi\u00f9 informali. Su SecondaStrada.com trovi solo prodotti originali, accuratamente selezionati. Codice articolo <b>EM000583 AF20448 GI CB<\/b>.<\/p>\n","protected":false},"excerpt":{"rendered":"<p>Costume EMPORIO ARMANI Il Costume EMPORIO ARMANI verde da uomo \u00e8 la scelta perfetta per vivere la stagione pi\u00f9 calda con stile dinamico e personalit\u00e0. Questo Costume da uomo adatto alla stagione primavera estate si distingue per il design in fantasia rigata, tasche, coulisse in girovita con cordino in tinta, un mix equilibrato tra eleganza&#8230;<\/p>\n","protected":false},"featured_media":337570,"template":"","meta":{"inline_featured_image":false},"ss_brand":[1307],"ss_promo":[],"ss_season":[2531],"product_cat":[1409,1410,2538,1714],"product_tag":[1953,1993],"class_list":{"0":"post-337517","1":"product","2":"type-product","3":"status-publish","4":"has-post-thumbnail","6":"ss_brand-emporio-armani-uomo","7":"ss_season-pe26","8":"product_cat-beachwear-da-uomo","9":"product_cat-costumi-da-bagno-da-uomo","10":"product_cat-set-coordinati-da-uomo","11":"product_cat-collezione-uomo","12":"product_tag-campionario","13":"product_tag-nuovi-arrivi-uomo","15":"first","16":"instock","17":"shipping-taxable","18":"purchasable","19":"product-type-variable","20":"has-default-attributes"},"acf":{"ss_brand":[{"term_id":1307,"name":"EMPORIO ARMANI","slug":"emporio-armani-uomo","term_group":0,"term_taxonomy_id":1307,"taxonomy":"ss_brand","description":"Cuore italiano, spirito internazionale. Gli accessori da uomo firmati Emporio Armani al miglior prezzo li trovi qui!\u00a0Acquista online su SecondaStrada.com <strong>abbigliamento da donna EMPORIO ARMANI scontatissimo<\/strong>!","parent":1268,"count":19,"filter":"raw"}],"ss_promo":false,"ss_season":[{"term_id":2531,"name":"PE26","slug":"pe26","term_group":0,"term_taxonomy_id":2531,"taxonomy":"ss_season","description":"","parent":0,"count":1148,"filter":"raw"}],"ss_old_price":"111,00","ss_omnibus_price":"0,00","ss_style_advice":"<p><b>Costume EMPORIO ARMANI<\/b><br \/>\nIl <b>Costume EMPORIO ARMANI<\/b> verde da uomo \u00e8 la scelta perfetta per vivere la stagione pi\u00f9 calda con stile dinamico e personalit\u00e0. Questo <b>Costume da uomo adatto alla stagione primavera estate<\/b> si distingue per il design <b>in fantasia rigata, tasche, coulisse in girovita con cordino in tinta<\/b>, un mix equilibrato tra eleganza sportiva e comfort quotidiano.<br \/>\nRealizzato in 100% poliestere, garantisce leggerezza, asciugatura rapida e praticit\u00e0, qualit\u00e0 ideali per le giornate al mare o in piscina. La vestibilit\u00e0 \u00e8 regolare: il modello \u00e8 alto 187 cm e indossa la taglia M. Si tratta di un pezzo unico di campionario, selezionato con cura per offrirti un capo esclusivo e ricercato.<br \/>\nIl <b>Costume con in fantasia rigata, tasche, coulisse in girovita con cordino in tinta<\/b> \u00e8 perfetto nel tempo libero d\u2019estate, dalle vacanze al mare ai weekend fuori porta. Puoi indossarlo con una t-shirt da spiaggia e infradito per un look rilassato e fresco, oppure abbinarlo a una camicia leggera aperta per un aperitivo vista mare dal gusto contemporaneo.<br \/>\nScegli l\u2019inconfondibile qualit\u00e0 firmata Armani e valorizza il tuo stile anche nei momenti pi\u00f9 informali. Su SecondaStrada.com trovi solo prodotti originali, accuratamente selezionati. Codice articolo <b>EM000583 AF20448 GI CB<\/b>.<\/p>\n","ss_composition":"<p>100% poliestere<\/p>\n","ss_fit":"<p>Il modello \u00e8 alto 187 cm e indossa la taglia M. La vestibilit\u00e0 del capo \u00e8 regolare. Pezzo unico di campionario.<\/p>\n"},"yoast_head":"<!-- This site is optimized with the Yoast SEO plugin v22.3 - https:\/\/yoast.com\/wordpress\/plugins\/seo\/ -->\n<title>Costume Emporio Armani Verde tg.M - Acquista online! - Seconda Strada<\/title>\n<meta name=\"description\" content=\"Costume Emporio Armani Verde tg.M \u27a4 Acquista online su Secondastrada.com Costume Emporio Armani Verde tg.M \u2714\ufe0f Spedizione veloce entro 24h in tutta Italia \u2714\ufe0f Sconto sul tuo primo acquisto\" \/>\n<meta name=\"robots\" content=\"index, follow, max-snippet:-1, max-image-preview:large, max-video-preview:-1\" \/>\n<link rel=\"canonical\" href=\"https:\/\/www.secondastrada.com\/it\/costume-emporio-armani-verde-tg-m\/\" \/>\n<meta property=\"og:locale\" content=\"it_IT\" \/>\n<meta property=\"og:type\" content=\"article\" \/>\n<meta property=\"og:title\" content=\"Costume Emporio Armani Verde tg.M - Acquista online! - Seconda Strada\" \/>\n<meta property=\"og:description\" content=\"Costume Emporio Armani Verde tg.M \u27a4 Acquista online su Secondastrada.com Costume Emporio Armani Verde tg.M \u2714\ufe0f Spedizione veloce entro 24h in tutta Italia \u2714\ufe0f Sconto sul tuo primo acquisto\" \/>\n<meta property=\"og:url\" content=\"https:\/\/www.secondastrada.com\/it\/costume-emporio-armani-verde-tg-m\/\" \/>\n<meta property=\"og:site_name\" content=\"Seconda Strada\" \/>\n<meta property=\"article:modified_time\" content=\"2026-03-02T10:39:45+00:00\" \/>\n<meta property=\"og:image\" content=\"https:\/\/www.secondastrada.com\/wp-content\/uploads\/2026\/02\/EM000583-AF20448-GI-CB_VERDE_PE26_1.jpg\" \/>\n\t<meta property=\"og:image:width\" content=\"1000\" \/>\n\t<meta property=\"og:image:height\" content=\"1300\" \/>\n\t<meta property=\"og:image:type\" content=\"image\/jpeg\" \/>\n<meta name=\"twitter:card\" content=\"summary_large_image\" \/>\n<meta name=\"twitter:label1\" content=\"Tempo di lettura stimato\" \/>\n\t<meta name=\"twitter:data1\" content=\"1 minuto\" \/>\n<!-- \/ Yoast SEO plugin. -->","yoast_head_json":{"title":"Costume Emporio Armani Verde tg.M - Acquista online! - Seconda Strada","description":"Costume Emporio Armani Verde tg.M \u27a4 Acquista online su Secondastrada.com Costume Emporio Armani Verde tg.M \u2714\ufe0f Spedizione veloce entro 24h in tutta Italia \u2714\ufe0f Sconto sul tuo primo acquisto","robots":{"index":"index","follow":"follow","max-snippet":"max-snippet:-1","max-image-preview":"max-image-preview:large","max-video-preview":"max-video-preview:-1"},"canonical":"https:\/\/www.secondastrada.com\/it\/costume-emporio-armani-verde-tg-m\/","og_locale":"it_IT","og_type":"article","og_title":"Costume Emporio Armani Verde tg.M - Acquista online! - Seconda Strada","og_description":"Costume Emporio Armani Verde tg.M \u27a4 Acquista online su Secondastrada.com Costume Emporio Armani Verde tg.M \u2714\ufe0f Spedizione veloce entro 24h in tutta Italia \u2714\ufe0f Sconto sul tuo primo acquisto","og_url":"https:\/\/www.secondastrada.com\/it\/costume-emporio-armani-verde-tg-m\/","og_site_name":"Seconda Strada","article_modified_time":"2026-03-02T10:39:45+00:00","og_image":[{"width":1000,"height":1300,"url":"https:\/\/www.secondastrada.com\/wp-content\/uploads\/2026\/02\/EM000583-AF20448-GI-CB_VERDE_PE26_1.jpg","type":"image\/jpeg"}],"twitter_card":"summary_large_image","twitter_misc":{"Tempo di lettura stimato":"1 minuto"},"schema":{"@context":"https:\/\/schema.org","@graph":[{"@type":"WebPage","@id":"https:\/\/www.secondastrada.com\/it\/costume-emporio-armani-verde-tg-m\/","url":"https:\/\/www.secondastrada.com\/it\/costume-emporio-armani-verde-tg-m\/","name":"Costume Emporio Armani Verde tg.M - Acquista online! - Seconda Strada","isPartOf":{"@id":"https:\/\/www.secondastrada.com\/it\/#website"},"primaryImageOfPage":{"@id":"https:\/\/www.secondastrada.com\/it\/costume-emporio-armani-verde-tg-m\/#primaryimage"},"image":{"@id":"https:\/\/www.secondastrada.com\/it\/costume-emporio-armani-verde-tg-m\/#primaryimage"},"thumbnailUrl":"https:\/\/www.secondastrada.com\/wp-content\/uploads\/2026\/02\/EM000583-AF20448-GI-CB_VERDE_PE26_1.jpg","datePublished":"2026-02-20T13:42:17+00:00","dateModified":"2026-03-02T10:39:45+00:00","description":"Costume Emporio Armani Verde tg.M \u27a4 Acquista online su Secondastrada.com Costume Emporio Armani Verde tg.M \u2714\ufe0f Spedizione veloce entro 24h in tutta Italia \u2714\ufe0f Sconto sul tuo primo acquisto","breadcrumb":{"@id":"https:\/\/www.secondastrada.com\/it\/costume-emporio-armani-verde-tg-m\/#breadcrumb"},"inLanguage":"it-IT","potentialAction":[{"@type":"ReadAction","target":["https:\/\/www.secondastrada.com\/it\/costume-emporio-armani-verde-tg-m\/"]}]},{"@type":"ImageObject","inLanguage":"it-IT","@id":"https:\/\/www.secondastrada.com\/it\/costume-emporio-armani-verde-tg-m\/#primaryimage","url":"https:\/\/www.secondastrada.com\/wp-content\/uploads\/2026\/02\/EM000583-AF20448-GI-CB_VERDE_PE26_1.jpg","contentUrl":"https:\/\/www.secondastrada.com\/wp-content\/uploads\/2026\/02\/EM000583-AF20448-GI-CB_VERDE_PE26_1.jpg","width":1000,"height":1300,"caption":"EM000583-AF20448-GI-CB_VERDE_PE26"},{"@type":"BreadcrumbList","@id":"https:\/\/www.secondastrada.com\/it\/costume-emporio-armani-verde-tg-m\/#breadcrumb","itemListElement":[{"@type":"ListItem","position":1,"name":"Home","item":"https:\/\/www.secondastrada.com\/it\/"},{"@type":"ListItem","position":2,"name":"Shop","item":"https:\/\/www.secondastrada.com\/it\/shop\/"},{"@type":"ListItem","position":3,"name":"Uomo","item":"https:\/\/www.secondastrada.com\/it\/collezione-uomo\/"},{"@type":"ListItem","position":4,"name":"Beachwear","item":"https:\/\/www.secondastrada.com\/it\/collezione-uomo\/beachwear-da-uomo\/"},{"@type":"ListItem","position":5,"name":"Costumi da bagno","item":"https:\/\/www.secondastrada.com\/it\/collezione-uomo\/beachwear-da-uomo\/costumi-da-bagno-da-uomo\/"},{"@type":"ListItem","position":6,"name":"Costume Emporio Armani Verde tg.M"}]},{"@type":"WebSite","@id":"https:\/\/www.secondastrada.com\/it\/#website","url":"https:\/\/www.secondastrada.com\/it\/","name":"Seconda Strada","description":"","publisher":{"@id":"https:\/\/www.secondastrada.com\/it\/#organization"},"potentialAction":[{"@type":"SearchAction","target":{"@type":"EntryPoint","urlTemplate":"https:\/\/www.secondastrada.com\/it\/?s={search_term_string}"},"query-input":"required name=search_term_string"}],"inLanguage":"it-IT"},{"@type":"Organization","@id":"https:\/\/www.secondastrada.com\/it\/#organization","name":"Seconda Strada","url":"https:\/\/www.secondastrada.com\/it\/","logo":{"@type":"ImageObject","inLanguage":"it-IT","@id":"https:\/\/www.secondastrada.com\/it\/#\/schema\/logo\/image\/","url":"https:\/\/www.secondastrada.com\/wp-content\/uploads\/2023\/11\/secondastrada-logo.svg","contentUrl":"https:\/\/www.secondastrada.com\/wp-content\/uploads\/2023\/11\/secondastrada-logo.svg","width":353,"height":47,"caption":"Seconda Strada"},"image":{"@id":"https:\/\/www.secondastrada.com\/it\/#\/schema\/logo\/image\/"}}]}},"df_price":66.99,"df_sale_price":"","df_regular_price":66.99,"df_image_link":"https:\/\/www.secondastrada.com\/wp-content\/uploads\/2026\/02\/EM000583-AF20448-GI-CB_VERDE_PE26_1-300x300.jpg","_links":{"self":[{"href":"https:\/\/www.secondastrada.com\/it\/wp-json\/wp\/v2\/product\/337517"}],"collection":[{"href":"https:\/\/www.secondastrada.com\/it\/wp-json\/wp\/v2\/product"}],"about":[{"href":"https:\/\/www.secondastrada.com\/it\/wp-json\/wp\/v2\/types\/product"}],"wp:featuredmedia":[{"embeddable":true,"href":"https:\/\/www.secondastrada.com\/it\/wp-json\/wp\/v2\/media\/337570"}],"wp:attachment":[{"href":"https:\/\/www.secondastrada.com\/it\/wp-json\/wp\/v2\/media?parent=337517"}],"wp:term":[{"taxonomy":"ss_brand","embeddable":true,"href":"https:\/\/www.secondastrada.com\/it\/wp-json\/wp\/v2\/ss_brand?post=337517"},{"taxonomy":"ss_promo","embeddable":true,"href":"https:\/\/www.secondastrada.com\/it\/wp-json\/wp\/v2\/ss_promo?post=337517"},{"taxonomy":"ss_season","embeddable":true,"href":"https:\/\/www.secondastrada.com\/it\/wp-json\/wp\/v2\/ss_season?post=337517"},{"taxonomy":"product_cat","embeddable":true,"href":"https:\/\/www.secondastrada.com\/it\/wp-json\/wp\/v2\/product_cat?post=337517"},{"taxonomy":"product_tag","embeddable":true,"href":"https:\/\/www.secondastrada.com\/it\/wp-json\/wp\/v2\/product_tag?post=337517"}],"curies":[{"name":"wp","href":"https:\/\/api.w.org\/{rel}","templated":true}]}}