{"id":337519,"date":"2026-02-20T15:10:46","date_gmt":"2026-02-20T14:10:46","guid":{"rendered":"https:\/\/www.secondastrada.com\/it\/bikini-emporio-armani-azzurro-tg-s\/"},"modified":"2026-03-02T11:36:35","modified_gmt":"2026-03-02T10:36:35","slug":"bikini-emporio-armani-azzurro-tg-s","status":"publish","type":"product","link":"https:\/\/www.secondastrada.com\/it\/bikini-emporio-armani-azzurro-tg-s\/","title":{"rendered":"Slip costume Emporio Armani Azzurro tg.S"},"content":{"rendered":"<section class=\"l-section wpb_row height_medium\"><div class=\"l-section-h i-cf\"><div class=\"g-cols vc_row via_grid cols_1 laptops-cols_inherit tablets-cols_inherit mobiles-cols_1 valign_top type_default stacking_default\"><div class=\"wpb_column vc_column_container\"><div class=\"vc_column-inner\"><div class=\"wpb_text_column\"><div class=\"wpb_wrapper\"><p><b>Slip costume EMPORIO ARMANI<\/b><br \/>\nLo slip<b> EMPORIO ARMANI<\/b> azzurro da donna \u00e8 la scelta perfetta per vivere l\u2019estate con eleganza e femminilit\u00e0. Questo <b>Bikini da donna adatto alla stagione primavera estate<\/b> si distingue per i dettagli raffinati come il <b>tessuto lucido, fantasia rosa, <\/b>\u00a0pensati per valorizzare la silhouette con comfort .<br \/>\nRealizzato in 74% poliamide e 36% elastane, offre una vestibilit\u00e0 confortevole, aderente e modellante, ideale per accompagnarti nelle giornate al mare o in piscina. La vestibilit\u00e0 \u00e8 regolare: la modella \u00e8 alta 165 cm e indossa la taglia S. Si tratta di un pezzo unico di campionario, selezionato con cura per offrirti esclusivit\u00e0 e qualit\u00e0 firmata Armani.<\/p>\n<p>Lo slip<b> con tessuto lucido e fantasia rosa <\/b>\u00e8 perfetto nel tempo libero d\u2019estate, per rilassarti sotto il sole o per un aperitivo in riva al mare. Puoi abbinarlo a un copricostume leggero e infradito per un look fresco e sofisticato, oppure completarlo con una camicia over per uno stile pi\u00f9 ricercato.<br \/>\nScegli l\u2019inconfondibile stile Armani e rendi unica ogni giornata al mare. Su SecondaStrada.com trovi solo prodotti originali e accuratamente selezionati. Codice articolo <b>EW000378 AF19035 GI CB<\/b>.<\/p>\n<\/div><\/div><\/div><\/div><\/div><\/div><\/section>\n","protected":false},"excerpt":{"rendered":"Slip costume EMPORIO ARMANI Lo slip EMPORIO ARMANI azzurro da donna \u00e8 la scelta perfetta per vivere l\u2019estate con eleganza e femminilit\u00e0. Questo Bikini da donna adatto alla stagione primavera estate si distingue per i dettagli raffinati come il tessuto lucido, fantasia rosa, \u00a0pensati per valorizzare la silhouette con comfort . Realizzato in 74% poliamide...","protected":false},"featured_media":337719,"template":"","meta":{"inline_featured_image":false},"ss_brand":[1241],"ss_promo":[],"ss_season":[2531],"product_cat":[1407,1408,1658,2537],"product_tag":[1953,1995],"class_list":{"0":"post-337519","1":"product","2":"type-product","3":"status-publish","4":"has-post-thumbnail","6":"ss_brand-emporio-armani-donna","7":"ss_season-pe26","8":"product_cat-beachwear-da-donna","9":"product_cat-costumi-da-bagno-da-donna","10":"product_cat-collezione-donna","11":"product_cat-set-coordinati-da-donna","12":"product_tag-campionario","13":"product_tag-nuovi-arrivi-donna","15":"first","16":"instock","17":"shipping-taxable","18":"purchasable","19":"product-type-variable","20":"has-default-attributes"},"acf":{"ss_brand":[{"term_id":1241,"name":"EMPORIO ARMANI","slug":"emporio-armani-donna","term_group":0,"term_taxonomy_id":1241,"taxonomy":"ss_brand","description":"Emporio Armani: il brand made in Italy dall\u2019impronta young amato in tutto il mondo a prezzi super!","parent":1201,"count":20,"filter":"raw"}],"ss_promo":false,"ss_season":[{"term_id":2531,"name":"PE26","slug":"pe26","term_group":0,"term_taxonomy_id":2531,"taxonomy":"ss_season","description":"","parent":0,"count":1148,"filter":"raw"}],"ss_old_price":"35,00","ss_omnibus_price":"0,00","ss_style_advice":"<p><b>Slip costume EMPORIO ARMANI<\/b><br \/>\nLo slip<b> EMPORIO ARMANI<\/b> azzurro da donna \u00e8 la scelta perfetta per vivere l\u2019estate con eleganza e femminilit\u00e0. Questo <b>Bikini da donna adatto alla stagione primavera estate<\/b> si distingue per i dettagli raffinati come il <b>tessuto lucido, fantasia rosa, <\/b>\u00a0pensati per valorizzare la silhouette con comfort .<br \/>\nRealizzato in 74% poliamide e 36% elastane, offre una vestibilit\u00e0 confortevole, aderente e modellante, ideale per accompagnarti nelle giornate al mare o in piscina. La vestibilit\u00e0 \u00e8 regolare: la modella \u00e8 alta 165 cm e indossa la taglia S. Si tratta di un pezzo unico di campionario, selezionato con cura per offrirti esclusivit\u00e0 e qualit\u00e0 firmata Armani.<\/p>\n<p>Lo slip<b> con tessuto lucido e fantasia rosa <\/b>\u00e8 perfetto nel tempo libero d\u2019estate, per rilassarti sotto il sole o per un aperitivo in riva al mare. Puoi abbinarlo a un copricostume leggero e infradito per un look fresco e sofisticato, oppure completarlo con una camicia over per uno stile pi\u00f9 ricercato.<br \/>\nScegli l\u2019inconfondibile stile Armani e rendi unica ogni giornata al mare. Su SecondaStrada.com trovi solo prodotti originali e accuratamente selezionati. Codice articolo <b>EW000378 AF19035 GI CB<\/b>.<\/p>\n","ss_composition":"<p>74% poliamide 36% elastane<\/p>\n","ss_fit":"<p>La modella \u00e8 alta 165 cm e indossa la taglia S. La vestibilit\u00e0 del capo \u00e8 regolare. Pezzo unico di campionario.<\/p>\n","ss_etichetta":""},"yoast_head":"<!-- This site is optimized with the Yoast SEO plugin v22.3 - https:\/\/yoast.com\/wordpress\/plugins\/seo\/ -->\n<title>Slip costume Emporio Armani Azzurro tg.S - Acquista online! - Seconda Strada<\/title>\n<meta name=\"description\" content=\"Slip costume Emporio Armani Azzurro tg.S \u27a4 Acquista online su Secondastrada.com Slip costume Emporio Armani Azzurro tg.S \u2714\ufe0f Spedizione veloce entro 24h in tutta Italia \u2714\ufe0f Sconto sul tuo primo acquisto\" \/>\n<meta name=\"robots\" content=\"index, follow, max-snippet:-1, max-image-preview:large, max-video-preview:-1\" \/>\n<link rel=\"canonical\" href=\"https:\/\/www.secondastrada.com\/it\/bikini-emporio-armani-azzurro-tg-s\/\" \/>\n<meta property=\"og:locale\" content=\"it_IT\" \/>\n<meta property=\"og:type\" content=\"article\" \/>\n<meta property=\"og:title\" content=\"Slip costume Emporio Armani Azzurro tg.S - Acquista online! - Seconda Strada\" \/>\n<meta property=\"og:description\" content=\"Slip costume Emporio Armani Azzurro tg.S \u27a4 Acquista online su Secondastrada.com Slip costume Emporio Armani Azzurro tg.S \u2714\ufe0f Spedizione veloce entro 24h in tutta Italia \u2714\ufe0f Sconto sul tuo primo acquisto\" \/>\n<meta property=\"og:url\" content=\"https:\/\/www.secondastrada.com\/it\/bikini-emporio-armani-azzurro-tg-s\/\" \/>\n<meta property=\"og:site_name\" content=\"Seconda Strada\" \/>\n<meta property=\"article:modified_time\" content=\"2026-03-02T10:36:35+00:00\" \/>\n<meta property=\"og:image\" content=\"https:\/\/www.secondastrada.com\/wp-content\/uploads\/2026\/02\/EW000378-AF19035-GI-CB_AZZURRO_PE26_1.jpg\" \/>\n\t<meta property=\"og:image:width\" content=\"1000\" \/>\n\t<meta property=\"og:image:height\" content=\"1300\" \/>\n\t<meta property=\"og:image:type\" content=\"image\/jpeg\" \/>\n<meta name=\"twitter:card\" content=\"summary_large_image\" \/>\n<meta name=\"twitter:label1\" content=\"Tempo di lettura stimato\" \/>\n\t<meta name=\"twitter:data1\" content=\"2 minuti\" \/>\n<!-- \/ Yoast SEO plugin. -->","yoast_head_json":{"title":"Slip costume Emporio Armani Azzurro tg.S - Acquista online! - Seconda Strada","description":"Slip costume Emporio Armani Azzurro tg.S \u27a4 Acquista online su Secondastrada.com Slip costume Emporio Armani Azzurro tg.S \u2714\ufe0f Spedizione veloce entro 24h in tutta Italia \u2714\ufe0f Sconto sul tuo primo acquisto","robots":{"index":"index","follow":"follow","max-snippet":"max-snippet:-1","max-image-preview":"max-image-preview:large","max-video-preview":"max-video-preview:-1"},"canonical":"https:\/\/www.secondastrada.com\/it\/bikini-emporio-armani-azzurro-tg-s\/","og_locale":"it_IT","og_type":"article","og_title":"Slip costume Emporio Armani Azzurro tg.S - Acquista online! - Seconda Strada","og_description":"Slip costume Emporio Armani Azzurro tg.S \u27a4 Acquista online su Secondastrada.com Slip costume Emporio Armani Azzurro tg.S \u2714\ufe0f Spedizione veloce entro 24h in tutta Italia \u2714\ufe0f Sconto sul tuo primo acquisto","og_url":"https:\/\/www.secondastrada.com\/it\/bikini-emporio-armani-azzurro-tg-s\/","og_site_name":"Seconda Strada","article_modified_time":"2026-03-02T10:36:35+00:00","og_image":[{"width":1000,"height":1300,"url":"https:\/\/www.secondastrada.com\/wp-content\/uploads\/2026\/02\/EW000378-AF19035-GI-CB_AZZURRO_PE26_1.jpg","type":"image\/jpeg"}],"twitter_card":"summary_large_image","twitter_misc":{"Tempo di lettura stimato":"2 minuti"},"schema":{"@context":"https:\/\/schema.org","@graph":[{"@type":"WebPage","@id":"https:\/\/www.secondastrada.com\/it\/bikini-emporio-armani-azzurro-tg-s\/","url":"https:\/\/www.secondastrada.com\/it\/bikini-emporio-armani-azzurro-tg-s\/","name":"Slip costume Emporio Armani Azzurro tg.S - Acquista online! - Seconda Strada","isPartOf":{"@id":"https:\/\/www.secondastrada.com\/it\/#website"},"primaryImageOfPage":{"@id":"https:\/\/www.secondastrada.com\/it\/bikini-emporio-armani-azzurro-tg-s\/#primaryimage"},"image":{"@id":"https:\/\/www.secondastrada.com\/it\/bikini-emporio-armani-azzurro-tg-s\/#primaryimage"},"thumbnailUrl":"https:\/\/www.secondastrada.com\/wp-content\/uploads\/2026\/02\/EW000378-AF19035-GI-CB_AZZURRO_PE26_1.jpg","datePublished":"2026-02-20T14:10:46+00:00","dateModified":"2026-03-02T10:36:35+00:00","description":"Slip costume Emporio Armani Azzurro tg.S \u27a4 Acquista online su Secondastrada.com Slip costume Emporio Armani Azzurro tg.S \u2714\ufe0f Spedizione veloce entro 24h in tutta Italia \u2714\ufe0f Sconto sul tuo primo acquisto","breadcrumb":{"@id":"https:\/\/www.secondastrada.com\/it\/bikini-emporio-armani-azzurro-tg-s\/#breadcrumb"},"inLanguage":"it-IT","potentialAction":[{"@type":"ReadAction","target":["https:\/\/www.secondastrada.com\/it\/bikini-emporio-armani-azzurro-tg-s\/"]}]},{"@type":"ImageObject","inLanguage":"it-IT","@id":"https:\/\/www.secondastrada.com\/it\/bikini-emporio-armani-azzurro-tg-s\/#primaryimage","url":"https:\/\/www.secondastrada.com\/wp-content\/uploads\/2026\/02\/EW000378-AF19035-GI-CB_AZZURRO_PE26_1.jpg","contentUrl":"https:\/\/www.secondastrada.com\/wp-content\/uploads\/2026\/02\/EW000378-AF19035-GI-CB_AZZURRO_PE26_1.jpg","width":1000,"height":1300,"caption":"EW000378-AF19035-GI-CB_AZZURRO_PE26"},{"@type":"BreadcrumbList","@id":"https:\/\/www.secondastrada.com\/it\/bikini-emporio-armani-azzurro-tg-s\/#breadcrumb","itemListElement":[{"@type":"ListItem","position":1,"name":"Home","item":"https:\/\/www.secondastrada.com\/it\/"},{"@type":"ListItem","position":2,"name":"Shop","item":"https:\/\/www.secondastrada.com\/it\/shop\/"},{"@type":"ListItem","position":3,"name":"Donna","item":"https:\/\/www.secondastrada.com\/it\/collezione-donna\/"},{"@type":"ListItem","position":4,"name":"Beachwear","item":"https:\/\/www.secondastrada.com\/it\/collezione-donna\/beachwear-da-donna\/"},{"@type":"ListItem","position":5,"name":"Costumi da bagno","item":"https:\/\/www.secondastrada.com\/it\/collezione-donna\/beachwear-da-donna\/costumi-da-bagno-da-donna\/"},{"@type":"ListItem","position":6,"name":"Slip costume Emporio Armani Azzurro tg.S"}]},{"@type":"WebSite","@id":"https:\/\/www.secondastrada.com\/it\/#website","url":"https:\/\/www.secondastrada.com\/it\/","name":"Seconda Strada","description":"","publisher":{"@id":"https:\/\/www.secondastrada.com\/it\/#organization"},"potentialAction":[{"@type":"SearchAction","target":{"@type":"EntryPoint","urlTemplate":"https:\/\/www.secondastrada.com\/it\/?s={search_term_string}"},"query-input":"required name=search_term_string"}],"inLanguage":"it-IT"},{"@type":"Organization","@id":"https:\/\/www.secondastrada.com\/it\/#organization","name":"Seconda Strada","url":"https:\/\/www.secondastrada.com\/it\/","logo":{"@type":"ImageObject","inLanguage":"it-IT","@id":"https:\/\/www.secondastrada.com\/it\/#\/schema\/logo\/image\/","url":"https:\/\/www.secondastrada.com\/wp-content\/uploads\/2023\/11\/secondastrada-logo.svg","contentUrl":"https:\/\/www.secondastrada.com\/wp-content\/uploads\/2023\/11\/secondastrada-logo.svg","width":353,"height":47,"caption":"Seconda Strada"},"image":{"@id":"https:\/\/www.secondastrada.com\/it\/#\/schema\/logo\/image\/"}}]}},"df_price":20.99,"df_sale_price":"","df_regular_price":20.99,"df_image_link":"https:\/\/www.secondastrada.com\/wp-content\/uploads\/2026\/02\/EW000378-AF19035-GI-CB_AZZURRO_PE26_1-300x300.jpg","_links":{"self":[{"href":"https:\/\/www.secondastrada.com\/it\/wp-json\/wp\/v2\/product\/337519"}],"collection":[{"href":"https:\/\/www.secondastrada.com\/it\/wp-json\/wp\/v2\/product"}],"about":[{"href":"https:\/\/www.secondastrada.com\/it\/wp-json\/wp\/v2\/types\/product"}],"wp:featuredmedia":[{"embeddable":true,"href":"https:\/\/www.secondastrada.com\/it\/wp-json\/wp\/v2\/media\/337719"}],"wp:attachment":[{"href":"https:\/\/www.secondastrada.com\/it\/wp-json\/wp\/v2\/media?parent=337519"}],"wp:term":[{"taxonomy":"ss_brand","embeddable":true,"href":"https:\/\/www.secondastrada.com\/it\/wp-json\/wp\/v2\/ss_brand?post=337519"},{"taxonomy":"ss_promo","embeddable":true,"href":"https:\/\/www.secondastrada.com\/it\/wp-json\/wp\/v2\/ss_promo?post=337519"},{"taxonomy":"ss_season","embeddable":true,"href":"https:\/\/www.secondastrada.com\/it\/wp-json\/wp\/v2\/ss_season?post=337519"},{"taxonomy":"product_cat","embeddable":true,"href":"https:\/\/www.secondastrada.com\/it\/wp-json\/wp\/v2\/product_cat?post=337519"},{"taxonomy":"product_tag","embeddable":true,"href":"https:\/\/www.secondastrada.com\/it\/wp-json\/wp\/v2\/product_tag?post=337519"}],"curies":[{"name":"wp","href":"https:\/\/api.w.org\/{rel}","templated":true}]}}