{"id":337521,"date":"2026-02-20T15:10:54","date_gmt":"2026-02-20T14:10:54","guid":{"rendered":"https:\/\/www.secondastrada.com\/it\/abito-emporio-armani-verde-tg-s\/"},"modified":"2026-02-20T15:10:55","modified_gmt":"2026-02-20T14:10:55","slug":"abito-emporio-armani-verde-tg-s","status":"publish","type":"product","link":"https:\/\/www.secondastrada.com\/it\/abito-emporio-armani-verde-tg-s\/","title":{"rendered":"Abito Emporio Armani Verde tg.S"},"content":{"rendered":"<p><b>Abito EMPORIO ARMANI<\/b><br \/>\nL\u2019<b>Abito EMPORIO ARMANI<\/b> verde da donna \u00e8 una proposta elegante e versatile, perfetta per accompagnarti con stile durante la bella stagione. Questo <b>Abito da donna adatto alla stagione primavera estate<\/b> si distingue per il design <b>lungo, maniche corte, stampa coordinata<\/b>, un equilibrio armonioso tra femminilit\u00e0 e raffinatezza contemporanea.<br \/>\nRealizzato in 80% viscosa, 12% poliestere e 8% lycra, offre una vestibilit\u00e0 fluida e confortevole, valorizzando la silhouette con naturalezza. Il tessuto leggero e morbido segue i movimenti del corpo, rendendolo ideale per le giornate pi\u00f9 calde. La vestibilit\u00e0 \u00e8 regolare: la modella \u00e8 alta 165 cm e indossa la taglia S. Si tratta di un pezzo unico di campionario, selezionato per garantire esclusivit\u00e0 e qualit\u00e0 firmata Armani.<br \/>\nL\u2019<b>Abito con lungo, maniche corte, stampa coordinata<\/b> \u00e8 perfetto nel tempo libero d\u2019estate, per una passeggiata al tramonto o una cena informale all\u2019aperto. Puoi indossarlo sopra il costume per un look chic da spiaggia, oppure abbinarlo a infradito e borsa in paglia per uno stile fresco e raffinato.<br \/>\nScegli l\u2019eleganza senza tempo firmata Armani e valorizza ogni momento della tua estate. Su SecondaStrada.com trovi solo prodotti originali e accuratamente selezionati. Codice articolo <b>EW000618 AF20243 GI CB<\/b>.<\/p>\n","protected":false},"excerpt":{"rendered":"<p>Abito EMPORIO ARMANI L\u2019Abito EMPORIO ARMANI verde da donna \u00e8 una proposta elegante e versatile, perfetta per accompagnarti con stile durante la bella stagione. Questo Abito da donna adatto alla stagione primavera estate si distingue per il design lungo, maniche corte, stampa coordinata, un equilibrio armonioso tra femminilit\u00e0 e raffinatezza contemporanea. Realizzato in 80% viscosa,&#8230;<\/p>\n","protected":false},"featured_media":337685,"template":"","meta":{"inline_featured_image":false},"ss_brand":[1241],"ss_promo":[],"ss_season":[2531],"product_cat":[1407,1658,2214],"product_tag":[1953,1995],"class_list":{"0":"post-337521","1":"product","2":"type-product","3":"status-publish","4":"has-post-thumbnail","6":"ss_brand-emporio-armani-donna","7":"ss_season-pe26","8":"product_cat-beachwear-da-donna","9":"product_cat-collezione-donna","10":"product_cat-vestiti-da-mare-da-donna","11":"product_tag-campionario","12":"product_tag-nuovi-arrivi-donna","14":"first","15":"instock","16":"shipping-taxable","17":"purchasable","18":"product-type-variable","19":"has-default-attributes"},"acf":{"ss_brand":[{"term_id":1241,"name":"EMPORIO ARMANI","slug":"emporio-armani-donna","term_group":0,"term_taxonomy_id":1241,"taxonomy":"ss_brand","description":"Emporio Armani: il brand made in Italy dall\u2019impronta young amato in tutto il mondo a prezzi super!","parent":1201,"count":20,"filter":"raw"}],"ss_promo":false,"ss_season":[{"term_id":2531,"name":"PE26","slug":"pe26","term_group":0,"term_taxonomy_id":2531,"taxonomy":"ss_season","description":"","parent":0,"count":1163,"filter":"raw"}],"ss_old_price":"93,00","ss_omnibus_price":"0,00","ss_style_advice":"<p><b>Abito EMPORIO ARMANI<\/b><br \/>\nL\u2019<b>Abito EMPORIO ARMANI<\/b> verde da donna \u00e8 una proposta elegante e versatile, perfetta per accompagnarti con stile durante la bella stagione. Questo <b>Abito da donna adatto alla stagione primavera estate<\/b> si distingue per il design <b>lungo, maniche corte, stampa coordinata<\/b>, un equilibrio armonioso tra femminilit\u00e0 e raffinatezza contemporanea.<br \/>\nRealizzato in 80% viscosa, 12% poliestere e 8% lycra, offre una vestibilit\u00e0 fluida e confortevole, valorizzando la silhouette con naturalezza. Il tessuto leggero e morbido segue i movimenti del corpo, rendendolo ideale per le giornate pi\u00f9 calde. La vestibilit\u00e0 \u00e8 regolare: la modella \u00e8 alta 165 cm e indossa la taglia S. Si tratta di un pezzo unico di campionario, selezionato per garantire esclusivit\u00e0 e qualit\u00e0 firmata Armani.<br \/>\nL\u2019<b>Abito con lungo, maniche corte, stampa coordinata<\/b> \u00e8 perfetto nel tempo libero d\u2019estate, per una passeggiata al tramonto o una cena informale all\u2019aperto. Puoi indossarlo sopra il costume per un look chic da spiaggia, oppure abbinarlo a infradito e borsa in paglia per uno stile fresco e raffinato.<br \/>\nScegli l\u2019eleganza senza tempo firmata Armani e valorizza ogni momento della tua estate. Su SecondaStrada.com trovi solo prodotti originali e accuratamente selezionati. Codice articolo <b>EW000618 AF20243 GI CB<\/b>.<\/p>\n","ss_composition":"<p>80% viscosa 12% piliestere 8% lycra<\/p>\n","ss_fit":"<p>La modella \u00e8 alta 165 cm e indossa la taglia S. La vestibilit\u00e0 del capo \u00e8 regolare. Pezzo unico di campionario.<\/p>\n"},"yoast_head":"<!-- This site is optimized with the Yoast SEO plugin v22.3 - https:\/\/yoast.com\/wordpress\/plugins\/seo\/ -->\n<title>Abito Emporio Armani Verde tg.S - Acquista online! - Seconda Strada<\/title>\n<meta name=\"description\" content=\"Abito Emporio Armani Verde tg.S \u27a4 Acquista online su Secondastrada.com Abito Emporio Armani Verde tg.S \u2714\ufe0f Spedizione veloce entro 24h in tutta Italia \u2714\ufe0f Sconto sul tuo primo acquisto\" \/>\n<meta name=\"robots\" content=\"index, follow, max-snippet:-1, max-image-preview:large, max-video-preview:-1\" \/>\n<link rel=\"canonical\" href=\"https:\/\/www.secondastrada.com\/it\/abito-emporio-armani-verde-tg-s\/\" \/>\n<meta property=\"og:locale\" content=\"it_IT\" \/>\n<meta property=\"og:type\" content=\"article\" \/>\n<meta property=\"og:title\" content=\"Abito Emporio Armani Verde tg.S - Acquista online! - Seconda Strada\" \/>\n<meta property=\"og:description\" content=\"Abito Emporio Armani Verde tg.S \u27a4 Acquista online su Secondastrada.com Abito Emporio Armani Verde tg.S \u2714\ufe0f Spedizione veloce entro 24h in tutta Italia \u2714\ufe0f Sconto sul tuo primo acquisto\" \/>\n<meta property=\"og:url\" content=\"https:\/\/www.secondastrada.com\/it\/abito-emporio-armani-verde-tg-s\/\" \/>\n<meta property=\"og:site_name\" content=\"Seconda Strada\" \/>\n<meta property=\"article:modified_time\" content=\"2026-02-20T14:10:55+00:00\" \/>\n<meta property=\"og:image\" content=\"https:\/\/www.secondastrada.com\/wp-content\/uploads\/2026\/02\/EW000618-AF20243-GI-CB_VERDE_PE26_1.jpg\" \/>\n\t<meta property=\"og:image:width\" content=\"1000\" \/>\n\t<meta property=\"og:image:height\" content=\"1300\" \/>\n\t<meta property=\"og:image:type\" content=\"image\/jpeg\" \/>\n<meta name=\"twitter:card\" content=\"summary_large_image\" \/>\n<meta name=\"twitter:label1\" content=\"Tempo di lettura stimato\" \/>\n\t<meta name=\"twitter:data1\" content=\"1 minuto\" \/>\n<!-- \/ Yoast SEO plugin. -->","yoast_head_json":{"title":"Abito Emporio Armani Verde tg.S - Acquista online! - Seconda Strada","description":"Abito Emporio Armani Verde tg.S \u27a4 Acquista online su Secondastrada.com Abito Emporio Armani Verde tg.S \u2714\ufe0f Spedizione veloce entro 24h in tutta Italia \u2714\ufe0f Sconto sul tuo primo acquisto","robots":{"index":"index","follow":"follow","max-snippet":"max-snippet:-1","max-image-preview":"max-image-preview:large","max-video-preview":"max-video-preview:-1"},"canonical":"https:\/\/www.secondastrada.com\/it\/abito-emporio-armani-verde-tg-s\/","og_locale":"it_IT","og_type":"article","og_title":"Abito Emporio Armani Verde tg.S - Acquista online! - Seconda Strada","og_description":"Abito Emporio Armani Verde tg.S \u27a4 Acquista online su Secondastrada.com Abito Emporio Armani Verde tg.S \u2714\ufe0f Spedizione veloce entro 24h in tutta Italia \u2714\ufe0f Sconto sul tuo primo acquisto","og_url":"https:\/\/www.secondastrada.com\/it\/abito-emporio-armani-verde-tg-s\/","og_site_name":"Seconda Strada","article_modified_time":"2026-02-20T14:10:55+00:00","og_image":[{"width":1000,"height":1300,"url":"https:\/\/www.secondastrada.com\/wp-content\/uploads\/2026\/02\/EW000618-AF20243-GI-CB_VERDE_PE26_1.jpg","type":"image\/jpeg"}],"twitter_card":"summary_large_image","twitter_misc":{"Tempo di lettura stimato":"1 minuto"},"schema":{"@context":"https:\/\/schema.org","@graph":[{"@type":"WebPage","@id":"https:\/\/www.secondastrada.com\/it\/abito-emporio-armani-verde-tg-s\/","url":"https:\/\/www.secondastrada.com\/it\/abito-emporio-armani-verde-tg-s\/","name":"Abito Emporio Armani Verde tg.S - Acquista online! - Seconda Strada","isPartOf":{"@id":"https:\/\/www.secondastrada.com\/it\/#website"},"primaryImageOfPage":{"@id":"https:\/\/www.secondastrada.com\/it\/abito-emporio-armani-verde-tg-s\/#primaryimage"},"image":{"@id":"https:\/\/www.secondastrada.com\/it\/abito-emporio-armani-verde-tg-s\/#primaryimage"},"thumbnailUrl":"https:\/\/www.secondastrada.com\/wp-content\/uploads\/2026\/02\/EW000618-AF20243-GI-CB_VERDE_PE26_1.jpg","datePublished":"2026-02-20T14:10:54+00:00","dateModified":"2026-02-20T14:10:55+00:00","description":"Abito Emporio Armani Verde tg.S \u27a4 Acquista online su Secondastrada.com Abito Emporio Armani Verde tg.S \u2714\ufe0f Spedizione veloce entro 24h in tutta Italia \u2714\ufe0f Sconto sul tuo primo acquisto","breadcrumb":{"@id":"https:\/\/www.secondastrada.com\/it\/abito-emporio-armani-verde-tg-s\/#breadcrumb"},"inLanguage":"it-IT","potentialAction":[{"@type":"ReadAction","target":["https:\/\/www.secondastrada.com\/it\/abito-emporio-armani-verde-tg-s\/"]}]},{"@type":"ImageObject","inLanguage":"it-IT","@id":"https:\/\/www.secondastrada.com\/it\/abito-emporio-armani-verde-tg-s\/#primaryimage","url":"https:\/\/www.secondastrada.com\/wp-content\/uploads\/2026\/02\/EW000618-AF20243-GI-CB_VERDE_PE26_1.jpg","contentUrl":"https:\/\/www.secondastrada.com\/wp-content\/uploads\/2026\/02\/EW000618-AF20243-GI-CB_VERDE_PE26_1.jpg","width":1000,"height":1300,"caption":"EW000618-AF20243-GI-CB_VERDE_PE26"},{"@type":"BreadcrumbList","@id":"https:\/\/www.secondastrada.com\/it\/abito-emporio-armani-verde-tg-s\/#breadcrumb","itemListElement":[{"@type":"ListItem","position":1,"name":"Home","item":"https:\/\/www.secondastrada.com\/it\/"},{"@type":"ListItem","position":2,"name":"Shop","item":"https:\/\/www.secondastrada.com\/it\/shop\/"},{"@type":"ListItem","position":3,"name":"Donna","item":"https:\/\/www.secondastrada.com\/it\/collezione-donna\/"},{"@type":"ListItem","position":4,"name":"Beachwear","item":"https:\/\/www.secondastrada.com\/it\/collezione-donna\/beachwear-da-donna\/"},{"@type":"ListItem","position":5,"name":"Vestiti da mare","item":"https:\/\/www.secondastrada.com\/it\/collezione-donna\/beachwear-da-donna\/vestiti-da-mare-da-donna\/"},{"@type":"ListItem","position":6,"name":"Abito Emporio Armani Verde tg.S"}]},{"@type":"WebSite","@id":"https:\/\/www.secondastrada.com\/it\/#website","url":"https:\/\/www.secondastrada.com\/it\/","name":"Seconda Strada","description":"","publisher":{"@id":"https:\/\/www.secondastrada.com\/it\/#organization"},"potentialAction":[{"@type":"SearchAction","target":{"@type":"EntryPoint","urlTemplate":"https:\/\/www.secondastrada.com\/it\/?s={search_term_string}"},"query-input":"required name=search_term_string"}],"inLanguage":"it-IT"},{"@type":"Organization","@id":"https:\/\/www.secondastrada.com\/it\/#organization","name":"Seconda Strada","url":"https:\/\/www.secondastrada.com\/it\/","logo":{"@type":"ImageObject","inLanguage":"it-IT","@id":"https:\/\/www.secondastrada.com\/it\/#\/schema\/logo\/image\/","url":"https:\/\/www.secondastrada.com\/wp-content\/uploads\/2023\/11\/secondastrada-logo.svg","contentUrl":"https:\/\/www.secondastrada.com\/wp-content\/uploads\/2023\/11\/secondastrada-logo.svg","width":353,"height":47,"caption":"Seconda Strada"},"image":{"@id":"https:\/\/www.secondastrada.com\/it\/#\/schema\/logo\/image\/"}}]}},"df_price":55.99,"df_sale_price":"","df_regular_price":55.99,"df_image_link":"https:\/\/www.secondastrada.com\/wp-content\/uploads\/2026\/02\/EW000618-AF20243-GI-CB_VERDE_PE26_1-300x300.jpg","_links":{"self":[{"href":"https:\/\/www.secondastrada.com\/it\/wp-json\/wp\/v2\/product\/337521"}],"collection":[{"href":"https:\/\/www.secondastrada.com\/it\/wp-json\/wp\/v2\/product"}],"about":[{"href":"https:\/\/www.secondastrada.com\/it\/wp-json\/wp\/v2\/types\/product"}],"wp:featuredmedia":[{"embeddable":true,"href":"https:\/\/www.secondastrada.com\/it\/wp-json\/wp\/v2\/media\/337685"}],"wp:attachment":[{"href":"https:\/\/www.secondastrada.com\/it\/wp-json\/wp\/v2\/media?parent=337521"}],"wp:term":[{"taxonomy":"ss_brand","embeddable":true,"href":"https:\/\/www.secondastrada.com\/it\/wp-json\/wp\/v2\/ss_brand?post=337521"},{"taxonomy":"ss_promo","embeddable":true,"href":"https:\/\/www.secondastrada.com\/it\/wp-json\/wp\/v2\/ss_promo?post=337521"},{"taxonomy":"ss_season","embeddable":true,"href":"https:\/\/www.secondastrada.com\/it\/wp-json\/wp\/v2\/ss_season?post=337521"},{"taxonomy":"product_cat","embeddable":true,"href":"https:\/\/www.secondastrada.com\/it\/wp-json\/wp\/v2\/product_cat?post=337521"},{"taxonomy":"product_tag","embeddable":true,"href":"https:\/\/www.secondastrada.com\/it\/wp-json\/wp\/v2\/product_tag?post=337521"}],"curies":[{"name":"wp","href":"https:\/\/api.w.org\/{rel}","templated":true}]}}