{"id":337550,"date":"2026-02-20T14:11:34","date_gmt":"2026-02-20T13:11:34","guid":{"rendered":"https:\/\/www.secondastrada.com\/it\/camicia-emporio-armani-tg-l\/"},"modified":"2026-03-02T11:40:14","modified_gmt":"2026-03-02T10:40:14","slug":"camicia-emporio-armani-tg-l","status":"publish","type":"product","link":"https:\/\/www.secondastrada.com\/it\/camicia-emporio-armani-tg-l\/","title":{"rendered":"Camicia Emporio Armani tg.L"},"content":{"rendered":"<p><b>Camicia EMPORIO ARMANI<\/b><br \/>\nLa <b>Camicia EMPORIO ARMANI<\/b> in fantasia da uomo \u00e8 un capo distintivo pensato per chi desidera unire eleganza contemporanea e spirito estivo. Questo modello si caratterizza per il design <b>in bianco e nero, maniche corte, bottoni ad asola<\/b>, una combinazione grafica raffinata che dona personalit\u00e0 al look senza rinunciare alla versatilit\u00e0.<br \/>\nRealizzata in 100% cotone, questa <b>Camicia da uomo adatta alla stagione primavera estate<\/b> offre freschezza, traspirabilit\u00e0 e comfort anche nelle giornate pi\u00f9 calde. La vestibilit\u00e0 \u00e8 regolare: il modello \u00e8 alto 187 cm e indossa la taglia L. Si tratta di un pezzo unico di campionario, selezionato con attenzione per garantire esclusivit\u00e0 e stile ricercato.<br \/>\nLa <b>Camicia con in bianco e nero, maniche corte, bottoni ad asola<\/b> \u00e8 perfetta nel tempo libero, durante un weekend fuori porta o per una serata estiva informale. Puoi indossarla con bermuda coordinati per un outfit fresco e disinvolto, oppure abbinarla a un paio di jeans e sneakers per un look casual ma curato, ideale anche per un aperitivo in citt\u00e0.<br \/>\nScegli l\u2019inconfondibile qualit\u00e0 Armani per valorizzare il tuo guardaroba estivo. Su SecondaStrada.com trovi solo prodotti originali e accuratamente selezionati. Codice articolo <b>EM000593 AF20439 GI CB<\/b>.<\/p>\n","protected":false},"excerpt":{"rendered":"<p>Camicia EMPORIO ARMANI La Camicia EMPORIO ARMANI in fantasia da uomo \u00e8 un capo distintivo pensato per chi desidera unire eleganza contemporanea e spirito estivo. Questo modello si caratterizza per il design in bianco e nero, maniche corte, bottoni ad asola, una combinazione grafica raffinata che dona personalit\u00e0 al look senza rinunciare alla versatilit\u00e0. Realizzata&#8230;<\/p>\n","protected":false},"featured_media":337484,"template":"","meta":{"inline_featured_image":false},"ss_brand":[1307],"ss_promo":[],"ss_season":[2531],"product_cat":[1332,1478,2538,1714],"product_tag":[1953,1993],"class_list":{"0":"post-337550","1":"product","2":"type-product","3":"status-publish","4":"has-post-thumbnail","6":"ss_brand-emporio-armani-uomo","7":"ss_season-pe26","8":"product_cat-abbigliamento-uomo","9":"product_cat-camicie-da-uomo","10":"product_cat-set-coordinati-da-uomo","11":"product_cat-collezione-uomo","12":"product_tag-campionario","13":"product_tag-nuovi-arrivi-uomo","15":"first","16":"instock","17":"shipping-taxable","18":"purchasable","19":"product-type-variable","20":"has-default-attributes"},"acf":{"ss_brand":[{"term_id":1307,"name":"EMPORIO ARMANI","slug":"emporio-armani-uomo","term_group":0,"term_taxonomy_id":1307,"taxonomy":"ss_brand","description":"Cuore italiano, spirito internazionale. Gli accessori da uomo firmati Emporio Armani al miglior prezzo li trovi qui!\u00a0Acquista online su SecondaStrada.com <strong>abbigliamento da donna EMPORIO ARMANI scontatissimo<\/strong>!","parent":1268,"count":19,"filter":"raw"}],"ss_promo":false,"ss_season":[{"term_id":2531,"name":"PE26","slug":"pe26","term_group":0,"term_taxonomy_id":2531,"taxonomy":"ss_season","description":"","parent":0,"count":1148,"filter":"raw"}],"ss_old_price":"115,00","ss_omnibus_price":"0,00","ss_style_advice":"<p><b>Camicia EMPORIO ARMANI<\/b><br \/>\nLa <b>Camicia EMPORIO ARMANI<\/b> in fantasia da uomo \u00e8 un capo distintivo pensato per chi desidera unire eleganza contemporanea e spirito estivo. Questo modello si caratterizza per il design <b>in bianco e nero, maniche corte, bottoni ad asola<\/b>, una combinazione grafica raffinata che dona personalit\u00e0 al look senza rinunciare alla versatilit\u00e0.<br \/>\nRealizzata in 100% cotone, questa <b>Camicia da uomo adatta alla stagione primavera estate<\/b> offre freschezza, traspirabilit\u00e0 e comfort anche nelle giornate pi\u00f9 calde. La vestibilit\u00e0 \u00e8 regolare: il modello \u00e8 alto 187 cm e indossa la taglia L. Si tratta di un pezzo unico di campionario, selezionato con attenzione per garantire esclusivit\u00e0 e stile ricercato.<br \/>\nLa <b>Camicia con in bianco e nero, maniche corte, bottoni ad asola<\/b> \u00e8 perfetta nel tempo libero, durante un weekend fuori porta o per una serata estiva informale. Puoi indossarla con bermuda coordinati per un outfit fresco e disinvolto, oppure abbinarla a un paio di jeans e sneakers per un look casual ma curato, ideale anche per un aperitivo in citt\u00e0.<br \/>\nScegli l\u2019inconfondibile qualit\u00e0 Armani per valorizzare il tuo guardaroba estivo. Su SecondaStrada.com trovi solo prodotti originali e accuratamente selezionati. Codice articolo <b>EM000593 AF20439 GI CB<\/b>.<\/p>\n","ss_composition":"<p>100% cotone<\/p>\n","ss_fit":"<p>Il modello \u00e8 alto 187 cm e indossa la taglia L. La vestibilit\u00e0 del capo \u00e8 regolare. Pezzo unico di campionario.<\/p>\n"},"yoast_head":"<!-- This site is optimized with the Yoast SEO plugin v22.3 - https:\/\/yoast.com\/wordpress\/plugins\/seo\/ -->\n<title>Camicia Emporio Armani tg.L - Acquista online! - Seconda Strada<\/title>\n<meta name=\"description\" content=\"Camicia Emporio Armani tg.L \u27a4 Acquista online su Secondastrada.com Camicia Emporio Armani tg.L \u2714\ufe0f Spedizione veloce entro 24h in tutta Italia \u2714\ufe0f Sconto sul tuo primo acquisto\" \/>\n<meta name=\"robots\" content=\"index, follow, max-snippet:-1, max-image-preview:large, max-video-preview:-1\" \/>\n<link rel=\"canonical\" href=\"https:\/\/www.secondastrada.com\/it\/camicia-emporio-armani-tg-l\/\" \/>\n<meta property=\"og:locale\" content=\"it_IT\" \/>\n<meta property=\"og:type\" content=\"article\" \/>\n<meta property=\"og:title\" content=\"Camicia Emporio Armani tg.L - Acquista online! - Seconda Strada\" \/>\n<meta property=\"og:description\" content=\"Camicia Emporio Armani tg.L \u27a4 Acquista online su Secondastrada.com Camicia Emporio Armani tg.L \u2714\ufe0f Spedizione veloce entro 24h in tutta Italia \u2714\ufe0f Sconto sul tuo primo acquisto\" \/>\n<meta property=\"og:url\" content=\"https:\/\/www.secondastrada.com\/it\/camicia-emporio-armani-tg-l\/\" \/>\n<meta property=\"og:site_name\" content=\"Seconda Strada\" \/>\n<meta property=\"article:modified_time\" content=\"2026-03-02T10:40:14+00:00\" \/>\n<meta property=\"og:image\" content=\"https:\/\/www.secondastrada.com\/wp-content\/uploads\/2026\/02\/EM000593-AF20439-GI-CB_FANTASIA_PE26_1.jpg\" \/>\n\t<meta property=\"og:image:width\" content=\"1000\" \/>\n\t<meta property=\"og:image:height\" content=\"1300\" \/>\n\t<meta property=\"og:image:type\" content=\"image\/jpeg\" \/>\n<meta name=\"twitter:card\" content=\"summary_large_image\" \/>\n<meta name=\"twitter:label1\" content=\"Tempo di lettura stimato\" \/>\n\t<meta name=\"twitter:data1\" content=\"1 minuto\" \/>\n<!-- \/ Yoast SEO plugin. -->","yoast_head_json":{"title":"Camicia Emporio Armani tg.L - Acquista online! - Seconda Strada","description":"Camicia Emporio Armani tg.L \u27a4 Acquista online su Secondastrada.com Camicia Emporio Armani tg.L \u2714\ufe0f Spedizione veloce entro 24h in tutta Italia \u2714\ufe0f Sconto sul tuo primo acquisto","robots":{"index":"index","follow":"follow","max-snippet":"max-snippet:-1","max-image-preview":"max-image-preview:large","max-video-preview":"max-video-preview:-1"},"canonical":"https:\/\/www.secondastrada.com\/it\/camicia-emporio-armani-tg-l\/","og_locale":"it_IT","og_type":"article","og_title":"Camicia Emporio Armani tg.L - Acquista online! - Seconda Strada","og_description":"Camicia Emporio Armani tg.L \u27a4 Acquista online su Secondastrada.com Camicia Emporio Armani tg.L \u2714\ufe0f Spedizione veloce entro 24h in tutta Italia \u2714\ufe0f Sconto sul tuo primo acquisto","og_url":"https:\/\/www.secondastrada.com\/it\/camicia-emporio-armani-tg-l\/","og_site_name":"Seconda Strada","article_modified_time":"2026-03-02T10:40:14+00:00","og_image":[{"width":1000,"height":1300,"url":"https:\/\/www.secondastrada.com\/wp-content\/uploads\/2026\/02\/EM000593-AF20439-GI-CB_FANTASIA_PE26_1.jpg","type":"image\/jpeg"}],"twitter_card":"summary_large_image","twitter_misc":{"Tempo di lettura stimato":"1 minuto"},"schema":{"@context":"https:\/\/schema.org","@graph":[{"@type":"WebPage","@id":"https:\/\/www.secondastrada.com\/it\/camicia-emporio-armani-tg-l\/","url":"https:\/\/www.secondastrada.com\/it\/camicia-emporio-armani-tg-l\/","name":"Camicia Emporio Armani tg.L - Acquista online! - Seconda Strada","isPartOf":{"@id":"https:\/\/www.secondastrada.com\/it\/#website"},"primaryImageOfPage":{"@id":"https:\/\/www.secondastrada.com\/it\/camicia-emporio-armani-tg-l\/#primaryimage"},"image":{"@id":"https:\/\/www.secondastrada.com\/it\/camicia-emporio-armani-tg-l\/#primaryimage"},"thumbnailUrl":"https:\/\/www.secondastrada.com\/wp-content\/uploads\/2026\/02\/EM000593-AF20439-GI-CB_FANTASIA_PE26_1.jpg","datePublished":"2026-02-20T13:11:34+00:00","dateModified":"2026-03-02T10:40:14+00:00","description":"Camicia Emporio Armani tg.L \u27a4 Acquista online su Secondastrada.com Camicia Emporio Armani tg.L \u2714\ufe0f Spedizione veloce entro 24h in tutta Italia \u2714\ufe0f Sconto sul tuo primo acquisto","breadcrumb":{"@id":"https:\/\/www.secondastrada.com\/it\/camicia-emporio-armani-tg-l\/#breadcrumb"},"inLanguage":"it-IT","potentialAction":[{"@type":"ReadAction","target":["https:\/\/www.secondastrada.com\/it\/camicia-emporio-armani-tg-l\/"]}]},{"@type":"ImageObject","inLanguage":"it-IT","@id":"https:\/\/www.secondastrada.com\/it\/camicia-emporio-armani-tg-l\/#primaryimage","url":"https:\/\/www.secondastrada.com\/wp-content\/uploads\/2026\/02\/EM000593-AF20439-GI-CB_FANTASIA_PE26_1.jpg","contentUrl":"https:\/\/www.secondastrada.com\/wp-content\/uploads\/2026\/02\/EM000593-AF20439-GI-CB_FANTASIA_PE26_1.jpg","width":1000,"height":1300,"caption":"EM000593-AF20439-GI-CB_FANTASIA_PE26"},{"@type":"BreadcrumbList","@id":"https:\/\/www.secondastrada.com\/it\/camicia-emporio-armani-tg-l\/#breadcrumb","itemListElement":[{"@type":"ListItem","position":1,"name":"Home","item":"https:\/\/www.secondastrada.com\/it\/"},{"@type":"ListItem","position":2,"name":"Shop","item":"https:\/\/www.secondastrada.com\/it\/shop\/"},{"@type":"ListItem","position":3,"name":"Uomo","item":"https:\/\/www.secondastrada.com\/it\/collezione-uomo\/"},{"@type":"ListItem","position":4,"name":"Abbigliamento","item":"https:\/\/www.secondastrada.com\/it\/collezione-uomo\/abbigliamento-uomo\/"},{"@type":"ListItem","position":5,"name":"Camicie","item":"https:\/\/www.secondastrada.com\/it\/collezione-uomo\/abbigliamento-uomo\/camicie-da-uomo\/"},{"@type":"ListItem","position":6,"name":"Camicia Emporio Armani tg.L"}]},{"@type":"WebSite","@id":"https:\/\/www.secondastrada.com\/it\/#website","url":"https:\/\/www.secondastrada.com\/it\/","name":"Seconda Strada","description":"","publisher":{"@id":"https:\/\/www.secondastrada.com\/it\/#organization"},"potentialAction":[{"@type":"SearchAction","target":{"@type":"EntryPoint","urlTemplate":"https:\/\/www.secondastrada.com\/it\/?s={search_term_string}"},"query-input":"required name=search_term_string"}],"inLanguage":"it-IT"},{"@type":"Organization","@id":"https:\/\/www.secondastrada.com\/it\/#organization","name":"Seconda Strada","url":"https:\/\/www.secondastrada.com\/it\/","logo":{"@type":"ImageObject","inLanguage":"it-IT","@id":"https:\/\/www.secondastrada.com\/it\/#\/schema\/logo\/image\/","url":"https:\/\/www.secondastrada.com\/wp-content\/uploads\/2023\/11\/secondastrada-logo.svg","contentUrl":"https:\/\/www.secondastrada.com\/wp-content\/uploads\/2023\/11\/secondastrada-logo.svg","width":353,"height":47,"caption":"Seconda Strada"},"image":{"@id":"https:\/\/www.secondastrada.com\/it\/#\/schema\/logo\/image\/"}}]}},"df_price":68.99,"df_sale_price":"","df_regular_price":68.99,"df_image_link":"https:\/\/www.secondastrada.com\/wp-content\/uploads\/2026\/02\/EM000593-AF20439-GI-CB_FANTASIA_PE26_1-300x300.jpg","_links":{"self":[{"href":"https:\/\/www.secondastrada.com\/it\/wp-json\/wp\/v2\/product\/337550"}],"collection":[{"href":"https:\/\/www.secondastrada.com\/it\/wp-json\/wp\/v2\/product"}],"about":[{"href":"https:\/\/www.secondastrada.com\/it\/wp-json\/wp\/v2\/types\/product"}],"wp:featuredmedia":[{"embeddable":true,"href":"https:\/\/www.secondastrada.com\/it\/wp-json\/wp\/v2\/media\/337484"}],"wp:attachment":[{"href":"https:\/\/www.secondastrada.com\/it\/wp-json\/wp\/v2\/media?parent=337550"}],"wp:term":[{"taxonomy":"ss_brand","embeddable":true,"href":"https:\/\/www.secondastrada.com\/it\/wp-json\/wp\/v2\/ss_brand?post=337550"},{"taxonomy":"ss_promo","embeddable":true,"href":"https:\/\/www.secondastrada.com\/it\/wp-json\/wp\/v2\/ss_promo?post=337550"},{"taxonomy":"ss_season","embeddable":true,"href":"https:\/\/www.secondastrada.com\/it\/wp-json\/wp\/v2\/ss_season?post=337550"},{"taxonomy":"product_cat","embeddable":true,"href":"https:\/\/www.secondastrada.com\/it\/wp-json\/wp\/v2\/product_cat?post=337550"},{"taxonomy":"product_tag","embeddable":true,"href":"https:\/\/www.secondastrada.com\/it\/wp-json\/wp\/v2\/product_tag?post=337550"}],"curies":[{"name":"wp","href":"https:\/\/api.w.org\/{rel}","templated":true}]}}