{"id":337665,"date":"2026-02-20T15:10:50","date_gmt":"2026-02-20T14:10:50","guid":{"rendered":"https:\/\/www.secondastrada.com\/it\/top-emporio-armani-azzurro-tg-s-2\/"},"modified":"2026-03-02T11:36:32","modified_gmt":"2026-03-02T10:36:32","slug":"top-emporio-armani-azzurro-tg-s-2","status":"publish","type":"product","link":"https:\/\/www.secondastrada.com\/it\/top-emporio-armani-azzurro-tg-s-2\/","title":{"rendered":"Top costume Emporio Armani Azzurro tg.S"},"content":{"rendered":"<section class=\"l-section wpb_row height_medium\"><div class=\"l-section-h i-cf\"><div class=\"g-cols vc_row via_grid cols_1 laptops-cols_inherit tablets-cols_inherit mobiles-cols_1 valign_top type_default stacking_default\"><div class=\"wpb_column vc_column_container\"><div class=\"vc_column-inner\"><div class=\"wpb_text_column\"><div class=\"wpb_wrapper\"><p><b>Top EMPORIO ARMANI<\/b><br \/>\nIl <b>Top EMPORIO ARMANI<\/b> azzurro da donna \u00e8 un capo essenziale e contemporaneo, pensato per valorizzare la silhouette con semplicit\u00e0 e carattere. Questo <b>Top costume da donna adatto alla stagione primavera estate<\/b> si distingue per il design minimal e raffinato, arricchito da <b>tessuto elastico e spallina logata<\/b>, dettaglio iconico che esprime tutta l\u2019identit\u00e0 del brand.<br \/>\nRealizzato in 74% poliamide e 26% elastane, garantisce una vestibilit\u00e0 aderente ma confortevole, accompagnando i movimenti con naturalezza. Il tessuto elastico avvolge il corpo con una sensazione di leggerezza, ideale per le giornate pi\u00f9 calde. La vestibilit\u00e0 \u00e8 regolare: la modella \u00e8 alta 165 cm e veste la taglia S. L\u2019articolo appartiene al campionario esclusivo di stagione, pezzo unico selezionato con cura.<br \/>\nIl <b>Top con tessuto elastico e spallina logata<\/b> \u00e8 perfetto nel tempo libero, per un look fresco e dinamico durante il giorno ,nelle giornate in spiaggia o in piscina. Puoi indossarlo con slip coordinato per un outfit pi\u00f9 sofisticato e femminile.<br \/>\nScegli la qualit\u00e0 e lo stile inconfondibile firmato Armani. Su SecondaStrada.com trovi solo prodotti originali e attentamente selezionati. Codice articolo <b>EW000379 AF19035 GI CB<\/b>.<\/p>\n<\/div><\/div><\/div><\/div><\/div><\/div><\/section>\n","protected":false},"excerpt":{"rendered":"Top EMPORIO ARMANI Il Top EMPORIO ARMANI azzurro da donna \u00e8 un capo essenziale e contemporaneo, pensato per valorizzare la silhouette con semplicit\u00e0 e carattere. Questo Top costume da donna adatto alla stagione primavera estate si distingue per il design minimal e raffinato, arricchito da tessuto elastico e spallina logata, dettaglio iconico che esprime tutta...","protected":false},"featured_media":337701,"template":"","meta":{"inline_featured_image":false},"ss_brand":[1241],"ss_promo":[],"ss_season":[2531],"product_cat":[1329,1658,2537,1337,1823],"product_tag":[1953,1995],"class_list":{"0":"post-337665","1":"product","2":"type-product","3":"status-publish","4":"has-post-thumbnail","6":"ss_brand-emporio-armani-donna","7":"ss_season-pe26","8":"product_cat-abbigliamento-donna","9":"product_cat-collezione-donna","10":"product_cat-set-coordinati-da-donna","11":"product_cat-t-shirt-e-top-da-donna","12":"product_cat-top-da-donna","13":"product_tag-campionario","14":"product_tag-nuovi-arrivi-donna","16":"first","17":"instock","18":"shipping-taxable","19":"purchasable","20":"product-type-variable","21":"has-default-attributes"},"acf":{"ss_brand":[{"term_id":1241,"name":"EMPORIO ARMANI","slug":"emporio-armani-donna","term_group":0,"term_taxonomy_id":1241,"taxonomy":"ss_brand","description":"Emporio Armani: il brand made in Italy dall\u2019impronta young amato in tutto il mondo a prezzi super!","parent":1201,"count":20,"filter":"raw"}],"ss_promo":false,"ss_season":[{"term_id":2531,"name":"PE26","slug":"pe26","term_group":0,"term_taxonomy_id":2531,"taxonomy":"ss_season","description":"","parent":0,"count":1148,"filter":"raw"}],"ss_old_price":"71,00","ss_omnibus_price":"0,00","ss_style_advice":"<p><b>Top EMPORIO ARMANI<\/b><br \/>\nIl <b>Top EMPORIO ARMANI<\/b> azzurro da donna \u00e8 un capo essenziale e contemporaneo, pensato per valorizzare la silhouette con semplicit\u00e0 e carattere. Questo <b>Top da donna adatto alla stagione primavera estate<\/b> si distingue per il design minimal e raffinato, arricchito da <b>tessuto elastico e spallina logata<\/b>, dettaglio iconico che esprime tutta l\u2019identit\u00e0 del brand.<br \/>\nRealizzato in 74% poliamide e 26% elastane, garantisce una vestibilit\u00e0 aderente ma confortevole, accompagnando i movimenti con naturalezza. Il tessuto elastico avvolge il corpo con una sensazione di leggerezza, ideale per le giornate pi\u00f9 calde. La vestibilit\u00e0 \u00e8 regolare: la modella \u00e8 alta 165 cm e veste la taglia S. L\u2019articolo appartiene al campionario esclusivo di stagione, pezzo unico selezionato con cura.<br \/>\nIl <b>Top con tessuto elastico e spallina logata<\/b> \u00e8 perfetto nel tempo libero, per un look fresco e dinamico durante il giorno, oppure come base versatile per la sera. Puoi indossarlo con jeans a vita alta e sneakers per uno stile casual, oppure utilizzarlo come sottogiacca sotto un blazer leggero per un outfit pi\u00f9 sofisticato e femminile.<br \/>\nScegli la qualit\u00e0 e lo stile inconfondibile firmato Armani. Su SecondaStrada.com trovi solo prodotti originali e attentamente selezionati. Codice articolo <b>EW000379 AF19035 GI CB<\/b>.<\/p>\n","ss_composition":"<p>74% poliamide 26% elastane<\/p>\n","ss_fit":"<p>La modella \u00e8 alta 165 cm e veste la taglia S. La vestibilit\u00e0 del capo \u00e8 regolare.L\u2019articolo appartiene al campionario esclusivo di stagione: pezzo unico.<\/p>\n","ss_etichetta":""},"yoast_head":"<!-- This site is optimized with the Yoast SEO plugin v22.3 - https:\/\/yoast.com\/wordpress\/plugins\/seo\/ -->\n<title>Top costume Emporio Armani Azzurro tg.S - Acquista online! - Seconda Strada<\/title>\n<meta name=\"description\" content=\"Top costume Emporio Armani Azzurro tg.S \u27a4 Acquista online su Secondastrada.com Top costume Emporio Armani Azzurro tg.S \u2714\ufe0f Spedizione veloce entro 24h in tutta Italia \u2714\ufe0f Sconto sul tuo primo acquisto\" \/>\n<meta name=\"robots\" content=\"index, follow, max-snippet:-1, max-image-preview:large, max-video-preview:-1\" \/>\n<link rel=\"canonical\" href=\"https:\/\/www.secondastrada.com\/it\/top-emporio-armani-azzurro-tg-s-2\/\" \/>\n<meta property=\"og:locale\" content=\"it_IT\" \/>\n<meta property=\"og:type\" content=\"article\" \/>\n<meta property=\"og:title\" content=\"Top costume Emporio Armani Azzurro tg.S - Acquista online! - Seconda Strada\" \/>\n<meta property=\"og:description\" content=\"Top costume Emporio Armani Azzurro tg.S \u27a4 Acquista online su Secondastrada.com Top costume Emporio Armani Azzurro tg.S \u2714\ufe0f Spedizione veloce entro 24h in tutta Italia \u2714\ufe0f Sconto sul tuo primo acquisto\" \/>\n<meta property=\"og:url\" content=\"https:\/\/www.secondastrada.com\/it\/top-emporio-armani-azzurro-tg-s-2\/\" \/>\n<meta property=\"og:site_name\" content=\"Seconda Strada\" \/>\n<meta property=\"article:modified_time\" content=\"2026-03-02T10:36:32+00:00\" \/>\n<meta property=\"og:image\" content=\"https:\/\/www.secondastrada.com\/wp-content\/uploads\/2026\/02\/EW000379-AF19035-GI-CB_AZZURRO_PE26_1.jpg\" \/>\n\t<meta property=\"og:image:width\" content=\"1000\" \/>\n\t<meta property=\"og:image:height\" content=\"1300\" \/>\n\t<meta property=\"og:image:type\" content=\"image\/jpeg\" \/>\n<meta name=\"twitter:card\" content=\"summary_large_image\" \/>\n<meta name=\"twitter:label1\" content=\"Tempo di lettura stimato\" \/>\n\t<meta name=\"twitter:data1\" content=\"2 minuti\" \/>\n<!-- \/ Yoast SEO plugin. -->","yoast_head_json":{"title":"Top costume Emporio Armani Azzurro tg.S - Acquista online! - Seconda Strada","description":"Top costume Emporio Armani Azzurro tg.S \u27a4 Acquista online su Secondastrada.com Top costume Emporio Armani Azzurro tg.S \u2714\ufe0f Spedizione veloce entro 24h in tutta Italia \u2714\ufe0f Sconto sul tuo primo acquisto","robots":{"index":"index","follow":"follow","max-snippet":"max-snippet:-1","max-image-preview":"max-image-preview:large","max-video-preview":"max-video-preview:-1"},"canonical":"https:\/\/www.secondastrada.com\/it\/top-emporio-armani-azzurro-tg-s-2\/","og_locale":"it_IT","og_type":"article","og_title":"Top costume Emporio Armani Azzurro tg.S - Acquista online! - Seconda Strada","og_description":"Top costume Emporio Armani Azzurro tg.S \u27a4 Acquista online su Secondastrada.com Top costume Emporio Armani Azzurro tg.S \u2714\ufe0f Spedizione veloce entro 24h in tutta Italia \u2714\ufe0f Sconto sul tuo primo acquisto","og_url":"https:\/\/www.secondastrada.com\/it\/top-emporio-armani-azzurro-tg-s-2\/","og_site_name":"Seconda Strada","article_modified_time":"2026-03-02T10:36:32+00:00","og_image":[{"width":1000,"height":1300,"url":"https:\/\/www.secondastrada.com\/wp-content\/uploads\/2026\/02\/EW000379-AF19035-GI-CB_AZZURRO_PE26_1.jpg","type":"image\/jpeg"}],"twitter_card":"summary_large_image","twitter_misc":{"Tempo di lettura stimato":"2 minuti"},"schema":{"@context":"https:\/\/schema.org","@graph":[{"@type":"WebPage","@id":"https:\/\/www.secondastrada.com\/it\/top-emporio-armani-azzurro-tg-s-2\/","url":"https:\/\/www.secondastrada.com\/it\/top-emporio-armani-azzurro-tg-s-2\/","name":"Top costume Emporio Armani Azzurro tg.S - Acquista online! - Seconda Strada","isPartOf":{"@id":"https:\/\/www.secondastrada.com\/it\/#website"},"primaryImageOfPage":{"@id":"https:\/\/www.secondastrada.com\/it\/top-emporio-armani-azzurro-tg-s-2\/#primaryimage"},"image":{"@id":"https:\/\/www.secondastrada.com\/it\/top-emporio-armani-azzurro-tg-s-2\/#primaryimage"},"thumbnailUrl":"https:\/\/www.secondastrada.com\/wp-content\/uploads\/2026\/02\/EW000379-AF19035-GI-CB_AZZURRO_PE26_1.jpg","datePublished":"2026-02-20T14:10:50+00:00","dateModified":"2026-03-02T10:36:32+00:00","description":"Top costume Emporio Armani Azzurro tg.S \u27a4 Acquista online su Secondastrada.com Top costume Emporio Armani Azzurro tg.S \u2714\ufe0f Spedizione veloce entro 24h in tutta Italia \u2714\ufe0f Sconto sul tuo primo acquisto","breadcrumb":{"@id":"https:\/\/www.secondastrada.com\/it\/top-emporio-armani-azzurro-tg-s-2\/#breadcrumb"},"inLanguage":"it-IT","potentialAction":[{"@type":"ReadAction","target":["https:\/\/www.secondastrada.com\/it\/top-emporio-armani-azzurro-tg-s-2\/"]}]},{"@type":"ImageObject","inLanguage":"it-IT","@id":"https:\/\/www.secondastrada.com\/it\/top-emporio-armani-azzurro-tg-s-2\/#primaryimage","url":"https:\/\/www.secondastrada.com\/wp-content\/uploads\/2026\/02\/EW000379-AF19035-GI-CB_AZZURRO_PE26_1.jpg","contentUrl":"https:\/\/www.secondastrada.com\/wp-content\/uploads\/2026\/02\/EW000379-AF19035-GI-CB_AZZURRO_PE26_1.jpg","width":1000,"height":1300,"caption":"EW000379-AF19035-GI-CB_AZZURRO_PE26"},{"@type":"BreadcrumbList","@id":"https:\/\/www.secondastrada.com\/it\/top-emporio-armani-azzurro-tg-s-2\/#breadcrumb","itemListElement":[{"@type":"ListItem","position":1,"name":"Home","item":"https:\/\/www.secondastrada.com\/it\/"},{"@type":"ListItem","position":2,"name":"Shop","item":"https:\/\/www.secondastrada.com\/it\/shop\/"},{"@type":"ListItem","position":3,"name":"Donna","item":"https:\/\/www.secondastrada.com\/it\/collezione-donna\/"},{"@type":"ListItem","position":4,"name":"Abbigliamento","item":"https:\/\/www.secondastrada.com\/it\/collezione-donna\/abbigliamento-donna\/"},{"@type":"ListItem","position":5,"name":"T-shirt e Top","item":"https:\/\/www.secondastrada.com\/it\/collezione-donna\/abbigliamento-donna\/t-shirt-e-top-da-donna\/"},{"@type":"ListItem","position":6,"name":"Top","item":"https:\/\/www.secondastrada.com\/it\/collezione-donna\/abbigliamento-donna\/t-shirt-e-top-da-donna\/top-da-donna\/"},{"@type":"ListItem","position":7,"name":"Top costume Emporio Armani Azzurro tg.S"}]},{"@type":"WebSite","@id":"https:\/\/www.secondastrada.com\/it\/#website","url":"https:\/\/www.secondastrada.com\/it\/","name":"Seconda Strada","description":"","publisher":{"@id":"https:\/\/www.secondastrada.com\/it\/#organization"},"potentialAction":[{"@type":"SearchAction","target":{"@type":"EntryPoint","urlTemplate":"https:\/\/www.secondastrada.com\/it\/?s={search_term_string}"},"query-input":"required name=search_term_string"}],"inLanguage":"it-IT"},{"@type":"Organization","@id":"https:\/\/www.secondastrada.com\/it\/#organization","name":"Seconda Strada","url":"https:\/\/www.secondastrada.com\/it\/","logo":{"@type":"ImageObject","inLanguage":"it-IT","@id":"https:\/\/www.secondastrada.com\/it\/#\/schema\/logo\/image\/","url":"https:\/\/www.secondastrada.com\/wp-content\/uploads\/2023\/11\/secondastrada-logo.svg","contentUrl":"https:\/\/www.secondastrada.com\/wp-content\/uploads\/2023\/11\/secondastrada-logo.svg","width":353,"height":47,"caption":"Seconda Strada"},"image":{"@id":"https:\/\/www.secondastrada.com\/it\/#\/schema\/logo\/image\/"}}]}},"df_price":42.99,"df_sale_price":"","df_regular_price":42.99,"df_image_link":"https:\/\/www.secondastrada.com\/wp-content\/uploads\/2026\/02\/EW000379-AF19035-GI-CB_AZZURRO_PE26_1-300x300.jpg","_links":{"self":[{"href":"https:\/\/www.secondastrada.com\/it\/wp-json\/wp\/v2\/product\/337665"}],"collection":[{"href":"https:\/\/www.secondastrada.com\/it\/wp-json\/wp\/v2\/product"}],"about":[{"href":"https:\/\/www.secondastrada.com\/it\/wp-json\/wp\/v2\/types\/product"}],"wp:featuredmedia":[{"embeddable":true,"href":"https:\/\/www.secondastrada.com\/it\/wp-json\/wp\/v2\/media\/337701"}],"wp:attachment":[{"href":"https:\/\/www.secondastrada.com\/it\/wp-json\/wp\/v2\/media?parent=337665"}],"wp:term":[{"taxonomy":"ss_brand","embeddable":true,"href":"https:\/\/www.secondastrada.com\/it\/wp-json\/wp\/v2\/ss_brand?post=337665"},{"taxonomy":"ss_promo","embeddable":true,"href":"https:\/\/www.secondastrada.com\/it\/wp-json\/wp\/v2\/ss_promo?post=337665"},{"taxonomy":"ss_season","embeddable":true,"href":"https:\/\/www.secondastrada.com\/it\/wp-json\/wp\/v2\/ss_season?post=337665"},{"taxonomy":"product_cat","embeddable":true,"href":"https:\/\/www.secondastrada.com\/it\/wp-json\/wp\/v2\/product_cat?post=337665"},{"taxonomy":"product_tag","embeddable":true,"href":"https:\/\/www.secondastrada.com\/it\/wp-json\/wp\/v2\/product_tag?post=337665"}],"curies":[{"name":"wp","href":"https:\/\/api.w.org\/{rel}","templated":true}]}}