{"id":337997,"date":"2026-02-23T16:12:02","date_gmt":"2026-02-23T15:12:02","guid":{"rendered":"https:\/\/www.secondastrada.com\/it\/pantaloni-fracomina-blu-taglia-27\/"},"modified":"2026-03-02T11:15:42","modified_gmt":"2026-03-02T10:15:42","slug":"pantaloni-fracomina-blu-taglia-27","status":"publish","type":"product","link":"https:\/\/www.secondastrada.com\/it\/pantaloni-fracomina-blu-taglia-27\/","title":{"rendered":"Gonna Fracomina Blu taglia 27"},"content":{"rendered":"<section class=\"l-section wpb_row height_medium\"><div class=\"l-section-h i-cf\"><div class=\"g-cols vc_row via_grid cols_1 laptops-cols_inherit tablets-cols_inherit mobiles-cols_1 valign_top type_default stacking_default\"><div class=\"wpb_column vc_column_container\"><div class=\"vc_column-inner\"><div class=\"wpb_text_column\"><div class=\"wpb_wrapper\"><p><b>Gonna FRACOMINA Blu<\/b> da donna, un capo fresco e femminile perfetto per dare personalit\u00e0 ai tuoi look di stagione. Realizzati in 100% cotone, assicurano traspirabilit\u00e0 e comfort, ideali per accompagnarti nelle giornate pi\u00f9 miti. Questa Gonna<b> da donna adatta alla stagione primavera estate<\/b> presenta una vestibilit\u00e0 regolare che valorizza la silhouette con naturalezza. La modella \u00e8 alta 165 cm e indossa la taglia 27 US, corrispondente alla 40\/42 italiana. Pezzo unico di campionario.<br \/>\nIl design si distingue per i dettagli curati: <b>\u00a0in fantasia floreale allover, tasche, bottone e zip<\/b>, elementi che uniscono stile e praticit\u00e0. La fantasia floreale su base blu dona un tocco vivace e romantico, perfetto per la bella stagione, mentre la chiusura con bottone e zip garantisce una vestibilit\u00e0 stabile e confortevole.<br \/>\nPuoi indossarli nel tempo libero, di giorno per una passeggiata in citt\u00e0 oppure la sera per un aperitivo informale, creando outfit sempre diversi con pochi semplici abbinamenti. Per un look armonioso e ricercato, abbinali alla camicia coordinata; in alternativa scegli una t-shirt bianca e sneakers per uno stile pi\u00f9 casual e dinamico. Sono il capo ideale se desideri unire comfort, freschezza e femminilit\u00e0 in un\u2019unica soluzione.<br \/>\nSu SecondaStrada.com trovi solo <b>prodotti originali<\/b> e accuratamente selezionati. Codice articolo: <b>FS26ST6015D400K2 MA CB<\/b>.<\/p>\n<\/div><\/div><\/div><\/div><\/div><\/div><\/section>\n","protected":false},"excerpt":{"rendered":"Gonna FRACOMINA Blu da donna, un capo fresco e femminile perfetto per dare personalit\u00e0 ai tuoi look di stagione. Realizzati in 100% cotone, assicurano traspirabilit\u00e0 e comfort, ideali per accompagnarti nelle giornate pi\u00f9 miti. Questa Gonna da donna adatta alla stagione primavera estate presenta una vestibilit\u00e0 regolare che valorizza la silhouette con naturalezza. La modella...","protected":false},"featured_media":338153,"template":"","meta":{"inline_featured_image":false},"ss_brand":[1205],"ss_promo":[],"ss_season":[2531],"product_cat":[1329,1658,1341,2537],"product_tag":[1953,1995,1769],"class_list":{"0":"post-337997","1":"product","2":"type-product","3":"status-publish","4":"has-post-thumbnail","6":"ss_brand-fracomina-donna","7":"ss_season-pe26","8":"product_cat-abbigliamento-donna","9":"product_cat-collezione-donna","10":"product_cat-gonne-da-donna","11":"product_cat-set-coordinati-da-donna","12":"product_tag-campionario","13":"product_tag-nuovi-arrivi-donna","14":"product_tag-pantaloni-fracomina-donna","16":"first","17":"instock","18":"shipping-taxable","19":"purchasable","20":"product-type-variable","21":"has-default-attributes"},"acf":{"ss_brand":[{"term_id":1205,"name":"FRACOMINA","slug":"fracomina-donna","term_group":0,"term_taxonomy_id":1205,"taxonomy":"ss_brand","description":"Regalati una giusta dose di charme con Fracomina: scopri la collezione di abbigliamento 100% Made in Italy e non perdere le offerte della nostra esclusiva boutique online!\u00a0Acquista online su SecondaStrada.com <strong>abbigliamento da donna Fracomina scontatissimo<\/strong>!","parent":1201,"count":283,"filter":"raw"}],"ss_promo":false,"ss_season":[{"term_id":2531,"name":"PE26","slug":"pe26","term_group":0,"term_taxonomy_id":2531,"taxonomy":"ss_season","description":"","parent":0,"count":1241,"filter":"raw"}],"ss_old_price":"160,00","ss_omnibus_price":"0,00","ss_style_advice":"<p><b>Gonna FRACOMINA Blu<\/b> da donna, un capo fresco e femminile perfetto per dare personalit\u00e0 ai tuoi look di stagione. Realizzati in 100% cotone, assicurano traspirabilit\u00e0 e comfort, ideali per accompagnarti nelle giornate pi\u00f9 miti. Questi <b>Pantaloni da donna adatti alla stagione primavera estate<\/b> presentano una vestibilit\u00e0 regolare che valorizza la silhouette con naturalezza. La modella \u00e8 alta 165 cm e indossa la taglia 27 US, corrispondente alla 40\/42 italiana. Pezzo unico di campionario.<br \/>\nIl design si distingue per i dettagli curati: Gonna<b> in fantasia floreale allover, tasche, bottone e zip<\/b>, elementi che uniscono stile e praticit\u00e0. La fantasia floreale su base blu dona un tocco vivace e romantico, perfetto per la bella stagione, mentre la chiusura con bottone e zip garantisce una vestibilit\u00e0 stabile e confortevole.<br \/>\nPuoi indossarli nel tempo libero, di giorno per una passeggiata in citt\u00e0 oppure la sera per un aperitivo informale, creando outfit sempre diversi con pochi semplici abbinamenti. Per un look armonioso e ricercato, abbinali alla camicia coordinata; in alternativa scegli una t-shirt bianca e sneakers per uno stile pi\u00f9 casual e dinamico. Sono il capo ideale se desideri unire comfort, freschezza e femminilit\u00e0 in un\u2019unica soluzione.<br \/>\nSu SecondaStrada.com trovi solo <b>prodotti originali<\/b> e accuratamente selezionati. Codice articolo: <b>FS26ST6015D400K2 MA CB<\/b>.<\/p>\n","ss_composition":"<p>100% cotone<\/p>\n","ss_fit":"<p>La modella \u00e8 alta 165 cm e indossa la taglia 27 US corrispondente alla 40\/42 italiana. La vestibilit\u00e0 del capo \u00e8 regolare. Pezzo unico di campionario<\/p>\n","ss_etichetta":""},"yoast_head":"<!-- This site is optimized with the Yoast SEO plugin v22.3 - https:\/\/yoast.com\/wordpress\/plugins\/seo\/ -->\n<title>Gonna Fracomina Blu taglia 27 - Acquista online! - Seconda Strada<\/title>\n<meta name=\"description\" content=\"Gonna Fracomina Blu taglia 27 \u27a4 Acquista online su Secondastrada.com Gonna Fracomina Blu taglia 27 \u2714\ufe0f Spedizione veloce entro 24h in tutta Italia \u2714\ufe0f Sconto sul tuo primo acquisto\" \/>\n<meta name=\"robots\" content=\"index, follow, max-snippet:-1, max-image-preview:large, max-video-preview:-1\" \/>\n<link rel=\"canonical\" href=\"https:\/\/www.secondastrada.com\/it\/pantaloni-fracomina-blu-taglia-27\/\" \/>\n<meta property=\"og:locale\" content=\"it_IT\" \/>\n<meta property=\"og:type\" content=\"article\" \/>\n<meta property=\"og:title\" content=\"Gonna Fracomina Blu taglia 27 - Acquista online! - Seconda Strada\" \/>\n<meta property=\"og:description\" content=\"Gonna Fracomina Blu taglia 27 \u27a4 Acquista online su Secondastrada.com Gonna Fracomina Blu taglia 27 \u2714\ufe0f Spedizione veloce entro 24h in tutta Italia \u2714\ufe0f Sconto sul tuo primo acquisto\" \/>\n<meta property=\"og:url\" content=\"https:\/\/www.secondastrada.com\/it\/pantaloni-fracomina-blu-taglia-27\/\" \/>\n<meta property=\"og:site_name\" content=\"Seconda Strada\" \/>\n<meta property=\"article:modified_time\" content=\"2026-03-02T10:15:42+00:00\" \/>\n<meta property=\"og:image\" content=\"https:\/\/www.secondastrada.com\/wp-content\/uploads\/2026\/02\/FS26ST6015D400K2-MA-CB_JEANS_PE26_1.jpg\" \/>\n\t<meta property=\"og:image:width\" content=\"1000\" \/>\n\t<meta property=\"og:image:height\" content=\"1300\" \/>\n\t<meta property=\"og:image:type\" content=\"image\/jpeg\" \/>\n<meta name=\"twitter:card\" content=\"summary_large_image\" \/>\n<meta name=\"twitter:label1\" content=\"Tempo di lettura stimato\" \/>\n\t<meta name=\"twitter:data1\" content=\"2 minuti\" \/>\n<!-- \/ Yoast SEO plugin. -->","yoast_head_json":{"title":"Gonna Fracomina Blu taglia 27 - Acquista online! - Seconda Strada","description":"Gonna Fracomina Blu taglia 27 \u27a4 Acquista online su Secondastrada.com Gonna Fracomina Blu taglia 27 \u2714\ufe0f Spedizione veloce entro 24h in tutta Italia \u2714\ufe0f Sconto sul tuo primo acquisto","robots":{"index":"index","follow":"follow","max-snippet":"max-snippet:-1","max-image-preview":"max-image-preview:large","max-video-preview":"max-video-preview:-1"},"canonical":"https:\/\/www.secondastrada.com\/it\/pantaloni-fracomina-blu-taglia-27\/","og_locale":"it_IT","og_type":"article","og_title":"Gonna Fracomina Blu taglia 27 - Acquista online! - Seconda Strada","og_description":"Gonna Fracomina Blu taglia 27 \u27a4 Acquista online su Secondastrada.com Gonna Fracomina Blu taglia 27 \u2714\ufe0f Spedizione veloce entro 24h in tutta Italia \u2714\ufe0f Sconto sul tuo primo acquisto","og_url":"https:\/\/www.secondastrada.com\/it\/pantaloni-fracomina-blu-taglia-27\/","og_site_name":"Seconda Strada","article_modified_time":"2026-03-02T10:15:42+00:00","og_image":[{"width":1000,"height":1300,"url":"https:\/\/www.secondastrada.com\/wp-content\/uploads\/2026\/02\/FS26ST6015D400K2-MA-CB_JEANS_PE26_1.jpg","type":"image\/jpeg"}],"twitter_card":"summary_large_image","twitter_misc":{"Tempo di lettura stimato":"2 minuti"},"schema":{"@context":"https:\/\/schema.org","@graph":[{"@type":"WebPage","@id":"https:\/\/www.secondastrada.com\/it\/pantaloni-fracomina-blu-taglia-27\/","url":"https:\/\/www.secondastrada.com\/it\/pantaloni-fracomina-blu-taglia-27\/","name":"Gonna Fracomina Blu taglia 27 - Acquista online! - Seconda Strada","isPartOf":{"@id":"https:\/\/www.secondastrada.com\/it\/#website"},"primaryImageOfPage":{"@id":"https:\/\/www.secondastrada.com\/it\/pantaloni-fracomina-blu-taglia-27\/#primaryimage"},"image":{"@id":"https:\/\/www.secondastrada.com\/it\/pantaloni-fracomina-blu-taglia-27\/#primaryimage"},"thumbnailUrl":"https:\/\/www.secondastrada.com\/wp-content\/uploads\/2026\/02\/FS26ST6015D400K2-MA-CB_JEANS_PE26_1.jpg","datePublished":"2026-02-23T15:12:02+00:00","dateModified":"2026-03-02T10:15:42+00:00","description":"Gonna Fracomina Blu taglia 27 \u27a4 Acquista online su Secondastrada.com Gonna Fracomina Blu taglia 27 \u2714\ufe0f Spedizione veloce entro 24h in tutta Italia \u2714\ufe0f Sconto sul tuo primo acquisto","breadcrumb":{"@id":"https:\/\/www.secondastrada.com\/it\/pantaloni-fracomina-blu-taglia-27\/#breadcrumb"},"inLanguage":"it-IT","potentialAction":[{"@type":"ReadAction","target":["https:\/\/www.secondastrada.com\/it\/pantaloni-fracomina-blu-taglia-27\/"]}]},{"@type":"ImageObject","inLanguage":"it-IT","@id":"https:\/\/www.secondastrada.com\/it\/pantaloni-fracomina-blu-taglia-27\/#primaryimage","url":"https:\/\/www.secondastrada.com\/wp-content\/uploads\/2026\/02\/FS26ST6015D400K2-MA-CB_JEANS_PE26_1.jpg","contentUrl":"https:\/\/www.secondastrada.com\/wp-content\/uploads\/2026\/02\/FS26ST6015D400K2-MA-CB_JEANS_PE26_1.jpg","width":1000,"height":1300,"caption":"FS26ST6015D400K2-MA-CB_JEANS_PE26"},{"@type":"BreadcrumbList","@id":"https:\/\/www.secondastrada.com\/it\/pantaloni-fracomina-blu-taglia-27\/#breadcrumb","itemListElement":[{"@type":"ListItem","position":1,"name":"Home","item":"https:\/\/www.secondastrada.com\/it\/"},{"@type":"ListItem","position":2,"name":"Shop","item":"https:\/\/www.secondastrada.com\/it\/shop\/"},{"@type":"ListItem","position":3,"name":"Donna","item":"https:\/\/www.secondastrada.com\/it\/collezione-donna\/"},{"@type":"ListItem","position":4,"name":"Gonna Fracomina Blu taglia 27"}]},{"@type":"WebSite","@id":"https:\/\/www.secondastrada.com\/it\/#website","url":"https:\/\/www.secondastrada.com\/it\/","name":"Seconda Strada","description":"","publisher":{"@id":"https:\/\/www.secondastrada.com\/it\/#organization"},"potentialAction":[{"@type":"SearchAction","target":{"@type":"EntryPoint","urlTemplate":"https:\/\/www.secondastrada.com\/it\/?s={search_term_string}"},"query-input":"required name=search_term_string"}],"inLanguage":"it-IT"},{"@type":"Organization","@id":"https:\/\/www.secondastrada.com\/it\/#organization","name":"Seconda Strada","url":"https:\/\/www.secondastrada.com\/it\/","logo":{"@type":"ImageObject","inLanguage":"it-IT","@id":"https:\/\/www.secondastrada.com\/it\/#\/schema\/logo\/image\/","url":"https:\/\/www.secondastrada.com\/wp-content\/uploads\/2023\/11\/secondastrada-logo.svg","contentUrl":"https:\/\/www.secondastrada.com\/wp-content\/uploads\/2023\/11\/secondastrada-logo.svg","width":353,"height":47,"caption":"Seconda Strada"},"image":{"@id":"https:\/\/www.secondastrada.com\/it\/#\/schema\/logo\/image\/"}}]}},"df_price":95.99,"df_sale_price":"","df_regular_price":95.99,"df_image_link":"https:\/\/www.secondastrada.com\/wp-content\/uploads\/2026\/02\/FS26ST6015D400K2-MA-CB_JEANS_PE26_1-300x300.jpg","_links":{"self":[{"href":"https:\/\/www.secondastrada.com\/it\/wp-json\/wp\/v2\/product\/337997"}],"collection":[{"href":"https:\/\/www.secondastrada.com\/it\/wp-json\/wp\/v2\/product"}],"about":[{"href":"https:\/\/www.secondastrada.com\/it\/wp-json\/wp\/v2\/types\/product"}],"wp:featuredmedia":[{"embeddable":true,"href":"https:\/\/www.secondastrada.com\/it\/wp-json\/wp\/v2\/media\/338153"}],"wp:attachment":[{"href":"https:\/\/www.secondastrada.com\/it\/wp-json\/wp\/v2\/media?parent=337997"}],"wp:term":[{"taxonomy":"ss_brand","embeddable":true,"href":"https:\/\/www.secondastrada.com\/it\/wp-json\/wp\/v2\/ss_brand?post=337997"},{"taxonomy":"ss_promo","embeddable":true,"href":"https:\/\/www.secondastrada.com\/it\/wp-json\/wp\/v2\/ss_promo?post=337997"},{"taxonomy":"ss_season","embeddable":true,"href":"https:\/\/www.secondastrada.com\/it\/wp-json\/wp\/v2\/ss_season?post=337997"},{"taxonomy":"product_cat","embeddable":true,"href":"https:\/\/www.secondastrada.com\/it\/wp-json\/wp\/v2\/product_cat?post=337997"},{"taxonomy":"product_tag","embeddable":true,"href":"https:\/\/www.secondastrada.com\/it\/wp-json\/wp\/v2\/product_tag?post=337997"}],"curies":[{"name":"wp","href":"https:\/\/api.w.org\/{rel}","templated":true}]}}