{"id":338001,"date":"2026-02-23T10:45:26","date_gmt":"2026-02-23T09:45:26","guid":{"rendered":"https:\/\/www.secondastrada.com\/it\/t-shirt-tommy-hilfiger-bianco-30\/"},"modified":"2026-04-03T00:24:26","modified_gmt":"2026-04-02T22:24:26","slug":"t-shirt-tommy-hilfiger-bianco-30","status":"publish","type":"product","link":"https:\/\/www.secondastrada.com\/it\/t-shirt-tommy-hilfiger-bianco-30\/","title":{"rendered":"T-shirt Tommy Hilfiger Bianco"},"content":{"rendered":"<section class=\"l-section wpb_row height_medium\"><div class=\"l-section-h i-cf\"><div class=\"g-cols vc_row via_grid cols_1 laptops-cols_inherit tablets-cols_inherit mobiles-cols_1 valign_top type_default stacking_default\"><div class=\"wpb_column vc_column_container\"><div class=\"vc_column-inner\"><div class=\"wpb_text_column\"><div class=\"wpb_wrapper\"><p><b>T-shirt TOMMY HILFIGER Bianco<\/b> da uomo, un capo iconico che unisce freschezza, comfort e stile contemporaneo. Realizzata in 100% cotone, garantisce traspirabilit\u00e0 e una piacevole sensazione sulla pelle, perfetta per affrontare le giornate pi\u00f9 calde con leggerezza. Questa <b>T-shirt da uomo adatta alla stagione primavera estate<\/b> presenta una vestibilit\u00e0 regolare che assicura libert\u00e0 di movimento e un fit naturale. Il modello \u00e8 alto 178 cm e indossa la taglia M.<br \/>\nIl design \u00e8 valorizzato da un dettaglio distintivo: <b>T-shirt con in fantasia rigata blu<\/b>, che dona dinamismo al classico bianco e richiama uno stile marinaro moderno e raffinato. Le righe blu aggiungono carattere senza risultare eccessive, rendendo il capo versatile e facilmente abbinabile.<br \/>\nPuoi indossarla nel tempo libero, in occasioni casual o durante una giornata in citt\u00e0, quando desideri un look semplice ma curato. Abbinala a jeans e sneakers per uno stile urbano e disinvolto, oppure scegli bermuda e mocassini per un outfit estivo pi\u00f9 ricercato. \u00c8 la scelta ideale se cerchi un capo essenziale, capace di adattarsi ai tuoi ritmi quotidiani con la qualit\u00e0 e l\u2019eleganza firmate Tommy Hilfiger.<br \/>\nSu SecondaStrada.com trovi solo <b>prodotti originali<\/b> e selezionati con attenzione. Codice articolo: <b>DM0DM22325 OB<\/b>.<\/p>\n<\/div><\/div><\/div><\/div><\/div><\/div><\/section>\n","protected":false},"excerpt":{"rendered":"T-shirt TOMMY HILFIGER Bianco da uomo, un capo iconico che unisce freschezza, comfort e stile contemporaneo. Realizzata in 100% cotone, garantisce traspirabilit\u00e0 e una piacevole sensazione sulla pelle, perfetta per affrontare le giornate pi\u00f9 calde con leggerezza. Questa T-shirt da uomo adatta alla stagione primavera estate presenta una vestibilit\u00e0 regolare che assicura libert\u00e0 di movimento...","protected":false},"featured_media":337889,"template":"","meta":{"inline_featured_image":false},"ss_brand":[1317],"ss_promo":[],"ss_season":[2531],"product_cat":[1332,1479,2276,1714],"product_tag":[1993,2448],"class_list":{"0":"post-338001","1":"product","2":"type-product","3":"status-publish","4":"has-post-thumbnail","6":"ss_brand-tommy-hilfiger-uomo","7":"ss_season-pe26","8":"product_cat-abbigliamento-uomo","9":"product_cat-t-shirt-da-uomo","10":"product_cat-t-shirt-in-cotone-da-uomo","11":"product_cat-collezione-uomo","12":"product_tag-nuovi-arrivi-uomo","13":"product_tag-t-shirt-tommy-hilfiger-uomo","15":"first","16":"instock","17":"shipping-taxable","18":"purchasable","19":"product-type-variable","20":"has-default-attributes"},"acf":{"ss_brand":[{"term_id":1317,"name":"TOMMY HILFIGER","slug":"tommy-hilfiger-uomo","term_group":0,"term_taxonomy_id":1317,"taxonomy":"ss_brand","description":"Aggiungi un twist preppy e memorabile al tuo stile con gli accessori da uomo di Tommy Hilfiger e approfitta dei vantaggi imbattibili del nostro store online di grandi firme!","parent":1268,"count":318,"filter":"raw"}],"ss_promo":false,"ss_season":[{"term_id":2531,"name":"PE26","slug":"pe26","term_group":0,"term_taxonomy_id":2531,"taxonomy":"ss_season","description":"","parent":0,"count":1196,"filter":"raw"}],"ss_old_price":"44,90","ss_omnibus_price":"0,00","ss_style_advice":"<p><b>T-shirt TOMMY HILFIGER Bianco<\/b> da uomo, un capo iconico che unisce freschezza, comfort e stile contemporaneo. Realizzata in 100% cotone, garantisce traspirabilit\u00e0 e una piacevole sensazione sulla pelle, perfetta per affrontare le giornate pi\u00f9 calde con leggerezza. Questa <b>T-shirt da uomo adatta alla stagione primavera estate<\/b> presenta una vestibilit\u00e0 regolare che assicura libert\u00e0 di movimento e un fit naturale. Il modello \u00e8 alto 178 cm e indossa la taglia M.<br \/>\nIl design \u00e8 valorizzato da un dettaglio distintivo: <b>T-shirt con in fantasia rigata blu<\/b>, che dona dinamismo al classico bianco e richiama uno stile marinaro moderno e raffinato. Le righe blu aggiungono carattere senza risultare eccessive, rendendo il capo versatile e facilmente abbinabile.<br \/>\nPuoi indossarla nel tempo libero, in occasioni casual o durante una giornata in citt\u00e0, quando desideri un look semplice ma curato. Abbinala a jeans e sneakers per uno stile urbano e disinvolto, oppure scegli bermuda e mocassini per un outfit estivo pi\u00f9 ricercato. \u00c8 la scelta ideale se cerchi un capo essenziale, capace di adattarsi ai tuoi ritmi quotidiani con la qualit\u00e0 e l\u2019eleganza firmate Tommy Hilfiger.<br \/>\nSu SecondaStrada.com trovi solo <b>prodotti originali<\/b> e selezionati con attenzione. Codice articolo: <b>DM0DM22325 OB<\/b>.<\/p>\n","ss_composition":"<p>100% cotone<\/p>\n","ss_fit":"<p>Il modello \u00e8 alto 178 cm e indossa la taglia M. La vestibilit\u00e0 del capo \u00e8 regolare.<\/p>\n","ss_etichetta":""},"yoast_head":"<!-- This site is optimized with the Yoast SEO plugin v22.3 - https:\/\/yoast.com\/wordpress\/plugins\/seo\/ -->\n<title>T-shirt Tommy Hilfiger Bianco - Acquista online! - Seconda Strada<\/title>\n<meta name=\"description\" content=\"T-shirt Tommy Hilfiger Bianco \u27a4 Acquista online su Secondastrada.com T-shirt Tommy Hilfiger Bianco \u2714\ufe0f Spedizione veloce entro 24h in tutta Italia \u2714\ufe0f Sconto sul tuo primo acquisto\" \/>\n<meta name=\"robots\" content=\"index, follow, max-snippet:-1, max-image-preview:large, max-video-preview:-1\" \/>\n<link rel=\"canonical\" href=\"https:\/\/www.secondastrada.com\/it\/t-shirt-tommy-hilfiger-bianco-30\/\" \/>\n<meta property=\"og:locale\" content=\"it_IT\" \/>\n<meta property=\"og:type\" content=\"article\" \/>\n<meta property=\"og:title\" content=\"T-shirt Tommy Hilfiger Bianco - Acquista online! - Seconda Strada\" \/>\n<meta property=\"og:description\" content=\"T-shirt Tommy Hilfiger Bianco \u27a4 Acquista online su Secondastrada.com T-shirt Tommy Hilfiger Bianco \u2714\ufe0f Spedizione veloce entro 24h in tutta Italia \u2714\ufe0f Sconto sul tuo primo acquisto\" \/>\n<meta property=\"og:url\" content=\"https:\/\/www.secondastrada.com\/it\/t-shirt-tommy-hilfiger-bianco-30\/\" \/>\n<meta property=\"og:site_name\" content=\"Seconda Strada\" \/>\n<meta property=\"article:modified_time\" content=\"2026-04-02T22:24:26+00:00\" \/>\n<meta property=\"og:image\" content=\"https:\/\/www.secondastrada.com\/wp-content\/uploads\/2026\/02\/DM0DM22325-OB_YBH_PE26_1.jpg\" \/>\n\t<meta property=\"og:image:width\" content=\"1000\" \/>\n\t<meta property=\"og:image:height\" content=\"1300\" \/>\n\t<meta property=\"og:image:type\" content=\"image\/jpeg\" \/>\n<meta name=\"twitter:card\" content=\"summary_large_image\" \/>\n<meta name=\"twitter:label1\" content=\"Tempo di lettura stimato\" \/>\n\t<meta name=\"twitter:data1\" content=\"2 minuti\" \/>\n<!-- \/ Yoast SEO plugin. -->","yoast_head_json":{"title":"T-shirt Tommy Hilfiger Bianco - Acquista online! - Seconda Strada","description":"T-shirt Tommy Hilfiger Bianco \u27a4 Acquista online su Secondastrada.com T-shirt Tommy Hilfiger Bianco \u2714\ufe0f Spedizione veloce entro 24h in tutta Italia \u2714\ufe0f Sconto sul tuo primo acquisto","robots":{"index":"index","follow":"follow","max-snippet":"max-snippet:-1","max-image-preview":"max-image-preview:large","max-video-preview":"max-video-preview:-1"},"canonical":"https:\/\/www.secondastrada.com\/it\/t-shirt-tommy-hilfiger-bianco-30\/","og_locale":"it_IT","og_type":"article","og_title":"T-shirt Tommy Hilfiger Bianco - Acquista online! - Seconda Strada","og_description":"T-shirt Tommy Hilfiger Bianco \u27a4 Acquista online su Secondastrada.com T-shirt Tommy Hilfiger Bianco \u2714\ufe0f Spedizione veloce entro 24h in tutta Italia \u2714\ufe0f Sconto sul tuo primo acquisto","og_url":"https:\/\/www.secondastrada.com\/it\/t-shirt-tommy-hilfiger-bianco-30\/","og_site_name":"Seconda Strada","article_modified_time":"2026-04-02T22:24:26+00:00","og_image":[{"width":1000,"height":1300,"url":"https:\/\/www.secondastrada.com\/wp-content\/uploads\/2026\/02\/DM0DM22325-OB_YBH_PE26_1.jpg","type":"image\/jpeg"}],"twitter_card":"summary_large_image","twitter_misc":{"Tempo di lettura stimato":"2 minuti"},"schema":{"@context":"https:\/\/schema.org","@graph":[{"@type":"WebPage","@id":"https:\/\/www.secondastrada.com\/it\/t-shirt-tommy-hilfiger-bianco-30\/","url":"https:\/\/www.secondastrada.com\/it\/t-shirt-tommy-hilfiger-bianco-30\/","name":"T-shirt Tommy Hilfiger Bianco - Acquista online! - Seconda Strada","isPartOf":{"@id":"https:\/\/www.secondastrada.com\/it\/#website"},"primaryImageOfPage":{"@id":"https:\/\/www.secondastrada.com\/it\/t-shirt-tommy-hilfiger-bianco-30\/#primaryimage"},"image":{"@id":"https:\/\/www.secondastrada.com\/it\/t-shirt-tommy-hilfiger-bianco-30\/#primaryimage"},"thumbnailUrl":"https:\/\/www.secondastrada.com\/wp-content\/uploads\/2026\/02\/DM0DM22325-OB_YBH_PE26_1.jpg","datePublished":"2026-02-23T09:45:26+00:00","dateModified":"2026-04-02T22:24:26+00:00","description":"T-shirt Tommy Hilfiger Bianco \u27a4 Acquista online su Secondastrada.com T-shirt Tommy Hilfiger Bianco \u2714\ufe0f Spedizione veloce entro 24h in tutta Italia \u2714\ufe0f Sconto sul tuo primo acquisto","breadcrumb":{"@id":"https:\/\/www.secondastrada.com\/it\/t-shirt-tommy-hilfiger-bianco-30\/#breadcrumb"},"inLanguage":"it-IT","potentialAction":[{"@type":"ReadAction","target":["https:\/\/www.secondastrada.com\/it\/t-shirt-tommy-hilfiger-bianco-30\/"]}]},{"@type":"ImageObject","inLanguage":"it-IT","@id":"https:\/\/www.secondastrada.com\/it\/t-shirt-tommy-hilfiger-bianco-30\/#primaryimage","url":"https:\/\/www.secondastrada.com\/wp-content\/uploads\/2026\/02\/DM0DM22325-OB_YBH_PE26_1.jpg","contentUrl":"https:\/\/www.secondastrada.com\/wp-content\/uploads\/2026\/02\/DM0DM22325-OB_YBH_PE26_1.jpg","width":1000,"height":1300,"caption":"DM0DM22325-OB_YBH_PE26"},{"@type":"BreadcrumbList","@id":"https:\/\/www.secondastrada.com\/it\/t-shirt-tommy-hilfiger-bianco-30\/#breadcrumb","itemListElement":[{"@type":"ListItem","position":1,"name":"Home","item":"https:\/\/www.secondastrada.com\/it\/"},{"@type":"ListItem","position":2,"name":"Shop","item":"https:\/\/www.secondastrada.com\/it\/shop\/"},{"@type":"ListItem","position":3,"name":"Uomo","item":"https:\/\/www.secondastrada.com\/it\/collezione-uomo\/"},{"@type":"ListItem","position":4,"name":"T-shirt Tommy Hilfiger Bianco"}]},{"@type":"WebSite","@id":"https:\/\/www.secondastrada.com\/it\/#website","url":"https:\/\/www.secondastrada.com\/it\/","name":"Seconda Strada","description":"","publisher":{"@id":"https:\/\/www.secondastrada.com\/it\/#organization"},"potentialAction":[{"@type":"SearchAction","target":{"@type":"EntryPoint","urlTemplate":"https:\/\/www.secondastrada.com\/it\/?s={search_term_string}"},"query-input":"required name=search_term_string"}],"inLanguage":"it-IT"},{"@type":"Organization","@id":"https:\/\/www.secondastrada.com\/it\/#organization","name":"Seconda Strada","url":"https:\/\/www.secondastrada.com\/it\/","logo":{"@type":"ImageObject","inLanguage":"it-IT","@id":"https:\/\/www.secondastrada.com\/it\/#\/schema\/logo\/image\/","url":"https:\/\/www.secondastrada.com\/wp-content\/uploads\/2023\/11\/secondastrada-logo.svg","contentUrl":"https:\/\/www.secondastrada.com\/wp-content\/uploads\/2023\/11\/secondastrada-logo.svg","width":353,"height":47,"caption":"Seconda Strada"},"image":{"@id":"https:\/\/www.secondastrada.com\/it\/#\/schema\/logo\/image\/"}}]}},"df_price":39.99,"df_sale_price":"","df_regular_price":39.99,"df_image_link":"https:\/\/www.secondastrada.com\/wp-content\/uploads\/2026\/02\/DM0DM22325-OB_YBH_PE26_1-300x300.jpg","_links":{"self":[{"href":"https:\/\/www.secondastrada.com\/it\/wp-json\/wp\/v2\/product\/338001"}],"collection":[{"href":"https:\/\/www.secondastrada.com\/it\/wp-json\/wp\/v2\/product"}],"about":[{"href":"https:\/\/www.secondastrada.com\/it\/wp-json\/wp\/v2\/types\/product"}],"wp:featuredmedia":[{"embeddable":true,"href":"https:\/\/www.secondastrada.com\/it\/wp-json\/wp\/v2\/media\/337889"}],"wp:attachment":[{"href":"https:\/\/www.secondastrada.com\/it\/wp-json\/wp\/v2\/media?parent=338001"}],"wp:term":[{"taxonomy":"ss_brand","embeddable":true,"href":"https:\/\/www.secondastrada.com\/it\/wp-json\/wp\/v2\/ss_brand?post=338001"},{"taxonomy":"ss_promo","embeddable":true,"href":"https:\/\/www.secondastrada.com\/it\/wp-json\/wp\/v2\/ss_promo?post=338001"},{"taxonomy":"ss_season","embeddable":true,"href":"https:\/\/www.secondastrada.com\/it\/wp-json\/wp\/v2\/ss_season?post=338001"},{"taxonomy":"product_cat","embeddable":true,"href":"https:\/\/www.secondastrada.com\/it\/wp-json\/wp\/v2\/product_cat?post=338001"},{"taxonomy":"product_tag","embeddable":true,"href":"https:\/\/www.secondastrada.com\/it\/wp-json\/wp\/v2\/product_tag?post=338001"}],"curies":[{"name":"wp","href":"https:\/\/api.w.org\/{rel}","templated":true}]}}