{"id":338354,"date":"2026-02-26T12:33:11","date_gmt":"2026-02-26T11:33:11","guid":{"rendered":"https:\/\/www.secondastrada.com\/it\/t-shirt-guess-verde-7\/"},"modified":"2026-04-10T10:17:38","modified_gmt":"2026-04-10T08:17:38","slug":"t-shirt-guess-verde-7","status":"publish","type":"product","link":"https:\/\/www.secondastrada.com\/it\/t-shirt-guess-verde-7\/","title":{"rendered":"T-shirt Guess Verde"},"content":{"rendered":"<p><b>T-shirt GUESS Verde da uomo<\/b><br \/>\nEssenziale, fresca e versatile, la <b>T-shirt GUESS Verde<\/b> \u00e8 il capo perfetto per arricchire il tuo guardaroba con uno stile semplice ma riconoscibile. Il colore verde dona personalit\u00e0 al look senza risultare eccessivo, rendendola facile da abbinare in ogni momento della giornata. Realizzata in 95% cotone e 5% elastane, offre una piacevole sensazione sulla pelle e una leggera elasticit\u00e0 che assicura comfort e libert\u00e0 di movimento.<br \/>Questa <b>T-shirt da uomo adatta alla stagione primavera estate<\/b> \u00e8 ideale per affrontare le giornate pi\u00f9 miti con leggerezza e praticit\u00e0. Il design \u00e8 valorizzato da un <b> piccolo logo brand ricamato<\/b>, un dettaglio discreto ma distintivo che esprime l\u2019identit\u00e0 GUESS con eleganza minimal. La vestibilit\u00e0 \u00e8 regolare: il modello \u00e8 alto 187 cm e indossa la taglia L, per un fit equilibrato che segue la linea del corpo senza stringere.<br \/>Puoi indossarla nel tempo libero, durante un\u2019uscita informale con gli amici o in occasioni casual e sportive, quando cerchi uno stile curato ma rilassato. Perfetta con jeans e sneakers per un look dinamico e quotidiano, si abbina facilmente anche a bermuda e scarpe sportive per un outfit estivo fresco e funzionale.<br \/>Su SecondaStrada.com trovi solo prodotti originali, selezionati con attenzione per garantirti qualit\u00e0 e autenticit\u00e0. Codice articolo: M4GI70 KC9X0 SB.<\/p>\n","protected":false},"excerpt":{"rendered":"<p>T-shirt GUESS Verde da uomo Essenziale, fresca e versatile, la T-shirt GUESS Verde \u00e8 il capo perfetto per arricchire il tuo guardaroba con uno stile semplice ma riconoscibile. Il colore verde dona personalit\u00e0 al look senza risultare eccessivo, rendendola facile da abbinare in ogni momento della giornata. Realizzata in 95% cotone e 5% elastane, offre&#8230;<\/p>\n","protected":false},"featured_media":339289,"template":"","meta":{"inline_featured_image":false},"ss_brand":[1287],"ss_promo":[],"ss_season":[2531],"product_cat":[1332,1479,2276,1714],"product_tag":[1993,1739],"class_list":{"0":"post-338354","1":"product","2":"type-product","3":"status-publish","4":"has-post-thumbnail","6":"ss_brand-guess-uomo","7":"ss_season-pe26","8":"product_cat-abbigliamento-uomo","9":"product_cat-t-shirt-da-uomo","10":"product_cat-t-shirt-in-cotone-da-uomo","11":"product_cat-collezione-uomo","12":"product_tag-nuovi-arrivi-uomo","13":"product_tag-t-shirt-guess-uomo","15":"first","16":"instock","17":"sale","18":"shipping-taxable","19":"purchasable","20":"product-type-variable","21":"has-default-attributes"},"acf":{"ss_brand":[{"term_id":1287,"name":"GUESS","slug":"guess-uomo","term_group":0,"term_taxonomy_id":1287,"taxonomy":"ss_brand","description":"<strong>Abbigliamento uomo Guess scontato: osa di pi\u00f9!<\/strong> Mixare raffinatezza francese e spirito californiano in uno <strong>stile originale<\/strong>? Si pu\u00f2 con <strong>Guess<\/strong>! Il brand infatti ha origine negli Stati Uniti dall'idea di due fratelli francesi. Guess crea collezioni di <strong>abbigliamento e accessori per uomo<\/strong> che non passano mai di moda: anche i capi pi\u00f9 classici hanno uno stile inedito! Scopri sul nostro store online la collezione di abbigliamento e accessori da uomo pi\u00f9 glamour che c\u2019\u00e8 a <strong>prezzi imbattibili<\/strong>!","parent":1268,"count":233,"filter":"raw"}],"ss_promo":false,"ss_season":[{"term_id":2531,"name":"PE26","slug":"pe26","term_group":0,"term_taxonomy_id":2531,"taxonomy":"ss_season","description":"","parent":0,"count":1294,"filter":"raw"}],"ss_old_price":"45,00","ss_omnibus_price":"0,00","ss_style_advice":"<p><b>T-shirt GUESS Verde da uomo<\/b><br \/>\nEssenziale, fresca e versatile, la <b>T-shirt GUESS Verde<\/b> \u00e8 il capo perfetto per arricchire il tuo guardaroba con uno stile semplice ma riconoscibile. Il colore verde dona personalit\u00e0 al look senza risultare eccessivo, rendendola facile da abbinare in ogni momento della giornata. Realizzata in 95% cotone e 5% elastane, offre una piacevole sensazione sulla pelle e una leggera elasticit\u00e0 che assicura comfort e libert\u00e0 di movimento.<br \/>Questa <b>T-shirt da uomo adatta alla stagione primavera estate<\/b> \u00e8 ideale per affrontare le giornate pi\u00f9 miti con leggerezza e praticit\u00e0. Il design \u00e8 valorizzato da un <b> piccolo logo brand ricamato<\/b>, un dettaglio discreto ma distintivo che esprime l\u2019identit\u00e0 GUESS con eleganza minimal. La vestibilit\u00e0 \u00e8 regolare: il modello \u00e8 alto 187 cm e indossa la taglia L, per un fit equilibrato che segue la linea del corpo senza stringere.<br \/>Puoi indossarla nel tempo libero, durante un\u2019uscita informale con gli amici o in occasioni casual e sportive, quando cerchi uno stile curato ma rilassato. Perfetta con jeans e sneakers per un look dinamico e quotidiano, si abbina facilmente anche a bermuda e scarpe sportive per un outfit estivo fresco e funzionale.<br \/>Su SecondaStrada.com trovi solo prodotti originali, selezionati con attenzione per garantirti qualit\u00e0 e autenticit\u00e0. Codice articolo: M4GI70 KC9X0 SB.<\/p>\n","ss_composition":"<p>95% cotone 5% elastane<\/p>\n","ss_fit":"<p>Il modello \u00e8 alto 187 cm e indossa la taglia L. La vestibilit\u00e0 del capo \u00e8 regolare.<\/p>\n"},"yoast_head":"<!-- This site is optimized with the Yoast SEO plugin v22.3 - https:\/\/yoast.com\/wordpress\/plugins\/seo\/ -->\n<title>T-shirt Guess Verde - Acquista online! - Seconda Strada<\/title>\n<meta name=\"description\" content=\"T-shirt Guess Verde \u27a4 Acquista online su Secondastrada.com T-shirt Guess Verde \u2714\ufe0f Spedizione veloce entro 24h in tutta Italia \u2714\ufe0f Sconto sul tuo primo acquisto\" \/>\n<meta name=\"robots\" content=\"index, follow, max-snippet:-1, max-image-preview:large, max-video-preview:-1\" \/>\n<link rel=\"canonical\" href=\"https:\/\/www.secondastrada.com\/it\/t-shirt-guess-verde-7\/\" \/>\n<meta property=\"og:locale\" content=\"it_IT\" \/>\n<meta property=\"og:type\" content=\"article\" \/>\n<meta property=\"og:title\" content=\"T-shirt Guess Verde - Acquista online! - Seconda Strada\" \/>\n<meta property=\"og:description\" content=\"T-shirt Guess Verde \u27a4 Acquista online su Secondastrada.com T-shirt Guess Verde \u2714\ufe0f Spedizione veloce entro 24h in tutta Italia \u2714\ufe0f Sconto sul tuo primo acquisto\" \/>\n<meta property=\"og:url\" content=\"https:\/\/www.secondastrada.com\/it\/t-shirt-guess-verde-7\/\" \/>\n<meta property=\"og:site_name\" content=\"Seconda Strada\" \/>\n<meta property=\"article:modified_time\" content=\"2026-04-10T08:17:38+00:00\" \/>\n<meta property=\"og:image\" content=\"https:\/\/www.secondastrada.com\/wp-content\/uploads\/2026\/02\/M4GI70-KC9X0-SB_MOSSY-GREEN_PE26_1.jpg\" \/>\n\t<meta property=\"og:image:width\" content=\"1000\" \/>\n\t<meta property=\"og:image:height\" content=\"1300\" \/>\n\t<meta property=\"og:image:type\" content=\"image\/jpeg\" \/>\n<meta name=\"twitter:card\" content=\"summary_large_image\" \/>\n<meta name=\"twitter:label1\" content=\"Tempo di lettura stimato\" \/>\n\t<meta name=\"twitter:data1\" content=\"1 minuto\" \/>\n<!-- \/ Yoast SEO plugin. -->","yoast_head_json":{"title":"T-shirt Guess Verde - Acquista online! - Seconda Strada","description":"T-shirt Guess Verde \u27a4 Acquista online su Secondastrada.com T-shirt Guess Verde \u2714\ufe0f Spedizione veloce entro 24h in tutta Italia \u2714\ufe0f Sconto sul tuo primo acquisto","robots":{"index":"index","follow":"follow","max-snippet":"max-snippet:-1","max-image-preview":"max-image-preview:large","max-video-preview":"max-video-preview:-1"},"canonical":"https:\/\/www.secondastrada.com\/it\/t-shirt-guess-verde-7\/","og_locale":"it_IT","og_type":"article","og_title":"T-shirt Guess Verde - Acquista online! - Seconda Strada","og_description":"T-shirt Guess Verde \u27a4 Acquista online su Secondastrada.com T-shirt Guess Verde \u2714\ufe0f Spedizione veloce entro 24h in tutta Italia \u2714\ufe0f Sconto sul tuo primo acquisto","og_url":"https:\/\/www.secondastrada.com\/it\/t-shirt-guess-verde-7\/","og_site_name":"Seconda Strada","article_modified_time":"2026-04-10T08:17:38+00:00","og_image":[{"width":1000,"height":1300,"url":"https:\/\/www.secondastrada.com\/wp-content\/uploads\/2026\/02\/M4GI70-KC9X0-SB_MOSSY-GREEN_PE26_1.jpg","type":"image\/jpeg"}],"twitter_card":"summary_large_image","twitter_misc":{"Tempo di lettura stimato":"1 minuto"},"schema":{"@context":"https:\/\/schema.org","@graph":[{"@type":"WebPage","@id":"https:\/\/www.secondastrada.com\/it\/t-shirt-guess-verde-7\/","url":"https:\/\/www.secondastrada.com\/it\/t-shirt-guess-verde-7\/","name":"T-shirt Guess Verde - Acquista online! - Seconda Strada","isPartOf":{"@id":"https:\/\/www.secondastrada.com\/it\/#website"},"primaryImageOfPage":{"@id":"https:\/\/www.secondastrada.com\/it\/t-shirt-guess-verde-7\/#primaryimage"},"image":{"@id":"https:\/\/www.secondastrada.com\/it\/t-shirt-guess-verde-7\/#primaryimage"},"thumbnailUrl":"https:\/\/www.secondastrada.com\/wp-content\/uploads\/2026\/02\/M4GI70-KC9X0-SB_MOSSY-GREEN_PE26_1.jpg","datePublished":"2026-02-26T11:33:11+00:00","dateModified":"2026-04-10T08:17:38+00:00","description":"T-shirt Guess Verde \u27a4 Acquista online su Secondastrada.com T-shirt Guess Verde \u2714\ufe0f Spedizione veloce entro 24h in tutta Italia \u2714\ufe0f Sconto sul tuo primo acquisto","breadcrumb":{"@id":"https:\/\/www.secondastrada.com\/it\/t-shirt-guess-verde-7\/#breadcrumb"},"inLanguage":"it-IT","potentialAction":[{"@type":"ReadAction","target":["https:\/\/www.secondastrada.com\/it\/t-shirt-guess-verde-7\/"]}]},{"@type":"ImageObject","inLanguage":"it-IT","@id":"https:\/\/www.secondastrada.com\/it\/t-shirt-guess-verde-7\/#primaryimage","url":"https:\/\/www.secondastrada.com\/wp-content\/uploads\/2026\/02\/M4GI70-KC9X0-SB_MOSSY-GREEN_PE26_1.jpg","contentUrl":"https:\/\/www.secondastrada.com\/wp-content\/uploads\/2026\/02\/M4GI70-KC9X0-SB_MOSSY-GREEN_PE26_1.jpg","width":1000,"height":1300,"caption":"M4GI70-KC9X0-SB_MOSSY-GREEN_PE26"},{"@type":"BreadcrumbList","@id":"https:\/\/www.secondastrada.com\/it\/t-shirt-guess-verde-7\/#breadcrumb","itemListElement":[{"@type":"ListItem","position":1,"name":"Home","item":"https:\/\/www.secondastrada.com\/it\/"},{"@type":"ListItem","position":2,"name":"Shop","item":"https:\/\/www.secondastrada.com\/it\/shop\/"},{"@type":"ListItem","position":3,"name":"Uomo","item":"https:\/\/www.secondastrada.com\/it\/collezione-uomo\/"},{"@type":"ListItem","position":4,"name":"Abbigliamento","item":"https:\/\/www.secondastrada.com\/it\/collezione-uomo\/abbigliamento-uomo\/"},{"@type":"ListItem","position":5,"name":"T-shirt","item":"https:\/\/www.secondastrada.com\/it\/collezione-uomo\/abbigliamento-uomo\/t-shirt-da-uomo\/"},{"@type":"ListItem","position":6,"name":"T-shirt in cotone","item":"https:\/\/www.secondastrada.com\/it\/collezione-uomo\/abbigliamento-uomo\/t-shirt-da-uomo\/t-shirt-in-cotone-da-uomo\/"},{"@type":"ListItem","position":7,"name":"T-shirt Guess Verde"}]},{"@type":"WebSite","@id":"https:\/\/www.secondastrada.com\/it\/#website","url":"https:\/\/www.secondastrada.com\/it\/","name":"Seconda Strada","description":"","publisher":{"@id":"https:\/\/www.secondastrada.com\/it\/#organization"},"potentialAction":[{"@type":"SearchAction","target":{"@type":"EntryPoint","urlTemplate":"https:\/\/www.secondastrada.com\/it\/?s={search_term_string}"},"query-input":"required name=search_term_string"}],"inLanguage":"it-IT"},{"@type":"Organization","@id":"https:\/\/www.secondastrada.com\/it\/#organization","name":"Seconda Strada","url":"https:\/\/www.secondastrada.com\/it\/","logo":{"@type":"ImageObject","inLanguage":"it-IT","@id":"https:\/\/www.secondastrada.com\/it\/#\/schema\/logo\/image\/","url":"https:\/\/www.secondastrada.com\/wp-content\/uploads\/2023\/11\/secondastrada-logo.svg","contentUrl":"https:\/\/www.secondastrada.com\/wp-content\/uploads\/2023\/11\/secondastrada-logo.svg","width":353,"height":47,"caption":"Seconda Strada"},"image":{"@id":"https:\/\/www.secondastrada.com\/it\/#\/schema\/logo\/image\/"}}]}},"df_price":27,"df_sale_price":"","df_regular_price":27,"df_image_link":"https:\/\/www.secondastrada.com\/wp-content\/uploads\/2026\/02\/M4GI70-KC9X0-SB_MOSSY-GREEN_PE26_1-300x300.jpg","_links":{"self":[{"href":"https:\/\/www.secondastrada.com\/it\/wp-json\/wp\/v2\/product\/338354"}],"collection":[{"href":"https:\/\/www.secondastrada.com\/it\/wp-json\/wp\/v2\/product"}],"about":[{"href":"https:\/\/www.secondastrada.com\/it\/wp-json\/wp\/v2\/types\/product"}],"wp:featuredmedia":[{"embeddable":true,"href":"https:\/\/www.secondastrada.com\/it\/wp-json\/wp\/v2\/media\/339289"}],"wp:attachment":[{"href":"https:\/\/www.secondastrada.com\/it\/wp-json\/wp\/v2\/media?parent=338354"}],"wp:term":[{"taxonomy":"ss_brand","embeddable":true,"href":"https:\/\/www.secondastrada.com\/it\/wp-json\/wp\/v2\/ss_brand?post=338354"},{"taxonomy":"ss_promo","embeddable":true,"href":"https:\/\/www.secondastrada.com\/it\/wp-json\/wp\/v2\/ss_promo?post=338354"},{"taxonomy":"ss_season","embeddable":true,"href":"https:\/\/www.secondastrada.com\/it\/wp-json\/wp\/v2\/ss_season?post=338354"},{"taxonomy":"product_cat","embeddable":true,"href":"https:\/\/www.secondastrada.com\/it\/wp-json\/wp\/v2\/product_cat?post=338354"},{"taxonomy":"product_tag","embeddable":true,"href":"https:\/\/www.secondastrada.com\/it\/wp-json\/wp\/v2\/product_tag?post=338354"}],"curies":[{"name":"wp","href":"https:\/\/api.w.org\/{rel}","templated":true}]}}