{"id":338453,"date":"2026-02-26T12:33:14","date_gmt":"2026-02-26T11:33:14","guid":{"rendered":"https:\/\/www.secondastrada.com\/it\/polo-guess-grigio\/"},"modified":"2026-04-14T10:42:34","modified_gmt":"2026-04-14T08:42:34","slug":"polo-guess-grigio","status":"publish","type":"product","link":"https:\/\/www.secondastrada.com\/it\/polo-guess-grigio\/","title":{"rendered":"Polo Guess Grigio"},"content":{"rendered":"<p><b>Polo GUESS Grigia da uomo<\/b><br \/>\nVersatile e raffinata, la <b>Polo GUESS Grigia<\/b> \u00e8 il capo ideale per chi desidera uno stile curato ma facile da indossare ogni giorno. Il grigio, neutro ed elegante, si presta a numerosi abbinamenti e rappresenta una scelta moderna per il guardaroba maschile. Realizzata in 95% cotone e 5% elastane, garantisce comfort, traspirabilit\u00e0 e una leggera elasticit\u00e0 che assicura libert\u00e0 di movimento durante tutta la giornata.<br \/>Questa <b>Polo da uomo adatta alla stagione primavera estate<\/b> \u00e8 pensata per accompagnarti con leggerezza nelle giornate pi\u00f9 miti, offrendo un equilibrio perfetto tra praticit\u00e0 e stile. Il design \u00e8 valorizzato da una <b>Polo con patch logo brand, bottoni ad asola<\/b>, dettagli che aggiungono carattere e definizione al capo senza rinunciare a un\u2019estetica pulita. La vestibilit\u00e0 \u00e8 regolare: il modello \u00e8 alto 187 cm e veste la taglia L, per un fit equilibrato che segue la silhouette senza risultare aderente.<br \/>Puoi indossarla nel tempo libero, per un pranzo informale o un\u2019uscita serale casual, quando vuoi sentirti a tuo agio ma con un look ordinato. Perfetta con jeans e sneakers per uno stile urbano e dinamico, si abbina facilmente anche a pantaloni chino e mocassini per un outfit pi\u00f9 ricercato ma sempre rilassato.<br \/>Su SecondaStrada.com trovi solo prodotti originali, selezionati con attenzione per garantirti qualit\u00e0 e autenticit\u00e0. Codice articolo: M5BP66 J1314 SB.<\/p>\n","protected":false},"excerpt":{"rendered":"<p>Polo GUESS Grigia da uomo Versatile e raffinata, la Polo GUESS Grigia \u00e8 il capo ideale per chi desidera uno stile curato ma facile da indossare ogni giorno. Il grigio, neutro ed elegante, si presta a numerosi abbinamenti e rappresenta una scelta moderna per il guardaroba maschile. Realizzata in 95% cotone e 5% elastane, garantisce&#8230;<\/p>\n","protected":false},"featured_media":339257,"template":"","meta":{"inline_featured_image":false},"ss_brand":[1287],"ss_promo":[],"ss_season":[2531],"product_cat":[1332,1481,1714],"product_tag":[2408,2409,1993],"class_list":{"0":"post-338453","1":"product","2":"type-product","3":"status-publish","4":"has-post-thumbnail","6":"ss_brand-guess-uomo","7":"ss_season-pe26","8":"product_cat-abbigliamento-uomo","9":"product_cat-polo-da-uomo","10":"product_cat-collezione-uomo","11":"product_tag-look-da-festa-uomo","12":"product_tag-look-da-sabato-sera-uomo","13":"product_tag-nuovi-arrivi-uomo","15":"first","16":"instock","17":"sale","18":"shipping-taxable","19":"purchasable","20":"product-type-variable","21":"has-default-attributes"},"acf":{"ss_brand":[{"term_id":1287,"name":"GUESS","slug":"guess-uomo","term_group":0,"term_taxonomy_id":1287,"taxonomy":"ss_brand","description":"<strong>Abbigliamento uomo Guess scontato: osa di pi\u00f9!<\/strong> Mixare raffinatezza francese e spirito californiano in uno <strong>stile originale<\/strong>? Si pu\u00f2 con <strong>Guess<\/strong>! Il brand infatti ha origine negli Stati Uniti dall'idea di due fratelli francesi. Guess crea collezioni di <strong>abbigliamento e accessori per uomo<\/strong> che non passano mai di moda: anche i capi pi\u00f9 classici hanno uno stile inedito! Scopri sul nostro store online la collezione di abbigliamento e accessori da uomo pi\u00f9 glamour che c\u2019\u00e8 a <strong>prezzi imbattibili<\/strong>!","parent":1268,"count":233,"filter":"raw"}],"ss_promo":false,"ss_season":[{"term_id":2531,"name":"PE26","slug":"pe26","term_group":0,"term_taxonomy_id":2531,"taxonomy":"ss_season","description":"","parent":0,"count":1294,"filter":"raw"}],"ss_old_price":"60,00","ss_omnibus_price":"0,00","ss_style_advice":"<p><b>Polo GUESS Grigia da uomo<\/b><br \/>\nVersatile e raffinata, la <b>Polo GUESS Grigia<\/b> \u00e8 il capo ideale per chi desidera uno stile curato ma facile da indossare ogni giorno. Il grigio, neutro ed elegante, si presta a numerosi abbinamenti e rappresenta una scelta moderna per il guardaroba maschile. Realizzata in 95% cotone e 5% elastane, garantisce comfort, traspirabilit\u00e0 e una leggera elasticit\u00e0 che assicura libert\u00e0 di movimento durante tutta la giornata.<br \/>Questa <b>Polo da uomo adatta alla stagione primavera estate<\/b> \u00e8 pensata per accompagnarti con leggerezza nelle giornate pi\u00f9 miti, offrendo un equilibrio perfetto tra praticit\u00e0 e stile. Il design \u00e8 valorizzato da una <b>Polo con patch logo brand, bottoni ad asola<\/b>, dettagli che aggiungono carattere e definizione al capo senza rinunciare a un\u2019estetica pulita. La vestibilit\u00e0 \u00e8 regolare: il modello \u00e8 alto 187 cm e veste la taglia L, per un fit equilibrato che segue la silhouette senza risultare aderente.<br \/>Puoi indossarla nel tempo libero, per un pranzo informale o un\u2019uscita serale casual, quando vuoi sentirti a tuo agio ma con un look ordinato. Perfetta con jeans e sneakers per uno stile urbano e dinamico, si abbina facilmente anche a pantaloni chino e mocassini per un outfit pi\u00f9 ricercato ma sempre rilassato.<br \/>Su SecondaStrada.com trovi solo prodotti originali, selezionati con attenzione per garantirti qualit\u00e0 e autenticit\u00e0. Codice articolo: M5BP66 J1314 SB.<\/p>\n","ss_composition":"<p>95% cotone 5% elastane<\/p>\n","ss_fit":"<p>Il modello \u00e8 alto 187 cm e veste la taglia L. La vestibilit\u00e0 del capo \u00e8 regolare.<\/p>\n"},"yoast_head":"<!-- This site is optimized with the Yoast SEO plugin v22.3 - https:\/\/yoast.com\/wordpress\/plugins\/seo\/ -->\n<title>Polo Guess Grigio - Acquista online! - Seconda Strada<\/title>\n<meta name=\"description\" content=\"Polo Guess Grigio \u27a4 Acquista online su Secondastrada.com Polo Guess Grigio \u2714\ufe0f Spedizione veloce entro 24h in tutta Italia \u2714\ufe0f Sconto sul tuo primo acquisto\" \/>\n<meta name=\"robots\" content=\"index, follow, max-snippet:-1, max-image-preview:large, max-video-preview:-1\" \/>\n<link rel=\"canonical\" href=\"https:\/\/www.secondastrada.com\/it\/polo-guess-grigio\/\" \/>\n<meta property=\"og:locale\" content=\"it_IT\" \/>\n<meta property=\"og:type\" content=\"article\" \/>\n<meta property=\"og:title\" content=\"Polo Guess Grigio - Acquista online! - Seconda Strada\" \/>\n<meta property=\"og:description\" content=\"Polo Guess Grigio \u27a4 Acquista online su Secondastrada.com Polo Guess Grigio \u2714\ufe0f Spedizione veloce entro 24h in tutta Italia \u2714\ufe0f Sconto sul tuo primo acquisto\" \/>\n<meta property=\"og:url\" content=\"https:\/\/www.secondastrada.com\/it\/polo-guess-grigio\/\" \/>\n<meta property=\"og:site_name\" content=\"Seconda Strada\" \/>\n<meta property=\"article:modified_time\" content=\"2026-04-14T08:42:34+00:00\" \/>\n<meta property=\"og:image\" content=\"https:\/\/www.secondastrada.com\/wp-content\/uploads\/2026\/02\/M5BP66-J1314-SB_OVERCAST-HEATHER-GRE_PE26_1.jpg\" \/>\n\t<meta property=\"og:image:width\" content=\"1000\" \/>\n\t<meta property=\"og:image:height\" content=\"1300\" \/>\n\t<meta property=\"og:image:type\" content=\"image\/jpeg\" \/>\n<meta name=\"twitter:card\" content=\"summary_large_image\" \/>\n<meta name=\"twitter:label1\" content=\"Tempo di lettura stimato\" \/>\n\t<meta name=\"twitter:data1\" content=\"1 minuto\" \/>\n<!-- \/ Yoast SEO plugin. -->","yoast_head_json":{"title":"Polo Guess Grigio - Acquista online! - Seconda Strada","description":"Polo Guess Grigio \u27a4 Acquista online su Secondastrada.com Polo Guess Grigio \u2714\ufe0f Spedizione veloce entro 24h in tutta Italia \u2714\ufe0f Sconto sul tuo primo acquisto","robots":{"index":"index","follow":"follow","max-snippet":"max-snippet:-1","max-image-preview":"max-image-preview:large","max-video-preview":"max-video-preview:-1"},"canonical":"https:\/\/www.secondastrada.com\/it\/polo-guess-grigio\/","og_locale":"it_IT","og_type":"article","og_title":"Polo Guess Grigio - Acquista online! - Seconda Strada","og_description":"Polo Guess Grigio \u27a4 Acquista online su Secondastrada.com Polo Guess Grigio \u2714\ufe0f Spedizione veloce entro 24h in tutta Italia \u2714\ufe0f Sconto sul tuo primo acquisto","og_url":"https:\/\/www.secondastrada.com\/it\/polo-guess-grigio\/","og_site_name":"Seconda Strada","article_modified_time":"2026-04-14T08:42:34+00:00","og_image":[{"width":1000,"height":1300,"url":"https:\/\/www.secondastrada.com\/wp-content\/uploads\/2026\/02\/M5BP66-J1314-SB_OVERCAST-HEATHER-GRE_PE26_1.jpg","type":"image\/jpeg"}],"twitter_card":"summary_large_image","twitter_misc":{"Tempo di lettura stimato":"1 minuto"},"schema":{"@context":"https:\/\/schema.org","@graph":[{"@type":"WebPage","@id":"https:\/\/www.secondastrada.com\/it\/polo-guess-grigio\/","url":"https:\/\/www.secondastrada.com\/it\/polo-guess-grigio\/","name":"Polo Guess Grigio - Acquista online! - Seconda Strada","isPartOf":{"@id":"https:\/\/www.secondastrada.com\/it\/#website"},"primaryImageOfPage":{"@id":"https:\/\/www.secondastrada.com\/it\/polo-guess-grigio\/#primaryimage"},"image":{"@id":"https:\/\/www.secondastrada.com\/it\/polo-guess-grigio\/#primaryimage"},"thumbnailUrl":"https:\/\/www.secondastrada.com\/wp-content\/uploads\/2026\/02\/M5BP66-J1314-SB_OVERCAST-HEATHER-GRE_PE26_1.jpg","datePublished":"2026-02-26T11:33:14+00:00","dateModified":"2026-04-14T08:42:34+00:00","description":"Polo Guess Grigio \u27a4 Acquista online su Secondastrada.com Polo Guess Grigio \u2714\ufe0f Spedizione veloce entro 24h in tutta Italia \u2714\ufe0f Sconto sul tuo primo acquisto","breadcrumb":{"@id":"https:\/\/www.secondastrada.com\/it\/polo-guess-grigio\/#breadcrumb"},"inLanguage":"it-IT","potentialAction":[{"@type":"ReadAction","target":["https:\/\/www.secondastrada.com\/it\/polo-guess-grigio\/"]}]},{"@type":"ImageObject","inLanguage":"it-IT","@id":"https:\/\/www.secondastrada.com\/it\/polo-guess-grigio\/#primaryimage","url":"https:\/\/www.secondastrada.com\/wp-content\/uploads\/2026\/02\/M5BP66-J1314-SB_OVERCAST-HEATHER-GRE_PE26_1.jpg","contentUrl":"https:\/\/www.secondastrada.com\/wp-content\/uploads\/2026\/02\/M5BP66-J1314-SB_OVERCAST-HEATHER-GRE_PE26_1.jpg","width":1000,"height":1300,"caption":"M5BP66-J1314-SB_OVERCAST-HEATHER-GRE_PE26"},{"@type":"BreadcrumbList","@id":"https:\/\/www.secondastrada.com\/it\/polo-guess-grigio\/#breadcrumb","itemListElement":[{"@type":"ListItem","position":1,"name":"Home","item":"https:\/\/www.secondastrada.com\/it\/"},{"@type":"ListItem","position":2,"name":"Shop","item":"https:\/\/www.secondastrada.com\/it\/shop\/"},{"@type":"ListItem","position":3,"name":"Uomo","item":"https:\/\/www.secondastrada.com\/it\/collezione-uomo\/"},{"@type":"ListItem","position":4,"name":"Abbigliamento","item":"https:\/\/www.secondastrada.com\/it\/collezione-uomo\/abbigliamento-uomo\/"},{"@type":"ListItem","position":5,"name":"Polo","item":"https:\/\/www.secondastrada.com\/it\/collezione-uomo\/abbigliamento-uomo\/polo-da-uomo\/"},{"@type":"ListItem","position":6,"name":"Polo Guess Grigio"}]},{"@type":"WebSite","@id":"https:\/\/www.secondastrada.com\/it\/#website","url":"https:\/\/www.secondastrada.com\/it\/","name":"Seconda Strada","description":"","publisher":{"@id":"https:\/\/www.secondastrada.com\/it\/#organization"},"potentialAction":[{"@type":"SearchAction","target":{"@type":"EntryPoint","urlTemplate":"https:\/\/www.secondastrada.com\/it\/?s={search_term_string}"},"query-input":"required name=search_term_string"}],"inLanguage":"it-IT"},{"@type":"Organization","@id":"https:\/\/www.secondastrada.com\/it\/#organization","name":"Seconda Strada","url":"https:\/\/www.secondastrada.com\/it\/","logo":{"@type":"ImageObject","inLanguage":"it-IT","@id":"https:\/\/www.secondastrada.com\/it\/#\/schema\/logo\/image\/","url":"https:\/\/www.secondastrada.com\/wp-content\/uploads\/2023\/11\/secondastrada-logo.svg","contentUrl":"https:\/\/www.secondastrada.com\/wp-content\/uploads\/2023\/11\/secondastrada-logo.svg","width":353,"height":47,"caption":"Seconda Strada"},"image":{"@id":"https:\/\/www.secondastrada.com\/it\/#\/schema\/logo\/image\/"}}]}},"df_price":36,"df_sale_price":"","df_regular_price":36,"df_image_link":"https:\/\/www.secondastrada.com\/wp-content\/uploads\/2026\/02\/M5BP66-J1314-SB_OVERCAST-HEATHER-GRE_PE26_1-300x300.jpg","_links":{"self":[{"href":"https:\/\/www.secondastrada.com\/it\/wp-json\/wp\/v2\/product\/338453"}],"collection":[{"href":"https:\/\/www.secondastrada.com\/it\/wp-json\/wp\/v2\/product"}],"about":[{"href":"https:\/\/www.secondastrada.com\/it\/wp-json\/wp\/v2\/types\/product"}],"wp:featuredmedia":[{"embeddable":true,"href":"https:\/\/www.secondastrada.com\/it\/wp-json\/wp\/v2\/media\/339257"}],"wp:attachment":[{"href":"https:\/\/www.secondastrada.com\/it\/wp-json\/wp\/v2\/media?parent=338453"}],"wp:term":[{"taxonomy":"ss_brand","embeddable":true,"href":"https:\/\/www.secondastrada.com\/it\/wp-json\/wp\/v2\/ss_brand?post=338453"},{"taxonomy":"ss_promo","embeddable":true,"href":"https:\/\/www.secondastrada.com\/it\/wp-json\/wp\/v2\/ss_promo?post=338453"},{"taxonomy":"ss_season","embeddable":true,"href":"https:\/\/www.secondastrada.com\/it\/wp-json\/wp\/v2\/ss_season?post=338453"},{"taxonomy":"product_cat","embeddable":true,"href":"https:\/\/www.secondastrada.com\/it\/wp-json\/wp\/v2\/product_cat?post=338453"},{"taxonomy":"product_tag","embeddable":true,"href":"https:\/\/www.secondastrada.com\/it\/wp-json\/wp\/v2\/product_tag?post=338453"}],"curies":[{"name":"wp","href":"https:\/\/api.w.org\/{rel}","templated":true}]}}