{"id":338665,"date":"2026-02-26T09:09:28","date_gmt":"2026-02-26T08:09:28","guid":{"rendered":"https:\/\/www.secondastrada.com\/it\/jeans-guess-blu-3\/"},"modified":"2026-04-14T10:32:31","modified_gmt":"2026-04-14T08:32:31","slug":"jeans-guess-blu-3","status":"publish","type":"product","link":"https:\/\/www.secondastrada.com\/it\/jeans-guess-blu-3\/","title":{"rendered":"Jeans Guess Blu"},"content":{"rendered":"<p><b>Jeans GUESS Blu da donna<\/b><br \/>\nModerni e di tendenza, i <b>Jeans GUESS Blu<\/b> sono il capo perfetto per chi ama uno stile contemporaneo e disinvolto. Il denim blu, intramontabile e versatile, si rinnova in una silhouette attuale che valorizza la figura con naturalezza. Realizzati in 81% cotone, 15% lyocell e 3% elastane, offrono un equilibrio ideale tra morbidezza, leggerezza e comfort, risultando perfetti per accompagnarti durante la bella stagione.<br \/>Questi <b>Jeans da donna adatti alla stagione primavera estate<\/b> si distinguono per  <b>una gamba ampia, tasche sagomate e tasche a toppa, bottone e zip<\/b>, dettagli che uniscono praticit\u00e0 e carattere. La gamba ampia dona movimento e un tocco fashion al look, mentre le tasche sagomate e a toppa aggiungono personalit\u00e0. La vestibilit\u00e0 \u00e8 regolare: la modella \u00e8 alta 165 cm e indossa la taglia 27 US, corrispondente alla 40\/42 italiana, per un fit equilibrato e confortevole.<br \/>Perfetti da indossare nel tempo libero, per una giornata in citt\u00e0 o un\u2019uscita informale, ti permettono di sentirti a tuo agio senza rinunciare allo stile. Abbinali a una t-shirt e sneakers per un look fresco e dinamico, oppure scegli un top aderente e sandali per valorizzare la linea ampia del pantalone.<br \/>Su SecondaStrada.com trovi solo prodotti originali, selezionati con cura per garantirti autenticit\u00e0 e qualit\u00e0. Codice articolo: W5BA82 D0614 SB.<\/p>\n","protected":false},"excerpt":{"rendered":"<p>Jeans GUESS Blu da donna Moderni e di tendenza, i Jeans GUESS Blu sono il capo perfetto per chi ama uno stile contemporaneo e disinvolto. Il denim blu, intramontabile e versatile, si rinnova in una silhouette attuale che valorizza la figura con naturalezza. Realizzati in 81% cotone, 15% lyocell e 3% elastane, offrono un equilibrio&#8230;<\/p>\n","protected":false},"featured_media":338660,"template":"","meta":{"inline_featured_image":false},"ss_brand":[1202],"ss_promo":[],"ss_season":[2531],"product_cat":[1329,1658,1338],"product_tag":[2549,1995,1775],"class_list":{"0":"post-338665","1":"product","2":"type-product","3":"status-publish","4":"has-post-thumbnail","6":"ss_brand-guess-donna","7":"ss_season-pe26","8":"product_cat-abbigliamento-donna","9":"product_cat-collezione-donna","10":"product_cat-jeans-da-donna","11":"product_tag-denim-jeans-donna","12":"product_tag-nuovi-arrivi-donna","13":"product_tag-jeans-guess-donna","15":"first","16":"instock","17":"sale","18":"shipping-taxable","19":"purchasable","20":"product-type-variable","21":"has-default-attributes"},"acf":{"ss_brand":[{"term_id":1202,"name":"GUESS","slug":"guess-donna","term_group":0,"term_taxonomy_id":1202,"taxonomy":"ss_brand","description":"<strong>Abbigliamento donna Guess scontato: e ora chi ti ferma pi\u00f9?<\/strong> Sei alla ricerca di outfit in <strong>stile urban-chic<\/strong> e iper-femminili? Allora dai un\u2019occhiata alla nostra selezione di <strong>abbigliamento e accessori Guess<\/strong>! <strong>Lasciati ispirare e sfoglia le nostre proposte di capi e accessori Guess da donna scontatissimi!<\/strong>","parent":1201,"count":508,"filter":"raw"}],"ss_promo":false,"ss_season":[{"term_id":2531,"name":"PE26","slug":"pe26","term_group":0,"term_taxonomy_id":2531,"taxonomy":"ss_season","description":"","parent":0,"count":1294,"filter":"raw"}],"ss_old_price":"140,00","ss_omnibus_price":"0,00","ss_style_advice":"<p><b>Jeans GUESS Blu da donna<\/b><br \/>\nModerni e di tendenza, i <b>Jeans GUESS Blu<\/b> sono il capo perfetto per chi ama uno stile contemporaneo e disinvolto. Il denim blu, intramontabile e versatile, si rinnova in una silhouette attuale che valorizza la figura con naturalezza. Realizzati in 81% cotone, 15% lyocell e 3% elastane, offrono un equilibrio ideale tra morbidezza, leggerezza e comfort, risultando perfetti per accompagnarti durante la bella stagione.<br \/>Questi <b>Jeans da donna adatti alla stagione primavera estate<\/b> si distinguono per  <b>una gamba ampia, tasche sagomate e tasche a toppa, bottone e zip<\/b>, dettagli che uniscono praticit\u00e0 e carattere. La gamba ampia dona movimento e un tocco fashion al look, mentre le tasche sagomate e a toppa aggiungono personalit\u00e0. La vestibilit\u00e0 \u00e8 regolare: la modella \u00e8 alta 165 cm e indossa la taglia 27 US, corrispondente alla 40\/42 italiana, per un fit equilibrato e confortevole.<br \/>Perfetti da indossare nel tempo libero, per una giornata in citt\u00e0 o un\u2019uscita informale, ti permettono di sentirti a tuo agio senza rinunciare allo stile. Abbinali a una t-shirt e sneakers per un look fresco e dinamico, oppure scegli un top aderente e sandali per valorizzare la linea ampia del pantalone.<br \/>Su SecondaStrada.com trovi solo prodotti originali, selezionati con cura per garantirti autenticit\u00e0 e qualit\u00e0. Codice articolo: W5BA82 D0614 SB.<\/p>\n","ss_composition":"<p>81% cotone 15% lyocell 3% elastane<\/p>\n","ss_fit":"<p>La modella \u00e8 alta 165 cm e indossa la taglia 27 us corrispondente alla 40\/42 italiana. La vestibilit\u00e0 del capo \u00e8 regolare<\/p>\n"},"yoast_head":"<!-- This site is optimized with the Yoast SEO plugin v22.3 - https:\/\/yoast.com\/wordpress\/plugins\/seo\/ -->\n<title>Jeans Guess Blu - Acquista online! - Seconda Strada<\/title>\n<meta name=\"description\" content=\"Jeans Guess Blu \u27a4 Acquista online su Secondastrada.com Jeans Guess Blu \u2714\ufe0f Spedizione veloce entro 24h in tutta Italia \u2714\ufe0f Sconto sul tuo primo acquisto\" \/>\n<meta name=\"robots\" content=\"index, follow, max-snippet:-1, max-image-preview:large, max-video-preview:-1\" \/>\n<link rel=\"canonical\" href=\"https:\/\/www.secondastrada.com\/it\/jeans-guess-blu-3\/\" \/>\n<meta property=\"og:locale\" content=\"it_IT\" \/>\n<meta property=\"og:type\" content=\"article\" \/>\n<meta property=\"og:title\" content=\"Jeans Guess Blu - Acquista online! - Seconda Strada\" \/>\n<meta property=\"og:description\" content=\"Jeans Guess Blu \u27a4 Acquista online su Secondastrada.com Jeans Guess Blu \u2714\ufe0f Spedizione veloce entro 24h in tutta Italia \u2714\ufe0f Sconto sul tuo primo acquisto\" \/>\n<meta property=\"og:url\" content=\"https:\/\/www.secondastrada.com\/it\/jeans-guess-blu-3\/\" \/>\n<meta property=\"og:site_name\" content=\"Seconda Strada\" \/>\n<meta property=\"article:modified_time\" content=\"2026-04-14T08:32:31+00:00\" \/>\n<meta property=\"og:image\" content=\"https:\/\/www.secondastrada.com\/wp-content\/uploads\/2026\/02\/W5BA82-D0614-SB_SWAN-WASH_PE26_1.jpg\" \/>\n\t<meta property=\"og:image:width\" content=\"1000\" \/>\n\t<meta property=\"og:image:height\" content=\"1300\" \/>\n\t<meta property=\"og:image:type\" content=\"image\/jpeg\" \/>\n<meta name=\"twitter:card\" content=\"summary_large_image\" \/>\n<meta name=\"twitter:label1\" content=\"Tempo di lettura stimato\" \/>\n\t<meta name=\"twitter:data1\" content=\"1 minuto\" \/>\n<!-- \/ Yoast SEO plugin. -->","yoast_head_json":{"title":"Jeans Guess Blu - Acquista online! - Seconda Strada","description":"Jeans Guess Blu \u27a4 Acquista online su Secondastrada.com Jeans Guess Blu \u2714\ufe0f Spedizione veloce entro 24h in tutta Italia \u2714\ufe0f Sconto sul tuo primo acquisto","robots":{"index":"index","follow":"follow","max-snippet":"max-snippet:-1","max-image-preview":"max-image-preview:large","max-video-preview":"max-video-preview:-1"},"canonical":"https:\/\/www.secondastrada.com\/it\/jeans-guess-blu-3\/","og_locale":"it_IT","og_type":"article","og_title":"Jeans Guess Blu - Acquista online! - Seconda Strada","og_description":"Jeans Guess Blu \u27a4 Acquista online su Secondastrada.com Jeans Guess Blu \u2714\ufe0f Spedizione veloce entro 24h in tutta Italia \u2714\ufe0f Sconto sul tuo primo acquisto","og_url":"https:\/\/www.secondastrada.com\/it\/jeans-guess-blu-3\/","og_site_name":"Seconda Strada","article_modified_time":"2026-04-14T08:32:31+00:00","og_image":[{"width":1000,"height":1300,"url":"https:\/\/www.secondastrada.com\/wp-content\/uploads\/2026\/02\/W5BA82-D0614-SB_SWAN-WASH_PE26_1.jpg","type":"image\/jpeg"}],"twitter_card":"summary_large_image","twitter_misc":{"Tempo di lettura stimato":"1 minuto"},"schema":{"@context":"https:\/\/schema.org","@graph":[{"@type":"WebPage","@id":"https:\/\/www.secondastrada.com\/it\/jeans-guess-blu-3\/","url":"https:\/\/www.secondastrada.com\/it\/jeans-guess-blu-3\/","name":"Jeans Guess Blu - Acquista online! - Seconda Strada","isPartOf":{"@id":"https:\/\/www.secondastrada.com\/it\/#website"},"primaryImageOfPage":{"@id":"https:\/\/www.secondastrada.com\/it\/jeans-guess-blu-3\/#primaryimage"},"image":{"@id":"https:\/\/www.secondastrada.com\/it\/jeans-guess-blu-3\/#primaryimage"},"thumbnailUrl":"https:\/\/www.secondastrada.com\/wp-content\/uploads\/2026\/02\/W5BA82-D0614-SB_SWAN-WASH_PE26_1.jpg","datePublished":"2026-02-26T08:09:28+00:00","dateModified":"2026-04-14T08:32:31+00:00","description":"Jeans Guess Blu \u27a4 Acquista online su Secondastrada.com Jeans Guess Blu \u2714\ufe0f Spedizione veloce entro 24h in tutta Italia \u2714\ufe0f Sconto sul tuo primo acquisto","breadcrumb":{"@id":"https:\/\/www.secondastrada.com\/it\/jeans-guess-blu-3\/#breadcrumb"},"inLanguage":"it-IT","potentialAction":[{"@type":"ReadAction","target":["https:\/\/www.secondastrada.com\/it\/jeans-guess-blu-3\/"]}]},{"@type":"ImageObject","inLanguage":"it-IT","@id":"https:\/\/www.secondastrada.com\/it\/jeans-guess-blu-3\/#primaryimage","url":"https:\/\/www.secondastrada.com\/wp-content\/uploads\/2026\/02\/W5BA82-D0614-SB_SWAN-WASH_PE26_1.jpg","contentUrl":"https:\/\/www.secondastrada.com\/wp-content\/uploads\/2026\/02\/W5BA82-D0614-SB_SWAN-WASH_PE26_1.jpg","width":1000,"height":1300,"caption":"W5BA82-D0614-SB_SWAN-WASH_PE26"},{"@type":"BreadcrumbList","@id":"https:\/\/www.secondastrada.com\/it\/jeans-guess-blu-3\/#breadcrumb","itemListElement":[{"@type":"ListItem","position":1,"name":"Home","item":"https:\/\/www.secondastrada.com\/it\/"},{"@type":"ListItem","position":2,"name":"Shop","item":"https:\/\/www.secondastrada.com\/it\/shop\/"},{"@type":"ListItem","position":3,"name":"Donna","item":"https:\/\/www.secondastrada.com\/it\/collezione-donna\/"},{"@type":"ListItem","position":4,"name":"Abbigliamento","item":"https:\/\/www.secondastrada.com\/it\/collezione-donna\/abbigliamento-donna\/"},{"@type":"ListItem","position":5,"name":"Jeans","item":"https:\/\/www.secondastrada.com\/it\/collezione-donna\/abbigliamento-donna\/jeans-da-donna\/"},{"@type":"ListItem","position":6,"name":"Jeans Guess Blu"}]},{"@type":"WebSite","@id":"https:\/\/www.secondastrada.com\/it\/#website","url":"https:\/\/www.secondastrada.com\/it\/","name":"Seconda Strada","description":"","publisher":{"@id":"https:\/\/www.secondastrada.com\/it\/#organization"},"potentialAction":[{"@type":"SearchAction","target":{"@type":"EntryPoint","urlTemplate":"https:\/\/www.secondastrada.com\/it\/?s={search_term_string}"},"query-input":"required name=search_term_string"}],"inLanguage":"it-IT"},{"@type":"Organization","@id":"https:\/\/www.secondastrada.com\/it\/#organization","name":"Seconda Strada","url":"https:\/\/www.secondastrada.com\/it\/","logo":{"@type":"ImageObject","inLanguage":"it-IT","@id":"https:\/\/www.secondastrada.com\/it\/#\/schema\/logo\/image\/","url":"https:\/\/www.secondastrada.com\/wp-content\/uploads\/2023\/11\/secondastrada-logo.svg","contentUrl":"https:\/\/www.secondastrada.com\/wp-content\/uploads\/2023\/11\/secondastrada-logo.svg","width":353,"height":47,"caption":"Seconda Strada"},"image":{"@id":"https:\/\/www.secondastrada.com\/it\/#\/schema\/logo\/image\/"}}]}},"df_price":84,"df_sale_price":"","df_regular_price":84,"df_image_link":"https:\/\/www.secondastrada.com\/wp-content\/uploads\/2026\/02\/W5BA82-D0614-SB_SWAN-WASH_PE26_1-300x300.jpg","_links":{"self":[{"href":"https:\/\/www.secondastrada.com\/it\/wp-json\/wp\/v2\/product\/338665"}],"collection":[{"href":"https:\/\/www.secondastrada.com\/it\/wp-json\/wp\/v2\/product"}],"about":[{"href":"https:\/\/www.secondastrada.com\/it\/wp-json\/wp\/v2\/types\/product"}],"wp:featuredmedia":[{"embeddable":true,"href":"https:\/\/www.secondastrada.com\/it\/wp-json\/wp\/v2\/media\/338660"}],"wp:attachment":[{"href":"https:\/\/www.secondastrada.com\/it\/wp-json\/wp\/v2\/media?parent=338665"}],"wp:term":[{"taxonomy":"ss_brand","embeddable":true,"href":"https:\/\/www.secondastrada.com\/it\/wp-json\/wp\/v2\/ss_brand?post=338665"},{"taxonomy":"ss_promo","embeddable":true,"href":"https:\/\/www.secondastrada.com\/it\/wp-json\/wp\/v2\/ss_promo?post=338665"},{"taxonomy":"ss_season","embeddable":true,"href":"https:\/\/www.secondastrada.com\/it\/wp-json\/wp\/v2\/ss_season?post=338665"},{"taxonomy":"product_cat","embeddable":true,"href":"https:\/\/www.secondastrada.com\/it\/wp-json\/wp\/v2\/product_cat?post=338665"},{"taxonomy":"product_tag","embeddable":true,"href":"https:\/\/www.secondastrada.com\/it\/wp-json\/wp\/v2\/product_tag?post=338665"}],"curies":[{"name":"wp","href":"https:\/\/api.w.org\/{rel}","templated":true}]}}