{"id":338807,"date":"2026-02-26T09:20:59","date_gmt":"2026-02-26T08:20:59","guid":{"rendered":"https:\/\/www.secondastrada.com\/it\/camicia-guess-bianco-6\/"},"modified":"2026-04-10T10:14:32","modified_gmt":"2026-04-10T08:14:32","slug":"camicia-guess-bianco-6","status":"publish","type":"product","link":"https:\/\/www.secondastrada.com\/it\/camicia-guess-bianco-6\/","title":{"rendered":"Camicia Guess Bianco"},"content":{"rendered":"<p><b>Camicia GUESS Bianca da donna<\/b><br \/>\nElegante, fresca e senza tempo, la <b>Camicia GUESS Bianca<\/b> \u00e8 un capo essenziale per affrontare la bella stagione con stile. Il bianco, luminoso e raffinato, valorizza ogni outfit e si presta a combinazioni versatili, dal casual al pi\u00f9 ricercato. Realizzata in 100% lino, garantisce traspirabilit\u00e0 e leggerezza, risultando perfetta per le giornate pi\u00f9 calde della primavera e dell\u2019estate.<br \/>Questa <b>Camicia da donna adatta alla stagione primavera estate<\/b> si distingue per la cura dei dettagli e la qualit\u00e0 dei materiali. La <b>Camicia con ricamo e bottoni ad asola<\/b> unisce femminilit\u00e0 e sobriet\u00e0: il ricamo aggiunge un tocco delicato e ricercato, mentre i bottoni ad asola completano il design con un accento classico e intramontabile. La vestibilit\u00e0 \u00e8 regolare: la modella \u00e8 alta 165 cm e indossa la taglia S, per un fit armonioso che segue le linee del corpo senza risultare aderente.<br \/>Perfetta da indossare nel tempo libero o in occasioni casual, come un pranzo all\u2019aperto o una passeggiata in citt\u00e0, ti permette di sentirti comoda ma sempre curata. Abbinala a jeans per un look fresco e disinvolto, oppure scegli pantaloni a vita alta per un outfit pi\u00f9 femminile ed elegante.<br \/>Su SecondaStrada.com trovi solo prodotti originali, selezionati con attenzione per garantirti autenticit\u00e0 e qualit\u00e0. Codice articolo: W5YH66 WCWA0 SB.<\/p>\n","protected":false},"excerpt":{"rendered":"<p>Camicia GUESS Bianca da donna Elegante, fresca e senza tempo, la Camicia GUESS Bianca \u00e8 un capo essenziale per affrontare la bella stagione con stile. Il bianco, luminoso e raffinato, valorizza ogni outfit e si presta a combinazioni versatili, dal casual al pi\u00f9 ricercato. Realizzata in 100% lino, garantisce traspirabilit\u00e0 e leggerezza, risultando perfetta per&#8230;<\/p>\n","protected":false},"featured_media":338801,"template":"","meta":{"inline_featured_image":false},"ss_brand":[1202],"ss_promo":[],"ss_season":[2531],"product_cat":[1329,1339,1658],"product_tag":[1776,1995],"class_list":{"0":"post-338807","1":"product","2":"type-product","3":"status-publish","4":"has-post-thumbnail","6":"ss_brand-guess-donna","7":"ss_season-pe26","8":"product_cat-abbigliamento-donna","9":"product_cat-camicie-e-bluse-da-donna","10":"product_cat-collezione-donna","11":"product_tag-camicie-e-bluse-guess-donna","12":"product_tag-nuovi-arrivi-donna","14":"first","15":"instock","16":"sale","17":"shipping-taxable","18":"purchasable","19":"product-type-variable","20":"has-default-attributes"},"acf":{"ss_brand":[{"term_id":1202,"name":"GUESS","slug":"guess-donna","term_group":0,"term_taxonomy_id":1202,"taxonomy":"ss_brand","description":"<strong>Abbigliamento donna Guess scontato: e ora chi ti ferma pi\u00f9?<\/strong> Sei alla ricerca di outfit in <strong>stile urban-chic<\/strong> e iper-femminili? Allora dai un\u2019occhiata alla nostra selezione di <strong>abbigliamento e accessori Guess<\/strong>! <strong>Lasciati ispirare e sfoglia le nostre proposte di capi e accessori Guess da donna scontatissimi!<\/strong>","parent":1201,"count":508,"filter":"raw"}],"ss_promo":false,"ss_season":[{"term_id":2531,"name":"PE26","slug":"pe26","term_group":0,"term_taxonomy_id":2531,"taxonomy":"ss_season","description":"","parent":0,"count":1337,"filter":"raw"}],"ss_old_price":"140,00","ss_omnibus_price":"0,00","ss_style_advice":"<p><b>Camicia GUESS Bianca da donna<\/b><br \/>\nElegante, fresca e senza tempo, la <b>Camicia GUESS Bianca<\/b> \u00e8 un capo essenziale per affrontare la bella stagione con stile. Il bianco, luminoso e raffinato, valorizza ogni outfit e si presta a combinazioni versatili, dal casual al pi\u00f9 ricercato. Realizzata in 100% lino, garantisce traspirabilit\u00e0 e leggerezza, risultando perfetta per le giornate pi\u00f9 calde della primavera e dell\u2019estate.<br \/>Questa <b>Camicia da donna adatta alla stagione primavera estate<\/b> si distingue per la cura dei dettagli e la qualit\u00e0 dei materiali. La <b>Camicia con ricamo e bottoni ad asola<\/b> unisce femminilit\u00e0 e sobriet\u00e0: il ricamo aggiunge un tocco delicato e ricercato, mentre i bottoni ad asola completano il design con un accento classico e intramontabile. La vestibilit\u00e0 \u00e8 regolare: la modella \u00e8 alta 165 cm e indossa la taglia S, per un fit armonioso che segue le linee del corpo senza risultare aderente.<br \/>Perfetta da indossare nel tempo libero o in occasioni casual, come un pranzo all\u2019aperto o una passeggiata in citt\u00e0, ti permette di sentirti comoda ma sempre curata. Abbinala a jeans per un look fresco e disinvolto, oppure scegli pantaloni a vita alta per un outfit pi\u00f9 femminile ed elegante.<br \/>Su SecondaStrada.com trovi solo prodotti originali, selezionati con attenzione per garantirti autenticit\u00e0 e qualit\u00e0. Codice articolo: W5YH66 WCWA0 SB.<\/p>\n","ss_composition":"<p>100% lino<\/p>\n","ss_fit":"<p>La modella \u00e8 alta 165 cm e indossa la taglia S. La vestibilit\u00e0 del capo \u00e8 regolare.<\/p>\n"},"yoast_head":"<!-- This site is optimized with the Yoast SEO plugin v22.3 - https:\/\/yoast.com\/wordpress\/plugins\/seo\/ -->\n<title>Camicia Guess Bianco - Acquista online! - Seconda Strada<\/title>\n<meta name=\"description\" content=\"Camicia Guess Bianco \u27a4 Acquista online su Secondastrada.com Camicia Guess Bianco \u2714\ufe0f Spedizione veloce entro 24h in tutta Italia \u2714\ufe0f Sconto sul tuo primo acquisto\" \/>\n<meta name=\"robots\" content=\"index, follow, max-snippet:-1, max-image-preview:large, max-video-preview:-1\" \/>\n<link rel=\"canonical\" href=\"https:\/\/www.secondastrada.com\/it\/camicia-guess-bianco-6\/\" \/>\n<meta property=\"og:locale\" content=\"it_IT\" \/>\n<meta property=\"og:type\" content=\"article\" \/>\n<meta property=\"og:title\" content=\"Camicia Guess Bianco - Acquista online! - Seconda Strada\" \/>\n<meta property=\"og:description\" content=\"Camicia Guess Bianco \u27a4 Acquista online su Secondastrada.com Camicia Guess Bianco \u2714\ufe0f Spedizione veloce entro 24h in tutta Italia \u2714\ufe0f Sconto sul tuo primo acquisto\" \/>\n<meta property=\"og:url\" content=\"https:\/\/www.secondastrada.com\/it\/camicia-guess-bianco-6\/\" \/>\n<meta property=\"og:site_name\" content=\"Seconda Strada\" \/>\n<meta property=\"article:modified_time\" content=\"2026-04-10T08:14:32+00:00\" \/>\n<meta property=\"og:image\" content=\"https:\/\/www.secondastrada.com\/wp-content\/uploads\/2026\/02\/W5YH66-WCWA0-SB_PURE-WHITE_PE26_1.jpg\" \/>\n\t<meta property=\"og:image:width\" content=\"1000\" \/>\n\t<meta property=\"og:image:height\" content=\"1300\" \/>\n\t<meta property=\"og:image:type\" content=\"image\/jpeg\" \/>\n<meta name=\"twitter:card\" content=\"summary_large_image\" \/>\n<meta name=\"twitter:label1\" content=\"Tempo di lettura stimato\" \/>\n\t<meta name=\"twitter:data1\" content=\"1 minuto\" \/>\n<!-- \/ Yoast SEO plugin. -->","yoast_head_json":{"title":"Camicia Guess Bianco - Acquista online! - Seconda Strada","description":"Camicia Guess Bianco \u27a4 Acquista online su Secondastrada.com Camicia Guess Bianco \u2714\ufe0f Spedizione veloce entro 24h in tutta Italia \u2714\ufe0f Sconto sul tuo primo acquisto","robots":{"index":"index","follow":"follow","max-snippet":"max-snippet:-1","max-image-preview":"max-image-preview:large","max-video-preview":"max-video-preview:-1"},"canonical":"https:\/\/www.secondastrada.com\/it\/camicia-guess-bianco-6\/","og_locale":"it_IT","og_type":"article","og_title":"Camicia Guess Bianco - Acquista online! - Seconda Strada","og_description":"Camicia Guess Bianco \u27a4 Acquista online su Secondastrada.com Camicia Guess Bianco \u2714\ufe0f Spedizione veloce entro 24h in tutta Italia \u2714\ufe0f Sconto sul tuo primo acquisto","og_url":"https:\/\/www.secondastrada.com\/it\/camicia-guess-bianco-6\/","og_site_name":"Seconda Strada","article_modified_time":"2026-04-10T08:14:32+00:00","og_image":[{"width":1000,"height":1300,"url":"https:\/\/www.secondastrada.com\/wp-content\/uploads\/2026\/02\/W5YH66-WCWA0-SB_PURE-WHITE_PE26_1.jpg","type":"image\/jpeg"}],"twitter_card":"summary_large_image","twitter_misc":{"Tempo di lettura stimato":"1 minuto"},"schema":{"@context":"https:\/\/schema.org","@graph":[{"@type":"WebPage","@id":"https:\/\/www.secondastrada.com\/it\/camicia-guess-bianco-6\/","url":"https:\/\/www.secondastrada.com\/it\/camicia-guess-bianco-6\/","name":"Camicia Guess Bianco - Acquista online! - Seconda Strada","isPartOf":{"@id":"https:\/\/www.secondastrada.com\/it\/#website"},"primaryImageOfPage":{"@id":"https:\/\/www.secondastrada.com\/it\/camicia-guess-bianco-6\/#primaryimage"},"image":{"@id":"https:\/\/www.secondastrada.com\/it\/camicia-guess-bianco-6\/#primaryimage"},"thumbnailUrl":"https:\/\/www.secondastrada.com\/wp-content\/uploads\/2026\/02\/W5YH66-WCWA0-SB_PURE-WHITE_PE26_1.jpg","datePublished":"2026-02-26T08:20:59+00:00","dateModified":"2026-04-10T08:14:32+00:00","description":"Camicia Guess Bianco \u27a4 Acquista online su Secondastrada.com Camicia Guess Bianco \u2714\ufe0f Spedizione veloce entro 24h in tutta Italia \u2714\ufe0f Sconto sul tuo primo acquisto","breadcrumb":{"@id":"https:\/\/www.secondastrada.com\/it\/camicia-guess-bianco-6\/#breadcrumb"},"inLanguage":"it-IT","potentialAction":[{"@type":"ReadAction","target":["https:\/\/www.secondastrada.com\/it\/camicia-guess-bianco-6\/"]}]},{"@type":"ImageObject","inLanguage":"it-IT","@id":"https:\/\/www.secondastrada.com\/it\/camicia-guess-bianco-6\/#primaryimage","url":"https:\/\/www.secondastrada.com\/wp-content\/uploads\/2026\/02\/W5YH66-WCWA0-SB_PURE-WHITE_PE26_1.jpg","contentUrl":"https:\/\/www.secondastrada.com\/wp-content\/uploads\/2026\/02\/W5YH66-WCWA0-SB_PURE-WHITE_PE26_1.jpg","width":1000,"height":1300,"caption":"W5YH66-WCWA0-SB_PURE-WHITE_PE26"},{"@type":"BreadcrumbList","@id":"https:\/\/www.secondastrada.com\/it\/camicia-guess-bianco-6\/#breadcrumb","itemListElement":[{"@type":"ListItem","position":1,"name":"Home","item":"https:\/\/www.secondastrada.com\/it\/"},{"@type":"ListItem","position":2,"name":"Shop","item":"https:\/\/www.secondastrada.com\/it\/shop\/"},{"@type":"ListItem","position":3,"name":"Donna","item":"https:\/\/www.secondastrada.com\/it\/collezione-donna\/"},{"@type":"ListItem","position":4,"name":"Abbigliamento","item":"https:\/\/www.secondastrada.com\/it\/collezione-donna\/abbigliamento-donna\/"},{"@type":"ListItem","position":5,"name":"Camicie e Bluse","item":"https:\/\/www.secondastrada.com\/it\/collezione-donna\/abbigliamento-donna\/camicie-e-bluse-da-donna\/"},{"@type":"ListItem","position":6,"name":"Camicia Guess Bianco"}]},{"@type":"WebSite","@id":"https:\/\/www.secondastrada.com\/it\/#website","url":"https:\/\/www.secondastrada.com\/it\/","name":"Seconda Strada","description":"","publisher":{"@id":"https:\/\/www.secondastrada.com\/it\/#organization"},"potentialAction":[{"@type":"SearchAction","target":{"@type":"EntryPoint","urlTemplate":"https:\/\/www.secondastrada.com\/it\/?s={search_term_string}"},"query-input":"required name=search_term_string"}],"inLanguage":"it-IT"},{"@type":"Organization","@id":"https:\/\/www.secondastrada.com\/it\/#organization","name":"Seconda Strada","url":"https:\/\/www.secondastrada.com\/it\/","logo":{"@type":"ImageObject","inLanguage":"it-IT","@id":"https:\/\/www.secondastrada.com\/it\/#\/schema\/logo\/image\/","url":"https:\/\/www.secondastrada.com\/wp-content\/uploads\/2023\/11\/secondastrada-logo.svg","contentUrl":"https:\/\/www.secondastrada.com\/wp-content\/uploads\/2023\/11\/secondastrada-logo.svg","width":353,"height":47,"caption":"Seconda Strada"},"image":{"@id":"https:\/\/www.secondastrada.com\/it\/#\/schema\/logo\/image\/"}}]}},"df_price":84,"df_sale_price":"","df_regular_price":84,"df_image_link":"https:\/\/www.secondastrada.com\/wp-content\/uploads\/2026\/02\/W5YH66-WCWA0-SB_PURE-WHITE_PE26_1-300x300.jpg","_links":{"self":[{"href":"https:\/\/www.secondastrada.com\/it\/wp-json\/wp\/v2\/product\/338807"}],"collection":[{"href":"https:\/\/www.secondastrada.com\/it\/wp-json\/wp\/v2\/product"}],"about":[{"href":"https:\/\/www.secondastrada.com\/it\/wp-json\/wp\/v2\/types\/product"}],"wp:featuredmedia":[{"embeddable":true,"href":"https:\/\/www.secondastrada.com\/it\/wp-json\/wp\/v2\/media\/338801"}],"wp:attachment":[{"href":"https:\/\/www.secondastrada.com\/it\/wp-json\/wp\/v2\/media?parent=338807"}],"wp:term":[{"taxonomy":"ss_brand","embeddable":true,"href":"https:\/\/www.secondastrada.com\/it\/wp-json\/wp\/v2\/ss_brand?post=338807"},{"taxonomy":"ss_promo","embeddable":true,"href":"https:\/\/www.secondastrada.com\/it\/wp-json\/wp\/v2\/ss_promo?post=338807"},{"taxonomy":"ss_season","embeddable":true,"href":"https:\/\/www.secondastrada.com\/it\/wp-json\/wp\/v2\/ss_season?post=338807"},{"taxonomy":"product_cat","embeddable":true,"href":"https:\/\/www.secondastrada.com\/it\/wp-json\/wp\/v2\/product_cat?post=338807"},{"taxonomy":"product_tag","embeddable":true,"href":"https:\/\/www.secondastrada.com\/it\/wp-json\/wp\/v2\/product_tag?post=338807"}],"curies":[{"name":"wp","href":"https:\/\/api.w.org\/{rel}","templated":true}]}}