{"id":338879,"date":"2026-02-26T12:32:51","date_gmt":"2026-02-26T11:32:51","guid":{"rendered":"https:\/\/www.secondastrada.com\/it\/giacca-guess-beige-2\/"},"modified":"2026-04-10T10:19:44","modified_gmt":"2026-04-10T08:19:44","slug":"giacca-guess-beige-2","status":"publish","type":"product","link":"https:\/\/www.secondastrada.com\/it\/giacca-guess-beige-2\/","title":{"rendered":"Giacca Guess Beige"},"content":{"rendered":"<p><b>Giacca GUESS Beige da uomo <\/b><br \/>\nVersatile, moderna e pensata per accompagnarti ogni giorno con stile: la Giacca GUESS Beige \u00e8 il capo ideale per completare i tuoi look della bella stagione. Realizzata in 82% poliamide e 18% elastane, unisce leggerezza, resistenza ed elasticit\u00e0, offrendo comfort e libert\u00e0 di movimento. \u00c8 una Giacca da uomo adatta alla stagione primavera estate, perfetta per affrontare le giornate miti con uno strato pratico ma ricercato.<br \/>Il design \u00e8 funzionale e contemporaneo: la Giacca con tasche, zip e bottoni combina dettagli utili a un\u2019estetica pulita e dinamica. Le tasche aggiungono praticit\u00e0, mentre la chiusura con zip e bottoni dona carattere e struttura al capo. La vestibilit\u00e0 \u00e8 regolare: il modello \u00e8 alto 187 cm e indossa la taglia L, un riferimento utile per orientarti nella scelta della taglia.<br \/>Puoi indossarla nel tempo libero, di giorno con outfit casual oppure di sera per un\u2019uscita informale in citt\u00e0. Si abbina facilmente a jeans e sneakers per un look rilassato e contemporaneo, oppure a pantaloni chino e una T-shirt essenziale per uno stile pi\u00f9 curato ma sempre disinvolto. Il colore beige, neutro e raffinato, la rende estremamente facile da coordinare con il tuo guardaroba.<br \/>Scegli un capo firmato che unisce qualit\u00e0, comfort e identit\u00e0 fashion, pensato per accompagnarti stagione dopo stagione.<br \/>Tutti i prodotti su SecondaStrada.com sono originali. Codice articolo: M4YL05 WG9O2 SB.<\/p>\n","protected":false},"excerpt":{"rendered":"<p>Giacca GUESS Beige da uomo Versatile, moderna e pensata per accompagnarti ogni giorno con stile: la Giacca GUESS Beige \u00e8 il capo ideale per completare i tuoi look della bella stagione. Realizzata in 82% poliamide e 18% elastane, unisce leggerezza, resistenza ed elasticit\u00e0, offrendo comfort e libert\u00e0 di movimento. \u00c8 una Giacca da uomo adatta&#8230;<\/p>\n","protected":false},"featured_media":339774,"template":"","meta":{"inline_featured_image":false},"ss_brand":[1287],"ss_promo":[],"ss_season":[2531],"product_cat":[1332,1836,1714],"product_tag":[1993],"class_list":{"0":"post-338879","1":"product","2":"type-product","3":"status-publish","4":"has-post-thumbnail","6":"ss_brand-guess-uomo","7":"ss_season-pe26","8":"product_cat-abbigliamento-uomo","9":"product_cat-giacche-da-uomo","10":"product_cat-collezione-uomo","11":"product_tag-nuovi-arrivi-uomo","13":"first","14":"instock","15":"sale","16":"shipping-taxable","17":"purchasable","18":"product-type-variable","19":"has-default-attributes"},"acf":{"ss_brand":[{"term_id":1287,"name":"GUESS","slug":"guess-uomo","term_group":0,"term_taxonomy_id":1287,"taxonomy":"ss_brand","description":"<strong>Abbigliamento uomo Guess scontato: osa di pi\u00f9!<\/strong> Mixare raffinatezza francese e spirito californiano in uno <strong>stile originale<\/strong>? Si pu\u00f2 con <strong>Guess<\/strong>! Il brand infatti ha origine negli Stati Uniti dall'idea di due fratelli francesi. Guess crea collezioni di <strong>abbigliamento e accessori per uomo<\/strong> che non passano mai di moda: anche i capi pi\u00f9 classici hanno uno stile inedito! Scopri sul nostro store online la collezione di abbigliamento e accessori da uomo pi\u00f9 glamour che c\u2019\u00e8 a <strong>prezzi imbattibili<\/strong>!","parent":1268,"count":233,"filter":"raw"}],"ss_promo":false,"ss_season":[{"term_id":2531,"name":"PE26","slug":"pe26","term_group":0,"term_taxonomy_id":2531,"taxonomy":"ss_season","description":"","parent":0,"count":1387,"filter":"raw"}],"ss_old_price":"160,00","ss_omnibus_price":"0,00","ss_style_advice":"<p><b>Giacca GUESS Beige da uomo <\/b><br \/>\nVersatile, moderna e pensata per accompagnarti ogni giorno con stile: la Giacca GUESS Beige \u00e8 il capo ideale per completare i tuoi look della bella stagione. Realizzata in 82% poliamide e 18% elastane, unisce leggerezza, resistenza ed elasticit\u00e0, offrendo comfort e libert\u00e0 di movimento. \u00c8 una Giacca da uomo adatta alla stagione primavera estate, perfetta per affrontare le giornate miti con uno strato pratico ma ricercato.<br \/>Il design \u00e8 funzionale e contemporaneo: la Giacca con tasche, zip e bottoni combina dettagli utili a un\u2019estetica pulita e dinamica. Le tasche aggiungono praticit\u00e0, mentre la chiusura con zip e bottoni dona carattere e struttura al capo. La vestibilit\u00e0 \u00e8 regolare: il modello \u00e8 alto 187 cm e indossa la taglia L, un riferimento utile per orientarti nella scelta della taglia.<br \/>Puoi indossarla nel tempo libero, di giorno con outfit casual oppure di sera per un\u2019uscita informale in citt\u00e0. Si abbina facilmente a jeans e sneakers per un look rilassato e contemporaneo, oppure a pantaloni chino e una T-shirt essenziale per uno stile pi\u00f9 curato ma sempre disinvolto. Il colore beige, neutro e raffinato, la rende estremamente facile da coordinare con il tuo guardaroba.<br \/>Scegli un capo firmato che unisce qualit\u00e0, comfort e identit\u00e0 fashion, pensato per accompagnarti stagione dopo stagione.<br \/>Tutti i prodotti su SecondaStrada.com sono originali. Codice articolo: M4YL05 WG9O2 SB.<\/p>\n","ss_composition":"<p>82% poliamide 18% elastane<\/p>\n","ss_fit":"<p>Il modello \u00e8 alto 187 cm e veste la taglia L. La vestibilit\u00e0 del capo \u00e8 regolare.<\/p>\n"},"yoast_head":"<!-- This site is optimized with the Yoast SEO plugin v22.3 - https:\/\/yoast.com\/wordpress\/plugins\/seo\/ -->\n<title>Giacca Guess Beige - Acquista online! - Seconda Strada<\/title>\n<meta name=\"description\" content=\"Giacca Guess Beige \u27a4 Acquista online su Secondastrada.com Giacca Guess Beige \u2714\ufe0f Spedizione veloce entro 24h in tutta Italia \u2714\ufe0f Sconto sul tuo primo acquisto\" \/>\n<meta name=\"robots\" content=\"index, follow, max-snippet:-1, max-image-preview:large, max-video-preview:-1\" \/>\n<link rel=\"canonical\" href=\"https:\/\/www.secondastrada.com\/it\/giacca-guess-beige-2\/\" \/>\n<meta property=\"og:locale\" content=\"it_IT\" \/>\n<meta property=\"og:type\" content=\"article\" \/>\n<meta property=\"og:title\" content=\"Giacca Guess Beige - Acquista online! - Seconda Strada\" \/>\n<meta property=\"og:description\" content=\"Giacca Guess Beige \u27a4 Acquista online su Secondastrada.com Giacca Guess Beige \u2714\ufe0f Spedizione veloce entro 24h in tutta Italia \u2714\ufe0f Sconto sul tuo primo acquisto\" \/>\n<meta property=\"og:url\" content=\"https:\/\/www.secondastrada.com\/it\/giacca-guess-beige-2\/\" \/>\n<meta property=\"og:site_name\" content=\"Seconda Strada\" \/>\n<meta property=\"article:modified_time\" content=\"2026-04-10T08:19:44+00:00\" \/>\n<meta property=\"og:image\" content=\"https:\/\/www.secondastrada.com\/wp-content\/uploads\/2026\/02\/M4YL05-WG9O2-SB_TRADITIONAL-KHAKI_PE26_1.jpg\" \/>\n\t<meta property=\"og:image:width\" content=\"1000\" \/>\n\t<meta property=\"og:image:height\" content=\"1300\" \/>\n\t<meta property=\"og:image:type\" content=\"image\/jpeg\" \/>\n<meta name=\"twitter:card\" content=\"summary_large_image\" \/>\n<meta name=\"twitter:label1\" content=\"Tempo di lettura stimato\" \/>\n\t<meta name=\"twitter:data1\" content=\"1 minuto\" \/>\n<!-- \/ Yoast SEO plugin. -->","yoast_head_json":{"title":"Giacca Guess Beige - Acquista online! - Seconda Strada","description":"Giacca Guess Beige \u27a4 Acquista online su Secondastrada.com Giacca Guess Beige \u2714\ufe0f Spedizione veloce entro 24h in tutta Italia \u2714\ufe0f Sconto sul tuo primo acquisto","robots":{"index":"index","follow":"follow","max-snippet":"max-snippet:-1","max-image-preview":"max-image-preview:large","max-video-preview":"max-video-preview:-1"},"canonical":"https:\/\/www.secondastrada.com\/it\/giacca-guess-beige-2\/","og_locale":"it_IT","og_type":"article","og_title":"Giacca Guess Beige - Acquista online! - Seconda Strada","og_description":"Giacca Guess Beige \u27a4 Acquista online su Secondastrada.com Giacca Guess Beige \u2714\ufe0f Spedizione veloce entro 24h in tutta Italia \u2714\ufe0f Sconto sul tuo primo acquisto","og_url":"https:\/\/www.secondastrada.com\/it\/giacca-guess-beige-2\/","og_site_name":"Seconda Strada","article_modified_time":"2026-04-10T08:19:44+00:00","og_image":[{"width":1000,"height":1300,"url":"https:\/\/www.secondastrada.com\/wp-content\/uploads\/2026\/02\/M4YL05-WG9O2-SB_TRADITIONAL-KHAKI_PE26_1.jpg","type":"image\/jpeg"}],"twitter_card":"summary_large_image","twitter_misc":{"Tempo di lettura stimato":"1 minuto"},"schema":{"@context":"https:\/\/schema.org","@graph":[{"@type":"WebPage","@id":"https:\/\/www.secondastrada.com\/it\/giacca-guess-beige-2\/","url":"https:\/\/www.secondastrada.com\/it\/giacca-guess-beige-2\/","name":"Giacca Guess Beige - Acquista online! - Seconda Strada","isPartOf":{"@id":"https:\/\/www.secondastrada.com\/it\/#website"},"primaryImageOfPage":{"@id":"https:\/\/www.secondastrada.com\/it\/giacca-guess-beige-2\/#primaryimage"},"image":{"@id":"https:\/\/www.secondastrada.com\/it\/giacca-guess-beige-2\/#primaryimage"},"thumbnailUrl":"https:\/\/www.secondastrada.com\/wp-content\/uploads\/2026\/02\/M4YL05-WG9O2-SB_TRADITIONAL-KHAKI_PE26_1.jpg","datePublished":"2026-02-26T11:32:51+00:00","dateModified":"2026-04-10T08:19:44+00:00","description":"Giacca Guess Beige \u27a4 Acquista online su Secondastrada.com Giacca Guess Beige \u2714\ufe0f Spedizione veloce entro 24h in tutta Italia \u2714\ufe0f Sconto sul tuo primo acquisto","breadcrumb":{"@id":"https:\/\/www.secondastrada.com\/it\/giacca-guess-beige-2\/#breadcrumb"},"inLanguage":"it-IT","potentialAction":[{"@type":"ReadAction","target":["https:\/\/www.secondastrada.com\/it\/giacca-guess-beige-2\/"]}]},{"@type":"ImageObject","inLanguage":"it-IT","@id":"https:\/\/www.secondastrada.com\/it\/giacca-guess-beige-2\/#primaryimage","url":"https:\/\/www.secondastrada.com\/wp-content\/uploads\/2026\/02\/M4YL05-WG9O2-SB_TRADITIONAL-KHAKI_PE26_1.jpg","contentUrl":"https:\/\/www.secondastrada.com\/wp-content\/uploads\/2026\/02\/M4YL05-WG9O2-SB_TRADITIONAL-KHAKI_PE26_1.jpg","width":1000,"height":1300,"caption":"M4YL05-WG9O2-SB_TRADITIONAL-KHAKI_PE26"},{"@type":"BreadcrumbList","@id":"https:\/\/www.secondastrada.com\/it\/giacca-guess-beige-2\/#breadcrumb","itemListElement":[{"@type":"ListItem","position":1,"name":"Home","item":"https:\/\/www.secondastrada.com\/it\/"},{"@type":"ListItem","position":2,"name":"Shop","item":"https:\/\/www.secondastrada.com\/it\/shop\/"},{"@type":"ListItem","position":3,"name":"Uomo","item":"https:\/\/www.secondastrada.com\/it\/collezione-uomo\/"},{"@type":"ListItem","position":4,"name":"Abbigliamento","item":"https:\/\/www.secondastrada.com\/it\/collezione-uomo\/abbigliamento-uomo\/"},{"@type":"ListItem","position":5,"name":"Giacche","item":"https:\/\/www.secondastrada.com\/it\/collezione-uomo\/abbigliamento-uomo\/giacche-da-uomo\/"},{"@type":"ListItem","position":6,"name":"Giacca Guess Beige"}]},{"@type":"WebSite","@id":"https:\/\/www.secondastrada.com\/it\/#website","url":"https:\/\/www.secondastrada.com\/it\/","name":"Seconda Strada","description":"","publisher":{"@id":"https:\/\/www.secondastrada.com\/it\/#organization"},"potentialAction":[{"@type":"SearchAction","target":{"@type":"EntryPoint","urlTemplate":"https:\/\/www.secondastrada.com\/it\/?s={search_term_string}"},"query-input":"required name=search_term_string"}],"inLanguage":"it-IT"},{"@type":"Organization","@id":"https:\/\/www.secondastrada.com\/it\/#organization","name":"Seconda Strada","url":"https:\/\/www.secondastrada.com\/it\/","logo":{"@type":"ImageObject","inLanguage":"it-IT","@id":"https:\/\/www.secondastrada.com\/it\/#\/schema\/logo\/image\/","url":"https:\/\/www.secondastrada.com\/wp-content\/uploads\/2023\/11\/secondastrada-logo.svg","contentUrl":"https:\/\/www.secondastrada.com\/wp-content\/uploads\/2023\/11\/secondastrada-logo.svg","width":353,"height":47,"caption":"Seconda Strada"},"image":{"@id":"https:\/\/www.secondastrada.com\/it\/#\/schema\/logo\/image\/"}}]}},"df_price":96,"df_sale_price":"","df_regular_price":96,"df_image_link":"https:\/\/www.secondastrada.com\/wp-content\/uploads\/2026\/02\/M4YL05-WG9O2-SB_TRADITIONAL-KHAKI_PE26_1-300x300.jpg","_links":{"self":[{"href":"https:\/\/www.secondastrada.com\/it\/wp-json\/wp\/v2\/product\/338879"}],"collection":[{"href":"https:\/\/www.secondastrada.com\/it\/wp-json\/wp\/v2\/product"}],"about":[{"href":"https:\/\/www.secondastrada.com\/it\/wp-json\/wp\/v2\/types\/product"}],"wp:featuredmedia":[{"embeddable":true,"href":"https:\/\/www.secondastrada.com\/it\/wp-json\/wp\/v2\/media\/339774"}],"wp:attachment":[{"href":"https:\/\/www.secondastrada.com\/it\/wp-json\/wp\/v2\/media?parent=338879"}],"wp:term":[{"taxonomy":"ss_brand","embeddable":true,"href":"https:\/\/www.secondastrada.com\/it\/wp-json\/wp\/v2\/ss_brand?post=338879"},{"taxonomy":"ss_promo","embeddable":true,"href":"https:\/\/www.secondastrada.com\/it\/wp-json\/wp\/v2\/ss_promo?post=338879"},{"taxonomy":"ss_season","embeddable":true,"href":"https:\/\/www.secondastrada.com\/it\/wp-json\/wp\/v2\/ss_season?post=338879"},{"taxonomy":"product_cat","embeddable":true,"href":"https:\/\/www.secondastrada.com\/it\/wp-json\/wp\/v2\/product_cat?post=338879"},{"taxonomy":"product_tag","embeddable":true,"href":"https:\/\/www.secondastrada.com\/it\/wp-json\/wp\/v2\/product_tag?post=338879"}],"curies":[{"name":"wp","href":"https:\/\/api.w.org\/{rel}","templated":true}]}}