{"id":338890,"date":"2026-02-26T12:32:46","date_gmt":"2026-02-26T11:32:46","guid":{"rendered":"https:\/\/www.secondastrada.com\/it\/jeans-guess-blu-4\/"},"modified":"2026-04-14T09:41:58","modified_gmt":"2026-04-14T07:41:58","slug":"jeans-guess-blu-4","status":"publish","type":"product","link":"https:\/\/www.secondastrada.com\/it\/jeans-guess-blu-4\/","title":{"rendered":"Jeans Guess Blu"},"content":{"rendered":"<p><b>Jeans GUESS Blu da uomo <\/b><br \/>\nIconici, versatili e sempre attuali: i Jeans GUESS Blu sono il capo essenziale su cui puoi contare ogni giorno. Realizzati in 81% cotone, 15% lyocell e 3% elastane, uniscono struttura e morbidezza a una piacevole elasticit\u00e0, garantendo comfort e libert\u00e0 di movimento. Sono Jeans da uomo adatti alla stagione primavera estate, perfetti per accompagnarti con leggerezza nelle giornate pi\u00f9 dinamiche.<br \/>Il design presenta tasche, bottone e zip, dettagli funzionali che definiscono uno stile intramontabile. La vestibilit\u00e0 \u00e8 regolare: il modello \u00e8 alto 187 cm e indossa la taglia 33 US, corrispondente alla 46\/48 italiana, un riferimento utile per orientarti nella scelta della misura ideale.<br \/>Puoi indossarli nel tempo libero, per un\u2019uscita informale o in occasioni casual dove desideri sentirti a tuo agio senza rinunciare allo stile. Si abbinano facilmente a una felpa e sneakers per un look rilassato e contemporaneo, oppure a una T-shirt e giacca leggera per un outfit pi\u00f9 curato ma sempre disinvolto. Il colore blu li rende estremamente versatili e facili da coordinare con il resto del guardaroba.<br \/>Scegli un denim firmato che combina qualit\u00e0, comfort e personalit\u00e0, pensato per durare stagione dopo stagione.<br \/>Tutti i prodotti su SecondaStrada.com sono originali. Codice articolo: M5BA31 D0612 SB.<\/p>\n","protected":false},"excerpt":{"rendered":"<p>Jeans GUESS Blu da uomo Iconici, versatili e sempre attuali: i Jeans GUESS Blu sono il capo essenziale su cui puoi contare ogni giorno. Realizzati in 81% cotone, 15% lyocell e 3% elastane, uniscono struttura e morbidezza a una piacevole elasticit\u00e0, garantendo comfort e libert\u00e0 di movimento. Sono Jeans da uomo adatti alla stagione primavera&#8230;<\/p>\n","protected":false},"featured_media":339792,"template":"","meta":{"inline_featured_image":false},"ss_brand":[1287],"ss_promo":[],"ss_season":[2531],"product_cat":[1332,1844,1714],"product_tag":[2410,2408,2409,1993],"class_list":{"0":"post-338890","1":"product","2":"type-product","3":"status-publish","4":"has-post-thumbnail","6":"ss_brand-guess-uomo","7":"ss_season-pe26","8":"product_cat-abbigliamento-uomo","9":"product_cat-jeans-da-uomo","10":"product_cat-collezione-uomo","11":"product_tag-look-da-discoteca-uomo","12":"product_tag-look-da-festa-uomo","13":"product_tag-look-da-sabato-sera-uomo","14":"product_tag-nuovi-arrivi-uomo","16":"first","17":"instock","18":"sale","19":"shipping-taxable","20":"purchasable","21":"product-type-variable","22":"has-default-attributes"},"acf":{"ss_brand":[{"term_id":1287,"name":"GUESS","slug":"guess-uomo","term_group":0,"term_taxonomy_id":1287,"taxonomy":"ss_brand","description":"<strong>Abbigliamento uomo Guess scontato: osa di pi\u00f9!<\/strong> Mixare raffinatezza francese e spirito californiano in uno <strong>stile originale<\/strong>? Si pu\u00f2 con <strong>Guess<\/strong>! Il brand infatti ha origine negli Stati Uniti dall'idea di due fratelli francesi. Guess crea collezioni di <strong>abbigliamento e accessori per uomo<\/strong> che non passano mai di moda: anche i capi pi\u00f9 classici hanno uno stile inedito! Scopri sul nostro store online la collezione di abbigliamento e accessori da uomo pi\u00f9 glamour che c\u2019\u00e8 a <strong>prezzi imbattibili<\/strong>!","parent":1268,"count":233,"filter":"raw"}],"ss_promo":false,"ss_season":[{"term_id":2531,"name":"PE26","slug":"pe26","term_group":0,"term_taxonomy_id":2531,"taxonomy":"ss_season","description":"","parent":0,"count":1294,"filter":"raw"}],"ss_old_price":"120,00","ss_omnibus_price":"0,00","ss_style_advice":"<p><b>Jeans GUESS Blu da uomo <\/b><br \/>\nIconici, versatili e sempre attuali: i Jeans GUESS Blu sono il capo essenziale su cui puoi contare ogni giorno. Realizzati in 81% cotone, 15% lyocell e 3% elastane, uniscono struttura e morbidezza a una piacevole elasticit\u00e0, garantendo comfort e libert\u00e0 di movimento. Sono Jeans da uomo adatti alla stagione primavera estate, perfetti per accompagnarti con leggerezza nelle giornate pi\u00f9 dinamiche.<br \/>Il design presenta tasche, bottone e zip, dettagli funzionali che definiscono uno stile intramontabile. La vestibilit\u00e0 \u00e8 regolare: il modello \u00e8 alto 187 cm e indossa la taglia 33 US, corrispondente alla 46\/48 italiana, un riferimento utile per orientarti nella scelta della misura ideale.<br \/>Puoi indossarli nel tempo libero, per un\u2019uscita informale o in occasioni casual dove desideri sentirti a tuo agio senza rinunciare allo stile. Si abbinano facilmente a una felpa e sneakers per un look rilassato e contemporaneo, oppure a una T-shirt e giacca leggera per un outfit pi\u00f9 curato ma sempre disinvolto. Il colore blu li rende estremamente versatili e facili da coordinare con il resto del guardaroba.<br \/>Scegli un denim firmato che combina qualit\u00e0, comfort e personalit\u00e0, pensato per durare stagione dopo stagione.<br \/>Tutti i prodotti su SecondaStrada.com sono originali. Codice articolo: M5BA31 D0612 SB.<\/p>\n","ss_composition":"<p>81% cotone 15% lyocell 3% elastane<\/p>\n","ss_fit":"<p>Il modello \u00e8 alto 187 cm e veste la taglia 33 US corrispondente alla taglia 46\/48 italiana. La vestibilit\u00e0 del capo \u00e8 regolare.<\/p>\n"},"yoast_head":"<!-- This site is optimized with the Yoast SEO plugin v22.3 - https:\/\/yoast.com\/wordpress\/plugins\/seo\/ -->\n<title>Jeans Guess Blu - Acquista online! - Seconda Strada<\/title>\n<meta name=\"description\" content=\"Jeans Guess Blu \u27a4 Acquista online su Secondastrada.com Jeans Guess Blu \u2714\ufe0f Spedizione veloce entro 24h in tutta Italia \u2714\ufe0f Sconto sul tuo primo acquisto\" \/>\n<meta name=\"robots\" content=\"index, follow, max-snippet:-1, max-image-preview:large, max-video-preview:-1\" \/>\n<link rel=\"canonical\" href=\"https:\/\/www.secondastrada.com\/it\/jeans-guess-blu-4\/\" \/>\n<meta property=\"og:locale\" content=\"it_IT\" \/>\n<meta property=\"og:type\" content=\"article\" \/>\n<meta property=\"og:title\" content=\"Jeans Guess Blu - Acquista online! - Seconda Strada\" \/>\n<meta property=\"og:description\" content=\"Jeans Guess Blu \u27a4 Acquista online su Secondastrada.com Jeans Guess Blu \u2714\ufe0f Spedizione veloce entro 24h in tutta Italia \u2714\ufe0f Sconto sul tuo primo acquisto\" \/>\n<meta property=\"og:url\" content=\"https:\/\/www.secondastrada.com\/it\/jeans-guess-blu-4\/\" \/>\n<meta property=\"og:site_name\" content=\"Seconda Strada\" \/>\n<meta property=\"article:modified_time\" content=\"2026-04-14T07:41:58+00:00\" \/>\n<meta property=\"og:image\" content=\"https:\/\/www.secondastrada.com\/wp-content\/uploads\/2026\/02\/M5BA31-D0612-SB_MOUNT_PE26_1.jpg\" \/>\n\t<meta property=\"og:image:width\" content=\"1000\" \/>\n\t<meta property=\"og:image:height\" content=\"1300\" \/>\n\t<meta property=\"og:image:type\" content=\"image\/jpeg\" \/>\n<meta name=\"twitter:card\" content=\"summary_large_image\" \/>\n<meta name=\"twitter:label1\" content=\"Tempo di lettura stimato\" \/>\n\t<meta name=\"twitter:data1\" content=\"1 minuto\" \/>\n<!-- \/ Yoast SEO plugin. -->","yoast_head_json":{"title":"Jeans Guess Blu - Acquista online! - Seconda Strada","description":"Jeans Guess Blu \u27a4 Acquista online su Secondastrada.com Jeans Guess Blu \u2714\ufe0f Spedizione veloce entro 24h in tutta Italia \u2714\ufe0f Sconto sul tuo primo acquisto","robots":{"index":"index","follow":"follow","max-snippet":"max-snippet:-1","max-image-preview":"max-image-preview:large","max-video-preview":"max-video-preview:-1"},"canonical":"https:\/\/www.secondastrada.com\/it\/jeans-guess-blu-4\/","og_locale":"it_IT","og_type":"article","og_title":"Jeans Guess Blu - Acquista online! - Seconda Strada","og_description":"Jeans Guess Blu \u27a4 Acquista online su Secondastrada.com Jeans Guess Blu \u2714\ufe0f Spedizione veloce entro 24h in tutta Italia \u2714\ufe0f Sconto sul tuo primo acquisto","og_url":"https:\/\/www.secondastrada.com\/it\/jeans-guess-blu-4\/","og_site_name":"Seconda Strada","article_modified_time":"2026-04-14T07:41:58+00:00","og_image":[{"width":1000,"height":1300,"url":"https:\/\/www.secondastrada.com\/wp-content\/uploads\/2026\/02\/M5BA31-D0612-SB_MOUNT_PE26_1.jpg","type":"image\/jpeg"}],"twitter_card":"summary_large_image","twitter_misc":{"Tempo di lettura stimato":"1 minuto"},"schema":{"@context":"https:\/\/schema.org","@graph":[{"@type":"WebPage","@id":"https:\/\/www.secondastrada.com\/it\/jeans-guess-blu-4\/","url":"https:\/\/www.secondastrada.com\/it\/jeans-guess-blu-4\/","name":"Jeans Guess Blu - Acquista online! - Seconda Strada","isPartOf":{"@id":"https:\/\/www.secondastrada.com\/it\/#website"},"primaryImageOfPage":{"@id":"https:\/\/www.secondastrada.com\/it\/jeans-guess-blu-4\/#primaryimage"},"image":{"@id":"https:\/\/www.secondastrada.com\/it\/jeans-guess-blu-4\/#primaryimage"},"thumbnailUrl":"https:\/\/www.secondastrada.com\/wp-content\/uploads\/2026\/02\/M5BA31-D0612-SB_MOUNT_PE26_1.jpg","datePublished":"2026-02-26T11:32:46+00:00","dateModified":"2026-04-14T07:41:58+00:00","description":"Jeans Guess Blu \u27a4 Acquista online su Secondastrada.com Jeans Guess Blu \u2714\ufe0f Spedizione veloce entro 24h in tutta Italia \u2714\ufe0f Sconto sul tuo primo acquisto","breadcrumb":{"@id":"https:\/\/www.secondastrada.com\/it\/jeans-guess-blu-4\/#breadcrumb"},"inLanguage":"it-IT","potentialAction":[{"@type":"ReadAction","target":["https:\/\/www.secondastrada.com\/it\/jeans-guess-blu-4\/"]}]},{"@type":"ImageObject","inLanguage":"it-IT","@id":"https:\/\/www.secondastrada.com\/it\/jeans-guess-blu-4\/#primaryimage","url":"https:\/\/www.secondastrada.com\/wp-content\/uploads\/2026\/02\/M5BA31-D0612-SB_MOUNT_PE26_1.jpg","contentUrl":"https:\/\/www.secondastrada.com\/wp-content\/uploads\/2026\/02\/M5BA31-D0612-SB_MOUNT_PE26_1.jpg","width":1000,"height":1300,"caption":"M5BA31-D0612-SB_MOUNT_PE26"},{"@type":"BreadcrumbList","@id":"https:\/\/www.secondastrada.com\/it\/jeans-guess-blu-4\/#breadcrumb","itemListElement":[{"@type":"ListItem","position":1,"name":"Home","item":"https:\/\/www.secondastrada.com\/it\/"},{"@type":"ListItem","position":2,"name":"Shop","item":"https:\/\/www.secondastrada.com\/it\/shop\/"},{"@type":"ListItem","position":3,"name":"Uomo","item":"https:\/\/www.secondastrada.com\/it\/collezione-uomo\/"},{"@type":"ListItem","position":4,"name":"Abbigliamento","item":"https:\/\/www.secondastrada.com\/it\/collezione-uomo\/abbigliamento-uomo\/"},{"@type":"ListItem","position":5,"name":"Jeans","item":"https:\/\/www.secondastrada.com\/it\/collezione-uomo\/abbigliamento-uomo\/jeans-da-uomo\/"},{"@type":"ListItem","position":6,"name":"Jeans Guess Blu"}]},{"@type":"WebSite","@id":"https:\/\/www.secondastrada.com\/it\/#website","url":"https:\/\/www.secondastrada.com\/it\/","name":"Seconda Strada","description":"","publisher":{"@id":"https:\/\/www.secondastrada.com\/it\/#organization"},"potentialAction":[{"@type":"SearchAction","target":{"@type":"EntryPoint","urlTemplate":"https:\/\/www.secondastrada.com\/it\/?s={search_term_string}"},"query-input":"required name=search_term_string"}],"inLanguage":"it-IT"},{"@type":"Organization","@id":"https:\/\/www.secondastrada.com\/it\/#organization","name":"Seconda Strada","url":"https:\/\/www.secondastrada.com\/it\/","logo":{"@type":"ImageObject","inLanguage":"it-IT","@id":"https:\/\/www.secondastrada.com\/it\/#\/schema\/logo\/image\/","url":"https:\/\/www.secondastrada.com\/wp-content\/uploads\/2023\/11\/secondastrada-logo.svg","contentUrl":"https:\/\/www.secondastrada.com\/wp-content\/uploads\/2023\/11\/secondastrada-logo.svg","width":353,"height":47,"caption":"Seconda Strada"},"image":{"@id":"https:\/\/www.secondastrada.com\/it\/#\/schema\/logo\/image\/"}}]}},"df_price":72,"df_sale_price":"","df_regular_price":72,"df_image_link":"https:\/\/www.secondastrada.com\/wp-content\/uploads\/2026\/02\/M5BA31-D0612-SB_MOUNT_PE26_1-300x300.jpg","_links":{"self":[{"href":"https:\/\/www.secondastrada.com\/it\/wp-json\/wp\/v2\/product\/338890"}],"collection":[{"href":"https:\/\/www.secondastrada.com\/it\/wp-json\/wp\/v2\/product"}],"about":[{"href":"https:\/\/www.secondastrada.com\/it\/wp-json\/wp\/v2\/types\/product"}],"wp:featuredmedia":[{"embeddable":true,"href":"https:\/\/www.secondastrada.com\/it\/wp-json\/wp\/v2\/media\/339792"}],"wp:attachment":[{"href":"https:\/\/www.secondastrada.com\/it\/wp-json\/wp\/v2\/media?parent=338890"}],"wp:term":[{"taxonomy":"ss_brand","embeddable":true,"href":"https:\/\/www.secondastrada.com\/it\/wp-json\/wp\/v2\/ss_brand?post=338890"},{"taxonomy":"ss_promo","embeddable":true,"href":"https:\/\/www.secondastrada.com\/it\/wp-json\/wp\/v2\/ss_promo?post=338890"},{"taxonomy":"ss_season","embeddable":true,"href":"https:\/\/www.secondastrada.com\/it\/wp-json\/wp\/v2\/ss_season?post=338890"},{"taxonomy":"product_cat","embeddable":true,"href":"https:\/\/www.secondastrada.com\/it\/wp-json\/wp\/v2\/product_cat?post=338890"},{"taxonomy":"product_tag","embeddable":true,"href":"https:\/\/www.secondastrada.com\/it\/wp-json\/wp\/v2\/product_tag?post=338890"}],"curies":[{"name":"wp","href":"https:\/\/api.w.org\/{rel}","templated":true}]}}