{"id":339018,"date":"2026-02-26T16:14:13","date_gmt":"2026-02-26T15:14:13","guid":{"rendered":"https:\/\/www.secondastrada.com\/it\/felpa-guess-grigia\/"},"modified":"2026-04-10T10:21:19","modified_gmt":"2026-04-10T08:21:19","slug":"felpa-guess-grigia","status":"publish","type":"product","link":"https:\/\/www.secondastrada.com\/it\/felpa-guess-grigia\/","title":{"rendered":"Felpa Guess Grigia"},"content":{"rendered":"<p><b>Felpa GUESS Grigia da uomo<\/b><br \/>\nLa Felpa GUESS Grigia \u00e8 il capo ideale per affrontare la stagione con uno stile essenziale ma curato. Versatile e contemporanea, si distingue per il suo design pulito e per una tonalit\u00e0 grigia facile da abbinare, perfetta per completare outfit casual e dinamici. Realizzata in 48% acrilico, 27% lana e 25% poliestere, offre una piacevole sensazione di comfort e calore leggero, risultando una Felpa da uomo adatta alla stagione primaverile.<br \/>Il modello presenta girocollo classico e polsini, dettagli che definiscono una linea intramontabile e funzionale. La vestibilit\u00e0 \u00e8 regolare, pensata per garantire comodit\u00e0 senza rinunciare a una silhouette ordinata. Il modello \u00e8 alto 187 cm e indossa la taglia L, un riferimento utile per aiutarti nella scelta della misura pi\u00f9 adatta.<br \/>Puoi indossarla nel tempo libero, di giorno per un look rilassato oppure di sera per un\u2019uscita informale in cui vuoi sentirti a tuo agio ma con stile. Si abbina facilmente a jeans e sneakers per un outfit casual e contemporaneo, oppure a pantaloni chino per un risultato pi\u00f9 curato ma sempre disinvolto. La Felpa GUESS Grigio \u00e8 un capo passe-partout che si integra con naturalezza nel tuo guardaroba.<br \/>Scegli un capo firmato che unisce comfort, qualit\u00e0 e stile senza tempo.<br \/>Tutti i prodotti su SecondaStrada.com sono originali. Codice articolo: M5BQ07 KC380 SB.<\/p>\n","protected":false},"excerpt":{"rendered":"<p>Felpa GUESS Grigia da uomo La Felpa GUESS Grigia \u00e8 il capo ideale per affrontare la stagione con uno stile essenziale ma curato. Versatile e contemporanea, si distingue per il suo design pulito e per una tonalit\u00e0 grigia facile da abbinare, perfetta per completare outfit casual e dinamici. Realizzata in 48% acrilico, 27% lana e&#8230;<\/p>\n","protected":false},"featured_media":339834,"template":"","meta":{"inline_featured_image":false},"ss_brand":[1287],"ss_promo":[],"ss_season":[2531],"product_cat":[1332,1480,1714],"product_tag":[1993],"class_list":{"0":"post-339018","1":"product","2":"type-product","3":"status-publish","4":"has-post-thumbnail","6":"ss_brand-guess-uomo","7":"ss_season-pe26","8":"product_cat-abbigliamento-uomo","9":"product_cat-felpe-da-uomo","10":"product_cat-collezione-uomo","11":"product_tag-nuovi-arrivi-uomo","13":"first","14":"instock","15":"sale","16":"shipping-taxable","17":"purchasable","18":"product-type-variable","19":"has-default-attributes"},"acf":{"ss_brand":[{"term_id":1287,"name":"GUESS","slug":"guess-uomo","term_group":0,"term_taxonomy_id":1287,"taxonomy":"ss_brand","description":"<strong>Abbigliamento uomo Guess scontato: osa di pi\u00f9!<\/strong> Mixare raffinatezza francese e spirito californiano in uno <strong>stile originale<\/strong>? Si pu\u00f2 con <strong>Guess<\/strong>! Il brand infatti ha origine negli Stati Uniti dall'idea di due fratelli francesi. Guess crea collezioni di <strong>abbigliamento e accessori per uomo<\/strong> che non passano mai di moda: anche i capi pi\u00f9 classici hanno uno stile inedito! Scopri sul nostro store online la collezione di abbigliamento e accessori da uomo pi\u00f9 glamour che c\u2019\u00e8 a <strong>prezzi imbattibili<\/strong>!","parent":1268,"count":233,"filter":"raw"}],"ss_promo":false,"ss_season":[{"term_id":2531,"name":"PE26","slug":"pe26","term_group":0,"term_taxonomy_id":2531,"taxonomy":"ss_season","description":"","parent":0,"count":1294,"filter":"raw"}],"ss_old_price":"120,00","ss_omnibus_price":"0,00","ss_style_advice":"<p><b>Felpa GUESS Grigia da uomo<\/b><br \/>\nLa Felpa GUESS Grigia \u00e8 il capo ideale per affrontare la stagione con uno stile essenziale ma curato. Versatile e contemporanea, si distingue per il suo design pulito e per una tonalit\u00e0 grigia facile da abbinare, perfetta per completare outfit casual e dinamici. Realizzata in 48% acrilico, 27% lana e 25% poliestere, offre una piacevole sensazione di comfort e calore leggero, risultando una Felpa da uomo adatta alla stagione primaverile.<br \/>Il modello presenta girocollo classico e polsini, dettagli che definiscono una linea intramontabile e funzionale. La vestibilit\u00e0 \u00e8 regolare, pensata per garantire comodit\u00e0 senza rinunciare a una silhouette ordinata. Il modello \u00e8 alto 187 cm e indossa la taglia L, un riferimento utile per aiutarti nella scelta della misura pi\u00f9 adatta.<br \/>Puoi indossarla nel tempo libero, di giorno per un look rilassato oppure di sera per un\u2019uscita informale in cui vuoi sentirti a tuo agio ma con stile. Si abbina facilmente a jeans e sneakers per un outfit casual e contemporaneo, oppure a pantaloni chino per un risultato pi\u00f9 curato ma sempre disinvolto. La Felpa GUESS Grigio \u00e8 un capo passe-partout che si integra con naturalezza nel tuo guardaroba.<br \/>Scegli un capo firmato che unisce comfort, qualit\u00e0 e stile senza tempo.<br \/>Tutti i prodotti su SecondaStrada.com sono originali. Codice articolo: M5BQ07 KC380 SB.<\/p>\n","ss_composition":"<p>48% acrilico 27% lana 25% poliestere<\/p>\n","ss_fit":"<p>Il modello \u00e8 alto 187 cm e veste la taglia L. La vestibilit\u00e0 del capo \u00e8 regolare.<\/p>\n"},"yoast_head":"<!-- This site is optimized with the Yoast SEO plugin v22.3 - https:\/\/yoast.com\/wordpress\/plugins\/seo\/ -->\n<title>Felpa Guess Grigia - Acquista online! - Seconda Strada<\/title>\n<meta name=\"description\" content=\"Felpa Guess Grigia \u27a4 Acquista online su Secondastrada.com Felpa Guess Grigia \u2714\ufe0f Spedizione veloce entro 24h in tutta Italia \u2714\ufe0f Sconto sul tuo primo acquisto\" \/>\n<meta name=\"robots\" content=\"index, follow, max-snippet:-1, max-image-preview:large, max-video-preview:-1\" \/>\n<link rel=\"canonical\" href=\"https:\/\/www.secondastrada.com\/it\/felpa-guess-grigia\/\" \/>\n<meta property=\"og:locale\" content=\"it_IT\" \/>\n<meta property=\"og:type\" content=\"article\" \/>\n<meta property=\"og:title\" content=\"Felpa Guess Grigia - Acquista online! - Seconda Strada\" \/>\n<meta property=\"og:description\" content=\"Felpa Guess Grigia \u27a4 Acquista online su Secondastrada.com Felpa Guess Grigia \u2714\ufe0f Spedizione veloce entro 24h in tutta Italia \u2714\ufe0f Sconto sul tuo primo acquisto\" \/>\n<meta property=\"og:url\" content=\"https:\/\/www.secondastrada.com\/it\/felpa-guess-grigia\/\" \/>\n<meta property=\"og:site_name\" content=\"Seconda Strada\" \/>\n<meta property=\"article:modified_time\" content=\"2026-04-10T08:21:19+00:00\" \/>\n<meta property=\"og:image\" content=\"https:\/\/www.secondastrada.com\/wp-content\/uploads\/2026\/02\/M5BQ07-KC380-SB_LIGHT-STONE-HEATHER_PE26_1.jpg\" \/>\n\t<meta property=\"og:image:width\" content=\"1000\" \/>\n\t<meta property=\"og:image:height\" content=\"1300\" \/>\n\t<meta property=\"og:image:type\" content=\"image\/jpeg\" \/>\n<meta name=\"twitter:card\" content=\"summary_large_image\" \/>\n<meta name=\"twitter:label1\" content=\"Tempo di lettura stimato\" \/>\n\t<meta name=\"twitter:data1\" content=\"1 minuto\" \/>\n<!-- \/ Yoast SEO plugin. -->","yoast_head_json":{"title":"Felpa Guess Grigia - Acquista online! - Seconda Strada","description":"Felpa Guess Grigia \u27a4 Acquista online su Secondastrada.com Felpa Guess Grigia \u2714\ufe0f Spedizione veloce entro 24h in tutta Italia \u2714\ufe0f Sconto sul tuo primo acquisto","robots":{"index":"index","follow":"follow","max-snippet":"max-snippet:-1","max-image-preview":"max-image-preview:large","max-video-preview":"max-video-preview:-1"},"canonical":"https:\/\/www.secondastrada.com\/it\/felpa-guess-grigia\/","og_locale":"it_IT","og_type":"article","og_title":"Felpa Guess Grigia - Acquista online! - Seconda Strada","og_description":"Felpa Guess Grigia \u27a4 Acquista online su Secondastrada.com Felpa Guess Grigia \u2714\ufe0f Spedizione veloce entro 24h in tutta Italia \u2714\ufe0f Sconto sul tuo primo acquisto","og_url":"https:\/\/www.secondastrada.com\/it\/felpa-guess-grigia\/","og_site_name":"Seconda Strada","article_modified_time":"2026-04-10T08:21:19+00:00","og_image":[{"width":1000,"height":1300,"url":"https:\/\/www.secondastrada.com\/wp-content\/uploads\/2026\/02\/M5BQ07-KC380-SB_LIGHT-STONE-HEATHER_PE26_1.jpg","type":"image\/jpeg"}],"twitter_card":"summary_large_image","twitter_misc":{"Tempo di lettura stimato":"1 minuto"},"schema":{"@context":"https:\/\/schema.org","@graph":[{"@type":"WebPage","@id":"https:\/\/www.secondastrada.com\/it\/felpa-guess-grigia\/","url":"https:\/\/www.secondastrada.com\/it\/felpa-guess-grigia\/","name":"Felpa Guess Grigia - Acquista online! - Seconda Strada","isPartOf":{"@id":"https:\/\/www.secondastrada.com\/it\/#website"},"primaryImageOfPage":{"@id":"https:\/\/www.secondastrada.com\/it\/felpa-guess-grigia\/#primaryimage"},"image":{"@id":"https:\/\/www.secondastrada.com\/it\/felpa-guess-grigia\/#primaryimage"},"thumbnailUrl":"https:\/\/www.secondastrada.com\/wp-content\/uploads\/2026\/02\/M5BQ07-KC380-SB_LIGHT-STONE-HEATHER_PE26_1.jpg","datePublished":"2026-02-26T15:14:13+00:00","dateModified":"2026-04-10T08:21:19+00:00","description":"Felpa Guess Grigia \u27a4 Acquista online su Secondastrada.com Felpa Guess Grigia \u2714\ufe0f Spedizione veloce entro 24h in tutta Italia \u2714\ufe0f Sconto sul tuo primo acquisto","breadcrumb":{"@id":"https:\/\/www.secondastrada.com\/it\/felpa-guess-grigia\/#breadcrumb"},"inLanguage":"it-IT","potentialAction":[{"@type":"ReadAction","target":["https:\/\/www.secondastrada.com\/it\/felpa-guess-grigia\/"]}]},{"@type":"ImageObject","inLanguage":"it-IT","@id":"https:\/\/www.secondastrada.com\/it\/felpa-guess-grigia\/#primaryimage","url":"https:\/\/www.secondastrada.com\/wp-content\/uploads\/2026\/02\/M5BQ07-KC380-SB_LIGHT-STONE-HEATHER_PE26_1.jpg","contentUrl":"https:\/\/www.secondastrada.com\/wp-content\/uploads\/2026\/02\/M5BQ07-KC380-SB_LIGHT-STONE-HEATHER_PE26_1.jpg","width":1000,"height":1300,"caption":"M5BQ07-KC380-SB_LIGHT-STONE-HEATHER_PE26"},{"@type":"BreadcrumbList","@id":"https:\/\/www.secondastrada.com\/it\/felpa-guess-grigia\/#breadcrumb","itemListElement":[{"@type":"ListItem","position":1,"name":"Home","item":"https:\/\/www.secondastrada.com\/it\/"},{"@type":"ListItem","position":2,"name":"Shop","item":"https:\/\/www.secondastrada.com\/it\/shop\/"},{"@type":"ListItem","position":3,"name":"Uomo","item":"https:\/\/www.secondastrada.com\/it\/collezione-uomo\/"},{"@type":"ListItem","position":4,"name":"Abbigliamento","item":"https:\/\/www.secondastrada.com\/it\/collezione-uomo\/abbigliamento-uomo\/"},{"@type":"ListItem","position":5,"name":"Felpe","item":"https:\/\/www.secondastrada.com\/it\/collezione-uomo\/abbigliamento-uomo\/felpe-da-uomo\/"},{"@type":"ListItem","position":6,"name":"Felpa Guess Grigia"}]},{"@type":"WebSite","@id":"https:\/\/www.secondastrada.com\/it\/#website","url":"https:\/\/www.secondastrada.com\/it\/","name":"Seconda Strada","description":"","publisher":{"@id":"https:\/\/www.secondastrada.com\/it\/#organization"},"potentialAction":[{"@type":"SearchAction","target":{"@type":"EntryPoint","urlTemplate":"https:\/\/www.secondastrada.com\/it\/?s={search_term_string}"},"query-input":"required name=search_term_string"}],"inLanguage":"it-IT"},{"@type":"Organization","@id":"https:\/\/www.secondastrada.com\/it\/#organization","name":"Seconda Strada","url":"https:\/\/www.secondastrada.com\/it\/","logo":{"@type":"ImageObject","inLanguage":"it-IT","@id":"https:\/\/www.secondastrada.com\/it\/#\/schema\/logo\/image\/","url":"https:\/\/www.secondastrada.com\/wp-content\/uploads\/2023\/11\/secondastrada-logo.svg","contentUrl":"https:\/\/www.secondastrada.com\/wp-content\/uploads\/2023\/11\/secondastrada-logo.svg","width":353,"height":47,"caption":"Seconda Strada"},"image":{"@id":"https:\/\/www.secondastrada.com\/it\/#\/schema\/logo\/image\/"}}]}},"df_price":72,"df_sale_price":"","df_regular_price":72,"df_image_link":"https:\/\/www.secondastrada.com\/wp-content\/uploads\/2026\/02\/M5BQ07-KC380-SB_LIGHT-STONE-HEATHER_PE26_1-300x300.jpg","_links":{"self":[{"href":"https:\/\/www.secondastrada.com\/it\/wp-json\/wp\/v2\/product\/339018"}],"collection":[{"href":"https:\/\/www.secondastrada.com\/it\/wp-json\/wp\/v2\/product"}],"about":[{"href":"https:\/\/www.secondastrada.com\/it\/wp-json\/wp\/v2\/types\/product"}],"wp:featuredmedia":[{"embeddable":true,"href":"https:\/\/www.secondastrada.com\/it\/wp-json\/wp\/v2\/media\/339834"}],"wp:attachment":[{"href":"https:\/\/www.secondastrada.com\/it\/wp-json\/wp\/v2\/media?parent=339018"}],"wp:term":[{"taxonomy":"ss_brand","embeddable":true,"href":"https:\/\/www.secondastrada.com\/it\/wp-json\/wp\/v2\/ss_brand?post=339018"},{"taxonomy":"ss_promo","embeddable":true,"href":"https:\/\/www.secondastrada.com\/it\/wp-json\/wp\/v2\/ss_promo?post=339018"},{"taxonomy":"ss_season","embeddable":true,"href":"https:\/\/www.secondastrada.com\/it\/wp-json\/wp\/v2\/ss_season?post=339018"},{"taxonomy":"product_cat","embeddable":true,"href":"https:\/\/www.secondastrada.com\/it\/wp-json\/wp\/v2\/product_cat?post=339018"},{"taxonomy":"product_tag","embeddable":true,"href":"https:\/\/www.secondastrada.com\/it\/wp-json\/wp\/v2\/product_tag?post=339018"}],"curies":[{"name":"wp","href":"https:\/\/api.w.org\/{rel}","templated":true}]}}