{"id":339029,"date":"2026-02-26T12:32:29","date_gmt":"2026-02-26T11:32:29","guid":{"rendered":"https:\/\/www.secondastrada.com\/it\/camicia-guess-bianca\/"},"modified":"2026-04-14T12:45:45","modified_gmt":"2026-04-14T10:45:45","slug":"camicia-guess-bianca","status":"publish","type":"product","link":"https:\/\/www.secondastrada.com\/it\/camicia-guess-bianca\/","title":{"rendered":"Camicia Guess Bianca"},"content":{"rendered":"<p><b>Camicia GUESS Bianca da uomo<\/b><br \/>\nEssenziale, fresca e intramontabile: la Camicia GUESS Bianca \u00e8 il capo perfetto per affrontare la bella stagione con eleganza naturale. Realizzata in 100% lino, garantisce leggerezza e traspirabilit\u00e0, qualit\u00e0 fondamentali per una Camicia da uomo adatta alla stagione primavera estate. Il tessuto in lino dona un aspetto raffinato ma rilassato, ideale per creare look curati senza rinunciare al comfort.<br \/>Il design presenta taschino a toppa, bottoni ad asola, dettagli che aggiungono carattere mantenendo una linea pulita e versatile. La vestibilit\u00e0 \u00e8 regolare, pensata per offrire comodit\u00e0 e libert\u00e0 di movimento. Il modello \u00e8 alto 187 cm e indossa la taglia L, un riferimento utile per aiutarti nella scelta della misura pi\u00f9 adatta.<br \/>Puoi indossarla nel tempo libero, di giorno con le maniche leggermente arrotolate per un look casual chic, oppure di sera per un\u2019uscita informale in cui desideri uno stile curato ma disinvolto. Si abbina facilmente a jeans e sneakers per un outfit contemporaneo, oppure a pantaloni chino e mocassini per un risultato pi\u00f9 elegante ma sempre leggero. Il bianco illumina l\u2019insieme e valorizza ogni abbinamento.<br \/>Scegli una Camicia GUESS Bianco capace di accompagnarti stagione dopo stagione con qualit\u00e0 e stile senza tempo.<br \/>Tutti i prodotti su SecondaStrada.com sono originali. Codice articolo: M5GH73 WH3J0 SB.<\/p>\n","protected":false},"excerpt":{"rendered":"<p>Camicia GUESS Bianca da uomo Essenziale, fresca e intramontabile: la Camicia GUESS Bianca \u00e8 il capo perfetto per affrontare la bella stagione con eleganza naturale. Realizzata in 100% lino, garantisce leggerezza e traspirabilit\u00e0, qualit\u00e0 fondamentali per una Camicia da uomo adatta alla stagione primavera estate. Il tessuto in lino dona un aspetto raffinato ma rilassato,&#8230;<\/p>\n","protected":false},"featured_media":339797,"template":"","meta":{"inline_featured_image":false},"ss_brand":[1287],"ss_promo":[],"ss_season":[2531],"product_cat":[1332,1478,1714],"product_tag":[1742,2400,2410,2408,2409,1993],"class_list":{"0":"post-339029","1":"product","2":"type-product","3":"status-publish","4":"has-post-thumbnail","6":"ss_brand-guess-uomo","7":"ss_season-pe26","8":"product_cat-abbigliamento-uomo","9":"product_cat-camicie-da-uomo","10":"product_cat-collezione-uomo","11":"product_tag-camicie-guess-uomo","12":"product_tag-outfit-da-cerimonia-da-uomo","13":"product_tag-look-da-discoteca-uomo","14":"product_tag-look-da-festa-uomo","15":"product_tag-look-da-sabato-sera-uomo","16":"product_tag-nuovi-arrivi-uomo","18":"first","19":"instock","20":"sale","21":"shipping-taxable","22":"purchasable","23":"product-type-variable","24":"has-default-attributes"},"acf":{"ss_brand":[{"term_id":1287,"name":"GUESS","slug":"guess-uomo","term_group":0,"term_taxonomy_id":1287,"taxonomy":"ss_brand","description":"<strong>Abbigliamento uomo Guess scontato: osa di pi\u00f9!<\/strong> Mixare raffinatezza francese e spirito californiano in uno <strong>stile originale<\/strong>? Si pu\u00f2 con <strong>Guess<\/strong>! Il brand infatti ha origine negli Stati Uniti dall'idea di due fratelli francesi. Guess crea collezioni di <strong>abbigliamento e accessori per uomo<\/strong> che non passano mai di moda: anche i capi pi\u00f9 classici hanno uno stile inedito! Scopri sul nostro store online la collezione di abbigliamento e accessori da uomo pi\u00f9 glamour che c\u2019\u00e8 a <strong>prezzi imbattibili<\/strong>!","parent":1268,"count":233,"filter":"raw"}],"ss_promo":false,"ss_season":[{"term_id":2531,"name":"PE26","slug":"pe26","term_group":0,"term_taxonomy_id":2531,"taxonomy":"ss_season","description":"","parent":0,"count":1294,"filter":"raw"}],"ss_old_price":"99,00","ss_omnibus_price":"0,00","ss_style_advice":"<p><b>Camicia GUESS Bianca da uomo<\/b><br \/>\nEssenziale, fresca e intramontabile: la Camicia GUESS Bianca \u00e8 il capo perfetto per affrontare la bella stagione con eleganza naturale. Realizzata in 100% lino, garantisce leggerezza e traspirabilit\u00e0, qualit\u00e0 fondamentali per una Camicia da uomo adatta alla stagione primavera estate. Il tessuto in lino dona un aspetto raffinato ma rilassato, ideale per creare look curati senza rinunciare al comfort.<br \/>Il design presenta taschino a toppa, bottoni ad asola, dettagli che aggiungono carattere mantenendo una linea pulita e versatile. La vestibilit\u00e0 \u00e8 regolare, pensata per offrire comodit\u00e0 e libert\u00e0 di movimento. Il modello \u00e8 alto 187 cm e indossa la taglia L, un riferimento utile per aiutarti nella scelta della misura pi\u00f9 adatta.<br \/>Puoi indossarla nel tempo libero, di giorno con le maniche leggermente arrotolate per un look casual chic, oppure di sera per un\u2019uscita informale in cui desideri uno stile curato ma disinvolto. Si abbina facilmente a jeans e sneakers per un outfit contemporaneo, oppure a pantaloni chino e mocassini per un risultato pi\u00f9 elegante ma sempre leggero. Il bianco illumina l\u2019insieme e valorizza ogni abbinamento.<br \/>Scegli una Camicia GUESS Bianco capace di accompagnarti stagione dopo stagione con qualit\u00e0 e stile senza tempo.<br \/>Tutti i prodotti su SecondaStrada.com sono originali. Codice articolo: M5GH73 WH3J0 SB.<\/p>\n","ss_composition":"<p>100% lino<\/p>\n","ss_fit":"<p>Il modello \u00e8 alto 187 cm e veste la taglia L. La vestibilit\u00e0 del capo \u00e8 regolare.<\/p>\n"},"yoast_head":"<!-- This site is optimized with the Yoast SEO plugin v22.3 - https:\/\/yoast.com\/wordpress\/plugins\/seo\/ -->\n<title>Camicia Guess Bianca - Acquista online! - Seconda Strada<\/title>\n<meta name=\"description\" content=\"Camicia Guess Bianca \u27a4 Acquista online su Secondastrada.com Camicia Guess Bianca \u2714\ufe0f Spedizione veloce entro 24h in tutta Italia \u2714\ufe0f Sconto sul tuo primo acquisto\" \/>\n<meta name=\"robots\" content=\"index, follow, max-snippet:-1, max-image-preview:large, max-video-preview:-1\" \/>\n<link rel=\"canonical\" href=\"https:\/\/www.secondastrada.com\/it\/camicia-guess-bianca\/\" \/>\n<meta property=\"og:locale\" content=\"it_IT\" \/>\n<meta property=\"og:type\" content=\"article\" \/>\n<meta property=\"og:title\" content=\"Camicia Guess Bianca - Acquista online! - Seconda Strada\" \/>\n<meta property=\"og:description\" content=\"Camicia Guess Bianca \u27a4 Acquista online su Secondastrada.com Camicia Guess Bianca \u2714\ufe0f Spedizione veloce entro 24h in tutta Italia \u2714\ufe0f Sconto sul tuo primo acquisto\" \/>\n<meta property=\"og:url\" content=\"https:\/\/www.secondastrada.com\/it\/camicia-guess-bianca\/\" \/>\n<meta property=\"og:site_name\" content=\"Seconda Strada\" \/>\n<meta property=\"article:modified_time\" content=\"2026-04-14T10:45:45+00:00\" \/>\n<meta property=\"og:image\" content=\"https:\/\/www.secondastrada.com\/wp-content\/uploads\/2026\/02\/M5GH73-WH3J0-SB_PURE-WHITE_PE26_1.jpg\" \/>\n\t<meta property=\"og:image:width\" content=\"1000\" \/>\n\t<meta property=\"og:image:height\" content=\"1300\" \/>\n\t<meta property=\"og:image:type\" content=\"image\/jpeg\" \/>\n<meta name=\"twitter:card\" content=\"summary_large_image\" \/>\n<meta name=\"twitter:label1\" content=\"Tempo di lettura stimato\" \/>\n\t<meta name=\"twitter:data1\" content=\"1 minuto\" \/>\n<!-- \/ Yoast SEO plugin. -->","yoast_head_json":{"title":"Camicia Guess Bianca - Acquista online! - Seconda Strada","description":"Camicia Guess Bianca \u27a4 Acquista online su Secondastrada.com Camicia Guess Bianca \u2714\ufe0f Spedizione veloce entro 24h in tutta Italia \u2714\ufe0f Sconto sul tuo primo acquisto","robots":{"index":"index","follow":"follow","max-snippet":"max-snippet:-1","max-image-preview":"max-image-preview:large","max-video-preview":"max-video-preview:-1"},"canonical":"https:\/\/www.secondastrada.com\/it\/camicia-guess-bianca\/","og_locale":"it_IT","og_type":"article","og_title":"Camicia Guess Bianca - Acquista online! - Seconda Strada","og_description":"Camicia Guess Bianca \u27a4 Acquista online su Secondastrada.com Camicia Guess Bianca \u2714\ufe0f Spedizione veloce entro 24h in tutta Italia \u2714\ufe0f Sconto sul tuo primo acquisto","og_url":"https:\/\/www.secondastrada.com\/it\/camicia-guess-bianca\/","og_site_name":"Seconda Strada","article_modified_time":"2026-04-14T10:45:45+00:00","og_image":[{"width":1000,"height":1300,"url":"https:\/\/www.secondastrada.com\/wp-content\/uploads\/2026\/02\/M5GH73-WH3J0-SB_PURE-WHITE_PE26_1.jpg","type":"image\/jpeg"}],"twitter_card":"summary_large_image","twitter_misc":{"Tempo di lettura stimato":"1 minuto"},"schema":{"@context":"https:\/\/schema.org","@graph":[{"@type":"WebPage","@id":"https:\/\/www.secondastrada.com\/it\/camicia-guess-bianca\/","url":"https:\/\/www.secondastrada.com\/it\/camicia-guess-bianca\/","name":"Camicia Guess Bianca - Acquista online! - Seconda Strada","isPartOf":{"@id":"https:\/\/www.secondastrada.com\/it\/#website"},"primaryImageOfPage":{"@id":"https:\/\/www.secondastrada.com\/it\/camicia-guess-bianca\/#primaryimage"},"image":{"@id":"https:\/\/www.secondastrada.com\/it\/camicia-guess-bianca\/#primaryimage"},"thumbnailUrl":"https:\/\/www.secondastrada.com\/wp-content\/uploads\/2026\/02\/M5GH73-WH3J0-SB_PURE-WHITE_PE26_1.jpg","datePublished":"2026-02-26T11:32:29+00:00","dateModified":"2026-04-14T10:45:45+00:00","description":"Camicia Guess Bianca \u27a4 Acquista online su Secondastrada.com Camicia Guess Bianca \u2714\ufe0f Spedizione veloce entro 24h in tutta Italia \u2714\ufe0f Sconto sul tuo primo acquisto","breadcrumb":{"@id":"https:\/\/www.secondastrada.com\/it\/camicia-guess-bianca\/#breadcrumb"},"inLanguage":"it-IT","potentialAction":[{"@type":"ReadAction","target":["https:\/\/www.secondastrada.com\/it\/camicia-guess-bianca\/"]}]},{"@type":"ImageObject","inLanguage":"it-IT","@id":"https:\/\/www.secondastrada.com\/it\/camicia-guess-bianca\/#primaryimage","url":"https:\/\/www.secondastrada.com\/wp-content\/uploads\/2026\/02\/M5GH73-WH3J0-SB_PURE-WHITE_PE26_1.jpg","contentUrl":"https:\/\/www.secondastrada.com\/wp-content\/uploads\/2026\/02\/M5GH73-WH3J0-SB_PURE-WHITE_PE26_1.jpg","width":1000,"height":1300,"caption":"M5GH73-WH3J0-SB_PURE-WHITE_PE26"},{"@type":"BreadcrumbList","@id":"https:\/\/www.secondastrada.com\/it\/camicia-guess-bianca\/#breadcrumb","itemListElement":[{"@type":"ListItem","position":1,"name":"Home","item":"https:\/\/www.secondastrada.com\/it\/"},{"@type":"ListItem","position":2,"name":"Shop","item":"https:\/\/www.secondastrada.com\/it\/shop\/"},{"@type":"ListItem","position":3,"name":"Uomo","item":"https:\/\/www.secondastrada.com\/it\/collezione-uomo\/"},{"@type":"ListItem","position":4,"name":"Abbigliamento","item":"https:\/\/www.secondastrada.com\/it\/collezione-uomo\/abbigliamento-uomo\/"},{"@type":"ListItem","position":5,"name":"Camicie","item":"https:\/\/www.secondastrada.com\/it\/collezione-uomo\/abbigliamento-uomo\/camicie-da-uomo\/"},{"@type":"ListItem","position":6,"name":"Camicia Guess Bianca"}]},{"@type":"WebSite","@id":"https:\/\/www.secondastrada.com\/it\/#website","url":"https:\/\/www.secondastrada.com\/it\/","name":"Seconda Strada","description":"","publisher":{"@id":"https:\/\/www.secondastrada.com\/it\/#organization"},"potentialAction":[{"@type":"SearchAction","target":{"@type":"EntryPoint","urlTemplate":"https:\/\/www.secondastrada.com\/it\/?s={search_term_string}"},"query-input":"required name=search_term_string"}],"inLanguage":"it-IT"},{"@type":"Organization","@id":"https:\/\/www.secondastrada.com\/it\/#organization","name":"Seconda Strada","url":"https:\/\/www.secondastrada.com\/it\/","logo":{"@type":"ImageObject","inLanguage":"it-IT","@id":"https:\/\/www.secondastrada.com\/it\/#\/schema\/logo\/image\/","url":"https:\/\/www.secondastrada.com\/wp-content\/uploads\/2023\/11\/secondastrada-logo.svg","contentUrl":"https:\/\/www.secondastrada.com\/wp-content\/uploads\/2023\/11\/secondastrada-logo.svg","width":353,"height":47,"caption":"Seconda Strada"},"image":{"@id":"https:\/\/www.secondastrada.com\/it\/#\/schema\/logo\/image\/"}}]}},"df_price":59.4,"df_sale_price":"","df_regular_price":59.4,"df_image_link":"https:\/\/www.secondastrada.com\/wp-content\/uploads\/2026\/02\/M5GH73-WH3J0-SB_PURE-WHITE_PE26_1-300x300.jpg","_links":{"self":[{"href":"https:\/\/www.secondastrada.com\/it\/wp-json\/wp\/v2\/product\/339029"}],"collection":[{"href":"https:\/\/www.secondastrada.com\/it\/wp-json\/wp\/v2\/product"}],"about":[{"href":"https:\/\/www.secondastrada.com\/it\/wp-json\/wp\/v2\/types\/product"}],"wp:featuredmedia":[{"embeddable":true,"href":"https:\/\/www.secondastrada.com\/it\/wp-json\/wp\/v2\/media\/339797"}],"wp:attachment":[{"href":"https:\/\/www.secondastrada.com\/it\/wp-json\/wp\/v2\/media?parent=339029"}],"wp:term":[{"taxonomy":"ss_brand","embeddable":true,"href":"https:\/\/www.secondastrada.com\/it\/wp-json\/wp\/v2\/ss_brand?post=339029"},{"taxonomy":"ss_promo","embeddable":true,"href":"https:\/\/www.secondastrada.com\/it\/wp-json\/wp\/v2\/ss_promo?post=339029"},{"taxonomy":"ss_season","embeddable":true,"href":"https:\/\/www.secondastrada.com\/it\/wp-json\/wp\/v2\/ss_season?post=339029"},{"taxonomy":"product_cat","embeddable":true,"href":"https:\/\/www.secondastrada.com\/it\/wp-json\/wp\/v2\/product_cat?post=339029"},{"taxonomy":"product_tag","embeddable":true,"href":"https:\/\/www.secondastrada.com\/it\/wp-json\/wp\/v2\/product_tag?post=339029"}],"curies":[{"name":"wp","href":"https:\/\/api.w.org\/{rel}","templated":true}]}}