{"id":339072,"date":"2026-02-26T16:14:11","date_gmt":"2026-02-26T15:14:11","guid":{"rendered":"https:\/\/www.secondastrada.com\/it\/camicia-guess-beige\/"},"modified":"2026-04-14T09:31:47","modified_gmt":"2026-04-14T07:31:47","slug":"camicia-guess-beige","status":"publish","type":"product","link":"https:\/\/www.secondastrada.com\/it\/camicia-guess-beige\/","title":{"rendered":"Camicia Guess Beige"},"content":{"rendered":"<p><b>Camicia GUESS Beige da uomo<\/b><br \/>\nLa Camicia GUESS Beige \u00e8 il capo ideale per chi cerca uno stile fresco, moderno e facilmente abbinabile. Il colore beige, neutro ed elegante, dona luminosit\u00e0 al look e si presta a molteplici interpretazioni, dal casual raffinato alle combinazioni pi\u00f9 curate. Realizzata in 100% lyocell, offre una texture morbida e leggera sulla pelle, garantendo comfort e traspirabilit\u00e0. \u00c8 una Camicia da uomo adatta alla stagione primavera estate, perfetta per accompagnarti nelle giornate pi\u00f9 miti con naturalezza.<br \/>Il design presenta un taschino a toppa, bottoni ad asola, dettagli che aggiungono personalit\u00e0 mantenendo una linea pulita e contemporanea. La vestibilit\u00e0 \u00e8 regolare, pensata per offrire equilibrio tra comfort e struttura. Il modello \u00e8 alto 187 cm e indossa la taglia L, un riferimento utile per orientarti nella scelta della misura pi\u00f9 adatta.<br \/>Puoi indossarla nel tempo libero, di giorno per un outfit rilassato oppure di sera per un\u2019uscita informale in cui vuoi distinguerti con discrezione. Si abbina facilmente a jeans e sneakers per un look contemporaneo e dinamico, oppure a pantaloni chino per uno stile pi\u00f9 ricercato ma sempre disinvolto. La Camicia GUESS Beige diventa cos\u00ec un elemento versatile del tuo guardaroba.<br \/>Scegli un capo firmato che unisce qualit\u00e0, comfort e stile senza tempo.<br \/>Tutti i prodotti su SecondaStrada.com sono originali. Codice articolo: M5YH26 WHF70 SB.<\/p>\n","protected":false},"excerpt":{"rendered":"<p>Camicia GUESS Beige da uomo La Camicia GUESS Beige \u00e8 il capo ideale per chi cerca uno stile fresco, moderno e facilmente abbinabile. Il colore beige, neutro ed elegante, dona luminosit\u00e0 al look e si presta a molteplici interpretazioni, dal casual raffinato alle combinazioni pi\u00f9 curate. Realizzata in 100% lyocell, offre una texture morbida e&#8230;<\/p>\n","protected":false},"featured_media":339865,"template":"","meta":{"inline_featured_image":false},"ss_brand":[1287],"ss_promo":[],"ss_season":[2531],"product_cat":[1332,1478,1714],"product_tag":[1742,2408,2409,1993],"class_list":{"0":"post-339072","1":"product","2":"type-product","3":"status-publish","4":"has-post-thumbnail","6":"ss_brand-guess-uomo","7":"ss_season-pe26","8":"product_cat-abbigliamento-uomo","9":"product_cat-camicie-da-uomo","10":"product_cat-collezione-uomo","11":"product_tag-camicie-guess-uomo","12":"product_tag-look-da-festa-uomo","13":"product_tag-look-da-sabato-sera-uomo","14":"product_tag-nuovi-arrivi-uomo","16":"first","17":"instock","18":"sale","19":"shipping-taxable","20":"purchasable","21":"product-type-variable","22":"has-default-attributes"},"acf":{"ss_brand":[{"term_id":1287,"name":"GUESS","slug":"guess-uomo","term_group":0,"term_taxonomy_id":1287,"taxonomy":"ss_brand","description":"<strong>Abbigliamento uomo Guess scontato: osa di pi\u00f9!<\/strong> Mixare raffinatezza francese e spirito californiano in uno <strong>stile originale<\/strong>? Si pu\u00f2 con <strong>Guess<\/strong>! Il brand infatti ha origine negli Stati Uniti dall'idea di due fratelli francesi. Guess crea collezioni di <strong>abbigliamento e accessori per uomo<\/strong> che non passano mai di moda: anche i capi pi\u00f9 classici hanno uno stile inedito! Scopri sul nostro store online la collezione di abbigliamento e accessori da uomo pi\u00f9 glamour che c\u2019\u00e8 a <strong>prezzi imbattibili<\/strong>!","parent":1268,"count":233,"filter":"raw"}],"ss_promo":false,"ss_season":[{"term_id":2531,"name":"PE26","slug":"pe26","term_group":0,"term_taxonomy_id":2531,"taxonomy":"ss_season","description":"","parent":0,"count":1294,"filter":"raw"}],"ss_old_price":"99,00","ss_omnibus_price":"0,00","ss_style_advice":"<p><b>Camicia GUESS Beige da uomo<\/b><br \/>\nLa Camicia GUESS Beige \u00e8 il capo ideale per chi cerca uno stile fresco, moderno e facilmente abbinabile. Il colore beige, neutro ed elegante, dona luminosit\u00e0 al look e si presta a molteplici interpretazioni, dal casual raffinato alle combinazioni pi\u00f9 curate. Realizzata in 100% lyocell, offre una texture morbida e leggera sulla pelle, garantendo comfort e traspirabilit\u00e0. \u00c8 una Camicia da uomo adatta alla stagione primavera estate, perfetta per accompagnarti nelle giornate pi\u00f9 miti con naturalezza.<br \/>Il design presenta un taschino a toppa, bottoni ad asola, dettagli che aggiungono personalit\u00e0 mantenendo una linea pulita e contemporanea. La vestibilit\u00e0 \u00e8 regolare, pensata per offrire equilibrio tra comfort e struttura. Il modello \u00e8 alto 187 cm e indossa la taglia L, un riferimento utile per orientarti nella scelta della misura pi\u00f9 adatta.<br \/>Puoi indossarla nel tempo libero, di giorno per un outfit rilassato oppure di sera per un\u2019uscita informale in cui vuoi distinguerti con discrezione. Si abbina facilmente a jeans e sneakers per un look contemporaneo e dinamico, oppure a pantaloni chino per uno stile pi\u00f9 ricercato ma sempre disinvolto. La Camicia GUESS Beige diventa cos\u00ec un elemento versatile del tuo guardaroba.<br \/>Scegli un capo firmato che unisce qualit\u00e0, comfort e stile senza tempo.<br \/>Tutti i prodotti su SecondaStrada.com sono originali. Codice articolo: M5YH26 WHF70 SB.<\/p>\n","ss_composition":"<p>100% lyocell<\/p>\n","ss_fit":"<p>Il modello \u00e8 alto 187 cm e veste la taglia L. La vestibilit\u00e0 del capo \u00e8 regolare.<\/p>\n"},"yoast_head":"<!-- This site is optimized with the Yoast SEO plugin v22.3 - https:\/\/yoast.com\/wordpress\/plugins\/seo\/ -->\n<title>Camicia Guess Beige - Acquista online! - Seconda Strada<\/title>\n<meta name=\"description\" content=\"Camicia Guess Beige \u27a4 Acquista online su Secondastrada.com Camicia Guess Beige \u2714\ufe0f Spedizione veloce entro 24h in tutta Italia \u2714\ufe0f Sconto sul tuo primo acquisto\" \/>\n<meta name=\"robots\" content=\"index, follow, max-snippet:-1, max-image-preview:large, max-video-preview:-1\" \/>\n<link rel=\"canonical\" href=\"https:\/\/www.secondastrada.com\/it\/camicia-guess-beige\/\" \/>\n<meta property=\"og:locale\" content=\"it_IT\" \/>\n<meta property=\"og:type\" content=\"article\" \/>\n<meta property=\"og:title\" content=\"Camicia Guess Beige - Acquista online! - Seconda Strada\" \/>\n<meta property=\"og:description\" content=\"Camicia Guess Beige \u27a4 Acquista online su Secondastrada.com Camicia Guess Beige \u2714\ufe0f Spedizione veloce entro 24h in tutta Italia \u2714\ufe0f Sconto sul tuo primo acquisto\" \/>\n<meta property=\"og:url\" content=\"https:\/\/www.secondastrada.com\/it\/camicia-guess-beige\/\" \/>\n<meta property=\"og:site_name\" content=\"Seconda Strada\" \/>\n<meta property=\"article:modified_time\" content=\"2026-04-14T07:31:47+00:00\" \/>\n<meta property=\"og:image\" content=\"https:\/\/www.secondastrada.com\/wp-content\/uploads\/2026\/02\/M5YH26-WHF70-SB_IMPACT-GREY_PE26_1.jpg\" \/>\n\t<meta property=\"og:image:width\" content=\"1000\" \/>\n\t<meta property=\"og:image:height\" content=\"1300\" \/>\n\t<meta property=\"og:image:type\" content=\"image\/jpeg\" \/>\n<meta name=\"twitter:card\" content=\"summary_large_image\" \/>\n<meta name=\"twitter:label1\" content=\"Tempo di lettura stimato\" \/>\n\t<meta name=\"twitter:data1\" content=\"1 minuto\" \/>\n<!-- \/ Yoast SEO plugin. -->","yoast_head_json":{"title":"Camicia Guess Beige - Acquista online! - Seconda Strada","description":"Camicia Guess Beige \u27a4 Acquista online su Secondastrada.com Camicia Guess Beige \u2714\ufe0f Spedizione veloce entro 24h in tutta Italia \u2714\ufe0f Sconto sul tuo primo acquisto","robots":{"index":"index","follow":"follow","max-snippet":"max-snippet:-1","max-image-preview":"max-image-preview:large","max-video-preview":"max-video-preview:-1"},"canonical":"https:\/\/www.secondastrada.com\/it\/camicia-guess-beige\/","og_locale":"it_IT","og_type":"article","og_title":"Camicia Guess Beige - Acquista online! - Seconda Strada","og_description":"Camicia Guess Beige \u27a4 Acquista online su Secondastrada.com Camicia Guess Beige \u2714\ufe0f Spedizione veloce entro 24h in tutta Italia \u2714\ufe0f Sconto sul tuo primo acquisto","og_url":"https:\/\/www.secondastrada.com\/it\/camicia-guess-beige\/","og_site_name":"Seconda Strada","article_modified_time":"2026-04-14T07:31:47+00:00","og_image":[{"width":1000,"height":1300,"url":"https:\/\/www.secondastrada.com\/wp-content\/uploads\/2026\/02\/M5YH26-WHF70-SB_IMPACT-GREY_PE26_1.jpg","type":"image\/jpeg"}],"twitter_card":"summary_large_image","twitter_misc":{"Tempo di lettura stimato":"1 minuto"},"schema":{"@context":"https:\/\/schema.org","@graph":[{"@type":"WebPage","@id":"https:\/\/www.secondastrada.com\/it\/camicia-guess-beige\/","url":"https:\/\/www.secondastrada.com\/it\/camicia-guess-beige\/","name":"Camicia Guess Beige - Acquista online! - Seconda Strada","isPartOf":{"@id":"https:\/\/www.secondastrada.com\/it\/#website"},"primaryImageOfPage":{"@id":"https:\/\/www.secondastrada.com\/it\/camicia-guess-beige\/#primaryimage"},"image":{"@id":"https:\/\/www.secondastrada.com\/it\/camicia-guess-beige\/#primaryimage"},"thumbnailUrl":"https:\/\/www.secondastrada.com\/wp-content\/uploads\/2026\/02\/M5YH26-WHF70-SB_IMPACT-GREY_PE26_1.jpg","datePublished":"2026-02-26T15:14:11+00:00","dateModified":"2026-04-14T07:31:47+00:00","description":"Camicia Guess Beige \u27a4 Acquista online su Secondastrada.com Camicia Guess Beige \u2714\ufe0f Spedizione veloce entro 24h in tutta Italia \u2714\ufe0f Sconto sul tuo primo acquisto","breadcrumb":{"@id":"https:\/\/www.secondastrada.com\/it\/camicia-guess-beige\/#breadcrumb"},"inLanguage":"it-IT","potentialAction":[{"@type":"ReadAction","target":["https:\/\/www.secondastrada.com\/it\/camicia-guess-beige\/"]}]},{"@type":"ImageObject","inLanguage":"it-IT","@id":"https:\/\/www.secondastrada.com\/it\/camicia-guess-beige\/#primaryimage","url":"https:\/\/www.secondastrada.com\/wp-content\/uploads\/2026\/02\/M5YH26-WHF70-SB_IMPACT-GREY_PE26_1.jpg","contentUrl":"https:\/\/www.secondastrada.com\/wp-content\/uploads\/2026\/02\/M5YH26-WHF70-SB_IMPACT-GREY_PE26_1.jpg","width":1000,"height":1300,"caption":"M5YH26-WHF70-SB_IMPACT-GREY_PE26"},{"@type":"BreadcrumbList","@id":"https:\/\/www.secondastrada.com\/it\/camicia-guess-beige\/#breadcrumb","itemListElement":[{"@type":"ListItem","position":1,"name":"Home","item":"https:\/\/www.secondastrada.com\/it\/"},{"@type":"ListItem","position":2,"name":"Shop","item":"https:\/\/www.secondastrada.com\/it\/shop\/"},{"@type":"ListItem","position":3,"name":"Uomo","item":"https:\/\/www.secondastrada.com\/it\/collezione-uomo\/"},{"@type":"ListItem","position":4,"name":"Abbigliamento","item":"https:\/\/www.secondastrada.com\/it\/collezione-uomo\/abbigliamento-uomo\/"},{"@type":"ListItem","position":5,"name":"Camicie","item":"https:\/\/www.secondastrada.com\/it\/collezione-uomo\/abbigliamento-uomo\/camicie-da-uomo\/"},{"@type":"ListItem","position":6,"name":"Camicia Guess Beige"}]},{"@type":"WebSite","@id":"https:\/\/www.secondastrada.com\/it\/#website","url":"https:\/\/www.secondastrada.com\/it\/","name":"Seconda Strada","description":"","publisher":{"@id":"https:\/\/www.secondastrada.com\/it\/#organization"},"potentialAction":[{"@type":"SearchAction","target":{"@type":"EntryPoint","urlTemplate":"https:\/\/www.secondastrada.com\/it\/?s={search_term_string}"},"query-input":"required name=search_term_string"}],"inLanguage":"it-IT"},{"@type":"Organization","@id":"https:\/\/www.secondastrada.com\/it\/#organization","name":"Seconda Strada","url":"https:\/\/www.secondastrada.com\/it\/","logo":{"@type":"ImageObject","inLanguage":"it-IT","@id":"https:\/\/www.secondastrada.com\/it\/#\/schema\/logo\/image\/","url":"https:\/\/www.secondastrada.com\/wp-content\/uploads\/2023\/11\/secondastrada-logo.svg","contentUrl":"https:\/\/www.secondastrada.com\/wp-content\/uploads\/2023\/11\/secondastrada-logo.svg","width":353,"height":47,"caption":"Seconda Strada"},"image":{"@id":"https:\/\/www.secondastrada.com\/it\/#\/schema\/logo\/image\/"}}]}},"df_price":59.4,"df_sale_price":"","df_regular_price":59.4,"df_image_link":"https:\/\/www.secondastrada.com\/wp-content\/uploads\/2026\/02\/M5YH26-WHF70-SB_IMPACT-GREY_PE26_1-300x300.jpg","_links":{"self":[{"href":"https:\/\/www.secondastrada.com\/it\/wp-json\/wp\/v2\/product\/339072"}],"collection":[{"href":"https:\/\/www.secondastrada.com\/it\/wp-json\/wp\/v2\/product"}],"about":[{"href":"https:\/\/www.secondastrada.com\/it\/wp-json\/wp\/v2\/types\/product"}],"wp:featuredmedia":[{"embeddable":true,"href":"https:\/\/www.secondastrada.com\/it\/wp-json\/wp\/v2\/media\/339865"}],"wp:attachment":[{"href":"https:\/\/www.secondastrada.com\/it\/wp-json\/wp\/v2\/media?parent=339072"}],"wp:term":[{"taxonomy":"ss_brand","embeddable":true,"href":"https:\/\/www.secondastrada.com\/it\/wp-json\/wp\/v2\/ss_brand?post=339072"},{"taxonomy":"ss_promo","embeddable":true,"href":"https:\/\/www.secondastrada.com\/it\/wp-json\/wp\/v2\/ss_promo?post=339072"},{"taxonomy":"ss_season","embeddable":true,"href":"https:\/\/www.secondastrada.com\/it\/wp-json\/wp\/v2\/ss_season?post=339072"},{"taxonomy":"product_cat","embeddable":true,"href":"https:\/\/www.secondastrada.com\/it\/wp-json\/wp\/v2\/product_cat?post=339072"},{"taxonomy":"product_tag","embeddable":true,"href":"https:\/\/www.secondastrada.com\/it\/wp-json\/wp\/v2\/product_tag?post=339072"}],"curies":[{"name":"wp","href":"https:\/\/api.w.org\/{rel}","templated":true}]}}