{"id":339127,"date":"2026-02-26T16:15:48","date_gmt":"2026-02-26T15:15:48","guid":{"rendered":"https:\/\/www.secondastrada.com\/it\/giacca-guess-nera\/"},"modified":"2026-04-10T12:11:46","modified_gmt":"2026-04-10T10:11:46","slug":"giacca-guess-nera","status":"publish","type":"product","link":"https:\/\/www.secondastrada.com\/it\/giacca-guess-nera\/","title":{"rendered":"Giacca Guess Nera"},"content":{"rendered":"<p><b>Giacca GUESS Nera da donna<\/b><br \/>\nDecisa, moderna e versatile: la Giacca GUESS Nera \u00e8 il capo perfetto per completare i tuoi look con carattere. Il colore nero, intramontabile e facile da abbinare, rende questa giacca un vero passe-partout di stagione. Realizzata in 100% poliuretano, offre una finitura liscia e contemporanea, ideale per chi desidera uno stile grintoso ma raffinato. \u00c8 una Giacca da donna adatta alla stagione primavera estate, perfetta per aggiungere un tocco di personalit\u00e0 anche agli outfit pi\u00f9 essenziali.<br \/>Il design si distingue con tasche, zip e collo alto, dettagli funzionali che uniscono praticit\u00e0 ed estetica. La chiusura con zip valorizza la linea, mentre il collo alto aggiunge struttura e carattere. La vestibilit\u00e0 \u00e8 regolare, pensata per garantire comfort e libert\u00e0 di movimento. La modella \u00e8 alta 165 cm e indossa la taglia S, un riferimento utile per orientarti nella scelta della misura.<br \/>Puoi indossarla nel tempo libero, di giorno con un look casual oppure di sera per un\u2019uscita informale in cui vuoi sentirti sicura e stilosa. Si abbina facilmente a jeans e sneakers per uno stile urbano e dinamico, oppure a un abito leggero per creare un contrasto contemporaneo e femminile.<br \/>Scegli la Giacca GUESS Nero per dare forza e personalit\u00e0 al tuo guardaroba di stagione.<br \/>Tutti i prodotti su SecondaStrada.com sono originali. Codice articolo: W2YL1I W6NW2 SB.<\/p>\n","protected":false},"excerpt":{"rendered":"<p>Giacca GUESS Nera da donna Decisa, moderna e versatile: la Giacca GUESS Nera \u00e8 il capo perfetto per completare i tuoi look con carattere. Il colore nero, intramontabile e facile da abbinare, rende questa giacca un vero passe-partout di stagione. Realizzata in 100% poliuretano, offre una finitura liscia e contemporanea, ideale per chi desidera uno&#8230;<\/p>\n","protected":false},"featured_media":339983,"template":"","meta":{"inline_featured_image":false},"ss_brand":[1202],"ss_promo":[],"ss_season":[2531],"product_cat":[1329,1658,1472],"product_tag":[1777,1995],"class_list":{"0":"post-339127","1":"product","2":"type-product","3":"status-publish","4":"has-post-thumbnail","6":"ss_brand-guess-donna","7":"ss_season-pe26","8":"product_cat-abbigliamento-donna","9":"product_cat-collezione-donna","10":"product_cat-giacche-da-donna","11":"product_tag-giacche-guess-donna","12":"product_tag-nuovi-arrivi-donna","14":"first","15":"instock","16":"sale","17":"shipping-taxable","18":"purchasable","19":"product-type-variable","20":"has-default-attributes"},"acf":{"ss_brand":[{"term_id":1202,"name":"GUESS","slug":"guess-donna","term_group":0,"term_taxonomy_id":1202,"taxonomy":"ss_brand","description":"<strong>Abbigliamento donna Guess scontato: e ora chi ti ferma pi\u00f9?<\/strong> Sei alla ricerca di outfit in <strong>stile urban-chic<\/strong> e iper-femminili? Allora dai un\u2019occhiata alla nostra selezione di <strong>abbigliamento e accessori Guess<\/strong>! <strong>Lasciati ispirare e sfoglia le nostre proposte di capi e accessori Guess da donna scontatissimi!<\/strong>","parent":1201,"count":508,"filter":"raw"}],"ss_promo":false,"ss_season":[{"term_id":2531,"name":"PE26","slug":"pe26","term_group":0,"term_taxonomy_id":2531,"taxonomy":"ss_season","description":"","parent":0,"count":1294,"filter":"raw"}],"ss_old_price":"150,00","ss_omnibus_price":"0,00","ss_style_advice":"<p><b>Giacca GUESS Nera da donna<\/b><br \/>\nDecisa, moderna e versatile: la Giacca GUESS Nera \u00e8 il capo perfetto per completare i tuoi look con carattere. Il colore nero, intramontabile e facile da abbinare, rende questa giacca un vero passe-partout di stagione. Realizzata in 100% poliuretano, offre una finitura liscia e contemporanea, ideale per chi desidera uno stile grintoso ma raffinato. \u00c8 una Giacca da donna adatta alla stagione primavera estate, perfetta per aggiungere un tocco di personalit\u00e0 anche agli outfit pi\u00f9 essenziali.<br \/>Il design si distingue con tasche, zip e collo alto, dettagli funzionali che uniscono praticit\u00e0 ed estetica. La chiusura con zip valorizza la linea, mentre il collo alto aggiunge struttura e carattere. La vestibilit\u00e0 \u00e8 regolare, pensata per garantire comfort e libert\u00e0 di movimento. La modella \u00e8 alta 165 cm e indossa la taglia S, un riferimento utile per orientarti nella scelta della misura.<br \/>Puoi indossarla nel tempo libero, di giorno con un look casual oppure di sera per un\u2019uscita informale in cui vuoi sentirti sicura e stilosa. Si abbina facilmente a jeans e sneakers per uno stile urbano e dinamico, oppure a un abito leggero per creare un contrasto contemporaneo e femminile.<br \/>Scegli la Giacca GUESS Nero per dare forza e personalit\u00e0 al tuo guardaroba di stagione.<br \/>Tutti i prodotti su SecondaStrada.com sono originali. Codice articolo: W2YL1I W6NW2 SB.<\/p>\n","ss_composition":"<p>100% poliuretano<\/p>\n","ss_fit":"<p>La modella \u00e8 alta 165 cm e veste la taglia S. La vestibilit\u00e0 del capo \u00e8 regolare.<\/p>\n"},"yoast_head":"<!-- This site is optimized with the Yoast SEO plugin v22.3 - https:\/\/yoast.com\/wordpress\/plugins\/seo\/ -->\n<title>Giacca Guess Nera - Acquista online! - Seconda Strada<\/title>\n<meta name=\"description\" content=\"Giacca Guess Nera \u27a4 Acquista online su Secondastrada.com Giacca Guess Nera \u2714\ufe0f Spedizione veloce entro 24h in tutta Italia \u2714\ufe0f Sconto sul tuo primo acquisto\" \/>\n<meta name=\"robots\" content=\"index, follow, max-snippet:-1, max-image-preview:large, max-video-preview:-1\" \/>\n<link rel=\"canonical\" href=\"https:\/\/www.secondastrada.com\/it\/giacca-guess-nera\/\" \/>\n<meta property=\"og:locale\" content=\"it_IT\" \/>\n<meta property=\"og:type\" content=\"article\" \/>\n<meta property=\"og:title\" content=\"Giacca Guess Nera - Acquista online! - Seconda Strada\" \/>\n<meta property=\"og:description\" content=\"Giacca Guess Nera \u27a4 Acquista online su Secondastrada.com Giacca Guess Nera \u2714\ufe0f Spedizione veloce entro 24h in tutta Italia \u2714\ufe0f Sconto sul tuo primo acquisto\" \/>\n<meta property=\"og:url\" content=\"https:\/\/www.secondastrada.com\/it\/giacca-guess-nera\/\" \/>\n<meta property=\"og:site_name\" content=\"Seconda Strada\" \/>\n<meta property=\"article:modified_time\" content=\"2026-04-10T10:11:46+00:00\" \/>\n<meta property=\"og:image\" content=\"https:\/\/www.secondastrada.com\/wp-content\/uploads\/2026\/02\/W2YL1I-W6NW2-SB_JET-BLACK-A996_PE26_1.jpg\" \/>\n\t<meta property=\"og:image:width\" content=\"1000\" \/>\n\t<meta property=\"og:image:height\" content=\"1300\" \/>\n\t<meta property=\"og:image:type\" content=\"image\/jpeg\" \/>\n<meta name=\"twitter:card\" content=\"summary_large_image\" \/>\n<meta name=\"twitter:label1\" content=\"Tempo di lettura stimato\" \/>\n\t<meta name=\"twitter:data1\" content=\"1 minuto\" \/>\n<!-- \/ Yoast SEO plugin. -->","yoast_head_json":{"title":"Giacca Guess Nera - Acquista online! - Seconda Strada","description":"Giacca Guess Nera \u27a4 Acquista online su Secondastrada.com Giacca Guess Nera \u2714\ufe0f Spedizione veloce entro 24h in tutta Italia \u2714\ufe0f Sconto sul tuo primo acquisto","robots":{"index":"index","follow":"follow","max-snippet":"max-snippet:-1","max-image-preview":"max-image-preview:large","max-video-preview":"max-video-preview:-1"},"canonical":"https:\/\/www.secondastrada.com\/it\/giacca-guess-nera\/","og_locale":"it_IT","og_type":"article","og_title":"Giacca Guess Nera - Acquista online! - Seconda Strada","og_description":"Giacca Guess Nera \u27a4 Acquista online su Secondastrada.com Giacca Guess Nera \u2714\ufe0f Spedizione veloce entro 24h in tutta Italia \u2714\ufe0f Sconto sul tuo primo acquisto","og_url":"https:\/\/www.secondastrada.com\/it\/giacca-guess-nera\/","og_site_name":"Seconda Strada","article_modified_time":"2026-04-10T10:11:46+00:00","og_image":[{"width":1000,"height":1300,"url":"https:\/\/www.secondastrada.com\/wp-content\/uploads\/2026\/02\/W2YL1I-W6NW2-SB_JET-BLACK-A996_PE26_1.jpg","type":"image\/jpeg"}],"twitter_card":"summary_large_image","twitter_misc":{"Tempo di lettura stimato":"1 minuto"},"schema":{"@context":"https:\/\/schema.org","@graph":[{"@type":"WebPage","@id":"https:\/\/www.secondastrada.com\/it\/giacca-guess-nera\/","url":"https:\/\/www.secondastrada.com\/it\/giacca-guess-nera\/","name":"Giacca Guess Nera - Acquista online! - Seconda Strada","isPartOf":{"@id":"https:\/\/www.secondastrada.com\/it\/#website"},"primaryImageOfPage":{"@id":"https:\/\/www.secondastrada.com\/it\/giacca-guess-nera\/#primaryimage"},"image":{"@id":"https:\/\/www.secondastrada.com\/it\/giacca-guess-nera\/#primaryimage"},"thumbnailUrl":"https:\/\/www.secondastrada.com\/wp-content\/uploads\/2026\/02\/W2YL1I-W6NW2-SB_JET-BLACK-A996_PE26_1.jpg","datePublished":"2026-02-26T15:15:48+00:00","dateModified":"2026-04-10T10:11:46+00:00","description":"Giacca Guess Nera \u27a4 Acquista online su Secondastrada.com Giacca Guess Nera \u2714\ufe0f Spedizione veloce entro 24h in tutta Italia \u2714\ufe0f Sconto sul tuo primo acquisto","breadcrumb":{"@id":"https:\/\/www.secondastrada.com\/it\/giacca-guess-nera\/#breadcrumb"},"inLanguage":"it-IT","potentialAction":[{"@type":"ReadAction","target":["https:\/\/www.secondastrada.com\/it\/giacca-guess-nera\/"]}]},{"@type":"ImageObject","inLanguage":"it-IT","@id":"https:\/\/www.secondastrada.com\/it\/giacca-guess-nera\/#primaryimage","url":"https:\/\/www.secondastrada.com\/wp-content\/uploads\/2026\/02\/W2YL1I-W6NW2-SB_JET-BLACK-A996_PE26_1.jpg","contentUrl":"https:\/\/www.secondastrada.com\/wp-content\/uploads\/2026\/02\/W2YL1I-W6NW2-SB_JET-BLACK-A996_PE26_1.jpg","width":1000,"height":1300,"caption":"W2YL1I-W6NW2-SB_JET-BLACK-A996_PE26"},{"@type":"BreadcrumbList","@id":"https:\/\/www.secondastrada.com\/it\/giacca-guess-nera\/#breadcrumb","itemListElement":[{"@type":"ListItem","position":1,"name":"Home","item":"https:\/\/www.secondastrada.com\/it\/"},{"@type":"ListItem","position":2,"name":"Shop","item":"https:\/\/www.secondastrada.com\/it\/shop\/"},{"@type":"ListItem","position":3,"name":"Donna","item":"https:\/\/www.secondastrada.com\/it\/collezione-donna\/"},{"@type":"ListItem","position":4,"name":"Abbigliamento","item":"https:\/\/www.secondastrada.com\/it\/collezione-donna\/abbigliamento-donna\/"},{"@type":"ListItem","position":5,"name":"Giacche","item":"https:\/\/www.secondastrada.com\/it\/collezione-donna\/abbigliamento-donna\/giacche-da-donna\/"},{"@type":"ListItem","position":6,"name":"Giacca Guess Nera"}]},{"@type":"WebSite","@id":"https:\/\/www.secondastrada.com\/it\/#website","url":"https:\/\/www.secondastrada.com\/it\/","name":"Seconda Strada","description":"","publisher":{"@id":"https:\/\/www.secondastrada.com\/it\/#organization"},"potentialAction":[{"@type":"SearchAction","target":{"@type":"EntryPoint","urlTemplate":"https:\/\/www.secondastrada.com\/it\/?s={search_term_string}"},"query-input":"required name=search_term_string"}],"inLanguage":"it-IT"},{"@type":"Organization","@id":"https:\/\/www.secondastrada.com\/it\/#organization","name":"Seconda Strada","url":"https:\/\/www.secondastrada.com\/it\/","logo":{"@type":"ImageObject","inLanguage":"it-IT","@id":"https:\/\/www.secondastrada.com\/it\/#\/schema\/logo\/image\/","url":"https:\/\/www.secondastrada.com\/wp-content\/uploads\/2023\/11\/secondastrada-logo.svg","contentUrl":"https:\/\/www.secondastrada.com\/wp-content\/uploads\/2023\/11\/secondastrada-logo.svg","width":353,"height":47,"caption":"Seconda Strada"},"image":{"@id":"https:\/\/www.secondastrada.com\/it\/#\/schema\/logo\/image\/"}}]}},"df_price":90,"df_sale_price":"","df_regular_price":90,"df_image_link":"https:\/\/www.secondastrada.com\/wp-content\/uploads\/2026\/02\/W2YL1I-W6NW2-SB_JET-BLACK-A996_PE26_1-300x300.jpg","_links":{"self":[{"href":"https:\/\/www.secondastrada.com\/it\/wp-json\/wp\/v2\/product\/339127"}],"collection":[{"href":"https:\/\/www.secondastrada.com\/it\/wp-json\/wp\/v2\/product"}],"about":[{"href":"https:\/\/www.secondastrada.com\/it\/wp-json\/wp\/v2\/types\/product"}],"wp:featuredmedia":[{"embeddable":true,"href":"https:\/\/www.secondastrada.com\/it\/wp-json\/wp\/v2\/media\/339983"}],"wp:attachment":[{"href":"https:\/\/www.secondastrada.com\/it\/wp-json\/wp\/v2\/media?parent=339127"}],"wp:term":[{"taxonomy":"ss_brand","embeddable":true,"href":"https:\/\/www.secondastrada.com\/it\/wp-json\/wp\/v2\/ss_brand?post=339127"},{"taxonomy":"ss_promo","embeddable":true,"href":"https:\/\/www.secondastrada.com\/it\/wp-json\/wp\/v2\/ss_promo?post=339127"},{"taxonomy":"ss_season","embeddable":true,"href":"https:\/\/www.secondastrada.com\/it\/wp-json\/wp\/v2\/ss_season?post=339127"},{"taxonomy":"product_cat","embeddable":true,"href":"https:\/\/www.secondastrada.com\/it\/wp-json\/wp\/v2\/product_cat?post=339127"},{"taxonomy":"product_tag","embeddable":true,"href":"https:\/\/www.secondastrada.com\/it\/wp-json\/wp\/v2\/product_tag?post=339127"}],"curies":[{"name":"wp","href":"https:\/\/api.w.org\/{rel}","templated":true}]}}