{"id":339437,"date":"2026-02-26T16:15:52","date_gmt":"2026-02-26T15:15:52","guid":{"rendered":"https:\/\/www.secondastrada.com\/it\/t-shirt-guess-grigia-2\/"},"modified":"2026-04-10T10:18:24","modified_gmt":"2026-04-10T08:18:24","slug":"t-shirt-guess-grigia-2","status":"publish","type":"product","link":"https:\/\/www.secondastrada.com\/it\/t-shirt-guess-grigia-2\/","title":{"rendered":"T-shirt Guess Grigia"},"content":{"rendered":"<p><b>T-shirt GUESS Grigia da donna<\/b><br \/>\nLa T-shirt GUESS Grigia \u00e8 il capo ideale per aggiungere un tocco brillante e contemporaneo ai tuoi look quotidiani. Il colore grigio, versatile e raffinato, si presta facilmente a diversi abbinamenti, mentre i dettagli decorativi rendono il modello unico. Realizzata in 100% cotone, garantisce morbidezza, traspirabilit\u00e0 e comfort, risultando una T-shirt da donna adatta alla stagione primavera estate.<br \/>Il design si distingue per la stampa coordinata con glitter e perline, un elemento luminoso che valorizza il capo con femminilit\u00e0 e carattere. La vestibilit\u00e0 \u00e8 regolare, pensata per offrire libert\u00e0 di movimento e una linea armoniosa. La modella \u00e8 alta 165 cm e indossa la taglia S, un riferimento utile per aiutarti nella scelta della misura pi\u00f9 adatta.<br \/>Puoi indossarla nel tempo libero, per una giornata in citt\u00e0 o in occasioni casual in cui vuoi sentirti comoda ma sempre curata. Si abbina facilmente a jeans e sneakers per un look dinamico e moderno, oppure a pantaloni chiari per un outfit fresco e luminoso. La T-shirt GUESS Grigio diventa cos\u00ec un capo versatile, perfetto per dare personalit\u00e0 anche agli abbinamenti pi\u00f9 semplici.<br \/>Scegli un modello che unisce qualit\u00e0 dei materiali e dettagli ricercati, pensato per accompagnarti con stile durante tutta la stagione.<br \/>Tutti i prodotti su SecondaStrada.com sono originali. Codice articolo: W5YI40 I3Z14 SB.<\/p>\n","protected":false},"excerpt":{"rendered":"<p>T-shirt GUESS Grigia da donna La T-shirt GUESS Grigia \u00e8 il capo ideale per aggiungere un tocco brillante e contemporaneo ai tuoi look quotidiani. Il colore grigio, versatile e raffinato, si presta facilmente a diversi abbinamenti, mentre i dettagli decorativi rendono il modello unico. Realizzata in 100% cotone, garantisce morbidezza, traspirabilit\u00e0 e comfort, risultando una&#8230;<\/p>\n","protected":false},"featured_media":339859,"template":"","meta":{"inline_featured_image":false},"ss_brand":[1202],"ss_promo":[],"ss_season":[2531],"product_cat":[1329,1658,1822,1337,2275],"product_tag":[1995,1773],"class_list":{"0":"post-339437","1":"product","2":"type-product","3":"status-publish","4":"has-post-thumbnail","6":"ss_brand-guess-donna","7":"ss_season-pe26","8":"product_cat-abbigliamento-donna","9":"product_cat-collezione-donna","10":"product_cat-t-shirt-da-donna","11":"product_cat-t-shirt-e-top-da-donna","12":"product_cat-t-shirt-in-cotone-da-donna","13":"product_tag-nuovi-arrivi-donna","14":"product_tag-t-shirt-e-top-guess-donna","16":"first","17":"instock","18":"sale","19":"shipping-taxable","20":"purchasable","21":"product-type-variable","22":"has-default-attributes"},"acf":{"ss_brand":[{"term_id":1202,"name":"GUESS","slug":"guess-donna","term_group":0,"term_taxonomy_id":1202,"taxonomy":"ss_brand","description":"<strong>Abbigliamento donna Guess scontato: e ora chi ti ferma pi\u00f9?<\/strong> Sei alla ricerca di outfit in <strong>stile urban-chic<\/strong> e iper-femminili? Allora dai un\u2019occhiata alla nostra selezione di <strong>abbigliamento e accessori Guess<\/strong>! <strong>Lasciati ispirare e sfoglia le nostre proposte di capi e accessori Guess da donna scontatissimi!<\/strong>","parent":1201,"count":508,"filter":"raw"}],"ss_promo":false,"ss_season":[{"term_id":2531,"name":"PE26","slug":"pe26","term_group":0,"term_taxonomy_id":2531,"taxonomy":"ss_season","description":"","parent":0,"count":1294,"filter":"raw"}],"ss_old_price":"50,00","ss_omnibus_price":"0,00","ss_style_advice":"<p><b>T-shirt GUESS Grigia da donna<\/b><br \/>\nLa T-shirt GUESS Grigia \u00e8 il capo ideale per aggiungere un tocco brillante e contemporaneo ai tuoi look quotidiani. Il colore grigio, versatile e raffinato, si presta facilmente a diversi abbinamenti, mentre i dettagli decorativi rendono il modello unico. Realizzata in 100% cotone, garantisce morbidezza, traspirabilit\u00e0 e comfort, risultando una T-shirt da donna adatta alla stagione primavera estate.<br \/>Il design si distingue per la stampa coordinata con glitter e perline, un elemento luminoso che valorizza il capo con femminilit\u00e0 e carattere. La vestibilit\u00e0 \u00e8 regolare, pensata per offrire libert\u00e0 di movimento e una linea armoniosa. La modella \u00e8 alta 165 cm e indossa la taglia S, un riferimento utile per aiutarti nella scelta della misura pi\u00f9 adatta.<br \/>Puoi indossarla nel tempo libero, per una giornata in citt\u00e0 o in occasioni casual in cui vuoi sentirti comoda ma sempre curata. Si abbina facilmente a jeans e sneakers per un look dinamico e moderno, oppure a pantaloni chiari per un outfit fresco e luminoso. La T-shirt GUESS Grigio diventa cos\u00ec un capo versatile, perfetto per dare personalit\u00e0 anche agli abbinamenti pi\u00f9 semplici.<br \/>Scegli un modello che unisce qualit\u00e0 dei materiali e dettagli ricercati, pensato per accompagnarti con stile durante tutta la stagione.<br \/>Tutti i prodotti su SecondaStrada.com sono originali. Codice articolo: W5YI40 I3Z14 SB.<\/p>\n","ss_composition":"<p>100% cotone<\/p>\n","ss_fit":"<p>La modella \u00e8 alta 165 cm e indossa la taglia S. La vestibilit\u00e0 del capo \u00e8 regolare.<\/p>\n"},"yoast_head":"<!-- This site is optimized with the Yoast SEO plugin v22.3 - https:\/\/yoast.com\/wordpress\/plugins\/seo\/ -->\n<title>T-shirt Guess Grigia - Acquista online! - Seconda Strada<\/title>\n<meta name=\"description\" content=\"T-shirt Guess Grigia \u27a4 Acquista online su Secondastrada.com T-shirt Guess Grigia \u2714\ufe0f Spedizione veloce entro 24h in tutta Italia \u2714\ufe0f Sconto sul tuo primo acquisto\" \/>\n<meta name=\"robots\" content=\"index, follow, max-snippet:-1, max-image-preview:large, max-video-preview:-1\" \/>\n<link rel=\"canonical\" href=\"https:\/\/www.secondastrada.com\/it\/t-shirt-guess-grigia-2\/\" \/>\n<meta property=\"og:locale\" content=\"it_IT\" \/>\n<meta property=\"og:type\" content=\"article\" \/>\n<meta property=\"og:title\" content=\"T-shirt Guess Grigia - Acquista online! - Seconda Strada\" \/>\n<meta property=\"og:description\" content=\"T-shirt Guess Grigia \u27a4 Acquista online su Secondastrada.com T-shirt Guess Grigia \u2714\ufe0f Spedizione veloce entro 24h in tutta Italia \u2714\ufe0f Sconto sul tuo primo acquisto\" \/>\n<meta property=\"og:url\" content=\"https:\/\/www.secondastrada.com\/it\/t-shirt-guess-grigia-2\/\" \/>\n<meta property=\"og:site_name\" content=\"Seconda Strada\" \/>\n<meta property=\"article:modified_time\" content=\"2026-04-10T08:18:24+00:00\" \/>\n<meta property=\"og:image\" content=\"https:\/\/www.secondastrada.com\/wp-content\/uploads\/2026\/02\/W5YI40-I3Z14-SB_SAGE-LEAF_PE26_1.jpg\" \/>\n\t<meta property=\"og:image:width\" content=\"1000\" \/>\n\t<meta property=\"og:image:height\" content=\"1300\" \/>\n\t<meta property=\"og:image:type\" content=\"image\/jpeg\" \/>\n<meta name=\"twitter:card\" content=\"summary_large_image\" \/>\n<meta name=\"twitter:label1\" content=\"Tempo di lettura stimato\" \/>\n\t<meta name=\"twitter:data1\" content=\"1 minuto\" \/>\n<!-- \/ Yoast SEO plugin. -->","yoast_head_json":{"title":"T-shirt Guess Grigia - Acquista online! - Seconda Strada","description":"T-shirt Guess Grigia \u27a4 Acquista online su Secondastrada.com T-shirt Guess Grigia \u2714\ufe0f Spedizione veloce entro 24h in tutta Italia \u2714\ufe0f Sconto sul tuo primo acquisto","robots":{"index":"index","follow":"follow","max-snippet":"max-snippet:-1","max-image-preview":"max-image-preview:large","max-video-preview":"max-video-preview:-1"},"canonical":"https:\/\/www.secondastrada.com\/it\/t-shirt-guess-grigia-2\/","og_locale":"it_IT","og_type":"article","og_title":"T-shirt Guess Grigia - Acquista online! - Seconda Strada","og_description":"T-shirt Guess Grigia \u27a4 Acquista online su Secondastrada.com T-shirt Guess Grigia \u2714\ufe0f Spedizione veloce entro 24h in tutta Italia \u2714\ufe0f Sconto sul tuo primo acquisto","og_url":"https:\/\/www.secondastrada.com\/it\/t-shirt-guess-grigia-2\/","og_site_name":"Seconda Strada","article_modified_time":"2026-04-10T08:18:24+00:00","og_image":[{"width":1000,"height":1300,"url":"https:\/\/www.secondastrada.com\/wp-content\/uploads\/2026\/02\/W5YI40-I3Z14-SB_SAGE-LEAF_PE26_1.jpg","type":"image\/jpeg"}],"twitter_card":"summary_large_image","twitter_misc":{"Tempo di lettura stimato":"1 minuto"},"schema":{"@context":"https:\/\/schema.org","@graph":[{"@type":"WebPage","@id":"https:\/\/www.secondastrada.com\/it\/t-shirt-guess-grigia-2\/","url":"https:\/\/www.secondastrada.com\/it\/t-shirt-guess-grigia-2\/","name":"T-shirt Guess Grigia - Acquista online! - Seconda Strada","isPartOf":{"@id":"https:\/\/www.secondastrada.com\/it\/#website"},"primaryImageOfPage":{"@id":"https:\/\/www.secondastrada.com\/it\/t-shirt-guess-grigia-2\/#primaryimage"},"image":{"@id":"https:\/\/www.secondastrada.com\/it\/t-shirt-guess-grigia-2\/#primaryimage"},"thumbnailUrl":"https:\/\/www.secondastrada.com\/wp-content\/uploads\/2026\/02\/W5YI40-I3Z14-SB_SAGE-LEAF_PE26_1.jpg","datePublished":"2026-02-26T15:15:52+00:00","dateModified":"2026-04-10T08:18:24+00:00","description":"T-shirt Guess Grigia \u27a4 Acquista online su Secondastrada.com T-shirt Guess Grigia \u2714\ufe0f Spedizione veloce entro 24h in tutta Italia \u2714\ufe0f Sconto sul tuo primo acquisto","breadcrumb":{"@id":"https:\/\/www.secondastrada.com\/it\/t-shirt-guess-grigia-2\/#breadcrumb"},"inLanguage":"it-IT","potentialAction":[{"@type":"ReadAction","target":["https:\/\/www.secondastrada.com\/it\/t-shirt-guess-grigia-2\/"]}]},{"@type":"ImageObject","inLanguage":"it-IT","@id":"https:\/\/www.secondastrada.com\/it\/t-shirt-guess-grigia-2\/#primaryimage","url":"https:\/\/www.secondastrada.com\/wp-content\/uploads\/2026\/02\/W5YI40-I3Z14-SB_SAGE-LEAF_PE26_1.jpg","contentUrl":"https:\/\/www.secondastrada.com\/wp-content\/uploads\/2026\/02\/W5YI40-I3Z14-SB_SAGE-LEAF_PE26_1.jpg","width":1000,"height":1300,"caption":"W5YI40-I3Z14-SB_SAGE-LEAF_PE26"},{"@type":"BreadcrumbList","@id":"https:\/\/www.secondastrada.com\/it\/t-shirt-guess-grigia-2\/#breadcrumb","itemListElement":[{"@type":"ListItem","position":1,"name":"Home","item":"https:\/\/www.secondastrada.com\/it\/"},{"@type":"ListItem","position":2,"name":"Shop","item":"https:\/\/www.secondastrada.com\/it\/shop\/"},{"@type":"ListItem","position":3,"name":"Donna","item":"https:\/\/www.secondastrada.com\/it\/collezione-donna\/"},{"@type":"ListItem","position":4,"name":"Abbigliamento","item":"https:\/\/www.secondastrada.com\/it\/collezione-donna\/abbigliamento-donna\/"},{"@type":"ListItem","position":5,"name":"T-shirt e Top","item":"https:\/\/www.secondastrada.com\/it\/collezione-donna\/abbigliamento-donna\/t-shirt-e-top-da-donna\/"},{"@type":"ListItem","position":6,"name":"T-shirt","item":"https:\/\/www.secondastrada.com\/it\/collezione-donna\/abbigliamento-donna\/t-shirt-e-top-da-donna\/t-shirt-da-donna\/"},{"@type":"ListItem","position":7,"name":"T-shirt Guess Grigia"}]},{"@type":"WebSite","@id":"https:\/\/www.secondastrada.com\/it\/#website","url":"https:\/\/www.secondastrada.com\/it\/","name":"Seconda Strada","description":"","publisher":{"@id":"https:\/\/www.secondastrada.com\/it\/#organization"},"potentialAction":[{"@type":"SearchAction","target":{"@type":"EntryPoint","urlTemplate":"https:\/\/www.secondastrada.com\/it\/?s={search_term_string}"},"query-input":"required name=search_term_string"}],"inLanguage":"it-IT"},{"@type":"Organization","@id":"https:\/\/www.secondastrada.com\/it\/#organization","name":"Seconda Strada","url":"https:\/\/www.secondastrada.com\/it\/","logo":{"@type":"ImageObject","inLanguage":"it-IT","@id":"https:\/\/www.secondastrada.com\/it\/#\/schema\/logo\/image\/","url":"https:\/\/www.secondastrada.com\/wp-content\/uploads\/2023\/11\/secondastrada-logo.svg","contentUrl":"https:\/\/www.secondastrada.com\/wp-content\/uploads\/2023\/11\/secondastrada-logo.svg","width":353,"height":47,"caption":"Seconda Strada"},"image":{"@id":"https:\/\/www.secondastrada.com\/it\/#\/schema\/logo\/image\/"}}]}},"df_price":30,"df_sale_price":"","df_regular_price":30,"df_image_link":"https:\/\/www.secondastrada.com\/wp-content\/uploads\/2026\/02\/W5YI40-I3Z14-SB_SAGE-LEAF_PE26_1-300x300.jpg","_links":{"self":[{"href":"https:\/\/www.secondastrada.com\/it\/wp-json\/wp\/v2\/product\/339437"}],"collection":[{"href":"https:\/\/www.secondastrada.com\/it\/wp-json\/wp\/v2\/product"}],"about":[{"href":"https:\/\/www.secondastrada.com\/it\/wp-json\/wp\/v2\/types\/product"}],"wp:featuredmedia":[{"embeddable":true,"href":"https:\/\/www.secondastrada.com\/it\/wp-json\/wp\/v2\/media\/339859"}],"wp:attachment":[{"href":"https:\/\/www.secondastrada.com\/it\/wp-json\/wp\/v2\/media?parent=339437"}],"wp:term":[{"taxonomy":"ss_brand","embeddable":true,"href":"https:\/\/www.secondastrada.com\/it\/wp-json\/wp\/v2\/ss_brand?post=339437"},{"taxonomy":"ss_promo","embeddable":true,"href":"https:\/\/www.secondastrada.com\/it\/wp-json\/wp\/v2\/ss_promo?post=339437"},{"taxonomy":"ss_season","embeddable":true,"href":"https:\/\/www.secondastrada.com\/it\/wp-json\/wp\/v2\/ss_season?post=339437"},{"taxonomy":"product_cat","embeddable":true,"href":"https:\/\/www.secondastrada.com\/it\/wp-json\/wp\/v2\/product_cat?post=339437"},{"taxonomy":"product_tag","embeddable":true,"href":"https:\/\/www.secondastrada.com\/it\/wp-json\/wp\/v2\/product_tag?post=339437"}],"curies":[{"name":"wp","href":"https:\/\/api.w.org\/{rel}","templated":true}]}}