{"id":339470,"date":"2026-02-27T12:06:30","date_gmt":"2026-02-27T11:06:30","guid":{"rendered":"https:\/\/www.secondastrada.com\/it\/felpa-guess-beige-4\/"},"modified":"2026-04-10T10:12:50","modified_gmt":"2026-04-10T08:12:50","slug":"felpa-guess-beige-4","status":"publish","type":"product","link":"https:\/\/www.secondastrada.com\/it\/felpa-guess-beige-4\/","title":{"rendered":"Felpa Guess Beige"},"content":{"rendered":"<p><b>Felpa GUESS Beige da donna<\/b><br \/>\nLa Felpa GUESS Beige \u00e8 il capo perfetto per accompagnarti con stile nelle giornate pi\u00f9 dinamiche della stagione. Il colore beige, neutro e raffinato, dona luminosit\u00e0 al look e si abbina facilmente a tonalit\u00e0 chiare o pi\u00f9 decise. Realizzata in 48% poliestere, 42% viscosa e 10% elastane, offre morbidezza, comfort ed elasticit\u00e0, risultando una Felpa da donna adatta alla stagione primavera estate, ideale per i momenti di relax o per completare outfit sportivi chic.<br \/>Il design si distingue per cappuccio, tasche, zip, stripes laterali, dettagli che uniscono funzionalit\u00e0 e carattere contemporaneo. Il cappuccio aggiunge un tocco casual, la chiusura con zip garantisce praticit\u00e0, mentre le stripes laterali slanciano la silhouette con un accento dinamico. La vestibilit\u00e0 \u00e8 regolare, pensata per offrirti libert\u00e0 di movimento e comfort durante tutta la giornata. La modella \u00e8 alta 165 cm e indossa la taglia S, un riferimento utile per orientarti nella scelta della misura pi\u00f9 adatta.<br \/>Puoi indossarla nel tempo libero, di giorno per un look rilassato oppure di sera per un\u2019uscita informale in cui vuoi sentirti comoda ma curata. Si abbina facilmente a jeans per uno stile casual e contemporaneo, oppure a pantaloni coordinati per un outfit pi\u00f9 sportivo e armonioso.<br \/>Scegli la Felpa GUESS Beige per unire praticit\u00e0, qualit\u00e0 e stile in un unico capo versatile.<br \/>Tutti i prodotti su SecondaStrada.com sono originali. Codice articolo: W5YQ05 KBYE2 SB.<\/p>\n","protected":false},"excerpt":{"rendered":"<p>Felpa GUESS Beige da donna La Felpa GUESS Beige \u00e8 il capo perfetto per accompagnarti con stile nelle giornate pi\u00f9 dinamiche della stagione. Il colore beige, neutro e raffinato, dona luminosit\u00e0 al look e si abbina facilmente a tonalit\u00e0 chiare o pi\u00f9 decise. Realizzata in 48% poliestere, 42% viscosa e 10% elastane, offre morbidezza, comfort&#8230;<\/p>\n","protected":false},"featured_media":346691,"template":"","meta":{"inline_featured_image":false},"ss_brand":[1202],"ss_promo":[],"ss_season":[2531],"product_cat":[1329,1658,1474,2537],"product_tag":[1995],"class_list":{"0":"post-339470","1":"product","2":"type-product","3":"status-publish","4":"has-post-thumbnail","6":"ss_brand-guess-donna","7":"ss_season-pe26","8":"product_cat-abbigliamento-donna","9":"product_cat-collezione-donna","10":"product_cat-felpe-da-donna","11":"product_cat-set-coordinati-da-donna","12":"product_tag-nuovi-arrivi-donna","14":"first","15":"instock","16":"sale","17":"shipping-taxable","18":"purchasable","19":"product-type-variable","20":"has-default-attributes"},"acf":{"ss_brand":[{"term_id":1202,"name":"GUESS","slug":"guess-donna","term_group":0,"term_taxonomy_id":1202,"taxonomy":"ss_brand","description":"<strong>Abbigliamento donna Guess scontato: e ora chi ti ferma pi\u00f9?<\/strong> Sei alla ricerca di outfit in <strong>stile urban-chic<\/strong> e iper-femminili? Allora dai un\u2019occhiata alla nostra selezione di <strong>abbigliamento e accessori Guess<\/strong>! <strong>Lasciati ispirare e sfoglia le nostre proposte di capi e accessori Guess da donna scontatissimi!<\/strong>","parent":1201,"count":508,"filter":"raw"}],"ss_promo":false,"ss_season":[{"term_id":2531,"name":"PE26","slug":"pe26","term_group":0,"term_taxonomy_id":2531,"taxonomy":"ss_season","description":"","parent":0,"count":1422,"filter":"raw"}],"ss_old_price":"110,00","ss_omnibus_price":"0,00","ss_style_advice":"<p><b>Felpa GUESS Beige da donna<\/b><br \/>\nLa Felpa GUESS Beige \u00e8 il capo perfetto per accompagnarti con stile nelle giornate pi\u00f9 dinamiche della stagione. Il colore beige, neutro e raffinato, dona luminosit\u00e0 al look e si abbina facilmente a tonalit\u00e0 chiare o pi\u00f9 decise. Realizzata in 48% poliestere, 42% viscosa e 10% elastane, offre morbidezza, comfort ed elasticit\u00e0, risultando una Felpa da donna adatta alla stagione primavera estate, ideale per i momenti di relax o per completare outfit sportivi chic.<br \/>Il design si distingue per cappuccio, tasche, zip, stripes laterali, dettagli che uniscono funzionalit\u00e0 e carattere contemporaneo. Il cappuccio aggiunge un tocco casual, la chiusura con zip garantisce praticit\u00e0, mentre le stripes laterali slanciano la silhouette con un accento dinamico. La vestibilit\u00e0 \u00e8 regolare, pensata per offrirti libert\u00e0 di movimento e comfort durante tutta la giornata. La modella \u00e8 alta 165 cm e indossa la taglia S, un riferimento utile per orientarti nella scelta della misura pi\u00f9 adatta.<br \/>Puoi indossarla nel tempo libero, di giorno per un look rilassato oppure di sera per un\u2019uscita informale in cui vuoi sentirti comoda ma curata. Si abbina facilmente a jeans per uno stile casual e contemporaneo, oppure a pantaloni coordinati per un outfit pi\u00f9 sportivo e armonioso.<br \/>Scegli la Felpa GUESS Beige per unire praticit\u00e0, qualit\u00e0 e stile in un unico capo versatile.<br \/>Tutti i prodotti su SecondaStrada.com sono originali. Codice articolo: W5YQ05 KBYE2 SB.<\/p>\n","ss_composition":"<p>48% poliestere 42% viscosa 10% elastane<\/p>\n","ss_fit":"<p>La modella \u00e8 alta 165 cm e indossa la taglia S. La vestibilit\u00e0 del capo \u00e8 regolare.<\/p>\n"},"yoast_head":"<!-- This site is optimized with the Yoast SEO plugin v22.3 - https:\/\/yoast.com\/wordpress\/plugins\/seo\/ -->\n<title>Felpa Guess Beige - Acquista online! - Seconda Strada<\/title>\n<meta name=\"description\" content=\"Felpa Guess Beige \u27a4 Acquista online su Secondastrada.com Felpa Guess Beige \u2714\ufe0f Spedizione veloce entro 24h in tutta Italia \u2714\ufe0f Sconto sul tuo primo acquisto\" \/>\n<meta name=\"robots\" content=\"index, follow, max-snippet:-1, max-image-preview:large, max-video-preview:-1\" \/>\n<link rel=\"canonical\" href=\"https:\/\/www.secondastrada.com\/it\/felpa-guess-beige-4\/\" \/>\n<meta property=\"og:locale\" content=\"it_IT\" \/>\n<meta property=\"og:type\" content=\"article\" \/>\n<meta property=\"og:title\" content=\"Felpa Guess Beige - Acquista online! - Seconda Strada\" \/>\n<meta property=\"og:description\" content=\"Felpa Guess Beige \u27a4 Acquista online su Secondastrada.com Felpa Guess Beige \u2714\ufe0f Spedizione veloce entro 24h in tutta Italia \u2714\ufe0f Sconto sul tuo primo acquisto\" \/>\n<meta property=\"og:url\" content=\"https:\/\/www.secondastrada.com\/it\/felpa-guess-beige-4\/\" \/>\n<meta property=\"og:site_name\" content=\"Seconda Strada\" \/>\n<meta property=\"article:modified_time\" content=\"2026-04-10T08:12:50+00:00\" \/>\n<meta property=\"og:image\" content=\"https:\/\/www.secondastrada.com\/wp-content\/uploads\/2026\/02\/W5YQ05-KBYE2-SB_CAMEO-BEIGE_PE26_1.jpg\" \/>\n\t<meta property=\"og:image:width\" content=\"1000\" \/>\n\t<meta property=\"og:image:height\" content=\"1300\" \/>\n\t<meta property=\"og:image:type\" content=\"image\/jpeg\" \/>\n<meta name=\"twitter:card\" content=\"summary_large_image\" \/>\n<meta name=\"twitter:label1\" content=\"Tempo di lettura stimato\" \/>\n\t<meta name=\"twitter:data1\" content=\"1 minuto\" \/>\n<!-- \/ Yoast SEO plugin. -->","yoast_head_json":{"title":"Felpa Guess Beige - Acquista online! - Seconda Strada","description":"Felpa Guess Beige \u27a4 Acquista online su Secondastrada.com Felpa Guess Beige \u2714\ufe0f Spedizione veloce entro 24h in tutta Italia \u2714\ufe0f Sconto sul tuo primo acquisto","robots":{"index":"index","follow":"follow","max-snippet":"max-snippet:-1","max-image-preview":"max-image-preview:large","max-video-preview":"max-video-preview:-1"},"canonical":"https:\/\/www.secondastrada.com\/it\/felpa-guess-beige-4\/","og_locale":"it_IT","og_type":"article","og_title":"Felpa Guess Beige - Acquista online! - Seconda Strada","og_description":"Felpa Guess Beige \u27a4 Acquista online su Secondastrada.com Felpa Guess Beige \u2714\ufe0f Spedizione veloce entro 24h in tutta Italia \u2714\ufe0f Sconto sul tuo primo acquisto","og_url":"https:\/\/www.secondastrada.com\/it\/felpa-guess-beige-4\/","og_site_name":"Seconda Strada","article_modified_time":"2026-04-10T08:12:50+00:00","og_image":[{"width":1000,"height":1300,"url":"https:\/\/www.secondastrada.com\/wp-content\/uploads\/2026\/02\/W5YQ05-KBYE2-SB_CAMEO-BEIGE_PE26_1.jpg","type":"image\/jpeg"}],"twitter_card":"summary_large_image","twitter_misc":{"Tempo di lettura stimato":"1 minuto"},"schema":{"@context":"https:\/\/schema.org","@graph":[{"@type":"WebPage","@id":"https:\/\/www.secondastrada.com\/it\/felpa-guess-beige-4\/","url":"https:\/\/www.secondastrada.com\/it\/felpa-guess-beige-4\/","name":"Felpa Guess Beige - Acquista online! - Seconda Strada","isPartOf":{"@id":"https:\/\/www.secondastrada.com\/it\/#website"},"primaryImageOfPage":{"@id":"https:\/\/www.secondastrada.com\/it\/felpa-guess-beige-4\/#primaryimage"},"image":{"@id":"https:\/\/www.secondastrada.com\/it\/felpa-guess-beige-4\/#primaryimage"},"thumbnailUrl":"https:\/\/www.secondastrada.com\/wp-content\/uploads\/2026\/03\/W5YQ05-KBYE2-SB_CAMEO-BEIGE_PE26_1.jpg","datePublished":"2026-02-27T11:06:30+00:00","dateModified":"2026-04-10T08:12:50+00:00","description":"Felpa Guess Beige \u27a4 Acquista online su Secondastrada.com Felpa Guess Beige \u2714\ufe0f Spedizione veloce entro 24h in tutta Italia \u2714\ufe0f Sconto sul tuo primo acquisto","breadcrumb":{"@id":"https:\/\/www.secondastrada.com\/it\/felpa-guess-beige-4\/#breadcrumb"},"inLanguage":"it-IT","potentialAction":[{"@type":"ReadAction","target":["https:\/\/www.secondastrada.com\/it\/felpa-guess-beige-4\/"]}]},{"@type":"ImageObject","inLanguage":"it-IT","@id":"https:\/\/www.secondastrada.com\/it\/felpa-guess-beige-4\/#primaryimage","url":"https:\/\/www.secondastrada.com\/wp-content\/uploads\/2026\/03\/W5YQ05-KBYE2-SB_CAMEO-BEIGE_PE26_1.jpg","contentUrl":"https:\/\/www.secondastrada.com\/wp-content\/uploads\/2026\/03\/W5YQ05-KBYE2-SB_CAMEO-BEIGE_PE26_1.jpg","width":1000,"height":1300,"caption":"W5YQ05-KBYE2-SB_CAMEO-BEIGE_PE26"},{"@type":"BreadcrumbList","@id":"https:\/\/www.secondastrada.com\/it\/felpa-guess-beige-4\/#breadcrumb","itemListElement":[{"@type":"ListItem","position":1,"name":"Home","item":"https:\/\/www.secondastrada.com\/it\/"},{"@type":"ListItem","position":2,"name":"Shop","item":"https:\/\/www.secondastrada.com\/it\/shop\/"},{"@type":"ListItem","position":3,"name":"Donna","item":"https:\/\/www.secondastrada.com\/it\/collezione-donna\/"},{"@type":"ListItem","position":4,"name":"Abbigliamento","item":"https:\/\/www.secondastrada.com\/it\/collezione-donna\/abbigliamento-donna\/"},{"@type":"ListItem","position":5,"name":"Felpe","item":"https:\/\/www.secondastrada.com\/it\/collezione-donna\/abbigliamento-donna\/felpe-da-donna\/"},{"@type":"ListItem","position":6,"name":"Felpa Guess Beige"}]},{"@type":"WebSite","@id":"https:\/\/www.secondastrada.com\/it\/#website","url":"https:\/\/www.secondastrada.com\/it\/","name":"Seconda Strada","description":"","publisher":{"@id":"https:\/\/www.secondastrada.com\/it\/#organization"},"potentialAction":[{"@type":"SearchAction","target":{"@type":"EntryPoint","urlTemplate":"https:\/\/www.secondastrada.com\/it\/?s={search_term_string}"},"query-input":"required name=search_term_string"}],"inLanguage":"it-IT"},{"@type":"Organization","@id":"https:\/\/www.secondastrada.com\/it\/#organization","name":"Seconda Strada","url":"https:\/\/www.secondastrada.com\/it\/","logo":{"@type":"ImageObject","inLanguage":"it-IT","@id":"https:\/\/www.secondastrada.com\/it\/#\/schema\/logo\/image\/","url":"https:\/\/www.secondastrada.com\/wp-content\/uploads\/2023\/11\/secondastrada-logo.svg","contentUrl":"https:\/\/www.secondastrada.com\/wp-content\/uploads\/2023\/11\/secondastrada-logo.svg","width":353,"height":47,"caption":"Seconda Strada"},"image":{"@id":"https:\/\/www.secondastrada.com\/it\/#\/schema\/logo\/image\/"}}]}},"df_price":66,"df_sale_price":"","df_regular_price":66,"df_image_link":"https:\/\/www.secondastrada.com\/wp-content\/uploads\/2026\/03\/W5YQ05-KBYE2-SB_CAMEO-BEIGE_PE26_1-300x300.jpg","_links":{"self":[{"href":"https:\/\/www.secondastrada.com\/it\/wp-json\/wp\/v2\/product\/339470"}],"collection":[{"href":"https:\/\/www.secondastrada.com\/it\/wp-json\/wp\/v2\/product"}],"about":[{"href":"https:\/\/www.secondastrada.com\/it\/wp-json\/wp\/v2\/types\/product"}],"wp:featuredmedia":[{"embeddable":true,"href":"https:\/\/www.secondastrada.com\/it\/wp-json\/wp\/v2\/media\/346691"}],"wp:attachment":[{"href":"https:\/\/www.secondastrada.com\/it\/wp-json\/wp\/v2\/media?parent=339470"}],"wp:term":[{"taxonomy":"ss_brand","embeddable":true,"href":"https:\/\/www.secondastrada.com\/it\/wp-json\/wp\/v2\/ss_brand?post=339470"},{"taxonomy":"ss_promo","embeddable":true,"href":"https:\/\/www.secondastrada.com\/it\/wp-json\/wp\/v2\/ss_promo?post=339470"},{"taxonomy":"ss_season","embeddable":true,"href":"https:\/\/www.secondastrada.com\/it\/wp-json\/wp\/v2\/ss_season?post=339470"},{"taxonomy":"product_cat","embeddable":true,"href":"https:\/\/www.secondastrada.com\/it\/wp-json\/wp\/v2\/product_cat?post=339470"},{"taxonomy":"product_tag","embeddable":true,"href":"https:\/\/www.secondastrada.com\/it\/wp-json\/wp\/v2\/product_tag?post=339470"}],"curies":[{"name":"wp","href":"https:\/\/api.w.org\/{rel}","templated":true}]}}