{"id":339492,"date":"2026-02-26T10:19:17","date_gmt":"2026-02-26T09:19:17","guid":{"rendered":"https:\/\/www.secondastrada.com\/it\/abito-yes-zee-bianco-2\/"},"modified":"2026-04-14T11:09:07","modified_gmt":"2026-04-14T09:09:07","slug":"abito-yes-zee-bianco-2","status":"publish","type":"product","link":"https:\/\/www.secondastrada.com\/it\/abito-yes-zee-bianco-2\/","title":{"rendered":"Abito Yes Zee Bianco"},"content":{"rendered":"<p><b>Abito YES ZEE Bianco<\/b><br \/>\nFresco, femminile e versatile, questo abito da donna firmato YES ZEE \u00e8 la scelta perfetta per accompagnarti nelle giornate pi\u00f9 luminose. Il suo colore bianco, impreziosito da una fantasia floreale in vari colori, dona luce all\u2019incarnato e aggiunge un tocco romantico ma contemporaneo al tuo look.<br \/>Si tratta di un <b>abito spalline strette e spacco sul retro<\/b>, pensato per valorizzare la silhouette con discrezione. Le spalline sottili mettono in risalto le spalle, mentre lo spacco posteriore aggiunge movimento e comfort ad ogni passo. La vestibilit\u00e0 \u00e8 regolare: la modella \u00e8 alta 165 cm e indossa la taglia S.<br \/>Realizzato in 96% poliestere e 4% elastane, questo <b>abito da donna adatto alla stagione primavera estate<\/b> \u00e8 leggero, elasticizzato e piacevole da indossare per tutto il giorno. Perfetto nel tempo libero, per un\u2019uscita pomeridiana o una cena informale nelle sere estive, si adatta con facilit\u00e0 a diverse occasioni.<br \/>Abbinalo a sandali minimal e una borsa chiara per un look fresco e raffinato, oppure scegli sneakers e accessori colorati per uno stile pi\u00f9 dinamico e quotidiano.<br \/>Acquistando su SecondaStrada.com hai la garanzia di scegliere un capo originale YES ZEE. Codice articolo: A466 CL00.<\/p>\n","protected":false},"excerpt":{"rendered":"<p>Abito YES ZEE Bianco Fresco, femminile e versatile, questo abito da donna firmato YES ZEE \u00e8 la scelta perfetta per accompagnarti nelle giornate pi\u00f9 luminose. Il suo colore bianco, impreziosito da una fantasia floreale in vari colori, dona luce all\u2019incarnato e aggiunge un tocco romantico ma contemporaneo al tuo look.Si tratta di un abito spalline&#8230;<\/p>\n","protected":false},"featured_media":340078,"template":"","meta":{"inline_featured_image":false},"ss_brand":[1208],"ss_promo":[],"ss_season":[2531],"product_cat":[1329,1539,1658,2281,1611,1614,1609],"product_tag":[1795,2232,2403,2402,2404,2407,2188,1995],"class_list":{"0":"post-339492","1":"product","2":"type-product","3":"status-publish","4":"has-post-thumbnail","6":"ss_brand-yes-zee-donna","7":"ss_season-pe26","8":"product_cat-abbigliamento-donna","9":"product_cat-abiti-e-vestiti-da-donna","10":"product_cat-collezione-donna","11":"product_cat-vestiti-estivi-da-donna","12":"product_cat-vestiti-da-donna-floreali","13":"product_cat-vestiti-lunghi-da-donna","14":"product_cat-vestiti-da-donna-a-manica-corta","15":"product_tag-abiti-e-vestiti-yes-zee-donna","16":"product_tag-outfit-da-cerimonia-da-donna","17":"product_tag-look-da-festa-donna","18":"product_tag-look-da-mare-donna","19":"product_tag-look-da-primo-appuntamento-donna","20":"product_tag-look-da-sabato-sera-donna","21":"product_tag-ufficio-da-donna","22":"product_tag-nuovi-arrivi-donna","24":"first","25":"instock","26":"sale","27":"shipping-taxable","28":"purchasable","29":"product-type-variable","30":"has-default-attributes"},"acf":{"ss_brand":[{"term_id":1208,"name":"YES ZEE","slug":"yes-zee-donna","term_group":0,"term_taxonomy_id":1208,"taxonomy":"ss_brand","description":"Libera il tuo istinto fashion e lasciati ispirare dalle collezioni da donna <strong>Yes Zee<\/strong> sempre all\u2019avanguardia e non perdere le nostre <strong>offerte imbattibili<\/strong>!\u00a0Acquista online su SecondaStrada.com <strong>abbigliamento da donna Yes Zee scontatissimo<\/strong>!","parent":1201,"count":723,"filter":"raw"}],"ss_promo":false,"ss_season":[{"term_id":2531,"name":"PE26","slug":"pe26","term_group":0,"term_taxonomy_id":2531,"taxonomy":"ss_season","description":"","parent":0,"count":1294,"filter":"raw"}],"ss_old_price":"0,00","ss_omnibus_price":"0,00","ss_style_advice":"<p><b>Abito YES ZEE Bianco<\/b><br \/>\nFresco, femminile e versatile, questo abito da donna firmato YES ZEE \u00e8 la scelta perfetta per accompagnarti nelle giornate pi\u00f9 luminose. Il suo colore bianco, impreziosito da una fantasia floreale in vari colori, dona luce all\u2019incarnato e aggiunge un tocco romantico ma contemporaneo al tuo look.<br \/>Si tratta di un <b>abito spalline strette e spacco sul retro<\/b>, pensato per valorizzare la silhouette con discrezione. Le spalline sottili mettono in risalto le spalle, mentre lo spacco posteriore aggiunge movimento e comfort ad ogni passo. La vestibilit\u00e0 \u00e8 regolare: la modella \u00e8 alta 165 cm e indossa la taglia S.<br \/>Realizzato in 96% poliestere e 4% elastane, questo <b>abito da donna adatto alla stagione primavera estate<\/b> \u00e8 leggero, elasticizzato e piacevole da indossare per tutto il giorno. Perfetto nel tempo libero, per un\u2019uscita pomeridiana o una cena informale nelle sere estive, si adatta con facilit\u00e0 a diverse occasioni.<br \/>Abbinalo a sandali minimal e una borsa chiara per un look fresco e raffinato, oppure scegli sneakers e accessori colorati per uno stile pi\u00f9 dinamico e quotidiano.<br \/>Acquistando su SecondaStrada.com hai la garanzia di scegliere un capo originale YES ZEE. Codice articolo: A466 CL00.<\/p>\n","ss_composition":"<p>96% poliestere 4% elastane<\/p>\n","ss_fit":"<p>La modella \u00e8 alta 165 cm e indossa la taglia S. La vestibilit\u00e0 del capo \u00e8 regolare.<\/p>\n"},"yoast_head":"<!-- This site is optimized with the Yoast SEO plugin v22.3 - https:\/\/yoast.com\/wordpress\/plugins\/seo\/ -->\n<title>Abito Yes Zee Bianco - Acquista online! - Seconda Strada<\/title>\n<meta name=\"description\" content=\"Abito Yes Zee Bianco \u27a4 Acquista online su Secondastrada.com Abito Yes Zee Bianco \u2714\ufe0f Spedizione veloce entro 24h in tutta Italia \u2714\ufe0f Sconto sul tuo primo acquisto\" \/>\n<meta name=\"robots\" content=\"index, follow, max-snippet:-1, max-image-preview:large, max-video-preview:-1\" \/>\n<link rel=\"canonical\" href=\"https:\/\/www.secondastrada.com\/it\/abito-yes-zee-bianco-2\/\" \/>\n<meta property=\"og:locale\" content=\"it_IT\" \/>\n<meta property=\"og:type\" content=\"article\" \/>\n<meta property=\"og:title\" content=\"Abito Yes Zee Bianco - Acquista online! - Seconda Strada\" \/>\n<meta property=\"og:description\" content=\"Abito Yes Zee Bianco \u27a4 Acquista online su Secondastrada.com Abito Yes Zee Bianco \u2714\ufe0f Spedizione veloce entro 24h in tutta Italia \u2714\ufe0f Sconto sul tuo primo acquisto\" \/>\n<meta property=\"og:url\" content=\"https:\/\/www.secondastrada.com\/it\/abito-yes-zee-bianco-2\/\" \/>\n<meta property=\"og:site_name\" content=\"Seconda Strada\" \/>\n<meta property=\"article:modified_time\" content=\"2026-04-14T09:09:07+00:00\" \/>\n<meta property=\"og:image\" content=\"https:\/\/www.secondastrada.com\/wp-content\/uploads\/2026\/02\/A466-CL00_VARIANTE-GESSO_PE26_1.jpg\" \/>\n\t<meta property=\"og:image:width\" content=\"1000\" \/>\n\t<meta property=\"og:image:height\" content=\"1300\" \/>\n\t<meta property=\"og:image:type\" content=\"image\/jpeg\" \/>\n<meta name=\"twitter:card\" content=\"summary_large_image\" \/>\n<meta name=\"twitter:label1\" content=\"Tempo di lettura stimato\" \/>\n\t<meta name=\"twitter:data1\" content=\"1 minuto\" \/>\n<!-- \/ Yoast SEO plugin. -->","yoast_head_json":{"title":"Abito Yes Zee Bianco - Acquista online! - Seconda Strada","description":"Abito Yes Zee Bianco \u27a4 Acquista online su Secondastrada.com Abito Yes Zee Bianco \u2714\ufe0f Spedizione veloce entro 24h in tutta Italia \u2714\ufe0f Sconto sul tuo primo acquisto","robots":{"index":"index","follow":"follow","max-snippet":"max-snippet:-1","max-image-preview":"max-image-preview:large","max-video-preview":"max-video-preview:-1"},"canonical":"https:\/\/www.secondastrada.com\/it\/abito-yes-zee-bianco-2\/","og_locale":"it_IT","og_type":"article","og_title":"Abito Yes Zee Bianco - Acquista online! - Seconda Strada","og_description":"Abito Yes Zee Bianco \u27a4 Acquista online su Secondastrada.com Abito Yes Zee Bianco \u2714\ufe0f Spedizione veloce entro 24h in tutta Italia \u2714\ufe0f Sconto sul tuo primo acquisto","og_url":"https:\/\/www.secondastrada.com\/it\/abito-yes-zee-bianco-2\/","og_site_name":"Seconda Strada","article_modified_time":"2026-04-14T09:09:07+00:00","og_image":[{"width":1000,"height":1300,"url":"https:\/\/www.secondastrada.com\/wp-content\/uploads\/2026\/02\/A466-CL00_VARIANTE-GESSO_PE26_1.jpg","type":"image\/jpeg"}],"twitter_card":"summary_large_image","twitter_misc":{"Tempo di lettura stimato":"1 minuto"},"schema":{"@context":"https:\/\/schema.org","@graph":[{"@type":"WebPage","@id":"https:\/\/www.secondastrada.com\/it\/abito-yes-zee-bianco-2\/","url":"https:\/\/www.secondastrada.com\/it\/abito-yes-zee-bianco-2\/","name":"Abito Yes Zee Bianco - Acquista online! - Seconda Strada","isPartOf":{"@id":"https:\/\/www.secondastrada.com\/it\/#website"},"primaryImageOfPage":{"@id":"https:\/\/www.secondastrada.com\/it\/abito-yes-zee-bianco-2\/#primaryimage"},"image":{"@id":"https:\/\/www.secondastrada.com\/it\/abito-yes-zee-bianco-2\/#primaryimage"},"thumbnailUrl":"https:\/\/www.secondastrada.com\/wp-content\/uploads\/2026\/02\/A466-CL00_VARIANTE-GESSO_PE26_1.jpg","datePublished":"2026-02-26T09:19:17+00:00","dateModified":"2026-04-14T09:09:07+00:00","description":"Abito Yes Zee Bianco \u27a4 Acquista online su Secondastrada.com Abito Yes Zee Bianco \u2714\ufe0f Spedizione veloce entro 24h in tutta Italia \u2714\ufe0f Sconto sul tuo primo acquisto","breadcrumb":{"@id":"https:\/\/www.secondastrada.com\/it\/abito-yes-zee-bianco-2\/#breadcrumb"},"inLanguage":"it-IT","potentialAction":[{"@type":"ReadAction","target":["https:\/\/www.secondastrada.com\/it\/abito-yes-zee-bianco-2\/"]}]},{"@type":"ImageObject","inLanguage":"it-IT","@id":"https:\/\/www.secondastrada.com\/it\/abito-yes-zee-bianco-2\/#primaryimage","url":"https:\/\/www.secondastrada.com\/wp-content\/uploads\/2026\/02\/A466-CL00_VARIANTE-GESSO_PE26_1.jpg","contentUrl":"https:\/\/www.secondastrada.com\/wp-content\/uploads\/2026\/02\/A466-CL00_VARIANTE-GESSO_PE26_1.jpg","width":1000,"height":1300,"caption":"A466-CL00_VARIANTE-GESSO_PE26"},{"@type":"BreadcrumbList","@id":"https:\/\/www.secondastrada.com\/it\/abito-yes-zee-bianco-2\/#breadcrumb","itemListElement":[{"@type":"ListItem","position":1,"name":"Home","item":"https:\/\/www.secondastrada.com\/it\/"},{"@type":"ListItem","position":2,"name":"Shop","item":"https:\/\/www.secondastrada.com\/it\/shop\/"},{"@type":"ListItem","position":3,"name":"Donna","item":"https:\/\/www.secondastrada.com\/it\/collezione-donna\/"},{"@type":"ListItem","position":4,"name":"Abbigliamento","item":"https:\/\/www.secondastrada.com\/it\/collezione-donna\/abbigliamento-donna\/"},{"@type":"ListItem","position":5,"name":"Abiti e Vestiti","item":"https:\/\/www.secondastrada.com\/it\/collezione-donna\/abbigliamento-donna\/abiti-e-vestiti-da-donna\/"},{"@type":"ListItem","position":6,"name":"Vestiti estivi","item":"https:\/\/www.secondastrada.com\/it\/collezione-donna\/abbigliamento-donna\/abiti-e-vestiti-da-donna\/vestiti-estivi-da-donna\/"},{"@type":"ListItem","position":7,"name":"Abito Yes Zee Bianco"}]},{"@type":"WebSite","@id":"https:\/\/www.secondastrada.com\/it\/#website","url":"https:\/\/www.secondastrada.com\/it\/","name":"Seconda Strada","description":"","publisher":{"@id":"https:\/\/www.secondastrada.com\/it\/#organization"},"potentialAction":[{"@type":"SearchAction","target":{"@type":"EntryPoint","urlTemplate":"https:\/\/www.secondastrada.com\/it\/?s={search_term_string}"},"query-input":"required name=search_term_string"}],"inLanguage":"it-IT"},{"@type":"Organization","@id":"https:\/\/www.secondastrada.com\/it\/#organization","name":"Seconda Strada","url":"https:\/\/www.secondastrada.com\/it\/","logo":{"@type":"ImageObject","inLanguage":"it-IT","@id":"https:\/\/www.secondastrada.com\/it\/#\/schema\/logo\/image\/","url":"https:\/\/www.secondastrada.com\/wp-content\/uploads\/2023\/11\/secondastrada-logo.svg","contentUrl":"https:\/\/www.secondastrada.com\/wp-content\/uploads\/2023\/11\/secondastrada-logo.svg","width":353,"height":47,"caption":"Seconda Strada"},"image":{"@id":"https:\/\/www.secondastrada.com\/it\/#\/schema\/logo\/image\/"}}]}},"df_price":87.92,"df_sale_price":"","df_regular_price":87.92,"df_image_link":"https:\/\/www.secondastrada.com\/wp-content\/uploads\/2026\/02\/A466-CL00_VARIANTE-GESSO_PE26_1-300x300.jpg","_links":{"self":[{"href":"https:\/\/www.secondastrada.com\/it\/wp-json\/wp\/v2\/product\/339492"}],"collection":[{"href":"https:\/\/www.secondastrada.com\/it\/wp-json\/wp\/v2\/product"}],"about":[{"href":"https:\/\/www.secondastrada.com\/it\/wp-json\/wp\/v2\/types\/product"}],"wp:featuredmedia":[{"embeddable":true,"href":"https:\/\/www.secondastrada.com\/it\/wp-json\/wp\/v2\/media\/340078"}],"wp:attachment":[{"href":"https:\/\/www.secondastrada.com\/it\/wp-json\/wp\/v2\/media?parent=339492"}],"wp:term":[{"taxonomy":"ss_brand","embeddable":true,"href":"https:\/\/www.secondastrada.com\/it\/wp-json\/wp\/v2\/ss_brand?post=339492"},{"taxonomy":"ss_promo","embeddable":true,"href":"https:\/\/www.secondastrada.com\/it\/wp-json\/wp\/v2\/ss_promo?post=339492"},{"taxonomy":"ss_season","embeddable":true,"href":"https:\/\/www.secondastrada.com\/it\/wp-json\/wp\/v2\/ss_season?post=339492"},{"taxonomy":"product_cat","embeddable":true,"href":"https:\/\/www.secondastrada.com\/it\/wp-json\/wp\/v2\/product_cat?post=339492"},{"taxonomy":"product_tag","embeddable":true,"href":"https:\/\/www.secondastrada.com\/it\/wp-json\/wp\/v2\/product_tag?post=339492"}],"curies":[{"name":"wp","href":"https:\/\/api.w.org\/{rel}","templated":true}]}}