{"id":339704,"date":"2026-02-26T10:39:45","date_gmt":"2026-02-26T09:39:45","guid":{"rendered":"https:\/\/www.secondastrada.com\/it\/t-shirt-yes-zee-nera-2\/"},"modified":"2026-04-16T21:32:57","modified_gmt":"2026-04-16T19:32:57","slug":"t-shirt-yes-zee-nera-2","status":"publish","type":"product","link":"https:\/\/www.secondastrada.com\/it\/t-shirt-yes-zee-nera-2\/","title":{"rendered":"T-shirt Yes Zee Nera"},"content":{"rendered":"<p><b>T-shirt YES ZEE Nera<\/b><br \/>\nEssenziale ma con carattere, la T-shirt YES ZEE Nera \u00e8 il capo perfetto per chi ama uno stile minimal arricchito da dettagli luminosi. Il nero, intramontabile e sempre elegante, si abbina con facilit\u00e0 a qualsiasi outfit, mentre il logo brand dorato aggiunge un tocco brillante che valorizza il design con discrezione.<br \/>Questa \u00e8 una <b>T-shirt con logo brand dorato<\/b>, pensata per accompagnarti con naturalezza nelle giornate pi\u00f9 dinamiche. La vestibilit\u00e0 regolare assicura comfort e una linea armoniosa, adattandosi facilmente a diverse silhouette. La modella \u00e8 alta 165 cm e indossa la taglia S, un riferimento utile per orientarti nella scelta della misura pi\u00f9 adatta.<br \/>Realizzata in 95% cotone e 5% elastane, questa <b>T-shirt da donna adatta alla stagione primavera estate<\/b> \u00e8 morbida, traspirante e leggermente elasticizzata, ideale da indossare nel tempo libero in occasioni casual, durante una passeggiata o per un\u2019uscita informale con le amiche.<br \/>Puoi abbinarla con jeans e sneakers per un look pratico e contemporaneo, oppure con pantaloni eleganti e sandali per un outfit pi\u00f9 ricercato ma sempre equilibrato.<br \/>Su SecondaStrada.com trovi solo capi originali YES ZEE, selezionati con attenzione. Codice articolo: T257 S700.<\/p>\n","protected":false},"excerpt":{"rendered":"<p>T-shirt YES ZEE Nera Essenziale ma con carattere, la T-shirt YES ZEE Nera \u00e8 il capo perfetto per chi ama uno stile minimal arricchito da dettagli luminosi. Il nero, intramontabile e sempre elegante, si abbina con facilit\u00e0 a qualsiasi outfit, mentre il logo brand dorato aggiunge un tocco brillante che valorizza il design con discrezione.Questa&#8230;<\/p>\n","protected":false},"featured_media":340130,"template":"","meta":{"inline_featured_image":false},"ss_brand":[1208],"ss_promo":[],"ss_season":[2531],"product_cat":[1329,1658,1822,1337,2275],"product_tag":[1995,1797],"class_list":{"0":"post-339704","1":"product","2":"type-product","3":"status-publish","4":"has-post-thumbnail","6":"ss_brand-yes-zee-donna","7":"ss_season-pe26","8":"product_cat-abbigliamento-donna","9":"product_cat-collezione-donna","10":"product_cat-t-shirt-da-donna","11":"product_cat-t-shirt-e-top-da-donna","12":"product_cat-t-shirt-in-cotone-da-donna","13":"product_tag-nuovi-arrivi-donna","14":"product_tag-t-shirt-e-top-yes-zee-donna","16":"first","17":"instock","18":"sale","19":"shipping-taxable","20":"purchasable","21":"product-type-variable","22":"has-default-attributes"},"acf":{"ss_brand":[{"term_id":1208,"name":"YES ZEE","slug":"yes-zee-donna","term_group":0,"term_taxonomy_id":1208,"taxonomy":"ss_brand","description":"Libera il tuo istinto fashion e lasciati ispirare dalle collezioni da donna <strong>Yes Zee<\/strong> sempre all\u2019avanguardia e non perdere le nostre <strong>offerte imbattibili<\/strong>!\u00a0Acquista online su SecondaStrada.com <strong>abbigliamento da donna Yes Zee scontatissimo<\/strong>!","parent":1201,"count":723,"filter":"raw"}],"ss_promo":false,"ss_season":[{"term_id":2531,"name":"PE26","slug":"pe26","term_group":0,"term_taxonomy_id":2531,"taxonomy":"ss_season","description":"","parent":0,"count":1337,"filter":"raw"}],"ss_old_price":"0,00","ss_omnibus_price":"0,00","ss_style_advice":"<p><b>T-shirt YES ZEE Nera<\/b><br \/>\nEssenziale ma con carattere, la T-shirt YES ZEE Nera \u00e8 il capo perfetto per chi ama uno stile minimal arricchito da dettagli luminosi. Il nero, intramontabile e sempre elegante, si abbina con facilit\u00e0 a qualsiasi outfit, mentre il logo brand dorato aggiunge un tocco brillante che valorizza il design con discrezione.<br \/>Questa \u00e8 una <b>T-shirt con logo brand dorato<\/b>, pensata per accompagnarti con naturalezza nelle giornate pi\u00f9 dinamiche. La vestibilit\u00e0 regolare assicura comfort e una linea armoniosa, adattandosi facilmente a diverse silhouette. La modella \u00e8 alta 165 cm e indossa la taglia S, un riferimento utile per orientarti nella scelta della misura pi\u00f9 adatta.<br \/>Realizzata in 95% cotone e 5% elastane, questa <b>T-shirt da donna adatta alla stagione primavera estate<\/b> \u00e8 morbida, traspirante e leggermente elasticizzata, ideale da indossare nel tempo libero in occasioni casual, durante una passeggiata o per un\u2019uscita informale con le amiche.<br \/>Puoi abbinarla con jeans e sneakers per un look pratico e contemporaneo, oppure con pantaloni eleganti e sandali per un outfit pi\u00f9 ricercato ma sempre equilibrato.<br \/>Su SecondaStrada.com trovi solo capi originali YES ZEE, selezionati con attenzione. Codice articolo: T257 S700.<\/p>\n","ss_composition":"<p>95% cotone 5% elastane<\/p>\n","ss_fit":"<p>La modella \u00e8 alta 165 cm e indossa la taglia S. La vestibilit\u00e0 del capo \u00e8 regolare.<\/p>\n"},"yoast_head":"<!-- This site is optimized with the Yoast SEO plugin v22.3 - https:\/\/yoast.com\/wordpress\/plugins\/seo\/ -->\n<title>T-shirt Yes Zee Nera - Acquista online! - Seconda Strada<\/title>\n<meta name=\"description\" content=\"T-shirt Yes Zee Nera \u27a4 Acquista online su Secondastrada.com T-shirt Yes Zee Nera \u2714\ufe0f Spedizione veloce entro 24h in tutta Italia \u2714\ufe0f Sconto sul tuo primo acquisto\" \/>\n<meta name=\"robots\" content=\"index, follow, max-snippet:-1, max-image-preview:large, max-video-preview:-1\" \/>\n<link rel=\"canonical\" href=\"https:\/\/www.secondastrada.com\/it\/t-shirt-yes-zee-nera-2\/\" \/>\n<meta property=\"og:locale\" content=\"it_IT\" \/>\n<meta property=\"og:type\" content=\"article\" \/>\n<meta property=\"og:title\" content=\"T-shirt Yes Zee Nera - Acquista online! - Seconda Strada\" \/>\n<meta property=\"og:description\" content=\"T-shirt Yes Zee Nera \u27a4 Acquista online su Secondastrada.com T-shirt Yes Zee Nera \u2714\ufe0f Spedizione veloce entro 24h in tutta Italia \u2714\ufe0f Sconto sul tuo primo acquisto\" \/>\n<meta property=\"og:url\" content=\"https:\/\/www.secondastrada.com\/it\/t-shirt-yes-zee-nera-2\/\" \/>\n<meta property=\"og:site_name\" content=\"Seconda Strada\" \/>\n<meta property=\"article:modified_time\" content=\"2026-04-16T19:32:57+00:00\" \/>\n<meta name=\"twitter:card\" content=\"summary_large_image\" \/>\n<meta name=\"twitter:label1\" content=\"Tempo di lettura stimato\" \/>\n\t<meta name=\"twitter:data1\" content=\"1 minuto\" \/>\n<!-- \/ Yoast SEO plugin. -->","yoast_head_json":{"title":"T-shirt Yes Zee Nera - Acquista online! - Seconda Strada","description":"T-shirt Yes Zee Nera \u27a4 Acquista online su Secondastrada.com T-shirt Yes Zee Nera \u2714\ufe0f Spedizione veloce entro 24h in tutta Italia \u2714\ufe0f Sconto sul tuo primo acquisto","robots":{"index":"index","follow":"follow","max-snippet":"max-snippet:-1","max-image-preview":"max-image-preview:large","max-video-preview":"max-video-preview:-1"},"canonical":"https:\/\/www.secondastrada.com\/it\/t-shirt-yes-zee-nera-2\/","og_locale":"it_IT","og_type":"article","og_title":"T-shirt Yes Zee Nera - Acquista online! - Seconda Strada","og_description":"T-shirt Yes Zee Nera \u27a4 Acquista online su Secondastrada.com T-shirt Yes Zee Nera \u2714\ufe0f Spedizione veloce entro 24h in tutta Italia \u2714\ufe0f Sconto sul tuo primo acquisto","og_url":"https:\/\/www.secondastrada.com\/it\/t-shirt-yes-zee-nera-2\/","og_site_name":"Seconda Strada","article_modified_time":"2026-04-16T19:32:57+00:00","twitter_card":"summary_large_image","twitter_misc":{"Tempo di lettura stimato":"1 minuto"},"schema":{"@context":"https:\/\/schema.org","@graph":[{"@type":"WebPage","@id":"https:\/\/www.secondastrada.com\/it\/t-shirt-yes-zee-nera-2\/","url":"https:\/\/www.secondastrada.com\/it\/t-shirt-yes-zee-nera-2\/","name":"T-shirt Yes Zee Nera - Acquista online! - Seconda Strada","isPartOf":{"@id":"https:\/\/www.secondastrada.com\/it\/#website"},"primaryImageOfPage":{"@id":"https:\/\/www.secondastrada.com\/it\/t-shirt-yes-zee-nera-2\/#primaryimage"},"image":{"@id":"https:\/\/www.secondastrada.com\/it\/t-shirt-yes-zee-nera-2\/#primaryimage"},"thumbnailUrl":"https:\/\/www.secondastrada.com\/wp-content\/uploads\/2026\/02\/T257-S700_NERO_PE26_1.jpg","datePublished":"2026-02-26T09:39:45+00:00","dateModified":"2026-04-16T19:32:57+00:00","description":"T-shirt Yes Zee Nera \u27a4 Acquista online su Secondastrada.com T-shirt Yes Zee Nera \u2714\ufe0f Spedizione veloce entro 24h in tutta Italia \u2714\ufe0f Sconto sul tuo primo acquisto","breadcrumb":{"@id":"https:\/\/www.secondastrada.com\/it\/t-shirt-yes-zee-nera-2\/#breadcrumb"},"inLanguage":"it-IT","potentialAction":[{"@type":"ReadAction","target":["https:\/\/www.secondastrada.com\/it\/t-shirt-yes-zee-nera-2\/"]}]},{"@type":"ImageObject","inLanguage":"it-IT","@id":"https:\/\/www.secondastrada.com\/it\/t-shirt-yes-zee-nera-2\/#primaryimage","url":"https:\/\/www.secondastrada.com\/wp-content\/uploads\/2026\/02\/T257-S700_NERO_PE26_1.jpg","contentUrl":"https:\/\/www.secondastrada.com\/wp-content\/uploads\/2026\/02\/T257-S700_NERO_PE26_1.jpg","width":1000,"height":1300,"caption":"T257-S700_NERO_PE26"},{"@type":"BreadcrumbList","@id":"https:\/\/www.secondastrada.com\/it\/t-shirt-yes-zee-nera-2\/#breadcrumb","itemListElement":[{"@type":"ListItem","position":1,"name":"Home","item":"https:\/\/www.secondastrada.com\/it\/"},{"@type":"ListItem","position":2,"name":"Shop","item":"https:\/\/www.secondastrada.com\/it\/shop\/"},{"@type":"ListItem","position":3,"name":"Donna","item":"https:\/\/www.secondastrada.com\/it\/collezione-donna\/"},{"@type":"ListItem","position":4,"name":"Abbigliamento","item":"https:\/\/www.secondastrada.com\/it\/collezione-donna\/abbigliamento-donna\/"},{"@type":"ListItem","position":5,"name":"T-shirt e Top","item":"https:\/\/www.secondastrada.com\/it\/collezione-donna\/abbigliamento-donna\/t-shirt-e-top-da-donna\/"},{"@type":"ListItem","position":6,"name":"T-shirt","item":"https:\/\/www.secondastrada.com\/it\/collezione-donna\/abbigliamento-donna\/t-shirt-e-top-da-donna\/t-shirt-da-donna\/"},{"@type":"ListItem","position":7,"name":"T-shirt Yes Zee Nera"}]},{"@type":"WebSite","@id":"https:\/\/www.secondastrada.com\/it\/#website","url":"https:\/\/www.secondastrada.com\/it\/","name":"Seconda Strada","description":"","publisher":{"@id":"https:\/\/www.secondastrada.com\/it\/#organization"},"potentialAction":[{"@type":"SearchAction","target":{"@type":"EntryPoint","urlTemplate":"https:\/\/www.secondastrada.com\/it\/?s={search_term_string}"},"query-input":"required name=search_term_string"}],"inLanguage":"it-IT"},{"@type":"Organization","@id":"https:\/\/www.secondastrada.com\/it\/#organization","name":"Seconda Strada","url":"https:\/\/www.secondastrada.com\/it\/","logo":{"@type":"ImageObject","inLanguage":"it-IT","@id":"https:\/\/www.secondastrada.com\/it\/#\/schema\/logo\/image\/","url":"https:\/\/www.secondastrada.com\/wp-content\/uploads\/2023\/11\/secondastrada-logo.svg","contentUrl":"https:\/\/www.secondastrada.com\/wp-content\/uploads\/2023\/11\/secondastrada-logo.svg","width":353,"height":47,"caption":"Seconda Strada"},"image":{"@id":"https:\/\/www.secondastrada.com\/it\/#\/schema\/logo\/image\/"}}]}},"df_price":14.94,"df_sale_price":"","df_regular_price":14.94,"df_image_link":"https:\/\/www.secondastrada.com\/wp-content\/uploads\/2026\/02\/T257-S700_NERO_PE26_1-300x300.jpg","_links":{"self":[{"href":"https:\/\/www.secondastrada.com\/it\/wp-json\/wp\/v2\/product\/339704"}],"collection":[{"href":"https:\/\/www.secondastrada.com\/it\/wp-json\/wp\/v2\/product"}],"about":[{"href":"https:\/\/www.secondastrada.com\/it\/wp-json\/wp\/v2\/types\/product"}],"wp:featuredmedia":[{"embeddable":true,"href":"https:\/\/www.secondastrada.com\/it\/wp-json\/wp\/v2\/media\/340130"}],"wp:attachment":[{"href":"https:\/\/www.secondastrada.com\/it\/wp-json\/wp\/v2\/media?parent=339704"}],"wp:term":[{"taxonomy":"ss_brand","embeddable":true,"href":"https:\/\/www.secondastrada.com\/it\/wp-json\/wp\/v2\/ss_brand?post=339704"},{"taxonomy":"ss_promo","embeddable":true,"href":"https:\/\/www.secondastrada.com\/it\/wp-json\/wp\/v2\/ss_promo?post=339704"},{"taxonomy":"ss_season","embeddable":true,"href":"https:\/\/www.secondastrada.com\/it\/wp-json\/wp\/v2\/ss_season?post=339704"},{"taxonomy":"product_cat","embeddable":true,"href":"https:\/\/www.secondastrada.com\/it\/wp-json\/wp\/v2\/product_cat?post=339704"},{"taxonomy":"product_tag","embeddable":true,"href":"https:\/\/www.secondastrada.com\/it\/wp-json\/wp\/v2\/product_tag?post=339704"}],"curies":[{"name":"wp","href":"https:\/\/api.w.org\/{rel}","templated":true}]}}