{"id":339957,"date":"2026-02-26T14:46:57","date_gmt":"2026-02-26T13:46:57","guid":{"rendered":"https:\/\/www.secondastrada.com\/it\/t-shirt-guess-bianca-2\/"},"modified":"2026-04-10T10:12:06","modified_gmt":"2026-04-10T08:12:06","slug":"t-shirt-guess-bianca-2","status":"publish","type":"product","link":"https:\/\/www.secondastrada.com\/it\/t-shirt-guess-bianca-2\/","title":{"rendered":"T-shirt Guess Bianca"},"content":{"rendered":"<p><b>T-shirt GUESS Bianca da uomo \u2013 Essenziale, pulita, sempre attuale<\/b><\/p>\n<p>La <b>T-shirt GUESS Bianca<\/b> \u00e8 un capo intramontabile che unisce semplicit\u00e0 e stile contemporaneo. Perfetta per chi ama un look curato ma discreto, si distingue per il <b>logo Guess ricamato tono su tono<\/b>, un dettaglio raffinato che aggiunge personalit\u00e0 senza eccessi. Il colore bianco, luminoso e versatile, la rende un must-have del guardaroba maschile.<br \/>Realizzata in 95% cotone e 5% spandex, offre comfort, traspirabilit\u00e0 e una leggera elasticit\u00e0 che assicura libert\u00e0 di movimento durante tutta la giornata. \u00c8 una <b>T-shirt da uomo adatta alla stagione primavera estate<\/b>, ideale da indossare nel tempo libero, durante un\u2019uscita informale o nei weekend all\u2019aria aperta. La vestibilit\u00e0 \u00e8 regolare: il modello \u00e8 alto 187 cm e indossa la taglia L, un riferimento utile per scegliere la misura pi\u00f9 adatta.<br \/>Questa <b>T-shirt con logo guess ricamato tono su tono<\/b> si presta a molteplici abbinamenti: indossala con jeans e sneakers per un look casual e moderno, oppure con bermuda e scarpe basse per uno stile fresco e rilassato nelle giornate pi\u00f9 calde. \u00c8 il capo giusto quando vuoi sentirti a tuo agio senza rinunciare a un tocco iconico firmato GUESS.<br \/>Scegli la qualit\u00e0 e l\u2019autenticit\u00e0 di un brand internazionale. Tutti i prodotti su SecondaStrada.com sono originali e selezionati con cura. <br \/><b>Codice articolo: M 4GI70 KC9X0 SB<\/b><\/p>\n","protected":false},"excerpt":{"rendered":"<p>T-shirt GUESS Bianca da uomo \u2013 Essenziale, pulita, sempre attuale La T-shirt GUESS Bianca \u00e8 un capo intramontabile che unisce semplicit\u00e0 e stile contemporaneo. Perfetta per chi ama un look curato ma discreto, si distingue per il logo Guess ricamato tono su tono, un dettaglio raffinato che aggiunge personalit\u00e0 senza eccessi. Il colore bianco, luminoso&#8230;<\/p>\n","protected":false},"featured_media":339903,"template":"","meta":{"inline_featured_image":false},"ss_brand":[1287],"ss_promo":[],"ss_season":[2531],"product_cat":[1332,1479,2276,1714],"product_tag":[1739],"class_list":{"0":"post-339957","1":"product","2":"type-product","3":"status-publish","4":"has-post-thumbnail","6":"ss_brand-guess-uomo","7":"ss_season-pe26","8":"product_cat-abbigliamento-uomo","9":"product_cat-t-shirt-da-uomo","10":"product_cat-t-shirt-in-cotone-da-uomo","11":"product_cat-collezione-uomo","12":"product_tag-t-shirt-guess-uomo","14":"first","15":"instock","16":"sale","17":"shipping-taxable","18":"purchasable","19":"product-type-variable","20":"has-default-attributes"},"acf":{"ss_brand":[{"term_id":1287,"name":"GUESS","slug":"guess-uomo","term_group":0,"term_taxonomy_id":1287,"taxonomy":"ss_brand","description":"<strong>Abbigliamento uomo Guess scontato: osa di pi\u00f9!<\/strong> Mixare raffinatezza francese e spirito californiano in uno <strong>stile originale<\/strong>? Si pu\u00f2 con <strong>Guess<\/strong>! Il brand infatti ha origine negli Stati Uniti dall'idea di due fratelli francesi. Guess crea collezioni di <strong>abbigliamento e accessori per uomo<\/strong> che non passano mai di moda: anche i capi pi\u00f9 classici hanno uno stile inedito! Scopri sul nostro store online la collezione di abbigliamento e accessori da uomo pi\u00f9 glamour che c\u2019\u00e8 a <strong>prezzi imbattibili<\/strong>!","parent":1268,"count":233,"filter":"raw"}],"ss_promo":false,"ss_season":[{"term_id":2531,"name":"PE26","slug":"pe26","term_group":0,"term_taxonomy_id":2531,"taxonomy":"ss_season","description":"","parent":0,"count":1294,"filter":"raw"}],"ss_old_price":"45,00","ss_omnibus_price":"0,00","ss_style_advice":"<p><b>T-shirt GUESS Bianca da uomo \u2013 Essenziale, pulita, sempre attuale<\/b><\/p>\n<p>La <b>T-shirt GUESS Bianca<\/b> \u00e8 un capo intramontabile che unisce semplicit\u00e0 e stile contemporaneo. Perfetta per chi ama un look curato ma discreto, si distingue per il <b>logo Guess ricamato tono su tono<\/b>, un dettaglio raffinato che aggiunge personalit\u00e0 senza eccessi. Il colore bianco, luminoso e versatile, la rende un must-have del guardaroba maschile.<br \/>Realizzata in 95% cotone e 5% spandex, offre comfort, traspirabilit\u00e0 e una leggera elasticit\u00e0 che assicura libert\u00e0 di movimento durante tutta la giornata. \u00c8 una <b>T-shirt da uomo adatta alla stagione primavera estate<\/b>, ideale da indossare nel tempo libero, durante un\u2019uscita informale o nei weekend all\u2019aria aperta. La vestibilit\u00e0 \u00e8 regolare: il modello \u00e8 alto 187 cm e indossa la taglia L, un riferimento utile per scegliere la misura pi\u00f9 adatta.<br \/>Questa <b>T-shirt con logo guess ricamato tono su tono<\/b> si presta a molteplici abbinamenti: indossala con jeans e sneakers per un look casual e moderno, oppure con bermuda e scarpe basse per uno stile fresco e rilassato nelle giornate pi\u00f9 calde. \u00c8 il capo giusto quando vuoi sentirti a tuo agio senza rinunciare a un tocco iconico firmato GUESS.<br \/>Scegli la qualit\u00e0 e l\u2019autenticit\u00e0 di un brand internazionale. Tutti i prodotti su SecondaStrada.com sono originali e selezionati con cura. <br \/><b>Codice articolo: M 4GI70 KC9X0 SB<\/b><\/p>\n","ss_composition":"<p>95% cotone 5% spandex<\/p>\n","ss_fit":"<p>Il modello \u00e8 alto 187 cm e veste la taglia L. La vestibilit\u00e0 del capo \u00e8 regolare.<\/p>\n"},"yoast_head":"<!-- This site is optimized with the Yoast SEO plugin v22.3 - https:\/\/yoast.com\/wordpress\/plugins\/seo\/ -->\n<title>T-shirt Guess Bianca - Acquista online! - Seconda Strada<\/title>\n<meta name=\"description\" content=\"T-shirt Guess Bianca \u27a4 Acquista online su Secondastrada.com T-shirt Guess Bianca \u2714\ufe0f Spedizione veloce entro 24h in tutta Italia \u2714\ufe0f Sconto sul tuo primo acquisto\" \/>\n<meta name=\"robots\" content=\"index, follow, max-snippet:-1, max-image-preview:large, max-video-preview:-1\" \/>\n<link rel=\"canonical\" href=\"https:\/\/www.secondastrada.com\/it\/t-shirt-guess-bianca-2\/\" \/>\n<meta property=\"og:locale\" content=\"it_IT\" \/>\n<meta property=\"og:type\" content=\"article\" \/>\n<meta property=\"og:title\" content=\"T-shirt Guess Bianca - Acquista online! - Seconda Strada\" \/>\n<meta property=\"og:description\" content=\"T-shirt Guess Bianca \u27a4 Acquista online su Secondastrada.com T-shirt Guess Bianca \u2714\ufe0f Spedizione veloce entro 24h in tutta Italia \u2714\ufe0f Sconto sul tuo primo acquisto\" \/>\n<meta property=\"og:url\" content=\"https:\/\/www.secondastrada.com\/it\/t-shirt-guess-bianca-2\/\" \/>\n<meta property=\"og:site_name\" content=\"Seconda Strada\" \/>\n<meta property=\"article:modified_time\" content=\"2026-04-10T08:12:06+00:00\" \/>\n<meta property=\"og:image\" content=\"https:\/\/www.secondastrada.com\/wp-content\/uploads\/2026\/02\/M-4GI70-KC9X0-SB_PURE-WHITE_PE26_1.jpg\" \/>\n\t<meta property=\"og:image:width\" content=\"1000\" \/>\n\t<meta property=\"og:image:height\" content=\"1300\" \/>\n\t<meta property=\"og:image:type\" content=\"image\/jpeg\" \/>\n<meta name=\"twitter:card\" content=\"summary_large_image\" \/>\n<meta name=\"twitter:label1\" content=\"Tempo di lettura stimato\" \/>\n\t<meta name=\"twitter:data1\" content=\"1 minuto\" \/>\n<!-- \/ Yoast SEO plugin. -->","yoast_head_json":{"title":"T-shirt Guess Bianca - Acquista online! - Seconda Strada","description":"T-shirt Guess Bianca \u27a4 Acquista online su Secondastrada.com T-shirt Guess Bianca \u2714\ufe0f Spedizione veloce entro 24h in tutta Italia \u2714\ufe0f Sconto sul tuo primo acquisto","robots":{"index":"index","follow":"follow","max-snippet":"max-snippet:-1","max-image-preview":"max-image-preview:large","max-video-preview":"max-video-preview:-1"},"canonical":"https:\/\/www.secondastrada.com\/it\/t-shirt-guess-bianca-2\/","og_locale":"it_IT","og_type":"article","og_title":"T-shirt Guess Bianca - Acquista online! - Seconda Strada","og_description":"T-shirt Guess Bianca \u27a4 Acquista online su Secondastrada.com T-shirt Guess Bianca \u2714\ufe0f Spedizione veloce entro 24h in tutta Italia \u2714\ufe0f Sconto sul tuo primo acquisto","og_url":"https:\/\/www.secondastrada.com\/it\/t-shirt-guess-bianca-2\/","og_site_name":"Seconda Strada","article_modified_time":"2026-04-10T08:12:06+00:00","og_image":[{"width":1000,"height":1300,"url":"https:\/\/www.secondastrada.com\/wp-content\/uploads\/2026\/02\/M-4GI70-KC9X0-SB_PURE-WHITE_PE26_1.jpg","type":"image\/jpeg"}],"twitter_card":"summary_large_image","twitter_misc":{"Tempo di lettura stimato":"1 minuto"},"schema":{"@context":"https:\/\/schema.org","@graph":[{"@type":"WebPage","@id":"https:\/\/www.secondastrada.com\/it\/t-shirt-guess-bianca-2\/","url":"https:\/\/www.secondastrada.com\/it\/t-shirt-guess-bianca-2\/","name":"T-shirt Guess Bianca - Acquista online! - Seconda Strada","isPartOf":{"@id":"https:\/\/www.secondastrada.com\/it\/#website"},"primaryImageOfPage":{"@id":"https:\/\/www.secondastrada.com\/it\/t-shirt-guess-bianca-2\/#primaryimage"},"image":{"@id":"https:\/\/www.secondastrada.com\/it\/t-shirt-guess-bianca-2\/#primaryimage"},"thumbnailUrl":"https:\/\/www.secondastrada.com\/wp-content\/uploads\/2026\/02\/M-4GI70-KC9X0-SB_PURE-WHITE_PE26_1.jpg","datePublished":"2026-02-26T13:46:57+00:00","dateModified":"2026-04-10T08:12:06+00:00","description":"T-shirt Guess Bianca \u27a4 Acquista online su Secondastrada.com T-shirt Guess Bianca \u2714\ufe0f Spedizione veloce entro 24h in tutta Italia \u2714\ufe0f Sconto sul tuo primo acquisto","breadcrumb":{"@id":"https:\/\/www.secondastrada.com\/it\/t-shirt-guess-bianca-2\/#breadcrumb"},"inLanguage":"it-IT","potentialAction":[{"@type":"ReadAction","target":["https:\/\/www.secondastrada.com\/it\/t-shirt-guess-bianca-2\/"]}]},{"@type":"ImageObject","inLanguage":"it-IT","@id":"https:\/\/www.secondastrada.com\/it\/t-shirt-guess-bianca-2\/#primaryimage","url":"https:\/\/www.secondastrada.com\/wp-content\/uploads\/2026\/02\/M-4GI70-KC9X0-SB_PURE-WHITE_PE26_1.jpg","contentUrl":"https:\/\/www.secondastrada.com\/wp-content\/uploads\/2026\/02\/M-4GI70-KC9X0-SB_PURE-WHITE_PE26_1.jpg","width":1000,"height":1300,"caption":"M-4GI70-KC9X0-SB_PURE-WHITE_PE26"},{"@type":"BreadcrumbList","@id":"https:\/\/www.secondastrada.com\/it\/t-shirt-guess-bianca-2\/#breadcrumb","itemListElement":[{"@type":"ListItem","position":1,"name":"Home","item":"https:\/\/www.secondastrada.com\/it\/"},{"@type":"ListItem","position":2,"name":"Shop","item":"https:\/\/www.secondastrada.com\/it\/shop\/"},{"@type":"ListItem","position":3,"name":"Uomo","item":"https:\/\/www.secondastrada.com\/it\/collezione-uomo\/"},{"@type":"ListItem","position":4,"name":"Abbigliamento","item":"https:\/\/www.secondastrada.com\/it\/collezione-uomo\/abbigliamento-uomo\/"},{"@type":"ListItem","position":5,"name":"T-shirt","item":"https:\/\/www.secondastrada.com\/it\/collezione-uomo\/abbigliamento-uomo\/t-shirt-da-uomo\/"},{"@type":"ListItem","position":6,"name":"T-shirt in cotone","item":"https:\/\/www.secondastrada.com\/it\/collezione-uomo\/abbigliamento-uomo\/t-shirt-da-uomo\/t-shirt-in-cotone-da-uomo\/"},{"@type":"ListItem","position":7,"name":"T-shirt Guess Bianca"}]},{"@type":"WebSite","@id":"https:\/\/www.secondastrada.com\/it\/#website","url":"https:\/\/www.secondastrada.com\/it\/","name":"Seconda Strada","description":"","publisher":{"@id":"https:\/\/www.secondastrada.com\/it\/#organization"},"potentialAction":[{"@type":"SearchAction","target":{"@type":"EntryPoint","urlTemplate":"https:\/\/www.secondastrada.com\/it\/?s={search_term_string}"},"query-input":"required name=search_term_string"}],"inLanguage":"it-IT"},{"@type":"Organization","@id":"https:\/\/www.secondastrada.com\/it\/#organization","name":"Seconda Strada","url":"https:\/\/www.secondastrada.com\/it\/","logo":{"@type":"ImageObject","inLanguage":"it-IT","@id":"https:\/\/www.secondastrada.com\/it\/#\/schema\/logo\/image\/","url":"https:\/\/www.secondastrada.com\/wp-content\/uploads\/2023\/11\/secondastrada-logo.svg","contentUrl":"https:\/\/www.secondastrada.com\/wp-content\/uploads\/2023\/11\/secondastrada-logo.svg","width":353,"height":47,"caption":"Seconda Strada"},"image":{"@id":"https:\/\/www.secondastrada.com\/it\/#\/schema\/logo\/image\/"}}]}},"df_price":27,"df_sale_price":"","df_regular_price":27,"df_image_link":"https:\/\/www.secondastrada.com\/wp-content\/uploads\/2026\/02\/M-4GI70-KC9X0-SB_PURE-WHITE_PE26_1-300x300.jpg","_links":{"self":[{"href":"https:\/\/www.secondastrada.com\/it\/wp-json\/wp\/v2\/product\/339957"}],"collection":[{"href":"https:\/\/www.secondastrada.com\/it\/wp-json\/wp\/v2\/product"}],"about":[{"href":"https:\/\/www.secondastrada.com\/it\/wp-json\/wp\/v2\/types\/product"}],"wp:featuredmedia":[{"embeddable":true,"href":"https:\/\/www.secondastrada.com\/it\/wp-json\/wp\/v2\/media\/339903"}],"wp:attachment":[{"href":"https:\/\/www.secondastrada.com\/it\/wp-json\/wp\/v2\/media?parent=339957"}],"wp:term":[{"taxonomy":"ss_brand","embeddable":true,"href":"https:\/\/www.secondastrada.com\/it\/wp-json\/wp\/v2\/ss_brand?post=339957"},{"taxonomy":"ss_promo","embeddable":true,"href":"https:\/\/www.secondastrada.com\/it\/wp-json\/wp\/v2\/ss_promo?post=339957"},{"taxonomy":"ss_season","embeddable":true,"href":"https:\/\/www.secondastrada.com\/it\/wp-json\/wp\/v2\/ss_season?post=339957"},{"taxonomy":"product_cat","embeddable":true,"href":"https:\/\/www.secondastrada.com\/it\/wp-json\/wp\/v2\/product_cat?post=339957"},{"taxonomy":"product_tag","embeddable":true,"href":"https:\/\/www.secondastrada.com\/it\/wp-json\/wp\/v2\/product_tag?post=339957"}],"curies":[{"name":"wp","href":"https:\/\/api.w.org\/{rel}","templated":true}]}}