{"id":34109,"date":"2024-03-29T10:09:45","date_gmt":"2024-03-29T09:09:45","guid":{"rendered":"http:\/\/secondastrada.com\/maglione-fracomina-a-maglia-larga\/"},"modified":"2026-01-29T13:09:22","modified_gmt":"2026-01-29T12:09:22","slug":"maglione-fracomina-a-maglia-larga","status":"publish","type":"product","link":"https:\/\/www.secondastrada.com\/it\/maglione-fracomina-a-maglia-larga\/","title":{"rendered":"Maglione Fracomina a maglia larga"},"content":{"rendered":"<p>92% acrilico 8% fibra metallica<br \/>La modella indossa la taglia S ed \u00e8 alta 178 cm e la vestibilit\u00e0 \u00e8 regolare<br \/>Scollo a V e fili di lurex su questo maglione a trama larga! Un dettaglio di stile irresistibile per look unici! Abbinalo a un pantalone aderente per outfit veloci e cool!<br \/>Cod. Art  FR18FF820 sp<br \/>Vi ricordiamo che tutti i nostri articoli sono originali.<\/p>\n","protected":false},"excerpt":{"rendered":"<p>92% acrilico 8% fibra metallicaLa modella indossa la taglia S ed \u00e8 alta 178 cm e la vestibilit\u00e0 \u00e8 regolareScollo a V e fili di lurex su questo maglione a trama larga! Un dettaglio di stile irresistibile per look unici! Abbinalo a un pantalone aderente per outfit veloci e cool!Cod. Art FR18FF820 spVi ricordiamo che&#8230;<\/p>\n","protected":false},"featured_media":45032,"template":"","meta":{"inline_featured_image":false},"ss_brand":[1205],"ss_promo":[2181],"ss_season":[],"product_cat":[1329,1658,1535,1541],"product_tag":[1765],"class_list":{"0":"post-34109","1":"product","2":"type-product","3":"status-publish","4":"has-post-thumbnail","6":"ss_brand-fracomina-donna","7":"ss_promo-ultime-occasioni-donna","8":"product_cat-abbigliamento-donna","9":"product_cat-collezione-donna","10":"product_cat-maglie-da-donna","11":"product_cat-maglioni-da-donna","12":"product_tag-maglieria-fracomina-donna","14":"first","15":"outofstock","16":"sold-individually","17":"shipping-taxable","18":"product-type-variable","19":"has-default-attributes"},"acf":{"ss_brand":[{"term_id":1205,"name":"FRACOMINA","slug":"fracomina-donna","term_group":0,"term_taxonomy_id":1205,"taxonomy":"ss_brand","description":"Regalati una giusta dose di charme con Fracomina: scopri la collezione di abbigliamento 100% Made in Italy e non perdere le offerte della nostra esclusiva boutique online!\u00a0Acquista online su SecondaStrada.com <strong>abbigliamento da donna Fracomina scontatissimo<\/strong>!","parent":1201,"count":283,"filter":"raw"}],"ss_promo":[2181],"ss_season":false,"ss_old_price":"0,00","ss_omnibus_price":"0,00","ss_style_advice":"<p>92% acrilico 8% fibra metallica<br \/>La modella indossa la taglia S ed \u00e8 alta 178 cm e la vestibilit\u00e0 \u00e8 regolare<br \/>Scollo a V e fili di lurex su questo maglione a trama larga! Un dettaglio di stile irresistibile per look unici! Abbinalo a un pantalone aderente per outfit veloci e cool!<br \/>Cod. Art  FR18FF820 sp<br \/>Vi ricordiamo che tutti i nostri articoli sono originali.<\/p>\n","ss_composition":"<p>92% acrilico 8% fibra metallica<\/p>\n","ss_fit":"<p>Maglione FRACOMINA<\/p>\n"},"yoast_head":"<!-- This site is optimized with the Yoast SEO plugin v22.3 - https:\/\/yoast.com\/wordpress\/plugins\/seo\/ -->\n<title>Maglione Fracomina a maglia larga - Acquista online! - Seconda Strada<\/title>\n<meta name=\"description\" content=\"Maglione Fracomina a maglia larga \u27a4 Acquista online su Secondastrada.com Maglione Fracomina a maglia larga \u2714\ufe0f Spedizione veloce entro 24h in tutta Italia \u2714\ufe0f Sconto sul tuo primo acquisto\" \/>\n<meta name=\"robots\" content=\"index, follow, max-snippet:-1, max-image-preview:large, max-video-preview:-1\" \/>\n<link rel=\"canonical\" href=\"https:\/\/www.secondastrada.com\/it\/maglione-fracomina-a-maglia-larga\/\" \/>\n<meta property=\"og:locale\" content=\"it_IT\" \/>\n<meta property=\"og:type\" content=\"article\" \/>\n<meta property=\"og:title\" content=\"Maglione Fracomina a maglia larga - Acquista online! - Seconda Strada\" \/>\n<meta property=\"og:description\" content=\"Maglione Fracomina a maglia larga \u27a4 Acquista online su Secondastrada.com Maglione Fracomina a maglia larga \u2714\ufe0f Spedizione veloce entro 24h in tutta Italia \u2714\ufe0f Sconto sul tuo primo acquisto\" \/>\n<meta property=\"og:url\" content=\"https:\/\/www.secondastrada.com\/it\/maglione-fracomina-a-maglia-larga\/\" \/>\n<meta property=\"og:site_name\" content=\"Seconda Strada\" \/>\n<meta property=\"article:modified_time\" content=\"2026-01-29T12:09:22+00:00\" \/>\n<meta property=\"og:image\" content=\"https:\/\/www.secondastrada.com\/wp-content\/uploads\/2024\/04\/FR18FF820-sp_BLACK_AI21_1.jpg\" \/>\n\t<meta property=\"og:image:width\" content=\"1000\" \/>\n\t<meta property=\"og:image:height\" content=\"1300\" \/>\n\t<meta property=\"og:image:type\" content=\"image\/jpeg\" \/>\n<meta name=\"twitter:card\" content=\"summary_large_image\" \/>\n<!-- \/ Yoast SEO plugin. -->","yoast_head_json":{"title":"Maglione Fracomina a maglia larga - Acquista online! - Seconda Strada","description":"Maglione Fracomina a maglia larga \u27a4 Acquista online su Secondastrada.com Maglione Fracomina a maglia larga \u2714\ufe0f Spedizione veloce entro 24h in tutta Italia \u2714\ufe0f Sconto sul tuo primo acquisto","robots":{"index":"index","follow":"follow","max-snippet":"max-snippet:-1","max-image-preview":"max-image-preview:large","max-video-preview":"max-video-preview:-1"},"canonical":"https:\/\/www.secondastrada.com\/it\/maglione-fracomina-a-maglia-larga\/","og_locale":"it_IT","og_type":"article","og_title":"Maglione Fracomina a maglia larga - Acquista online! - Seconda Strada","og_description":"Maglione Fracomina a maglia larga \u27a4 Acquista online su Secondastrada.com Maglione Fracomina a maglia larga \u2714\ufe0f Spedizione veloce entro 24h in tutta Italia \u2714\ufe0f Sconto sul tuo primo acquisto","og_url":"https:\/\/www.secondastrada.com\/it\/maglione-fracomina-a-maglia-larga\/","og_site_name":"Seconda Strada","article_modified_time":"2026-01-29T12:09:22+00:00","og_image":[{"width":1000,"height":1300,"url":"https:\/\/www.secondastrada.com\/wp-content\/uploads\/2024\/04\/FR18FF820-sp_BLACK_AI21_1.jpg","type":"image\/jpeg"}],"twitter_card":"summary_large_image","schema":{"@context":"https:\/\/schema.org","@graph":[{"@type":"WebPage","@id":"https:\/\/www.secondastrada.com\/it\/maglione-fracomina-a-maglia-larga\/","url":"https:\/\/www.secondastrada.com\/it\/maglione-fracomina-a-maglia-larga\/","name":"Maglione Fracomina a maglia larga - Acquista online! - Seconda Strada","isPartOf":{"@id":"https:\/\/www.secondastrada.com\/it\/#website"},"primaryImageOfPage":{"@id":"https:\/\/www.secondastrada.com\/it\/maglione-fracomina-a-maglia-larga\/#primaryimage"},"image":{"@id":"https:\/\/www.secondastrada.com\/it\/maglione-fracomina-a-maglia-larga\/#primaryimage"},"thumbnailUrl":"https:\/\/www.secondastrada.com\/wp-content\/uploads\/2024\/04\/FR18FF820-sp_BLACK_AI21_1.jpg","datePublished":"2024-03-29T09:09:45+00:00","dateModified":"2026-01-29T12:09:22+00:00","description":"Maglione Fracomina a maglia larga \u27a4 Acquista online su Secondastrada.com Maglione Fracomina a maglia larga \u2714\ufe0f Spedizione veloce entro 24h in tutta Italia \u2714\ufe0f Sconto sul tuo primo acquisto","breadcrumb":{"@id":"https:\/\/www.secondastrada.com\/it\/maglione-fracomina-a-maglia-larga\/#breadcrumb"},"inLanguage":"it-IT","potentialAction":[{"@type":"ReadAction","target":["https:\/\/www.secondastrada.com\/it\/maglione-fracomina-a-maglia-larga\/"]}]},{"@type":"ImageObject","inLanguage":"it-IT","@id":"https:\/\/www.secondastrada.com\/it\/maglione-fracomina-a-maglia-larga\/#primaryimage","url":"https:\/\/www.secondastrada.com\/wp-content\/uploads\/2024\/04\/FR18FF820-sp_BLACK_AI21_1.jpg","contentUrl":"https:\/\/www.secondastrada.com\/wp-content\/uploads\/2024\/04\/FR18FF820-sp_BLACK_AI21_1.jpg","width":1000,"height":1300,"caption":"FR18FF820-sp_BLACK_AI21"},{"@type":"BreadcrumbList","@id":"https:\/\/www.secondastrada.com\/it\/maglione-fracomina-a-maglia-larga\/#breadcrumb","itemListElement":[{"@type":"ListItem","position":1,"name":"Home","item":"https:\/\/www.secondastrada.com\/it\/"},{"@type":"ListItem","position":2,"name":"Shop","item":"https:\/\/www.secondastrada.com\/it\/shop\/"},{"@type":"ListItem","position":3,"name":"Donna","item":"https:\/\/www.secondastrada.com\/it\/collezione-donna\/"},{"@type":"ListItem","position":4,"name":"Abbigliamento","item":"https:\/\/www.secondastrada.com\/it\/collezione-donna\/abbigliamento-donna\/"},{"@type":"ListItem","position":5,"name":"Maglieria","item":"https:\/\/www.secondastrada.com\/it\/collezione-donna\/abbigliamento-donna\/maglie-da-donna\/"},{"@type":"ListItem","position":6,"name":"Maglioni invernali","item":"https:\/\/www.secondastrada.com\/it\/collezione-donna\/abbigliamento-donna\/maglie-da-donna\/maglioni-da-donna\/"},{"@type":"ListItem","position":7,"name":"Maglione Fracomina a maglia larga"}]},{"@type":"WebSite","@id":"https:\/\/www.secondastrada.com\/it\/#website","url":"https:\/\/www.secondastrada.com\/it\/","name":"Seconda Strada","description":"","publisher":{"@id":"https:\/\/www.secondastrada.com\/it\/#organization"},"potentialAction":[{"@type":"SearchAction","target":{"@type":"EntryPoint","urlTemplate":"https:\/\/www.secondastrada.com\/it\/?s={search_term_string}"},"query-input":"required name=search_term_string"}],"inLanguage":"it-IT"},{"@type":"Organization","@id":"https:\/\/www.secondastrada.com\/it\/#organization","name":"Seconda Strada","url":"https:\/\/www.secondastrada.com\/it\/","logo":{"@type":"ImageObject","inLanguage":"it-IT","@id":"https:\/\/www.secondastrada.com\/it\/#\/schema\/logo\/image\/","url":"https:\/\/www.secondastrada.com\/wp-content\/uploads\/2023\/11\/secondastrada-logo.svg","contentUrl":"https:\/\/www.secondastrada.com\/wp-content\/uploads\/2023\/11\/secondastrada-logo.svg","width":353,"height":47,"caption":"Seconda Strada"},"image":{"@id":"https:\/\/www.secondastrada.com\/it\/#\/schema\/logo\/image\/"}}]}},"df_price":"","df_sale_price":"","df_regular_price":"","df_image_link":"https:\/\/www.secondastrada.com\/wp-content\/uploads\/2024\/04\/FR18FF820-sp_BLACK_AI21_1-300x300.jpg","_links":{"self":[{"href":"https:\/\/www.secondastrada.com\/it\/wp-json\/wp\/v2\/product\/34109"}],"collection":[{"href":"https:\/\/www.secondastrada.com\/it\/wp-json\/wp\/v2\/product"}],"about":[{"href":"https:\/\/www.secondastrada.com\/it\/wp-json\/wp\/v2\/types\/product"}],"wp:featuredmedia":[{"embeddable":true,"href":"https:\/\/www.secondastrada.com\/it\/wp-json\/wp\/v2\/media\/45032"}],"wp:attachment":[{"href":"https:\/\/www.secondastrada.com\/it\/wp-json\/wp\/v2\/media?parent=34109"}],"wp:term":[{"taxonomy":"ss_brand","embeddable":true,"href":"https:\/\/www.secondastrada.com\/it\/wp-json\/wp\/v2\/ss_brand?post=34109"},{"taxonomy":"ss_promo","embeddable":true,"href":"https:\/\/www.secondastrada.com\/it\/wp-json\/wp\/v2\/ss_promo?post=34109"},{"taxonomy":"ss_season","embeddable":true,"href":"https:\/\/www.secondastrada.com\/it\/wp-json\/wp\/v2\/ss_season?post=34109"},{"taxonomy":"product_cat","embeddable":true,"href":"https:\/\/www.secondastrada.com\/it\/wp-json\/wp\/v2\/product_cat?post=34109"},{"taxonomy":"product_tag","embeddable":true,"href":"https:\/\/www.secondastrada.com\/it\/wp-json\/wp\/v2\/product_tag?post=34109"}],"curies":[{"name":"wp","href":"https:\/\/api.w.org\/{rel}","templated":true}]}}