{"id":341097,"date":"2026-03-03T09:47:23","date_gmt":"2026-03-03T08:47:23","guid":{"rendered":"https:\/\/www.secondastrada.com\/it\/maglione-goha-rosso-3\/"},"modified":"2026-04-10T10:00:03","modified_gmt":"2026-04-10T08:00:03","slug":"maglione-goha-rosso-3","status":"publish","type":"product","link":"https:\/\/www.secondastrada.com\/it\/maglione-goha-rosso-3\/","title":{"rendered":"Maglione Goha Rosso"},"content":{"rendered":"<p><b>Maglione GOHA Rosso<\/b><br \/>\nIl Maglione GOHA Rosso \u00e8 la scelta ideale per chi desidera aggiungere un tocco di personalit\u00e0 al proprio guardaroba primaverile. La tonalit\u00e0 lampone, intensa ma raffinata, dona energia al look maschile senza risultare eccessiva, perfetta per distinguersi con stile.<br \/>Questo maglione da uomo adatto alla stagione primavera estate \u00e8 realizzato in 100% cotone, un tessuto naturale che garantisce traspirabilit\u00e0 e comfort anche nelle giornate pi\u00f9 miti. Il maglione in tessuto leggero, in tonalit\u00e0 lampone \u00e8 pensato per accompagnarti con leggerezza tra giorno e sera, offrendo una vestibilit\u00e0 regolare che valorizza la silhouette senza stringere. Il modello \u00e8 alto 187 cm e indossa la taglia L, a conferma di una linea equilibrata e confortevole.<br \/>Puoi indossarlo nel tempo libero di giorno, magari per un\u2019uscita informale o una passeggiata in citt\u00e0, oppure di sera sopra una camicia leggera per un look pi\u00f9 ricercato ma sempre disinvolto. Abbinalo a jeans e sneakers per uno stile contemporaneo e dinamico, oppure scegli pantaloni chino chiari per creare un contrasto elegante e primaverile.<br \/>Con il Maglione GOHA Rosso investi in un capo versatile, capace di unire colore, qualit\u00e0 e comfort. Su SecondaStrada.com trovi solo prodotti originali e accuratamente selezionati. Codice articolo P10008 OB.&lt;\/final<\/p>\n","protected":false},"excerpt":{"rendered":"<p>Maglione GOHA Rosso Il Maglione GOHA Rosso \u00e8 la scelta ideale per chi desidera aggiungere un tocco di personalit\u00e0 al proprio guardaroba primaverile. La tonalit\u00e0 lampone, intensa ma raffinata, dona energia al look maschile senza risultare eccessiva, perfetta per distinguersi con stile.Questo maglione da uomo adatto alla stagione primavera estate \u00e8 realizzato in 100% cotone,&#8230;<\/p>\n","protected":false},"featured_media":340559,"template":"","meta":{"inline_featured_image":false},"ss_brand":[1897],"ss_promo":[],"ss_season":[2531],"product_cat":[1332,1629,2279,1482,1714],"product_tag":[1993],"class_list":{"0":"post-341097","1":"product","2":"type-product","3":"status-publish","4":"has-post-thumbnail","6":"ss_brand-goha-uomo","7":"ss_season-pe26","8":"product_cat-abbigliamento-uomo","9":"product_cat-maglioni-girocollo-da-uomo","10":"product_cat-maglie-in-cotone-da-uomo","11":"product_cat-maglioni-da-uomo","12":"product_cat-collezione-uomo","13":"product_tag-nuovi-arrivi-uomo","15":"first","16":"instock","17":"shipping-taxable","18":"purchasable","19":"product-type-variable","20":"has-default-attributes"},"acf":{"ss_brand":[{"term_id":1897,"name":"GOHA","slug":"goha-uomo","term_group":0,"term_taxonomy_id":1897,"taxonomy":"ss_brand","description":"Abbigliamento uomo scontato Goha significa concedersi la qualit\u00e0, la ricercatezza, l\u2019eleganza di un brand che riesca a spiccare con stile e a proporsi a prezzi scontati appoggiandosi agli outlet Seconda Strada.","parent":1268,"count":305,"filter":"raw"}],"ss_promo":false,"ss_season":[{"term_id":2531,"name":"PE26","slug":"pe26","term_group":0,"term_taxonomy_id":2531,"taxonomy":"ss_season","description":"","parent":0,"count":1432,"filter":"raw"}],"ss_old_price":"0,00","ss_omnibus_price":"0,00","ss_style_advice":"<p><b>Maglione GOHA Rosso<\/b><br \/>\nIl Maglione GOHA Rosso \u00e8 la scelta ideale per chi desidera aggiungere un tocco di personalit\u00e0 al proprio guardaroba primaverile. La tonalit\u00e0 lampone, intensa ma raffinata, dona energia al look maschile senza risultare eccessiva, perfetta per distinguersi con stile.<br \/>Questo maglione da uomo adatto alla stagione primavera estate \u00e8 realizzato in 100% cotone, un tessuto naturale che garantisce traspirabilit\u00e0 e comfort anche nelle giornate pi\u00f9 miti. Il maglione in tessuto leggero, in tonalit\u00e0 lampone \u00e8 pensato per accompagnarti con leggerezza tra giorno e sera, offrendo una vestibilit\u00e0 regolare che valorizza la silhouette senza stringere. Il modello \u00e8 alto 187 cm e indossa la taglia L, a conferma di una linea equilibrata e confortevole.<br \/>Puoi indossarlo nel tempo libero di giorno, magari per un\u2019uscita informale o una passeggiata in citt\u00e0, oppure di sera sopra una camicia leggera per un look pi\u00f9 ricercato ma sempre disinvolto. Abbinalo a jeans e sneakers per uno stile contemporaneo e dinamico, oppure scegli pantaloni chino chiari per creare un contrasto elegante e primaverile.<br \/>Con il Maglione GOHA Rosso investi in un capo versatile, capace di unire colore, qualit\u00e0 e comfort. Su SecondaStrada.com trovi solo prodotti originali e accuratamente selezionati. Codice articolo P10008 OB.<\/final\n<\/p>\n","ss_composition":"<p>100% cotone<\/p>\n","ss_fit":"<p>Il modello \u00e8 alto 187 cm e indossa la taglia L. La vestibilit\u00e0 del capo \u00e8 regolare.<\/p>\n"},"yoast_head":"<!-- This site is optimized with the Yoast SEO plugin v22.3 - https:\/\/yoast.com\/wordpress\/plugins\/seo\/ -->\n<title>Maglione Goha Rosso - Acquista online! - Seconda Strada<\/title>\n<meta name=\"description\" content=\"Maglione Goha Rosso \u27a4 Acquista online su Secondastrada.com Maglione Goha Rosso \u2714\ufe0f Spedizione veloce entro 24h in tutta Italia \u2714\ufe0f Sconto sul tuo primo acquisto\" \/>\n<meta name=\"robots\" content=\"index, follow, max-snippet:-1, max-image-preview:large, max-video-preview:-1\" \/>\n<link rel=\"canonical\" href=\"https:\/\/www.secondastrada.com\/it\/maglione-goha-rosso-3\/\" \/>\n<meta property=\"og:locale\" content=\"it_IT\" \/>\n<meta property=\"og:type\" content=\"article\" \/>\n<meta property=\"og:title\" content=\"Maglione Goha Rosso - Acquista online! - Seconda Strada\" \/>\n<meta property=\"og:description\" content=\"Maglione Goha Rosso \u27a4 Acquista online su Secondastrada.com Maglione Goha Rosso \u2714\ufe0f Spedizione veloce entro 24h in tutta Italia \u2714\ufe0f Sconto sul tuo primo acquisto\" \/>\n<meta property=\"og:url\" content=\"https:\/\/www.secondastrada.com\/it\/maglione-goha-rosso-3\/\" \/>\n<meta property=\"og:site_name\" content=\"Seconda Strada\" \/>\n<meta property=\"article:modified_time\" content=\"2026-04-10T08:00:03+00:00\" \/>\n<meta property=\"og:image\" content=\"https:\/\/www.secondastrada.com\/wp-content\/uploads\/2026\/03\/P10008-OB_LAMPONE_PE26_1.jpg\" \/>\n\t<meta property=\"og:image:width\" content=\"1000\" \/>\n\t<meta property=\"og:image:height\" content=\"1300\" \/>\n\t<meta property=\"og:image:type\" content=\"image\/jpeg\" \/>\n<meta name=\"twitter:card\" content=\"summary_large_image\" \/>\n<meta name=\"twitter:label1\" content=\"Tempo di lettura stimato\" \/>\n\t<meta name=\"twitter:data1\" content=\"1 minuto\" \/>\n<!-- \/ Yoast SEO plugin. -->","yoast_head_json":{"title":"Maglione Goha Rosso - Acquista online! - Seconda Strada","description":"Maglione Goha Rosso \u27a4 Acquista online su Secondastrada.com Maglione Goha Rosso \u2714\ufe0f Spedizione veloce entro 24h in tutta Italia \u2714\ufe0f Sconto sul tuo primo acquisto","robots":{"index":"index","follow":"follow","max-snippet":"max-snippet:-1","max-image-preview":"max-image-preview:large","max-video-preview":"max-video-preview:-1"},"canonical":"https:\/\/www.secondastrada.com\/it\/maglione-goha-rosso-3\/","og_locale":"it_IT","og_type":"article","og_title":"Maglione Goha Rosso - Acquista online! - Seconda Strada","og_description":"Maglione Goha Rosso \u27a4 Acquista online su Secondastrada.com Maglione Goha Rosso \u2714\ufe0f Spedizione veloce entro 24h in tutta Italia \u2714\ufe0f Sconto sul tuo primo acquisto","og_url":"https:\/\/www.secondastrada.com\/it\/maglione-goha-rosso-3\/","og_site_name":"Seconda Strada","article_modified_time":"2026-04-10T08:00:03+00:00","og_image":[{"width":1000,"height":1300,"url":"https:\/\/www.secondastrada.com\/wp-content\/uploads\/2026\/03\/P10008-OB_LAMPONE_PE26_1.jpg","type":"image\/jpeg"}],"twitter_card":"summary_large_image","twitter_misc":{"Tempo di lettura stimato":"1 minuto"},"schema":{"@context":"https:\/\/schema.org","@graph":[{"@type":"WebPage","@id":"https:\/\/www.secondastrada.com\/it\/maglione-goha-rosso-3\/","url":"https:\/\/www.secondastrada.com\/it\/maglione-goha-rosso-3\/","name":"Maglione Goha Rosso - Acquista online! - Seconda Strada","isPartOf":{"@id":"https:\/\/www.secondastrada.com\/it\/#website"},"primaryImageOfPage":{"@id":"https:\/\/www.secondastrada.com\/it\/maglione-goha-rosso-3\/#primaryimage"},"image":{"@id":"https:\/\/www.secondastrada.com\/it\/maglione-goha-rosso-3\/#primaryimage"},"thumbnailUrl":"https:\/\/www.secondastrada.com\/wp-content\/uploads\/2026\/03\/P10008-OB_LAMPONE_PE26_1.jpg","datePublished":"2026-03-03T08:47:23+00:00","dateModified":"2026-04-10T08:00:03+00:00","description":"Maglione Goha Rosso \u27a4 Acquista online su Secondastrada.com Maglione Goha Rosso \u2714\ufe0f Spedizione veloce entro 24h in tutta Italia \u2714\ufe0f Sconto sul tuo primo acquisto","breadcrumb":{"@id":"https:\/\/www.secondastrada.com\/it\/maglione-goha-rosso-3\/#breadcrumb"},"inLanguage":"it-IT","potentialAction":[{"@type":"ReadAction","target":["https:\/\/www.secondastrada.com\/it\/maglione-goha-rosso-3\/"]}]},{"@type":"ImageObject","inLanguage":"it-IT","@id":"https:\/\/www.secondastrada.com\/it\/maglione-goha-rosso-3\/#primaryimage","url":"https:\/\/www.secondastrada.com\/wp-content\/uploads\/2026\/03\/P10008-OB_LAMPONE_PE26_1.jpg","contentUrl":"https:\/\/www.secondastrada.com\/wp-content\/uploads\/2026\/03\/P10008-OB_LAMPONE_PE26_1.jpg","width":1000,"height":1300,"caption":"P10008-OB_LAMPONE_PE26"},{"@type":"BreadcrumbList","@id":"https:\/\/www.secondastrada.com\/it\/maglione-goha-rosso-3\/#breadcrumb","itemListElement":[{"@type":"ListItem","position":1,"name":"Home","item":"https:\/\/www.secondastrada.com\/it\/"},{"@type":"ListItem","position":2,"name":"Shop","item":"https:\/\/www.secondastrada.com\/it\/shop\/"},{"@type":"ListItem","position":3,"name":"Uomo","item":"https:\/\/www.secondastrada.com\/it\/collezione-uomo\/"},{"@type":"ListItem","position":4,"name":"Abbigliamento","item":"https:\/\/www.secondastrada.com\/it\/collezione-uomo\/abbigliamento-uomo\/"},{"@type":"ListItem","position":5,"name":"Maglioni e Maglie","item":"https:\/\/www.secondastrada.com\/it\/collezione-uomo\/abbigliamento-uomo\/maglioni-da-uomo\/"},{"@type":"ListItem","position":6,"name":"Maglie girocollo","item":"https:\/\/www.secondastrada.com\/it\/collezione-uomo\/abbigliamento-uomo\/maglioni-da-uomo\/maglioni-girocollo-da-uomo\/"},{"@type":"ListItem","position":7,"name":"Maglione Goha Rosso"}]},{"@type":"WebSite","@id":"https:\/\/www.secondastrada.com\/it\/#website","url":"https:\/\/www.secondastrada.com\/it\/","name":"Seconda Strada","description":"","publisher":{"@id":"https:\/\/www.secondastrada.com\/it\/#organization"},"potentialAction":[{"@type":"SearchAction","target":{"@type":"EntryPoint","urlTemplate":"https:\/\/www.secondastrada.com\/it\/?s={search_term_string}"},"query-input":"required name=search_term_string"}],"inLanguage":"it-IT"},{"@type":"Organization","@id":"https:\/\/www.secondastrada.com\/it\/#organization","name":"Seconda Strada","url":"https:\/\/www.secondastrada.com\/it\/","logo":{"@type":"ImageObject","inLanguage":"it-IT","@id":"https:\/\/www.secondastrada.com\/it\/#\/schema\/logo\/image\/","url":"https:\/\/www.secondastrada.com\/wp-content\/uploads\/2023\/11\/secondastrada-logo.svg","contentUrl":"https:\/\/www.secondastrada.com\/wp-content\/uploads\/2023\/11\/secondastrada-logo.svg","width":353,"height":47,"caption":"Seconda Strada"},"image":{"@id":"https:\/\/www.secondastrada.com\/it\/#\/schema\/logo\/image\/"}}]}},"df_price":44.99,"df_sale_price":"","df_regular_price":44.99,"df_image_link":"https:\/\/www.secondastrada.com\/wp-content\/uploads\/2026\/03\/P10008-OB_LAMPONE_PE26_1-300x300.jpg","_links":{"self":[{"href":"https:\/\/www.secondastrada.com\/it\/wp-json\/wp\/v2\/product\/341097"}],"collection":[{"href":"https:\/\/www.secondastrada.com\/it\/wp-json\/wp\/v2\/product"}],"about":[{"href":"https:\/\/www.secondastrada.com\/it\/wp-json\/wp\/v2\/types\/product"}],"wp:featuredmedia":[{"embeddable":true,"href":"https:\/\/www.secondastrada.com\/it\/wp-json\/wp\/v2\/media\/340559"}],"wp:attachment":[{"href":"https:\/\/www.secondastrada.com\/it\/wp-json\/wp\/v2\/media?parent=341097"}],"wp:term":[{"taxonomy":"ss_brand","embeddable":true,"href":"https:\/\/www.secondastrada.com\/it\/wp-json\/wp\/v2\/ss_brand?post=341097"},{"taxonomy":"ss_promo","embeddable":true,"href":"https:\/\/www.secondastrada.com\/it\/wp-json\/wp\/v2\/ss_promo?post=341097"},{"taxonomy":"ss_season","embeddable":true,"href":"https:\/\/www.secondastrada.com\/it\/wp-json\/wp\/v2\/ss_season?post=341097"},{"taxonomy":"product_cat","embeddable":true,"href":"https:\/\/www.secondastrada.com\/it\/wp-json\/wp\/v2\/product_cat?post=341097"},{"taxonomy":"product_tag","embeddable":true,"href":"https:\/\/www.secondastrada.com\/it\/wp-json\/wp\/v2\/product_tag?post=341097"}],"curies":[{"name":"wp","href":"https:\/\/api.w.org\/{rel}","templated":true}]}}