{"id":341407,"date":"2026-03-03T11:08:14","date_gmt":"2026-03-03T10:08:14","guid":{"rendered":"https:\/\/www.secondastrada.com\/it\/camicia-materica-bianca\/"},"modified":"2026-04-14T11:14:07","modified_gmt":"2026-04-14T09:14:07","slug":"camicia-materica-bianca","status":"publish","type":"product","link":"https:\/\/www.secondastrada.com\/it\/camicia-materica-bianca\/","title":{"rendered":"Camicia Materica Bianca"},"content":{"rendered":"<p>Camicia MATERICA Bianca<br \/>\nEssenziale ma ricca di personalit\u00e0, la Camicia MATERICA Bianca \u00e8 il capo perfetto per chi ama uno stile raffinato con un tocco contemporaneo. Questa camicia da donna adatta alla stagione primavera estate si distingue per il suo des<\/p>\n","protected":false},"excerpt":{"rendered":"<p>Camicia MATERICA Bianca Essenziale ma ricca di personalit\u00e0, la Camicia MATERICA Bianca \u00e8 il capo perfetto per chi ama uno stile raffinato con un tocco contemporaneo. Questa camicia da donna adatta alla stagione primavera estate si distingue per il suo des<\/p>\n","protected":false},"featured_media":341365,"template":"","meta":{"inline_featured_image":false},"ss_brand":[2221],"ss_promo":[],"ss_season":[2531],"product_cat":[1329,1339,1658],"product_tag":[2232,2188,1995],"class_list":{"0":"post-341407","1":"product","2":"type-product","3":"status-publish","4":"has-post-thumbnail","6":"ss_brand-materica-donna","7":"ss_season-pe26","8":"product_cat-abbigliamento-donna","9":"product_cat-camicie-e-bluse-da-donna","10":"product_cat-collezione-donna","11":"product_tag-outfit-da-cerimonia-da-donna","12":"product_tag-ufficio-da-donna","13":"product_tag-nuovi-arrivi-donna","15":"first","16":"instock","17":"shipping-taxable","18":"purchasable","19":"product-type-variable","20":"has-default-attributes"},"acf":{"ss_brand":[{"term_id":2221,"name":"MATERICA","slug":"materica-donna","term_group":0,"term_taxonomy_id":2221,"taxonomy":"ss_brand","description":"","parent":1201,"count":454,"filter":"raw"}],"ss_promo":false,"ss_season":[{"term_id":2531,"name":"PE26","slug":"pe26","term_group":0,"term_taxonomy_id":2531,"taxonomy":"ss_season","description":"","parent":0,"count":1432,"filter":"raw"}],"ss_old_price":"0,00","ss_omnibus_price":"0,00","ss_style_advice":"<p>Camicia MATERICA Bianca<br \/>\nEssenziale ma ricca di personalit\u00e0, la Camicia MATERICA Bianca \u00e8 il capo perfetto per chi ama uno stile raffinato con un tocco contemporaneo. Questa camicia da donna adatta alla stagione primavera estate si distingue per il suo des<\/p>\n","ss_composition":"<p>72% cotone 26% poliamide 2% elastane<\/p>\n","ss_fit":"<p>La modella \u00e8 alta 165 cm e indossa la taglia 40. La vestibilit\u00e0 del capo \u00e8 regolare<\/p>\n"},"yoast_head":"<!-- This site is optimized with the Yoast SEO plugin v22.3 - https:\/\/yoast.com\/wordpress\/plugins\/seo\/ -->\n<title>Camicia Materica Bianca - Acquista online! - Seconda Strada<\/title>\n<meta name=\"description\" content=\"Camicia Materica Bianca \u27a4 Acquista online su Secondastrada.com Camicia Materica Bianca \u2714\ufe0f Spedizione veloce entro 24h in tutta Italia \u2714\ufe0f Sconto sul tuo primo acquisto\" \/>\n<meta name=\"robots\" content=\"index, follow, max-snippet:-1, max-image-preview:large, max-video-preview:-1\" \/>\n<link rel=\"canonical\" href=\"https:\/\/www.secondastrada.com\/it\/camicia-materica-bianca\/\" \/>\n<meta property=\"og:locale\" content=\"it_IT\" \/>\n<meta property=\"og:type\" content=\"article\" \/>\n<meta property=\"og:title\" content=\"Camicia Materica Bianca - Acquista online! - Seconda Strada\" \/>\n<meta property=\"og:description\" content=\"Camicia Materica Bianca \u27a4 Acquista online su Secondastrada.com Camicia Materica Bianca \u2714\ufe0f Spedizione veloce entro 24h in tutta Italia \u2714\ufe0f Sconto sul tuo primo acquisto\" \/>\n<meta property=\"og:url\" content=\"https:\/\/www.secondastrada.com\/it\/camicia-materica-bianca\/\" \/>\n<meta property=\"og:site_name\" content=\"Seconda Strada\" \/>\n<meta property=\"article:modified_time\" content=\"2026-04-14T09:14:07+00:00\" \/>\n<meta property=\"og:image\" content=\"https:\/\/www.secondastrada.com\/wp-content\/uploads\/2026\/03\/CAD01SP26-TCP216-SPLEND-1-OB_AZZURRO-CACAO_PE26_1.jpg\" \/>\n\t<meta property=\"og:image:width\" content=\"1000\" \/>\n\t<meta property=\"og:image:height\" content=\"1300\" \/>\n\t<meta property=\"og:image:type\" content=\"image\/jpeg\" \/>\n<meta name=\"twitter:card\" content=\"summary_large_image\" \/>\n<!-- \/ Yoast SEO plugin. -->","yoast_head_json":{"title":"Camicia Materica Bianca - Acquista online! - Seconda Strada","description":"Camicia Materica Bianca \u27a4 Acquista online su Secondastrada.com Camicia Materica Bianca \u2714\ufe0f Spedizione veloce entro 24h in tutta Italia \u2714\ufe0f Sconto sul tuo primo acquisto","robots":{"index":"index","follow":"follow","max-snippet":"max-snippet:-1","max-image-preview":"max-image-preview:large","max-video-preview":"max-video-preview:-1"},"canonical":"https:\/\/www.secondastrada.com\/it\/camicia-materica-bianca\/","og_locale":"it_IT","og_type":"article","og_title":"Camicia Materica Bianca - Acquista online! - Seconda Strada","og_description":"Camicia Materica Bianca \u27a4 Acquista online su Secondastrada.com Camicia Materica Bianca \u2714\ufe0f Spedizione veloce entro 24h in tutta Italia \u2714\ufe0f Sconto sul tuo primo acquisto","og_url":"https:\/\/www.secondastrada.com\/it\/camicia-materica-bianca\/","og_site_name":"Seconda Strada","article_modified_time":"2026-04-14T09:14:07+00:00","og_image":[{"width":1000,"height":1300,"url":"https:\/\/www.secondastrada.com\/wp-content\/uploads\/2026\/03\/CAD01SP26-TCP216-SPLEND-1-OB_AZZURRO-CACAO_PE26_1.jpg","type":"image\/jpeg"}],"twitter_card":"summary_large_image","schema":{"@context":"https:\/\/schema.org","@graph":[{"@type":"WebPage","@id":"https:\/\/www.secondastrada.com\/it\/camicia-materica-bianca\/","url":"https:\/\/www.secondastrada.com\/it\/camicia-materica-bianca\/","name":"Camicia Materica Bianca - Acquista online! - Seconda Strada","isPartOf":{"@id":"https:\/\/www.secondastrada.com\/it\/#website"},"primaryImageOfPage":{"@id":"https:\/\/www.secondastrada.com\/it\/camicia-materica-bianca\/#primaryimage"},"image":{"@id":"https:\/\/www.secondastrada.com\/it\/camicia-materica-bianca\/#primaryimage"},"thumbnailUrl":"https:\/\/www.secondastrada.com\/wp-content\/uploads\/2026\/03\/CAD01SP26-TCP216-SPLEND-1-OB_AZZURRO-CACAO_PE26_1.jpg","datePublished":"2026-03-03T10:08:14+00:00","dateModified":"2026-04-14T09:14:07+00:00","description":"Camicia Materica Bianca \u27a4 Acquista online su Secondastrada.com Camicia Materica Bianca \u2714\ufe0f Spedizione veloce entro 24h in tutta Italia \u2714\ufe0f Sconto sul tuo primo acquisto","breadcrumb":{"@id":"https:\/\/www.secondastrada.com\/it\/camicia-materica-bianca\/#breadcrumb"},"inLanguage":"it-IT","potentialAction":[{"@type":"ReadAction","target":["https:\/\/www.secondastrada.com\/it\/camicia-materica-bianca\/"]}]},{"@type":"ImageObject","inLanguage":"it-IT","@id":"https:\/\/www.secondastrada.com\/it\/camicia-materica-bianca\/#primaryimage","url":"https:\/\/www.secondastrada.com\/wp-content\/uploads\/2026\/03\/CAD01SP26-TCP216-SPLEND-1-OB_AZZURRO-CACAO_PE26_1.jpg","contentUrl":"https:\/\/www.secondastrada.com\/wp-content\/uploads\/2026\/03\/CAD01SP26-TCP216-SPLEND-1-OB_AZZURRO-CACAO_PE26_1.jpg","width":1000,"height":1300,"caption":"CAD01SP26-TCP216-SPLEND-1-OB_AZZURRO-CACAO_PE26"},{"@type":"BreadcrumbList","@id":"https:\/\/www.secondastrada.com\/it\/camicia-materica-bianca\/#breadcrumb","itemListElement":[{"@type":"ListItem","position":1,"name":"Home","item":"https:\/\/www.secondastrada.com\/it\/"},{"@type":"ListItem","position":2,"name":"Shop","item":"https:\/\/www.secondastrada.com\/it\/shop\/"},{"@type":"ListItem","position":3,"name":"Donna","item":"https:\/\/www.secondastrada.com\/it\/collezione-donna\/"},{"@type":"ListItem","position":4,"name":"Abbigliamento","item":"https:\/\/www.secondastrada.com\/it\/collezione-donna\/abbigliamento-donna\/"},{"@type":"ListItem","position":5,"name":"Camicie e Bluse","item":"https:\/\/www.secondastrada.com\/it\/collezione-donna\/abbigliamento-donna\/camicie-e-bluse-da-donna\/"},{"@type":"ListItem","position":6,"name":"Camicia Materica Bianca"}]},{"@type":"WebSite","@id":"https:\/\/www.secondastrada.com\/it\/#website","url":"https:\/\/www.secondastrada.com\/it\/","name":"Seconda Strada","description":"","publisher":{"@id":"https:\/\/www.secondastrada.com\/it\/#organization"},"potentialAction":[{"@type":"SearchAction","target":{"@type":"EntryPoint","urlTemplate":"https:\/\/www.secondastrada.com\/it\/?s={search_term_string}"},"query-input":"required name=search_term_string"}],"inLanguage":"it-IT"},{"@type":"Organization","@id":"https:\/\/www.secondastrada.com\/it\/#organization","name":"Seconda Strada","url":"https:\/\/www.secondastrada.com\/it\/","logo":{"@type":"ImageObject","inLanguage":"it-IT","@id":"https:\/\/www.secondastrada.com\/it\/#\/schema\/logo\/image\/","url":"https:\/\/www.secondastrada.com\/wp-content\/uploads\/2023\/11\/secondastrada-logo.svg","contentUrl":"https:\/\/www.secondastrada.com\/wp-content\/uploads\/2023\/11\/secondastrada-logo.svg","width":353,"height":47,"caption":"Seconda Strada"},"image":{"@id":"https:\/\/www.secondastrada.com\/it\/#\/schema\/logo\/image\/"}}]}},"df_price":49.99,"df_sale_price":"","df_regular_price":49.99,"df_image_link":"https:\/\/www.secondastrada.com\/wp-content\/uploads\/2026\/03\/CAD01SP26-TCP216-SPLEND-1-OB_AZZURRO-CACAO_PE26_1-300x300.jpg","_links":{"self":[{"href":"https:\/\/www.secondastrada.com\/it\/wp-json\/wp\/v2\/product\/341407"}],"collection":[{"href":"https:\/\/www.secondastrada.com\/it\/wp-json\/wp\/v2\/product"}],"about":[{"href":"https:\/\/www.secondastrada.com\/it\/wp-json\/wp\/v2\/types\/product"}],"wp:featuredmedia":[{"embeddable":true,"href":"https:\/\/www.secondastrada.com\/it\/wp-json\/wp\/v2\/media\/341365"}],"wp:attachment":[{"href":"https:\/\/www.secondastrada.com\/it\/wp-json\/wp\/v2\/media?parent=341407"}],"wp:term":[{"taxonomy":"ss_brand","embeddable":true,"href":"https:\/\/www.secondastrada.com\/it\/wp-json\/wp\/v2\/ss_brand?post=341407"},{"taxonomy":"ss_promo","embeddable":true,"href":"https:\/\/www.secondastrada.com\/it\/wp-json\/wp\/v2\/ss_promo?post=341407"},{"taxonomy":"ss_season","embeddable":true,"href":"https:\/\/www.secondastrada.com\/it\/wp-json\/wp\/v2\/ss_season?post=341407"},{"taxonomy":"product_cat","embeddable":true,"href":"https:\/\/www.secondastrada.com\/it\/wp-json\/wp\/v2\/product_cat?post=341407"},{"taxonomy":"product_tag","embeddable":true,"href":"https:\/\/www.secondastrada.com\/it\/wp-json\/wp\/v2\/product_tag?post=341407"}],"curies":[{"name":"wp","href":"https:\/\/api.w.org\/{rel}","templated":true}]}}