{"id":341931,"date":"2026-03-03T12:00:26","date_gmt":"2026-03-03T11:00:26","guid":{"rendered":"https:\/\/www.secondastrada.com\/it\/pantaloni-materica-neri-3\/"},"modified":"2026-04-10T09:57:43","modified_gmt":"2026-04-10T07:57:43","slug":"pantaloni-materica-neri-3","status":"publish","type":"product","link":"https:\/\/www.secondastrada.com\/it\/pantaloni-materica-neri-3\/","title":{"rendered":"Pantaloni Materica Neri"},"content":{"rendered":"<p>Pantaloni MATERICA Neri<br \/>\nI Pantaloni MATERICA Neri sono un capo essenziale dal fascino intramontabile, perfetto per accompagnarti con stile nella bella stagione. Questi pantaloni da donna, adatti alla stagione primavera estate, si distinguono per la linea<\/p>\n","protected":false},"excerpt":{"rendered":"<p>Pantaloni MATERICA Neri I Pantaloni MATERICA Neri sono un capo essenziale dal fascino intramontabile, perfetto per accompagnarti con stile nella bella stagione. Questi pantaloni da donna, adatti alla stagione primavera estate, si distinguono per la linea<\/p>\n","protected":false},"featured_media":341335,"template":"","meta":{"inline_featured_image":false},"ss_brand":[2221],"ss_promo":[],"ss_season":[2531],"product_cat":[1329,1658,1342,1634,2537,1549],"product_tag":[2232,2188,1995],"class_list":{"0":"post-341931","1":"product","2":"type-product","3":"status-publish","4":"has-post-thumbnail","6":"ss_brand-materica-donna","7":"ss_season-pe26","8":"product_cat-abbigliamento-donna","9":"product_cat-collezione-donna","10":"product_cat-pantaloni-da-donna","11":"product_cat-pantaloni-da-donna-larghi-da-donna","12":"product_cat-set-coordinati-da-donna","13":"product_cat-tailleur-da-donna","14":"product_tag-outfit-da-cerimonia-da-donna","15":"product_tag-ufficio-da-donna","16":"product_tag-nuovi-arrivi-donna","18":"first","19":"instock","20":"shipping-taxable","21":"purchasable","22":"product-type-variable","23":"has-default-attributes"},"acf":{"ss_brand":[{"term_id":2221,"name":"MATERICA","slug":"materica-donna","term_group":0,"term_taxonomy_id":2221,"taxonomy":"ss_brand","description":"","parent":1201,"count":454,"filter":"raw"}],"ss_promo":false,"ss_season":[{"term_id":2531,"name":"PE26","slug":"pe26","term_group":0,"term_taxonomy_id":2531,"taxonomy":"ss_season","description":"","parent":0,"count":1432,"filter":"raw"}],"ss_old_price":"0,00","ss_omnibus_price":"0,00","ss_style_advice":"<p>Pantaloni MATERICA Neri<br \/>\nI Pantaloni MATERICA Neri sono un capo essenziale dal fascino intramontabile, perfetto per accompagnarti con stile nella bella stagione. Questi pantaloni da donna, adatti alla stagione primavera estate, si distinguono per la linea<\/p>\n","ss_composition":"<p>100% lyocell<\/p>\n","ss_fit":"<p>La modella \u00e8 alta 165 cm e indossa la taglia 40. La vestibilit\u00e0 del capo \u00e8 regolare.<\/p>\n"},"yoast_head":"<!-- This site is optimized with the Yoast SEO plugin v22.3 - https:\/\/yoast.com\/wordpress\/plugins\/seo\/ -->\n<title>Pantaloni Materica Neri - Acquista online! - Seconda Strada<\/title>\n<meta name=\"description\" content=\"Pantaloni Materica Neri \u27a4 Acquista online su Secondastrada.com Pantaloni Materica Neri \u2714\ufe0f Spedizione veloce entro 24h in tutta Italia \u2714\ufe0f Sconto sul tuo primo acquisto\" \/>\n<meta name=\"robots\" content=\"index, follow, max-snippet:-1, max-image-preview:large, max-video-preview:-1\" \/>\n<link rel=\"canonical\" href=\"https:\/\/www.secondastrada.com\/it\/pantaloni-materica-neri-3\/\" \/>\n<meta property=\"og:locale\" content=\"it_IT\" \/>\n<meta property=\"og:type\" content=\"article\" \/>\n<meta property=\"og:title\" content=\"Pantaloni Materica Neri - Acquista online! - Seconda Strada\" \/>\n<meta property=\"og:description\" content=\"Pantaloni Materica Neri \u27a4 Acquista online su Secondastrada.com Pantaloni Materica Neri \u2714\ufe0f Spedizione veloce entro 24h in tutta Italia \u2714\ufe0f Sconto sul tuo primo acquisto\" \/>\n<meta property=\"og:url\" content=\"https:\/\/www.secondastrada.com\/it\/pantaloni-materica-neri-3\/\" \/>\n<meta property=\"og:site_name\" content=\"Seconda Strada\" \/>\n<meta property=\"article:modified_time\" content=\"2026-04-10T07:57:43+00:00\" \/>\n<meta property=\"og:image\" content=\"https:\/\/www.secondastrada.com\/wp-content\/uploads\/2026\/03\/PD12SP26-TP336-PESCA-OB_NERO_PE26_1.jpg\" \/>\n\t<meta property=\"og:image:width\" content=\"1000\" \/>\n\t<meta property=\"og:image:height\" content=\"1300\" \/>\n\t<meta property=\"og:image:type\" content=\"image\/jpeg\" \/>\n<meta name=\"twitter:card\" content=\"summary_large_image\" \/>\n<!-- \/ Yoast SEO plugin. -->","yoast_head_json":{"title":"Pantaloni Materica Neri - Acquista online! - Seconda Strada","description":"Pantaloni Materica Neri \u27a4 Acquista online su Secondastrada.com Pantaloni Materica Neri \u2714\ufe0f Spedizione veloce entro 24h in tutta Italia \u2714\ufe0f Sconto sul tuo primo acquisto","robots":{"index":"index","follow":"follow","max-snippet":"max-snippet:-1","max-image-preview":"max-image-preview:large","max-video-preview":"max-video-preview:-1"},"canonical":"https:\/\/www.secondastrada.com\/it\/pantaloni-materica-neri-3\/","og_locale":"it_IT","og_type":"article","og_title":"Pantaloni Materica Neri - Acquista online! - Seconda Strada","og_description":"Pantaloni Materica Neri \u27a4 Acquista online su Secondastrada.com Pantaloni Materica Neri \u2714\ufe0f Spedizione veloce entro 24h in tutta Italia \u2714\ufe0f Sconto sul tuo primo acquisto","og_url":"https:\/\/www.secondastrada.com\/it\/pantaloni-materica-neri-3\/","og_site_name":"Seconda Strada","article_modified_time":"2026-04-10T07:57:43+00:00","og_image":[{"width":1000,"height":1300,"url":"https:\/\/www.secondastrada.com\/wp-content\/uploads\/2026\/03\/PD12SP26-TP336-PESCA-OB_NERO_PE26_1.jpg","type":"image\/jpeg"}],"twitter_card":"summary_large_image","schema":{"@context":"https:\/\/schema.org","@graph":[{"@type":"WebPage","@id":"https:\/\/www.secondastrada.com\/it\/pantaloni-materica-neri-3\/","url":"https:\/\/www.secondastrada.com\/it\/pantaloni-materica-neri-3\/","name":"Pantaloni Materica Neri - Acquista online! - Seconda Strada","isPartOf":{"@id":"https:\/\/www.secondastrada.com\/it\/#website"},"primaryImageOfPage":{"@id":"https:\/\/www.secondastrada.com\/it\/pantaloni-materica-neri-3\/#primaryimage"},"image":{"@id":"https:\/\/www.secondastrada.com\/it\/pantaloni-materica-neri-3\/#primaryimage"},"thumbnailUrl":"https:\/\/www.secondastrada.com\/wp-content\/uploads\/2026\/03\/PD12SP26-TP336-PESCA-OB_NERO_PE26_1.jpg","datePublished":"2026-03-03T11:00:26+00:00","dateModified":"2026-04-10T07:57:43+00:00","description":"Pantaloni Materica Neri \u27a4 Acquista online su Secondastrada.com Pantaloni Materica Neri \u2714\ufe0f Spedizione veloce entro 24h in tutta Italia \u2714\ufe0f Sconto sul tuo primo acquisto","breadcrumb":{"@id":"https:\/\/www.secondastrada.com\/it\/pantaloni-materica-neri-3\/#breadcrumb"},"inLanguage":"it-IT","potentialAction":[{"@type":"ReadAction","target":["https:\/\/www.secondastrada.com\/it\/pantaloni-materica-neri-3\/"]}]},{"@type":"ImageObject","inLanguage":"it-IT","@id":"https:\/\/www.secondastrada.com\/it\/pantaloni-materica-neri-3\/#primaryimage","url":"https:\/\/www.secondastrada.com\/wp-content\/uploads\/2026\/03\/PD12SP26-TP336-PESCA-OB_NERO_PE26_1.jpg","contentUrl":"https:\/\/www.secondastrada.com\/wp-content\/uploads\/2026\/03\/PD12SP26-TP336-PESCA-OB_NERO_PE26_1.jpg","width":1000,"height":1300,"caption":"PD12SP26-TP336-PESCA-OB_NERO_PE26"},{"@type":"BreadcrumbList","@id":"https:\/\/www.secondastrada.com\/it\/pantaloni-materica-neri-3\/#breadcrumb","itemListElement":[{"@type":"ListItem","position":1,"name":"Home","item":"https:\/\/www.secondastrada.com\/it\/"},{"@type":"ListItem","position":2,"name":"Shop","item":"https:\/\/www.secondastrada.com\/it\/shop\/"},{"@type":"ListItem","position":3,"name":"Donna","item":"https:\/\/www.secondastrada.com\/it\/collezione-donna\/"},{"@type":"ListItem","position":4,"name":"Abbigliamento","item":"https:\/\/www.secondastrada.com\/it\/collezione-donna\/abbigliamento-donna\/"},{"@type":"ListItem","position":5,"name":"Pantaloni","item":"https:\/\/www.secondastrada.com\/it\/collezione-donna\/abbigliamento-donna\/pantaloni-da-donna\/"},{"@type":"ListItem","position":6,"name":"Pantaloni larghi","item":"https:\/\/www.secondastrada.com\/it\/collezione-donna\/abbigliamento-donna\/pantaloni-da-donna\/pantaloni-da-donna-larghi-da-donna\/"},{"@type":"ListItem","position":7,"name":"Pantaloni Materica Neri"}]},{"@type":"WebSite","@id":"https:\/\/www.secondastrada.com\/it\/#website","url":"https:\/\/www.secondastrada.com\/it\/","name":"Seconda Strada","description":"","publisher":{"@id":"https:\/\/www.secondastrada.com\/it\/#organization"},"potentialAction":[{"@type":"SearchAction","target":{"@type":"EntryPoint","urlTemplate":"https:\/\/www.secondastrada.com\/it\/?s={search_term_string}"},"query-input":"required name=search_term_string"}],"inLanguage":"it-IT"},{"@type":"Organization","@id":"https:\/\/www.secondastrada.com\/it\/#organization","name":"Seconda Strada","url":"https:\/\/www.secondastrada.com\/it\/","logo":{"@type":"ImageObject","inLanguage":"it-IT","@id":"https:\/\/www.secondastrada.com\/it\/#\/schema\/logo\/image\/","url":"https:\/\/www.secondastrada.com\/wp-content\/uploads\/2023\/11\/secondastrada-logo.svg","contentUrl":"https:\/\/www.secondastrada.com\/wp-content\/uploads\/2023\/11\/secondastrada-logo.svg","width":353,"height":47,"caption":"Seconda Strada"},"image":{"@id":"https:\/\/www.secondastrada.com\/it\/#\/schema\/logo\/image\/"}}]}},"df_price":69.99,"df_sale_price":"","df_regular_price":69.99,"df_image_link":"https:\/\/www.secondastrada.com\/wp-content\/uploads\/2026\/03\/PD12SP26-TP336-PESCA-OB_NERO_PE26_1-300x300.jpg","_links":{"self":[{"href":"https:\/\/www.secondastrada.com\/it\/wp-json\/wp\/v2\/product\/341931"}],"collection":[{"href":"https:\/\/www.secondastrada.com\/it\/wp-json\/wp\/v2\/product"}],"about":[{"href":"https:\/\/www.secondastrada.com\/it\/wp-json\/wp\/v2\/types\/product"}],"wp:featuredmedia":[{"embeddable":true,"href":"https:\/\/www.secondastrada.com\/it\/wp-json\/wp\/v2\/media\/341335"}],"wp:attachment":[{"href":"https:\/\/www.secondastrada.com\/it\/wp-json\/wp\/v2\/media?parent=341931"}],"wp:term":[{"taxonomy":"ss_brand","embeddable":true,"href":"https:\/\/www.secondastrada.com\/it\/wp-json\/wp\/v2\/ss_brand?post=341931"},{"taxonomy":"ss_promo","embeddable":true,"href":"https:\/\/www.secondastrada.com\/it\/wp-json\/wp\/v2\/ss_promo?post=341931"},{"taxonomy":"ss_season","embeddable":true,"href":"https:\/\/www.secondastrada.com\/it\/wp-json\/wp\/v2\/ss_season?post=341931"},{"taxonomy":"product_cat","embeddable":true,"href":"https:\/\/www.secondastrada.com\/it\/wp-json\/wp\/v2\/product_cat?post=341931"},{"taxonomy":"product_tag","embeddable":true,"href":"https:\/\/www.secondastrada.com\/it\/wp-json\/wp\/v2\/product_tag?post=341931"}],"curies":[{"name":"wp","href":"https:\/\/api.w.org\/{rel}","templated":true}]}}