{"id":342024,"date":"2026-04-14T09:38:30","date_gmt":"2026-04-14T07:38:30","guid":{"rendered":"https:\/\/www.secondastrada.com\/it\/zaino-gaudi-nero\/"},"modified":"2026-04-14T09:38:30","modified_gmt":"2026-04-14T07:38:30","slug":"zaino-gaudi-nero","status":"publish","type":"product","link":"https:\/\/www.secondastrada.com\/it\/zaino-gaudi-nero\/","title":{"rendered":"Zaino Gaudi Nero"},"content":{"rendered":"<p>Zaino GAUDI Nero<br \/>\nLo Zaino GAUDI Nero \u00e8 l\u2019accessorio ideale per chi cerca praticit\u00e0 e stile in un unico modello. Questo zaino da donna adatto a tutte le stagioni si distingue per il design compatto e contemporaneo, perfetto per accompagnarti nelle giornate dinamiche senza rinunciare all\u2019eleganza. La tonalit\u00e0 nera, versatile e intramontabile, lo rende facile da abbinare a qualsiasi outfit, dal pi\u00f9 casual al pi\u00f9 ricercato. Realizzato in 100% poliuretano, offre una struttura resistente e leggera, pensata per un utilizzo quotidiano. Lo Zaino con chiusura a zip, tasca esterna, bottone, bretelle regolabili garantisce funzionalit\u00e0 e comfort: la zip protegge il contenuto, la tasca esterna consente di avere a portata di mano gli oggetti essenziali, mentre le bretelle regolabili permettono di adattarlo facilmente alle tue esigenze. Le misure taglia U sono: base inferiore 22 cm, altezza massima 27 cm, profondit\u00e0 11 cm. Si tratta di un pezzo unico di campionario, un dettaglio che lo rende ancora pi\u00f9 esclusivo. Perfetto nel tempo libero, in occasioni casual o durante lo shopping, puoi abbinarlo a jeans e sneakers per un look urbano e pratico, oppure a un abito leggero e giacca per un contrasto moderno e femminile. Tutti i prodotti su SecondaStrada.com sono originali. Codice articolo V6AE 12481 MA CB.<\/p>\n","protected":false},"excerpt":{"rendered":"<p>Zaino GAUDI Nero Lo Zaino GAUDI Nero \u00e8 l\u2019accessorio ideale per chi cerca praticit\u00e0 e stile in un unico modello. Questo zaino da donna adatto a tutte le stagioni si distingue per il design compatto e contemporaneo, perfetto per accompagnarti nelle giornate dinamiche senza rinunciare all\u2019eleganza. La tonalit\u00e0 nera, versatile e intramontabile, lo rende facile&#8230;<\/p>\n","protected":false},"featured_media":357446,"template":"","meta":{"inline_featured_image":false},"ss_brand":[2363],"ss_promo":[],"ss_season":[2531],"product_cat":[1331,1477,1658,1831],"product_tag":[1953,1995],"class_list":{"0":"post-342024","1":"product","2":"type-product","3":"status-publish","4":"has-post-thumbnail","6":"ss_brand-gaudi-donna","7":"ss_season-pe26","8":"product_cat-accessori-donna","9":"product_cat-borse-da-donna","10":"product_cat-collezione-donna","11":"product_cat-zaini-da-donna","12":"product_tag-campionario","13":"product_tag-nuovi-arrivi-donna","15":"first","16":"instock","17":"shipping-taxable","18":"purchasable","19":"product-type-variable","20":"has-default-attributes"},"acf":{"ss_brand":[{"term_id":2363,"name":"GAUDI","slug":"gaudi-donna","term_group":0,"term_taxonomy_id":2363,"taxonomy":"ss_brand","description":"Lasciati conquistare dal fascino contemporaneo di <strong>Gaud\u00ec<\/strong>, il brand italiano che unisce creativit\u00e0 e tendenza in collezioni dal carattere deciso. Su SecondaStrada.com trovi un\u2019ampia selezione di capi firmati Gaud\u00ec per dare un tocco di stile al tuo guardaroba, sempre a prezzi vantaggiosi!","parent":1201,"count":60,"filter":"raw"}],"ss_promo":false,"ss_season":[{"term_id":2531,"name":"PE26","slug":"pe26","term_group":0,"term_taxonomy_id":2531,"taxonomy":"ss_season","description":"","parent":0,"count":1294,"filter":"raw"}],"ss_old_price":"99,90","ss_omnibus_price":"0,00","ss_style_advice":"<p>Zaino GAUDI Nero<br \/>\nLo Zaino GAUDI Nero \u00e8 l\u2019accessorio ideale per chi cerca praticit\u00e0 e stile in un unico modello. Questo zaino da donna adatto a tutte le stagioni si distingue per il design compatto e contemporaneo, perfetto per accompagnarti nelle giornate dinamiche senza rinunciare all\u2019eleganza. La tonalit\u00e0 nera, versatile e intramontabile, lo rende facile da abbinare a qualsiasi outfit, dal pi\u00f9 casual al pi\u00f9 ricercato. Realizzato in 100% poliuretano, offre una struttura resistente e leggera, pensata per un utilizzo quotidiano. Lo Zaino con chiusura a zip, tasca esterna, bottone, bretelle regolabili garantisce funzionalit\u00e0 e comfort: la zip protegge il contenuto, la tasca esterna consente di avere a portata di mano gli oggetti essenziali, mentre le bretelle regolabili permettono di adattarlo facilmente alle tue esigenze. Le misure taglia U sono: base inferiore 22 cm, altezza massima 27 cm, profondit\u00e0 11 cm. Si tratta di un pezzo unico di campionario, un dettaglio che lo rende ancora pi\u00f9 esclusivo. Perfetto nel tempo libero, in occasioni casual o durante lo shopping, puoi abbinarlo a jeans e sneakers per un look urbano e pratico, oppure a un abito leggero e giacca per un contrasto moderno e femminile. Tutti i prodotti su SecondaStrada.com sono originali. Codice articolo V6AE 12481 MA CB.<\/p>\n","ss_composition":"<p>100% poliuretano<\/p>\n","ss_fit":"<p>Misure taglia U: <br \/>&#8211; Base inferiore: 22 cm <br \/>&#8211; Altezza massima: 27 cm <br \/>&#8211; Profondit\u00e0: 11 cm. Pezzo unico di campionario<\/p>\n"},"yoast_head":"<!-- This site is optimized with the Yoast SEO plugin v22.3 - https:\/\/yoast.com\/wordpress\/plugins\/seo\/ -->\n<title>Zaino Gaudi Nero - Acquista online! - Seconda Strada<\/title>\n<meta name=\"description\" content=\"Zaino Gaudi Nero \u27a4 Acquista online su Secondastrada.com Zaino Gaudi Nero \u2714\ufe0f Spedizione veloce entro 24h in tutta Italia \u2714\ufe0f Sconto sul tuo primo acquisto\" \/>\n<meta name=\"robots\" content=\"index, follow, max-snippet:-1, max-image-preview:large, max-video-preview:-1\" \/>\n<link rel=\"canonical\" href=\"https:\/\/www.secondastrada.com\/it\/zaino-gaudi-nero\/\" \/>\n<meta property=\"og:locale\" content=\"it_IT\" \/>\n<meta property=\"og:type\" content=\"article\" \/>\n<meta property=\"og:title\" content=\"Zaino Gaudi Nero - Acquista online! - Seconda Strada\" \/>\n<meta property=\"og:description\" content=\"Zaino Gaudi Nero \u27a4 Acquista online su Secondastrada.com Zaino Gaudi Nero \u2714\ufe0f Spedizione veloce entro 24h in tutta Italia \u2714\ufe0f Sconto sul tuo primo acquisto\" \/>\n<meta property=\"og:url\" content=\"https:\/\/www.secondastrada.com\/it\/zaino-gaudi-nero\/\" \/>\n<meta property=\"og:site_name\" content=\"Seconda Strada\" \/>\n<meta property=\"og:image\" content=\"https:\/\/www.secondastrada.com\/wp-content\/uploads\/2026\/04\/V6AE-12481-MA-CB_NERO_PE26_1.jpg\" \/>\n\t<meta property=\"og:image:width\" content=\"1000\" \/>\n\t<meta property=\"og:image:height\" content=\"1300\" \/>\n\t<meta property=\"og:image:type\" content=\"image\/jpeg\" \/>\n<meta name=\"twitter:card\" content=\"summary_large_image\" \/>\n<meta name=\"twitter:label1\" content=\"Tempo di lettura stimato\" \/>\n\t<meta name=\"twitter:data1\" content=\"1 minuto\" \/>\n<!-- \/ Yoast SEO plugin. -->","yoast_head_json":{"title":"Zaino Gaudi Nero - Acquista online! - Seconda Strada","description":"Zaino Gaudi Nero \u27a4 Acquista online su Secondastrada.com Zaino Gaudi Nero \u2714\ufe0f Spedizione veloce entro 24h in tutta Italia \u2714\ufe0f Sconto sul tuo primo acquisto","robots":{"index":"index","follow":"follow","max-snippet":"max-snippet:-1","max-image-preview":"max-image-preview:large","max-video-preview":"max-video-preview:-1"},"canonical":"https:\/\/www.secondastrada.com\/it\/zaino-gaudi-nero\/","og_locale":"it_IT","og_type":"article","og_title":"Zaino Gaudi Nero - Acquista online! - Seconda Strada","og_description":"Zaino Gaudi Nero \u27a4 Acquista online su Secondastrada.com Zaino Gaudi Nero \u2714\ufe0f Spedizione veloce entro 24h in tutta Italia \u2714\ufe0f Sconto sul tuo primo acquisto","og_url":"https:\/\/www.secondastrada.com\/it\/zaino-gaudi-nero\/","og_site_name":"Seconda Strada","og_image":[{"width":1000,"height":1300,"url":"https:\/\/www.secondastrada.com\/wp-content\/uploads\/2026\/04\/V6AE-12481-MA-CB_NERO_PE26_1.jpg","type":"image\/jpeg"}],"twitter_card":"summary_large_image","twitter_misc":{"Tempo di lettura stimato":"1 minuto"},"schema":{"@context":"https:\/\/schema.org","@graph":[{"@type":"WebPage","@id":"https:\/\/www.secondastrada.com\/it\/zaino-gaudi-nero\/","url":"https:\/\/www.secondastrada.com\/it\/zaino-gaudi-nero\/","name":"Zaino Gaudi Nero - Acquista online! - Seconda Strada","isPartOf":{"@id":"https:\/\/www.secondastrada.com\/it\/#website"},"primaryImageOfPage":{"@id":"https:\/\/www.secondastrada.com\/it\/zaino-gaudi-nero\/#primaryimage"},"image":{"@id":"https:\/\/www.secondastrada.com\/it\/zaino-gaudi-nero\/#primaryimage"},"thumbnailUrl":"https:\/\/www.secondastrada.com\/wp-content\/uploads\/2026\/04\/V6AE-12481-MA-CB_NERO_PE26_1.jpg","datePublished":"2026-04-14T07:38:30+00:00","dateModified":"2026-04-14T07:38:30+00:00","description":"Zaino Gaudi Nero \u27a4 Acquista online su Secondastrada.com Zaino Gaudi Nero \u2714\ufe0f Spedizione veloce entro 24h in tutta Italia \u2714\ufe0f Sconto sul tuo primo acquisto","breadcrumb":{"@id":"https:\/\/www.secondastrada.com\/it\/zaino-gaudi-nero\/#breadcrumb"},"inLanguage":"it-IT","potentialAction":[{"@type":"ReadAction","target":["https:\/\/www.secondastrada.com\/it\/zaino-gaudi-nero\/"]}]},{"@type":"ImageObject","inLanguage":"it-IT","@id":"https:\/\/www.secondastrada.com\/it\/zaino-gaudi-nero\/#primaryimage","url":"https:\/\/www.secondastrada.com\/wp-content\/uploads\/2026\/04\/V6AE-12481-MA-CB_NERO_PE26_1.jpg","contentUrl":"https:\/\/www.secondastrada.com\/wp-content\/uploads\/2026\/04\/V6AE-12481-MA-CB_NERO_PE26_1.jpg","width":1000,"height":1300,"caption":"V6AE-12481-MA-CB_NERO_PE26"},{"@type":"BreadcrumbList","@id":"https:\/\/www.secondastrada.com\/it\/zaino-gaudi-nero\/#breadcrumb","itemListElement":[{"@type":"ListItem","position":1,"name":"Home","item":"https:\/\/www.secondastrada.com\/it\/"},{"@type":"ListItem","position":2,"name":"Shop","item":"https:\/\/www.secondastrada.com\/it\/shop\/"},{"@type":"ListItem","position":3,"name":"Donna","item":"https:\/\/www.secondastrada.com\/it\/collezione-donna\/"},{"@type":"ListItem","position":4,"name":"Accessori","item":"https:\/\/www.secondastrada.com\/it\/collezione-donna\/accessori-donna\/"},{"@type":"ListItem","position":5,"name":"Borse","item":"https:\/\/www.secondastrada.com\/it\/collezione-donna\/accessori-donna\/borse-da-donna\/"},{"@type":"ListItem","position":6,"name":"Zaini","item":"https:\/\/www.secondastrada.com\/it\/collezione-donna\/accessori-donna\/borse-da-donna\/zaini-da-donna\/"},{"@type":"ListItem","position":7,"name":"Zaino Gaudi Nero"}]},{"@type":"WebSite","@id":"https:\/\/www.secondastrada.com\/it\/#website","url":"https:\/\/www.secondastrada.com\/it\/","name":"Seconda Strada","description":"","publisher":{"@id":"https:\/\/www.secondastrada.com\/it\/#organization"},"potentialAction":[{"@type":"SearchAction","target":{"@type":"EntryPoint","urlTemplate":"https:\/\/www.secondastrada.com\/it\/?s={search_term_string}"},"query-input":"required name=search_term_string"}],"inLanguage":"it-IT"},{"@type":"Organization","@id":"https:\/\/www.secondastrada.com\/it\/#organization","name":"Seconda Strada","url":"https:\/\/www.secondastrada.com\/it\/","logo":{"@type":"ImageObject","inLanguage":"it-IT","@id":"https:\/\/www.secondastrada.com\/it\/#\/schema\/logo\/image\/","url":"https:\/\/www.secondastrada.com\/wp-content\/uploads\/2023\/11\/secondastrada-logo.svg","contentUrl":"https:\/\/www.secondastrada.com\/wp-content\/uploads\/2023\/11\/secondastrada-logo.svg","width":353,"height":47,"caption":"Seconda Strada"},"image":{"@id":"https:\/\/www.secondastrada.com\/it\/#\/schema\/logo\/image\/"}}]}},"df_price":59.99,"df_sale_price":"","df_regular_price":59.99,"df_image_link":"https:\/\/www.secondastrada.com\/wp-content\/uploads\/2026\/04\/V6AE-12481-MA-CB_NERO_PE26_1-300x300.jpg","_links":{"self":[{"href":"https:\/\/www.secondastrada.com\/it\/wp-json\/wp\/v2\/product\/342024"}],"collection":[{"href":"https:\/\/www.secondastrada.com\/it\/wp-json\/wp\/v2\/product"}],"about":[{"href":"https:\/\/www.secondastrada.com\/it\/wp-json\/wp\/v2\/types\/product"}],"wp:featuredmedia":[{"embeddable":true,"href":"https:\/\/www.secondastrada.com\/it\/wp-json\/wp\/v2\/media\/357446"}],"wp:attachment":[{"href":"https:\/\/www.secondastrada.com\/it\/wp-json\/wp\/v2\/media?parent=342024"}],"wp:term":[{"taxonomy":"ss_brand","embeddable":true,"href":"https:\/\/www.secondastrada.com\/it\/wp-json\/wp\/v2\/ss_brand?post=342024"},{"taxonomy":"ss_promo","embeddable":true,"href":"https:\/\/www.secondastrada.com\/it\/wp-json\/wp\/v2\/ss_promo?post=342024"},{"taxonomy":"ss_season","embeddable":true,"href":"https:\/\/www.secondastrada.com\/it\/wp-json\/wp\/v2\/ss_season?post=342024"},{"taxonomy":"product_cat","embeddable":true,"href":"https:\/\/www.secondastrada.com\/it\/wp-json\/wp\/v2\/product_cat?post=342024"},{"taxonomy":"product_tag","embeddable":true,"href":"https:\/\/www.secondastrada.com\/it\/wp-json\/wp\/v2\/product_tag?post=342024"}],"curies":[{"name":"wp","href":"https:\/\/api.w.org\/{rel}","templated":true}]}}