{"id":342042,"date":"2026-03-03T12:59:46","date_gmt":"2026-03-03T11:59:46","guid":{"rendered":"https:\/\/www.secondastrada.com\/it\/portafogli-gaudi-panna\/"},"modified":"2026-03-03T14:02:19","modified_gmt":"2026-03-03T13:02:19","slug":"portafogli-gaudi-panna","status":"publish","type":"product","link":"https:\/\/www.secondastrada.com\/it\/portafogli-gaudi-panna\/","title":{"rendered":"Portafogli Gaudi Panna"},"content":{"rendered":"<p>Portafogli GAUDI Panna<br \/>\nIl Portafogli GAUDI Panna \u00e8 l\u2019accessorio ideale per completare con eleganza e praticit\u00e0 i tuoi look di stagione. Questo portafogli da donna adatto alla stagione primavera estate si distingue per la tonalit\u00e0 panna delicata e luminosa, perfetta per aggiungere un tocco raffinato anche ai dettagli quotidiani. I particolari dorati donano un accento prezioso e femminile, rendendolo un complemento ricercato ma facile da abbinare. Realizzato in 100% poliuretano, offre una struttura compatta e resistente, pensata per accompagnarti ogni giorno con stile. Il Portafogli con chiusura a zip, dettagli dorati garantisce sicurezza e praticit\u00e0, permettendoti di custodire carte, banconote e monete in modo ordinato. Le dimensioni contenute lo rendono perfetto da inserire in borsa senza occupare troppo spazio. Le misure taglia U sono: base inferiore 14 cm, altezza massima 9 cm, profondit\u00e0 2 cm. Si tratta di un pezzo unico di campionario, un dettaglio che lo rende ancora pi\u00f9 esclusivo. Perfetto nel tempo libero o durante le tue giornate pi\u00f9 dinamiche, puoi abbinarlo a una borsa coordinata per creare un insieme armonioso e curato nei minimi dettagli. Un accessorio pratico ma elegante, pensato per accompagnarti con stile nella stagione primavera estate. Tutti i prodotti su SecondaStrada.com sono originali. Codice articolo V6AE 12793 MA CB.<\/p>\n","protected":false},"excerpt":{"rendered":"<p>Portafogli GAUDI Panna Il Portafogli GAUDI Panna \u00e8 l\u2019accessorio ideale per completare con eleganza e praticit\u00e0 i tuoi look di stagione. Questo portafogli da donna adatto alla stagione primavera estate si distingue per la tonalit\u00e0 panna delicata e luminosa, perfetta per aggiungere un tocco raffinato anche ai dettagli quotidiani. I particolari dorati donano un accento&#8230;<\/p>\n","protected":false},"featured_media":342006,"template":"","meta":{"inline_featured_image":false},"ss_brand":[2363],"ss_promo":[],"ss_season":[2531],"product_cat":[1331,1658,1832],"product_tag":[1953,1995],"class_list":{"0":"post-342042","1":"product","2":"type-product","3":"status-publish","4":"has-post-thumbnail","6":"ss_brand-gaudi-donna","7":"ss_season-pe26","8":"product_cat-accessori-donna","9":"product_cat-collezione-donna","10":"product_cat-portafogli-da-donna","11":"product_tag-campionario","12":"product_tag-nuovi-arrivi-donna","14":"first","15":"instock","16":"shipping-taxable","17":"purchasable","18":"product-type-variable","19":"has-default-attributes"},"acf":{"ss_brand":[{"term_id":2363,"name":"GAUDI","slug":"gaudi-donna","term_group":0,"term_taxonomy_id":2363,"taxonomy":"ss_brand","description":"Lasciati conquistare dal fascino contemporaneo di <strong>Gaud\u00ec<\/strong>, il brand italiano che unisce creativit\u00e0 e tendenza in collezioni dal carattere deciso. Su SecondaStrada.com trovi un\u2019ampia selezione di capi firmati Gaud\u00ec per dare un tocco di stile al tuo guardaroba, sempre a prezzi vantaggiosi!","parent":1201,"count":60,"filter":"raw"}],"ss_promo":false,"ss_season":[{"term_id":2531,"name":"PE26","slug":"pe26","term_group":0,"term_taxonomy_id":2531,"taxonomy":"ss_season","description":"","parent":0,"count":1432,"filter":"raw"}],"ss_old_price":"49,90","ss_omnibus_price":"0,00","ss_style_advice":"<p>Portafogli GAUDI Panna<br \/>\nIl Portafogli GAUDI Panna \u00e8 l\u2019accessorio ideale per completare con eleganza e praticit\u00e0 i tuoi look di stagione. Questo portafogli da donna adatto alla stagione primavera estate si distingue per la tonalit\u00e0 panna delicata e luminosa, perfetta per aggiungere un tocco raffinato anche ai dettagli quotidiani. I particolari dorati donano un accento prezioso e femminile, rendendolo un complemento ricercato ma facile da abbinare. Realizzato in 100% poliuretano, offre una struttura compatta e resistente, pensata per accompagnarti ogni giorno con stile. Il Portafogli con chiusura a zip, dettagli dorati garantisce sicurezza e praticit\u00e0, permettendoti di custodire carte, banconote e monete in modo ordinato. Le dimensioni contenute lo rendono perfetto da inserire in borsa senza occupare troppo spazio. Le misure taglia U sono: base inferiore 14 cm, altezza massima 9 cm, profondit\u00e0 2 cm. Si tratta di un pezzo unico di campionario, un dettaglio che lo rende ancora pi\u00f9 esclusivo. Perfetto nel tempo libero o durante le tue giornate pi\u00f9 dinamiche, puoi abbinarlo a una borsa coordinata per creare un insieme armonioso e curato nei minimi dettagli. Un accessorio pratico ma elegante, pensato per accompagnarti con stile nella stagione primavera estate. Tutti i prodotti su SecondaStrada.com sono originali. Codice articolo V6AE 12793 MA CB.<\/p>\n","ss_composition":"<p>100% poliuretano<\/p>\n","ss_fit":"<p>Misure taglia U: <br \/>&#8211; Base inferiore: 14 cm <br \/>&#8211; Altezza massima: 9 cm <br \/>&#8211; Profondit\u00e0: 2 cm. Pezzo unico di campionario<\/p>\n"},"yoast_head":"<!-- This site is optimized with the Yoast SEO plugin v22.3 - https:\/\/yoast.com\/wordpress\/plugins\/seo\/ -->\n<title>Portafogli Gaudi Panna - Acquista online! - Seconda Strada<\/title>\n<meta name=\"description\" content=\"Portafogli Gaudi Panna \u27a4 Acquista online su Secondastrada.com Portafogli Gaudi Panna \u2714\ufe0f Spedizione veloce entro 24h in tutta Italia \u2714\ufe0f Sconto sul tuo primo acquisto\" \/>\n<meta name=\"robots\" content=\"index, follow, max-snippet:-1, max-image-preview:large, max-video-preview:-1\" \/>\n<link rel=\"canonical\" href=\"https:\/\/www.secondastrada.com\/it\/portafogli-gaudi-panna\/\" \/>\n<meta property=\"og:locale\" content=\"it_IT\" \/>\n<meta property=\"og:type\" content=\"article\" \/>\n<meta property=\"og:title\" content=\"Portafogli Gaudi Panna - Acquista online! - Seconda Strada\" \/>\n<meta property=\"og:description\" content=\"Portafogli Gaudi Panna \u27a4 Acquista online su Secondastrada.com Portafogli Gaudi Panna \u2714\ufe0f Spedizione veloce entro 24h in tutta Italia \u2714\ufe0f Sconto sul tuo primo acquisto\" \/>\n<meta property=\"og:url\" content=\"https:\/\/www.secondastrada.com\/it\/portafogli-gaudi-panna\/\" \/>\n<meta property=\"og:site_name\" content=\"Seconda Strada\" \/>\n<meta property=\"article:modified_time\" content=\"2026-03-03T13:02:19+00:00\" \/>\n<meta property=\"og:image\" content=\"https:\/\/www.secondastrada.com\/wp-content\/uploads\/2026\/03\/V6AE-12793-MA-CB_BIANCO_PE26_1.jpg\" \/>\n\t<meta property=\"og:image:width\" content=\"1000\" \/>\n\t<meta property=\"og:image:height\" content=\"1300\" \/>\n\t<meta property=\"og:image:type\" content=\"image\/jpeg\" \/>\n<meta name=\"twitter:card\" content=\"summary_large_image\" \/>\n<meta name=\"twitter:label1\" content=\"Tempo di lettura stimato\" \/>\n\t<meta name=\"twitter:data1\" content=\"1 minuto\" \/>\n<!-- \/ Yoast SEO plugin. -->","yoast_head_json":{"title":"Portafogli Gaudi Panna - Acquista online! - Seconda Strada","description":"Portafogli Gaudi Panna \u27a4 Acquista online su Secondastrada.com Portafogli Gaudi Panna \u2714\ufe0f Spedizione veloce entro 24h in tutta Italia \u2714\ufe0f Sconto sul tuo primo acquisto","robots":{"index":"index","follow":"follow","max-snippet":"max-snippet:-1","max-image-preview":"max-image-preview:large","max-video-preview":"max-video-preview:-1"},"canonical":"https:\/\/www.secondastrada.com\/it\/portafogli-gaudi-panna\/","og_locale":"it_IT","og_type":"article","og_title":"Portafogli Gaudi Panna - Acquista online! - Seconda Strada","og_description":"Portafogli Gaudi Panna \u27a4 Acquista online su Secondastrada.com Portafogli Gaudi Panna \u2714\ufe0f Spedizione veloce entro 24h in tutta Italia \u2714\ufe0f Sconto sul tuo primo acquisto","og_url":"https:\/\/www.secondastrada.com\/it\/portafogli-gaudi-panna\/","og_site_name":"Seconda Strada","article_modified_time":"2026-03-03T13:02:19+00:00","og_image":[{"width":1000,"height":1300,"url":"https:\/\/www.secondastrada.com\/wp-content\/uploads\/2026\/03\/V6AE-12793-MA-CB_BIANCO_PE26_1.jpg","type":"image\/jpeg"}],"twitter_card":"summary_large_image","twitter_misc":{"Tempo di lettura stimato":"1 minuto"},"schema":{"@context":"https:\/\/schema.org","@graph":[{"@type":"WebPage","@id":"https:\/\/www.secondastrada.com\/it\/portafogli-gaudi-panna\/","url":"https:\/\/www.secondastrada.com\/it\/portafogli-gaudi-panna\/","name":"Portafogli Gaudi Panna - Acquista online! - Seconda Strada","isPartOf":{"@id":"https:\/\/www.secondastrada.com\/it\/#website"},"primaryImageOfPage":{"@id":"https:\/\/www.secondastrada.com\/it\/portafogli-gaudi-panna\/#primaryimage"},"image":{"@id":"https:\/\/www.secondastrada.com\/it\/portafogli-gaudi-panna\/#primaryimage"},"thumbnailUrl":"https:\/\/www.secondastrada.com\/wp-content\/uploads\/2026\/03\/V6AE-12793-MA-CB_BIANCO_PE26_1.jpg","datePublished":"2026-03-03T11:59:46+00:00","dateModified":"2026-03-03T13:02:19+00:00","description":"Portafogli Gaudi Panna \u27a4 Acquista online su Secondastrada.com Portafogli Gaudi Panna \u2714\ufe0f Spedizione veloce entro 24h in tutta Italia \u2714\ufe0f Sconto sul tuo primo acquisto","breadcrumb":{"@id":"https:\/\/www.secondastrada.com\/it\/portafogli-gaudi-panna\/#breadcrumb"},"inLanguage":"it-IT","potentialAction":[{"@type":"ReadAction","target":["https:\/\/www.secondastrada.com\/it\/portafogli-gaudi-panna\/"]}]},{"@type":"ImageObject","inLanguage":"it-IT","@id":"https:\/\/www.secondastrada.com\/it\/portafogli-gaudi-panna\/#primaryimage","url":"https:\/\/www.secondastrada.com\/wp-content\/uploads\/2026\/03\/V6AE-12793-MA-CB_BIANCO_PE26_1.jpg","contentUrl":"https:\/\/www.secondastrada.com\/wp-content\/uploads\/2026\/03\/V6AE-12793-MA-CB_BIANCO_PE26_1.jpg","width":1000,"height":1300,"caption":"V6AE-12793-MA-CB_BIANCO_PE26"},{"@type":"BreadcrumbList","@id":"https:\/\/www.secondastrada.com\/it\/portafogli-gaudi-panna\/#breadcrumb","itemListElement":[{"@type":"ListItem","position":1,"name":"Home","item":"https:\/\/www.secondastrada.com\/it\/"},{"@type":"ListItem","position":2,"name":"Shop","item":"https:\/\/www.secondastrada.com\/it\/shop\/"},{"@type":"ListItem","position":3,"name":"Donna","item":"https:\/\/www.secondastrada.com\/it\/collezione-donna\/"},{"@type":"ListItem","position":4,"name":"Accessori","item":"https:\/\/www.secondastrada.com\/it\/collezione-donna\/accessori-donna\/"},{"@type":"ListItem","position":5,"name":"Portafogli","item":"https:\/\/www.secondastrada.com\/it\/collezione-donna\/accessori-donna\/portafogli-da-donna\/"},{"@type":"ListItem","position":6,"name":"Portafogli Gaudi Panna"}]},{"@type":"WebSite","@id":"https:\/\/www.secondastrada.com\/it\/#website","url":"https:\/\/www.secondastrada.com\/it\/","name":"Seconda Strada","description":"","publisher":{"@id":"https:\/\/www.secondastrada.com\/it\/#organization"},"potentialAction":[{"@type":"SearchAction","target":{"@type":"EntryPoint","urlTemplate":"https:\/\/www.secondastrada.com\/it\/?s={search_term_string}"},"query-input":"required name=search_term_string"}],"inLanguage":"it-IT"},{"@type":"Organization","@id":"https:\/\/www.secondastrada.com\/it\/#organization","name":"Seconda Strada","url":"https:\/\/www.secondastrada.com\/it\/","logo":{"@type":"ImageObject","inLanguage":"it-IT","@id":"https:\/\/www.secondastrada.com\/it\/#\/schema\/logo\/image\/","url":"https:\/\/www.secondastrada.com\/wp-content\/uploads\/2023\/11\/secondastrada-logo.svg","contentUrl":"https:\/\/www.secondastrada.com\/wp-content\/uploads\/2023\/11\/secondastrada-logo.svg","width":353,"height":47,"caption":"Seconda Strada"},"image":{"@id":"https:\/\/www.secondastrada.com\/it\/#\/schema\/logo\/image\/"}}]}},"df_price":29.99,"df_sale_price":"","df_regular_price":29.99,"df_image_link":"https:\/\/www.secondastrada.com\/wp-content\/uploads\/2026\/03\/V6AE-12793-MA-CB_BIANCO_PE26_1-300x300.jpg","_links":{"self":[{"href":"https:\/\/www.secondastrada.com\/it\/wp-json\/wp\/v2\/product\/342042"}],"collection":[{"href":"https:\/\/www.secondastrada.com\/it\/wp-json\/wp\/v2\/product"}],"about":[{"href":"https:\/\/www.secondastrada.com\/it\/wp-json\/wp\/v2\/types\/product"}],"wp:featuredmedia":[{"embeddable":true,"href":"https:\/\/www.secondastrada.com\/it\/wp-json\/wp\/v2\/media\/342006"}],"wp:attachment":[{"href":"https:\/\/www.secondastrada.com\/it\/wp-json\/wp\/v2\/media?parent=342042"}],"wp:term":[{"taxonomy":"ss_brand","embeddable":true,"href":"https:\/\/www.secondastrada.com\/it\/wp-json\/wp\/v2\/ss_brand?post=342042"},{"taxonomy":"ss_promo","embeddable":true,"href":"https:\/\/www.secondastrada.com\/it\/wp-json\/wp\/v2\/ss_promo?post=342042"},{"taxonomy":"ss_season","embeddable":true,"href":"https:\/\/www.secondastrada.com\/it\/wp-json\/wp\/v2\/ss_season?post=342042"},{"taxonomy":"product_cat","embeddable":true,"href":"https:\/\/www.secondastrada.com\/it\/wp-json\/wp\/v2\/product_cat?post=342042"},{"taxonomy":"product_tag","embeddable":true,"href":"https:\/\/www.secondastrada.com\/it\/wp-json\/wp\/v2\/product_tag?post=342042"}],"curies":[{"name":"wp","href":"https:\/\/api.w.org\/{rel}","templated":true}]}}