{"id":342062,"date":"2026-03-05T11:44:05","date_gmt":"2026-03-05T10:44:05","guid":{"rendered":"https:\/\/www.secondastrada.com\/it\/borsa-gaudi-fuxia\/"},"modified":"2026-03-05T11:44:05","modified_gmt":"2026-03-05T10:44:05","slug":"borsa-gaudi-fuxia","status":"publish","type":"product","link":"https:\/\/www.secondastrada.com\/it\/borsa-gaudi-fuxia\/","title":{"rendered":"Borsa Gaudi Fuxia"},"content":{"rendered":"<p>Borsa GAUDI Fuxia<br \/>\nLa Borsa GAUDI Fuxia \u00e8 l\u2019accessorio perfetto per chi ama osare con stile e aggiungere un tocco vivace ai propri outfit. Questa borsa da donna adatta alla stagione primavera estate si distingue per la tonalit\u00e0 fuxia intensa e luminosa, ideale per dare personalit\u00e0 anche ai look pi\u00f9 semplici. Capiente e ben strutturata, \u00e8 pensata per accompagnarti con eleganza nelle giornate pi\u00f9 dinamiche. Realizzata in 100% poliuretano, offre una combinazione di leggerezza e resistenza, perfetta per l\u2019utilizzo quotidiano. La Borsa con chiusura con gancino, tasche interne, manico e tracolla regolabile garantisce praticit\u00e0 e versatilit\u00e0: le tasche interne permettono di organizzare al meglio gli oggetti personali, mentre il manico e la tracolla regolabile consentono di indossarla a mano o a spalla, adattandola alle tue esigenze. Le misure taglia U sono: base inferiore 35 cm, altezza massima 25 cm, profondit\u00e0 11 cm. Si tratta di un pezzo unico di campionario, dettaglio che la rende ancora pi\u00f9 esclusiva. Perfetta nel tempo libero di giorno con jeans e sneakers per un look fresco e contemporaneo, oppure di sera con un abito nero o un completo elegante per un contrasto deciso e femminile. Un accessorio di carattere, pensato per valorizzare il tuo stile nella stagione primavera estate. Tutti i prodotti su SecondaStrada.com sono originali. Codice articolo V6AE 12871 MA CB.<\/p>\n","protected":false},"excerpt":{"rendered":"<p>Borsa GAUDI Fuxia La Borsa GAUDI Fuxia \u00e8 l\u2019accessorio perfetto per chi ama osare con stile e aggiungere un tocco vivace ai propri outfit. Questa borsa da donna adatta alla stagione primavera estate si distingue per la tonalit\u00e0 fuxia intensa e luminosa, ideale per dare personalit\u00e0 anche ai look pi\u00f9 semplici. Capiente e ben strutturata,&#8230;<\/p>\n","protected":false},"featured_media":342176,"template":"","meta":{"inline_featured_image":false},"ss_brand":[2363],"ss_promo":[],"ss_season":[2531],"product_cat":[1331,1477,1507,1658],"product_tag":[1953,1995],"class_list":{"0":"post-342062","1":"product","2":"type-product","3":"status-publish","4":"has-post-thumbnail","6":"ss_brand-gaudi-donna","7":"ss_season-pe26","8":"product_cat-accessori-donna","9":"product_cat-borse-da-donna","10":"product_cat-borse-a-tracolla-da-donna","11":"product_cat-collezione-donna","12":"product_tag-campionario","13":"product_tag-nuovi-arrivi-donna","15":"first","16":"instock","17":"shipping-taxable","18":"purchasable","19":"product-type-variable","20":"has-default-attributes"},"acf":{"ss_brand":[{"term_id":2363,"name":"GAUDI","slug":"gaudi-donna","term_group":0,"term_taxonomy_id":2363,"taxonomy":"ss_brand","description":"Lasciati conquistare dal fascino contemporaneo di <strong>Gaud\u00ec<\/strong>, il brand italiano che unisce creativit\u00e0 e tendenza in collezioni dal carattere deciso. Su SecondaStrada.com trovi un\u2019ampia selezione di capi firmati Gaud\u00ec per dare un tocco di stile al tuo guardaroba, sempre a prezzi vantaggiosi!","parent":1201,"count":60,"filter":"raw"}],"ss_promo":false,"ss_season":[{"term_id":2531,"name":"PE26","slug":"pe26","term_group":0,"term_taxonomy_id":2531,"taxonomy":"ss_season","description":"","parent":0,"count":1432,"filter":"raw"}],"ss_old_price":"109,90","ss_omnibus_price":"0,00","ss_style_advice":"<p>Borsa GAUDI Fuxia<br \/>\nLa Borsa GAUDI Fuxia \u00e8 l\u2019accessorio perfetto per chi ama osare con stile e aggiungere un tocco vivace ai propri outfit. Questa borsa da donna adatta alla stagione primavera estate si distingue per la tonalit\u00e0 fuxia intensa e luminosa, ideale per dare personalit\u00e0 anche ai look pi\u00f9 semplici. Capiente e ben strutturata, \u00e8 pensata per accompagnarti con eleganza nelle giornate pi\u00f9 dinamiche. Realizzata in 100% poliuretano, offre una combinazione di leggerezza e resistenza, perfetta per l\u2019utilizzo quotidiano. La Borsa con chiusura con gancino, tasche interne, manico e tracolla regolabile garantisce praticit\u00e0 e versatilit\u00e0: le tasche interne permettono di organizzare al meglio gli oggetti personali, mentre il manico e la tracolla regolabile consentono di indossarla a mano o a spalla, adattandola alle tue esigenze. Le misure taglia U sono: base inferiore 35 cm, altezza massima 25 cm, profondit\u00e0 11 cm. Si tratta di un pezzo unico di campionario, dettaglio che la rende ancora pi\u00f9 esclusiva. Perfetta nel tempo libero di giorno con jeans e sneakers per un look fresco e contemporaneo, oppure di sera con un abito nero o un completo elegante per un contrasto deciso e femminile. Un accessorio di carattere, pensato per valorizzare il tuo stile nella stagione primavera estate. Tutti i prodotti su SecondaStrada.com sono originali. Codice articolo V6AE 12871 MA CB.<\/p>\n","ss_composition":"<p>100% poliuretano<\/p>\n","ss_fit":"<p>Misure taglia U: <br \/>&#8211; Base inferiore: 35 cm <br \/>&#8211; Altezza massima: 25 cm <br \/>&#8211; Profondit\u00e0: 11 cm. Pezzo unico di campionario<\/p>\n"},"yoast_head":"<!-- This site is optimized with the Yoast SEO plugin v22.3 - https:\/\/yoast.com\/wordpress\/plugins\/seo\/ -->\n<title>Borsa Gaudi Fuxia - Acquista online! - Seconda Strada<\/title>\n<meta name=\"description\" content=\"Borsa Gaudi Fuxia \u27a4 Acquista online su Secondastrada.com Borsa Gaudi Fuxia \u2714\ufe0f Spedizione veloce entro 24h in tutta Italia \u2714\ufe0f Sconto sul tuo primo acquisto\" \/>\n<meta name=\"robots\" content=\"index, follow, max-snippet:-1, max-image-preview:large, max-video-preview:-1\" \/>\n<link rel=\"canonical\" href=\"https:\/\/www.secondastrada.com\/it\/borsa-gaudi-fuxia\/\" \/>\n<meta property=\"og:locale\" content=\"it_IT\" \/>\n<meta property=\"og:type\" content=\"article\" \/>\n<meta property=\"og:title\" content=\"Borsa Gaudi Fuxia - Acquista online! - Seconda Strada\" \/>\n<meta property=\"og:description\" content=\"Borsa Gaudi Fuxia \u27a4 Acquista online su Secondastrada.com Borsa Gaudi Fuxia \u2714\ufe0f Spedizione veloce entro 24h in tutta Italia \u2714\ufe0f Sconto sul tuo primo acquisto\" \/>\n<meta property=\"og:url\" content=\"https:\/\/www.secondastrada.com\/it\/borsa-gaudi-fuxia\/\" \/>\n<meta property=\"og:site_name\" content=\"Seconda Strada\" \/>\n<meta property=\"og:image\" content=\"https:\/\/www.secondastrada.com\/wp-content\/uploads\/2026\/03\/V6AE-12871-MA-CB_FUCSIA_PE26_1.jpg\" \/>\n\t<meta property=\"og:image:width\" content=\"1000\" \/>\n\t<meta property=\"og:image:height\" content=\"1300\" \/>\n\t<meta property=\"og:image:type\" content=\"image\/jpeg\" \/>\n<meta name=\"twitter:card\" content=\"summary_large_image\" \/>\n<meta name=\"twitter:label1\" content=\"Tempo di lettura stimato\" \/>\n\t<meta name=\"twitter:data1\" content=\"1 minuto\" \/>\n<!-- \/ Yoast SEO plugin. -->","yoast_head_json":{"title":"Borsa Gaudi Fuxia - Acquista online! - Seconda Strada","description":"Borsa Gaudi Fuxia \u27a4 Acquista online su Secondastrada.com Borsa Gaudi Fuxia \u2714\ufe0f Spedizione veloce entro 24h in tutta Italia \u2714\ufe0f Sconto sul tuo primo acquisto","robots":{"index":"index","follow":"follow","max-snippet":"max-snippet:-1","max-image-preview":"max-image-preview:large","max-video-preview":"max-video-preview:-1"},"canonical":"https:\/\/www.secondastrada.com\/it\/borsa-gaudi-fuxia\/","og_locale":"it_IT","og_type":"article","og_title":"Borsa Gaudi Fuxia - Acquista online! - Seconda Strada","og_description":"Borsa Gaudi Fuxia \u27a4 Acquista online su Secondastrada.com Borsa Gaudi Fuxia \u2714\ufe0f Spedizione veloce entro 24h in tutta Italia \u2714\ufe0f Sconto sul tuo primo acquisto","og_url":"https:\/\/www.secondastrada.com\/it\/borsa-gaudi-fuxia\/","og_site_name":"Seconda Strada","og_image":[{"width":1000,"height":1300,"url":"https:\/\/www.secondastrada.com\/wp-content\/uploads\/2026\/03\/V6AE-12871-MA-CB_FUCSIA_PE26_1.jpg","type":"image\/jpeg"}],"twitter_card":"summary_large_image","twitter_misc":{"Tempo di lettura stimato":"1 minuto"},"schema":{"@context":"https:\/\/schema.org","@graph":[{"@type":"WebPage","@id":"https:\/\/www.secondastrada.com\/it\/borsa-gaudi-fuxia\/","url":"https:\/\/www.secondastrada.com\/it\/borsa-gaudi-fuxia\/","name":"Borsa Gaudi Fuxia - Acquista online! - Seconda Strada","isPartOf":{"@id":"https:\/\/www.secondastrada.com\/it\/#website"},"primaryImageOfPage":{"@id":"https:\/\/www.secondastrada.com\/it\/borsa-gaudi-fuxia\/#primaryimage"},"image":{"@id":"https:\/\/www.secondastrada.com\/it\/borsa-gaudi-fuxia\/#primaryimage"},"thumbnailUrl":"https:\/\/www.secondastrada.com\/wp-content\/uploads\/2026\/03\/V6AE-12871-MA-CB_FUCSIA_PE26_1.jpg","datePublished":"2026-03-05T10:44:05+00:00","dateModified":"2026-03-05T10:44:05+00:00","description":"Borsa Gaudi Fuxia \u27a4 Acquista online su Secondastrada.com Borsa Gaudi Fuxia \u2714\ufe0f Spedizione veloce entro 24h in tutta Italia \u2714\ufe0f Sconto sul tuo primo acquisto","breadcrumb":{"@id":"https:\/\/www.secondastrada.com\/it\/borsa-gaudi-fuxia\/#breadcrumb"},"inLanguage":"it-IT","potentialAction":[{"@type":"ReadAction","target":["https:\/\/www.secondastrada.com\/it\/borsa-gaudi-fuxia\/"]}]},{"@type":"ImageObject","inLanguage":"it-IT","@id":"https:\/\/www.secondastrada.com\/it\/borsa-gaudi-fuxia\/#primaryimage","url":"https:\/\/www.secondastrada.com\/wp-content\/uploads\/2026\/03\/V6AE-12871-MA-CB_FUCSIA_PE26_1.jpg","contentUrl":"https:\/\/www.secondastrada.com\/wp-content\/uploads\/2026\/03\/V6AE-12871-MA-CB_FUCSIA_PE26_1.jpg","width":1000,"height":1300,"caption":"V6AE-12871-MA-CB_FUCSIA_PE26"},{"@type":"BreadcrumbList","@id":"https:\/\/www.secondastrada.com\/it\/borsa-gaudi-fuxia\/#breadcrumb","itemListElement":[{"@type":"ListItem","position":1,"name":"Home","item":"https:\/\/www.secondastrada.com\/it\/"},{"@type":"ListItem","position":2,"name":"Shop","item":"https:\/\/www.secondastrada.com\/it\/shop\/"},{"@type":"ListItem","position":3,"name":"Donna","item":"https:\/\/www.secondastrada.com\/it\/collezione-donna\/"},{"@type":"ListItem","position":4,"name":"Accessori","item":"https:\/\/www.secondastrada.com\/it\/collezione-donna\/accessori-donna\/"},{"@type":"ListItem","position":5,"name":"Borse","item":"https:\/\/www.secondastrada.com\/it\/collezione-donna\/accessori-donna\/borse-da-donna\/"},{"@type":"ListItem","position":6,"name":"Borse a tracolla","item":"https:\/\/www.secondastrada.com\/it\/collezione-donna\/accessori-donna\/borse-da-donna\/borse-a-tracolla-da-donna\/"},{"@type":"ListItem","position":7,"name":"Borsa Gaudi Fuxia"}]},{"@type":"WebSite","@id":"https:\/\/www.secondastrada.com\/it\/#website","url":"https:\/\/www.secondastrada.com\/it\/","name":"Seconda Strada","description":"","publisher":{"@id":"https:\/\/www.secondastrada.com\/it\/#organization"},"potentialAction":[{"@type":"SearchAction","target":{"@type":"EntryPoint","urlTemplate":"https:\/\/www.secondastrada.com\/it\/?s={search_term_string}"},"query-input":"required name=search_term_string"}],"inLanguage":"it-IT"},{"@type":"Organization","@id":"https:\/\/www.secondastrada.com\/it\/#organization","name":"Seconda Strada","url":"https:\/\/www.secondastrada.com\/it\/","logo":{"@type":"ImageObject","inLanguage":"it-IT","@id":"https:\/\/www.secondastrada.com\/it\/#\/schema\/logo\/image\/","url":"https:\/\/www.secondastrada.com\/wp-content\/uploads\/2023\/11\/secondastrada-logo.svg","contentUrl":"https:\/\/www.secondastrada.com\/wp-content\/uploads\/2023\/11\/secondastrada-logo.svg","width":353,"height":47,"caption":"Seconda Strada"},"image":{"@id":"https:\/\/www.secondastrada.com\/it\/#\/schema\/logo\/image\/"}}]}},"df_price":65.99,"df_sale_price":"","df_regular_price":65.99,"df_image_link":"https:\/\/www.secondastrada.com\/wp-content\/uploads\/2026\/03\/V6AE-12871-MA-CB_FUCSIA_PE26_1-300x300.jpg","_links":{"self":[{"href":"https:\/\/www.secondastrada.com\/it\/wp-json\/wp\/v2\/product\/342062"}],"collection":[{"href":"https:\/\/www.secondastrada.com\/it\/wp-json\/wp\/v2\/product"}],"about":[{"href":"https:\/\/www.secondastrada.com\/it\/wp-json\/wp\/v2\/types\/product"}],"wp:featuredmedia":[{"embeddable":true,"href":"https:\/\/www.secondastrada.com\/it\/wp-json\/wp\/v2\/media\/342176"}],"wp:attachment":[{"href":"https:\/\/www.secondastrada.com\/it\/wp-json\/wp\/v2\/media?parent=342062"}],"wp:term":[{"taxonomy":"ss_brand","embeddable":true,"href":"https:\/\/www.secondastrada.com\/it\/wp-json\/wp\/v2\/ss_brand?post=342062"},{"taxonomy":"ss_promo","embeddable":true,"href":"https:\/\/www.secondastrada.com\/it\/wp-json\/wp\/v2\/ss_promo?post=342062"},{"taxonomy":"ss_season","embeddable":true,"href":"https:\/\/www.secondastrada.com\/it\/wp-json\/wp\/v2\/ss_season?post=342062"},{"taxonomy":"product_cat","embeddable":true,"href":"https:\/\/www.secondastrada.com\/it\/wp-json\/wp\/v2\/product_cat?post=342062"},{"taxonomy":"product_tag","embeddable":true,"href":"https:\/\/www.secondastrada.com\/it\/wp-json\/wp\/v2\/product_tag?post=342062"}],"curies":[{"name":"wp","href":"https:\/\/api.w.org\/{rel}","templated":true}]}}