{"id":342086,"date":"2026-03-03T13:04:40","date_gmt":"2026-03-03T12:04:40","guid":{"rendered":"https:\/\/www.secondastrada.com\/it\/jeans-tommy-hilfiger-blu-3\/"},"modified":"2026-04-14T09:41:43","modified_gmt":"2026-04-14T07:41:43","slug":"jeans-tommy-hilfiger-blu-3","status":"publish","type":"product","link":"https:\/\/www.secondastrada.com\/it\/jeans-tommy-hilfiger-blu-3\/","title":{"rendered":"Jeans Tommy Hilfiger Blu"},"content":{"rendered":"<p>Jeans TOMMY HILFIGER Blu<br \/>\nI Jeans TOMMY HILFIGER Blu sono un capo essenziale del guardaroba maschile, perfetti per chi cerca uno stile casual ma curato nei dettagli. Questi jeans da uomo, adatti alla stagione primavera estate, si distinguono per la tonalit\u00e0 blu versatile e intramontabile, ideale per accompagnarti in ogni momento della giornata. Il design classico con tasche, bottone e zip garantisce praticit\u00e0 e un\u2019estetica pulita, in linea con l\u2019identit\u00e0 iconica del brand. Realizzati in 79% cotone, 20% cotone riprocessato e 1% elastane, offrono comfort, resistenza e una leggera elasticit\u00e0 che assicura libert\u00e0 di movimento. La vestibilit\u00e0 \u00e8 regolare e segue la silhouette senza risultare troppo aderente, rendendoli adatti a diverse fisicit\u00e0. Il modello \u00e8 alto 178 cm e indossa la taglia 33 US, corrispondente alla 46\/48 italiana, un riferimento utile per orientarti nella scelta della misura pi\u00f9 adatta. Questi Jeans con tasche, bottone e zip sono perfetti nel tempo libero, in occasioni casual o durante il weekend. Puoi abbinarli a una t-shirt e sneakers per un look semplice e dinamico, oppure a una camicia e mocassini per uno stile pi\u00f9 ricercato ma rilassato. Versatili e sempre attuali, sono pensati per accompagnarti con comfort e personalit\u00e0 nella stagione primavera estate. Tutti i prodotti su SecondaStrada.com sono originali. Codice articolo DM0DM23308 OB.<\/p>\n","protected":false},"excerpt":{"rendered":"<p>Jeans TOMMY HILFIGER Blu I Jeans TOMMY HILFIGER Blu sono un capo essenziale del guardaroba maschile, perfetti per chi cerca uno stile casual ma curato nei dettagli. Questi jeans da uomo, adatti alla stagione primavera estate, si distinguono per la tonalit\u00e0 blu versatile e intramontabile, ideale per accompagnarti in ogni momento della giornata. Il design&#8230;<\/p>\n","protected":false},"featured_media":341997,"template":"","meta":{"inline_featured_image":false},"ss_brand":[1317],"ss_promo":[],"ss_season":[2531],"product_cat":[1332,1844,1714],"product_tag":[2445,2410,2408,2409,1993],"class_list":{"0":"post-342086","1":"product","2":"type-product","3":"status-publish","4":"has-post-thumbnail","6":"ss_brand-tommy-hilfiger-uomo","7":"ss_season-pe26","8":"product_cat-abbigliamento-uomo","9":"product_cat-jeans-da-uomo","10":"product_cat-collezione-uomo","11":"product_tag-jeans-tommy-hilfiger-uomo","12":"product_tag-look-da-discoteca-uomo","13":"product_tag-look-da-festa-uomo","14":"product_tag-look-da-sabato-sera-uomo","15":"product_tag-nuovi-arrivi-uomo","17":"first","18":"instock","19":"shipping-taxable","20":"purchasable","21":"product-type-variable","22":"has-default-attributes"},"acf":{"ss_brand":[{"term_id":1317,"name":"TOMMY HILFIGER","slug":"tommy-hilfiger-uomo","term_group":0,"term_taxonomy_id":1317,"taxonomy":"ss_brand","description":"Aggiungi un twist preppy e memorabile al tuo stile con gli accessori da uomo di Tommy Hilfiger e approfitta dei vantaggi imbattibili del nostro store online di grandi firme!","parent":1268,"count":318,"filter":"raw"}],"ss_promo":false,"ss_season":[{"term_id":2531,"name":"PE26","slug":"pe26","term_group":0,"term_taxonomy_id":2531,"taxonomy":"ss_season","description":"","parent":0,"count":1387,"filter":"raw"}],"ss_old_price":"109,90","ss_omnibus_price":"0,00","ss_style_advice":"<p>Jeans TOMMY HILFIGER Blu<br \/>\nI Jeans TOMMY HILFIGER Blu sono un capo essenziale del guardaroba maschile, perfetti per chi cerca uno stile casual ma curato nei dettagli. Questi jeans da uomo, adatti alla stagione primavera estate, si distinguono per la tonalit\u00e0 blu versatile e intramontabile, ideale per accompagnarti in ogni momento della giornata. Il design classico con tasche, bottone e zip garantisce praticit\u00e0 e un\u2019estetica pulita, in linea con l\u2019identit\u00e0 iconica del brand. Realizzati in 79% cotone, 20% cotone riprocessato e 1% elastane, offrono comfort, resistenza e una leggera elasticit\u00e0 che assicura libert\u00e0 di movimento. La vestibilit\u00e0 \u00e8 regolare e segue la silhouette senza risultare troppo aderente, rendendoli adatti a diverse fisicit\u00e0. Il modello \u00e8 alto 178 cm e indossa la taglia 33 US, corrispondente alla 46\/48 italiana, un riferimento utile per orientarti nella scelta della misura pi\u00f9 adatta. Questi Jeans con tasche, bottone e zip sono perfetti nel tempo libero, in occasioni casual o durante il weekend. Puoi abbinarli a una t-shirt e sneakers per un look semplice e dinamico, oppure a una camicia e mocassini per uno stile pi\u00f9 ricercato ma rilassato. Versatili e sempre attuali, sono pensati per accompagnarti con comfort e personalit\u00e0 nella stagione primavera estate. Tutti i prodotti su SecondaStrada.com sono originali. Codice articolo DM0DM23308 OB.<\/p>\n","ss_composition":"<p>79% cotone 20% cotone riprocessato 1% elastane<\/p>\n","ss_fit":"<p>Il modello \u00e8 alto 178 cm e indossa la taglia 33 US corrispondente alla 46\/48 italiana. La vestibilit\u00e0 del capo \u00e8 regolare.<\/p>\n"},"yoast_head":"<!-- This site is optimized with the Yoast SEO plugin v22.3 - https:\/\/yoast.com\/wordpress\/plugins\/seo\/ -->\n<title>Jeans Tommy Hilfiger Blu - Acquista online! - Seconda Strada<\/title>\n<meta name=\"description\" content=\"Jeans Tommy Hilfiger Blu \u27a4 Acquista online su Secondastrada.com Jeans Tommy Hilfiger Blu \u2714\ufe0f Spedizione veloce entro 24h in tutta Italia \u2714\ufe0f Sconto sul tuo primo acquisto\" \/>\n<meta name=\"robots\" content=\"index, follow, max-snippet:-1, max-image-preview:large, max-video-preview:-1\" \/>\n<link rel=\"canonical\" href=\"https:\/\/www.secondastrada.com\/it\/jeans-tommy-hilfiger-blu-3\/\" \/>\n<meta property=\"og:locale\" content=\"it_IT\" \/>\n<meta property=\"og:type\" content=\"article\" \/>\n<meta property=\"og:title\" content=\"Jeans Tommy Hilfiger Blu - Acquista online! - Seconda Strada\" \/>\n<meta property=\"og:description\" content=\"Jeans Tommy Hilfiger Blu \u27a4 Acquista online su Secondastrada.com Jeans Tommy Hilfiger Blu \u2714\ufe0f Spedizione veloce entro 24h in tutta Italia \u2714\ufe0f Sconto sul tuo primo acquisto\" \/>\n<meta property=\"og:url\" content=\"https:\/\/www.secondastrada.com\/it\/jeans-tommy-hilfiger-blu-3\/\" \/>\n<meta property=\"og:site_name\" content=\"Seconda Strada\" \/>\n<meta property=\"article:modified_time\" content=\"2026-04-14T07:41:43+00:00\" \/>\n<meta property=\"og:image\" content=\"https:\/\/www.secondastrada.com\/wp-content\/uploads\/2026\/03\/DM0DM23308-OB_1BK_PE26_1.jpg\" \/>\n\t<meta property=\"og:image:width\" content=\"1000\" \/>\n\t<meta property=\"og:image:height\" content=\"1300\" \/>\n\t<meta property=\"og:image:type\" content=\"image\/jpeg\" \/>\n<meta name=\"twitter:card\" content=\"summary_large_image\" \/>\n<meta name=\"twitter:label1\" content=\"Tempo di lettura stimato\" \/>\n\t<meta name=\"twitter:data1\" content=\"1 minuto\" \/>\n<!-- \/ Yoast SEO plugin. -->","yoast_head_json":{"title":"Jeans Tommy Hilfiger Blu - Acquista online! - Seconda Strada","description":"Jeans Tommy Hilfiger Blu \u27a4 Acquista online su Secondastrada.com Jeans Tommy Hilfiger Blu \u2714\ufe0f Spedizione veloce entro 24h in tutta Italia \u2714\ufe0f Sconto sul tuo primo acquisto","robots":{"index":"index","follow":"follow","max-snippet":"max-snippet:-1","max-image-preview":"max-image-preview:large","max-video-preview":"max-video-preview:-1"},"canonical":"https:\/\/www.secondastrada.com\/it\/jeans-tommy-hilfiger-blu-3\/","og_locale":"it_IT","og_type":"article","og_title":"Jeans Tommy Hilfiger Blu - Acquista online! - Seconda Strada","og_description":"Jeans Tommy Hilfiger Blu \u27a4 Acquista online su Secondastrada.com Jeans Tommy Hilfiger Blu \u2714\ufe0f Spedizione veloce entro 24h in tutta Italia \u2714\ufe0f Sconto sul tuo primo acquisto","og_url":"https:\/\/www.secondastrada.com\/it\/jeans-tommy-hilfiger-blu-3\/","og_site_name":"Seconda Strada","article_modified_time":"2026-04-14T07:41:43+00:00","og_image":[{"width":1000,"height":1300,"url":"https:\/\/www.secondastrada.com\/wp-content\/uploads\/2026\/03\/DM0DM23308-OB_1BK_PE26_1.jpg","type":"image\/jpeg"}],"twitter_card":"summary_large_image","twitter_misc":{"Tempo di lettura stimato":"1 minuto"},"schema":{"@context":"https:\/\/schema.org","@graph":[{"@type":"WebPage","@id":"https:\/\/www.secondastrada.com\/it\/jeans-tommy-hilfiger-blu-3\/","url":"https:\/\/www.secondastrada.com\/it\/jeans-tommy-hilfiger-blu-3\/","name":"Jeans Tommy Hilfiger Blu - Acquista online! - Seconda Strada","isPartOf":{"@id":"https:\/\/www.secondastrada.com\/it\/#website"},"primaryImageOfPage":{"@id":"https:\/\/www.secondastrada.com\/it\/jeans-tommy-hilfiger-blu-3\/#primaryimage"},"image":{"@id":"https:\/\/www.secondastrada.com\/it\/jeans-tommy-hilfiger-blu-3\/#primaryimage"},"thumbnailUrl":"https:\/\/www.secondastrada.com\/wp-content\/uploads\/2026\/03\/DM0DM23308-OB_1BK_PE26_1.jpg","datePublished":"2026-03-03T12:04:40+00:00","dateModified":"2026-04-14T07:41:43+00:00","description":"Jeans Tommy Hilfiger Blu \u27a4 Acquista online su Secondastrada.com Jeans Tommy Hilfiger Blu \u2714\ufe0f Spedizione veloce entro 24h in tutta Italia \u2714\ufe0f Sconto sul tuo primo acquisto","breadcrumb":{"@id":"https:\/\/www.secondastrada.com\/it\/jeans-tommy-hilfiger-blu-3\/#breadcrumb"},"inLanguage":"it-IT","potentialAction":[{"@type":"ReadAction","target":["https:\/\/www.secondastrada.com\/it\/jeans-tommy-hilfiger-blu-3\/"]}]},{"@type":"ImageObject","inLanguage":"it-IT","@id":"https:\/\/www.secondastrada.com\/it\/jeans-tommy-hilfiger-blu-3\/#primaryimage","url":"https:\/\/www.secondastrada.com\/wp-content\/uploads\/2026\/03\/DM0DM23308-OB_1BK_PE26_1.jpg","contentUrl":"https:\/\/www.secondastrada.com\/wp-content\/uploads\/2026\/03\/DM0DM23308-OB_1BK_PE26_1.jpg","width":1000,"height":1300,"caption":"DM0DM23308-OB_1BK_PE26"},{"@type":"BreadcrumbList","@id":"https:\/\/www.secondastrada.com\/it\/jeans-tommy-hilfiger-blu-3\/#breadcrumb","itemListElement":[{"@type":"ListItem","position":1,"name":"Home","item":"https:\/\/www.secondastrada.com\/it\/"},{"@type":"ListItem","position":2,"name":"Shop","item":"https:\/\/www.secondastrada.com\/it\/shop\/"},{"@type":"ListItem","position":3,"name":"Uomo","item":"https:\/\/www.secondastrada.com\/it\/collezione-uomo\/"},{"@type":"ListItem","position":4,"name":"Abbigliamento","item":"https:\/\/www.secondastrada.com\/it\/collezione-uomo\/abbigliamento-uomo\/"},{"@type":"ListItem","position":5,"name":"Jeans","item":"https:\/\/www.secondastrada.com\/it\/collezione-uomo\/abbigliamento-uomo\/jeans-da-uomo\/"},{"@type":"ListItem","position":6,"name":"Jeans Tommy Hilfiger Blu"}]},{"@type":"WebSite","@id":"https:\/\/www.secondastrada.com\/it\/#website","url":"https:\/\/www.secondastrada.com\/it\/","name":"Seconda Strada","description":"","publisher":{"@id":"https:\/\/www.secondastrada.com\/it\/#organization"},"potentialAction":[{"@type":"SearchAction","target":{"@type":"EntryPoint","urlTemplate":"https:\/\/www.secondastrada.com\/it\/?s={search_term_string}"},"query-input":"required name=search_term_string"}],"inLanguage":"it-IT"},{"@type":"Organization","@id":"https:\/\/www.secondastrada.com\/it\/#organization","name":"Seconda Strada","url":"https:\/\/www.secondastrada.com\/it\/","logo":{"@type":"ImageObject","inLanguage":"it-IT","@id":"https:\/\/www.secondastrada.com\/it\/#\/schema\/logo\/image\/","url":"https:\/\/www.secondastrada.com\/wp-content\/uploads\/2023\/11\/secondastrada-logo.svg","contentUrl":"https:\/\/www.secondastrada.com\/wp-content\/uploads\/2023\/11\/secondastrada-logo.svg","width":353,"height":47,"caption":"Seconda Strada"},"image":{"@id":"https:\/\/www.secondastrada.com\/it\/#\/schema\/logo\/image\/"}}]}},"df_price":99.99,"df_sale_price":"","df_regular_price":99.99,"df_image_link":"https:\/\/www.secondastrada.com\/wp-content\/uploads\/2026\/03\/DM0DM23308-OB_1BK_PE26_1-300x300.jpg","_links":{"self":[{"href":"https:\/\/www.secondastrada.com\/it\/wp-json\/wp\/v2\/product\/342086"}],"collection":[{"href":"https:\/\/www.secondastrada.com\/it\/wp-json\/wp\/v2\/product"}],"about":[{"href":"https:\/\/www.secondastrada.com\/it\/wp-json\/wp\/v2\/types\/product"}],"wp:featuredmedia":[{"embeddable":true,"href":"https:\/\/www.secondastrada.com\/it\/wp-json\/wp\/v2\/media\/341997"}],"wp:attachment":[{"href":"https:\/\/www.secondastrada.com\/it\/wp-json\/wp\/v2\/media?parent=342086"}],"wp:term":[{"taxonomy":"ss_brand","embeddable":true,"href":"https:\/\/www.secondastrada.com\/it\/wp-json\/wp\/v2\/ss_brand?post=342086"},{"taxonomy":"ss_promo","embeddable":true,"href":"https:\/\/www.secondastrada.com\/it\/wp-json\/wp\/v2\/ss_promo?post=342086"},{"taxonomy":"ss_season","embeddable":true,"href":"https:\/\/www.secondastrada.com\/it\/wp-json\/wp\/v2\/ss_season?post=342086"},{"taxonomy":"product_cat","embeddable":true,"href":"https:\/\/www.secondastrada.com\/it\/wp-json\/wp\/v2\/product_cat?post=342086"},{"taxonomy":"product_tag","embeddable":true,"href":"https:\/\/www.secondastrada.com\/it\/wp-json\/wp\/v2\/product_tag?post=342086"}],"curies":[{"name":"wp","href":"https:\/\/api.w.org\/{rel}","templated":true}]}}