{"id":342823,"date":"2026-03-05T15:40:26","date_gmt":"2026-03-05T14:40:26","guid":{"rendered":"https:\/\/www.secondastrada.com\/it\/portafoglio-twin-set-arancione-2\/"},"modified":"2026-03-05T15:40:26","modified_gmt":"2026-03-05T14:40:26","slug":"portafoglio-twin-set-arancione-2","status":"publish","type":"product","link":"https:\/\/www.secondastrada.com\/it\/portafoglio-twin-set-arancione-2\/","title":{"rendered":"Portafoglio Twin Set Arancione"},"content":{"rendered":"<p>Portafoglio TWIN SET Arancione<br \/>\nIl Portafoglio TWIN SET Arancione \u00e8 un accessorio vivace e raffinato pensato per aggiungere un tocco di colore e personalit\u00e0 ai tuoi accessori quotidiani. Questo portafoglio da donna adatta alla stagione primavera estate si distingue per la sua tonalit\u00e0 arancione luminosa e contemporanea, perfetta per dare energia al tuo stile e completare con carattere il contenuto della tua borsa. Il design compatto \u00e8 valorizzato da un elegante bottone dorato con logo TWIN SET che dona luminosit\u00e0 e riconoscibilit\u00e0 al modello, rendendo questo portafoglio con bottone dorato con logo TWIN SET un dettaglio sofisticato e funzionale allo stesso tempo. Realizzato in 100% poliestere, garantisce leggerezza e resistenza, offrendo una struttura pratica e facile da utilizzare ogni giorno. Le dimensioni compatte, base inferiore 12 cm, altezza massima 9 cm e profondit\u00e0 2 cm, lo rendono ideale per organizzare con ordine carte, contanti e piccoli documenti mantenendo una linea elegante e discreta. Grazie alla sua struttura essenziale pu\u00f2 essere facilmente inserito in qualsiasi borsa senza occupare troppo spazio. Il Portafoglio TWIN SET Arancione \u00e8 perfetto da utilizzare durante le attivit\u00e0 quotidiane, sia nel tempo libero che nelle giornate pi\u00f9 dinamiche, quando desideri avere tutto l\u2019essenziale sempre a portata di mano. Puoi abbinarlo facilmente a una borsa coordinata per creare un set elegante e armonioso oppure utilizzarlo come dettaglio colorato all\u2019interno della tua borsa preferita. Pratico, elegante e contemporaneo, \u00e8 l\u2019accessorio ideale per completare con stile i tuoi accessori della stagione pi\u00f9 luminosa. Tutti i prodotti disponibili su SecondaStrada.com sono originali e accuratamente selezionati. Codice articolo 261TD8124 DP CA.<\/p>\n","protected":false},"excerpt":{"rendered":"<p>Portafoglio TWIN SET Arancione Il Portafoglio TWIN SET Arancione \u00e8 un accessorio vivace e raffinato pensato per aggiungere un tocco di colore e personalit\u00e0 ai tuoi accessori quotidiani. Questo portafoglio da donna adatta alla stagione primavera estate si distingue per la sua tonalit\u00e0 arancione luminosa e contemporanea, perfetta per dare energia al tuo stile e&#8230;<\/p>\n","protected":false},"featured_media":343024,"template":"","meta":{"inline_featured_image":false},"ss_brand":[1925],"ss_promo":[],"ss_season":[2531],"product_cat":[1331,1658,1832],"product_tag":[1953,1995],"class_list":{"0":"post-342823","1":"product","2":"type-product","3":"status-publish","4":"has-post-thumbnail","6":"ss_brand-twin-set-donna","7":"ss_season-pe26","8":"product_cat-accessori-donna","9":"product_cat-collezione-donna","10":"product_cat-portafogli-da-donna","11":"product_tag-campionario","12":"product_tag-nuovi-arrivi-donna","14":"first","15":"instock","16":"shipping-taxable","17":"purchasable","18":"product-type-variable","19":"has-default-attributes"},"acf":{"ss_brand":[{"term_id":1925,"name":"TWIN SET","slug":"twin-set-donna","term_group":0,"term_taxonomy_id":1925,"taxonomy":"ss_brand","description":"Twin Set \u00e8 il brand made in Italy che sceglie di vestire le donne secondo un gusto elegante e raffinato. Dettagli glamour e chic per look ideali dalla mattina alla sera. Se stai cercando uno shop online Twin Set sei nel posto giusto: vieni a scoprire gli sconti!\u00a0Acquista online su SecondaStrada.com abbigliamento da donna Twin Set scontatissimo!","parent":1201,"count":106,"filter":"raw"}],"ss_promo":false,"ss_season":[{"term_id":2531,"name":"PE26","slug":"pe26","term_group":0,"term_taxonomy_id":2531,"taxonomy":"ss_season","description":"","parent":0,"count":1432,"filter":"raw"}],"ss_old_price":"94,00","ss_omnibus_price":"0,00","ss_style_advice":"<p>Portafoglio TWIN SET Arancione<br \/>\nIl Portafoglio TWIN SET Arancione \u00e8 un accessorio vivace e raffinato pensato per aggiungere un tocco di colore e personalit\u00e0 ai tuoi accessori quotidiani. Questo portafoglio da donna adatta alla stagione primavera estate si distingue per la sua tonalit\u00e0 arancione luminosa e contemporanea, perfetta per dare energia al tuo stile e completare con carattere il contenuto della tua borsa. Il design compatto \u00e8 valorizzato da un elegante bottone dorato con logo TWIN SET che dona luminosit\u00e0 e riconoscibilit\u00e0 al modello, rendendo questo portafoglio con bottone dorato con logo TWIN SET un dettaglio sofisticato e funzionale allo stesso tempo. Realizzato in 100% poliestere, garantisce leggerezza e resistenza, offrendo una struttura pratica e facile da utilizzare ogni giorno. Le dimensioni compatte, base inferiore 12 cm, altezza massima 9 cm e profondit\u00e0 2 cm, lo rendono ideale per organizzare con ordine carte, contanti e piccoli documenti mantenendo una linea elegante e discreta. Grazie alla sua struttura essenziale pu\u00f2 essere facilmente inserito in qualsiasi borsa senza occupare troppo spazio. Il Portafoglio TWIN SET Arancione \u00e8 perfetto da utilizzare durante le attivit\u00e0 quotidiane, sia nel tempo libero che nelle giornate pi\u00f9 dinamiche, quando desideri avere tutto l\u2019essenziale sempre a portata di mano. Puoi abbinarlo facilmente a una borsa coordinata per creare un set elegante e armonioso oppure utilizzarlo come dettaglio colorato all\u2019interno della tua borsa preferita. Pratico, elegante e contemporaneo, \u00e8 l\u2019accessorio ideale per completare con stile i tuoi accessori della stagione pi\u00f9 luminosa. Tutti i prodotti disponibili su SecondaStrada.com sono originali e accuratamente selezionati. Codice articolo 261TD8124 DP CA.<\/p>\n","ss_composition":"<p>100% poliestere<\/p>\n","ss_fit":"<p>Base inferiore: 12 cm<br \/>Altezza massima: 9 cm<br \/>Profondit\u00e0: 2 cm<\/p>\n"},"yoast_head":"<!-- This site is optimized with the Yoast SEO plugin v22.3 - https:\/\/yoast.com\/wordpress\/plugins\/seo\/ -->\n<title>Portafoglio Twin Set Arancione - Acquista online! - Seconda Strada<\/title>\n<meta name=\"description\" content=\"Portafoglio Twin Set Arancione \u27a4 Acquista online su Secondastrada.com Portafoglio Twin Set Arancione \u2714\ufe0f Spedizione veloce entro 24h in tutta Italia \u2714\ufe0f Sconto sul tuo primo acquisto\" \/>\n<meta name=\"robots\" content=\"index, follow, max-snippet:-1, max-image-preview:large, max-video-preview:-1\" \/>\n<link rel=\"canonical\" href=\"https:\/\/www.secondastrada.com\/it\/portafoglio-twin-set-arancione-2\/\" \/>\n<meta property=\"og:locale\" content=\"it_IT\" \/>\n<meta property=\"og:type\" content=\"article\" \/>\n<meta property=\"og:title\" content=\"Portafoglio Twin Set Arancione - Acquista online! - Seconda Strada\" \/>\n<meta property=\"og:description\" content=\"Portafoglio Twin Set Arancione \u27a4 Acquista online su Secondastrada.com Portafoglio Twin Set Arancione \u2714\ufe0f Spedizione veloce entro 24h in tutta Italia \u2714\ufe0f Sconto sul tuo primo acquisto\" \/>\n<meta property=\"og:url\" content=\"https:\/\/www.secondastrada.com\/it\/portafoglio-twin-set-arancione-2\/\" \/>\n<meta property=\"og:site_name\" content=\"Seconda Strada\" \/>\n<meta property=\"og:image\" content=\"https:\/\/www.secondastrada.com\/wp-content\/uploads\/2026\/03\/261TD8124-DP-CA_ARANCIONE_PE26_1.jpg\" \/>\n\t<meta property=\"og:image:width\" content=\"1000\" \/>\n\t<meta property=\"og:image:height\" content=\"1300\" \/>\n\t<meta property=\"og:image:type\" content=\"image\/jpeg\" \/>\n<meta name=\"twitter:card\" content=\"summary_large_image\" \/>\n<meta name=\"twitter:label1\" content=\"Tempo di lettura stimato\" \/>\n\t<meta name=\"twitter:data1\" content=\"1 minuto\" \/>\n<!-- \/ Yoast SEO plugin. -->","yoast_head_json":{"title":"Portafoglio Twin Set Arancione - Acquista online! - Seconda Strada","description":"Portafoglio Twin Set Arancione \u27a4 Acquista online su Secondastrada.com Portafoglio Twin Set Arancione \u2714\ufe0f Spedizione veloce entro 24h in tutta Italia \u2714\ufe0f Sconto sul tuo primo acquisto","robots":{"index":"index","follow":"follow","max-snippet":"max-snippet:-1","max-image-preview":"max-image-preview:large","max-video-preview":"max-video-preview:-1"},"canonical":"https:\/\/www.secondastrada.com\/it\/portafoglio-twin-set-arancione-2\/","og_locale":"it_IT","og_type":"article","og_title":"Portafoglio Twin Set Arancione - Acquista online! - Seconda Strada","og_description":"Portafoglio Twin Set Arancione \u27a4 Acquista online su Secondastrada.com Portafoglio Twin Set Arancione \u2714\ufe0f Spedizione veloce entro 24h in tutta Italia \u2714\ufe0f Sconto sul tuo primo acquisto","og_url":"https:\/\/www.secondastrada.com\/it\/portafoglio-twin-set-arancione-2\/","og_site_name":"Seconda Strada","og_image":[{"width":1000,"height":1300,"url":"https:\/\/www.secondastrada.com\/wp-content\/uploads\/2026\/03\/261TD8124-DP-CA_ARANCIONE_PE26_1.jpg","type":"image\/jpeg"}],"twitter_card":"summary_large_image","twitter_misc":{"Tempo di lettura stimato":"1 minuto"},"schema":{"@context":"https:\/\/schema.org","@graph":[{"@type":"WebPage","@id":"https:\/\/www.secondastrada.com\/it\/portafoglio-twin-set-arancione-2\/","url":"https:\/\/www.secondastrada.com\/it\/portafoglio-twin-set-arancione-2\/","name":"Portafoglio Twin Set Arancione - Acquista online! - Seconda Strada","isPartOf":{"@id":"https:\/\/www.secondastrada.com\/it\/#website"},"primaryImageOfPage":{"@id":"https:\/\/www.secondastrada.com\/it\/portafoglio-twin-set-arancione-2\/#primaryimage"},"image":{"@id":"https:\/\/www.secondastrada.com\/it\/portafoglio-twin-set-arancione-2\/#primaryimage"},"thumbnailUrl":"https:\/\/www.secondastrada.com\/wp-content\/uploads\/2026\/03\/261TD8124-DP-CA_ARANCIONE_PE26_1.jpg","datePublished":"2026-03-05T14:40:26+00:00","dateModified":"2026-03-05T14:40:26+00:00","description":"Portafoglio Twin Set Arancione \u27a4 Acquista online su Secondastrada.com Portafoglio Twin Set Arancione \u2714\ufe0f Spedizione veloce entro 24h in tutta Italia \u2714\ufe0f Sconto sul tuo primo acquisto","breadcrumb":{"@id":"https:\/\/www.secondastrada.com\/it\/portafoglio-twin-set-arancione-2\/#breadcrumb"},"inLanguage":"it-IT","potentialAction":[{"@type":"ReadAction","target":["https:\/\/www.secondastrada.com\/it\/portafoglio-twin-set-arancione-2\/"]}]},{"@type":"ImageObject","inLanguage":"it-IT","@id":"https:\/\/www.secondastrada.com\/it\/portafoglio-twin-set-arancione-2\/#primaryimage","url":"https:\/\/www.secondastrada.com\/wp-content\/uploads\/2026\/03\/261TD8124-DP-CA_ARANCIONE_PE26_1.jpg","contentUrl":"https:\/\/www.secondastrada.com\/wp-content\/uploads\/2026\/03\/261TD8124-DP-CA_ARANCIONE_PE26_1.jpg","width":1000,"height":1300,"caption":"261TD8124-DP-CA_ARANCIONE_PE26"},{"@type":"BreadcrumbList","@id":"https:\/\/www.secondastrada.com\/it\/portafoglio-twin-set-arancione-2\/#breadcrumb","itemListElement":[{"@type":"ListItem","position":1,"name":"Home","item":"https:\/\/www.secondastrada.com\/it\/"},{"@type":"ListItem","position":2,"name":"Shop","item":"https:\/\/www.secondastrada.com\/it\/shop\/"},{"@type":"ListItem","position":3,"name":"Donna","item":"https:\/\/www.secondastrada.com\/it\/collezione-donna\/"},{"@type":"ListItem","position":4,"name":"Accessori","item":"https:\/\/www.secondastrada.com\/it\/collezione-donna\/accessori-donna\/"},{"@type":"ListItem","position":5,"name":"Portafogli","item":"https:\/\/www.secondastrada.com\/it\/collezione-donna\/accessori-donna\/portafogli-da-donna\/"},{"@type":"ListItem","position":6,"name":"Portafoglio Twin Set Arancione"}]},{"@type":"WebSite","@id":"https:\/\/www.secondastrada.com\/it\/#website","url":"https:\/\/www.secondastrada.com\/it\/","name":"Seconda Strada","description":"","publisher":{"@id":"https:\/\/www.secondastrada.com\/it\/#organization"},"potentialAction":[{"@type":"SearchAction","target":{"@type":"EntryPoint","urlTemplate":"https:\/\/www.secondastrada.com\/it\/?s={search_term_string}"},"query-input":"required name=search_term_string"}],"inLanguage":"it-IT"},{"@type":"Organization","@id":"https:\/\/www.secondastrada.com\/it\/#organization","name":"Seconda Strada","url":"https:\/\/www.secondastrada.com\/it\/","logo":{"@type":"ImageObject","inLanguage":"it-IT","@id":"https:\/\/www.secondastrada.com\/it\/#\/schema\/logo\/image\/","url":"https:\/\/www.secondastrada.com\/wp-content\/uploads\/2023\/11\/secondastrada-logo.svg","contentUrl":"https:\/\/www.secondastrada.com\/wp-content\/uploads\/2023\/11\/secondastrada-logo.svg","width":353,"height":47,"caption":"Seconda Strada"},"image":{"@id":"https:\/\/www.secondastrada.com\/it\/#\/schema\/logo\/image\/"}}]}},"df_price":56.99,"df_sale_price":"","df_regular_price":56.99,"df_image_link":"https:\/\/www.secondastrada.com\/wp-content\/uploads\/2026\/03\/261TD8124-DP-CA_ARANCIONE_PE26_1-300x300.jpg","_links":{"self":[{"href":"https:\/\/www.secondastrada.com\/it\/wp-json\/wp\/v2\/product\/342823"}],"collection":[{"href":"https:\/\/www.secondastrada.com\/it\/wp-json\/wp\/v2\/product"}],"about":[{"href":"https:\/\/www.secondastrada.com\/it\/wp-json\/wp\/v2\/types\/product"}],"wp:featuredmedia":[{"embeddable":true,"href":"https:\/\/www.secondastrada.com\/it\/wp-json\/wp\/v2\/media\/343024"}],"wp:attachment":[{"href":"https:\/\/www.secondastrada.com\/it\/wp-json\/wp\/v2\/media?parent=342823"}],"wp:term":[{"taxonomy":"ss_brand","embeddable":true,"href":"https:\/\/www.secondastrada.com\/it\/wp-json\/wp\/v2\/ss_brand?post=342823"},{"taxonomy":"ss_promo","embeddable":true,"href":"https:\/\/www.secondastrada.com\/it\/wp-json\/wp\/v2\/ss_promo?post=342823"},{"taxonomy":"ss_season","embeddable":true,"href":"https:\/\/www.secondastrada.com\/it\/wp-json\/wp\/v2\/ss_season?post=342823"},{"taxonomy":"product_cat","embeddable":true,"href":"https:\/\/www.secondastrada.com\/it\/wp-json\/wp\/v2\/product_cat?post=342823"},{"taxonomy":"product_tag","embeddable":true,"href":"https:\/\/www.secondastrada.com\/it\/wp-json\/wp\/v2\/product_tag?post=342823"}],"curies":[{"name":"wp","href":"https:\/\/api.w.org\/{rel}","templated":true}]}}