{"id":342825,"date":"2026-03-06T15:11:26","date_gmt":"2026-03-06T14:11:26","guid":{"rendered":"https:\/\/www.secondastrada.com\/it\/borsa-twin-set-bianca\/"},"modified":"2026-03-06T15:11:26","modified_gmt":"2026-03-06T14:11:26","slug":"borsa-twin-set-bianca","status":"publish","type":"product","link":"https:\/\/www.secondastrada.com\/it\/borsa-twin-set-bianca\/","title":{"rendered":"Borsa Twin Set Bianca"},"content":{"rendered":"<p>Borsa TWIN SET Bianca<br \/>\nLa Borsa TWIN SET Bianca \u00e8 un accessorio luminoso ed elegante pensato per completare con freschezza i tuoi look della stagione pi\u00f9 calda. Questa borsa da donna adatta alla stagione primavera estate si distingue per la sua tonalit\u00e0 bianca pulita e raffinata, perfetta per creare outfit leggeri, sofisticati e sempre attuali. Il design moderno \u00e8 valorizzato da un manico con corda tono su tono, che aggiunge un dettaglio originale e contemporaneo al modello, rendendo questa borsa con manico un accessorio distintivo ma allo stesso tempo estremamente versatile. Realizzata in poliuretano, offre leggerezza e resistenza, mantenendo una struttura pratica e confortevole che accompagna con naturalezza la silhouette. Le dimensioni equilibrate consentono di portare con te tutto l\u2019essenziale per la giornata con comodit\u00e0 e ordine: base inferiore 29 cm, altezza massima 19 cm e profondit\u00e0 11 cm. Grazie alla sua forma funzionale, la borsa risulta capiente ma elegante, perfetta per accompagnarti nelle attivit\u00e0 quotidiane senza rinunciare allo stile. La Borsa TWIN SET Bianca \u00e8 ideale da indossare nel tempo libero durante le giornate primaverili ed estive, per una passeggiata in citt\u00e0, un pranzo all\u2019aperto o un pomeriggio di shopping. Puoi abbinarla facilmente a un vestito leggero per un look femminile e luminoso oppure a jeans e top per uno stile casual chic fresco e moderno. Versatile e contemporanea, rappresenta un accessorio perfetto per completare il tuo guardaroba della stagione primavera estate con un dettaglio elegante e raffinato. Tutti i prodotti disponibili su SecondaStrada.com sono originali e accuratamente selezionati. Codice articolo 261TD8191 DP CA.<\/p>\n","protected":false},"excerpt":{"rendered":"<p>Borsa TWIN SET Bianca La Borsa TWIN SET Bianca \u00e8 un accessorio luminoso ed elegante pensato per completare con freschezza i tuoi look della stagione pi\u00f9 calda. Questa borsa da donna adatta alla stagione primavera estate si distingue per la sua tonalit\u00e0 bianca pulita e raffinata, perfetta per creare outfit leggeri, sofisticati e sempre attuali&#8230;.<\/p>\n","protected":false},"featured_media":343171,"template":"","meta":{"inline_featured_image":false},"ss_brand":[1925],"ss_promo":[],"ss_season":[2531],"product_cat":[1331,1477,1658],"product_tag":[1953,1995],"class_list":{"0":"post-342825","1":"product","2":"type-product","3":"status-publish","4":"has-post-thumbnail","6":"ss_brand-twin-set-donna","7":"ss_season-pe26","8":"product_cat-accessori-donna","9":"product_cat-borse-da-donna","10":"product_cat-collezione-donna","11":"product_tag-campionario","12":"product_tag-nuovi-arrivi-donna","14":"first","15":"instock","16":"shipping-taxable","17":"purchasable","18":"product-type-variable","19":"has-default-attributes"},"acf":{"ss_brand":[{"term_id":1925,"name":"TWIN SET","slug":"twin-set-donna","term_group":0,"term_taxonomy_id":1925,"taxonomy":"ss_brand","description":"Twin Set \u00e8 il brand made in Italy che sceglie di vestire le donne secondo un gusto elegante e raffinato. Dettagli glamour e chic per look ideali dalla mattina alla sera. Se stai cercando uno shop online Twin Set sei nel posto giusto: vieni a scoprire gli sconti!\u00a0Acquista online su SecondaStrada.com abbigliamento da donna Twin Set scontatissimo!","parent":1201,"count":106,"filter":"raw"}],"ss_promo":false,"ss_season":[{"term_id":2531,"name":"PE26","slug":"pe26","term_group":0,"term_taxonomy_id":2531,"taxonomy":"ss_season","description":"","parent":0,"count":1432,"filter":"raw"}],"ss_old_price":"156,00","ss_omnibus_price":"0,00","ss_style_advice":"<p>Borsa TWIN SET Bianca<br \/>\nLa Borsa TWIN SET Bianca \u00e8 un accessorio luminoso ed elegante pensato per completare con freschezza i tuoi look della stagione pi\u00f9 calda. Questa borsa da donna adatta alla stagione primavera estate si distingue per la sua tonalit\u00e0 bianca pulita e raffinata, perfetta per creare outfit leggeri, sofisticati e sempre attuali. Il design moderno \u00e8 valorizzato da un manico con corda tono su tono, che aggiunge un dettaglio originale e contemporaneo al modello, rendendo questa borsa con manico un accessorio distintivo ma allo stesso tempo estremamente versatile. Realizzata in poliuretano, offre leggerezza e resistenza, mantenendo una struttura pratica e confortevole che accompagna con naturalezza la silhouette. Le dimensioni equilibrate consentono di portare con te tutto l\u2019essenziale per la giornata con comodit\u00e0 e ordine: base inferiore 29 cm, altezza massima 19 cm e profondit\u00e0 11 cm. Grazie alla sua forma funzionale, la borsa risulta capiente ma elegante, perfetta per accompagnarti nelle attivit\u00e0 quotidiane senza rinunciare allo stile. La Borsa TWIN SET Bianca \u00e8 ideale da indossare nel tempo libero durante le giornate primaverili ed estive, per una passeggiata in citt\u00e0, un pranzo all\u2019aperto o un pomeriggio di shopping. Puoi abbinarla facilmente a un vestito leggero per un look femminile e luminoso oppure a jeans e top per uno stile casual chic fresco e moderno. Versatile e contemporanea, rappresenta un accessorio perfetto per completare il tuo guardaroba della stagione primavera estate con un dettaglio elegante e raffinato. Tutti i prodotti disponibili su SecondaStrada.com sono originali e accuratamente selezionati. Codice articolo 261TD8191 DP CA.<\/p>\n","ss_composition":"<p>1005 poliuretano<\/p>\n","ss_fit":"<p>Base inferiore: 29 cm<br \/>Altezza massima: 19 cm<br \/>Profondit\u00e0: 11 cm<\/p>\n"},"yoast_head":"<!-- This site is optimized with the Yoast SEO plugin v22.3 - https:\/\/yoast.com\/wordpress\/plugins\/seo\/ -->\n<title>Borsa Twin Set Bianca - Acquista online! - Seconda Strada<\/title>\n<meta name=\"description\" content=\"Borsa Twin Set Bianca \u27a4 Acquista online su Secondastrada.com Borsa Twin Set Bianca \u2714\ufe0f Spedizione veloce entro 24h in tutta Italia \u2714\ufe0f Sconto sul tuo primo acquisto\" \/>\n<meta name=\"robots\" content=\"index, follow, max-snippet:-1, max-image-preview:large, max-video-preview:-1\" \/>\n<link rel=\"canonical\" href=\"https:\/\/www.secondastrada.com\/it\/borsa-twin-set-bianca\/\" \/>\n<meta property=\"og:locale\" content=\"it_IT\" \/>\n<meta property=\"og:type\" content=\"article\" \/>\n<meta property=\"og:title\" content=\"Borsa Twin Set Bianca - Acquista online! - Seconda Strada\" \/>\n<meta property=\"og:description\" content=\"Borsa Twin Set Bianca \u27a4 Acquista online su Secondastrada.com Borsa Twin Set Bianca \u2714\ufe0f Spedizione veloce entro 24h in tutta Italia \u2714\ufe0f Sconto sul tuo primo acquisto\" \/>\n<meta property=\"og:url\" content=\"https:\/\/www.secondastrada.com\/it\/borsa-twin-set-bianca\/\" \/>\n<meta property=\"og:site_name\" content=\"Seconda Strada\" \/>\n<meta property=\"og:image\" content=\"https:\/\/www.secondastrada.com\/wp-content\/uploads\/2026\/03\/261TD8191-DP-CA_BEIGE_PE26_1.jpg\" \/>\n\t<meta property=\"og:image:width\" content=\"1000\" \/>\n\t<meta property=\"og:image:height\" content=\"1300\" \/>\n\t<meta property=\"og:image:type\" content=\"image\/jpeg\" \/>\n<meta name=\"twitter:card\" content=\"summary_large_image\" \/>\n<meta name=\"twitter:label1\" content=\"Tempo di lettura stimato\" \/>\n\t<meta name=\"twitter:data1\" content=\"1 minuto\" \/>\n<!-- \/ Yoast SEO plugin. -->","yoast_head_json":{"title":"Borsa Twin Set Bianca - Acquista online! - Seconda Strada","description":"Borsa Twin Set Bianca \u27a4 Acquista online su Secondastrada.com Borsa Twin Set Bianca \u2714\ufe0f Spedizione veloce entro 24h in tutta Italia \u2714\ufe0f Sconto sul tuo primo acquisto","robots":{"index":"index","follow":"follow","max-snippet":"max-snippet:-1","max-image-preview":"max-image-preview:large","max-video-preview":"max-video-preview:-1"},"canonical":"https:\/\/www.secondastrada.com\/it\/borsa-twin-set-bianca\/","og_locale":"it_IT","og_type":"article","og_title":"Borsa Twin Set Bianca - Acquista online! - Seconda Strada","og_description":"Borsa Twin Set Bianca \u27a4 Acquista online su Secondastrada.com Borsa Twin Set Bianca \u2714\ufe0f Spedizione veloce entro 24h in tutta Italia \u2714\ufe0f Sconto sul tuo primo acquisto","og_url":"https:\/\/www.secondastrada.com\/it\/borsa-twin-set-bianca\/","og_site_name":"Seconda Strada","og_image":[{"width":1000,"height":1300,"url":"https:\/\/www.secondastrada.com\/wp-content\/uploads\/2026\/03\/261TD8191-DP-CA_BEIGE_PE26_1.jpg","type":"image\/jpeg"}],"twitter_card":"summary_large_image","twitter_misc":{"Tempo di lettura stimato":"1 minuto"},"schema":{"@context":"https:\/\/schema.org","@graph":[{"@type":"WebPage","@id":"https:\/\/www.secondastrada.com\/it\/borsa-twin-set-bianca\/","url":"https:\/\/www.secondastrada.com\/it\/borsa-twin-set-bianca\/","name":"Borsa Twin Set Bianca - Acquista online! - Seconda Strada","isPartOf":{"@id":"https:\/\/www.secondastrada.com\/it\/#website"},"primaryImageOfPage":{"@id":"https:\/\/www.secondastrada.com\/it\/borsa-twin-set-bianca\/#primaryimage"},"image":{"@id":"https:\/\/www.secondastrada.com\/it\/borsa-twin-set-bianca\/#primaryimage"},"thumbnailUrl":"https:\/\/www.secondastrada.com\/wp-content\/uploads\/2026\/03\/261TD8191-DP-CA_BEIGE_PE26_1.jpg","datePublished":"2026-03-06T14:11:26+00:00","dateModified":"2026-03-06T14:11:26+00:00","description":"Borsa Twin Set Bianca \u27a4 Acquista online su Secondastrada.com Borsa Twin Set Bianca \u2714\ufe0f Spedizione veloce entro 24h in tutta Italia \u2714\ufe0f Sconto sul tuo primo acquisto","breadcrumb":{"@id":"https:\/\/www.secondastrada.com\/it\/borsa-twin-set-bianca\/#breadcrumb"},"inLanguage":"it-IT","potentialAction":[{"@type":"ReadAction","target":["https:\/\/www.secondastrada.com\/it\/borsa-twin-set-bianca\/"]}]},{"@type":"ImageObject","inLanguage":"it-IT","@id":"https:\/\/www.secondastrada.com\/it\/borsa-twin-set-bianca\/#primaryimage","url":"https:\/\/www.secondastrada.com\/wp-content\/uploads\/2026\/03\/261TD8191-DP-CA_BEIGE_PE26_1.jpg","contentUrl":"https:\/\/www.secondastrada.com\/wp-content\/uploads\/2026\/03\/261TD8191-DP-CA_BEIGE_PE26_1.jpg","width":1000,"height":1300,"caption":"261TD8191-DP-CA_BEIGE_PE26"},{"@type":"BreadcrumbList","@id":"https:\/\/www.secondastrada.com\/it\/borsa-twin-set-bianca\/#breadcrumb","itemListElement":[{"@type":"ListItem","position":1,"name":"Home","item":"https:\/\/www.secondastrada.com\/it\/"},{"@type":"ListItem","position":2,"name":"Shop","item":"https:\/\/www.secondastrada.com\/it\/shop\/"},{"@type":"ListItem","position":3,"name":"Donna","item":"https:\/\/www.secondastrada.com\/it\/collezione-donna\/"},{"@type":"ListItem","position":4,"name":"Accessori","item":"https:\/\/www.secondastrada.com\/it\/collezione-donna\/accessori-donna\/"},{"@type":"ListItem","position":5,"name":"Borse","item":"https:\/\/www.secondastrada.com\/it\/collezione-donna\/accessori-donna\/borse-da-donna\/"},{"@type":"ListItem","position":6,"name":"Borsa Twin Set Bianca"}]},{"@type":"WebSite","@id":"https:\/\/www.secondastrada.com\/it\/#website","url":"https:\/\/www.secondastrada.com\/it\/","name":"Seconda Strada","description":"","publisher":{"@id":"https:\/\/www.secondastrada.com\/it\/#organization"},"potentialAction":[{"@type":"SearchAction","target":{"@type":"EntryPoint","urlTemplate":"https:\/\/www.secondastrada.com\/it\/?s={search_term_string}"},"query-input":"required name=search_term_string"}],"inLanguage":"it-IT"},{"@type":"Organization","@id":"https:\/\/www.secondastrada.com\/it\/#organization","name":"Seconda Strada","url":"https:\/\/www.secondastrada.com\/it\/","logo":{"@type":"ImageObject","inLanguage":"it-IT","@id":"https:\/\/www.secondastrada.com\/it\/#\/schema\/logo\/image\/","url":"https:\/\/www.secondastrada.com\/wp-content\/uploads\/2023\/11\/secondastrada-logo.svg","contentUrl":"https:\/\/www.secondastrada.com\/wp-content\/uploads\/2023\/11\/secondastrada-logo.svg","width":353,"height":47,"caption":"Seconda Strada"},"image":{"@id":"https:\/\/www.secondastrada.com\/it\/#\/schema\/logo\/image\/"}}]}},"df_price":93.99,"df_sale_price":"","df_regular_price":93.99,"df_image_link":"https:\/\/www.secondastrada.com\/wp-content\/uploads\/2026\/03\/261TD8191-DP-CA_BEIGE_PE26_1-300x300.jpg","_links":{"self":[{"href":"https:\/\/www.secondastrada.com\/it\/wp-json\/wp\/v2\/product\/342825"}],"collection":[{"href":"https:\/\/www.secondastrada.com\/it\/wp-json\/wp\/v2\/product"}],"about":[{"href":"https:\/\/www.secondastrada.com\/it\/wp-json\/wp\/v2\/types\/product"}],"wp:featuredmedia":[{"embeddable":true,"href":"https:\/\/www.secondastrada.com\/it\/wp-json\/wp\/v2\/media\/343171"}],"wp:attachment":[{"href":"https:\/\/www.secondastrada.com\/it\/wp-json\/wp\/v2\/media?parent=342825"}],"wp:term":[{"taxonomy":"ss_brand","embeddable":true,"href":"https:\/\/www.secondastrada.com\/it\/wp-json\/wp\/v2\/ss_brand?post=342825"},{"taxonomy":"ss_promo","embeddable":true,"href":"https:\/\/www.secondastrada.com\/it\/wp-json\/wp\/v2\/ss_promo?post=342825"},{"taxonomy":"ss_season","embeddable":true,"href":"https:\/\/www.secondastrada.com\/it\/wp-json\/wp\/v2\/ss_season?post=342825"},{"taxonomy":"product_cat","embeddable":true,"href":"https:\/\/www.secondastrada.com\/it\/wp-json\/wp\/v2\/product_cat?post=342825"},{"taxonomy":"product_tag","embeddable":true,"href":"https:\/\/www.secondastrada.com\/it\/wp-json\/wp\/v2\/product_tag?post=342825"}],"curies":[{"name":"wp","href":"https:\/\/api.w.org\/{rel}","templated":true}]}}