{"id":342841,"date":"2026-03-05T15:41:02","date_gmt":"2026-03-05T14:41:02","guid":{"rendered":"https:\/\/www.secondastrada.com\/it\/borsa-twin-set-rossa\/"},"modified":"2026-03-05T15:41:02","modified_gmt":"2026-03-05T14:41:02","slug":"borsa-twin-set-rossa","status":"publish","type":"product","link":"https:\/\/www.secondastrada.com\/it\/borsa-twin-set-rossa\/","title":{"rendered":"Borsa Twin Set Rossa"},"content":{"rendered":"<p>Borsa TWIN SET Rossa<br \/>\nLa Borsa TWIN SET Rossa \u00e8 un accessorio audace e romantico pensato per aggiungere un tocco di personalit\u00e0 ai tuoi look della stagione pi\u00f9 luminosa. Questa borsa da donna adatta alla stagione primavera estate si distingue per la sua tonalit\u00e0 rossa intensa e femminile, perfetta per dare carattere agli outfit e valorizzare anche i look pi\u00f9 semplici. Il design originale \u00e8 caratterizzato da una particolare forma a cuore e da una elegante catena dorata che dona luminosit\u00e0 e raffinatezza al modello, rendendo questa borsa con forma a cuore catena dorata un accessorio iconico e ricercato. Realizzata in 100% poliuretano, garantisce leggerezza e resistenza mantenendo una struttura compatta e pratica. Le dimensioni contenute la rendono perfetta per portare con te gli oggetti essenziali senza rinunciare allo stile: base inferiore 10 cm, altezza massima 17 cm e profondit\u00e0 5 cm. La forma particolare e la tracolla a catena permettono di indossarla comodamente a spalla o crossbody, rendendola un accessorio versatile e distintivo. La Borsa TWIN SET Rossa \u00e8 perfetta da indossare nel tempo libero durante le giornate primaverili ed estive, per una passeggiata in citt\u00e0, un aperitivo con le amiche o una serata speciale. Puoi abbinarla facilmente a un vestito elegante per un look romantico e femminile oppure a un completo moderno per creare un contrasto sofisticato e di carattere. Originale e raffinata, rappresenta l\u2019accessorio ideale per completare il tuo guardaroba della stagione primavera estate con un dettaglio di stile unico. Tutti i prodotti disponibili su SecondaStrada.com sono originali e accuratamente selezionati. Codice articolo 261TH7034 DP CA.<\/p>\n","protected":false},"excerpt":{"rendered":"<p>Borsa TWIN SET Rossa La Borsa TWIN SET Rossa \u00e8 un accessorio audace e romantico pensato per aggiungere un tocco di personalit\u00e0 ai tuoi look della stagione pi\u00f9 luminosa. Questa borsa da donna adatta alla stagione primavera estate si distingue per la sua tonalit\u00e0 rossa intensa e femminile, perfetta per dare carattere agli outfit e&#8230;<\/p>\n","protected":false},"featured_media":342945,"template":"","meta":{"inline_featured_image":false},"ss_brand":[1925],"ss_promo":[],"ss_season":[2531],"product_cat":[1331,1477,1658,1830],"product_tag":[1953,1995],"class_list":{"0":"post-342841","1":"product","2":"type-product","3":"status-publish","4":"has-post-thumbnail","6":"ss_brand-twin-set-donna","7":"ss_season-pe26","8":"product_cat-accessori-donna","9":"product_cat-borse-da-donna","10":"product_cat-collezione-donna","11":"product_cat-pochette-da-donna","12":"product_tag-campionario","13":"product_tag-nuovi-arrivi-donna","15":"first","16":"instock","17":"shipping-taxable","18":"purchasable","19":"product-type-variable","20":"has-default-attributes"},"acf":{"ss_brand":[{"term_id":1925,"name":"TWIN SET","slug":"twin-set-donna","term_group":0,"term_taxonomy_id":1925,"taxonomy":"ss_brand","description":"Twin Set \u00e8 il brand made in Italy che sceglie di vestire le donne secondo un gusto elegante e raffinato. Dettagli glamour e chic per look ideali dalla mattina alla sera. Se stai cercando uno shop online Twin Set sei nel posto giusto: vieni a scoprire gli sconti!\u00a0Acquista online su SecondaStrada.com abbigliamento da donna Twin Set scontatissimo!","parent":1201,"count":106,"filter":"raw"}],"ss_promo":false,"ss_season":[{"term_id":2531,"name":"PE26","slug":"pe26","term_group":0,"term_taxonomy_id":2531,"taxonomy":"ss_season","description":"","parent":0,"count":1432,"filter":"raw"}],"ss_old_price":"109,00","ss_omnibus_price":"0,00","ss_style_advice":"<p>Borsa TWIN SET Rossa<br \/>\nLa Borsa TWIN SET Rossa \u00e8 un accessorio audace e romantico pensato per aggiungere un tocco di personalit\u00e0 ai tuoi look della stagione pi\u00f9 luminosa. Questa borsa da donna adatta alla stagione primavera estate si distingue per la sua tonalit\u00e0 rossa intensa e femminile, perfetta per dare carattere agli outfit e valorizzare anche i look pi\u00f9 semplici. Il design originale \u00e8 caratterizzato da una particolare forma a cuore e da una elegante catena dorata che dona luminosit\u00e0 e raffinatezza al modello, rendendo questa borsa con forma a cuore catena dorata un accessorio iconico e ricercato. Realizzata in 100% poliuretano, garantisce leggerezza e resistenza mantenendo una struttura compatta e pratica. Le dimensioni contenute la rendono perfetta per portare con te gli oggetti essenziali senza rinunciare allo stile: base inferiore 10 cm, altezza massima 17 cm e profondit\u00e0 5 cm. La forma particolare e la tracolla a catena permettono di indossarla comodamente a spalla o crossbody, rendendola un accessorio versatile e distintivo. La Borsa TWIN SET Rossa \u00e8 perfetta da indossare nel tempo libero durante le giornate primaverili ed estive, per una passeggiata in citt\u00e0, un aperitivo con le amiche o una serata speciale. Puoi abbinarla facilmente a un vestito elegante per un look romantico e femminile oppure a un completo moderno per creare un contrasto sofisticato e di carattere. Originale e raffinata, rappresenta l\u2019accessorio ideale per completare il tuo guardaroba della stagione primavera estate con un dettaglio di stile unico. Tutti i prodotti disponibili su SecondaStrada.com sono originali e accuratamente selezionati. Codice articolo 261TH7034 DP CA.<\/p>\n","ss_composition":"<p>100% poliuretano<\/p>\n","ss_fit":"<p>Base inferiore: 10 cm<br \/>Altezza massima: 17 cm<br \/>Profondit\u00e0: 5 cm<\/p>\n"},"yoast_head":"<!-- This site is optimized with the Yoast SEO plugin v22.3 - https:\/\/yoast.com\/wordpress\/plugins\/seo\/ -->\n<title>Borsa Twin Set Rossa - Acquista online! - Seconda Strada<\/title>\n<meta name=\"description\" content=\"Borsa Twin Set Rossa \u27a4 Acquista online su Secondastrada.com Borsa Twin Set Rossa \u2714\ufe0f Spedizione veloce entro 24h in tutta Italia \u2714\ufe0f Sconto sul tuo primo acquisto\" \/>\n<meta name=\"robots\" content=\"index, follow, max-snippet:-1, max-image-preview:large, max-video-preview:-1\" \/>\n<link rel=\"canonical\" href=\"https:\/\/www.secondastrada.com\/it\/borsa-twin-set-rossa\/\" \/>\n<meta property=\"og:locale\" content=\"it_IT\" \/>\n<meta property=\"og:type\" content=\"article\" \/>\n<meta property=\"og:title\" content=\"Borsa Twin Set Rossa - Acquista online! - Seconda Strada\" \/>\n<meta property=\"og:description\" content=\"Borsa Twin Set Rossa \u27a4 Acquista online su Secondastrada.com Borsa Twin Set Rossa \u2714\ufe0f Spedizione veloce entro 24h in tutta Italia \u2714\ufe0f Sconto sul tuo primo acquisto\" \/>\n<meta property=\"og:url\" content=\"https:\/\/www.secondastrada.com\/it\/borsa-twin-set-rossa\/\" \/>\n<meta property=\"og:site_name\" content=\"Seconda Strada\" \/>\n<meta property=\"og:image\" content=\"https:\/\/www.secondastrada.com\/wp-content\/uploads\/2026\/03\/261TH7034-DP-CA_ROSSO_PE26_1.jpg\" \/>\n\t<meta property=\"og:image:width\" content=\"1000\" \/>\n\t<meta property=\"og:image:height\" content=\"1300\" \/>\n\t<meta property=\"og:image:type\" content=\"image\/jpeg\" \/>\n<meta name=\"twitter:card\" content=\"summary_large_image\" \/>\n<meta name=\"twitter:label1\" content=\"Tempo di lettura stimato\" \/>\n\t<meta name=\"twitter:data1\" content=\"1 minuto\" \/>\n<!-- \/ Yoast SEO plugin. -->","yoast_head_json":{"title":"Borsa Twin Set Rossa - Acquista online! - Seconda Strada","description":"Borsa Twin Set Rossa \u27a4 Acquista online su Secondastrada.com Borsa Twin Set Rossa \u2714\ufe0f Spedizione veloce entro 24h in tutta Italia \u2714\ufe0f Sconto sul tuo primo acquisto","robots":{"index":"index","follow":"follow","max-snippet":"max-snippet:-1","max-image-preview":"max-image-preview:large","max-video-preview":"max-video-preview:-1"},"canonical":"https:\/\/www.secondastrada.com\/it\/borsa-twin-set-rossa\/","og_locale":"it_IT","og_type":"article","og_title":"Borsa Twin Set Rossa - Acquista online! - Seconda Strada","og_description":"Borsa Twin Set Rossa \u27a4 Acquista online su Secondastrada.com Borsa Twin Set Rossa \u2714\ufe0f Spedizione veloce entro 24h in tutta Italia \u2714\ufe0f Sconto sul tuo primo acquisto","og_url":"https:\/\/www.secondastrada.com\/it\/borsa-twin-set-rossa\/","og_site_name":"Seconda Strada","og_image":[{"width":1000,"height":1300,"url":"https:\/\/www.secondastrada.com\/wp-content\/uploads\/2026\/03\/261TH7034-DP-CA_ROSSO_PE26_1.jpg","type":"image\/jpeg"}],"twitter_card":"summary_large_image","twitter_misc":{"Tempo di lettura stimato":"1 minuto"},"schema":{"@context":"https:\/\/schema.org","@graph":[{"@type":"WebPage","@id":"https:\/\/www.secondastrada.com\/it\/borsa-twin-set-rossa\/","url":"https:\/\/www.secondastrada.com\/it\/borsa-twin-set-rossa\/","name":"Borsa Twin Set Rossa - Acquista online! - Seconda Strada","isPartOf":{"@id":"https:\/\/www.secondastrada.com\/it\/#website"},"primaryImageOfPage":{"@id":"https:\/\/www.secondastrada.com\/it\/borsa-twin-set-rossa\/#primaryimage"},"image":{"@id":"https:\/\/www.secondastrada.com\/it\/borsa-twin-set-rossa\/#primaryimage"},"thumbnailUrl":"https:\/\/www.secondastrada.com\/wp-content\/uploads\/2026\/03\/261TH7034-DP-CA_ROSSO_PE26_1.jpg","datePublished":"2026-03-05T14:41:02+00:00","dateModified":"2026-03-05T14:41:02+00:00","description":"Borsa Twin Set Rossa \u27a4 Acquista online su Secondastrada.com Borsa Twin Set Rossa \u2714\ufe0f Spedizione veloce entro 24h in tutta Italia \u2714\ufe0f Sconto sul tuo primo acquisto","breadcrumb":{"@id":"https:\/\/www.secondastrada.com\/it\/borsa-twin-set-rossa\/#breadcrumb"},"inLanguage":"it-IT","potentialAction":[{"@type":"ReadAction","target":["https:\/\/www.secondastrada.com\/it\/borsa-twin-set-rossa\/"]}]},{"@type":"ImageObject","inLanguage":"it-IT","@id":"https:\/\/www.secondastrada.com\/it\/borsa-twin-set-rossa\/#primaryimage","url":"https:\/\/www.secondastrada.com\/wp-content\/uploads\/2026\/03\/261TH7034-DP-CA_ROSSO_PE26_1.jpg","contentUrl":"https:\/\/www.secondastrada.com\/wp-content\/uploads\/2026\/03\/261TH7034-DP-CA_ROSSO_PE26_1.jpg","width":1000,"height":1300,"caption":"261TH7034-DP-CA_ROSSO_PE26"},{"@type":"BreadcrumbList","@id":"https:\/\/www.secondastrada.com\/it\/borsa-twin-set-rossa\/#breadcrumb","itemListElement":[{"@type":"ListItem","position":1,"name":"Home","item":"https:\/\/www.secondastrada.com\/it\/"},{"@type":"ListItem","position":2,"name":"Shop","item":"https:\/\/www.secondastrada.com\/it\/shop\/"},{"@type":"ListItem","position":3,"name":"Donna","item":"https:\/\/www.secondastrada.com\/it\/collezione-donna\/"},{"@type":"ListItem","position":4,"name":"Accessori","item":"https:\/\/www.secondastrada.com\/it\/collezione-donna\/accessori-donna\/"},{"@type":"ListItem","position":5,"name":"Borse","item":"https:\/\/www.secondastrada.com\/it\/collezione-donna\/accessori-donna\/borse-da-donna\/"},{"@type":"ListItem","position":6,"name":"Pochette","item":"https:\/\/www.secondastrada.com\/it\/collezione-donna\/accessori-donna\/borse-da-donna\/pochette-da-donna\/"},{"@type":"ListItem","position":7,"name":"Borsa Twin Set Rossa"}]},{"@type":"WebSite","@id":"https:\/\/www.secondastrada.com\/it\/#website","url":"https:\/\/www.secondastrada.com\/it\/","name":"Seconda Strada","description":"","publisher":{"@id":"https:\/\/www.secondastrada.com\/it\/#organization"},"potentialAction":[{"@type":"SearchAction","target":{"@type":"EntryPoint","urlTemplate":"https:\/\/www.secondastrada.com\/it\/?s={search_term_string}"},"query-input":"required name=search_term_string"}],"inLanguage":"it-IT"},{"@type":"Organization","@id":"https:\/\/www.secondastrada.com\/it\/#organization","name":"Seconda Strada","url":"https:\/\/www.secondastrada.com\/it\/","logo":{"@type":"ImageObject","inLanguage":"it-IT","@id":"https:\/\/www.secondastrada.com\/it\/#\/schema\/logo\/image\/","url":"https:\/\/www.secondastrada.com\/wp-content\/uploads\/2023\/11\/secondastrada-logo.svg","contentUrl":"https:\/\/www.secondastrada.com\/wp-content\/uploads\/2023\/11\/secondastrada-logo.svg","width":353,"height":47,"caption":"Seconda Strada"},"image":{"@id":"https:\/\/www.secondastrada.com\/it\/#\/schema\/logo\/image\/"}}]}},"df_price":64.99,"df_sale_price":"","df_regular_price":64.99,"df_image_link":"https:\/\/www.secondastrada.com\/wp-content\/uploads\/2026\/03\/261TH7034-DP-CA_ROSSO_PE26_1-300x300.jpg","_links":{"self":[{"href":"https:\/\/www.secondastrada.com\/it\/wp-json\/wp\/v2\/product\/342841"}],"collection":[{"href":"https:\/\/www.secondastrada.com\/it\/wp-json\/wp\/v2\/product"}],"about":[{"href":"https:\/\/www.secondastrada.com\/it\/wp-json\/wp\/v2\/types\/product"}],"wp:featuredmedia":[{"embeddable":true,"href":"https:\/\/www.secondastrada.com\/it\/wp-json\/wp\/v2\/media\/342945"}],"wp:attachment":[{"href":"https:\/\/www.secondastrada.com\/it\/wp-json\/wp\/v2\/media?parent=342841"}],"wp:term":[{"taxonomy":"ss_brand","embeddable":true,"href":"https:\/\/www.secondastrada.com\/it\/wp-json\/wp\/v2\/ss_brand?post=342841"},{"taxonomy":"ss_promo","embeddable":true,"href":"https:\/\/www.secondastrada.com\/it\/wp-json\/wp\/v2\/ss_promo?post=342841"},{"taxonomy":"ss_season","embeddable":true,"href":"https:\/\/www.secondastrada.com\/it\/wp-json\/wp\/v2\/ss_season?post=342841"},{"taxonomy":"product_cat","embeddable":true,"href":"https:\/\/www.secondastrada.com\/it\/wp-json\/wp\/v2\/product_cat?post=342841"},{"taxonomy":"product_tag","embeddable":true,"href":"https:\/\/www.secondastrada.com\/it\/wp-json\/wp\/v2\/product_tag?post=342841"}],"curies":[{"name":"wp","href":"https:\/\/api.w.org\/{rel}","templated":true}]}}