{"id":342882,"date":"2026-03-05T15:40:39","date_gmt":"2026-03-05T14:40:39","guid":{"rendered":"https:\/\/www.secondastrada.com\/it\/sandali-cafenoir-azzurri-tg-37\/"},"modified":"2026-03-05T15:40:39","modified_gmt":"2026-03-05T14:40:39","slug":"sandali-cafenoir-azzurri-tg-37","status":"publish","type":"product","link":"https:\/\/www.secondastrada.com\/it\/sandali-cafenoir-azzurri-tg-37\/","title":{"rendered":"Sandali Cafe`Noir Azzurri tg.37"},"content":{"rendered":"<p><b>Sandali CAFeNOIR Azzurri<\/b><br \/> I Sandali CAFeNOIR Azzurri sono la scelta perfetta per chi desidera aggiungere un tocco fresco e femminile ai propri look della stagione pi\u00f9 luminosa. Questi sandali da donna adatto alla primavera estate si distinguono per la loro tonalit\u00e0 azzurra delicata e raffinata, ideale per creare outfit eleganti ma leggeri durante le giornate primaverili ed estive. Il design \u00e8 valorizzato da un tacco di 5 cm che dona slancio alla figura mantenendo comfort e stabilit\u00e0, mentre la fibbia dorata aggiunge un dettaglio luminoso e sofisticato. Questi sandali con tacco 5 cm, fibbia dorata rappresentano quindi un perfetto equilibrio tra eleganza e praticit\u00e0, ideali per chi desidera una calzatura versatile e femminile. Realizzati in vera pelle, garantiscono qualit\u00e0, resistenza e una calzata confortevole che accompagna il piede con naturalezza durante tutta la giornata. La struttura del sandalo assicura stabilit\u00e0 e comodit\u00e0, permettendoti di muoverti con sicurezza anche nelle giornate pi\u00f9 dinamiche. Questo modello appartiene al campionario esclusivo di stagione ed \u00e8 disponibile come pezzo unico nella taglia 37, un dettaglio che lo rende particolarmente speciale per chi ama indossare articoli originali e ricercati. I Sandali CAFeNOIR Azzurro sono perfetti da indossare nel tempo libero, per una passeggiata in citt\u00e0, un aperitivo estivo o un evento informale. Puoi abbinarli facilmente a un vestito leggero per un look elegante e romantico oppure a un completo estivo per uno stile contemporaneo e raffinato. Versatili e luminosi, rappresentano una scelta ideale per completare con stile il tuo guardaroba della stagione primavera estate. Tutti i prodotti disponibili su SecondaStrada.com sono originali e accuratamente selezionati. Codice articolo C1MA9956 CA CB.<\/p>\n","protected":false},"excerpt":{"rendered":"<p>Sandali CAFeNOIR Azzurri I Sandali CAFeNOIR Azzurri sono la scelta perfetta per chi desidera aggiungere un tocco fresco e femminile ai propri look della stagione pi\u00f9 luminosa. Questi sandali da donna adatto alla primavera estate si distinguono per la loro tonalit\u00e0 azzurra delicata e raffinata, ideale per creare outfit eleganti ma leggeri durante le giornate&#8230;<\/p>\n","protected":false},"featured_media":342995,"template":"","meta":{"inline_featured_image":false},"ss_brand":[1204],"ss_promo":[],"ss_season":[2531],"product_cat":[1658,1476,1330],"product_tag":[1953,1995],"class_list":{"0":"post-342882","1":"product","2":"type-product","3":"status-publish","4":"has-post-thumbnail","6":"ss_brand-cafe-noir-donna","7":"ss_season-pe26","8":"product_cat-collezione-donna","9":"product_cat-sandali-da-donna","10":"product_cat-scarpe-donna","11":"product_tag-campionario","12":"product_tag-nuovi-arrivi-donna","14":"first","15":"instock","16":"shipping-taxable","17":"purchasable","18":"product-type-variable","19":"has-default-attributes"},"acf":{"ss_brand":[{"term_id":1204,"name":"CAFe`NOIR","slug":"cafe-noir-donna","term_group":0,"term_taxonomy_id":1204,"taxonomy":"ss_brand","description":"<strong>Caf\u00e8noir<\/strong>\u00a0\u00e8 un brand made in Italy fiorentino di calzature. Le\u00a0<strong>scarpe da donna Caf\u00e8noir<\/strong>\u00a0hanno uno stile elegante e contemporaneo al passo con le tendenze. Approfitta di sconti favolosi per avere ogni giorno la scarpa perfetta per ogni outfit. Scegli questo brand per dare ai tuoi look il dettaglio glamour che si meritano e detta lo stile!\u00a0Acquista online su SecondaStrada.com<strong>\u00a0scarpe da donna CafeNoir scontatissime<\/strong>!","parent":1201,"count":43,"filter":"raw"}],"ss_promo":false,"ss_season":[{"term_id":2531,"name":"PE26","slug":"pe26","term_group":0,"term_taxonomy_id":2531,"taxonomy":"ss_season","description":"","parent":0,"count":1432,"filter":"raw"}],"ss_old_price":"89,90","ss_omnibus_price":"0,00","ss_style_advice":"<p><b>Sandali CAFeNOIR Azzurri<\/b><br \/> I Sandali CAFeNOIR Azzurri sono la scelta perfetta per chi desidera aggiungere un tocco fresco e femminile ai propri look della stagione pi\u00f9 luminosa. Questi sandali da donna adatto alla primavera estate si distinguono per la loro tonalit\u00e0 azzurra delicata e raffinata, ideale per creare outfit eleganti ma leggeri durante le giornate primaverili ed estive. Il design \u00e8 valorizzato da un tacco di 5 cm che dona slancio alla figura mantenendo comfort e stabilit\u00e0, mentre la fibbia dorata aggiunge un dettaglio luminoso e sofisticato. Questi sandali con tacco 5 cm, fibbia dorata rappresentano quindi un perfetto equilibrio tra eleganza e praticit\u00e0, ideali per chi desidera una calzatura versatile e femminile. Realizzati in vera pelle, garantiscono qualit\u00e0, resistenza e una calzata confortevole che accompagna il piede con naturalezza durante tutta la giornata. La struttura del sandalo assicura stabilit\u00e0 e comodit\u00e0, permettendoti di muoverti con sicurezza anche nelle giornate pi\u00f9 dinamiche. Questo modello appartiene al campionario esclusivo di stagione ed \u00e8 disponibile come pezzo unico nella taglia 37, un dettaglio che lo rende particolarmente speciale per chi ama indossare articoli originali e ricercati. I Sandali CAFeNOIR Azzurro sono perfetti da indossare nel tempo libero, per una passeggiata in citt\u00e0, un aperitivo estivo o un evento informale. Puoi abbinarli facilmente a un vestito leggero per un look elegante e romantico oppure a un completo estivo per uno stile contemporaneo e raffinato. Versatili e luminosi, rappresentano una scelta ideale per completare con stile il tuo guardaroba della stagione primavera estate. Tutti i prodotti disponibili su SecondaStrada.com sono originali e accuratamente selezionati. Codice articolo C1MA9956 CA CB.<\/p>\n","ss_composition":"<p>vera pelle<\/p>\n","ss_fit":"<p>L\u2019articolo appartiene al campionario esclusivo di stagione: pezzo unico tg 37<\/p>\n"},"yoast_head":"<!-- This site is optimized with the Yoast SEO plugin v22.3 - https:\/\/yoast.com\/wordpress\/plugins\/seo\/ -->\n<title>Sandali Cafe`Noir Azzurri tg.37 - Acquista online! - Seconda Strada<\/title>\n<meta name=\"description\" content=\"Sandali Cafe`Noir Azzurri tg.37 \u27a4 Acquista online su Secondastrada.com Sandali Cafe`Noir Azzurri tg.37 \u2714\ufe0f Spedizione veloce entro 24h in tutta Italia \u2714\ufe0f Sconto sul tuo primo acquisto\" \/>\n<meta name=\"robots\" content=\"index, follow, max-snippet:-1, max-image-preview:large, max-video-preview:-1\" \/>\n<link rel=\"canonical\" href=\"https:\/\/www.secondastrada.com\/it\/sandali-cafenoir-azzurri-tg-37\/\" \/>\n<meta property=\"og:locale\" content=\"it_IT\" \/>\n<meta property=\"og:type\" content=\"article\" \/>\n<meta property=\"og:title\" content=\"Sandali Cafe`Noir Azzurri tg.37 - Acquista online! - Seconda Strada\" \/>\n<meta property=\"og:description\" content=\"Sandali Cafe`Noir Azzurri tg.37 \u27a4 Acquista online su Secondastrada.com Sandali Cafe`Noir Azzurri tg.37 \u2714\ufe0f Spedizione veloce entro 24h in tutta Italia \u2714\ufe0f Sconto sul tuo primo acquisto\" \/>\n<meta property=\"og:url\" content=\"https:\/\/www.secondastrada.com\/it\/sandali-cafenoir-azzurri-tg-37\/\" \/>\n<meta property=\"og:site_name\" content=\"Seconda Strada\" \/>\n<meta property=\"og:image\" content=\"https:\/\/www.secondastrada.com\/wp-content\/uploads\/2026\/03\/C1MA9956-CA-CB_AZZURRO_PE26_1.jpg\" \/>\n\t<meta property=\"og:image:width\" content=\"1000\" \/>\n\t<meta property=\"og:image:height\" content=\"1300\" \/>\n\t<meta property=\"og:image:type\" content=\"image\/jpeg\" \/>\n<meta name=\"twitter:card\" content=\"summary_large_image\" \/>\n<meta name=\"twitter:label1\" content=\"Tempo di lettura stimato\" \/>\n\t<meta name=\"twitter:data1\" content=\"1 minuto\" \/>\n<!-- \/ Yoast SEO plugin. -->","yoast_head_json":{"title":"Sandali Cafe`Noir Azzurri tg.37 - Acquista online! - Seconda Strada","description":"Sandali Cafe`Noir Azzurri tg.37 \u27a4 Acquista online su Secondastrada.com Sandali Cafe`Noir Azzurri tg.37 \u2714\ufe0f Spedizione veloce entro 24h in tutta Italia \u2714\ufe0f Sconto sul tuo primo acquisto","robots":{"index":"index","follow":"follow","max-snippet":"max-snippet:-1","max-image-preview":"max-image-preview:large","max-video-preview":"max-video-preview:-1"},"canonical":"https:\/\/www.secondastrada.com\/it\/sandali-cafenoir-azzurri-tg-37\/","og_locale":"it_IT","og_type":"article","og_title":"Sandali Cafe`Noir Azzurri tg.37 - Acquista online! - Seconda Strada","og_description":"Sandali Cafe`Noir Azzurri tg.37 \u27a4 Acquista online su Secondastrada.com Sandali Cafe`Noir Azzurri tg.37 \u2714\ufe0f Spedizione veloce entro 24h in tutta Italia \u2714\ufe0f Sconto sul tuo primo acquisto","og_url":"https:\/\/www.secondastrada.com\/it\/sandali-cafenoir-azzurri-tg-37\/","og_site_name":"Seconda Strada","og_image":[{"width":1000,"height":1300,"url":"https:\/\/www.secondastrada.com\/wp-content\/uploads\/2026\/03\/C1MA9956-CA-CB_AZZURRO_PE26_1.jpg","type":"image\/jpeg"}],"twitter_card":"summary_large_image","twitter_misc":{"Tempo di lettura stimato":"1 minuto"},"schema":{"@context":"https:\/\/schema.org","@graph":[{"@type":"WebPage","@id":"https:\/\/www.secondastrada.com\/it\/sandali-cafenoir-azzurri-tg-37\/","url":"https:\/\/www.secondastrada.com\/it\/sandali-cafenoir-azzurri-tg-37\/","name":"Sandali Cafe`Noir Azzurri tg.37 - Acquista online! - Seconda Strada","isPartOf":{"@id":"https:\/\/www.secondastrada.com\/it\/#website"},"primaryImageOfPage":{"@id":"https:\/\/www.secondastrada.com\/it\/sandali-cafenoir-azzurri-tg-37\/#primaryimage"},"image":{"@id":"https:\/\/www.secondastrada.com\/it\/sandali-cafenoir-azzurri-tg-37\/#primaryimage"},"thumbnailUrl":"https:\/\/www.secondastrada.com\/wp-content\/uploads\/2026\/03\/C1MA9956-CA-CB_AZZURRO_PE26_1.jpg","datePublished":"2026-03-05T14:40:39+00:00","dateModified":"2026-03-05T14:40:39+00:00","description":"Sandali Cafe`Noir Azzurri tg.37 \u27a4 Acquista online su Secondastrada.com Sandali Cafe`Noir Azzurri tg.37 \u2714\ufe0f Spedizione veloce entro 24h in tutta Italia \u2714\ufe0f Sconto sul tuo primo acquisto","breadcrumb":{"@id":"https:\/\/www.secondastrada.com\/it\/sandali-cafenoir-azzurri-tg-37\/#breadcrumb"},"inLanguage":"it-IT","potentialAction":[{"@type":"ReadAction","target":["https:\/\/www.secondastrada.com\/it\/sandali-cafenoir-azzurri-tg-37\/"]}]},{"@type":"ImageObject","inLanguage":"it-IT","@id":"https:\/\/www.secondastrada.com\/it\/sandali-cafenoir-azzurri-tg-37\/#primaryimage","url":"https:\/\/www.secondastrada.com\/wp-content\/uploads\/2026\/03\/C1MA9956-CA-CB_AZZURRO_PE26_1.jpg","contentUrl":"https:\/\/www.secondastrada.com\/wp-content\/uploads\/2026\/03\/C1MA9956-CA-CB_AZZURRO_PE26_1.jpg","width":1000,"height":1300,"caption":"C1MA9956-CA-CB_AZZURRO_PE26"},{"@type":"BreadcrumbList","@id":"https:\/\/www.secondastrada.com\/it\/sandali-cafenoir-azzurri-tg-37\/#breadcrumb","itemListElement":[{"@type":"ListItem","position":1,"name":"Home","item":"https:\/\/www.secondastrada.com\/it\/"},{"@type":"ListItem","position":2,"name":"Shop","item":"https:\/\/www.secondastrada.com\/it\/shop\/"},{"@type":"ListItem","position":3,"name":"Donna","item":"https:\/\/www.secondastrada.com\/it\/collezione-donna\/"},{"@type":"ListItem","position":4,"name":"Scarpe","item":"https:\/\/www.secondastrada.com\/it\/collezione-donna\/scarpe-donna\/"},{"@type":"ListItem","position":5,"name":"Sandali","item":"https:\/\/www.secondastrada.com\/it\/collezione-donna\/scarpe-donna\/sandali-da-donna\/"},{"@type":"ListItem","position":6,"name":"Sandali Cafe`Noir Azzurri tg.37"}]},{"@type":"WebSite","@id":"https:\/\/www.secondastrada.com\/it\/#website","url":"https:\/\/www.secondastrada.com\/it\/","name":"Seconda Strada","description":"","publisher":{"@id":"https:\/\/www.secondastrada.com\/it\/#organization"},"potentialAction":[{"@type":"SearchAction","target":{"@type":"EntryPoint","urlTemplate":"https:\/\/www.secondastrada.com\/it\/?s={search_term_string}"},"query-input":"required name=search_term_string"}],"inLanguage":"it-IT"},{"@type":"Organization","@id":"https:\/\/www.secondastrada.com\/it\/#organization","name":"Seconda Strada","url":"https:\/\/www.secondastrada.com\/it\/","logo":{"@type":"ImageObject","inLanguage":"it-IT","@id":"https:\/\/www.secondastrada.com\/it\/#\/schema\/logo\/image\/","url":"https:\/\/www.secondastrada.com\/wp-content\/uploads\/2023\/11\/secondastrada-logo.svg","contentUrl":"https:\/\/www.secondastrada.com\/wp-content\/uploads\/2023\/11\/secondastrada-logo.svg","width":353,"height":47,"caption":"Seconda Strada"},"image":{"@id":"https:\/\/www.secondastrada.com\/it\/#\/schema\/logo\/image\/"}}]}},"df_price":62.99,"df_sale_price":"","df_regular_price":62.99,"df_image_link":"https:\/\/www.secondastrada.com\/wp-content\/uploads\/2026\/03\/C1MA9956-CA-CB_AZZURRO_PE26_1-300x300.jpg","_links":{"self":[{"href":"https:\/\/www.secondastrada.com\/it\/wp-json\/wp\/v2\/product\/342882"}],"collection":[{"href":"https:\/\/www.secondastrada.com\/it\/wp-json\/wp\/v2\/product"}],"about":[{"href":"https:\/\/www.secondastrada.com\/it\/wp-json\/wp\/v2\/types\/product"}],"wp:featuredmedia":[{"embeddable":true,"href":"https:\/\/www.secondastrada.com\/it\/wp-json\/wp\/v2\/media\/342995"}],"wp:attachment":[{"href":"https:\/\/www.secondastrada.com\/it\/wp-json\/wp\/v2\/media?parent=342882"}],"wp:term":[{"taxonomy":"ss_brand","embeddable":true,"href":"https:\/\/www.secondastrada.com\/it\/wp-json\/wp\/v2\/ss_brand?post=342882"},{"taxonomy":"ss_promo","embeddable":true,"href":"https:\/\/www.secondastrada.com\/it\/wp-json\/wp\/v2\/ss_promo?post=342882"},{"taxonomy":"ss_season","embeddable":true,"href":"https:\/\/www.secondastrada.com\/it\/wp-json\/wp\/v2\/ss_season?post=342882"},{"taxonomy":"product_cat","embeddable":true,"href":"https:\/\/www.secondastrada.com\/it\/wp-json\/wp\/v2\/product_cat?post=342882"},{"taxonomy":"product_tag","embeddable":true,"href":"https:\/\/www.secondastrada.com\/it\/wp-json\/wp\/v2\/product_tag?post=342882"}],"curies":[{"name":"wp","href":"https:\/\/api.w.org\/{rel}","templated":true}]}}