{"id":344038,"date":"2026-03-10T14:08:00","date_gmt":"2026-03-10T13:08:00","guid":{"rendered":"https:\/\/www.secondastrada.com\/it\/felpa-tommy-hilfiger-bianca\/"},"modified":"2026-04-22T12:58:09","modified_gmt":"2026-04-22T10:58:09","slug":"felpa-tommy-hilfiger-bianca","status":"publish","type":"product","link":"https:\/\/www.secondastrada.com\/it\/felpa-tommy-hilfiger-bianca\/","title":{"rendered":"Felpa Tommy Hilfiger Bianca"},"content":{"rendered":"<p>Felpa TOMMY HILFIGER Bianco da donna<br \/>\nLa Felpa TOMMY HILFIGER Bianco da donna \u00e8 un capo casual essenziale, perfetto per chi desidera comfort e stile in ogni momento della giornata. Realizzata in 100% cotone, questa felpa garantisce morbidezza, traspirabilit\u00e0 e una piacevole sensazione sulla pelle. Il design \u00e8 completato da interno garzato, polsini, tascone e cappuccio, elementi che rendono il capo pratico e funzionale, ideali per affrontare con comodit\u00e0 le giornate pi\u00f9 dinamiche. Questa felpa da donna adatta alla stagione primavera estate \u00e8 pensata per offrire il giusto equilibrio tra leggerezza e comfort, risultando perfetta per le giornate pi\u00f9 fresche o per le serate primaverili. La vestibilit\u00e0 regolare valorizza la silhouette senza risultare troppo aderente, permettendoti di muoverti con naturalezza e libert\u00e0. La modella \u00e8 alta 165 cm e indossa la taglia S, offrendo un riferimento utile per orientarti nella scelta della misura. Puoi indossarla nel tempo libero, durante una passeggiata in citt\u00e0 o in occasioni casual e sportive, quando desideri un look rilassato ma sempre curato. Per un outfit semplice e moderno puoi abbinarla a jeans e sneakers per uno stile urbano e versatile, oppure scegliere pantaloni sportivi e scarpe casual per un look ancora pi\u00f9 comodo e dinamico. Grazie al suo colore bianco luminoso e al design pulito, questa felpa \u00e8 un capo facile da abbinare e perfetto per completare il tuo guardaroba di stagione. Su SecondaStrada.com trovi solo prodotti originali selezionati con cura. Questo modello Tommy Hilfiger \u00e8 autentico ed \u00e8 identificato dal codice articolo DW0DW21921 OB.<\/p>\n","protected":false},"excerpt":{"rendered":"<p>Felpa TOMMY HILFIGER Bianco da donna La Felpa TOMMY HILFIGER Bianco da donna \u00e8 un capo casual essenziale, perfetto per chi desidera comfort e stile in ogni momento della giornata. Realizzata in 100% cotone, questa felpa garantisce morbidezza, traspirabilit\u00e0 e una piacevole sensazione sulla pelle. Il design \u00e8 completato da interno garzato, polsini, tascone e&#8230;<\/p>\n","protected":false},"featured_media":344033,"template":"","meta":{"inline_featured_image":false},"ss_brand":[1253],"ss_promo":[],"ss_season":[2531],"product_cat":[1329,1658,1474],"product_tag":[2553,1995],"class_list":{"0":"post-344038","1":"product","2":"type-product","3":"status-publish","4":"has-post-thumbnail","6":"ss_brand-tommy-hilfiger-donna","7":"ss_season-pe26","8":"product_cat-abbigliamento-donna","9":"product_cat-collezione-donna","10":"product_cat-felpe-da-donna","11":"product_tag-look-sportivo-donna","12":"product_tag-nuovi-arrivi-donna","14":"first","15":"instock","16":"shipping-taxable","17":"purchasable","18":"product-type-variable","19":"has-default-attributes"},"acf":{"ss_brand":[{"term_id":1253,"name":"TOMMY HILFIGER","slug":"tommy-hilfiger-donna","term_group":0,"term_taxonomy_id":1253,"taxonomy":"ss_brand","description":"Con <strong>Tommy Hilfiger<\/strong> aggiungi un tocco unico al tuo stile casual e approfitta dei vantaggi nel nostro shop online!\u00a0Acquista online su SecondaStrada.com <strong>abbigliamento da donna Tommy Hilfiger scontatissimo<\/strong>!","parent":1201,"count":293,"filter":"raw"}],"ss_promo":false,"ss_season":[{"term_id":2531,"name":"PE26","slug":"pe26","term_group":0,"term_taxonomy_id":2531,"taxonomy":"ss_season","description":"","parent":0,"count":1542,"filter":"raw"}],"ss_old_price":"89,90","ss_omnibus_price":"0,00","ss_style_advice":"<p>Felpa TOMMY HILFIGER Bianco da donna<br \/>\nLa Felpa TOMMY HILFIGER Bianco da donna \u00e8 un capo casual essenziale, perfetto per chi desidera comfort e stile in ogni momento della giornata. Realizzata in 100% cotone, questa felpa garantisce morbidezza, traspirabilit\u00e0 e una piacevole sensazione sulla pelle. Il design \u00e8 completato da interno garzato, polsini, tascone e cappuccio, elementi che rendono il capo pratico e funzionale, ideali per affrontare con comodit\u00e0 le giornate pi\u00f9 dinamiche. Questa felpa da donna adatta alla stagione primavera estate \u00e8 pensata per offrire il giusto equilibrio tra leggerezza e comfort, risultando perfetta per le giornate pi\u00f9 fresche o per le serate primaverili. La vestibilit\u00e0 regolare valorizza la silhouette senza risultare troppo aderente, permettendoti di muoverti con naturalezza e libert\u00e0. La modella \u00e8 alta 165 cm e indossa la taglia S, offrendo un riferimento utile per orientarti nella scelta della misura. Puoi indossarla nel tempo libero, durante una passeggiata in citt\u00e0 o in occasioni casual e sportive, quando desideri un look rilassato ma sempre curato. Per un outfit semplice e moderno puoi abbinarla a jeans e sneakers per uno stile urbano e versatile, oppure scegliere pantaloni sportivi e scarpe casual per un look ancora pi\u00f9 comodo e dinamico. Grazie al suo colore bianco luminoso e al design pulito, questa felpa \u00e8 un capo facile da abbinare e perfetto per completare il tuo guardaroba di stagione. Su SecondaStrada.com trovi solo prodotti originali selezionati con cura. Questo modello Tommy Hilfiger \u00e8 autentico ed \u00e8 identificato dal codice articolo DW0DW21921 OB.<\/p>\n","ss_composition":"<p>100% cotone<\/p>\n","ss_fit":"<p>La modella \u00e8 alta 165 cm e indossa la taglia S. La vestibilit\u00e0 del capo \u00e8 regolare.<\/p>\n"},"yoast_head":"<!-- This site is optimized with the Yoast SEO plugin v22.3 - https:\/\/yoast.com\/wordpress\/plugins\/seo\/ -->\n<title>Felpa Tommy Hilfiger Bianca - Acquista online! - Seconda Strada<\/title>\n<meta name=\"description\" content=\"Felpa Tommy Hilfiger Bianca \u27a4 Acquista online su Secondastrada.com Felpa Tommy Hilfiger Bianca \u2714\ufe0f Spedizione veloce entro 24h in tutta Italia \u2714\ufe0f Sconto sul tuo primo acquisto\" \/>\n<meta name=\"robots\" content=\"index, follow, max-snippet:-1, max-image-preview:large, max-video-preview:-1\" \/>\n<link rel=\"canonical\" href=\"https:\/\/www.secondastrada.com\/it\/felpa-tommy-hilfiger-bianca\/\" \/>\n<meta property=\"og:locale\" content=\"it_IT\" \/>\n<meta property=\"og:type\" content=\"article\" \/>\n<meta property=\"og:title\" content=\"Felpa Tommy Hilfiger Bianca - Acquista online! - Seconda Strada\" \/>\n<meta property=\"og:description\" content=\"Felpa Tommy Hilfiger Bianca \u27a4 Acquista online su Secondastrada.com Felpa Tommy Hilfiger Bianca \u2714\ufe0f Spedizione veloce entro 24h in tutta Italia \u2714\ufe0f Sconto sul tuo primo acquisto\" \/>\n<meta property=\"og:url\" content=\"https:\/\/www.secondastrada.com\/it\/felpa-tommy-hilfiger-bianca\/\" \/>\n<meta property=\"og:site_name\" content=\"Seconda Strada\" \/>\n<meta property=\"article:modified_time\" content=\"2026-04-22T10:58:09+00:00\" \/>\n<meta property=\"og:image\" content=\"https:\/\/www.secondastrada.com\/wp-content\/uploads\/2026\/03\/DW0DW21921-OB_YBL_PE26_1.jpg\" \/>\n\t<meta property=\"og:image:width\" content=\"1000\" \/>\n\t<meta property=\"og:image:height\" content=\"1300\" \/>\n\t<meta property=\"og:image:type\" content=\"image\/jpeg\" \/>\n<meta name=\"twitter:card\" content=\"summary_large_image\" \/>\n<meta name=\"twitter:label1\" content=\"Tempo di lettura stimato\" \/>\n\t<meta name=\"twitter:data1\" content=\"1 minuto\" \/>\n<!-- \/ Yoast SEO plugin. -->","yoast_head_json":{"title":"Felpa Tommy Hilfiger Bianca - Acquista online! - Seconda Strada","description":"Felpa Tommy Hilfiger Bianca \u27a4 Acquista online su Secondastrada.com Felpa Tommy Hilfiger Bianca \u2714\ufe0f Spedizione veloce entro 24h in tutta Italia \u2714\ufe0f Sconto sul tuo primo acquisto","robots":{"index":"index","follow":"follow","max-snippet":"max-snippet:-1","max-image-preview":"max-image-preview:large","max-video-preview":"max-video-preview:-1"},"canonical":"https:\/\/www.secondastrada.com\/it\/felpa-tommy-hilfiger-bianca\/","og_locale":"it_IT","og_type":"article","og_title":"Felpa Tommy Hilfiger Bianca - Acquista online! - Seconda Strada","og_description":"Felpa Tommy Hilfiger Bianca \u27a4 Acquista online su Secondastrada.com Felpa Tommy Hilfiger Bianca \u2714\ufe0f Spedizione veloce entro 24h in tutta Italia \u2714\ufe0f Sconto sul tuo primo acquisto","og_url":"https:\/\/www.secondastrada.com\/it\/felpa-tommy-hilfiger-bianca\/","og_site_name":"Seconda Strada","article_modified_time":"2026-04-22T10:58:09+00:00","og_image":[{"width":1000,"height":1300,"url":"https:\/\/www.secondastrada.com\/wp-content\/uploads\/2026\/03\/DW0DW21921-OB_YBL_PE26_1.jpg","type":"image\/jpeg"}],"twitter_card":"summary_large_image","twitter_misc":{"Tempo di lettura stimato":"1 minuto"},"schema":{"@context":"https:\/\/schema.org","@graph":[{"@type":"WebPage","@id":"https:\/\/www.secondastrada.com\/it\/felpa-tommy-hilfiger-bianca\/","url":"https:\/\/www.secondastrada.com\/it\/felpa-tommy-hilfiger-bianca\/","name":"Felpa Tommy Hilfiger Bianca - Acquista online! - Seconda Strada","isPartOf":{"@id":"https:\/\/www.secondastrada.com\/it\/#website"},"primaryImageOfPage":{"@id":"https:\/\/www.secondastrada.com\/it\/felpa-tommy-hilfiger-bianca\/#primaryimage"},"image":{"@id":"https:\/\/www.secondastrada.com\/it\/felpa-tommy-hilfiger-bianca\/#primaryimage"},"thumbnailUrl":"https:\/\/www.secondastrada.com\/wp-content\/uploads\/2026\/03\/DW0DW21921-OB_YBL_PE26_1.jpg","datePublished":"2026-03-10T13:08:00+00:00","dateModified":"2026-04-22T10:58:09+00:00","description":"Felpa Tommy Hilfiger Bianca \u27a4 Acquista online su Secondastrada.com Felpa Tommy Hilfiger Bianca \u2714\ufe0f Spedizione veloce entro 24h in tutta Italia \u2714\ufe0f Sconto sul tuo primo acquisto","breadcrumb":{"@id":"https:\/\/www.secondastrada.com\/it\/felpa-tommy-hilfiger-bianca\/#breadcrumb"},"inLanguage":"it-IT","potentialAction":[{"@type":"ReadAction","target":["https:\/\/www.secondastrada.com\/it\/felpa-tommy-hilfiger-bianca\/"]}]},{"@type":"ImageObject","inLanguage":"it-IT","@id":"https:\/\/www.secondastrada.com\/it\/felpa-tommy-hilfiger-bianca\/#primaryimage","url":"https:\/\/www.secondastrada.com\/wp-content\/uploads\/2026\/03\/DW0DW21921-OB_YBL_PE26_1.jpg","contentUrl":"https:\/\/www.secondastrada.com\/wp-content\/uploads\/2026\/03\/DW0DW21921-OB_YBL_PE26_1.jpg","width":1000,"height":1300,"caption":"DW0DW21921-OB_YBL_PE26"},{"@type":"BreadcrumbList","@id":"https:\/\/www.secondastrada.com\/it\/felpa-tommy-hilfiger-bianca\/#breadcrumb","itemListElement":[{"@type":"ListItem","position":1,"name":"Home","item":"https:\/\/www.secondastrada.com\/it\/"},{"@type":"ListItem","position":2,"name":"Shop","item":"https:\/\/www.secondastrada.com\/it\/shop\/"},{"@type":"ListItem","position":3,"name":"Donna","item":"https:\/\/www.secondastrada.com\/it\/collezione-donna\/"},{"@type":"ListItem","position":4,"name":"Abbigliamento","item":"https:\/\/www.secondastrada.com\/it\/collezione-donna\/abbigliamento-donna\/"},{"@type":"ListItem","position":5,"name":"Felpe","item":"https:\/\/www.secondastrada.com\/it\/collezione-donna\/abbigliamento-donna\/felpe-da-donna\/"},{"@type":"ListItem","position":6,"name":"Felpa Tommy Hilfiger Bianca"}]},{"@type":"WebSite","@id":"https:\/\/www.secondastrada.com\/it\/#website","url":"https:\/\/www.secondastrada.com\/it\/","name":"Seconda Strada","description":"","publisher":{"@id":"https:\/\/www.secondastrada.com\/it\/#organization"},"potentialAction":[{"@type":"SearchAction","target":{"@type":"EntryPoint","urlTemplate":"https:\/\/www.secondastrada.com\/it\/?s={search_term_string}"},"query-input":"required name=search_term_string"}],"inLanguage":"it-IT"},{"@type":"Organization","@id":"https:\/\/www.secondastrada.com\/it\/#organization","name":"Seconda Strada","url":"https:\/\/www.secondastrada.com\/it\/","logo":{"@type":"ImageObject","inLanguage":"it-IT","@id":"https:\/\/www.secondastrada.com\/it\/#\/schema\/logo\/image\/","url":"https:\/\/www.secondastrada.com\/wp-content\/uploads\/2023\/11\/secondastrada-logo.svg","contentUrl":"https:\/\/www.secondastrada.com\/wp-content\/uploads\/2023\/11\/secondastrada-logo.svg","width":353,"height":47,"caption":"Seconda Strada"},"image":{"@id":"https:\/\/www.secondastrada.com\/it\/#\/schema\/logo\/image\/"}}]}},"df_price":79.99,"df_sale_price":"","df_regular_price":79.99,"df_image_link":"https:\/\/www.secondastrada.com\/wp-content\/uploads\/2026\/03\/DW0DW21921-OB_YBL_PE26_1-300x300.jpg","_links":{"self":[{"href":"https:\/\/www.secondastrada.com\/it\/wp-json\/wp\/v2\/product\/344038"}],"collection":[{"href":"https:\/\/www.secondastrada.com\/it\/wp-json\/wp\/v2\/product"}],"about":[{"href":"https:\/\/www.secondastrada.com\/it\/wp-json\/wp\/v2\/types\/product"}],"wp:featuredmedia":[{"embeddable":true,"href":"https:\/\/www.secondastrada.com\/it\/wp-json\/wp\/v2\/media\/344033"}],"wp:attachment":[{"href":"https:\/\/www.secondastrada.com\/it\/wp-json\/wp\/v2\/media?parent=344038"}],"wp:term":[{"taxonomy":"ss_brand","embeddable":true,"href":"https:\/\/www.secondastrada.com\/it\/wp-json\/wp\/v2\/ss_brand?post=344038"},{"taxonomy":"ss_promo","embeddable":true,"href":"https:\/\/www.secondastrada.com\/it\/wp-json\/wp\/v2\/ss_promo?post=344038"},{"taxonomy":"ss_season","embeddable":true,"href":"https:\/\/www.secondastrada.com\/it\/wp-json\/wp\/v2\/ss_season?post=344038"},{"taxonomy":"product_cat","embeddable":true,"href":"https:\/\/www.secondastrada.com\/it\/wp-json\/wp\/v2\/product_cat?post=344038"},{"taxonomy":"product_tag","embeddable":true,"href":"https:\/\/www.secondastrada.com\/it\/wp-json\/wp\/v2\/product_tag?post=344038"}],"curies":[{"name":"wp","href":"https:\/\/api.w.org\/{rel}","templated":true}]}}