{"id":344082,"date":"2026-04-22T09:10:18","date_gmt":"2026-04-22T07:10:18","guid":{"rendered":"https:\/\/www.secondastrada.com\/it\/camicia-tommy-hilfiger-blu-4\/"},"modified":"2026-04-22T12:52:15","modified_gmt":"2026-04-22T10:52:15","slug":"camicia-tommy-hilfiger-blu-4","status":"publish","type":"product","link":"https:\/\/www.secondastrada.com\/it\/camicia-tommy-hilfiger-blu-4\/","title":{"rendered":"Camicia Tommy Hilfiger Blu"},"content":{"rendered":"<p>Camicia TOMMY HILFIGER Blu da donna<br \/>\nLa Camicia TOMMY HILFIGER Blu da donna \u00e8 un capo versatile e contemporaneo, perfetto per chi desidera uno stile casual ma sempre curato. Realizzata in un morbido tessuto composto da 76% cotone e 24% lyocell, questa camicia offre una piacevole sensazione di leggerezza e comfort sulla pelle. Il design \u00e8 caratterizzato da una camicia con tessuto denim, taschino a toppa, bottoni ad asola, dettagli che richiamano l\u2019estetica iconica del denim e donano al capo un look moderno e dinamico. Questa camicia da donna adatta alla stagione primavera estate \u00e8 ideale per accompagnarti durante le giornate pi\u00f9 miti, quando cerchi un capo pratico ma allo stesso tempo raffinato. La vestibilit\u00e0 regolare valorizza la silhouette senza risultare troppo aderente, rendendo la camicia facile da indossare e perfetta per diversi tipi di outfit. La modella \u00e8 alta 165 cm e indossa la taglia S, un riferimento utile per scegliere la misura pi\u00f9 adatta. Puoi indossarla nel tempo libero, durante una giornata in citt\u00e0 o in occasioni casual, quando desideri un look semplice ma sempre attuale. Per un outfit disinvolto puoi abbinarla a jeans e sneakers per uno stile urbano e rilassato, oppure scegliere pantaloni chiari e sandali per un look primaverile fresco e femminile. Grazie al suo stile denim intramontabile e al design curato nei dettagli, questa camicia \u00e8 un capo facile da abbinare e perfetto per arricchire il tuo guardaroba di stagione. Su SecondaStrada.com trovi solo prodotti originali selezionati con attenzione. Questo modello Tommy Hilfiger \u00e8 autentico ed \u00e8 identificato dal codice articolo DW0DW22007 OB.<\/p>\n","protected":false},"excerpt":{"rendered":"<p>Camicia TOMMY HILFIGER Blu da donna La Camicia TOMMY HILFIGER Blu da donna \u00e8 un capo versatile e contemporaneo, perfetto per chi desidera uno stile casual ma sempre curato. Realizzata in un morbido tessuto composto da 76% cotone e 24% lyocell, questa camicia offre una piacevole sensazione di leggerezza e comfort sulla pelle. Il design&#8230;<\/p>\n","protected":false},"featured_media":360117,"template":"","meta":{"inline_featured_image":false},"ss_brand":[1253],"ss_promo":[],"ss_season":[2531],"product_cat":[1329,1339,1658],"product_tag":[2549,1995],"class_list":{"0":"post-344082","1":"product","2":"type-product","3":"status-publish","4":"has-post-thumbnail","6":"ss_brand-tommy-hilfiger-donna","7":"ss_season-pe26","8":"product_cat-abbigliamento-donna","9":"product_cat-camicie-e-bluse-da-donna","10":"product_cat-collezione-donna","11":"product_tag-denim-jeans-donna","12":"product_tag-nuovi-arrivi-donna","14":"first","15":"instock","16":"shipping-taxable","17":"purchasable","18":"product-type-variable","19":"has-default-attributes"},"acf":{"ss_brand":[{"term_id":1253,"name":"TOMMY HILFIGER","slug":"tommy-hilfiger-donna","term_group":0,"term_taxonomy_id":1253,"taxonomy":"ss_brand","description":"Con <strong>Tommy Hilfiger<\/strong> aggiungi un tocco unico al tuo stile casual e approfitta dei vantaggi nel nostro shop online!\u00a0Acquista online su SecondaStrada.com <strong>abbigliamento da donna Tommy Hilfiger scontatissimo<\/strong>!","parent":1201,"count":298,"filter":"raw"}],"ss_promo":false,"ss_season":[{"term_id":2531,"name":"PE26","slug":"pe26","term_group":0,"term_taxonomy_id":2531,"taxonomy":"ss_season","description":"","parent":0,"count":1574,"filter":"raw"}],"ss_old_price":"89,90","ss_omnibus_price":"0,00","ss_style_advice":"<p>Camicia TOMMY HILFIGER Blu da donna<br \/>\nLa Camicia TOMMY HILFIGER Blu da donna \u00e8 un capo versatile e contemporaneo, perfetto per chi desidera uno stile casual ma sempre curato. Realizzata in un morbido tessuto composto da 76% cotone e 24% lyocell, questa camicia offre una piacevole sensazione di leggerezza e comfort sulla pelle. Il design \u00e8 caratterizzato da una camicia con tessuto denim, taschino a toppa, bottoni ad asola, dettagli che richiamano l\u2019estetica iconica del denim e donano al capo un look moderno e dinamico. Questa camicia da donna adatta alla stagione primavera estate \u00e8 ideale per accompagnarti durante le giornate pi\u00f9 miti, quando cerchi un capo pratico ma allo stesso tempo raffinato. La vestibilit\u00e0 regolare valorizza la silhouette senza risultare troppo aderente, rendendo la camicia facile da indossare e perfetta per diversi tipi di outfit. La modella \u00e8 alta 165 cm e indossa la taglia S, un riferimento utile per scegliere la misura pi\u00f9 adatta. Puoi indossarla nel tempo libero, durante una giornata in citt\u00e0 o in occasioni casual, quando desideri un look semplice ma sempre attuale. Per un outfit disinvolto puoi abbinarla a jeans e sneakers per uno stile urbano e rilassato, oppure scegliere pantaloni chiari e sandali per un look primaverile fresco e femminile. Grazie al suo stile denim intramontabile e al design curato nei dettagli, questa camicia \u00e8 un capo facile da abbinare e perfetto per arricchire il tuo guardaroba di stagione. Su SecondaStrada.com trovi solo prodotti originali selezionati con attenzione. Questo modello Tommy Hilfiger \u00e8 autentico ed \u00e8 identificato dal codice articolo DW0DW22007 OB.<\/p>\n","ss_composition":"<p>76% cotone 24% lyocell<\/p>\n","ss_fit":"<p>La modella \u00e8 alta 165 cm e indossa la taglia S. La vestibilit\u00e0 del capo \u00e8 regolare.<\/p>\n"},"yoast_head":"<!-- This site is optimized with the Yoast SEO plugin v22.3 - https:\/\/yoast.com\/wordpress\/plugins\/seo\/ -->\n<title>Camicia Tommy Hilfiger Blu - Acquista online! - Seconda Strada<\/title>\n<meta name=\"description\" content=\"Camicia Tommy Hilfiger Blu \u27a4 Acquista online su Secondastrada.com Camicia Tommy Hilfiger Blu \u2714\ufe0f Spedizione veloce entro 24h in tutta Italia \u2714\ufe0f Sconto sul tuo primo acquisto\" \/>\n<meta name=\"robots\" content=\"index, follow, max-snippet:-1, max-image-preview:large, max-video-preview:-1\" \/>\n<link rel=\"canonical\" href=\"https:\/\/www.secondastrada.com\/it\/camicia-tommy-hilfiger-blu-4\/\" \/>\n<meta property=\"og:locale\" content=\"it_IT\" \/>\n<meta property=\"og:type\" content=\"article\" \/>\n<meta property=\"og:title\" content=\"Camicia Tommy Hilfiger Blu - Acquista online! - Seconda Strada\" \/>\n<meta property=\"og:description\" content=\"Camicia Tommy Hilfiger Blu \u27a4 Acquista online su Secondastrada.com Camicia Tommy Hilfiger Blu \u2714\ufe0f Spedizione veloce entro 24h in tutta Italia \u2714\ufe0f Sconto sul tuo primo acquisto\" \/>\n<meta property=\"og:url\" content=\"https:\/\/www.secondastrada.com\/it\/camicia-tommy-hilfiger-blu-4\/\" \/>\n<meta property=\"og:site_name\" content=\"Seconda Strada\" \/>\n<meta property=\"article:modified_time\" content=\"2026-04-22T10:52:15+00:00\" \/>\n<meta property=\"og:image\" content=\"https:\/\/www.secondastrada.com\/wp-content\/uploads\/2026\/04\/DW0DW22007-OB_1A5_PE26_1.jpg\" \/>\n\t<meta property=\"og:image:width\" content=\"1000\" \/>\n\t<meta property=\"og:image:height\" content=\"1300\" \/>\n\t<meta property=\"og:image:type\" content=\"image\/jpeg\" \/>\n<meta name=\"twitter:card\" content=\"summary_large_image\" \/>\n<meta name=\"twitter:label1\" content=\"Tempo di lettura stimato\" \/>\n\t<meta name=\"twitter:data1\" content=\"1 minuto\" \/>\n<!-- \/ Yoast SEO plugin. -->","yoast_head_json":{"title":"Camicia Tommy Hilfiger Blu - Acquista online! - Seconda Strada","description":"Camicia Tommy Hilfiger Blu \u27a4 Acquista online su Secondastrada.com Camicia Tommy Hilfiger Blu \u2714\ufe0f Spedizione veloce entro 24h in tutta Italia \u2714\ufe0f Sconto sul tuo primo acquisto","robots":{"index":"index","follow":"follow","max-snippet":"max-snippet:-1","max-image-preview":"max-image-preview:large","max-video-preview":"max-video-preview:-1"},"canonical":"https:\/\/www.secondastrada.com\/it\/camicia-tommy-hilfiger-blu-4\/","og_locale":"it_IT","og_type":"article","og_title":"Camicia Tommy Hilfiger Blu - Acquista online! - Seconda Strada","og_description":"Camicia Tommy Hilfiger Blu \u27a4 Acquista online su Secondastrada.com Camicia Tommy Hilfiger Blu \u2714\ufe0f Spedizione veloce entro 24h in tutta Italia \u2714\ufe0f Sconto sul tuo primo acquisto","og_url":"https:\/\/www.secondastrada.com\/it\/camicia-tommy-hilfiger-blu-4\/","og_site_name":"Seconda Strada","article_modified_time":"2026-04-22T10:52:15+00:00","og_image":[{"width":1000,"height":1300,"url":"https:\/\/www.secondastrada.com\/wp-content\/uploads\/2026\/04\/DW0DW22007-OB_1A5_PE26_1.jpg","type":"image\/jpeg"}],"twitter_card":"summary_large_image","twitter_misc":{"Tempo di lettura stimato":"1 minuto"},"schema":{"@context":"https:\/\/schema.org","@graph":[{"@type":"WebPage","@id":"https:\/\/www.secondastrada.com\/it\/camicia-tommy-hilfiger-blu-4\/","url":"https:\/\/www.secondastrada.com\/it\/camicia-tommy-hilfiger-blu-4\/","name":"Camicia Tommy Hilfiger Blu - Acquista online! - Seconda Strada","isPartOf":{"@id":"https:\/\/www.secondastrada.com\/it\/#website"},"primaryImageOfPage":{"@id":"https:\/\/www.secondastrada.com\/it\/camicia-tommy-hilfiger-blu-4\/#primaryimage"},"image":{"@id":"https:\/\/www.secondastrada.com\/it\/camicia-tommy-hilfiger-blu-4\/#primaryimage"},"thumbnailUrl":"https:\/\/www.secondastrada.com\/wp-content\/uploads\/2026\/04\/DW0DW22007-OB_1A5_PE26_1.jpg","datePublished":"2026-04-22T07:10:18+00:00","dateModified":"2026-04-22T10:52:15+00:00","description":"Camicia Tommy Hilfiger Blu \u27a4 Acquista online su Secondastrada.com Camicia Tommy Hilfiger Blu \u2714\ufe0f Spedizione veloce entro 24h in tutta Italia \u2714\ufe0f Sconto sul tuo primo acquisto","breadcrumb":{"@id":"https:\/\/www.secondastrada.com\/it\/camicia-tommy-hilfiger-blu-4\/#breadcrumb"},"inLanguage":"it-IT","potentialAction":[{"@type":"ReadAction","target":["https:\/\/www.secondastrada.com\/it\/camicia-tommy-hilfiger-blu-4\/"]}]},{"@type":"ImageObject","inLanguage":"it-IT","@id":"https:\/\/www.secondastrada.com\/it\/camicia-tommy-hilfiger-blu-4\/#primaryimage","url":"https:\/\/www.secondastrada.com\/wp-content\/uploads\/2026\/04\/DW0DW22007-OB_1A5_PE26_1.jpg","contentUrl":"https:\/\/www.secondastrada.com\/wp-content\/uploads\/2026\/04\/DW0DW22007-OB_1A5_PE26_1.jpg","width":1000,"height":1300,"caption":"DW0DW22007-OB_1A5_PE26"},{"@type":"BreadcrumbList","@id":"https:\/\/www.secondastrada.com\/it\/camicia-tommy-hilfiger-blu-4\/#breadcrumb","itemListElement":[{"@type":"ListItem","position":1,"name":"Home","item":"https:\/\/www.secondastrada.com\/it\/"},{"@type":"ListItem","position":2,"name":"Shop","item":"https:\/\/www.secondastrada.com\/it\/shop\/"},{"@type":"ListItem","position":3,"name":"Donna","item":"https:\/\/www.secondastrada.com\/it\/collezione-donna\/"},{"@type":"ListItem","position":4,"name":"Abbigliamento","item":"https:\/\/www.secondastrada.com\/it\/collezione-donna\/abbigliamento-donna\/"},{"@type":"ListItem","position":5,"name":"Camicie e Bluse","item":"https:\/\/www.secondastrada.com\/it\/collezione-donna\/abbigliamento-donna\/camicie-e-bluse-da-donna\/"},{"@type":"ListItem","position":6,"name":"Camicia Tommy Hilfiger Blu"}]},{"@type":"WebSite","@id":"https:\/\/www.secondastrada.com\/it\/#website","url":"https:\/\/www.secondastrada.com\/it\/","name":"Seconda Strada","description":"","publisher":{"@id":"https:\/\/www.secondastrada.com\/it\/#organization"},"potentialAction":[{"@type":"SearchAction","target":{"@type":"EntryPoint","urlTemplate":"https:\/\/www.secondastrada.com\/it\/?s={search_term_string}"},"query-input":"required name=search_term_string"}],"inLanguage":"it-IT"},{"@type":"Organization","@id":"https:\/\/www.secondastrada.com\/it\/#organization","name":"Seconda Strada","url":"https:\/\/www.secondastrada.com\/it\/","logo":{"@type":"ImageObject","inLanguage":"it-IT","@id":"https:\/\/www.secondastrada.com\/it\/#\/schema\/logo\/image\/","url":"https:\/\/www.secondastrada.com\/wp-content\/uploads\/2023\/11\/secondastrada-logo.svg","contentUrl":"https:\/\/www.secondastrada.com\/wp-content\/uploads\/2023\/11\/secondastrada-logo.svg","width":353,"height":47,"caption":"Seconda Strada"},"image":{"@id":"https:\/\/www.secondastrada.com\/it\/#\/schema\/logo\/image\/"}}]}},"df_price":79.99,"df_sale_price":"","df_regular_price":79.99,"df_image_link":"https:\/\/www.secondastrada.com\/wp-content\/uploads\/2026\/04\/DW0DW22007-OB_1A5_PE26_1-300x300.jpg","_links":{"self":[{"href":"https:\/\/www.secondastrada.com\/it\/wp-json\/wp\/v2\/product\/344082"}],"collection":[{"href":"https:\/\/www.secondastrada.com\/it\/wp-json\/wp\/v2\/product"}],"about":[{"href":"https:\/\/www.secondastrada.com\/it\/wp-json\/wp\/v2\/types\/product"}],"wp:featuredmedia":[{"embeddable":true,"href":"https:\/\/www.secondastrada.com\/it\/wp-json\/wp\/v2\/media\/360117"}],"wp:attachment":[{"href":"https:\/\/www.secondastrada.com\/it\/wp-json\/wp\/v2\/media?parent=344082"}],"wp:term":[{"taxonomy":"ss_brand","embeddable":true,"href":"https:\/\/www.secondastrada.com\/it\/wp-json\/wp\/v2\/ss_brand?post=344082"},{"taxonomy":"ss_promo","embeddable":true,"href":"https:\/\/www.secondastrada.com\/it\/wp-json\/wp\/v2\/ss_promo?post=344082"},{"taxonomy":"ss_season","embeddable":true,"href":"https:\/\/www.secondastrada.com\/it\/wp-json\/wp\/v2\/ss_season?post=344082"},{"taxonomy":"product_cat","embeddable":true,"href":"https:\/\/www.secondastrada.com\/it\/wp-json\/wp\/v2\/product_cat?post=344082"},{"taxonomy":"product_tag","embeddable":true,"href":"https:\/\/www.secondastrada.com\/it\/wp-json\/wp\/v2\/product_tag?post=344082"}],"curies":[{"name":"wp","href":"https:\/\/api.w.org\/{rel}","templated":true}]}}