{"id":344110,"date":"2026-03-27T14:42:33","date_gmt":"2026-03-27T13:42:33","guid":{"rendered":"https:\/\/www.secondastrada.com\/it\/t-shirt-tommy-hilfiger-bordeaux-5\/"},"modified":"2026-04-25T18:37:18","modified_gmt":"2026-04-25T16:37:18","slug":"t-shirt-tommy-hilfiger-bordeaux-5","status":"publish","type":"product","link":"https:\/\/www.secondastrada.com\/it\/t-shirt-tommy-hilfiger-bordeaux-5\/","title":{"rendered":"T-shirt Tommy Hilfiger Bordeaux"},"content":{"rendered":"<p>T-shirt TOMMY HILFIGER Bordeaux da donna<br \/>\nLa T-shirt TOMMY HILFIGER Bordeaux da donna \u00e8 un capo casual dal carattere moderno, perfetto per aggiungere un tocco di stile al tuo guardaroba quotidiano. Realizzata in 95% cotone e 5% elastane, questa T-shirt offre morbidezza, traspirabilit\u00e0 e una leggera elasticit\u00e0 che garantisce comfort durante tutta la giornata. Il design \u00e8 valorizzato da una T-shirt con patch logo brand, bordini bianchi, dettagli che creano un piacevole contrasto cromatico e richiamano l\u2019estetica iconica del marchio Tommy Hilfiger. Questa T-shirt da donna adatta alla stagione primavera estate \u00e8 ideale per accompagnarti nelle giornate pi\u00f9 dinamiche, quando desideri un capo pratico ma sempre curato. La vestibilit\u00e0 regolare valorizza la silhouette senza risultare troppo aderente, offrendo un equilibrio perfetto tra comfort e stile. La modella \u00e8 alta 165 cm e indossa la taglia S, un riferimento utile per orientarti nella scelta della misura pi\u00f9 adatta. Puoi indossarla nel tempo libero, durante una passeggiata in citt\u00e0 o in occasioni casual, quando vuoi sentirti comoda ma sempre alla moda. Per un outfit semplice e di tendenza puoi abbinarla a jeans e sneakers per uno stile urbano e dinamico, oppure scegliere shorts o pantaloni casual e sandali per un look fresco e primaverile. Grazie al suo colore bordeaux elegante e ai dettagli distintivi, questa T-shirt \u00e8 un capo versatile e facile da abbinare ai tuoi outfit di stagione. Su SecondaStrada.com trovi solo prodotti originali selezionati con attenzione. Questo modello Tommy Hilfiger \u00e8 autentico ed \u00e8 identificato dal codice articolo DW0DW22575 OB.<\/p>\n","protected":false},"excerpt":{"rendered":"<p>T-shirt TOMMY HILFIGER Bordeaux da donna La T-shirt TOMMY HILFIGER Bordeaux da donna \u00e8 un capo casual dal carattere moderno, perfetto per aggiungere un tocco di stile al tuo guardaroba quotidiano. Realizzata in 95% cotone e 5% elastane, questa T-shirt offre morbidezza, traspirabilit\u00e0 e una leggera elasticit\u00e0 che garantisce comfort durante tutta la giornata. Il&#8230;<\/p>\n","protected":false},"featured_media":350718,"template":"","meta":{"inline_featured_image":false},"ss_brand":[1253],"ss_promo":[],"ss_season":[2531],"product_cat":[1329,1658,1822,1337,2275],"product_tag":[2553,1995,2440],"class_list":{"0":"post-344110","1":"product","2":"type-product","3":"status-publish","4":"has-post-thumbnail","6":"ss_brand-tommy-hilfiger-donna","7":"ss_season-pe26","8":"product_cat-abbigliamento-donna","9":"product_cat-collezione-donna","10":"product_cat-t-shirt-da-donna","11":"product_cat-t-shirt-e-top-da-donna","12":"product_cat-t-shirt-in-cotone-da-donna","13":"product_tag-look-sportivo-donna","14":"product_tag-nuovi-arrivi-donna","15":"product_tag-t-shirt-e-top-tommy-hilfiger-donna","17":"first","18":"instock","19":"shipping-taxable","20":"purchasable","21":"product-type-variable","22":"has-default-attributes"},"acf":{"ss_brand":[{"term_id":1253,"name":"TOMMY HILFIGER","slug":"tommy-hilfiger-donna","term_group":0,"term_taxonomy_id":1253,"taxonomy":"ss_brand","description":"Con <strong>Tommy Hilfiger<\/strong> aggiungi un tocco unico al tuo stile casual e approfitta dei vantaggi nel nostro shop online!\u00a0Acquista online su SecondaStrada.com <strong>abbigliamento da donna Tommy Hilfiger scontatissimo<\/strong>!","parent":1201,"count":293,"filter":"raw"}],"ss_promo":false,"ss_season":[{"term_id":2531,"name":"PE26","slug":"pe26","term_group":0,"term_taxonomy_id":2531,"taxonomy":"ss_season","description":"","parent":0,"count":1542,"filter":"raw"}],"ss_old_price":"39,90","ss_omnibus_price":"0,00","ss_style_advice":"<p>T-shirt TOMMY HILFIGER Bordeaux da donna<br \/>\nLa T-shirt TOMMY HILFIGER Bordeaux da donna \u00e8 un capo casual dal carattere moderno, perfetto per aggiungere un tocco di stile al tuo guardaroba quotidiano. Realizzata in 95% cotone e 5% elastane, questa T-shirt offre morbidezza, traspirabilit\u00e0 e una leggera elasticit\u00e0 che garantisce comfort durante tutta la giornata. Il design \u00e8 valorizzato da una T-shirt con patch logo brand, bordini bianchi, dettagli che creano un piacevole contrasto cromatico e richiamano l\u2019estetica iconica del marchio Tommy Hilfiger. Questa T-shirt da donna adatta alla stagione primavera estate \u00e8 ideale per accompagnarti nelle giornate pi\u00f9 dinamiche, quando desideri un capo pratico ma sempre curato. La vestibilit\u00e0 regolare valorizza la silhouette senza risultare troppo aderente, offrendo un equilibrio perfetto tra comfort e stile. La modella \u00e8 alta 165 cm e indossa la taglia S, un riferimento utile per orientarti nella scelta della misura pi\u00f9 adatta. Puoi indossarla nel tempo libero, durante una passeggiata in citt\u00e0 o in occasioni casual, quando vuoi sentirti comoda ma sempre alla moda. Per un outfit semplice e di tendenza puoi abbinarla a jeans e sneakers per uno stile urbano e dinamico, oppure scegliere shorts o pantaloni casual e sandali per un look fresco e primaverile. Grazie al suo colore bordeaux elegante e ai dettagli distintivi, questa T-shirt \u00e8 un capo versatile e facile da abbinare ai tuoi outfit di stagione. Su SecondaStrada.com trovi solo prodotti originali selezionati con attenzione. Questo modello Tommy Hilfiger \u00e8 autentico ed \u00e8 identificato dal codice articolo DW0DW22575 OB.<\/p>\n","ss_composition":"<p>95% cotone 5% elastane<\/p>\n","ss_fit":"<p>La modella \u00e8 alta 165 cm e indossa la taglia S. La vestibilit\u00e0 del capo \u00e8 regolare.<\/p>\n"},"yoast_head":"<!-- This site is optimized with the Yoast SEO plugin v22.3 - https:\/\/yoast.com\/wordpress\/plugins\/seo\/ -->\n<title>T-shirt Tommy Hilfiger Bordeaux - Acquista online! - Seconda Strada<\/title>\n<meta name=\"description\" content=\"T-shirt Tommy Hilfiger Bordeaux \u27a4 Acquista online su Secondastrada.com T-shirt Tommy Hilfiger Bordeaux \u2714\ufe0f Spedizione veloce entro 24h in tutta Italia \u2714\ufe0f Sconto sul tuo primo acquisto\" \/>\n<meta name=\"robots\" content=\"index, follow, max-snippet:-1, max-image-preview:large, max-video-preview:-1\" \/>\n<link rel=\"canonical\" href=\"https:\/\/www.secondastrada.com\/it\/t-shirt-tommy-hilfiger-bordeaux-5\/\" \/>\n<meta property=\"og:locale\" content=\"it_IT\" \/>\n<meta property=\"og:type\" content=\"article\" \/>\n<meta property=\"og:title\" content=\"T-shirt Tommy Hilfiger Bordeaux - Acquista online! - Seconda Strada\" \/>\n<meta property=\"og:description\" content=\"T-shirt Tommy Hilfiger Bordeaux \u27a4 Acquista online su Secondastrada.com T-shirt Tommy Hilfiger Bordeaux \u2714\ufe0f Spedizione veloce entro 24h in tutta Italia \u2714\ufe0f Sconto sul tuo primo acquisto\" \/>\n<meta property=\"og:url\" content=\"https:\/\/www.secondastrada.com\/it\/t-shirt-tommy-hilfiger-bordeaux-5\/\" \/>\n<meta property=\"og:site_name\" content=\"Seconda Strada\" \/>\n<meta property=\"article:modified_time\" content=\"2026-04-25T16:37:18+00:00\" \/>\n<meta property=\"og:image\" content=\"https:\/\/www.secondastrada.com\/wp-content\/uploads\/2026\/03\/DW0DW22575-OB_VLC_PE26_1.jpg\" \/>\n\t<meta property=\"og:image:width\" content=\"1000\" \/>\n\t<meta property=\"og:image:height\" content=\"1300\" \/>\n\t<meta property=\"og:image:type\" content=\"image\/jpeg\" \/>\n<meta name=\"twitter:card\" content=\"summary_large_image\" \/>\n<meta name=\"twitter:label1\" content=\"Tempo di lettura stimato\" \/>\n\t<meta name=\"twitter:data1\" content=\"1 minuto\" \/>\n<!-- \/ Yoast SEO plugin. -->","yoast_head_json":{"title":"T-shirt Tommy Hilfiger Bordeaux - Acquista online! - Seconda Strada","description":"T-shirt Tommy Hilfiger Bordeaux \u27a4 Acquista online su Secondastrada.com T-shirt Tommy Hilfiger Bordeaux \u2714\ufe0f Spedizione veloce entro 24h in tutta Italia \u2714\ufe0f Sconto sul tuo primo acquisto","robots":{"index":"index","follow":"follow","max-snippet":"max-snippet:-1","max-image-preview":"max-image-preview:large","max-video-preview":"max-video-preview:-1"},"canonical":"https:\/\/www.secondastrada.com\/it\/t-shirt-tommy-hilfiger-bordeaux-5\/","og_locale":"it_IT","og_type":"article","og_title":"T-shirt Tommy Hilfiger Bordeaux - Acquista online! - Seconda Strada","og_description":"T-shirt Tommy Hilfiger Bordeaux \u27a4 Acquista online su Secondastrada.com T-shirt Tommy Hilfiger Bordeaux \u2714\ufe0f Spedizione veloce entro 24h in tutta Italia \u2714\ufe0f Sconto sul tuo primo acquisto","og_url":"https:\/\/www.secondastrada.com\/it\/t-shirt-tommy-hilfiger-bordeaux-5\/","og_site_name":"Seconda Strada","article_modified_time":"2026-04-25T16:37:18+00:00","og_image":[{"width":1000,"height":1300,"url":"https:\/\/www.secondastrada.com\/wp-content\/uploads\/2026\/03\/DW0DW22575-OB_VLC_PE26_1.jpg","type":"image\/jpeg"}],"twitter_card":"summary_large_image","twitter_misc":{"Tempo di lettura stimato":"1 minuto"},"schema":{"@context":"https:\/\/schema.org","@graph":[{"@type":"WebPage","@id":"https:\/\/www.secondastrada.com\/it\/t-shirt-tommy-hilfiger-bordeaux-5\/","url":"https:\/\/www.secondastrada.com\/it\/t-shirt-tommy-hilfiger-bordeaux-5\/","name":"T-shirt Tommy Hilfiger Bordeaux - Acquista online! - Seconda Strada","isPartOf":{"@id":"https:\/\/www.secondastrada.com\/it\/#website"},"primaryImageOfPage":{"@id":"https:\/\/www.secondastrada.com\/it\/t-shirt-tommy-hilfiger-bordeaux-5\/#primaryimage"},"image":{"@id":"https:\/\/www.secondastrada.com\/it\/t-shirt-tommy-hilfiger-bordeaux-5\/#primaryimage"},"thumbnailUrl":"https:\/\/www.secondastrada.com\/wp-content\/uploads\/2026\/03\/DW0DW22575-OB_VLC_PE26_1.jpg","datePublished":"2026-03-27T13:42:33+00:00","dateModified":"2026-04-25T16:37:18+00:00","description":"T-shirt Tommy Hilfiger Bordeaux \u27a4 Acquista online su Secondastrada.com T-shirt Tommy Hilfiger Bordeaux \u2714\ufe0f Spedizione veloce entro 24h in tutta Italia \u2714\ufe0f Sconto sul tuo primo acquisto","breadcrumb":{"@id":"https:\/\/www.secondastrada.com\/it\/t-shirt-tommy-hilfiger-bordeaux-5\/#breadcrumb"},"inLanguage":"it-IT","potentialAction":[{"@type":"ReadAction","target":["https:\/\/www.secondastrada.com\/it\/t-shirt-tommy-hilfiger-bordeaux-5\/"]}]},{"@type":"ImageObject","inLanguage":"it-IT","@id":"https:\/\/www.secondastrada.com\/it\/t-shirt-tommy-hilfiger-bordeaux-5\/#primaryimage","url":"https:\/\/www.secondastrada.com\/wp-content\/uploads\/2026\/03\/DW0DW22575-OB_VLC_PE26_1.jpg","contentUrl":"https:\/\/www.secondastrada.com\/wp-content\/uploads\/2026\/03\/DW0DW22575-OB_VLC_PE26_1.jpg","width":1000,"height":1300,"caption":"DW0DW22575-OB_VLC_PE26"},{"@type":"BreadcrumbList","@id":"https:\/\/www.secondastrada.com\/it\/t-shirt-tommy-hilfiger-bordeaux-5\/#breadcrumb","itemListElement":[{"@type":"ListItem","position":1,"name":"Home","item":"https:\/\/www.secondastrada.com\/it\/"},{"@type":"ListItem","position":2,"name":"Shop","item":"https:\/\/www.secondastrada.com\/it\/shop\/"},{"@type":"ListItem","position":3,"name":"Donna","item":"https:\/\/www.secondastrada.com\/it\/collezione-donna\/"},{"@type":"ListItem","position":4,"name":"Abbigliamento","item":"https:\/\/www.secondastrada.com\/it\/collezione-donna\/abbigliamento-donna\/"},{"@type":"ListItem","position":5,"name":"T-shirt e Top","item":"https:\/\/www.secondastrada.com\/it\/collezione-donna\/abbigliamento-donna\/t-shirt-e-top-da-donna\/"},{"@type":"ListItem","position":6,"name":"T-shirt","item":"https:\/\/www.secondastrada.com\/it\/collezione-donna\/abbigliamento-donna\/t-shirt-e-top-da-donna\/t-shirt-da-donna\/"},{"@type":"ListItem","position":7,"name":"T-shirt Tommy Hilfiger Bordeaux"}]},{"@type":"WebSite","@id":"https:\/\/www.secondastrada.com\/it\/#website","url":"https:\/\/www.secondastrada.com\/it\/","name":"Seconda Strada","description":"","publisher":{"@id":"https:\/\/www.secondastrada.com\/it\/#organization"},"potentialAction":[{"@type":"SearchAction","target":{"@type":"EntryPoint","urlTemplate":"https:\/\/www.secondastrada.com\/it\/?s={search_term_string}"},"query-input":"required name=search_term_string"}],"inLanguage":"it-IT"},{"@type":"Organization","@id":"https:\/\/www.secondastrada.com\/it\/#organization","name":"Seconda Strada","url":"https:\/\/www.secondastrada.com\/it\/","logo":{"@type":"ImageObject","inLanguage":"it-IT","@id":"https:\/\/www.secondastrada.com\/it\/#\/schema\/logo\/image\/","url":"https:\/\/www.secondastrada.com\/wp-content\/uploads\/2023\/11\/secondastrada-logo.svg","contentUrl":"https:\/\/www.secondastrada.com\/wp-content\/uploads\/2023\/11\/secondastrada-logo.svg","width":353,"height":47,"caption":"Seconda Strada"},"image":{"@id":"https:\/\/www.secondastrada.com\/it\/#\/schema\/logo\/image\/"}}]}},"df_price":34.99,"df_sale_price":"","df_regular_price":34.99,"df_image_link":"https:\/\/www.secondastrada.com\/wp-content\/uploads\/2026\/03\/DW0DW22575-OB_VLC_PE26_1-300x300.jpg","_links":{"self":[{"href":"https:\/\/www.secondastrada.com\/it\/wp-json\/wp\/v2\/product\/344110"}],"collection":[{"href":"https:\/\/www.secondastrada.com\/it\/wp-json\/wp\/v2\/product"}],"about":[{"href":"https:\/\/www.secondastrada.com\/it\/wp-json\/wp\/v2\/types\/product"}],"wp:featuredmedia":[{"embeddable":true,"href":"https:\/\/www.secondastrada.com\/it\/wp-json\/wp\/v2\/media\/350718"}],"wp:attachment":[{"href":"https:\/\/www.secondastrada.com\/it\/wp-json\/wp\/v2\/media?parent=344110"}],"wp:term":[{"taxonomy":"ss_brand","embeddable":true,"href":"https:\/\/www.secondastrada.com\/it\/wp-json\/wp\/v2\/ss_brand?post=344110"},{"taxonomy":"ss_promo","embeddable":true,"href":"https:\/\/www.secondastrada.com\/it\/wp-json\/wp\/v2\/ss_promo?post=344110"},{"taxonomy":"ss_season","embeddable":true,"href":"https:\/\/www.secondastrada.com\/it\/wp-json\/wp\/v2\/ss_season?post=344110"},{"taxonomy":"product_cat","embeddable":true,"href":"https:\/\/www.secondastrada.com\/it\/wp-json\/wp\/v2\/product_cat?post=344110"},{"taxonomy":"product_tag","embeddable":true,"href":"https:\/\/www.secondastrada.com\/it\/wp-json\/wp\/v2\/product_tag?post=344110"}],"curies":[{"name":"wp","href":"https:\/\/api.w.org\/{rel}","templated":true}]}}