{"id":344312,"date":"2026-03-11T13:15:03","date_gmt":"2026-03-11T12:15:03","guid":{"rendered":"https:\/\/www.secondastrada.com\/it\/giacca-yes-zee-nera\/"},"modified":"2026-04-23T00:18:46","modified_gmt":"2026-04-22T22:18:46","slug":"giacca-yes-zee-nera","status":"publish","type":"product","link":"https:\/\/www.secondastrada.com\/it\/giacca-yes-zee-nera\/","title":{"rendered":"Giacca Yes Zee Nera"},"content":{"rendered":"<p>Giacca YES ZEE Nera da uomo<br \/>\nLa Giacca YES ZEE Nera da uomo \u00e8 un capo dallo stile deciso e contemporaneo, perfetto per chi desidera aggiungere personalit\u00e0 ai propri outfit quotidiani. Realizzata in 100% poliuretano, questa giacca in simil pelle offre un look moderno e grintoso, mantenendo allo stesso tempo leggerezza e comfort ideali per la mezza stagione. Il design \u00e8 arricchito da una giacca con in simil pelle, polsini, tasche, zip sul fronte, dettagli che rendono il capo pratico e dinamico, perfetto per uno stile urbano e attuale. Questa giacca da uomo adatto alla stagione primavera estate \u00e8 ideale per completare i tuoi outfit nelle giornate pi\u00f9 fresche o nelle serate primaverili. La vestibilit\u00e0 regolare garantisce comfort e libert\u00e0 di movimento, adattandosi facilmente alla silhouette senza risultare troppo aderente. Il modello \u00e8 alto 187 cm e indossa la taglia 48, un riferimento utile per orientarti nella scelta della misura pi\u00f9 adatta. Puoi indossarla nel tempo libero, durante una passeggiata in citt\u00e0 o in occasioni casual, quando desideri un look moderno e ricercato. Per un outfit contemporaneo puoi abbinarla a jeans e sneakers per uno stile urbano e dinamico, oppure scegliere pantaloni slim e scarpe casual per un look pi\u00f9 curato ma sempre informale. Grazie al suo colore nero intramontabile e al design ispirato allo stile biker, questa giacca \u00e8 un capo versatile che aggiunge carattere al guardaroba maschile di stagione. Su SecondaStrada.com trovi solo prodotti originali selezionati con attenzione. Questo modello YES ZEE \u00e8 autentico ed \u00e8 identificato dal codice articolo J551 GM00.<\/p>\n","protected":false},"excerpt":{"rendered":"<p>Giacca YES ZEE Nera da uomo La Giacca YES ZEE Nera da uomo \u00e8 un capo dallo stile deciso e contemporaneo, perfetto per chi desidera aggiungere personalit\u00e0 ai propri outfit quotidiani. Realizzata in 100% poliuretano, questa giacca in simil pelle offre un look moderno e grintoso, mantenendo allo stesso tempo leggerezza e comfort ideali per&#8230;<\/p>\n","protected":false},"featured_media":345406,"template":"","meta":{"inline_featured_image":false},"ss_brand":[1280],"ss_promo":[2195],"ss_season":[2531],"product_cat":[1332,1836,1714],"product_tag":[1993],"class_list":{"0":"post-344312","1":"product","2":"type-product","3":"status-publish","4":"has-post-thumbnail","6":"ss_brand-yes-zee-uomo","7":"ss_promo-mid-season-sale-uomo","8":"ss_season-pe26","9":"product_cat-abbigliamento-uomo","10":"product_cat-giacche-da-uomo","11":"product_cat-collezione-uomo","12":"product_tag-nuovi-arrivi-uomo","14":"first","15":"instock","16":"sale","17":"shipping-taxable","18":"purchasable","19":"product-type-variable","20":"has-default-attributes"},"acf":{"ss_brand":[{"term_id":1280,"name":"YES ZEE","slug":"yes-zee-uomo","term_group":0,"term_taxonomy_id":1280,"taxonomy":"ss_brand","description":"Non un semplice marchio di <strong>abbigliamento da uomo<\/strong>: <strong>Yes Zee<\/strong> \u00e8 il brand perfetto per rivoluzionare con stile tutti i tuoi look metropolitani! Scopri subito le offerte esclusive del nostro store online e acquista <strong>Yes zee da uomo a prezzi scontatissimi<\/strong>.","parent":1268,"count":491,"filter":"raw"}],"ss_promo":[2195],"ss_season":[{"term_id":2531,"name":"PE26","slug":"pe26","term_group":0,"term_taxonomy_id":2531,"taxonomy":"ss_season","description":"","parent":0,"count":1611,"filter":"raw"}],"ss_old_price":"0,00","ss_omnibus_price":"0,00","ss_style_advice":"<p>Giacca YES ZEE Nera da uomo<br \/>\nLa Giacca YES ZEE Nera da uomo \u00e8 un capo dallo stile deciso e contemporaneo, perfetto per chi desidera aggiungere personalit\u00e0 ai propri outfit quotidiani. Realizzata in 100% poliuretano, questa giacca in simil pelle offre un look moderno e grintoso, mantenendo allo stesso tempo leggerezza e comfort ideali per la mezza stagione. Il design \u00e8 arricchito da una giacca con in simil pelle, polsini, tasche, zip sul fronte, dettagli che rendono il capo pratico e dinamico, perfetto per uno stile urbano e attuale. Questa giacca da uomo adatto alla stagione primavera estate \u00e8 ideale per completare i tuoi outfit nelle giornate pi\u00f9 fresche o nelle serate primaverili. La vestibilit\u00e0 regolare garantisce comfort e libert\u00e0 di movimento, adattandosi facilmente alla silhouette senza risultare troppo aderente. Il modello \u00e8 alto 187 cm e indossa la taglia 48, un riferimento utile per orientarti nella scelta della misura pi\u00f9 adatta. Puoi indossarla nel tempo libero, durante una passeggiata in citt\u00e0 o in occasioni casual, quando desideri un look moderno e ricercato. Per un outfit contemporaneo puoi abbinarla a jeans e sneakers per uno stile urbano e dinamico, oppure scegliere pantaloni slim e scarpe casual per un look pi\u00f9 curato ma sempre informale. Grazie al suo colore nero intramontabile e al design ispirato allo stile biker, questa giacca \u00e8 un capo versatile che aggiunge carattere al guardaroba maschile di stagione. Su SecondaStrada.com trovi solo prodotti originali selezionati con attenzione. Questo modello YES ZEE \u00e8 autentico ed \u00e8 identificato dal codice articolo J551 GM00.<\/p>\n","ss_composition":"<p>100% poliuretano<\/p>\n","ss_fit":"<p>Il modello \u00e8 alto 187 cm e indossa la taglia 48. La vestibilit\u00e0 del capo \u00e8 regolare.<\/p>\n"},"yoast_head":"<!-- This site is optimized with the Yoast SEO plugin v22.3 - https:\/\/yoast.com\/wordpress\/plugins\/seo\/ -->\n<title>Giacca Yes Zee Nera - Acquista online! - Seconda Strada<\/title>\n<meta name=\"description\" content=\"Giacca Yes Zee Nera \u27a4 Acquista online su Secondastrada.com Giacca Yes Zee Nera \u2714\ufe0f Spedizione veloce entro 24h in tutta Italia \u2714\ufe0f Sconto sul tuo primo acquisto\" \/>\n<meta name=\"robots\" content=\"index, follow, max-snippet:-1, max-image-preview:large, max-video-preview:-1\" \/>\n<link rel=\"canonical\" href=\"https:\/\/www.secondastrada.com\/it\/giacca-yes-zee-nera\/\" \/>\n<meta property=\"og:locale\" content=\"it_IT\" \/>\n<meta property=\"og:type\" content=\"article\" \/>\n<meta property=\"og:title\" content=\"Giacca Yes Zee Nera - Acquista online! - Seconda Strada\" \/>\n<meta property=\"og:description\" content=\"Giacca Yes Zee Nera \u27a4 Acquista online su Secondastrada.com Giacca Yes Zee Nera \u2714\ufe0f Spedizione veloce entro 24h in tutta Italia \u2714\ufe0f Sconto sul tuo primo acquisto\" \/>\n<meta property=\"og:url\" content=\"https:\/\/www.secondastrada.com\/it\/giacca-yes-zee-nera\/\" \/>\n<meta property=\"og:site_name\" content=\"Seconda Strada\" \/>\n<meta property=\"article:modified_time\" content=\"2026-04-22T22:18:46+00:00\" \/>\n<meta property=\"og:image\" content=\"https:\/\/www.secondastrada.com\/wp-content\/uploads\/2026\/03\/J551-GM00_ANTRACITE_PE26_1.jpg\" \/>\n\t<meta property=\"og:image:width\" content=\"1000\" \/>\n\t<meta property=\"og:image:height\" content=\"1300\" \/>\n\t<meta property=\"og:image:type\" content=\"image\/jpeg\" \/>\n<meta name=\"twitter:card\" content=\"summary_large_image\" \/>\n<meta name=\"twitter:label1\" content=\"Tempo di lettura stimato\" \/>\n\t<meta name=\"twitter:data1\" content=\"1 minuto\" \/>\n<!-- \/ Yoast SEO plugin. -->","yoast_head_json":{"title":"Giacca Yes Zee Nera - Acquista online! - Seconda Strada","description":"Giacca Yes Zee Nera \u27a4 Acquista online su Secondastrada.com Giacca Yes Zee Nera \u2714\ufe0f Spedizione veloce entro 24h in tutta Italia \u2714\ufe0f Sconto sul tuo primo acquisto","robots":{"index":"index","follow":"follow","max-snippet":"max-snippet:-1","max-image-preview":"max-image-preview:large","max-video-preview":"max-video-preview:-1"},"canonical":"https:\/\/www.secondastrada.com\/it\/giacca-yes-zee-nera\/","og_locale":"it_IT","og_type":"article","og_title":"Giacca Yes Zee Nera - Acquista online! - Seconda Strada","og_description":"Giacca Yes Zee Nera \u27a4 Acquista online su Secondastrada.com Giacca Yes Zee Nera \u2714\ufe0f Spedizione veloce entro 24h in tutta Italia \u2714\ufe0f Sconto sul tuo primo acquisto","og_url":"https:\/\/www.secondastrada.com\/it\/giacca-yes-zee-nera\/","og_site_name":"Seconda Strada","article_modified_time":"2026-04-22T22:18:46+00:00","og_image":[{"width":1000,"height":1300,"url":"https:\/\/www.secondastrada.com\/wp-content\/uploads\/2026\/03\/J551-GM00_ANTRACITE_PE26_1.jpg","type":"image\/jpeg"}],"twitter_card":"summary_large_image","twitter_misc":{"Tempo di lettura stimato":"1 minuto"},"schema":{"@context":"https:\/\/schema.org","@graph":[{"@type":"WebPage","@id":"https:\/\/www.secondastrada.com\/it\/giacca-yes-zee-nera\/","url":"https:\/\/www.secondastrada.com\/it\/giacca-yes-zee-nera\/","name":"Giacca Yes Zee Nera - Acquista online! - Seconda Strada","isPartOf":{"@id":"https:\/\/www.secondastrada.com\/it\/#website"},"primaryImageOfPage":{"@id":"https:\/\/www.secondastrada.com\/it\/giacca-yes-zee-nera\/#primaryimage"},"image":{"@id":"https:\/\/www.secondastrada.com\/it\/giacca-yes-zee-nera\/#primaryimage"},"thumbnailUrl":"https:\/\/www.secondastrada.com\/wp-content\/uploads\/2026\/03\/J551-GM00_ANTRACITE_PE26_1.jpg","datePublished":"2026-03-11T12:15:03+00:00","dateModified":"2026-04-22T22:18:46+00:00","description":"Giacca Yes Zee Nera \u27a4 Acquista online su Secondastrada.com Giacca Yes Zee Nera \u2714\ufe0f Spedizione veloce entro 24h in tutta Italia \u2714\ufe0f Sconto sul tuo primo acquisto","breadcrumb":{"@id":"https:\/\/www.secondastrada.com\/it\/giacca-yes-zee-nera\/#breadcrumb"},"inLanguage":"it-IT","potentialAction":[{"@type":"ReadAction","target":["https:\/\/www.secondastrada.com\/it\/giacca-yes-zee-nera\/"]}]},{"@type":"ImageObject","inLanguage":"it-IT","@id":"https:\/\/www.secondastrada.com\/it\/giacca-yes-zee-nera\/#primaryimage","url":"https:\/\/www.secondastrada.com\/wp-content\/uploads\/2026\/03\/J551-GM00_ANTRACITE_PE26_1.jpg","contentUrl":"https:\/\/www.secondastrada.com\/wp-content\/uploads\/2026\/03\/J551-GM00_ANTRACITE_PE26_1.jpg","width":1000,"height":1300,"caption":"J551-GM00_ANTRACITE_PE26"},{"@type":"BreadcrumbList","@id":"https:\/\/www.secondastrada.com\/it\/giacca-yes-zee-nera\/#breadcrumb","itemListElement":[{"@type":"ListItem","position":1,"name":"Home","item":"https:\/\/www.secondastrada.com\/it\/"},{"@type":"ListItem","position":2,"name":"Shop","item":"https:\/\/www.secondastrada.com\/it\/shop\/"},{"@type":"ListItem","position":3,"name":"Uomo","item":"https:\/\/www.secondastrada.com\/it\/collezione-uomo\/"},{"@type":"ListItem","position":4,"name":"Abbigliamento","item":"https:\/\/www.secondastrada.com\/it\/collezione-uomo\/abbigliamento-uomo\/"},{"@type":"ListItem","position":5,"name":"Giacche","item":"https:\/\/www.secondastrada.com\/it\/collezione-uomo\/abbigliamento-uomo\/giacche-da-uomo\/"},{"@type":"ListItem","position":6,"name":"Giacca Yes Zee Nera"}]},{"@type":"WebSite","@id":"https:\/\/www.secondastrada.com\/it\/#website","url":"https:\/\/www.secondastrada.com\/it\/","name":"Seconda Strada","description":"","publisher":{"@id":"https:\/\/www.secondastrada.com\/it\/#organization"},"potentialAction":[{"@type":"SearchAction","target":{"@type":"EntryPoint","urlTemplate":"https:\/\/www.secondastrada.com\/it\/?s={search_term_string}"},"query-input":"required name=search_term_string"}],"inLanguage":"it-IT"},{"@type":"Organization","@id":"https:\/\/www.secondastrada.com\/it\/#organization","name":"Seconda Strada","url":"https:\/\/www.secondastrada.com\/it\/","logo":{"@type":"ImageObject","inLanguage":"it-IT","@id":"https:\/\/www.secondastrada.com\/it\/#\/schema\/logo\/image\/","url":"https:\/\/www.secondastrada.com\/wp-content\/uploads\/2023\/11\/secondastrada-logo.svg","contentUrl":"https:\/\/www.secondastrada.com\/wp-content\/uploads\/2023\/11\/secondastrada-logo.svg","width":353,"height":47,"caption":"Seconda Strada"},"image":{"@id":"https:\/\/www.secondastrada.com\/it\/#\/schema\/logo\/image\/"}}]}},"df_price":65.94,"df_sale_price":"","df_regular_price":65.94,"df_image_link":"https:\/\/www.secondastrada.com\/wp-content\/uploads\/2026\/03\/J551-GM00_ANTRACITE_PE26_1-300x300.jpg","_links":{"self":[{"href":"https:\/\/www.secondastrada.com\/it\/wp-json\/wp\/v2\/product\/344312"}],"collection":[{"href":"https:\/\/www.secondastrada.com\/it\/wp-json\/wp\/v2\/product"}],"about":[{"href":"https:\/\/www.secondastrada.com\/it\/wp-json\/wp\/v2\/types\/product"}],"wp:featuredmedia":[{"embeddable":true,"href":"https:\/\/www.secondastrada.com\/it\/wp-json\/wp\/v2\/media\/345406"}],"wp:attachment":[{"href":"https:\/\/www.secondastrada.com\/it\/wp-json\/wp\/v2\/media?parent=344312"}],"wp:term":[{"taxonomy":"ss_brand","embeddable":true,"href":"https:\/\/www.secondastrada.com\/it\/wp-json\/wp\/v2\/ss_brand?post=344312"},{"taxonomy":"ss_promo","embeddable":true,"href":"https:\/\/www.secondastrada.com\/it\/wp-json\/wp\/v2\/ss_promo?post=344312"},{"taxonomy":"ss_season","embeddable":true,"href":"https:\/\/www.secondastrada.com\/it\/wp-json\/wp\/v2\/ss_season?post=344312"},{"taxonomy":"product_cat","embeddable":true,"href":"https:\/\/www.secondastrada.com\/it\/wp-json\/wp\/v2\/product_cat?post=344312"},{"taxonomy":"product_tag","embeddable":true,"href":"https:\/\/www.secondastrada.com\/it\/wp-json\/wp\/v2\/product_tag?post=344312"}],"curies":[{"name":"wp","href":"https:\/\/api.w.org\/{rel}","templated":true}]}}