{"id":344536,"date":"2026-03-11T16:17:15","date_gmt":"2026-03-11T15:17:15","guid":{"rendered":"https:\/\/www.secondastrada.com\/it\/pantaloni-prj22-verde-5\/"},"modified":"2026-04-22T16:41:35","modified_gmt":"2026-04-22T14:41:35","slug":"pantaloni-prj22-verde-5","status":"publish","type":"product","link":"https:\/\/www.secondastrada.com\/it\/pantaloni-prj22-verde-5\/","title":{"rendered":"Pantaloni Prj22. Verde"},"content":{"rendered":"<p>Pantaloni PRJ22. Verde da uomo<br \/>\nI Pantaloni PRJ22. Verde da uomo rappresentano una scelta ideale per chi cerca un capo versatile, contemporaneo e confortevole da indossare durante la bella stagione. Realizzati con una composizione di 52% cotone, 40% poliammidica e 8% elastane, questi pantaloni garantiscono leggerezza, resistenza e una piacevole elasticit\u00e0 che accompagna i movimenti con naturalezza. Il design \u00e8 caratterizzato da pantaloni con tasche, coulisse e cordino in tinta, bottone e zip, elementi pratici che uniscono funzionalit\u00e0 e stile moderno. Questi pantaloni da uomo adatti alla stagione primavera estate sono pensati per offrire comfort e stile nelle giornate pi\u00f9 dinamiche. La vestibilit\u00e0 regolare valorizza la silhouette senza risultare troppo aderente, rendendo il capo facile da indossare e adatto a diverse occasioni. Il modello \u00e8 alto 187 cm e indossa la taglia 48, un riferimento utile per orientarti nella scelta della misura pi\u00f9 adatta. Puoi indossarli nel tempo libero di giorno o di sera, per una passeggiata in citt\u00e0, un aperitivo o una serata informale con amici. Per un look moderno e curato puoi abbinarli a giacca coordinata e t-shirt, creando un outfit smart casual perfetto per molte occasioni. In alternativa, prova a combinarli con camicia leggera e sneakers per uno stile rilassato ma sempre elegante.<br \/>\nIl colore verde dona carattere al capo e lo rende una scelta originale ma facilmente abbinabile nel guardaroba maschile di stagione. Su SecondaStrada.com trovi solo prodotti originali selezionati con attenzione. Questo modello PRJ22. \u00e8 autentico ed \u00e8 identificato dal codice articolo PA570FSP26 TCP299 SUNSET OB.<\/p>\n","protected":false},"excerpt":{"rendered":"<p>Pantaloni PRJ22. Verde da uomo I Pantaloni PRJ22. Verde da uomo rappresentano una scelta ideale per chi cerca un capo versatile, contemporaneo e confortevole da indossare durante la bella stagione. Realizzati con una composizione di 52% cotone, 40% poliammidica e 8% elastane, questi pantaloni garantiscono leggerezza, resistenza e una piacevole elasticit\u00e0 che accompagna i movimenti&#8230;<\/p>\n","protected":false},"featured_media":345785,"template":"","meta":{"inline_featured_image":false},"ss_brand":[2370],"ss_promo":[2195],"ss_season":[2531],"product_cat":[1332,2371,1484,2254,2538,1714],"product_tag":[2400,2408,2409,1993],"class_list":{"0":"post-344536","1":"product","2":"type-product","3":"status-publish","4":"has-post-thumbnail","6":"ss_brand-prj22-uomo","7":"ss_promo-mid-season-sale-uomo","8":"ss_season-pe26","9":"product_cat-abbigliamento-uomo","10":"product_cat-completi-da-uomo","11":"product_cat-pantaloni-da-uomo","12":"product_cat-pantaloni-eleganti-da-uomo","13":"product_cat-set-coordinati-da-uomo","14":"product_cat-collezione-uomo","15":"product_tag-outfit-da-cerimonia-da-uomo","16":"product_tag-look-da-festa-uomo","17":"product_tag-look-da-sabato-sera-uomo","18":"product_tag-nuovi-arrivi-uomo","20":"first","21":"instock","22":"sale","23":"shipping-taxable","24":"purchasable","25":"product-type-variable","26":"has-default-attributes"},"acf":{"ss_brand":[{"term_id":2370,"name":"PRJ22.","slug":"prj22-uomo","term_group":0,"term_taxonomy_id":2370,"taxonomy":"ss_brand","description":"Scopri lo stile urbano e funzionale di <strong>PRJ22<\/strong>: capi essenziali, linee pulite e dettagli tecnici pensati per l\u2019uomo che vuole muoversi con leggerezza tra lavoro e tempo libero. Su SecondaStrada.com trovi <strong>abbigliamento da uomo PRJ22 in offerta<\/strong> selezionato per creare outfit versatili e contemporanei.","parent":1268,"count":169,"filter":"raw"}],"ss_promo":[2195],"ss_season":[{"term_id":2531,"name":"PE26","slug":"pe26","term_group":0,"term_taxonomy_id":2531,"taxonomy":"ss_season","description":"","parent":0,"count":1573,"filter":"raw"}],"ss_old_price":"0,00","ss_omnibus_price":"0,00","ss_style_advice":"<p>Pantaloni PRJ22. Verde da uomo<br \/>\nI Pantaloni PRJ22. Verde da uomo rappresentano una scelta ideale per chi cerca un capo versatile, contemporaneo e confortevole da indossare durante la bella stagione. Realizzati con una composizione di 52% cotone, 40% poliammidica e 8% elastane, questi pantaloni garantiscono leggerezza, resistenza e una piacevole elasticit\u00e0 che accompagna i movimenti con naturalezza. Il design \u00e8 caratterizzato da pantaloni con tasche, coulisse e cordino in tinta, bottone e zip, elementi pratici che uniscono funzionalit\u00e0 e stile moderno. Questi pantaloni da uomo adatti alla stagione primavera estate sono pensati per offrire comfort e stile nelle giornate pi\u00f9 dinamiche. La vestibilit\u00e0 regolare valorizza la silhouette senza risultare troppo aderente, rendendo il capo facile da indossare e adatto a diverse occasioni. Il modello \u00e8 alto 187 cm e indossa la taglia 48, un riferimento utile per orientarti nella scelta della misura pi\u00f9 adatta. Puoi indossarli nel tempo libero di giorno o di sera, per una passeggiata in citt\u00e0, un aperitivo o una serata informale con amici. Per un look moderno e curato puoi abbinarli a giacca coordinata e t-shirt, creando un outfit smart casual perfetto per molte occasioni. In alternativa, prova a combinarli con camicia leggera e sneakers per uno stile rilassato ma sempre elegante.<br \/>\nIl colore verde dona carattere al capo e lo rende una scelta originale ma facilmente abbinabile nel guardaroba maschile di stagione. Su SecondaStrada.com trovi solo prodotti originali selezionati con attenzione. Questo modello PRJ22. \u00e8 autentico ed \u00e8 identificato dal codice articolo PA570FSP26 TCP299 SUNSET OB.<\/p>\n","ss_composition":"<p>52% cotone 40% poliammidica 8% elastane<\/p>\n","ss_fit":"<p>Il modello \u00e8 alto 187 cm e indossa la taglia 48. La vestibilit\u00e0 del capo \u00e8 regolare.<\/p>\n"},"yoast_head":"<!-- This site is optimized with the Yoast SEO plugin v22.3 - https:\/\/yoast.com\/wordpress\/plugins\/seo\/ -->\n<title>Pantaloni Prj22. Verde - Acquista online! - Seconda Strada<\/title>\n<meta name=\"description\" content=\"Pantaloni Prj22. Verde \u27a4 Acquista online su Secondastrada.com Pantaloni Prj22. Verde \u2714\ufe0f Spedizione veloce entro 24h in tutta Italia \u2714\ufe0f Sconto sul tuo primo acquisto\" \/>\n<meta name=\"robots\" content=\"index, follow, max-snippet:-1, max-image-preview:large, max-video-preview:-1\" \/>\n<link rel=\"canonical\" href=\"https:\/\/www.secondastrada.com\/it\/pantaloni-prj22-verde-5\/\" \/>\n<meta property=\"og:locale\" content=\"it_IT\" \/>\n<meta property=\"og:type\" content=\"article\" \/>\n<meta property=\"og:title\" content=\"Pantaloni Prj22. Verde - Acquista online! - Seconda Strada\" \/>\n<meta property=\"og:description\" content=\"Pantaloni Prj22. Verde \u27a4 Acquista online su Secondastrada.com Pantaloni Prj22. Verde \u2714\ufe0f Spedizione veloce entro 24h in tutta Italia \u2714\ufe0f Sconto sul tuo primo acquisto\" \/>\n<meta property=\"og:url\" content=\"https:\/\/www.secondastrada.com\/it\/pantaloni-prj22-verde-5\/\" \/>\n<meta property=\"og:site_name\" content=\"Seconda Strada\" \/>\n<meta property=\"article:modified_time\" content=\"2026-04-22T14:41:35+00:00\" \/>\n<meta property=\"og:image\" content=\"https:\/\/www.secondastrada.com\/wp-content\/uploads\/2026\/03\/PA570FSP26-TCP299-SUNSET-OB_VERDE_PE26_1.jpg\" \/>\n\t<meta property=\"og:image:width\" content=\"1000\" \/>\n\t<meta property=\"og:image:height\" content=\"1300\" \/>\n\t<meta property=\"og:image:type\" content=\"image\/jpeg\" \/>\n<meta name=\"twitter:card\" content=\"summary_large_image\" \/>\n<meta name=\"twitter:label1\" content=\"Tempo di lettura stimato\" \/>\n\t<meta name=\"twitter:data1\" content=\"1 minuto\" \/>\n<!-- \/ Yoast SEO plugin. -->","yoast_head_json":{"title":"Pantaloni Prj22. Verde - Acquista online! - Seconda Strada","description":"Pantaloni Prj22. Verde \u27a4 Acquista online su Secondastrada.com Pantaloni Prj22. Verde \u2714\ufe0f Spedizione veloce entro 24h in tutta Italia \u2714\ufe0f Sconto sul tuo primo acquisto","robots":{"index":"index","follow":"follow","max-snippet":"max-snippet:-1","max-image-preview":"max-image-preview:large","max-video-preview":"max-video-preview:-1"},"canonical":"https:\/\/www.secondastrada.com\/it\/pantaloni-prj22-verde-5\/","og_locale":"it_IT","og_type":"article","og_title":"Pantaloni Prj22. Verde - Acquista online! - Seconda Strada","og_description":"Pantaloni Prj22. Verde \u27a4 Acquista online su Secondastrada.com Pantaloni Prj22. Verde \u2714\ufe0f Spedizione veloce entro 24h in tutta Italia \u2714\ufe0f Sconto sul tuo primo acquisto","og_url":"https:\/\/www.secondastrada.com\/it\/pantaloni-prj22-verde-5\/","og_site_name":"Seconda Strada","article_modified_time":"2026-04-22T14:41:35+00:00","og_image":[{"width":1000,"height":1300,"url":"https:\/\/www.secondastrada.com\/wp-content\/uploads\/2026\/03\/PA570FSP26-TCP299-SUNSET-OB_VERDE_PE26_1.jpg","type":"image\/jpeg"}],"twitter_card":"summary_large_image","twitter_misc":{"Tempo di lettura stimato":"1 minuto"},"schema":{"@context":"https:\/\/schema.org","@graph":[{"@type":"WebPage","@id":"https:\/\/www.secondastrada.com\/it\/pantaloni-prj22-verde-5\/","url":"https:\/\/www.secondastrada.com\/it\/pantaloni-prj22-verde-5\/","name":"Pantaloni Prj22. Verde - Acquista online! - Seconda Strada","isPartOf":{"@id":"https:\/\/www.secondastrada.com\/it\/#website"},"primaryImageOfPage":{"@id":"https:\/\/www.secondastrada.com\/it\/pantaloni-prj22-verde-5\/#primaryimage"},"image":{"@id":"https:\/\/www.secondastrada.com\/it\/pantaloni-prj22-verde-5\/#primaryimage"},"thumbnailUrl":"https:\/\/www.secondastrada.com\/wp-content\/uploads\/2026\/03\/PA570FSP26-TCP299-SUNSET-OB_VERDE_PE26_1.jpg","datePublished":"2026-03-11T15:17:15+00:00","dateModified":"2026-04-22T14:41:35+00:00","description":"Pantaloni Prj22. Verde \u27a4 Acquista online su Secondastrada.com Pantaloni Prj22. Verde \u2714\ufe0f Spedizione veloce entro 24h in tutta Italia \u2714\ufe0f Sconto sul tuo primo acquisto","breadcrumb":{"@id":"https:\/\/www.secondastrada.com\/it\/pantaloni-prj22-verde-5\/#breadcrumb"},"inLanguage":"it-IT","potentialAction":[{"@type":"ReadAction","target":["https:\/\/www.secondastrada.com\/it\/pantaloni-prj22-verde-5\/"]}]},{"@type":"ImageObject","inLanguage":"it-IT","@id":"https:\/\/www.secondastrada.com\/it\/pantaloni-prj22-verde-5\/#primaryimage","url":"https:\/\/www.secondastrada.com\/wp-content\/uploads\/2026\/03\/PA570FSP26-TCP299-SUNSET-OB_VERDE_PE26_1.jpg","contentUrl":"https:\/\/www.secondastrada.com\/wp-content\/uploads\/2026\/03\/PA570FSP26-TCP299-SUNSET-OB_VERDE_PE26_1.jpg","width":1000,"height":1300,"caption":"PA570FSP26-TCP299-SUNSET-OB_VERDE_PE26"},{"@type":"BreadcrumbList","@id":"https:\/\/www.secondastrada.com\/it\/pantaloni-prj22-verde-5\/#breadcrumb","itemListElement":[{"@type":"ListItem","position":1,"name":"Home","item":"https:\/\/www.secondastrada.com\/it\/"},{"@type":"ListItem","position":2,"name":"Shop","item":"https:\/\/www.secondastrada.com\/it\/shop\/"},{"@type":"ListItem","position":3,"name":"Uomo","item":"https:\/\/www.secondastrada.com\/it\/collezione-uomo\/"},{"@type":"ListItem","position":4,"name":"Abbigliamento","item":"https:\/\/www.secondastrada.com\/it\/collezione-uomo\/abbigliamento-uomo\/"},{"@type":"ListItem","position":5,"name":"Pantaloni","item":"https:\/\/www.secondastrada.com\/it\/collezione-uomo\/abbigliamento-uomo\/pantaloni-da-uomo\/"},{"@type":"ListItem","position":6,"name":"Pantaloni eleganti","item":"https:\/\/www.secondastrada.com\/it\/collezione-uomo\/abbigliamento-uomo\/pantaloni-da-uomo\/pantaloni-eleganti-da-uomo\/"},{"@type":"ListItem","position":7,"name":"Pantaloni Prj22. Verde"}]},{"@type":"WebSite","@id":"https:\/\/www.secondastrada.com\/it\/#website","url":"https:\/\/www.secondastrada.com\/it\/","name":"Seconda Strada","description":"","publisher":{"@id":"https:\/\/www.secondastrada.com\/it\/#organization"},"potentialAction":[{"@type":"SearchAction","target":{"@type":"EntryPoint","urlTemplate":"https:\/\/www.secondastrada.com\/it\/?s={search_term_string}"},"query-input":"required name=search_term_string"}],"inLanguage":"it-IT"},{"@type":"Organization","@id":"https:\/\/www.secondastrada.com\/it\/#organization","name":"Seconda Strada","url":"https:\/\/www.secondastrada.com\/it\/","logo":{"@type":"ImageObject","inLanguage":"it-IT","@id":"https:\/\/www.secondastrada.com\/it\/#\/schema\/logo\/image\/","url":"https:\/\/www.secondastrada.com\/wp-content\/uploads\/2023\/11\/secondastrada-logo.svg","contentUrl":"https:\/\/www.secondastrada.com\/wp-content\/uploads\/2023\/11\/secondastrada-logo.svg","width":353,"height":47,"caption":"Seconda Strada"},"image":{"@id":"https:\/\/www.secondastrada.com\/it\/#\/schema\/logo\/image\/"}}]}},"df_price":55.993,"df_sale_price":"","df_regular_price":55.993,"df_image_link":"https:\/\/www.secondastrada.com\/wp-content\/uploads\/2026\/03\/PA570FSP26-TCP299-SUNSET-OB_VERDE_PE26_1-300x300.jpg","_links":{"self":[{"href":"https:\/\/www.secondastrada.com\/it\/wp-json\/wp\/v2\/product\/344536"}],"collection":[{"href":"https:\/\/www.secondastrada.com\/it\/wp-json\/wp\/v2\/product"}],"about":[{"href":"https:\/\/www.secondastrada.com\/it\/wp-json\/wp\/v2\/types\/product"}],"wp:featuredmedia":[{"embeddable":true,"href":"https:\/\/www.secondastrada.com\/it\/wp-json\/wp\/v2\/media\/345785"}],"wp:attachment":[{"href":"https:\/\/www.secondastrada.com\/it\/wp-json\/wp\/v2\/media?parent=344536"}],"wp:term":[{"taxonomy":"ss_brand","embeddable":true,"href":"https:\/\/www.secondastrada.com\/it\/wp-json\/wp\/v2\/ss_brand?post=344536"},{"taxonomy":"ss_promo","embeddable":true,"href":"https:\/\/www.secondastrada.com\/it\/wp-json\/wp\/v2\/ss_promo?post=344536"},{"taxonomy":"ss_season","embeddable":true,"href":"https:\/\/www.secondastrada.com\/it\/wp-json\/wp\/v2\/ss_season?post=344536"},{"taxonomy":"product_cat","embeddable":true,"href":"https:\/\/www.secondastrada.com\/it\/wp-json\/wp\/v2\/product_cat?post=344536"},{"taxonomy":"product_tag","embeddable":true,"href":"https:\/\/www.secondastrada.com\/it\/wp-json\/wp\/v2\/product_tag?post=344536"}],"curies":[{"name":"wp","href":"https:\/\/api.w.org\/{rel}","templated":true}]}}