{"id":344639,"date":"2026-03-10T15:23:46","date_gmt":"2026-03-10T14:23:46","guid":{"rendered":"https:\/\/www.secondastrada.com\/it\/t-shirt-yes-zee-blu-45\/"},"modified":"2026-04-23T08:32:13","modified_gmt":"2026-04-23T06:32:13","slug":"t-shirt-yes-zee-blu-45","status":"publish","type":"product","link":"https:\/\/www.secondastrada.com\/it\/t-shirt-yes-zee-blu-45\/","title":{"rendered":"T-shirt Yes Zee Blu"},"content":{"rendered":"<p>T-shirt YES ZEE Blu da donna<br \/>\nLa T-shirt YES ZEE Blu da donna \u00e8 un capo versatile e moderno, perfetto per completare con stile i tuoi look casual della stagione. Realizzata in 100% cotone, questa t-shirt offre una sensazione di morbidezza e leggerezza sulla pelle, risultando ideale per affrontare con comfort le giornate pi\u00f9 calde. Il design \u00e8 arricchito da una T-shirt con stampa logo brand con glitter, un dettaglio luminoso che aggiunge carattere al capo e rende il look femminile e contemporaneo. Questa T-shirt da donna adatta alla stagione primavera estate \u00e8 pensata per accompagnarti con praticit\u00e0 e stile durante tutta la giornata. La vestibilit\u00e0 regolare segue la linea del corpo senza risultare troppo aderente, garantendo libert\u00e0 di movimento e comfort. La modella \u00e8 alta 165 cm e indossa la taglia S, un riferimento utile per orientarti nella scelta della misura pi\u00f9 adatta. Perfetta da indossare nel tempo libero o in occasioni casual, questa t-shirt si presta a diversi abbinamenti. Puoi indossarla con jeans e sneakers per un look semplice e dinamico, ideale per una giornata in citt\u00e0, oppure abbinarla a pantaloni leggeri o una gonna per creare un outfit fresco e femminile nelle serate primaverili ed estive. Il colore blu intenso, elegante e facile da abbinare, rende questo capo un elemento essenziale nel guardaroba stagionale, perfetto per aggiungere un tocco di stile anche agli outfit pi\u00f9 semplici. Su SecondaStrada.com trovi solo prodotti originali selezionati con attenzione. Questo modello YES ZEE \u00e8 autentico ed \u00e8 identificato dal codice articolo T229 T900.<\/p>\n","protected":false},"excerpt":{"rendered":"<p>T-shirt YES ZEE Blu da donna La T-shirt YES ZEE Blu da donna \u00e8 un capo versatile e moderno, perfetto per completare con stile i tuoi look casual della stagione. Realizzata in 100% cotone, questa t-shirt offre una sensazione di morbidezza e leggerezza sulla pelle, risultando ideale per affrontare con comfort le giornate pi\u00f9 calde&#8230;.<\/p>\n","protected":false},"featured_media":345868,"template":"","meta":{"inline_featured_image":false},"ss_brand":[1208],"ss_promo":[2196],"ss_season":[2531],"product_cat":[1329,1658,1822,1337,2275],"product_tag":[2553,1995,1797],"class_list":{"0":"post-344639","1":"product","2":"type-product","3":"status-publish","4":"has-post-thumbnail","6":"ss_brand-yes-zee-donna","7":"ss_promo-mid-season-sale-donna","8":"ss_season-pe26","9":"product_cat-abbigliamento-donna","10":"product_cat-collezione-donna","11":"product_cat-t-shirt-da-donna","12":"product_cat-t-shirt-e-top-da-donna","13":"product_cat-t-shirt-in-cotone-da-donna","14":"product_tag-look-sportivo-donna","15":"product_tag-nuovi-arrivi-donna","16":"product_tag-t-shirt-e-top-yes-zee-donna","18":"first","19":"instock","20":"sale","21":"shipping-taxable","22":"purchasable","23":"product-type-variable","24":"has-default-attributes"},"acf":{"ss_brand":[{"term_id":1208,"name":"YES ZEE","slug":"yes-zee-donna","term_group":0,"term_taxonomy_id":1208,"taxonomy":"ss_brand","description":"Libera il tuo istinto fashion e lasciati ispirare dalle collezioni da donna <strong>Yes Zee<\/strong> sempre all\u2019avanguardia e non perdere le nostre <strong>offerte imbattibili<\/strong>!\u00a0Acquista online su SecondaStrada.com <strong>abbigliamento da donna Yes Zee scontatissimo<\/strong>!","parent":1201,"count":740,"filter":"raw"}],"ss_promo":[2196],"ss_season":[{"term_id":2531,"name":"PE26","slug":"pe26","term_group":0,"term_taxonomy_id":2531,"taxonomy":"ss_season","description":"","parent":0,"count":1542,"filter":"raw"}],"ss_old_price":"0,00","ss_omnibus_price":"0,00","ss_style_advice":"<p>T-shirt YES ZEE Blu da donna<br \/>\nLa T-shirt YES ZEE Blu da donna \u00e8 un capo versatile e moderno, perfetto per completare con stile i tuoi look casual della stagione. Realizzata in 100% cotone, questa t-shirt offre una sensazione di morbidezza e leggerezza sulla pelle, risultando ideale per affrontare con comfort le giornate pi\u00f9 calde. Il design \u00e8 arricchito da una T-shirt con stampa logo brand con glitter, un dettaglio luminoso che aggiunge carattere al capo e rende il look femminile e contemporaneo. Questa T-shirt da donna adatta alla stagione primavera estate \u00e8 pensata per accompagnarti con praticit\u00e0 e stile durante tutta la giornata. La vestibilit\u00e0 regolare segue la linea del corpo senza risultare troppo aderente, garantendo libert\u00e0 di movimento e comfort. La modella \u00e8 alta 165 cm e indossa la taglia S, un riferimento utile per orientarti nella scelta della misura pi\u00f9 adatta. Perfetta da indossare nel tempo libero o in occasioni casual, questa t-shirt si presta a diversi abbinamenti. Puoi indossarla con jeans e sneakers per un look semplice e dinamico, ideale per una giornata in citt\u00e0, oppure abbinarla a pantaloni leggeri o una gonna per creare un outfit fresco e femminile nelle serate primaverili ed estive. Il colore blu intenso, elegante e facile da abbinare, rende questo capo un elemento essenziale nel guardaroba stagionale, perfetto per aggiungere un tocco di stile anche agli outfit pi\u00f9 semplici. Su SecondaStrada.com trovi solo prodotti originali selezionati con attenzione. Questo modello YES ZEE \u00e8 autentico ed \u00e8 identificato dal codice articolo T229 T900.<\/p>\n","ss_composition":"<p>100% cotone<\/p>\n","ss_fit":"<p>La modella \u00e8 alta 165 cm e indossa la taglia S. La vestibilit\u00e0 del capo \u00e8 regolare.<\/p>\n"},"yoast_head":"<!-- This site is optimized with the Yoast SEO plugin v22.3 - https:\/\/yoast.com\/wordpress\/plugins\/seo\/ -->\n<title>T-shirt Yes Zee Blu - Acquista online! - Seconda Strada<\/title>\n<meta name=\"description\" content=\"T-shirt Yes Zee Blu \u27a4 Acquista online su Secondastrada.com T-shirt Yes Zee Blu \u2714\ufe0f Spedizione veloce entro 24h in tutta Italia \u2714\ufe0f Sconto sul tuo primo acquisto\" \/>\n<meta name=\"robots\" content=\"index, follow, max-snippet:-1, max-image-preview:large, max-video-preview:-1\" \/>\n<link rel=\"canonical\" href=\"https:\/\/www.secondastrada.com\/it\/t-shirt-yes-zee-blu-45\/\" \/>\n<meta property=\"og:locale\" content=\"it_IT\" \/>\n<meta property=\"og:type\" content=\"article\" \/>\n<meta property=\"og:title\" content=\"T-shirt Yes Zee Blu - Acquista online! - Seconda Strada\" \/>\n<meta property=\"og:description\" content=\"T-shirt Yes Zee Blu \u27a4 Acquista online su Secondastrada.com T-shirt Yes Zee Blu \u2714\ufe0f Spedizione veloce entro 24h in tutta Italia \u2714\ufe0f Sconto sul tuo primo acquisto\" \/>\n<meta property=\"og:url\" content=\"https:\/\/www.secondastrada.com\/it\/t-shirt-yes-zee-blu-45\/\" \/>\n<meta property=\"og:site_name\" content=\"Seconda Strada\" \/>\n<meta property=\"article:modified_time\" content=\"2026-04-23T06:32:13+00:00\" \/>\n<meta property=\"og:image\" content=\"https:\/\/www.secondastrada.com\/wp-content\/uploads\/2026\/03\/T229-T900_BLU_PE26_1.jpg\" \/>\n\t<meta property=\"og:image:width\" content=\"1000\" \/>\n\t<meta property=\"og:image:height\" content=\"1300\" \/>\n\t<meta property=\"og:image:type\" content=\"image\/jpeg\" \/>\n<meta name=\"twitter:card\" content=\"summary_large_image\" \/>\n<meta name=\"twitter:label1\" content=\"Tempo di lettura stimato\" \/>\n\t<meta name=\"twitter:data1\" content=\"1 minuto\" \/>\n<!-- \/ Yoast SEO plugin. -->","yoast_head_json":{"title":"T-shirt Yes Zee Blu - Acquista online! - Seconda Strada","description":"T-shirt Yes Zee Blu \u27a4 Acquista online su Secondastrada.com T-shirt Yes Zee Blu \u2714\ufe0f Spedizione veloce entro 24h in tutta Italia \u2714\ufe0f Sconto sul tuo primo acquisto","robots":{"index":"index","follow":"follow","max-snippet":"max-snippet:-1","max-image-preview":"max-image-preview:large","max-video-preview":"max-video-preview:-1"},"canonical":"https:\/\/www.secondastrada.com\/it\/t-shirt-yes-zee-blu-45\/","og_locale":"it_IT","og_type":"article","og_title":"T-shirt Yes Zee Blu - Acquista online! - Seconda Strada","og_description":"T-shirt Yes Zee Blu \u27a4 Acquista online su Secondastrada.com T-shirt Yes Zee Blu \u2714\ufe0f Spedizione veloce entro 24h in tutta Italia \u2714\ufe0f Sconto sul tuo primo acquisto","og_url":"https:\/\/www.secondastrada.com\/it\/t-shirt-yes-zee-blu-45\/","og_site_name":"Seconda Strada","article_modified_time":"2026-04-23T06:32:13+00:00","og_image":[{"width":1000,"height":1300,"url":"https:\/\/www.secondastrada.com\/wp-content\/uploads\/2026\/03\/T229-T900_BLU_PE26_1.jpg","type":"image\/jpeg"}],"twitter_card":"summary_large_image","twitter_misc":{"Tempo di lettura stimato":"1 minuto"},"schema":{"@context":"https:\/\/schema.org","@graph":[{"@type":"WebPage","@id":"https:\/\/www.secondastrada.com\/it\/t-shirt-yes-zee-blu-45\/","url":"https:\/\/www.secondastrada.com\/it\/t-shirt-yes-zee-blu-45\/","name":"T-shirt Yes Zee Blu - Acquista online! - Seconda Strada","isPartOf":{"@id":"https:\/\/www.secondastrada.com\/it\/#website"},"primaryImageOfPage":{"@id":"https:\/\/www.secondastrada.com\/it\/t-shirt-yes-zee-blu-45\/#primaryimage"},"image":{"@id":"https:\/\/www.secondastrada.com\/it\/t-shirt-yes-zee-blu-45\/#primaryimage"},"thumbnailUrl":"https:\/\/www.secondastrada.com\/wp-content\/uploads\/2026\/03\/T229-T900_BLU_PE26_1.jpg","datePublished":"2026-03-10T14:23:46+00:00","dateModified":"2026-04-23T06:32:13+00:00","description":"T-shirt Yes Zee Blu \u27a4 Acquista online su Secondastrada.com T-shirt Yes Zee Blu \u2714\ufe0f Spedizione veloce entro 24h in tutta Italia \u2714\ufe0f Sconto sul tuo primo acquisto","breadcrumb":{"@id":"https:\/\/www.secondastrada.com\/it\/t-shirt-yes-zee-blu-45\/#breadcrumb"},"inLanguage":"it-IT","potentialAction":[{"@type":"ReadAction","target":["https:\/\/www.secondastrada.com\/it\/t-shirt-yes-zee-blu-45\/"]}]},{"@type":"ImageObject","inLanguage":"it-IT","@id":"https:\/\/www.secondastrada.com\/it\/t-shirt-yes-zee-blu-45\/#primaryimage","url":"https:\/\/www.secondastrada.com\/wp-content\/uploads\/2026\/03\/T229-T900_BLU_PE26_1.jpg","contentUrl":"https:\/\/www.secondastrada.com\/wp-content\/uploads\/2026\/03\/T229-T900_BLU_PE26_1.jpg","width":1000,"height":1300,"caption":"T229-T900_BLU_PE26"},{"@type":"BreadcrumbList","@id":"https:\/\/www.secondastrada.com\/it\/t-shirt-yes-zee-blu-45\/#breadcrumb","itemListElement":[{"@type":"ListItem","position":1,"name":"Home","item":"https:\/\/www.secondastrada.com\/it\/"},{"@type":"ListItem","position":2,"name":"Shop","item":"https:\/\/www.secondastrada.com\/it\/shop\/"},{"@type":"ListItem","position":3,"name":"Donna","item":"https:\/\/www.secondastrada.com\/it\/collezione-donna\/"},{"@type":"ListItem","position":4,"name":"Abbigliamento","item":"https:\/\/www.secondastrada.com\/it\/collezione-donna\/abbigliamento-donna\/"},{"@type":"ListItem","position":5,"name":"T-shirt e Top","item":"https:\/\/www.secondastrada.com\/it\/collezione-donna\/abbigliamento-donna\/t-shirt-e-top-da-donna\/"},{"@type":"ListItem","position":6,"name":"T-shirt","item":"https:\/\/www.secondastrada.com\/it\/collezione-donna\/abbigliamento-donna\/t-shirt-e-top-da-donna\/t-shirt-da-donna\/"},{"@type":"ListItem","position":7,"name":"T-shirt Yes Zee Blu"}]},{"@type":"WebSite","@id":"https:\/\/www.secondastrada.com\/it\/#website","url":"https:\/\/www.secondastrada.com\/it\/","name":"Seconda Strada","description":"","publisher":{"@id":"https:\/\/www.secondastrada.com\/it\/#organization"},"potentialAction":[{"@type":"SearchAction","target":{"@type":"EntryPoint","urlTemplate":"https:\/\/www.secondastrada.com\/it\/?s={search_term_string}"},"query-input":"required name=search_term_string"}],"inLanguage":"it-IT"},{"@type":"Organization","@id":"https:\/\/www.secondastrada.com\/it\/#organization","name":"Seconda Strada","url":"https:\/\/www.secondastrada.com\/it\/","logo":{"@type":"ImageObject","inLanguage":"it-IT","@id":"https:\/\/www.secondastrada.com\/it\/#\/schema\/logo\/image\/","url":"https:\/\/www.secondastrada.com\/wp-content\/uploads\/2023\/11\/secondastrada-logo.svg","contentUrl":"https:\/\/www.secondastrada.com\/wp-content\/uploads\/2023\/11\/secondastrada-logo.svg","width":353,"height":47,"caption":"Seconda Strada"},"image":{"@id":"https:\/\/www.secondastrada.com\/it\/#\/schema\/logo\/image\/"}}]}},"df_price":19.92,"df_sale_price":"","df_regular_price":19.92,"df_image_link":"https:\/\/www.secondastrada.com\/wp-content\/uploads\/2026\/03\/T229-T900_BLU_PE26_1-300x300.jpg","_links":{"self":[{"href":"https:\/\/www.secondastrada.com\/it\/wp-json\/wp\/v2\/product\/344639"}],"collection":[{"href":"https:\/\/www.secondastrada.com\/it\/wp-json\/wp\/v2\/product"}],"about":[{"href":"https:\/\/www.secondastrada.com\/it\/wp-json\/wp\/v2\/types\/product"}],"wp:featuredmedia":[{"embeddable":true,"href":"https:\/\/www.secondastrada.com\/it\/wp-json\/wp\/v2\/media\/345868"}],"wp:attachment":[{"href":"https:\/\/www.secondastrada.com\/it\/wp-json\/wp\/v2\/media?parent=344639"}],"wp:term":[{"taxonomy":"ss_brand","embeddable":true,"href":"https:\/\/www.secondastrada.com\/it\/wp-json\/wp\/v2\/ss_brand?post=344639"},{"taxonomy":"ss_promo","embeddable":true,"href":"https:\/\/www.secondastrada.com\/it\/wp-json\/wp\/v2\/ss_promo?post=344639"},{"taxonomy":"ss_season","embeddable":true,"href":"https:\/\/www.secondastrada.com\/it\/wp-json\/wp\/v2\/ss_season?post=344639"},{"taxonomy":"product_cat","embeddable":true,"href":"https:\/\/www.secondastrada.com\/it\/wp-json\/wp\/v2\/product_cat?post=344639"},{"taxonomy":"product_tag","embeddable":true,"href":"https:\/\/www.secondastrada.com\/it\/wp-json\/wp\/v2\/product_tag?post=344639"}],"curies":[{"name":"wp","href":"https:\/\/api.w.org\/{rel}","templated":true}]}}