{"id":344814,"date":"2026-03-11T10:01:49","date_gmt":"2026-03-11T09:01:49","guid":{"rendered":"https:\/\/www.secondastrada.com\/it\/maglione-tommy-hilfiger-panna\/"},"modified":"2026-04-03T00:19:56","modified_gmt":"2026-04-02T22:19:56","slug":"maglione-tommy-hilfiger-panna","status":"publish","type":"product","link":"https:\/\/www.secondastrada.com\/it\/maglione-tommy-hilfiger-panna\/","title":{"rendered":"Maglione Tommy Hilfiger Panna"},"content":{"rendered":"<p>Maglione TOMMY HILFIGER Panna da donna<br \/>\nIl Maglione TOMMY HILFIGER Panna da donna \u00e8 un capo elegante e versatile, pensato per completare i tuoi outfit con uno stile raffinato ma sempre contemporaneo. Realizzato in 100% cotone, questo maglione offre morbidezza, traspirabilit\u00e0 e comfort, risultando ideale da indossare nelle giornate pi\u00f9 miti. Il design \u00e8 valorizzato da un maglione con trama lavorata, girocollo con bordino nero, un dettaglio discreto che crea un elegante contrasto cromatico e aggiunge carattere al capo mantenendo uno stile pulito e sofisticato. Questo maglione da donna adatto alla stagione primavera estate \u00e8 perfetto per accompagnarti nelle giornate di mezza stagione, quando desideri un capo leggero ma avvolgente. La vestibilit\u00e0 regolare valorizza la silhouette senza risultare troppo aderente, garantendo comfort e libert\u00e0 di movimento durante tutta la giornata. La modella \u00e8 alta 165 cm e indossa la taglia S, un riferimento utile per orientarti nella scelta della misura pi\u00f9 adatta. Puoi indossarlo nel tempo libero di giorno o di sera, per un look semplice ma sempre curato. Per un outfit casual puoi abbinarlo a jeans e sneakers per uno stile urbano e dinamico, oppure scegliere pantaloni coordinati o pantaloni chiari per un look pi\u00f9 elegante e primaverile. Grazie al suo colore panna luminoso e alla lavorazione curata, questo maglione \u00e8 un capo facile da abbinare e perfetto per arricchire il tuo guardaroba stagionale. Su SecondaStrada.com trovi solo prodotti originali selezionati con attenzione. Questo modello Tommy Hilfiger \u00e8 autentico ed \u00e8 identificato dal codice articolo DW0DW22025 OB.<\/p>\n","protected":false},"excerpt":{"rendered":"<p>Maglione TOMMY HILFIGER Panna da donna Il Maglione TOMMY HILFIGER Panna da donna \u00e8 un capo elegante e versatile, pensato per completare i tuoi outfit con uno stile raffinato ma sempre contemporaneo. Realizzato in 100% cotone, questo maglione offre morbidezza, traspirabilit\u00e0 e comfort, risultando ideale da indossare nelle giornate pi\u00f9 miti. Il design \u00e8 valorizzato&#8230;<\/p>\n","protected":false},"featured_media":344388,"template":"","meta":{"inline_featured_image":false},"ss_brand":[1253],"ss_promo":[],"ss_season":[2531],"product_cat":[1329,1658,1605,1603,2278,1535],"product_tag":[2441,1995],"class_list":{"0":"post-344814","1":"product","2":"type-product","3":"status-publish","4":"has-post-thumbnail","6":"ss_brand-tommy-hilfiger-donna","7":"ss_season-pe26","8":"product_cat-abbigliamento-donna","9":"product_cat-collezione-donna","10":"product_cat-maglie-a-manica-lunga-da-donna","11":"product_cat-maglie-girocollo-da-donna","12":"product_cat-maglie-in-cotone-da-donna","13":"product_cat-maglie-da-donna","14":"product_tag-maglieria-tommy-hilfiger-donna","15":"product_tag-nuovi-arrivi-donna","17":"first","18":"instock","19":"shipping-taxable","20":"purchasable","21":"product-type-variable","22":"has-default-attributes"},"acf":{"ss_brand":[{"term_id":1253,"name":"TOMMY HILFIGER","slug":"tommy-hilfiger-donna","term_group":0,"term_taxonomy_id":1253,"taxonomy":"ss_brand","description":"Con <strong>Tommy Hilfiger<\/strong> aggiungi un tocco unico al tuo stile casual e approfitta dei vantaggi nel nostro shop online!\u00a0Acquista online su SecondaStrada.com <strong>abbigliamento da donna Tommy Hilfiger scontatissimo<\/strong>!","parent":1201,"count":298,"filter":"raw"}],"ss_promo":false,"ss_season":[{"term_id":2531,"name":"PE26","slug":"pe26","term_group":0,"term_taxonomy_id":2531,"taxonomy":"ss_season","description":"","parent":0,"count":1573,"filter":"raw"}],"ss_old_price":"109,90","ss_omnibus_price":"0,00","ss_style_advice":"<p>Maglione TOMMY HILFIGER Panna da donna<br \/>\nIl Maglione TOMMY HILFIGER Panna da donna \u00e8 un capo elegante e versatile, pensato per completare i tuoi outfit con uno stile raffinato ma sempre contemporaneo. Realizzato in 100% cotone, questo maglione offre morbidezza, traspirabilit\u00e0 e comfort, risultando ideale da indossare nelle giornate pi\u00f9 miti. Il design \u00e8 valorizzato da un maglione con trama lavorata, girocollo con bordino nero, un dettaglio discreto che crea un elegante contrasto cromatico e aggiunge carattere al capo mantenendo uno stile pulito e sofisticato. Questo maglione da donna adatto alla stagione primavera estate \u00e8 perfetto per accompagnarti nelle giornate di mezza stagione, quando desideri un capo leggero ma avvolgente. La vestibilit\u00e0 regolare valorizza la silhouette senza risultare troppo aderente, garantendo comfort e libert\u00e0 di movimento durante tutta la giornata. La modella \u00e8 alta 165 cm e indossa la taglia S, un riferimento utile per orientarti nella scelta della misura pi\u00f9 adatta. Puoi indossarlo nel tempo libero di giorno o di sera, per un look semplice ma sempre curato. Per un outfit casual puoi abbinarlo a jeans e sneakers per uno stile urbano e dinamico, oppure scegliere pantaloni coordinati o pantaloni chiari per un look pi\u00f9 elegante e primaverile. Grazie al suo colore panna luminoso e alla lavorazione curata, questo maglione \u00e8 un capo facile da abbinare e perfetto per arricchire il tuo guardaroba stagionale. Su SecondaStrada.com trovi solo prodotti originali selezionati con attenzione. Questo modello Tommy Hilfiger \u00e8 autentico ed \u00e8 identificato dal codice articolo DW0DW22025 OB.<\/p>\n","ss_composition":"<p>100% cotone<\/p>\n","ss_fit":"<p>La modella \u00e8 alta 165 cm e indossa la taglia S. La vestibilit\u00e0 del capo \u00e8 regolare.<\/p>\n"},"yoast_head":"<!-- This site is optimized with the Yoast SEO plugin v22.3 - https:\/\/yoast.com\/wordpress\/plugins\/seo\/ -->\n<title>Maglione Tommy Hilfiger Panna - Acquista online! - Seconda Strada<\/title>\n<meta name=\"description\" content=\"Maglione Tommy Hilfiger Panna \u27a4 Acquista online su Secondastrada.com Maglione Tommy Hilfiger Panna \u2714\ufe0f Spedizione veloce entro 24h in tutta Italia \u2714\ufe0f Sconto sul tuo primo acquisto\" \/>\n<meta name=\"robots\" content=\"index, follow, max-snippet:-1, max-image-preview:large, max-video-preview:-1\" \/>\n<link rel=\"canonical\" href=\"https:\/\/www.secondastrada.com\/it\/maglione-tommy-hilfiger-panna\/\" \/>\n<meta property=\"og:locale\" content=\"it_IT\" \/>\n<meta property=\"og:type\" content=\"article\" \/>\n<meta property=\"og:title\" content=\"Maglione Tommy Hilfiger Panna - Acquista online! - Seconda Strada\" \/>\n<meta property=\"og:description\" content=\"Maglione Tommy Hilfiger Panna \u27a4 Acquista online su Secondastrada.com Maglione Tommy Hilfiger Panna \u2714\ufe0f Spedizione veloce entro 24h in tutta Italia \u2714\ufe0f Sconto sul tuo primo acquisto\" \/>\n<meta property=\"og:url\" content=\"https:\/\/www.secondastrada.com\/it\/maglione-tommy-hilfiger-panna\/\" \/>\n<meta property=\"og:site_name\" content=\"Seconda Strada\" \/>\n<meta property=\"article:modified_time\" content=\"2026-04-02T22:19:56+00:00\" \/>\n<meta property=\"og:image\" content=\"https:\/\/www.secondastrada.com\/wp-content\/uploads\/2026\/03\/DW0DW22025-OB_YBH_PE26_1.jpg\" \/>\n\t<meta property=\"og:image:width\" content=\"1000\" \/>\n\t<meta property=\"og:image:height\" content=\"1300\" \/>\n\t<meta property=\"og:image:type\" content=\"image\/jpeg\" \/>\n<meta name=\"twitter:card\" content=\"summary_large_image\" \/>\n<meta name=\"twitter:label1\" content=\"Tempo di lettura stimato\" \/>\n\t<meta name=\"twitter:data1\" content=\"1 minuto\" \/>\n<!-- \/ Yoast SEO plugin. -->","yoast_head_json":{"title":"Maglione Tommy Hilfiger Panna - Acquista online! - Seconda Strada","description":"Maglione Tommy Hilfiger Panna \u27a4 Acquista online su Secondastrada.com Maglione Tommy Hilfiger Panna \u2714\ufe0f Spedizione veloce entro 24h in tutta Italia \u2714\ufe0f Sconto sul tuo primo acquisto","robots":{"index":"index","follow":"follow","max-snippet":"max-snippet:-1","max-image-preview":"max-image-preview:large","max-video-preview":"max-video-preview:-1"},"canonical":"https:\/\/www.secondastrada.com\/it\/maglione-tommy-hilfiger-panna\/","og_locale":"it_IT","og_type":"article","og_title":"Maglione Tommy Hilfiger Panna - Acquista online! - Seconda Strada","og_description":"Maglione Tommy Hilfiger Panna \u27a4 Acquista online su Secondastrada.com Maglione Tommy Hilfiger Panna \u2714\ufe0f Spedizione veloce entro 24h in tutta Italia \u2714\ufe0f Sconto sul tuo primo acquisto","og_url":"https:\/\/www.secondastrada.com\/it\/maglione-tommy-hilfiger-panna\/","og_site_name":"Seconda Strada","article_modified_time":"2026-04-02T22:19:56+00:00","og_image":[{"width":1000,"height":1300,"url":"https:\/\/www.secondastrada.com\/wp-content\/uploads\/2026\/03\/DW0DW22025-OB_YBH_PE26_1.jpg","type":"image\/jpeg"}],"twitter_card":"summary_large_image","twitter_misc":{"Tempo di lettura stimato":"1 minuto"},"schema":{"@context":"https:\/\/schema.org","@graph":[{"@type":"WebPage","@id":"https:\/\/www.secondastrada.com\/it\/maglione-tommy-hilfiger-panna\/","url":"https:\/\/www.secondastrada.com\/it\/maglione-tommy-hilfiger-panna\/","name":"Maglione Tommy Hilfiger Panna - Acquista online! - Seconda Strada","isPartOf":{"@id":"https:\/\/www.secondastrada.com\/it\/#website"},"primaryImageOfPage":{"@id":"https:\/\/www.secondastrada.com\/it\/maglione-tommy-hilfiger-panna\/#primaryimage"},"image":{"@id":"https:\/\/www.secondastrada.com\/it\/maglione-tommy-hilfiger-panna\/#primaryimage"},"thumbnailUrl":"https:\/\/www.secondastrada.com\/wp-content\/uploads\/2026\/03\/DW0DW22025-OB_YBH_PE26_1.jpg","datePublished":"2026-03-11T09:01:49+00:00","dateModified":"2026-04-02T22:19:56+00:00","description":"Maglione Tommy Hilfiger Panna \u27a4 Acquista online su Secondastrada.com Maglione Tommy Hilfiger Panna \u2714\ufe0f Spedizione veloce entro 24h in tutta Italia \u2714\ufe0f Sconto sul tuo primo acquisto","breadcrumb":{"@id":"https:\/\/www.secondastrada.com\/it\/maglione-tommy-hilfiger-panna\/#breadcrumb"},"inLanguage":"it-IT","potentialAction":[{"@type":"ReadAction","target":["https:\/\/www.secondastrada.com\/it\/maglione-tommy-hilfiger-panna\/"]}]},{"@type":"ImageObject","inLanguage":"it-IT","@id":"https:\/\/www.secondastrada.com\/it\/maglione-tommy-hilfiger-panna\/#primaryimage","url":"https:\/\/www.secondastrada.com\/wp-content\/uploads\/2026\/03\/DW0DW22025-OB_YBH_PE26_1.jpg","contentUrl":"https:\/\/www.secondastrada.com\/wp-content\/uploads\/2026\/03\/DW0DW22025-OB_YBH_PE26_1.jpg","width":1000,"height":1300,"caption":"DW0DW22025-OB_YBH_PE26"},{"@type":"BreadcrumbList","@id":"https:\/\/www.secondastrada.com\/it\/maglione-tommy-hilfiger-panna\/#breadcrumb","itemListElement":[{"@type":"ListItem","position":1,"name":"Home","item":"https:\/\/www.secondastrada.com\/it\/"},{"@type":"ListItem","position":2,"name":"Shop","item":"https:\/\/www.secondastrada.com\/it\/shop\/"},{"@type":"ListItem","position":3,"name":"Donna","item":"https:\/\/www.secondastrada.com\/it\/collezione-donna\/"},{"@type":"ListItem","position":4,"name":"Abbigliamento","item":"https:\/\/www.secondastrada.com\/it\/collezione-donna\/abbigliamento-donna\/"},{"@type":"ListItem","position":5,"name":"Maglieria","item":"https:\/\/www.secondastrada.com\/it\/collezione-donna\/abbigliamento-donna\/maglie-da-donna\/"},{"@type":"ListItem","position":6,"name":"Maglie a manica lunga","item":"https:\/\/www.secondastrada.com\/it\/collezione-donna\/abbigliamento-donna\/maglie-da-donna\/maglie-a-manica-lunga-da-donna\/"},{"@type":"ListItem","position":7,"name":"Maglione Tommy Hilfiger Panna"}]},{"@type":"WebSite","@id":"https:\/\/www.secondastrada.com\/it\/#website","url":"https:\/\/www.secondastrada.com\/it\/","name":"Seconda Strada","description":"","publisher":{"@id":"https:\/\/www.secondastrada.com\/it\/#organization"},"potentialAction":[{"@type":"SearchAction","target":{"@type":"EntryPoint","urlTemplate":"https:\/\/www.secondastrada.com\/it\/?s={search_term_string}"},"query-input":"required name=search_term_string"}],"inLanguage":"it-IT"},{"@type":"Organization","@id":"https:\/\/www.secondastrada.com\/it\/#organization","name":"Seconda Strada","url":"https:\/\/www.secondastrada.com\/it\/","logo":{"@type":"ImageObject","inLanguage":"it-IT","@id":"https:\/\/www.secondastrada.com\/it\/#\/schema\/logo\/image\/","url":"https:\/\/www.secondastrada.com\/wp-content\/uploads\/2023\/11\/secondastrada-logo.svg","contentUrl":"https:\/\/www.secondastrada.com\/wp-content\/uploads\/2023\/11\/secondastrada-logo.svg","width":353,"height":47,"caption":"Seconda Strada"},"image":{"@id":"https:\/\/www.secondastrada.com\/it\/#\/schema\/logo\/image\/"}}]}},"df_price":99.99,"df_sale_price":"","df_regular_price":99.99,"df_image_link":"https:\/\/www.secondastrada.com\/wp-content\/uploads\/2026\/03\/DW0DW22025-OB_YBH_PE26_1-300x300.jpg","_links":{"self":[{"href":"https:\/\/www.secondastrada.com\/it\/wp-json\/wp\/v2\/product\/344814"}],"collection":[{"href":"https:\/\/www.secondastrada.com\/it\/wp-json\/wp\/v2\/product"}],"about":[{"href":"https:\/\/www.secondastrada.com\/it\/wp-json\/wp\/v2\/types\/product"}],"wp:featuredmedia":[{"embeddable":true,"href":"https:\/\/www.secondastrada.com\/it\/wp-json\/wp\/v2\/media\/344388"}],"wp:attachment":[{"href":"https:\/\/www.secondastrada.com\/it\/wp-json\/wp\/v2\/media?parent=344814"}],"wp:term":[{"taxonomy":"ss_brand","embeddable":true,"href":"https:\/\/www.secondastrada.com\/it\/wp-json\/wp\/v2\/ss_brand?post=344814"},{"taxonomy":"ss_promo","embeddable":true,"href":"https:\/\/www.secondastrada.com\/it\/wp-json\/wp\/v2\/ss_promo?post=344814"},{"taxonomy":"ss_season","embeddable":true,"href":"https:\/\/www.secondastrada.com\/it\/wp-json\/wp\/v2\/ss_season?post=344814"},{"taxonomy":"product_cat","embeddable":true,"href":"https:\/\/www.secondastrada.com\/it\/wp-json\/wp\/v2\/product_cat?post=344814"},{"taxonomy":"product_tag","embeddable":true,"href":"https:\/\/www.secondastrada.com\/it\/wp-json\/wp\/v2\/product_tag?post=344814"}],"curies":[{"name":"wp","href":"https:\/\/api.w.org\/{rel}","templated":true}]}}