{"id":34482,"date":"2024-03-29T11:57:31","date_gmt":"2024-03-29T10:57:31","guid":{"rendered":"http:\/\/secondastrada.com\/maglione-twin-set-fantasia\/"},"modified":"2026-01-29T11:28:08","modified_gmt":"2026-01-29T10:28:08","slug":"maglione-twin-set-fantasia","status":"publish","type":"product","link":"https:\/\/www.secondastrada.com\/it\/maglione-twin-set-fantasia\/","title":{"rendered":"Maglione Twin Set fantasia"},"content":{"rendered":"<p>80% lana 20% poliammide &#8211; ricamo 100% lana<br \/>La modella indossa la taglia S ed  \u00e8  alta 178 cm e la vestibilit\u00e0 \u00e8 regolare<br \/>Crea un look super comodo con questo maglione fantasia! Ideale per la scuola o il tempo libero per vivere al meglio la routine. Perfetto sopra a un jeans<br \/>Cod. art. TA83JG sp<br \/>Vi ricordiamo che tutti i nostri articoli sono originali.<\/p>\n","protected":false},"excerpt":{"rendered":"<p>80% lana 20% poliammide &#8211; ricamo 100% lanaLa modella indossa la taglia S ed \u00e8 alta 178 cm e la vestibilit\u00e0 \u00e8 regolareCrea un look super comodo con questo maglione fantasia! Ideale per la scuola o il tempo libero per vivere al meglio la routine. Perfetto sopra a un jeansCod. art. TA83JG spVi ricordiamo che&#8230;<\/p>\n","protected":false},"featured_media":45199,"template":"","meta":{"inline_featured_image":false},"ss_brand":[1925],"ss_promo":[2181],"ss_season":[],"product_cat":[1329,1658,1535,1541,2423],"product_tag":[2139],"class_list":{"0":"post-34482","1":"product","2":"type-product","3":"status-publish","4":"has-post-thumbnail","6":"ss_brand-twin-set-donna","7":"ss_promo-ultime-occasioni-donna","8":"product_cat-abbigliamento-donna","9":"product_cat-collezione-donna","10":"product_cat-maglie-da-donna","11":"product_cat-maglioni-da-donna","12":"product_cat-svendita-donna","13":"product_tag-ultime-occasioni-donna","15":"first","16":"outofstock","17":"sold-individually","18":"shipping-taxable","19":"product-type-variable","20":"has-default-attributes"},"acf":{"ss_brand":[{"term_id":1925,"name":"TWIN SET","slug":"twin-set-donna","term_group":0,"term_taxonomy_id":1925,"taxonomy":"ss_brand","description":"Twin Set \u00e8 il brand made in Italy che sceglie di vestire le donne secondo un gusto elegante e raffinato. Dettagli glamour e chic per look ideali dalla mattina alla sera. Se stai cercando uno shop online Twin Set sei nel posto giusto: vieni a scoprire gli sconti!\u00a0Acquista online su SecondaStrada.com abbigliamento da donna Twin Set scontatissimo!","parent":1201,"count":107,"filter":"raw"}],"ss_promo":[2181],"ss_season":false,"ss_old_price":"257,00","ss_omnibus_price":"0,00","ss_style_advice":"<p>80% lana 20% poliammide &#8211; ricamo 100% lana<br \/>La modella indossa la taglia S ed  \u00e8  alta 178 cm e la vestibilit\u00e0 \u00e8 regolare<br \/>Crea un look super comodo con questo maglione fantasia! Ideale per la scuola o il tempo libero per vivere al meglio la routine. Perfetto sopra a un jeans<br \/>Cod. art. TA83JG sp<br \/>Vi ricordiamo che tutti i nostri articoli sono originali.<\/p>\n","ss_composition":"<p>80% lana 20% poliammide &#8211; ricamo 100% lana<\/p>\n","ss_fit":"<p>Maglione TWIN SET<\/p>\n"},"yoast_head":"<!-- This site is optimized with the Yoast SEO plugin v22.3 - https:\/\/yoast.com\/wordpress\/plugins\/seo\/ -->\n<title>Maglione Twin Set fantasia - Acquista online! - Seconda Strada<\/title>\n<meta name=\"description\" content=\"Maglione Twin Set fantasia \u27a4 Acquista online su Secondastrada.com Maglione Twin Set fantasia \u2714\ufe0f Spedizione veloce entro 24h in tutta Italia \u2714\ufe0f Sconto sul tuo primo acquisto\" \/>\n<meta name=\"robots\" content=\"index, follow, max-snippet:-1, max-image-preview:large, max-video-preview:-1\" \/>\n<link rel=\"canonical\" href=\"https:\/\/www.secondastrada.com\/it\/maglione-twin-set-fantasia\/\" \/>\n<meta property=\"og:locale\" content=\"it_IT\" \/>\n<meta property=\"og:type\" content=\"article\" \/>\n<meta property=\"og:title\" content=\"Maglione Twin Set fantasia - Acquista online! - Seconda Strada\" \/>\n<meta property=\"og:description\" content=\"Maglione Twin Set fantasia \u27a4 Acquista online su Secondastrada.com Maglione Twin Set fantasia \u2714\ufe0f Spedizione veloce entro 24h in tutta Italia \u2714\ufe0f Sconto sul tuo primo acquisto\" \/>\n<meta property=\"og:url\" content=\"https:\/\/www.secondastrada.com\/it\/maglione-twin-set-fantasia\/\" \/>\n<meta property=\"og:site_name\" content=\"Seconda Strada\" \/>\n<meta property=\"article:modified_time\" content=\"2026-01-29T10:28:08+00:00\" \/>\n<meta property=\"og:image\" content=\"https:\/\/www.secondastrada.com\/wp-content\/uploads\/2024\/04\/TA83JG-sp_03166_AI21_1.jpg\" \/>\n\t<meta property=\"og:image:width\" content=\"1000\" \/>\n\t<meta property=\"og:image:height\" content=\"1300\" \/>\n\t<meta property=\"og:image:type\" content=\"image\/jpeg\" \/>\n<meta name=\"twitter:card\" content=\"summary_large_image\" \/>\n<!-- \/ Yoast SEO plugin. -->","yoast_head_json":{"title":"Maglione Twin Set fantasia - Acquista online! - Seconda Strada","description":"Maglione Twin Set fantasia \u27a4 Acquista online su Secondastrada.com Maglione Twin Set fantasia \u2714\ufe0f Spedizione veloce entro 24h in tutta Italia \u2714\ufe0f Sconto sul tuo primo acquisto","robots":{"index":"index","follow":"follow","max-snippet":"max-snippet:-1","max-image-preview":"max-image-preview:large","max-video-preview":"max-video-preview:-1"},"canonical":"https:\/\/www.secondastrada.com\/it\/maglione-twin-set-fantasia\/","og_locale":"it_IT","og_type":"article","og_title":"Maglione Twin Set fantasia - Acquista online! - Seconda Strada","og_description":"Maglione Twin Set fantasia \u27a4 Acquista online su Secondastrada.com Maglione Twin Set fantasia \u2714\ufe0f Spedizione veloce entro 24h in tutta Italia \u2714\ufe0f Sconto sul tuo primo acquisto","og_url":"https:\/\/www.secondastrada.com\/it\/maglione-twin-set-fantasia\/","og_site_name":"Seconda Strada","article_modified_time":"2026-01-29T10:28:08+00:00","og_image":[{"width":1000,"height":1300,"url":"https:\/\/www.secondastrada.com\/wp-content\/uploads\/2024\/04\/TA83JG-sp_03166_AI21_1.jpg","type":"image\/jpeg"}],"twitter_card":"summary_large_image","schema":{"@context":"https:\/\/schema.org","@graph":[{"@type":"WebPage","@id":"https:\/\/www.secondastrada.com\/it\/maglione-twin-set-fantasia\/","url":"https:\/\/www.secondastrada.com\/it\/maglione-twin-set-fantasia\/","name":"Maglione Twin Set fantasia - Acquista online! - Seconda Strada","isPartOf":{"@id":"https:\/\/www.secondastrada.com\/it\/#website"},"primaryImageOfPage":{"@id":"https:\/\/www.secondastrada.com\/it\/maglione-twin-set-fantasia\/#primaryimage"},"image":{"@id":"https:\/\/www.secondastrada.com\/it\/maglione-twin-set-fantasia\/#primaryimage"},"thumbnailUrl":"https:\/\/www.secondastrada.com\/wp-content\/uploads\/2024\/04\/TA83JG-sp_03166_AI21_1.jpg","datePublished":"2024-03-29T10:57:31+00:00","dateModified":"2026-01-29T10:28:08+00:00","description":"Maglione Twin Set fantasia \u27a4 Acquista online su Secondastrada.com Maglione Twin Set fantasia \u2714\ufe0f Spedizione veloce entro 24h in tutta Italia \u2714\ufe0f Sconto sul tuo primo acquisto","breadcrumb":{"@id":"https:\/\/www.secondastrada.com\/it\/maglione-twin-set-fantasia\/#breadcrumb"},"inLanguage":"it-IT","potentialAction":[{"@type":"ReadAction","target":["https:\/\/www.secondastrada.com\/it\/maglione-twin-set-fantasia\/"]}]},{"@type":"ImageObject","inLanguage":"it-IT","@id":"https:\/\/www.secondastrada.com\/it\/maglione-twin-set-fantasia\/#primaryimage","url":"https:\/\/www.secondastrada.com\/wp-content\/uploads\/2024\/04\/TA83JG-sp_03166_AI21_1.jpg","contentUrl":"https:\/\/www.secondastrada.com\/wp-content\/uploads\/2024\/04\/TA83JG-sp_03166_AI21_1.jpg","width":1000,"height":1300,"caption":"TA83JG-sp_03166_AI21"},{"@type":"BreadcrumbList","@id":"https:\/\/www.secondastrada.com\/it\/maglione-twin-set-fantasia\/#breadcrumb","itemListElement":[{"@type":"ListItem","position":1,"name":"Home","item":"https:\/\/www.secondastrada.com\/it\/"},{"@type":"ListItem","position":2,"name":"Shop","item":"https:\/\/www.secondastrada.com\/it\/shop\/"},{"@type":"ListItem","position":3,"name":"Donna","item":"https:\/\/www.secondastrada.com\/it\/collezione-donna\/"},{"@type":"ListItem","position":4,"name":"Abbigliamento","item":"https:\/\/www.secondastrada.com\/it\/collezione-donna\/abbigliamento-donna\/"},{"@type":"ListItem","position":5,"name":"Maglieria","item":"https:\/\/www.secondastrada.com\/it\/collezione-donna\/abbigliamento-donna\/maglie-da-donna\/"},{"@type":"ListItem","position":6,"name":"Maglioni invernali","item":"https:\/\/www.secondastrada.com\/it\/collezione-donna\/abbigliamento-donna\/maglie-da-donna\/maglioni-da-donna\/"},{"@type":"ListItem","position":7,"name":"Maglione Twin Set fantasia"}]},{"@type":"WebSite","@id":"https:\/\/www.secondastrada.com\/it\/#website","url":"https:\/\/www.secondastrada.com\/it\/","name":"Seconda Strada","description":"","publisher":{"@id":"https:\/\/www.secondastrada.com\/it\/#organization"},"potentialAction":[{"@type":"SearchAction","target":{"@type":"EntryPoint","urlTemplate":"https:\/\/www.secondastrada.com\/it\/?s={search_term_string}"},"query-input":"required name=search_term_string"}],"inLanguage":"it-IT"},{"@type":"Organization","@id":"https:\/\/www.secondastrada.com\/it\/#organization","name":"Seconda Strada","url":"https:\/\/www.secondastrada.com\/it\/","logo":{"@type":"ImageObject","inLanguage":"it-IT","@id":"https:\/\/www.secondastrada.com\/it\/#\/schema\/logo\/image\/","url":"https:\/\/www.secondastrada.com\/wp-content\/uploads\/2023\/11\/secondastrada-logo.svg","contentUrl":"https:\/\/www.secondastrada.com\/wp-content\/uploads\/2023\/11\/secondastrada-logo.svg","width":353,"height":47,"caption":"Seconda Strada"},"image":{"@id":"https:\/\/www.secondastrada.com\/it\/#\/schema\/logo\/image\/"}}]}},"df_price":"","df_sale_price":"","df_regular_price":"","df_image_link":"https:\/\/www.secondastrada.com\/wp-content\/uploads\/2024\/04\/TA83JG-sp_03166_AI21_1-300x300.jpg","_links":{"self":[{"href":"https:\/\/www.secondastrada.com\/it\/wp-json\/wp\/v2\/product\/34482"}],"collection":[{"href":"https:\/\/www.secondastrada.com\/it\/wp-json\/wp\/v2\/product"}],"about":[{"href":"https:\/\/www.secondastrada.com\/it\/wp-json\/wp\/v2\/types\/product"}],"wp:featuredmedia":[{"embeddable":true,"href":"https:\/\/www.secondastrada.com\/it\/wp-json\/wp\/v2\/media\/45199"}],"wp:attachment":[{"href":"https:\/\/www.secondastrada.com\/it\/wp-json\/wp\/v2\/media?parent=34482"}],"wp:term":[{"taxonomy":"ss_brand","embeddable":true,"href":"https:\/\/www.secondastrada.com\/it\/wp-json\/wp\/v2\/ss_brand?post=34482"},{"taxonomy":"ss_promo","embeddable":true,"href":"https:\/\/www.secondastrada.com\/it\/wp-json\/wp\/v2\/ss_promo?post=34482"},{"taxonomy":"ss_season","embeddable":true,"href":"https:\/\/www.secondastrada.com\/it\/wp-json\/wp\/v2\/ss_season?post=34482"},{"taxonomy":"product_cat","embeddable":true,"href":"https:\/\/www.secondastrada.com\/it\/wp-json\/wp\/v2\/product_cat?post=34482"},{"taxonomy":"product_tag","embeddable":true,"href":"https:\/\/www.secondastrada.com\/it\/wp-json\/wp\/v2\/product_tag?post=34482"}],"curies":[{"name":"wp","href":"https:\/\/api.w.org\/{rel}","templated":true}]}}