{"id":34549,"date":"2024-03-29T12:15:55","date_gmt":"2024-03-29T11:15:55","guid":{"rendered":"http:\/\/secondastrada.com\/gonna-fracomina-marrone-quadrettata\/"},"modified":"2026-01-29T11:51:05","modified_gmt":"2026-01-29T10:51:05","slug":"gonna-fracomina-marrone-quadrettata","status":"publish","type":"product","link":"https:\/\/www.secondastrada.com\/it\/gonna-fracomina-marrone-quadrettata\/","title":{"rendered":"Gonna Fracomina marrone quadrettata"},"content":{"rendered":"<p><b>COMPOSIZIONE E VESTIBILIT\u00c0:<\/b><br \/>\n64% poliestere 34% viscosa 2% elastane<br \/>\nLa modella \u00e8 alta 172 cm e indossa la taglia 40. La vestibilit\u00e0 del capo \u00e8 regolare.<br \/>\n<b>CONSIGLI DI STILE:<\/b><br \/>\nGonna longuette con taglio trasversale sul fronte. Il capo si sviluppa in total fantasia quadrettata in tonalit\u00e0 tendente al marrone. Ulteriore dettaglio \u00e8 rappresentato da doppio anello dorato che funge da bottone automatico pi\u00f9 pizzo bianco che esce nella parte inferiore. La vestibilit\u00e0 \u00e8 morbida e pratica grazie a zip sul retro. La gonna \u00e8 adatta per occasioni casual\/raffinate ed \u00e8 ideale per outfit diurni e serali. Indossalo per un tocco di classe.<br \/>\nCod. art. FR19FM611 sr<br \/>\nVi ricordiamo che tutti i nostri articoli sono originali.<br \/>\n<b>MISURE:<\/b><br \/>\nMisure taglia 40:<br \/>\n&#8211; Vita (da cucitura a cucitura): 35 cm<br \/>\n&#8211; Gamba (da cucitura della vita fino al fondo): 70 cm<\/p>\n","protected":false},"excerpt":{"rendered":"<p>COMPOSIZIONE E VESTIBILIT\u00c0: 64% poliestere 34% viscosa 2% elastane La modella \u00e8 alta 172 cm e indossa la taglia 40. La vestibilit\u00e0 del capo \u00e8 regolare. CONSIGLI DI STILE: Gonna longuette con taglio trasversale sul fronte. Il capo si sviluppa in total fantasia quadrettata in tonalit\u00e0 tendente al marrone. Ulteriore dettaglio \u00e8 rappresentato da doppio&#8230;<\/p>\n","protected":false},"featured_media":46813,"template":"","meta":{"inline_featured_image":false},"ss_brand":[1205],"ss_promo":[2181],"ss_season":[2005],"product_cat":[1329,1658,1341,2423],"product_tag":[2188,2139],"class_list":{"0":"post-34549","1":"product","2":"type-product","3":"status-publish","4":"has-post-thumbnail","6":"ss_brand-fracomina-donna","7":"ss_promo-ultime-occasioni-donna","8":"ss_season-ai23","9":"product_cat-abbigliamento-donna","10":"product_cat-collezione-donna","11":"product_cat-gonne-da-donna","12":"product_cat-svendita-donna","13":"product_tag-ufficio-da-donna","14":"product_tag-ultime-occasioni-donna","16":"first","17":"outofstock","18":"sold-individually","19":"shipping-taxable","20":"product-type-variable","21":"has-default-attributes"},"acf":{"ss_brand":[{"term_id":1205,"name":"FRACOMINA","slug":"fracomina-donna","term_group":0,"term_taxonomy_id":1205,"taxonomy":"ss_brand","description":"Regalati una giusta dose di charme con Fracomina: scopri la collezione di abbigliamento 100% Made in Italy e non perdere le offerte della nostra esclusiva boutique online!\u00a0Acquista online su SecondaStrada.com <strong>abbigliamento da donna Fracomina scontatissimo<\/strong>!","parent":1201,"count":296,"filter":"raw"}],"ss_promo":[2181],"ss_season":[{"term_id":2005,"name":"AI23","slug":"ai23","term_group":0,"term_taxonomy_id":2005,"taxonomy":"ss_season","description":"","parent":0,"count":601,"filter":"raw"}],"ss_old_price":"109,90","ss_omnibus_price":"0,00","ss_style_advice":"<p><b>COMPOSIZIONE E VESTIBILIT\u00c0:<\/b><br \/>64% poliestere 34% viscosa 2% elastane<br \/>La modella \u00e8 alta 172 cm e indossa la taglia 40. La vestibilit\u00e0 del capo \u00e8 regolare.<br \/><b>CONSIGLI DI STILE:<\/b><br \/>Gonna longuette con taglio trasversale sul fronte. Il capo si sviluppa in total fantasia quadrettata in tonalit\u00e0 tendente al marrone. Ulteriore dettaglio \u00e8 rappresentato da doppio anello dorato che funge da bottone automatico pi\u00f9 pizzo bianco che esce nella parte inferiore. La vestibilit\u00e0 \u00e8 morbida e pratica grazie a zip sul retro. La gonna \u00e8 adatta per occasioni casual\/raffinate ed \u00e8 ideale per outfit diurni e serali. Indossalo per un tocco di classe. <br \/>Cod. art. FR19FM611 sr<br \/>Vi ricordiamo che tutti i nostri articoli sono originali.<br \/><b>MISURE:<\/b><br \/> Misure taglia 40: <br \/>&#8211; Vita (da cucitura a cucitura): 35 cm <br \/>&#8211; Gamba (da cucitura della vita fino al fondo): 70 cm<\/p>\n","ss_composition":"<p>64% poliestere 34% viscosa 2% elastane<\/p>\n","ss_fit":"<p>Gonna FRACOMINA<\/p>\n","ss_etichetta":""},"yoast_head":"<!-- This site is optimized with the Yoast SEO plugin v22.3 - https:\/\/yoast.com\/wordpress\/plugins\/seo\/ -->\n<title>Gonna Fracomina marrone quadrettata - Acquista online! - Seconda Strada<\/title>\n<meta name=\"description\" content=\"Gonna Fracomina marrone quadrettata \u27a4 Acquista online su Secondastrada.com Gonna Fracomina marrone quadrettata \u2714\ufe0f Spedizione veloce entro 24h in tutta Italia \u2714\ufe0f Sconto sul tuo primo acquisto\" \/>\n<meta name=\"robots\" content=\"index, follow, max-snippet:-1, max-image-preview:large, max-video-preview:-1\" \/>\n<link rel=\"canonical\" href=\"https:\/\/www.secondastrada.com\/it\/gonna-fracomina-marrone-quadrettata\/\" \/>\n<meta property=\"og:locale\" content=\"it_IT\" \/>\n<meta property=\"og:type\" content=\"article\" \/>\n<meta property=\"og:title\" content=\"Gonna Fracomina marrone quadrettata - Acquista online! - Seconda Strada\" \/>\n<meta property=\"og:description\" content=\"Gonna Fracomina marrone quadrettata \u27a4 Acquista online su Secondastrada.com Gonna Fracomina marrone quadrettata \u2714\ufe0f Spedizione veloce entro 24h in tutta Italia \u2714\ufe0f Sconto sul tuo primo acquisto\" \/>\n<meta property=\"og:url\" content=\"https:\/\/www.secondastrada.com\/it\/gonna-fracomina-marrone-quadrettata\/\" \/>\n<meta property=\"og:site_name\" content=\"Seconda Strada\" \/>\n<meta property=\"article:modified_time\" content=\"2026-01-29T10:51:05+00:00\" \/>\n<meta property=\"og:image\" content=\"https:\/\/www.secondastrada.com\/wp-content\/uploads\/2024\/04\/FR19FM611-sr_050_AI22_4.jpg\" \/>\n\t<meta property=\"og:image:width\" content=\"1000\" \/>\n\t<meta property=\"og:image:height\" content=\"1300\" \/>\n\t<meta property=\"og:image:type\" content=\"image\/jpeg\" \/>\n<meta name=\"twitter:card\" content=\"summary_large_image\" \/>\n<meta name=\"twitter:label1\" content=\"Tempo di lettura stimato\" \/>\n\t<meta name=\"twitter:data1\" content=\"1 minuto\" \/>\n<!-- \/ Yoast SEO plugin. -->","yoast_head_json":{"title":"Gonna Fracomina marrone quadrettata - Acquista online! - Seconda Strada","description":"Gonna Fracomina marrone quadrettata \u27a4 Acquista online su Secondastrada.com Gonna Fracomina marrone quadrettata \u2714\ufe0f Spedizione veloce entro 24h in tutta Italia \u2714\ufe0f Sconto sul tuo primo acquisto","robots":{"index":"index","follow":"follow","max-snippet":"max-snippet:-1","max-image-preview":"max-image-preview:large","max-video-preview":"max-video-preview:-1"},"canonical":"https:\/\/www.secondastrada.com\/it\/gonna-fracomina-marrone-quadrettata\/","og_locale":"it_IT","og_type":"article","og_title":"Gonna Fracomina marrone quadrettata - Acquista online! - Seconda Strada","og_description":"Gonna Fracomina marrone quadrettata \u27a4 Acquista online su Secondastrada.com Gonna Fracomina marrone quadrettata \u2714\ufe0f Spedizione veloce entro 24h in tutta Italia \u2714\ufe0f Sconto sul tuo primo acquisto","og_url":"https:\/\/www.secondastrada.com\/it\/gonna-fracomina-marrone-quadrettata\/","og_site_name":"Seconda Strada","article_modified_time":"2026-01-29T10:51:05+00:00","og_image":[{"width":1000,"height":1300,"url":"https:\/\/www.secondastrada.com\/wp-content\/uploads\/2024\/04\/FR19FM611-sr_050_AI22_4.jpg","type":"image\/jpeg"}],"twitter_card":"summary_large_image","twitter_misc":{"Tempo di lettura stimato":"1 minuto"},"schema":{"@context":"https:\/\/schema.org","@graph":[{"@type":"WebPage","@id":"https:\/\/www.secondastrada.com\/it\/gonna-fracomina-marrone-quadrettata\/","url":"https:\/\/www.secondastrada.com\/it\/gonna-fracomina-marrone-quadrettata\/","name":"Gonna Fracomina marrone quadrettata - Acquista online! - Seconda Strada","isPartOf":{"@id":"https:\/\/www.secondastrada.com\/it\/#website"},"primaryImageOfPage":{"@id":"https:\/\/www.secondastrada.com\/it\/gonna-fracomina-marrone-quadrettata\/#primaryimage"},"image":{"@id":"https:\/\/www.secondastrada.com\/it\/gonna-fracomina-marrone-quadrettata\/#primaryimage"},"thumbnailUrl":"https:\/\/www.secondastrada.com\/wp-content\/uploads\/2024\/04\/FR19FM611-sr_050_AI22_4.jpg","datePublished":"2024-03-29T11:15:55+00:00","dateModified":"2026-01-29T10:51:05+00:00","description":"Gonna Fracomina marrone quadrettata \u27a4 Acquista online su Secondastrada.com Gonna Fracomina marrone quadrettata \u2714\ufe0f Spedizione veloce entro 24h in tutta Italia \u2714\ufe0f Sconto sul tuo primo acquisto","breadcrumb":{"@id":"https:\/\/www.secondastrada.com\/it\/gonna-fracomina-marrone-quadrettata\/#breadcrumb"},"inLanguage":"it-IT","potentialAction":[{"@type":"ReadAction","target":["https:\/\/www.secondastrada.com\/it\/gonna-fracomina-marrone-quadrettata\/"]}]},{"@type":"ImageObject","inLanguage":"it-IT","@id":"https:\/\/www.secondastrada.com\/it\/gonna-fracomina-marrone-quadrettata\/#primaryimage","url":"https:\/\/www.secondastrada.com\/wp-content\/uploads\/2024\/04\/FR19FM611-sr_050_AI22_4.jpg","contentUrl":"https:\/\/www.secondastrada.com\/wp-content\/uploads\/2024\/04\/FR19FM611-sr_050_AI22_4.jpg","width":1000,"height":1300,"caption":"FR19FM611-sr_050_AI22"},{"@type":"BreadcrumbList","@id":"https:\/\/www.secondastrada.com\/it\/gonna-fracomina-marrone-quadrettata\/#breadcrumb","itemListElement":[{"@type":"ListItem","position":1,"name":"Home","item":"https:\/\/www.secondastrada.com\/it\/"},{"@type":"ListItem","position":2,"name":"Shop","item":"https:\/\/www.secondastrada.com\/it\/shop\/"},{"@type":"ListItem","position":3,"name":"Donna","item":"https:\/\/www.secondastrada.com\/it\/collezione-donna\/"},{"@type":"ListItem","position":4,"name":"Abbigliamento","item":"https:\/\/www.secondastrada.com\/it\/collezione-donna\/abbigliamento-donna\/"},{"@type":"ListItem","position":5,"name":"Gonne","item":"https:\/\/www.secondastrada.com\/it\/collezione-donna\/abbigliamento-donna\/gonne-da-donna\/"},{"@type":"ListItem","position":6,"name":"Gonna Fracomina marrone quadrettata"}]},{"@type":"WebSite","@id":"https:\/\/www.secondastrada.com\/it\/#website","url":"https:\/\/www.secondastrada.com\/it\/","name":"Seconda Strada","description":"","publisher":{"@id":"https:\/\/www.secondastrada.com\/it\/#organization"},"potentialAction":[{"@type":"SearchAction","target":{"@type":"EntryPoint","urlTemplate":"https:\/\/www.secondastrada.com\/it\/?s={search_term_string}"},"query-input":"required name=search_term_string"}],"inLanguage":"it-IT"},{"@type":"Organization","@id":"https:\/\/www.secondastrada.com\/it\/#organization","name":"Seconda Strada","url":"https:\/\/www.secondastrada.com\/it\/","logo":{"@type":"ImageObject","inLanguage":"it-IT","@id":"https:\/\/www.secondastrada.com\/it\/#\/schema\/logo\/image\/","url":"https:\/\/www.secondastrada.com\/wp-content\/uploads\/2023\/11\/secondastrada-logo.svg","contentUrl":"https:\/\/www.secondastrada.com\/wp-content\/uploads\/2023\/11\/secondastrada-logo.svg","width":353,"height":47,"caption":"Seconda Strada"},"image":{"@id":"https:\/\/www.secondastrada.com\/it\/#\/schema\/logo\/image\/"}}]}},"df_price":"","df_sale_price":"","df_regular_price":"","df_image_link":"https:\/\/www.secondastrada.com\/wp-content\/uploads\/2024\/04\/FR19FM611-sr_050_AI22_4-300x300.jpg","_links":{"self":[{"href":"https:\/\/www.secondastrada.com\/it\/wp-json\/wp\/v2\/product\/34549"}],"collection":[{"href":"https:\/\/www.secondastrada.com\/it\/wp-json\/wp\/v2\/product"}],"about":[{"href":"https:\/\/www.secondastrada.com\/it\/wp-json\/wp\/v2\/types\/product"}],"wp:featuredmedia":[{"embeddable":true,"href":"https:\/\/www.secondastrada.com\/it\/wp-json\/wp\/v2\/media\/46813"}],"wp:attachment":[{"href":"https:\/\/www.secondastrada.com\/it\/wp-json\/wp\/v2\/media?parent=34549"}],"wp:term":[{"taxonomy":"ss_brand","embeddable":true,"href":"https:\/\/www.secondastrada.com\/it\/wp-json\/wp\/v2\/ss_brand?post=34549"},{"taxonomy":"ss_promo","embeddable":true,"href":"https:\/\/www.secondastrada.com\/it\/wp-json\/wp\/v2\/ss_promo?post=34549"},{"taxonomy":"ss_season","embeddable":true,"href":"https:\/\/www.secondastrada.com\/it\/wp-json\/wp\/v2\/ss_season?post=34549"},{"taxonomy":"product_cat","embeddable":true,"href":"https:\/\/www.secondastrada.com\/it\/wp-json\/wp\/v2\/product_cat?post=34549"},{"taxonomy":"product_tag","embeddable":true,"href":"https:\/\/www.secondastrada.com\/it\/wp-json\/wp\/v2\/product_tag?post=34549"}],"curies":[{"name":"wp","href":"https:\/\/api.w.org\/{rel}","templated":true}]}}